{"id":7252,"date":"2023-12-14T11:30:44","date_gmt":"2023-12-14T16:30:44","guid":{"rendered":"https:\/\/ceba.ca\/?page_id=7252"},"modified":"2023-12-15T18:08:10","modified_gmt":"2023-12-15T23:08:10","slug":"lenders","status":"publish","type":"page","link":"https:\/\/ceba.ca\/fr\/lenders\/","title":{"rendered":"Pr\u00eateurs"},"content":{"rendered":"<div data-elementor-type=\"wp-page\" data-elementor-id=\"7252\" class=\"elementor elementor-7252\" data-elementor-post-type=\"page\">\n\t\t\t\t<div class=\"elementor-element elementor-element-027064c e-flex e-con-boxed e-con e-parent\" data-id=\"027064c\" data-element_type=\"container\" data-e-type=\"container\" data-settings=\"{&quot;jet_parallax_layout_list&quot;:[]}\">\n\t\t\t\t\t<div class=\"e-con-inner\">\n\t\t\t\t<div class=\"elementor-element elementor-element-26f7425 elementor-widget elementor-widget-shortcode\" data-id=\"26f7425\" data-element_type=\"widget\" data-e-type=\"widget\" data-widget_type=\"shortcode.default\">\n\t\t\t\t<div class=\"elementor-widget-container\">\n\t\t\t\t\t\t\t<div class=\"elementor-shortcode\">\t<div class=\"fiselectionengineV2\" shortcode-id=\"none\" shortcode-base-url=\"https:\/\/ceba.ca\/wp-content\/fiselectionenginedeployv2\/\" shortcode-api-endpoint=\"https:\/\/ceba.ca\/wp-json\/fiselectionengine\/v2\/\">\n\r\n        <div id=\"waiting\" class=\"chart-loading text-center\">\r\n          <i class=\"fa fa-spinner fa-pulse fa-lg\"><\/i>\r\n        <\/div>\r\n        <script type=\"text\/html\" id=\"fiselectionengineV2-loading\">\r\n          <div class=\"chart-loading text-center\">\r\n            <i class=\"fa fa-spinner fa-pulse fa-lg\"><\/i>\r\n          <\/div>\r\n        <\/script>\r\n        <script type=\"text\/html\" id=\"tmpl-lender\">\r\n          <div>\r\n            <div class=\"fiselectionengineV2-lender-items\">\r\n              <!-- ko foreach: visibleLender -->\r\n              <div\r\n                class=\"fiselectionengineV2-lender-item\"\r\n                data-bind=\"class: `fiselectionengineV2-lender-item-${$index()}`\"\r\n              >\r\n                <div class=\"fiselectionengineV2-lender-item-col-1\">\r\n                  <img\r\n                    class=\"fiselectionengineV2-lender-item-logo\"\r\n                    data-bind=\"attr: { 'src': recordImage ? `data:image\/png;base64,${recordImage}`: `${window.FISelectionEngineV2.baseUrl}no_logo.png` }\"\r\n                  \/>\r\n                  <!-- ko if: selectedPriority() === true -->\r\n                  <div class=\"fiselectionengineV2-lender-item-priority\">\r\n                    <img decoding=\"async\"\r\n                      style=\"width: 100%; height: auto;\"\r\n                      src=\"https:\/\/ceba.ca\/wp-content\/uploads\/high-piority.png\"\r\n                    \/>\r\n                  <\/div>\r\n                  <!-- \/ko -->\r\n                <\/div>\r\n                <div class=\"fiselectionengineV2-lender-item-col-2\">\r\n                  <div class=\"fiselectionengineV2-lender-item-score\">\r\n                    <span class=\"fiselectionengineV2-lender-item-score-name\"\r\n                      >Speed<\/span\r\n                    >\r\n                    <span\r\n                      class=\"fiselectionengineV2-lender-item-score-factor\"\r\n                      data-bind=\"text: speedFactor\"\r\n                    ><\/span>\r\n                  <\/div>\r\n                  <div class=\"fiselectionengineV2-lender-item-score\">\r\n                    <span class=\"fiselectionengineV2-lender-item-score-name\"\r\n                      >Cost<\/span\r\n                    >\r\n                    <span\r\n                      class=\"fiselectionengineV2-lender-item-score-factor\"\r\n                      data-bind=\"text: priceFactor\"\r\n                    ><\/span>\r\n                  <\/div>\r\n                  <div class=\"fiselectionengineV2-lender-item-score\">\r\n                    <span class=\"fiselectionengineV2-lender-item-score-name\"\r\n                      >Service<\/span\r\n                    >\r\n                    <span\r\n                      class=\"fiselectionengineV2-lender-item-score-factor\"\r\n                      data-bind=\"text: serviceFactor\"\r\n                    ><\/span>\r\n                  <\/div>\r\n                <\/div>\r\n                <div\r\n                  class=\"fiselectionengineV2-lender-item-col-3 fiselectionengineV2-lender-item-col-total\"\r\n                  data-bind=\"style: { 'background-color': color }\"\r\n                >\r\n                  <div class=\"fiselectionengineV2-lender-item-score\">\r\n                    <span\r\n                      class=\"fiselectionengineV2-lender-item-score-name\"\r\n                      style=\"color: #000;\"\r\n                      >CEBA Score<\/span\r\n                    >\r\n                    <span\r\n                      class=\"fiselectionengineV2-lender-item-score-factor\"\r\n                      style=\"color: #000;\"\r\n                      data-bind=\"text: cebaScore\"\r\n                    ><\/span>\r\n                  <\/div>\r\n                  <div class=\"fiselectionengineV2-lender-item-apply\">\r\n                    <div\r\n                      class=\"fiselectionengineV2-lender-item-apply-button\"\r\n                      data-bind=\"click: $parent.submitLender.bind($parent, $data), style: {'opacity': selected() ? 0.5 : 1 }\"\r\n                    >\r\n                      <span data-bind=\"text: selected() ? 'APPLIED' : 'APPLY'\"\r\n                        >APPLY<\/span\r\n                      >\r\n                    <\/div>\r\n                  <\/div>\r\n                <\/div>\r\n              <\/div>\r\n              <!-- \/ko -->\r\n              <!-- ko if: visibleLender().length == 0 -->\r\n              <div class=\"fiselectionengineV2-lender-item\">\r\n                <div style=\"text-align: center; font-size: 24px\">\r\n                  Unfortunately we could not find a lender to meet the needs of\r\n                  your specific business. If you feel this is in error please\r\n                  contact us at\r\n                  <a href=\"mailto:contact@ceba.ca\">contact@ceba.ca<\/a>.\r\n                <\/div>\r\n              <\/div>\r\n              <!-- \/ko -->\r\n            <\/div>\r\n          <\/div>\r\n        <\/script>\r\n        <!-- ko with: current -->\r\n        <!-- ko template: {name: template, data: $data} -->\r\n        <!-- \/ko -->\r\n        <!-- \/ko -->\r\n        <!-- ko if: leadStatus() === 'Error' -->\r\n        <div>\r\n          <div style=\"text-align: center; font-size: 24px\">\r\n            Malheureusement, nous n&#039;avons pas pu trouver de pr\u00eateur pour r\u00e9pondre aux besoins sp\u00e9cifiques de votre entreprise. <br>\r\n            Si vous pensez qu&#039;il s&#039;agit d&#039;une erreur, veuillez nous contacter au\r\n            <a href=\"mailto:contact@ceba.ca\">contact@ceba.ca<\/a>.\r\n          <\/div>\r\n        <\/div>\r\n        <!-- \/ko -->\r\n        <div class=\"loading-layer\" data-bind=\"style: { &apos;display&apos;: loadingLayer() ? &apos;flex&apos;: &apos;none&apos; }\">\r\n          <div class=\"loading-spinner\">\r\n            <p style=\"margin: 0\" data-bind=\"text: loadingText\">\r\n              Recherche de pr\u00eateurs...\r\n            <\/p>\r\n            <div class=\"lds-ripple\">\r\n              <div><\/div>\r\n              <div><\/div>\r\n            <\/div>\r\n          <\/div>\r\n        <\/div>\r\n      \n\t<\/div>\n<\/div>\n\t\t\t\t\t\t<\/div>\n\t\t\t\t<\/div>\n\t\t\t\t\t<\/div>\n\t\t\t\t<\/div>\n\t\t\t\t<\/div>","protected":false},"excerpt":{"rendered":"","protected":false},"author":2,"featured_media":0,"parent":0,"menu_order":0,"comment_status":"closed","ping_status":"closed","template":"","meta":{"footnotes":""},"class_list":["post-7252","page","type-page","status-publish","hentry"],"_links":{"self":[{"href":"https:\/\/ceba.ca\/fr\/wp-json\/wp\/v2\/pages\/7252","targetHints":{"allow":["GET"]}}],"collection":[{"href":"https:\/\/ceba.ca\/fr\/wp-json\/wp\/v2\/pages"}],"about":[{"href":"https:\/\/ceba.ca\/fr\/wp-json\/wp\/v2\/types\/page"}],"author":[{"embeddable":true,"href":"https:\/\/ceba.ca\/fr\/wp-json\/wp\/v2\/users\/2"}],"replies":[{"embeddable":true,"href":"https:\/\/ceba.ca\/fr\/wp-json\/wp\/v2\/comments?post=7252"}],"version-history":[{"count":3,"href":"https:\/\/ceba.ca\/fr\/wp-json\/wp\/v2\/pages\/7252\/revisions"}],"predecessor-version":[{"id":7255,"href":"https:\/\/ceba.ca\/fr\/wp-json\/wp\/v2\/pages\/7252\/revisions\/7255"}],"wp:attachment":[{"href":"https:\/\/ceba.ca\/fr\/wp-json\/wp\/v2\/media?parent=7252"}],"curies":[{"name":"wp","href":"https:\/\/api.w.org\/{rel}","templated":true}]}}