{"id":6968,"date":"2023-11-27T13:27:32","date_gmt":"2023-11-27T18:27:32","guid":{"rendered":"https:\/\/ceba.ca\/?page_id=6968"},"modified":"2023-11-27T13:27:32","modified_gmt":"2023-11-27T18:27:32","slug":"ceba-loan-in-centre-wellington","status":"publish","type":"page","link":"https:\/\/ceba.ca\/fr\/ceba-loan-in-centre-wellington\/","title":{"rendered":"Pr\u00eat CUEC au Centre Wellington"},"content":{"rendered":"<p><span style=\"font-weight: 400;\">D\u00e9couvrez le pouvoir de la flexibilit\u00e9 financi\u00e8re avec le pr\u00eat CUEC au Centre Wellington ! En responsabilisant les petites entreprises et en alimentant de grands r\u00eaves, le pr\u00eat CUEC au Centre Wellington est votre ticket vers une croissance durable. Investissez dans votre avenir, d\u00e9bloquez de nouvelles opportunit\u00e9s et laissez votre entreprise prosp\u00e9rer plus haut gr\u00e2ce au pr\u00eat CUEC \u2013 con\u00e7u pour r\u00e9ussir au Centre Wellington.<\/span><\/p>\n<p><span style=\"font-weight: 400;\">Alors, qu\u2019est-ce que le pr\u00eat CUEC exactement et comment peut-il aider votre entreprise du Centre Wellington ? Entrons dans les d\u00e9tails.<\/span><\/p>\n<h2><span style=\"font-weight: 400;\">Pr\u00eat CUEC au Centre Wellington<\/span><\/h2>\n<p><span style=\"font-weight: 400;\">Les pr\u00eats du CUEC allant jusqu&#039;\u00e0 $60 000 sont devenus une bou\u00e9e de sauvetage pour les entreprises du Centre Wellington. Ces pr\u00eats sont <\/span><a href=\"https:\/\/ceba.ca\/fr\/news\/is-ceba-interest-free\/\"><span style=\"font-weight: 400;\">sans int\u00e9r\u00eat<\/span><\/a><span style=\"font-weight: 400;\">, offrant un coussin financier important dans les moments difficiles. Le <\/span><a href=\"https:\/\/ceba-cuec.ca\/\" target=\"_blank\" rel=\"noopener\"><span style=\"font-weight: 400;\">Gouvernement canadien<\/span><\/a><span style=\"font-weight: 400;\"> a fait une annonce le 14 septembre 2023, introduisant d\u2019autres changements au CUEC.<\/span><\/p>\n<p><span style=\"font-weight: 400;\">Selon ces lignes directrices mises \u00e0 jour, les entreprises du Centre Wellington qui demandent un pr\u00eat via leur institution financi\u00e8re b\u00e9n\u00e9ficieront de la remise de pr\u00eat du CUEC. <\/span><a href=\"https:\/\/ceba.ca\/fr\/information\/confused-about-the-ceba-deadlines-read-this\/\"><span style=\"font-weight: 400;\">date limite<\/span><\/a><span style=\"font-weight: 400;\"> prolong\u00e9 jusqu&#039;au 28 mars 2024. Le pr\u00eat CUEC est une option particuli\u00e8rement int\u00e9ressante au Centre Wellington en raison de sa caract\u00e9ristique unique d&#039;exon\u00e9ration de pr\u00eat.<\/span><\/p>\n<p><span style=\"font-weight: 400;\">Sous le <\/span><a href=\"https:\/\/ceba.ca\/fr\/information\/ceba-loan-agreement\/\"><span style=\"font-weight: 400;\">Convention de pr\u00eat CUEC<\/span><\/a><span style=\"font-weight: 400;\">, les entreprises de <\/span><a href=\"https:\/\/en.wikipedia.org\/wiki\/Centre_Wellington\" target=\"_blank\" rel=\"noopener\"><span style=\"font-weight: 400;\">Centre Wellington<\/span><\/a><span style=\"font-weight: 400;\"> peuvent \u00eatre \u00e9ligibles \u00e0 une remise de pr\u00eat allant jusqu&#039;\u00e0 $20,000. Cette disposition leur permet d&#039;\u00e9conomiser une somme d&#039;argent substantielle, ce qui rend le refinancement du pr\u00eat CUEC une perspective all\u00e9chante.<\/span><\/p>\n<p><span style=\"font-weight: 400;\">M\u00eame si le taux d\u2019int\u00e9r\u00eat est relativement \u00e9lev\u00e9 apr\u00e8s la p\u00e9riode sans int\u00e9r\u00eat, les \u00e9conomies potentielles r\u00e9sultant de la clause de remise d\u00e9passent le co\u00fbt. Par cons\u00e9quent, tirer parti de cette fonctionnalit\u00e9 d\u2019exon\u00e9ration de pr\u00eat peut offrir aux entreprises du Centre Wellington un soulagement financier important.<\/span><\/p>\n<h2><span style=\"font-weight: 400;\">Pr\u00eat CUEC au Centre Wellington\u00a0: dates r\u00e9vis\u00e9es<\/span><\/h2>\n<p><span style=\"font-weight: 400;\">Les directives mises \u00e0 jour contiennent \u00e9galement des d\u00e9tails sur le processus de refinancement. Les entreprises du Centre Wellington qui souhaitent demander une remise partielle de pr\u00eat doivent soumettre une demande \u00e0 leur institution financi\u00e8re au plus tard le 18 janvier 2024. Cette demande garantit un <\/span><a href=\"https:\/\/ceba.ca\/fr\/information\/is-refinancing-ceba-loans-a-good-idea\/\"><span style=\"font-weight: 400;\">refinancement<\/span><\/a><span style=\"font-weight: 400;\"> prolongation jusqu\u2019au 28 mars 2024 pour b\u00e9n\u00e9ficier de l\u2019exon\u00e9ration de pr\u00eat.\u00a0<\/span><\/p>\n<p><span style=\"font-weight: 400;\">Le gouvernement a assorti les avantages d&#039;un remboursement en temps opportun, aidant ainsi les entreprises du Centre Wellington. Supposons que le pr\u00eat soit rembours\u00e9 au plus tard le 18 janvier 2024, ou avant la date limite de prolongation du refinancement du 28 mars 2024 (\u00e9tant donn\u00e9 qu&#039;une demande de refinancement a \u00e9t\u00e9 soumise avant le 18 janvier 2024). Dans ce cas, les entreprises du Centre Wellington sont admissibles \u00e0 une remise partielle de leur pr\u00eat.<\/span><\/p>\n<p><span style=\"font-weight: 400;\">L\u2019exon\u00e9ration de pr\u00eat peut r\u00e9duire consid\u00e9rablement le fardeau financier des entreprises du Centre Wellington. Pour un pr\u00eat de $40 000, les entreprises peuvent s\u2019attendre \u00e0 une remise allant jusqu\u2019\u00e0 $10 000. Pour un pr\u00eat de $60 000, les titulaires du pr\u00eat Centre Wellington CEBA peuvent anticiper une remise allant jusqu&#039;\u00e0 $20 000.<\/span><\/p>\n<p><span style=\"font-weight: 400;\">Mais n\u2019oubliez pas qu\u2019\u00e0 compter du 19 janvier 2024, tout solde impay\u00e9 du pr\u00eat CUEC sera converti en pr\u00eat \u00e0 terme de trois ans. Apr\u00e8s cette conversion, l\u2019avantage du taux d\u2019int\u00e9r\u00eat nul ne s\u2019appliquera plus et un taux d\u2019int\u00e9r\u00eat annuel 5% sera pr\u00e9lev\u00e9 sur le solde restant.<\/span><\/p>\n<p><span style=\"font-weight: 400;\">La date limite de remboursement int\u00e9gral a \u00e9galement \u00e9t\u00e9 prolong\u00e9e jusqu&#039;au 31 d\u00e9cembre 2026. Cette prolongation donne une ann\u00e9e suppl\u00e9mentaire aux propri\u00e9taires d&#039;entreprise du Centre Wellington pour respecter leurs obligations financi\u00e8res.\u00a0<\/span><\/p>\n<p><span style=\"font-weight: 400;\">Cependant, les frais d\u2019int\u00e9r\u00eat annuels 5% constituent un fardeau suppl\u00e9mentaire. Ce changement de politique souligne l&#039;engagement du gouvernement canadien \u00e0 offrir flexibilit\u00e9 et soutien aux petites entreprises.<\/span><\/p>\n<h2><span style=\"font-weight: 400;\">Conclusion<\/span><\/h2>\n<p><span style=\"font-weight: 400;\">Le pr\u00eat CUEC au Centre Wellington est un outil financier transformateur con\u00e7u pour soutenir et soutenir les entreprises dans un contexte \u00e9conomique difficile. Ce pr\u00eat favorise la croissance, la flexibilit\u00e9 et la r\u00e9silience des entreprises du Centre Wellington, agissant comme une bou\u00e9e de sauvetage pour ceux qui en ont le plus besoin. Bien que le voyage avec le pr\u00eat CUEC au Centre Wellington comporte ses d\u00e9fis uniques, ses avantages, en particulier la clause de remise de pr\u00eat, sont une lueur d&#039;espoir en cas de difficult\u00e9s financi\u00e8res.<\/span><\/p>","protected":false},"excerpt":{"rendered":"<p>Discover the power of financial flexibility with the CEBA loan in Centre Wellington! Empowering small enterprises and fueling big dreams, the CEBA loan in Centre Wellington is your ticket to sustainable growth. Invest in your future, unlock new opportunities, and let your business soar higher with the CEBA loan &#8211; tailored for success in Centre [&hellip;]<\/p>\n","protected":false},"author":2,"featured_media":6969,"parent":0,"menu_order":0,"comment_status":"closed","ping_status":"closed","template":"","meta":{"footnotes":""},"class_list":["post-6968","page","type-page","status-publish","has-post-thumbnail","hentry"],"_links":{"self":[{"href":"https:\/\/ceba.ca\/fr\/wp-json\/wp\/v2\/pages\/6968","targetHints":{"allow":["GET"]}}],"collection":[{"href":"https:\/\/ceba.ca\/fr\/wp-json\/wp\/v2\/pages"}],"about":[{"href":"https:\/\/ceba.ca\/fr\/wp-json\/wp\/v2\/types\/page"}],"author":[{"embeddable":true,"href":"https:\/\/ceba.ca\/fr\/wp-json\/wp\/v2\/users\/2"}],"replies":[{"embeddable":true,"href":"https:\/\/ceba.ca\/fr\/wp-json\/wp\/v2\/comments?post=6968"}],"version-history":[{"count":1,"href":"https:\/\/ceba.ca\/fr\/wp-json\/wp\/v2\/pages\/6968\/revisions"}],"predecessor-version":[{"id":6970,"href":"https:\/\/ceba.ca\/fr\/wp-json\/wp\/v2\/pages\/6968\/revisions\/6970"}],"wp:featuredmedia":[{"embeddable":true,"href":"https:\/\/ceba.ca\/fr\/wp-json\/wp\/v2\/media\/6969"}],"wp:attachment":[{"href":"https:\/\/ceba.ca\/fr\/wp-json\/wp\/v2\/media?parent=6968"}],"curies":[{"name":"wp","href":"https:\/\/api.w.org\/{rel}","templated":true}]}}