{"id":6853,"date":"2023-11-26T12:08:49","date_gmt":"2023-11-26T17:08:49","guid":{"rendered":"https:\/\/ceba.ca\/?page_id=6853"},"modified":"2023-11-26T12:08:49","modified_gmt":"2023-11-26T17:08:49","slug":"ceba-loan-in-halton-hills","status":"publish","type":"page","link":"https:\/\/ceba.ca\/fr\/ceba-loan-in-halton-hills\/","title":{"rendered":"Pr\u00eat CUEC \u00e0 Halton Hills"},"content":{"rendered":"<p><span style=\"font-weight: 400;\">Le pr\u00eat du CUEC \u00e0 Halton Hills offre aux entreprises une bou\u00e9e de sauvetage en ces temps difficiles. Gr\u00e2ce au pr\u00eat du CUEC soutenu par le gouvernement, les entreprises de Halton Hills peuvent surmonter l&#039;adversit\u00e9 financi\u00e8re. Le pr\u00eat du CUEC \u00e0 Halton Hills t\u00e9moigne de notre engagement \u00e0 soutenir les entreprises locales, assurant ainsi leur survie et leur croissance dans un contexte d&#039;incertitude \u00e9conomique.<\/span><\/p>\n<p><span style=\"font-weight: 400;\">Alors, qu\u2019implique le pr\u00eat CUEC \u00e0 Halton Hills et comment profite-t-il aux entreprises de Halton Hills ? D\u00e9couvrons-le!<\/span><\/p>\n<h2><span style=\"font-weight: 400;\">Pr\u00eat CUEC \u00e0 Halton Hills<\/span><\/h2>\n<p><span style=\"font-weight: 400;\">Le <\/span><a href=\"https:\/\/ceba.ca\/fr\/\"><span style=\"font-weight: 400;\">Pr\u00eat CUEC<\/span><\/a><span style=\"font-weight: 400;\"> \u00e0 Halton Hills permet aux entreprises d&#039;acqu\u00e9rir jusqu&#039;\u00e0 $60 000 en tant que <\/span><a href=\"https:\/\/ceba.ca\/fr\/news\/is-ceba-interest-free\/\"><span style=\"font-weight: 400;\">pr\u00eat sans int\u00e9r\u00eat<\/span><\/a><span style=\"font-weight: 400;\">. Ce montant important aide les petites entreprises de Halton Hills \u00e0 g\u00e9rer leurs d\u00e9penses d&#039;exploitation fondamentales telles que les salaires des employ\u00e9s, les frais de location, les factures de services publics et les primes d&#039;assurance.<\/span><\/p>\n<p><span style=\"font-weight: 400;\">De plus, le pr\u00eat du CUEC \u00e0 Halton Hills ne n\u00e9cessite pas de remboursement imm\u00e9diat mais permet plut\u00f4t des paiements programm\u00e9s sur une p\u00e9riode d\u00e9finie. Cet aspect b\u00e9n\u00e9fique permet aux petites entreprises de Halton Hills d\u2019att\u00e9nuer leurs tensions mon\u00e9taires, particuli\u00e8rement en ces temps d\u2019incertitude.<\/span><\/p>\n<p><span style=\"font-weight: 400;\">L\u2019initiative de pr\u00eat du CUEC \u00e0 Halton Hills a pris son envol le 9 avril 2020, pendant la crise financi\u00e8re d\u00e9clench\u00e9e par la COVID-19. L&#039;objectif principal \u00e9tait d&#039;apporter un soutien financier aux entreprises confront\u00e9es \u00e0 une ins\u00e9curit\u00e9 financi\u00e8re consid\u00e9rable \u00e0 Halton Hills et dans tout le pays.<\/span><\/p>\n<h2><span style=\"font-weight: 400;\">Pr\u00eat CUEC \u00e0 Halton Hills\u00a0: crit\u00e8res d&#039;\u00e9ligibilit\u00e9<\/span><\/h2>\n<p><span style=\"font-weight: 400;\">Comprendre les crit\u00e8res d&#039;\u00e9ligibilit\u00e9 au pr\u00eat CUEC \u00e0 Halton Hills est crucial pour les entreprises qui recherchent une aide financi\u00e8re dans le cadre de ce programme. Les entreprises de Halton Hills doivent prendre en compte deux principaux volets\u00a0: le volet de la paie et le volet des d\u00e9penses non reportables.<\/span><\/p>\n<p><span style=\"font-weight: 400;\">Commen\u00e7ons par le flux de paie. Pour \u00eatre admissible au pr\u00eat CUEC \u00e0 Halton Hills dans le cadre de ce volet, l&#039;entreprise doit avoir enregistr\u00e9 une masse salariale totale d&#039;un minimum de $20 000 et jusqu&#039;\u00e0 un maximum de $1,5 million en 2019. Cette exigence en mati\u00e8re de masse salariale est essentielle pour l&#039;\u00e9ligibilit\u00e9, et le fait d&#039;avoir un relev\u00e9 clair des revenus d&#039;emploi vers\u00e9s tout au long de l&#039;ann\u00e9e civile t\u00e9moigne de l&#039;engagement de l&#039;entreprise envers ses employ\u00e9s et de son d\u00e9vouement \u00e0 maintenir des registres pr\u00e9cis face aux fluctuations \u00e9conomiques.<\/span><\/p>\n<p><span style=\"font-weight: 400;\">D&#039;un autre c\u00f4t\u00e9, le volet des d\u00e9penses non reportables est con\u00e7u pour les entreprises de Halton Hills sans masse salariale. \u00catre <\/span><a href=\"https:\/\/ceba.ca\/fr\/information\/who-is-eligible-for-a-ceba-loan\/\"><span style=\"font-weight: 400;\">admissible au pr\u00eat CUEC<\/span><\/a><span style=\"font-weight: 400;\"> dans ce flux, les entreprises doivent avoir engag\u00e9 des d\u00e9penses non reportables allant de $40 000 \u00e0 $1,5 million tout au long de l&#039;ann\u00e9e 2020. Les d\u00e9penses non reportables sont des co\u00fbts qui ne peuvent tout simplement pas \u00eatre mis en attente.\u00a0<\/span><\/p>\n<p><span style=\"font-weight: 400;\">Il s\u2019agit notamment des obligations li\u00e9es au loyer, aux services publics, \u00e0 l\u2019assurance et \u00e0 la paie. En fournissant des fonds pour couvrir ces co\u00fbts, le pr\u00eat du CUEC \u00e0 Halton Hills garantit que les entreprises peuvent continuer \u00e0 g\u00e9rer leurs op\u00e9rations essentielles pendant la pand\u00e9mie, ouvrant ainsi la voie \u00e0 leur r\u00e9ussite \u00e0 long terme.<\/span><\/p>\n<p><span style=\"font-weight: 400;\">Ainsi, que votre entreprise rel\u00e8ve du volet Paie ou du volet D\u00e9penses non reportables, le pr\u00eat CUEC \u00e0 Halton Hills constitue une bou\u00e9e de sauvetage financi\u00e8re vitale.<\/span><\/p>\n<h2><span style=\"font-weight: 400;\">Expansion actuelle du pr\u00eat du CUEC\u00a0: ce que cela signifie pour les entreprises de Halton Hills<\/span><\/h2>\n<p><span style=\"font-weight: 400;\">La politique de pr\u00eat du CUEC a subi une transformation importante le 14 septembre 2023, entra\u00eenant des changements essentiels pour les entreprises de Halton Hills. <\/span><a href=\"https:\/\/en.wikipedia.org\/wiki\/Justin_Trudeau\" target=\"_blank\" rel=\"noopener\"><span style=\"font-weight: 400;\">Le premier ministre du Canada<\/span><\/a><span style=\"font-weight: 400;\"> a annonc\u00e9 une s\u00e9rie d\u2019am\u00e9liorations politiques. Les entreprises de Halton Hills ont d\u00e9sormais <\/span><a href=\"https:\/\/ceba.ca\/fr\/news\/ceba-extended-to-january\/\"><span style=\"font-weight: 400;\">jusqu&#039;au 18 janvier 2024<\/span><\/a><span style=\"font-weight: 400;\">, pour b\u00e9n\u00e9ficier d\u2019une remise partielle de pr\u00eat, s\u2019\u00e9tendant au-del\u00e0 de l\u2019ancien seuil du 31 d\u00e9cembre 2023. Ce changement amplifie la flexibilit\u00e9 des titulaires de pr\u00eats du CUEC \u00e0 Halton Hills, leur accordant plus de temps pour g\u00e9rer leurs obligations financi\u00e8res.<\/span><\/p>\n<p><span style=\"font-weight: 400;\">Dans le cadre de cette nouvelle politique, les crit\u00e8res pour les entreprises de Halton Hills qui tentent de se qualifier pour une remise de pr\u00eat allant jusqu&#039;\u00e0 33 pour cent ont \u00e9t\u00e9 simplifi\u00e9s. Les entreprises de Halton Hills cherchant \u00e0 se refinancer doivent s&#039;inscrire via leur <\/span><a href=\"https:\/\/ceba.ca\/fr\/financialinstitution\/\"><span style=\"font-weight: 400;\">institutions financi\u00e8res respectives<\/span><\/a><span style=\"font-weight: 400;\">. Le <\/span><a href=\"https:\/\/ceba.ca\/fr\/information\/ceba-update-availability-and-extension\/\"><span style=\"font-weight: 400;\">d\u00e9lai prolong\u00e9<\/span><\/a><span style=\"font-weight: 400;\"> pour les demandes de remise partielle de pr\u00eat, d\u00e9sormais fix\u00e9e au 18 janvier 2024, permet aux entreprises de Halton Hills d&#039;obtenir un <\/span><a href=\"https:\/\/ceba.ca\/fr\/information\/is-refinancing-ceba-loans-a-good-idea\/\"><span style=\"font-weight: 400;\">refinancement<\/span><\/a><span style=\"font-weight: 400;\"> prolongation jusqu\u2019au 28 mars 2024.<\/span><\/p>\n<p><span style=\"font-weight: 400;\">Ces d\u00e9lais prolong\u00e9s s\u2019accompagnent d\u2019une incitation : un remboursement anticip\u00e9 pourrait conduire \u00e0 une annulation partielle du pr\u00eat. Si les entreprises de Halton Hills remboursent les pr\u00eats du CUEC au plus tard \u00e0 ces dates limites r\u00e9vis\u00e9es, elles pourraient \u00eatre admissibles \u00e0 une remise partielle de leur pr\u00eat. Cela se traduit par une r\u00e9duction significative de $10,000 sur un pr\u00eat de $40,000 et de $20,000 sur un pr\u00eat de $60,000, all\u00e9geant consid\u00e9rablement le stress financier des entreprises de Halton Hills.<\/span><\/p>\n<p><span style=\"font-weight: 400;\">Cependant, il existe des dispositions importantes pour les entreprises de Halton Hills qui ne respectent pas la date limite de remboursement du pr\u00eat du 18 janvier 2024. \u00c0 compter du 19 janvier 2024, tout solde restant du pr\u00eat CUEC \u00e0 Halton Hills sera transform\u00e9 en un pr\u00eat \u00e0 terme de trois ans. Notamment, cette conversion met fin \u00e0 l&#039;avantage de taux d&#039;int\u00e9r\u00eat nul, introduisant un taux d&#039;int\u00e9r\u00eat annuel 5% appliqu\u00e9 au solde impay\u00e9 du pr\u00eat CUEC pour les entreprises de Halton Hills.\u00a0<\/span><\/p>\n<p><span style=\"font-weight: 400;\">De plus, la date limite de remboursement complet a \u00e9t\u00e9 prolong\u00e9e d&#039;un an, du 31 d\u00e9cembre 2025 au 31 d\u00e9cembre 2026, donnant aux entreprises de Halton Hills un an pour remplir leurs obligations financi\u00e8res.<\/span><\/p>\n<p><span style=\"font-weight: 400;\">Bien que les int\u00e9r\u00eats annuels 5% introduisent un co\u00fbt suppl\u00e9mentaire, ces ajustements renforcent l&#039;engagement du gouvernement canadien envers des conditions de pr\u00eat flexibles et favorables. Ces mesures tiennent compte du contexte \u00e9conomique difficile dans lequel les entreprises, comme celles de Halton Hills, sont actuellement confront\u00e9es.<\/span><\/p>\n<h2><span style=\"font-weight: 400;\">Conclusion<\/span><\/h2>\n<p><span style=\"font-weight: 400;\">Il s&#039;agissait d&#039;un examen complet du pr\u00eat CUEC \u00e0 Halton Hills, de ses crit\u00e8res d&#039;\u00e9ligibilit\u00e9 et des r\u00e9centes expansions du programme. Le pr\u00eat CUEC fait partie int\u00e9grante du plan de relance \u00e9conomique du Canada, fournissant une aide financi\u00e8re indispensable aux entreprises de Halton Hills confront\u00e9es \u00e0 l&#039;adversit\u00e9 en ces temps incertains.\u00a0<\/span><\/p>\n<p><span style=\"font-weight: 400;\">Vous pouvez visiter le <\/span><a href=\"https:\/\/ceba-cuec.ca\/\" target=\"_blank\" rel=\"noopener\"><span style=\"font-weight: 400;\">Site Internet du CEBA<\/span><\/a><span style=\"font-weight: 400;\"> ou contactez votre institution financi\u00e8re pour en savoir plus sur le programme et sur les avantages qu&#039;il peut apporter \u00e0 votre entreprise de Halton Hills.\u00a0<\/span><\/p>\n<p><span style=\"font-weight: 400;\">Restez \u00e9galement inform\u00e9 des changements et des d\u00e9lais pour profiter pleinement des avantages du programme si vous dirigez une entreprise \u00e0 Halton Hills.<\/span><\/p>","protected":false},"excerpt":{"rendered":"<p>The CEBA loan in Halton Hills offers businesses a lifeline in these challenging times. With the support from the government-backed CEBA loan, enterprises in Halton Hills can navigate through financial adversity. The CEBA loan in Halton Hills is a testament to our commitment towards supporting local businesses, ensuring their survival and growth amidst economic uncertainties. [&hellip;]<\/p>\n","protected":false},"author":2,"featured_media":6854,"parent":0,"menu_order":0,"comment_status":"closed","ping_status":"closed","template":"","meta":{"footnotes":""},"class_list":["post-6853","page","type-page","status-publish","has-post-thumbnail","hentry"],"_links":{"self":[{"href":"https:\/\/ceba.ca\/fr\/wp-json\/wp\/v2\/pages\/6853","targetHints":{"allow":["GET"]}}],"collection":[{"href":"https:\/\/ceba.ca\/fr\/wp-json\/wp\/v2\/pages"}],"about":[{"href":"https:\/\/ceba.ca\/fr\/wp-json\/wp\/v2\/types\/page"}],"author":[{"embeddable":true,"href":"https:\/\/ceba.ca\/fr\/wp-json\/wp\/v2\/users\/2"}],"replies":[{"embeddable":true,"href":"https:\/\/ceba.ca\/fr\/wp-json\/wp\/v2\/comments?post=6853"}],"version-history":[{"count":1,"href":"https:\/\/ceba.ca\/fr\/wp-json\/wp\/v2\/pages\/6853\/revisions"}],"predecessor-version":[{"id":6855,"href":"https:\/\/ceba.ca\/fr\/wp-json\/wp\/v2\/pages\/6853\/revisions\/6855"}],"wp:featuredmedia":[{"embeddable":true,"href":"https:\/\/ceba.ca\/fr\/wp-json\/wp\/v2\/media\/6854"}],"wp:attachment":[{"href":"https:\/\/ceba.ca\/fr\/wp-json\/wp\/v2\/media?parent=6853"}],"curies":[{"name":"wp","href":"https:\/\/api.w.org\/{rel}","templated":true}]}}