{"id":6781,"date":"2023-11-25T03:45:44","date_gmt":"2023-11-25T08:45:44","guid":{"rendered":"https:\/\/ceba.ca\/?page_id=6781"},"modified":"2023-11-25T03:45:44","modified_gmt":"2023-11-25T08:45:44","slug":"ceba-loan-in-cape-breton","status":"publish","type":"page","link":"https:\/\/ceba.ca\/fr\/ceba-loan-in-cape-breton\/","title":{"rendered":"Pr\u00eat CUEC au Cap-Breton"},"content":{"rendered":"<p><span style=\"font-weight: 400;\">Le pr\u00eat du Compte d\u2019urgence pour les entreprises canadiennes (CUEC) constitue une bou\u00e9e de sauvetage cruciale pour les entreprises du Cap-Breton en ces temps \u00e9conomiques difficiles. Cette initiative, visant \u00e0 fournir un soutien financier aux petites entreprises admissibles du Cap-Breton, assure la continuit\u00e9 et la r\u00e9silience face \u00e0 l&#039;adversit\u00e9. Alors que la pand\u00e9mie de COVID-19 touche actuellement les entreprises de toutes tailles, le pr\u00eat du CUEC au Cap-Breton offre un soulagement indispensable pour aider les entreprises \u00e0 conserver leurs emplois.<\/span><\/p>\n<h2><span style=\"font-weight: 400;\">Qu&#039;est-ce qu&#039;un pr\u00eat CEBA ?<\/span><\/h2>\n<p><span style=\"font-weight: 400;\">Le pr\u00eat du CUEC n&#039;est pas seulement une bou\u00e9e de sauvetage : c&#039;est le c\u0153ur des petites entreprises du Cap-Breton, alimentant leur survie et stimulant leur croissance dans un contexte d&#039;incertitude \u00e9conomique. C&#039;est plus qu&#039;une simple aide financi\u00e8re ; c&#039;est un vote de confiance, une lueur d&#039;espoir pour les entrepreneurs qui travaillent dur. Consid\u00e9rez-la comme la ville du Cap-Breton elle-m\u00eame, forte et r\u00e9siliente, soutenant les r\u00eaves et les ambitions de ses entreprises locales. Le pr\u00eat du CUEC fait battre le c\u0153ur de la communaut\u00e9 des affaires du Cap-Breton !<\/span><\/p>\n<h2><span style=\"font-weight: 400;\">Quand le CUEC a-t-il \u00e9t\u00e9 lanc\u00e9 au Cap-Breton?<\/span><\/h2>\n<p><span style=\"font-weight: 400;\">Le pr\u00eat CUEC au Cap-Breton a \u00e9t\u00e9 lanc\u00e9 le 9 avril 2020, au milieu de la temp\u00eate \u00e9conomique provoqu\u00e9e par la COVID-19. L\u2019objectif \u00e9tait de tendre la main aux entreprises du Cap-Breton et de tout le pays aux prises avec d\u2019importantes ins\u00e9curit\u00e9s financi\u00e8res. Cette initiative opportune a eu un impact consid\u00e9rable sur l&#039;\u00e9conomie, injectant environ $49 milliards et fournissant une bou\u00e9e de sauvetage indispensable \u00e0 pr\u00e8s de 900 000 entreprises, dont beaucoup se trouvaient au Cap-Breton. La plupart de ces \u00e9tablissements au Cap-Breton \u00e9taient des petites et moyennes entreprises qui ont \u00e9t\u00e9 les plus durement touch\u00e9es par la pand\u00e9mie.<\/span><\/p>\n<p><span style=\"font-weight: 400;\">Le pr\u00eat CUEC au Cap-Breton \u00e9tait assorti d&#039;un taux d&#039;int\u00e9r\u00eat nul, ce qui a soulag\u00e9 de nombreuses entreprises locales. Offrant initialement jusqu&#039;\u00e0 $40 000, le programme a ensuite augment\u00e9 sa limite \u00e0 $60 000. Une caract\u00e9ristique unique de cette initiative \u00e9tait qu&#039;une partie du pr\u00eat pouvait \u00eatre annul\u00e9e si les entreprises du Cap-Breton remplissaient certaines conditions. Cette aide financi\u00e8re s&#039;est av\u00e9r\u00e9e essentielle pour aider les entreprises du Cap-Breton \u00e0 g\u00e9rer leurs co\u00fbts non reportables malgr\u00e9 les <a href=\"https:\/\/www.tutor2u.net\/economics\/topics\/economic-slowdown\" target=\"_blank\" rel=\"noopener\">ralentissement \u00e9conomique<\/a>. Ces co\u00fbts comprenaient le loyer, les services publics, l&#039;assurance, les taxes et les d\u00e9penses d&#039;emploi.<\/span><\/p>\n<h2><span style=\"font-weight: 400;\">Pr\u00eat CUEC au Cap-Breton\u00a0: remise du pr\u00eat et date limite<\/span><\/h2>\n<p><span style=\"font-weight: 400;\">Le 14 septembre 2023, le paysage des pr\u00eats du CUEC a connu un changement important pour les entreprises du Cap-Breton. Le Premier ministre canadien a annonc\u00e9 une s\u00e9rie de r\u00e9visions politiques, introduisant <\/span><a href=\"https:\/\/ceba.ca\/fr\/news\/ceba-extended-to-january\/\"><span style=\"font-weight: 400;\">d\u00e9lais prolong\u00e9s<\/span><\/a><span style=\"font-weight: 400;\"> pour <\/span><a href=\"https:\/\/ceba.ca\/fr\/tools\/understanding-td-ceba-loan-repayment\/\"><span style=\"font-weight: 400;\">remboursements de pr\u00eats<\/span><\/a><span style=\"font-weight: 400;\">. Les entreprises du Cap-Breton ont eu une ann\u00e9e suppl\u00e9mentaire, soit jusqu&#039;au 18 janvier 2024, pour \u00eatre admissibles \u00e0 une remise partielle de leur pr\u00eat, par rapport \u00e0 la date limite initiale du 31 d\u00e9cembre 2023. Cette r\u00e9vision a apport\u00e9 une plus grande flexibilit\u00e9 aux titulaires de pr\u00eats CUEC du Cap-Breton.<\/span><\/p>\n<h3><span style=\"font-weight: 400;\">\u00c9largissement de la port\u00e9e de l&#039;exon\u00e9ration de pr\u00eat et du refinancement au Cap-Breton<\/span><\/h3>\n<p><span style=\"font-weight: 400;\">La nouvelle politique a \u00e9galement \u00e9largi l&#039;\u00e9ventail des possibilit\u00e9s offertes \u00e0 ceux qui cherchent \u00e0 se qualifier pour <\/span><a href=\"https:\/\/ceba.ca\/fr\/information\/ceba-forgiveness\/\"><span style=\"font-weight: 400;\">remise partielle du pr\u00eat<\/span><\/a><span style=\"font-weight: 400;\">, qui pourrait atteindre jusqu\u2019\u00e0 33 pour cent. Les entreprises du Cap-Breton cherchant \u00e0 se refinancer devaient faire une demande par l&#039;interm\u00e9diaire de leur institution financi\u00e8re. La date limite pour demander une remise partielle de pr\u00eat a \u00e9t\u00e9 prolong\u00e9e jusqu&#039;au 18 janvier 2024, permettant ainsi aux entreprises du Cap-Breton d&#039;obtenir une prolongation de refinancement jusqu&#039;au 28 mars 2024.\u00a0<\/span><\/p>\n<p><span style=\"font-weight: 400;\">Un avantage particulier \u00e9tait attach\u00e9 \u00e0 ces d\u00e9lais, incitant \u00e0 un remboursement rapide. Si les pr\u00eats du CUEC \u00e9taient rembours\u00e9s au plus tard \u00e0 la date limite r\u00e9vis\u00e9e ou avant la date limite de prolongation du refinancement, les entreprises du Cap-Breton pourraient \u00eatre admissibles \u00e0 une remise partielle de leur pr\u00eat. Le montant remis \u00e9tait important : $10 000 pour un pr\u00eat de $40 000 et $20 000 pour un pr\u00eat de $60 000, r\u00e9duisant consid\u00e9rablement le fardeau financier des entreprises du Cap-Breton.<\/span><\/p>\n<h3><span style=\"font-weight: 400;\">Prolongation des d\u00e9lais de conversion et de remboursement au Cap-Breton<\/span><\/h3>\n<p><span style=\"font-weight: 400;\">Cependant, si les entreprises du Cap-Breton ne respectaient pas la date limite de remboursement du pr\u00eat, leur situation financi\u00e8re changerait \u00e0 compter du 19 janvier 2024. Tout solde impay\u00e9 de leur pr\u00eat CUEC serait converti en un pr\u00eat \u00e0 terme de trois ans, marquant la fin de la fonction de taux d&#039;int\u00e9r\u00eat nul. Au lieu de cela, un taux d\u2019int\u00e9r\u00eat annuel 5% s\u2019appliquerait au solde restant du pr\u00eat. Entre-temps, la date limite de remboursement final a \u00e9t\u00e9 prolong\u00e9e d&#039;une ann\u00e9e compl\u00e8te, jusqu&#039;au 31 d\u00e9cembre 2026, par rapport \u00e0 la date limite initiale du 31 d\u00e9cembre 2025. Malgr\u00e9 le co\u00fbt suppl\u00e9mentaire des int\u00e9r\u00eats annuels 5%, ce changement a soulign\u00e9 l&#039;engagement continu du gouvernement canadien \u00e0 offrir de la flexibilit\u00e9 et soutien aux entreprises du Cap-Breton en ces temps \u00e9conomiques difficiles.<\/span><\/p>\n<h2><span style=\"font-weight: 400;\">Que se passe-t-il si vous ne remboursez pas le pr\u00eat CUEC au Cap-Breton\u00a0?<\/span><\/h2>\n<p><span style=\"font-weight: 400;\">Pour les entreprises qui <\/span><a href=\"https:\/\/ceba.ca\/fr\/information\/what-happens-if-you-dont-repay-your-ceba-loan\/\"><span style=\"font-weight: 400;\">ne pas rembourser le pr\u00eat CUEC<\/span><\/a><span style=\"font-weight: 400;\"> au Cap-Breton, il est crucial d&#039;en comprendre les cons\u00e9quences. Apr\u00e8s le 18 janvier 2024, tout solde restant du pr\u00eat CUEC sera converti en un pr\u00eat \u00e0 terme d&#039;une dur\u00e9e de trois ans, avec un taux d&#039;int\u00e9r\u00eat annuel de 5%. Malgr\u00e9 cet int\u00e9r\u00eat, le <\/span><a href=\"https:\/\/ceba-cuec.ca\/\" target=\"_blank\" rel=\"noopener\"><span style=\"font-weight: 400;\">Gouvernement canadien<\/span><\/a><span style=\"font-weight: 400;\"> a d\u00e9montr\u00e9 son engagement \u00e0 soutenir les entreprises en <\/span><a href=\"https:\/\/ceba.ca\/fr\/industries\/is-ceba-loan-repayment-extended\/\"><span style=\"font-weight: 400;\">prolonger le d\u00e9lai de remboursement final<\/span><\/a><span style=\"font-weight: 400;\"> au 31 d\u00e9cembre 2026. Cela laisse beaucoup de temps aux entreprises du Cap-Breton pour g\u00e9rer leurs finances et leurs remboursements.<\/span><\/p>\n<p><span style=\"font-weight: 400;\"> Cependant, le fait de ne pas effectuer de remboursement dans ce d\u00e9lai prolong\u00e9 entra\u00eenera d\u2019autres r\u00e9percussions, affectant potentiellement votre cote de cr\u00e9dit et vos capacit\u00e9s d\u2019emprunt futures. Il est essentiel que les entreprises en prennent conscience et planifient leurs finances en cons\u00e9quence afin que le pr\u00eat du CUEC au Cap-Breton serve de tremplin vers leur r\u00e9ussite \u00e0 long terme.\u00a0<\/span><\/p>\n<h2><span style=\"font-weight: 400;\">Conclusion<\/span><\/h2>\n<p><span style=\"font-weight: 400;\">Le pr\u00eat CUEC en <\/span><a href=\"https:\/\/en.wikipedia.org\/wiki\/Cape_Breton_Island\" target=\"_blank\" rel=\"noopener\"><span style=\"font-weight: 400;\">Cap-Breton<\/span><\/a><span style=\"font-weight: 400;\"> s\u2019est av\u00e9r\u00e9 inestimable dans les moments difficiles, fournissant aux entreprises le soutien n\u00e9cessaire pour surmonter les \u00e9preuves \u00e9conomiques provoqu\u00e9es par la pand\u00e9mie. Il incarne la r\u00e9silience et la pers\u00e9v\u00e9rance de la ville et de son monde des affaires. \u00c0 mesure que nous progressons, il devient \u00e9vident que des initiatives comme celles-ci sont essentielles pour favoriser une \u00e9conomie locale saine et prosp\u00e8re. Donc, si vous habitez au Cap-Breton et envisagez de d\u00e9marrer une entreprise ou d&#039;agrandir votre entreprise actuelle, assurez-vous de profiter du pr\u00eat CUEC au Cap-Breton.<\/span><\/p>","protected":false},"excerpt":{"rendered":"<p>The Canadian Emergency Business Account (CEBA) loan offers a crucial lifeline for businesses in Cape Breton during these challenging economic times. This initiative, aimed at providing financial support to eligible small businesses in Cape Breton, ensures continuity and resilience in adversity. With the ongoing COVID-19 pandemic affecting businesses of all sizes, the CEBA loan in [&hellip;]<\/p>\n","protected":false},"author":2,"featured_media":6819,"parent":0,"menu_order":0,"comment_status":"closed","ping_status":"closed","template":"","meta":{"footnotes":""},"class_list":["post-6781","page","type-page","status-publish","has-post-thumbnail","hentry"],"_links":{"self":[{"href":"https:\/\/ceba.ca\/fr\/wp-json\/wp\/v2\/pages\/6781","targetHints":{"allow":["GET"]}}],"collection":[{"href":"https:\/\/ceba.ca\/fr\/wp-json\/wp\/v2\/pages"}],"about":[{"href":"https:\/\/ceba.ca\/fr\/wp-json\/wp\/v2\/types\/page"}],"author":[{"embeddable":true,"href":"https:\/\/ceba.ca\/fr\/wp-json\/wp\/v2\/users\/2"}],"replies":[{"embeddable":true,"href":"https:\/\/ceba.ca\/fr\/wp-json\/wp\/v2\/comments?post=6781"}],"version-history":[{"count":3,"href":"https:\/\/ceba.ca\/fr\/wp-json\/wp\/v2\/pages\/6781\/revisions"}],"predecessor-version":[{"id":6795,"href":"https:\/\/ceba.ca\/fr\/wp-json\/wp\/v2\/pages\/6781\/revisions\/6795"}],"wp:featuredmedia":[{"embeddable":true,"href":"https:\/\/ceba.ca\/fr\/wp-json\/wp\/v2\/media\/6819"}],"wp:attachment":[{"href":"https:\/\/ceba.ca\/fr\/wp-json\/wp\/v2\/media?parent=6781"}],"curies":[{"name":"wp","href":"https:\/\/api.w.org\/{rel}","templated":true}]}}