{"id":6737,"date":"2023-11-25T01:41:24","date_gmt":"2023-11-25T06:41:24","guid":{"rendered":"https:\/\/ceba.ca\/?page_id=6737"},"modified":"2023-11-25T01:41:24","modified_gmt":"2023-11-25T06:41:24","slug":"ceba-loan-in-strathcona-county","status":"publish","type":"page","link":"https:\/\/ceba.ca\/fr\/ceba-loan-in-strathcona-county\/","title":{"rendered":"Pr\u00eat CUEC dans le comt\u00e9 de Strathcona"},"content":{"rendered":"<p><span style=\"font-weight: 400;\">Le Compte d\u2019urgence pour les entreprises canadiennes (CUEC) est un filet de s\u00e9curit\u00e9 pour les petites entreprises qui luttent pour faire face \u00e0 la pand\u00e9mie de COVID-19. Quel que soit votre emplacement, qu&#039;il s&#039;agisse du comt\u00e9 de Strathcona ou de toute autre r\u00e9gion du Canada, cette initiative vise \u00e0 offrir une aide financi\u00e8re aux petites entreprises et aux organismes \u00e0 but non lucratif touch\u00e9s par la pand\u00e9mie. Mais comment a-t-il aid\u00e9 les entreprises du comt\u00e9 de Strathcona \u00e0 se d\u00e9velopper ? De plus, quel est l\u2019\u00e9tat actuel du pr\u00eat CUEC dans le comt\u00e9 de Strathcona\u00a0? D\u00e9couvrons-le.<\/span><\/p>\n<h2><span style=\"font-weight: 400;\">Qu\u2019est-ce que le pr\u00eat CUEC dans le comt\u00e9 de Strathcona ?<\/span><\/h2>\n<p><span style=\"font-weight: 400;\"><a href=\"https:\/\/en.wikipedia.org\/wiki\/Strathcona,_Alberta\" target=\"_blank\" rel=\"noopener\">Strathcona<\/a> Le comt\u00e9 a trouv\u00e9 le <\/span><a href=\"https:\/\/ceba.ca\/fr\/\"><span style=\"font-weight: 400;\">Pr\u00eat CUEC<\/span><\/a><span style=\"font-weight: 400;\"> \u00eatre une lueur d&#039;espoir pour de nombreuses entreprises locales. Ce programme att\u00e9nue consid\u00e9rablement le fardeau financier impos\u00e9 par la pand\u00e9mie, permettant aux entreprises du comt\u00e9 de Strathcona de faire face \u00e0 l&#039;impr\u00e9visibilit\u00e9 introduite par la pand\u00e9mie. <\/span><a href=\"https:\/\/www.who.int\/health-topics\/coronavirus#tab=tab_1\" target=\"_blank\" rel=\"noopener\"><span style=\"font-weight: 400;\">COVID 19<\/span><\/a><span style=\"font-weight: 400;\">. Il est vraiment rassurant pour les entrepreneurs du comt\u00e9 de Strathcona de savoir qu&#039;ils b\u00e9n\u00e9ficient du soutien du pr\u00eat CUEC en ces temps difficiles.<\/span><\/p>\n<h2><span style=\"font-weight: 400;\">Lancement initial du pr\u00eat CUEC dans le comt\u00e9 de Strathcona\u00a0<\/span><\/h2>\n<p><span style=\"font-weight: 400;\">Le CUEC a \u00e9t\u00e9 lanc\u00e9 le 9 avril 2020, pendant la pand\u00e9mie de COVID-19. L\u2019objectif \u00e9tait d\u2019aider les entreprises du comt\u00e9 de Strathcona et de tout le pays aux prises avec des difficult\u00e9s financi\u00e8res consid\u00e9rables. Cette initiative a inject\u00e9 environ $49 milliards dans l&#039;\u00e9conomie, prolongeant ainsi une bou\u00e9e de sauvetage indispensable \u00e0 pr\u00e8s de 900 000 entreprises, dont un grand nombre dans le comt\u00e9 de Strathcona. Ce nombre comprenait principalement des \u00e9tablissements de petite et moyenne taille du comt\u00e9 de Strathcona qui subissent les cons\u00e9quences de la pand\u00e9mie.<\/span><\/p>\n<p><span style=\"font-weight: 400;\">Le pr\u00eat CUEC, offrant un taux d&#039;int\u00e9r\u00eat nul, a soulag\u00e9 de nombreuses entreprises du comt\u00e9 de Strathcona. Initialement pr\u00e9vu jusqu&#039;\u00e0 $40,000, le programme a ensuite \u00e9t\u00e9 intensifi\u00e9 pour distribuer jusqu&#039;\u00e0 $60,000. Cette g\u00e9n\u00e9rosit\u00e9 \u00e9tait accompagn\u00e9e d&#039;un avantage unique : une partie de la <\/span><a href=\"https:\/\/ceba.ca\/fr\/information\/ceba-forgiveness\/\"><span style=\"font-weight: 400;\">le pr\u00eat \u00e9tait remboursable<\/span><\/a><span style=\"font-weight: 400;\"> pour les entreprises du comt\u00e9 de Strathcona si elles satisfaisaient \u00e0 certaines conditions. Dans le comt\u00e9 de Strathcona, cette aide financi\u00e8re a aid\u00e9 les entreprises \u00e0 faire face \u00e0 des co\u00fbts non reportables malgr\u00e9 le ralentissement \u00e9conomique provoqu\u00e9 par la pand\u00e9mie. Ces co\u00fbts comprenaient le loyer, les services publics, les assurances, les taxes et les d\u00e9penses li\u00e9es \u00e0 l&#039;emploi.<\/span><\/p>\n<h2><span style=\"font-weight: 400;\">Dates limites r\u00e9vis\u00e9es du CUEC pour le comt\u00e9 de Strathcona\u00a0<\/span><\/h2>\n<p><span style=\"font-weight: 400;\">C&#039;est le 14 septembre 2023 que le paysage des pr\u00eats du CUEC a connu un changement important pour les entreprises du comt\u00e9 de Strathcona. Le Premier ministre a d\u00e9voil\u00e9 une vague de nouvelles r\u00e9visions politiques, entra\u00eenant <\/span><a href=\"https:\/\/ceba.ca\/fr\/information\/ceba-update-availability-and-extension\/\"><span style=\"font-weight: 400;\">d\u00e9lais prolong\u00e9s<\/span><\/a><span style=\"font-weight: 400;\"> pour <\/span><a href=\"https:\/\/ceba.ca\/fr\/ceba-loan-repayment\/\"><span style=\"font-weight: 400;\">remboursements de pr\u00eats<\/span><\/a><span style=\"font-weight: 400;\">. Les entreprises du comt\u00e9 de Strathcona ont eu une ann\u00e9e suppl\u00e9mentaire, soit jusqu&#039;au 18 janvier 2024, pour rembourser leurs pr\u00eats, par opposition \u00e0 la date limite initiale du 31 d\u00e9cembre 2023.<\/span><\/p>\n<p><span style=\"font-weight: 400;\">De plus, la nouvelle politique a introduit une flexibilit\u00e9 accrue pour les titulaires de pr\u00eats CUEC du comt\u00e9 de Strathcona. Les personnes souhaitant b\u00e9n\u00e9ficier d\u2019une remise partielle de pr\u00eat, qui pourrait atteindre 33 %, se sont vu accorder une port\u00e9e plus large. Pour les entreprises du comt\u00e9 de Strathcona souhaitant se refinancer, la politique exigeait de s&#039;adresser \u00e0 l&#039;institution financi\u00e8re.<\/span><\/p>\n<h2><span style=\"font-weight: 400;\">Extension de la fen\u00eatre de qualification pour l\u2019exon\u00e9ration de pr\u00eat<\/span><\/h2>\n<p><span style=\"font-weight: 400;\">La date limite pour que les entreprises du comt\u00e9 de Strathcona demandent une remise partielle de leur pr\u00eat \u00e9tait <\/span><a href=\"https:\/\/ceba.ca\/fr\/news\/ceba-extended-to-january\/\"><span style=\"font-weight: 400;\">prolong\u00e9 jusqu&#039;au 18 janvier 2024<\/span><\/a><span style=\"font-weight: 400;\">. Cette prolongation a offert aux entreprises du comt\u00e9 de Strathcona l&#039;occasion d&#039;obtenir une prolongation de refinancement jusqu&#039;au 28 mars 2024. Le gouvernement a attach\u00e9 un avantage particulier \u00e0 ces d\u00e9lais, encourageant un remboursement en temps opportun. Si les pr\u00eats du CUEC \u00e9taient rembours\u00e9s au plus tard \u00e0 la date limite r\u00e9vis\u00e9e ou avant la date limite de prolongation du refinancement, les entreprises du comt\u00e9 de Strathcona \u00e9taient en ligne pour se qualifier pour une remise partielle de pr\u00eat.<\/span><\/p>\n<p><span style=\"font-weight: 400;\">Le montant remis pour le comt\u00e9 de Strathcona \u00e9tait substantiel : 10 000 $ seraient radi\u00e9s pour un pr\u00eat de 40 000 $ et 20 000 $ pour un pr\u00eat de 60 000 $. Cette disposition a consid\u00e9rablement r\u00e9duit la pression financi\u00e8re sur les entreprises du comt\u00e9 de Strathcona.<\/span><\/p>\n<h2><span style=\"font-weight: 400;\">Prolongation du d\u00e9lai de conversion et de remboursement<\/span><\/h2>\n<p><span style=\"font-weight: 400;\">Cependant, si les entreprises du comt\u00e9 de Strathcona ne respectaient pas la date limite de remboursement de leur pr\u00eat, leur situation changerait \u00e0 compter du 19 janvier 2024. Tout solde restant sur leur pr\u00eat CUEC se transformerait en un pr\u00eat \u00e0 terme de trois ans. Ce changement marque la fin du <\/span><a href=\"https:\/\/ceba.ca\/fr\/news\/is-ceba-interest-free\/\"><span style=\"font-weight: 400;\">avantage \u00e0 taux z\u00e9ro<\/span><\/a><span style=\"font-weight: 400;\">. \u00c0 la place, un taux d\u2019int\u00e9r\u00eat annuel de 5% serait pr\u00e9lev\u00e9 sur le solde restant du pr\u00eat.<\/span><\/p>\n<p><span style=\"font-weight: 400;\">N\u00e9anmoins, la date limite de remboursement final pour les entreprises du comt\u00e9 de Strathcona a \u00e9t\u00e9 prolong\u00e9e d&#039;une ann\u00e9e compl\u00e8te, repouss\u00e9e au 31 d\u00e9cembre 2026, par rapport \u00e0 la date initiale du 31 d\u00e9cembre 2025. Malgr\u00e9 le co\u00fbt suppl\u00e9mentaire de l&#039;int\u00e9r\u00eat annuel 5%, cette modification a mis en \u00e9vidence le L&#039;engagement continu du gouvernement canadien en faveur de la flexibilit\u00e9 et du soutien aux entreprises du comt\u00e9 de Strathcona en ces temps \u00e9conomiquement difficiles.<\/span><\/p>\n<h2><span style=\"font-weight: 400;\">Conclusion<\/span><\/h2>\n<p><span style=\"font-weight: 400;\">En conclusion, le pr\u00eat CUEC s\u2019est av\u00e9r\u00e9 \u00eatre un pilier essentiel de soutien aux entreprises du comt\u00e9 de Strathcona pendant la p\u00e9riode turbulente de la pand\u00e9mie de COVID-19. En offrant un r\u00e9pit financier, en prolongeant les d\u00e9lais de remboursement et en permettant une remise partielle du pr\u00eat, le pr\u00eat CUEC a aid\u00e9 les entreprises du comt\u00e9 de Strathcona \u00e0 survivre et a favoris\u00e9 un environnement leur permettant de prosp\u00e9rer dans l&#039;adversit\u00e9.\u00a0<\/span><\/p>\n<p><span style=\"font-weight: 400;\">\u00c0 mesure que le paysage \u00e9conomique \u00e9volue, le pr\u00eat du CUEC restera sans aucun doute une ressource importante pour la r\u00e9silience et la reprise du comt\u00e9 de Strathcona.<\/span><\/p>","protected":false},"excerpt":{"rendered":"<p>The Canada Emergency Business Account (CEBA) is a safety net for small businesses struggling to navigate the COVID-19 pandemic. Irrespective of your location, be it Strathcona County or any other region within Canada, this initiative is designed to offer financial assistance to small businesses and not-for-profit organizations impacted by the pandemic. But how did it [&hellip;]<\/p>\n","protected":false},"author":2,"featured_media":6749,"parent":0,"menu_order":0,"comment_status":"closed","ping_status":"closed","template":"","meta":{"footnotes":""},"class_list":["post-6737","page","type-page","status-publish","has-post-thumbnail","hentry"],"_links":{"self":[{"href":"https:\/\/ceba.ca\/fr\/wp-json\/wp\/v2\/pages\/6737","targetHints":{"allow":["GET"]}}],"collection":[{"href":"https:\/\/ceba.ca\/fr\/wp-json\/wp\/v2\/pages"}],"about":[{"href":"https:\/\/ceba.ca\/fr\/wp-json\/wp\/v2\/types\/page"}],"author":[{"embeddable":true,"href":"https:\/\/ceba.ca\/fr\/wp-json\/wp\/v2\/users\/2"}],"replies":[{"embeddable":true,"href":"https:\/\/ceba.ca\/fr\/wp-json\/wp\/v2\/comments?post=6737"}],"version-history":[{"count":1,"href":"https:\/\/ceba.ca\/fr\/wp-json\/wp\/v2\/pages\/6737\/revisions"}],"predecessor-version":[{"id":6738,"href":"https:\/\/ceba.ca\/fr\/wp-json\/wp\/v2\/pages\/6737\/revisions\/6738"}],"wp:featuredmedia":[{"embeddable":true,"href":"https:\/\/ceba.ca\/fr\/wp-json\/wp\/v2\/media\/6749"}],"wp:attachment":[{"href":"https:\/\/ceba.ca\/fr\/wp-json\/wp\/v2\/media?parent=6737"}],"curies":[{"name":"wp","href":"https:\/\/api.w.org\/{rel}","templated":true}]}}