{"id":6728,"date":"2023-11-25T01:24:42","date_gmt":"2023-11-25T06:24:42","guid":{"rendered":"https:\/\/ceba.ca\/?page_id=6728"},"modified":"2023-11-25T01:24:42","modified_gmt":"2023-11-25T06:24:42","slug":"ceba-loan-in-belleville-ouinte-west","status":"publish","type":"page","link":"https:\/\/ceba.ca\/fr\/ceba-loan-in-belleville-ouinte-west\/","title":{"rendered":"Pr\u00eat CUEC \u00e0 Belleville \u2013 Ouinte Ouest"},"content":{"rendered":"<p><span style=\"font-weight: 400;\">Le Compte d\u2019urgence pour les entreprises canadiennes (CUEC) est un filet de s\u00e9curit\u00e9 pour les petites entreprises qui luttent pour faire face \u00e0 la pand\u00e9mie de COVID-19. Peu importe o\u00f9 vous habitez, que ce soit Belleville \u2013 Ouinte Ouest ou toute autre r\u00e9gion du Canada, cette initiative vise \u00e0 offrir une aide financi\u00e8re aux petites entreprises et aux organismes sans but lucratif touch\u00e9s par la pand\u00e9mie. Mais comment a-t-il aid\u00e9 les entreprises de Belleville \u2013 Ouinte Ouest \u00e0 se d\u00e9velopper ? Aussi, quel est l\u2019\u00e9tat actuel du pr\u00eat CUEC \u00e0 Belleville \u2013 Ouinte Ouest ? D\u00e9couvrons-le.<\/span><\/p>\n<h2><span style=\"font-weight: 400;\">Qu\u2019est-ce que le pr\u00eat CEBA \u00e0 Belleville \u2013 Ouinte Ouest ?<\/span><\/h2>\n<p><span style=\"font-weight: 400;\"><a href=\"https:\/\/en.wikipedia.org\/wiki\/Belleville,_Ontario\" target=\"_blank\" rel=\"noopener\">Belleville \u2013 Ouinte Ouest<\/a> a trouv\u00e9 le <\/span><a href=\"https:\/\/ceba.ca\/fr\/\"><span style=\"font-weight: 400;\">Pr\u00eat CUEC<\/span><\/a><span style=\"font-weight: 400;\"> \u00eatre une lueur d&#039;espoir pour de nombreuses entreprises locales. Ce programme att\u00e9nue consid\u00e9rablement le fardeau financier engendr\u00e9 par la pand\u00e9mie, permettant aux entreprises de Belleville \u2013 Ouinte Ouest de traverser l&#039;impr\u00e9visibilit\u00e9 introduite par la pand\u00e9mie. <\/span><a href=\"https:\/\/www.who.int\/health-topics\/coronavirus#tab=tab_1\" target=\"_blank\" rel=\"noopener\"><span style=\"font-weight: 400;\">COVID 19<\/span><\/a><span style=\"font-weight: 400;\">. C&#039;est vraiment rassurant pour les entrepreneurs de Belleville \u2013 Ouinte Ouest de savoir qu&#039;ils b\u00e9n\u00e9ficient du soutien du pr\u00eat CUEC en ces temps difficiles.<\/span><\/p>\n<h2><span style=\"font-weight: 400;\">Lancement initial du pr\u00eat CUEC \u00e0 Belleville \u2013 Ouinte Ouest<\/span><\/h2>\n<p><span style=\"font-weight: 400;\">Le CUEC a \u00e9t\u00e9 lanc\u00e9 le 9 avril 2020, pendant la pand\u00e9mie de COVID-19. L&#039;objectif \u00e9tait d&#039;aider les entreprises de Belleville \u2013 Ouinte Ouest et de tout le pays qui \u00e9taient aux prises avec des difficult\u00e9s financi\u00e8res consid\u00e9rables. Cette initiative a inject\u00e9 environ $49 milliards dans l\u2019\u00e9conomie, prolongeant ainsi une bou\u00e9e de sauvetage indispensable \u00e0 pr\u00e8s de 900 000 entreprises, dont plusieurs \u00e0 Belleville \u2013 Ouinte Ouest. Ce nombre \u00e9tait majoritairement constitu\u00e9 de petits et moyens \u00e9tablissements de Belleville \u2013 Ouinte Ouest qui subissent les cons\u00e9quences de la pand\u00e9mie.<\/span><\/p>\n<p><span style=\"font-weight: 400;\">Le pr\u00eat CUEC, offrant un taux d&#039;int\u00e9r\u00eat nul, a permis de soulager de nombreuses entreprises de Belleville \u2013 Ouinte Ouest. Initialement pr\u00e9vu jusqu&#039;\u00e0 $40,000, le programme a ensuite \u00e9t\u00e9 intensifi\u00e9 pour distribuer jusqu&#039;\u00e0 $60,000. Cette g\u00e9n\u00e9rosit\u00e9 \u00e9tait accompagn\u00e9e d&#039;un avantage unique : une partie de la <\/span><a href=\"https:\/\/ceba.ca\/fr\/information\/ceba-forgiveness\/\"><span style=\"font-weight: 400;\">le pr\u00eat \u00e9tait remboursable<\/span><\/a><span style=\"font-weight: 400;\"> pour les commerces de Belleville \u2013 Ouinte Ouest s&#039;ils satisfaisaient \u00e0 certaines conditions. \u00c0 Belleville \u2013 Ouinte Ouest, cette aide financi\u00e8re a aid\u00e9 les entreprises \u00e0 faire face \u00e0 des co\u00fbts non reportables malgr\u00e9 le ralentissement \u00e9conomique provoqu\u00e9 par la pand\u00e9mie. Ces co\u00fbts comprenaient le loyer, les services publics, les assurances, les taxes et les d\u00e9penses li\u00e9es \u00e0 l&#039;emploi.<\/span><\/p>\n<h2><span style=\"font-weight: 400;\">Dates limites r\u00e9vis\u00e9es du CUEC pour Belleville \u2013 Ouinte Ouest<\/span><\/h2>\n<p><span style=\"font-weight: 400;\">C\u2019est le 14 septembre 2023 que le paysage des pr\u00eats CUEC a connu un changement important pour les entreprises de Belleville \u2013 Ouinte Ouest. Le Premier ministre a d\u00e9voil\u00e9 une vague de nouvelles r\u00e9visions politiques, entra\u00eenant <\/span><a href=\"https:\/\/ceba.ca\/fr\/information\/ceba-update-availability-and-extension\/\"><span style=\"font-weight: 400;\">d\u00e9lais prolong\u00e9s<\/span><\/a><span style=\"font-weight: 400;\"> pour <\/span><a href=\"https:\/\/ceba.ca\/fr\/ceba-loan-repayment\/\"><span style=\"font-weight: 400;\">remboursements de pr\u00eats<\/span><\/a><span style=\"font-weight: 400;\">. Les entreprises de Belleville \u2013 Ouinte Ouest ont eu une ann\u00e9e suppl\u00e9mentaire, soit jusqu&#039;au 18 janvier 2024, pour rembourser leurs pr\u00eats, contrairement \u00e0 la date limite initiale du 31 d\u00e9cembre 2023.<\/span><\/p>\n<p><span style=\"font-weight: 400;\">De plus, la nouvelle politique a introduit une flexibilit\u00e9 accrue pour les titulaires du pr\u00eat CUEC de Belleville \u2013 Ouinte Ouest. Les personnes souhaitant b\u00e9n\u00e9ficier d\u2019une remise partielle de pr\u00eat, qui pourrait atteindre 33 %, se sont vu accorder une port\u00e9e plus large. Pour les entreprises de Belleville \u2013 Ouinte Ouest souhaitant se refinancer, la politique exigeait de s&#039;adresser \u00e0 l&#039;institution financi\u00e8re.<\/span><\/p>\n<h2><span style=\"font-weight: 400;\">Extension de la fen\u00eatre de qualification pour l\u2019exon\u00e9ration de pr\u00eat<\/span><\/h2>\n<p><span style=\"font-weight: 400;\">La date limite pour que les entreprises de Belleville \u2013 Ouinte Ouest demandent une remise partielle de pr\u00eat \u00e9tait <\/span><a href=\"https:\/\/ceba.ca\/fr\/news\/ceba-extended-to-january\/\"><span style=\"font-weight: 400;\">prolong\u00e9 jusqu&#039;au 18 janvier 2024<\/span><\/a><span style=\"font-weight: 400;\">. Cette prolongation repr\u00e9sentait une opportunit\u00e9 pour les entreprises de Belleville \u2013 Ouinte Ouest d&#039;obtenir une prolongation de refinancement jusqu&#039;au 28 mars 2024. Le gouvernement attachait un avantage particulier \u00e0 ces d\u00e9lais, favorisant un remboursement dans les d\u00e9lais. Si les pr\u00eats du CUEC \u00e9taient rembours\u00e9s au plus tard \u00e0 la date limite r\u00e9vis\u00e9e ou avant la date limite de prolongation du refinancement, les entreprises de Belleville \u2013 Ouinte Ouest \u00e9taient en ligne pour se qualifier pour une remise partielle de pr\u00eat.<\/span><\/p>\n<p><span style=\"font-weight: 400;\">Le montant annul\u00e9 pour Belleville \u2013 Ouinte Ouest \u00e9tait substantiel : $10 000 seraient radi\u00e9s pour un pr\u00eat de $40 000 et $20 000 pour un pr\u00eat de $60 000. Cette disposition a permis d&#039;all\u00e9ger consid\u00e9rablement la pression financi\u00e8re des entreprises de Belleville \u2013 Ouinte Ouest.<\/span><\/p>\n<h2><span style=\"font-weight: 400;\">Prolongation du d\u00e9lai de conversion et de remboursement<\/span><\/h2>\n<p><span style=\"font-weight: 400;\">Cependant, si les entreprises de Belleville \u2013 Ouinte Ouest ne respectaient pas la date limite de remboursement de leur remise de pr\u00eat, leur situation changerait \u00e0 compter du 19 janvier 2024. Tout solde restant sur leur pr\u00eat CUEC se transformerait en pr\u00eat \u00e0 terme de trois ans. Ce changement marque la fin du <\/span><a href=\"https:\/\/ceba.ca\/fr\/news\/is-ceba-interest-free\/\"><span style=\"font-weight: 400;\">avantage \u00e0 taux z\u00e9ro<\/span><\/a><span style=\"font-weight: 400;\">. \u00c0 la place, un taux d\u2019int\u00e9r\u00eat annuel de 5% serait pr\u00e9lev\u00e9 sur le solde restant du pr\u00eat.<\/span><\/p>\n<p><span style=\"font-weight: 400;\">N\u00e9anmoins, le d\u00e9lai final de remboursement des entreprises de Belleville \u2013 Ouinte Ouest a \u00e9t\u00e9 prolong\u00e9 d&#039;une ann\u00e9e compl\u00e8te, repouss\u00e9 au 31 d\u00e9cembre 2026, par rapport \u00e0 la date initiale du 31 d\u00e9cembre 2025. Malgr\u00e9 le surco\u00fbt de l&#039;int\u00e9r\u00eat annuel 5%, cette modification a soulign\u00e9 l&#039;engagement continu du gouvernement canadien en mati\u00e8re de flexibilit\u00e9 et de soutien aux entreprises de Belleville \u2013 Ouite Ouest en ces temps \u00e9conomiques difficiles.<\/span><\/p>\n<h2><span style=\"font-weight: 400;\">Conclusion<\/span><\/h2>\n<p><span style=\"font-weight: 400;\">En conclusion, le pr\u00eat CUEC s\u2019est av\u00e9r\u00e9 \u00eatre un pilier essentiel de soutien aux entreprises de Belleville \u2013 Ouinte Ouest durant la p\u00e9riode turbulente de la pand\u00e9mie de la COVID-19. En offrant un r\u00e9pit financier, en prolongeant les d\u00e9lais de remboursement et en permettant une remise partielle du pr\u00eat, le pr\u00eat du CUEC a aid\u00e9 les entreprises de Belleville \u2013 Ouinte Ouest \u00e0 survivre et a favoris\u00e9 un environnement leur permettant de prosp\u00e9rer dans l&#039;adversit\u00e9.\u00a0<\/span><\/p>\n<p><span style=\"font-weight: 400;\">\u00c0 mesure que le paysage \u00e9conomique \u00e9volue, le pr\u00eat CUEC demeurera sans aucun doute une ressource importante pour la r\u00e9silience et la relance de Belleville \u2013 Ouinte Ouest.<\/span><\/p>","protected":false},"excerpt":{"rendered":"<p>The Canada Emergency Business Account (CEBA) is a safety net for small businesses struggling to navigate the COVID-19 pandemic. Irrespective of your location, be it Belleville &#8211; Ouinte West or any other region within Canada, this initiative is designed to offer financial assistance to small businesses and not-for-profit organizations impacted by the pandemic. But how [&hellip;]<\/p>\n","protected":false},"author":2,"featured_media":6746,"parent":0,"menu_order":0,"comment_status":"closed","ping_status":"closed","template":"","meta":{"footnotes":""},"class_list":["post-6728","page","type-page","status-publish","has-post-thumbnail","hentry"],"_links":{"self":[{"href":"https:\/\/ceba.ca\/fr\/wp-json\/wp\/v2\/pages\/6728","targetHints":{"allow":["GET"]}}],"collection":[{"href":"https:\/\/ceba.ca\/fr\/wp-json\/wp\/v2\/pages"}],"about":[{"href":"https:\/\/ceba.ca\/fr\/wp-json\/wp\/v2\/types\/page"}],"author":[{"embeddable":true,"href":"https:\/\/ceba.ca\/fr\/wp-json\/wp\/v2\/users\/2"}],"replies":[{"embeddable":true,"href":"https:\/\/ceba.ca\/fr\/wp-json\/wp\/v2\/comments?post=6728"}],"version-history":[{"count":1,"href":"https:\/\/ceba.ca\/fr\/wp-json\/wp\/v2\/pages\/6728\/revisions"}],"predecessor-version":[{"id":6729,"href":"https:\/\/ceba.ca\/fr\/wp-json\/wp\/v2\/pages\/6728\/revisions\/6729"}],"wp:featuredmedia":[{"embeddable":true,"href":"https:\/\/ceba.ca\/fr\/wp-json\/wp\/v2\/media\/6746"}],"wp:attachment":[{"href":"https:\/\/ceba.ca\/fr\/wp-json\/wp\/v2\/media?parent=6728"}],"curies":[{"name":"wp","href":"https:\/\/api.w.org\/{rel}","templated":true}]}}