{"id":6693,"date":"2023-11-25T00:53:06","date_gmt":"2023-11-25T05:53:06","guid":{"rendered":"https:\/\/ceba.ca\/?page_id=6693"},"modified":"2023-11-25T00:53:06","modified_gmt":"2023-11-25T05:53:06","slug":"ceba-loan-in-ajax","status":"publish","type":"page","link":"https:\/\/ceba.ca\/fr\/ceba-loan-in-ajax\/","title":{"rendered":"Pr\u00eat CUEC \u00e0 Ajax"},"content":{"rendered":"<p><span style=\"font-weight: 400;\">Le Compte d\u2019urgence pour les entreprises canadiennes (CUEC) est une bou\u00e9e de sauvetage pour les petites entreprises aux prises avec les r\u00e9percussions \u00e9conomiques de la pand\u00e9mie de COVID-19. Que vous viviez \u00e0 Ajax ou dans toute autre ville du Canada, ce programme vise \u00e0 apporter un soutien financier aux petites entreprises et aux organismes sans but lucratif qui ont \u00e9t\u00e9 touch\u00e9s par la pand\u00e9mie.<\/span><\/p>\n<p><span style=\"font-weight: 400;\">Ce blog porte sur le pr\u00eat CEBA \u00e0 Ajax. Aussi, vous comprendrez qu\u2019en tant que citoyen d\u2019Ajax, vous n\u2019\u00eates pas seul dans cette situation.<\/span><\/p>\n<h2><span style=\"font-weight: 400;\">Pr\u00eat CUEC<\/span><\/h2>\n<p><span style=\"font-weight: 400;\">\u00c0 Ajax, le pr\u00eat CUEC est un signe d&#039;espoir pour de nombreuses entreprises locales. Ce <\/span><a href=\"https:\/\/ceba.ca\/fr\/\"><span style=\"font-weight: 400;\">programme<\/span><\/a><span style=\"font-weight: 400;\"> all\u00e8ge consid\u00e9rablement la pression financi\u00e8re caus\u00e9e par la pand\u00e9mie. Les entreprises d\u2019Ajax peuvent utiliser le pr\u00eat CUEC pour faire face \u00e0 l\u2019incertitude provoqu\u00e9e par la COVID-19. Il est r\u00e9confortant pour les entrepreneurs d&#039;Ajax de savoir qu&#039;ils b\u00e9n\u00e9ficient du soutien du pr\u00eat CUEC en ces temps difficiles.<\/span><\/p>\n<h2><span style=\"font-weight: 400;\">Quand le pr\u00eat CEBA a \u00e9t\u00e9 lanc\u00e9 \u00e0 Ajax<\/span><\/h2>\n<p><span style=\"font-weight: 400;\">Le Compte d\u2019urgence pour les entreprises canadiennes (CUEC) a \u00e9t\u00e9 inaugur\u00e9 le 9 avril 2020, au plus fort de la crise. <\/span><a href=\"https:\/\/www.who.int\/health-topics\/coronavirus#tab=tab_1\" target=\"_blank\" rel=\"noopener\"><span style=\"font-weight: 400;\">Pand\u00e9mie de covid-19<\/span><\/a><span style=\"font-weight: 400;\">. Cette initiative \u00e9tait une lueur d&#039;espoir pour les entreprises d&#039;Ajax et de partout au pays, qui faisaient face \u00e0 d&#039;importantes difficult\u00e9s financi\u00e8res. Le programme a inject\u00e9 environ $49 milliards dans l&#039;\u00e9conomie, offrant une bou\u00e9e de sauvetage \u00e0 pr\u00e8s de 900 000 entreprises. Ces entreprises comprenaient principalement des \u00e9tablissements de petite et moyenne taille en difficult\u00e9 \u00e0 cause de la pand\u00e9mie.<\/span><\/p>\n<p><span style=\"font-weight: 400;\">Le pr\u00eat CUEC, avec son <\/span><span style=\"font-weight: 400;\">taux d&#039;int\u00e9r\u00eat nul<\/span><span style=\"font-weight: 400;\"> fonctionnalit\u00e9, a \u00e9t\u00e9 un soulagement pour de nombreuses entreprises d\u2019Ajax. Offrant initialement jusqu&#039;\u00e0 $40,000, le programme a ensuite \u00e9t\u00e9 \u00e9tendu pour fournir jusqu&#039;\u00e0 $60,000. Cette g\u00e9n\u00e9rosit\u00e9 comportait un avantage unique\u00a0: une partie du pr\u00eat a \u00e9t\u00e9 <\/span><a href=\"https:\/\/ceba.ca\/fr\/information\/ceba-forgiveness\/\"><span style=\"font-weight: 400;\">pardonnable<\/span><\/a><span style=\"font-weight: 400;\"> pour les entreprises d&#039;Ajax si certaines conditions \u00e9taient remplies.<\/span><\/p>\n<p><span style=\"font-weight: 400;\">\u00c0 Ajax, cette aide financi\u00e8re a aid\u00e9 les entreprises \u00e0 faire face aux co\u00fbts non reportables qui ont continu\u00e9 \u00e0 s\u2019accumuler malgr\u00e9 le ralentissement induit par la pand\u00e9mie. Ces co\u00fbts comprenaient le loyer, les services publics, l&#039;assurance, les taxes et les d\u00e9penses d&#039;emploi.<\/span><\/p>\n<h2><span style=\"font-weight: 400;\">Pr\u00eat CUEC \u00e0 Ajax\u00a0: conditions mises \u00e0 jour<\/span><\/h2>\n<p><span style=\"font-weight: 400;\">Le 14 septembre 2023, le premier ministre a d\u00e9voil\u00e9 <\/span><a href=\"https:\/\/ceba.ca\/fr\/information\/confused-about-the-ceba-deadlines-read-this\/\"><span style=\"font-weight: 400;\">d\u00e9lais r\u00e9vis\u00e9s<\/span><\/a><span style=\"font-weight: 400;\"> pour le <\/span><a href=\"https:\/\/ceba.ca\/fr\/industries\/is-ceba-loan-repayment-extended\/\"><span style=\"font-weight: 400;\">remboursement des pr\u00eats du CUEC<\/span><\/a><span style=\"font-weight: 400;\"> pour les entreprises d\u2019Ajax. Cette nouvelle politique accorde une ann\u00e9e suppl\u00e9mentaire pour le remboursement du pr\u00eat, <\/span><a href=\"https:\/\/ceba.ca\/fr\/news\/ceba-extended-to-january\/\"><span style=\"font-weight: 400;\">prolonger le d\u00e9lai jusqu&#039;au 18 janvier 2024<\/span><\/a><span style=\"font-weight: 400;\">, par rapport \u00e0 la date stipul\u00e9e pr\u00e9c\u00e9demment du 31 d\u00e9cembre 2023. Il a \u00e9galement \u00e9largi les flexibilit\u00e9s pour les titulaires de pr\u00eats CUEC \u00e0 Ajax, qui souhaitent se qualifier pour une remise partielle de pr\u00eat, qui peut atteindre 33 pour cent.<\/span><\/p>\n<p><span style=\"font-weight: 400;\">Pour les entreprises d&#039;Ajax cherchant \u00e0 se refinancer, une demande aupr\u00e8s de l&#039;institution financi\u00e8re est une \u00e9tape obligatoire. La date limite pour les titulaires du CUEC d&#039;Ajax pour demander une remise partielle de pr\u00eat a \u00e9galement \u00e9t\u00e9 prolong\u00e9e jusqu&#039;au 18 janvier 2024. Cette prolongation permet aux entreprises d&#039;Ajax d&#039;obtenir une prolongation de refinancement jusqu&#039;au 28 mars 2024.<\/span><\/p>\n<p><span style=\"font-weight: 400;\">Afin d&#039;encourager le remboursement en temps opportun, le gouvernement a attach\u00e9 des avantages \u00e0 cette date limite pour les titulaires de pr\u00eat CUEC \u00e0 Ajax. Si le pr\u00eat est rembours\u00e9 au plus tard \u00e0 la date limite r\u00e9vis\u00e9e, ou avant le refinancement <\/span><a href=\"https:\/\/ceba.ca\/fr\/information\/ceba-update-availability-and-extension\/\"><span style=\"font-weight: 400;\">d\u00e9lai de prolongation<\/span><\/a><span style=\"font-weight: 400;\"> (\u00e0 condition qu&#039;une demande de refinancement ait \u00e9t\u00e9 soumise avant le 18 janvier 2024), les entreprises d&#039;Ajax seront admissibles \u00e0 une remise partielle de pr\u00eat. Ils peuvent s\u2019attendre \u00e0 une remise de $10 000 pour un pr\u00eat de $40 000 et de $20 000 pour un pr\u00eat de $60 000. Ce geste r\u00e9duit consid\u00e9rablement la charge financi\u00e8re de ces entreprises.<\/span><\/p>\n<p><span style=\"font-weight: 400;\">Cependant, pour les entreprises d&#039;Ajax qui ne respectent pas la date limite de remboursement du pr\u00eat, \u00e0 compter du 19 janvier 2024, tout solde restant du pr\u00eat CUEC sera converti en un pr\u00eat \u00e0 terme d&#039;une dur\u00e9e de trois ans. Cette conversion signifie la fin de l\u2019avantage du taux z\u00e9ro. Au lieu de cela, un taux d\u2019int\u00e9r\u00eat annuel 5% sera factur\u00e9 sur le solde impay\u00e9.<\/span><\/p>\n<p><span style=\"font-weight: 400;\">La date limite de remboursement int\u00e9gral pour les entreprises d&#039;Ajax a \u00e9galement \u00e9t\u00e9 repouss\u00e9e d&#039;une ann\u00e9e enti\u00e8re, soit au 31 d\u00e9cembre 2026, par rapport \u00e0 la date initiale du 31 d\u00e9cembre 2025. Malgr\u00e9 le co\u00fbt suppl\u00e9mentaire des int\u00e9r\u00eats annuels 5%, ce changement signifie le maintien du gouvernement canadien. engagement envers la flexibilit\u00e9 et le soutien aux entreprises d\u2019Ajax en ces temps \u00e9conomiquement difficiles.<\/span><\/p>\n<h2><span style=\"font-weight: 400;\">Options de remboursement du CUEC pour les entreprises d&#039;Ajax<\/span><\/h2>\n<p><span style=\"font-weight: 400;\">Dans la ville d\u2019Ajax, il est crucial de comprendre les options de remboursement des pr\u00eats CUEC disponibles. Diff\u00e9rentes institutions financi\u00e8res \u00e0 Ajax peuvent offrir diff\u00e9rentes voies d&#039;acc\u00e8s <\/span><a href=\"https:\/\/ceba.ca\/fr\/ceba-loan-repayment\/\"><span style=\"font-weight: 400;\">rembourseurs<\/span><\/a><span style=\"font-weight: 400;\">t, y compris les paiements mensuels automatis\u00e9s ou les m\u00e9thodes de paiement en ligne et sur application mobile. Il est conseill\u00e9 de contacter votre banque ou institution financi\u00e8re pour identifier l&#039;option de remboursement la mieux adapt\u00e9e \u00e0 votre situation.<\/span><\/p>\n<h3><span style=\"font-weight: 400;\">Remboursements des services bancaires en ligne et des applications mobiles<\/span><\/h3>\n<p><span style=\"font-weight: 400;\">Les entreprises d&#039;Ajax peuvent g\u00e9rer efficacement leur processus de remboursement de pr\u00eat CUEC gr\u00e2ce aux services bancaires en ligne et aux remboursements d&#039;applications mobiles. De nombreuses banques et \u00e9tablissements financiers d&#039;Ajax offrent ces services, permettant aux emprunteurs d&#039;effectuer des transactions \u00e0 leur convenance, au lieu de se rendre \u00e0 la banque en personne ou d&#039;appeler le <\/span><a href=\"https:\/\/ceba-cuec.ca\/contact\/\" target=\"_blank\" rel=\"noopener\"><span style=\"font-weight: 400;\">Centre d&#039;appels CEBA<\/span><\/a><span style=\"font-weight: 400;\">. Les d\u00e9tails du compte de pr\u00eat peuvent \u00eatre ajout\u00e9s \u00e0 votre banque en ligne ou \u00e0 votre application mobile, facilitant ainsi le transfert de fonds pour des remboursements en temps opportun.<\/span><\/p>\n<h3><span style=\"font-weight: 400;\">Paiements mensuels automatiques<\/span><\/h3>\n<p><span style=\"font-weight: 400;\">Les paiements mensuels automatiques repr\u00e9sentent une autre option pour les propri\u00e9taires d\u2019entreprise d\u2019Ajax qui recherchent une approche simplifi\u00e9e pour le remboursement de leur pr\u00eat CUEC. Cette m\u00e9thode consiste \u00e0 mettre en place un virement r\u00e9gulier avec votre institution financi\u00e8re \u00e0 Ajax. Chaque mois, la somme convenue est automatiquement d\u00e9duite de votre compte, garantissant ainsi des remboursements coh\u00e9rents et ponctuels. Pour activer ce service \u00e0 Ajax, vous devrez fournir les d\u00e9tails du pr\u00eat n\u00e9cessaires \u00e0 votre banque.<\/span><\/p>\n<h2><span style=\"font-weight: 400;\">Conclusion<\/span><\/h2>\n<p><span style=\"font-weight: 400;\">En conclusion, le pr\u00eat du CUEC a offert une bou\u00e9e de sauvetage vitale aux entreprises d\u2019Ajax pendant la pand\u00e9mie de COVID-19. Les r\u00e9centes modifications ont introduit un calendrier de remboursement plus flexible et des possibilit\u00e9s d&#039;annulation partielle du pr\u00eat, d\u00e9montrant le soutien continu du gouvernement canadien. Il est crucial pour les entreprises d&#039;Ajax de comprendre leurs options de remboursement, y compris les remboursements en ligne et les paiements mensuels automatiques. Dans l\u2019ensemble, l\u2019impact du pr\u00eat CUEC continuera de fa\u00e7onner le paysage commercial d\u2019Ajax.<\/span><\/p>","protected":false},"excerpt":{"rendered":"<p>The Canada Emergency Business Account (CEBA) is a lifeline for small businesses grappling with the economic impacts of the COVID-19 pandemic. Whether you live in Ajax or any other city in Canada, this program aims to provide financial support to small businesses and not-for-profits that have been affected by the pandemic. This blog is about [&hellip;]<\/p>\n","protected":false},"author":2,"featured_media":6739,"parent":0,"menu_order":0,"comment_status":"closed","ping_status":"closed","template":"","meta":{"footnotes":""},"class_list":["post-6693","page","type-page","status-publish","has-post-thumbnail","hentry"],"_links":{"self":[{"href":"https:\/\/ceba.ca\/fr\/wp-json\/wp\/v2\/pages\/6693","targetHints":{"allow":["GET"]}}],"collection":[{"href":"https:\/\/ceba.ca\/fr\/wp-json\/wp\/v2\/pages"}],"about":[{"href":"https:\/\/ceba.ca\/fr\/wp-json\/wp\/v2\/types\/page"}],"author":[{"embeddable":true,"href":"https:\/\/ceba.ca\/fr\/wp-json\/wp\/v2\/users\/2"}],"replies":[{"embeddable":true,"href":"https:\/\/ceba.ca\/fr\/wp-json\/wp\/v2\/comments?post=6693"}],"version-history":[{"count":3,"href":"https:\/\/ceba.ca\/fr\/wp-json\/wp\/v2\/pages\/6693\/revisions"}],"predecessor-version":[{"id":6760,"href":"https:\/\/ceba.ca\/fr\/wp-json\/wp\/v2\/pages\/6693\/revisions\/6760"}],"wp:featuredmedia":[{"embeddable":true,"href":"https:\/\/ceba.ca\/fr\/wp-json\/wp\/v2\/media\/6739"}],"wp:attachment":[{"href":"https:\/\/ceba.ca\/fr\/wp-json\/wp\/v2\/media?parent=6693"}],"curies":[{"name":"wp","href":"https:\/\/api.w.org\/{rel}","templated":true}]}}