{"id":6687,"date":"2023-11-25T00:40:13","date_gmt":"2023-11-25T05:40:13","guid":{"rendered":"https:\/\/ceba.ca\/?page_id=6687"},"modified":"2023-11-28T13:47:42","modified_gmt":"2023-11-28T18:47:42","slug":"ceba-loan-in-cambridge","status":"publish","type":"page","link":"https:\/\/ceba.ca\/fr\/ceba-loan-in-cambridge\/","title":{"rendered":"Pr\u00eat CUEC \u00e0 Cambridge"},"content":{"rendered":"<p><span style=\"font-weight: 400;\">Le Compte d\u2019urgence pour les entreprises canadiennes (CUEC) est une bou\u00e9e de sauvetage pour les petites entreprises aux prises avec les r\u00e9percussions \u00e9conomiques de la pand\u00e9mie de COVID-19. Que vous viviez \u00e0 Cambridge ou dans toute autre ville du Canada, ce programme vise \u00e0 apporter un soutien financier aux petites entreprises et aux organismes \u00e0 but non lucratif touch\u00e9s par la pand\u00e9mie.<\/span><\/p>\n<p><span style=\"font-weight: 400;\">Ce blog porte sur le pr\u00eat CEBA \u00e0 Cambridge. Aussi, vous comprendrez qu\u2019en tant que citoyen de Cambridge, vous n\u2019\u00eates pas seul dans cette situation.<\/span><\/p>\n<h2><span style=\"font-weight: 400;\">Pr\u00eat CUEC<\/span><\/h2>\n<p><span style=\"font-weight: 400;\">\u00c0 Cambridge, le pr\u00eat CUEC est un signe d&#039;espoir pour de nombreuses entreprises locales. Ce <\/span><a href=\"https:\/\/ceba.ca\/fr\/\"><span style=\"font-weight: 400;\">programme<\/span><\/a><span style=\"font-weight: 400;\"> all\u00e8ge consid\u00e9rablement la pression financi\u00e8re caus\u00e9e par la pand\u00e9mie. Les entreprises de Cambridge peuvent utiliser le pr\u00eat CUEC pour faire face \u00e0 l\u2019incertitude provoqu\u00e9e par la COVID-19. Il est r\u00e9confortant pour les entrepreneurs de Cambridge de savoir qu&#039;ils b\u00e9n\u00e9ficient du soutien du pr\u00eat CUEC en ces temps difficiles.<\/span><\/p>\n<h2><span style=\"font-weight: 400;\">Quand le pr\u00eat CUEC a \u00e9t\u00e9 lanc\u00e9 \u00e0 Cambridge<\/span><\/h2>\n<p><span style=\"font-weight: 400;\">Le Compte d\u2019urgence pour les entreprises canadiennes (CUEC) a \u00e9t\u00e9 inaugur\u00e9 le 9 avril 2020, au plus fort de la crise. <\/span><a href=\"https:\/\/www.who.int\/health-topics\/coronavirus#tab=tab_1\" target=\"_blank\" rel=\"noopener\"><span style=\"font-weight: 400;\">Pand\u00e9mie de covid-19<\/span><\/a><span style=\"font-weight: 400;\">. Cette initiative \u00e9tait une lueur d\u2019espoir pour les entreprises de Cambridge et de tout le pays, confront\u00e9es \u00e0 d\u2019importantes difficult\u00e9s financi\u00e8res. Le programme a inject\u00e9 environ $49 milliards dans l&#039;\u00e9conomie, offrant une bou\u00e9e de sauvetage \u00e0 pr\u00e8s de 900 000 entreprises. Ces entreprises comprenaient principalement des \u00e9tablissements de petite et moyenne taille en difficult\u00e9 \u00e0 cause de la pand\u00e9mie.<\/span><\/p>\n<p><span style=\"font-weight: 400;\">Le pr\u00eat CUEC, avec son <\/span><a href=\"https:\/\/ceba.ca\/fr\/news\/is-ceba-interest-free\/\"><span style=\"font-weight: 400;\">taux d&#039;int\u00e9r\u00eat nul<\/span><\/a><span style=\"font-weight: 400;\"> fonctionnalit\u00e9, a \u00e9t\u00e9 un soulagement pour de nombreuses entreprises de Cambridge. Offrant initialement jusqu&#039;\u00e0 $40,000, le programme a ensuite \u00e9t\u00e9 \u00e9tendu pour fournir jusqu&#039;\u00e0 $60,000. Cette g\u00e9n\u00e9rosit\u00e9 comportait un avantage unique\u00a0: une partie du pr\u00eat a \u00e9t\u00e9 <\/span><a href=\"https:\/\/ceba.ca\/fr\/information\/ceba-forgiveness\/\"><span style=\"font-weight: 400;\">pardonnable<\/span><\/a><span style=\"font-weight: 400;\"> pour les entreprises de Cambridge si certaines conditions \u00e9taient remplies.<\/span><\/p>\n<p><span style=\"font-weight: 400;\">\u00c0 Cambridge, cette aide financi\u00e8re a aid\u00e9 les entreprises \u00e0 faire face aux co\u00fbts non reportables qui ont continu\u00e9 \u00e0 s\u2019accumuler malgr\u00e9 le ralentissement induit par la pand\u00e9mie. Ces co\u00fbts comprenaient le loyer, les services publics, l&#039;assurance, les taxes et les d\u00e9penses d&#039;emploi.<\/span><\/p>\n<h2><span style=\"font-weight: 400;\">Pr\u00eat CUEC \u00e0 Cambridge\u00a0: <\/span><span style=\"font-weight: 400;\">Mis \u00e0 jour <\/span><span style=\"font-weight: 400;\">Conditions<\/span><\/h2>\n<p><span style=\"font-weight: 400;\">Le 14 septembre 2023, le premier ministre a d\u00e9voil\u00e9 <\/span><a href=\"https:\/\/ceba.ca\/fr\/information\/confused-about-the-ceba-deadlines-read-this\/\"><span style=\"font-weight: 400;\">d\u00e9lais r\u00e9vis\u00e9s<\/span><\/a><span style=\"font-weight: 400;\"> pour le <\/span><a href=\"https:\/\/ceba.ca\/fr\/industries\/is-ceba-loan-repayment-extended\/\"><span style=\"font-weight: 400;\">remboursement des pr\u00eats du CUEC<\/span><\/a><span style=\"font-weight: 400;\"> pour les entreprises de Cambridge. Cette nouvelle politique accorde une ann\u00e9e suppl\u00e9mentaire pour le remboursement du pr\u00eat, <\/span><a href=\"https:\/\/ceba.ca\/fr\/news\/ceba-extended-to-january\/\"><span style=\"font-weight: 400;\">prolonger le d\u00e9lai jusqu&#039;au 18 janvier 2024<\/span><\/a><span style=\"font-weight: 400;\">, par rapport \u00e0 la date stipul\u00e9e pr\u00e9c\u00e9demment du 31 d\u00e9cembre 2023. Il a \u00e9galement \u00e9largi les flexibilit\u00e9s pour les titulaires de pr\u00eats CUEC \u00e0 Cambridge, qui souhaitent se qualifier pour une remise partielle de pr\u00eat, qui peut atteindre 33 pour cent.<\/span><\/p>\n<p><span style=\"font-weight: 400;\">Pour les entreprises de Cambridge cherchant \u00e0 se refinancer, une demande aupr\u00e8s de l&#039;institution financi\u00e8re est une \u00e9tape obligatoire. La date limite pour les titulaires du CUEC de Cambridge pour demander une remise partielle de pr\u00eat a \u00e9galement \u00e9t\u00e9 prolong\u00e9e jusqu&#039;au 18 janvier 2024. Cette prolongation permet aux entreprises de Cambridge d&#039;obtenir une prolongation de refinancement jusqu&#039;au 28 mars 2024.<\/span><\/p>\n<p><span style=\"font-weight: 400;\">Dans le but d&#039;encourager le remboursement en temps opportun, le gouvernement a attach\u00e9 des avantages \u00e0 cette date limite pour les titulaires de pr\u00eat CUEC \u00e0 Cambridge. Si le pr\u00eat est rembours\u00e9 au plus tard \u00e0 la date limite r\u00e9vis\u00e9e, ou avant le refinancement <\/span><a href=\"https:\/\/ceba.ca\/fr\/information\/ceba-update-availability-and-extension\/\"><span style=\"font-weight: 400;\">d\u00e9lai de prolongation<\/span><\/a><span style=\"font-weight: 400;\"> (\u00e0 condition qu&#039;une demande de refinancement ait \u00e9t\u00e9 soumise avant le 18 janvier 2024), les entreprises de Cambridge seront admissibles \u00e0 une remise partielle de pr\u00eat. Ils peuvent s\u2019attendre \u00e0 une remise de $10 000 pour un pr\u00eat de $40 000 et de $20 000 pour un pr\u00eat de $60 000. Ce geste r\u00e9duit consid\u00e9rablement la charge financi\u00e8re de ces entreprises.<\/span><\/p>\n<p><span style=\"font-weight: 400;\">Cependant, pour les entreprises de Cambridge qui ne respectent pas la date limite de remboursement du pr\u00eat, \u00e0 compter du 19 janvier 2024, tout solde restant du pr\u00eat CUEC sera converti en un pr\u00eat \u00e0 terme d&#039;une dur\u00e9e de trois ans. Cette conversion signifie la fin de l\u2019avantage du taux z\u00e9ro. Au lieu de cela, un taux d\u2019int\u00e9r\u00eat annuel 5% sera factur\u00e9 sur le solde impay\u00e9.<\/span><\/p>\n<p><span style=\"font-weight: 400;\">La date limite de remboursement int\u00e9gral pour les entreprises de Cambridge a \u00e9galement \u00e9t\u00e9 repouss\u00e9e d&#039;une ann\u00e9e enti\u00e8re, au 31 d\u00e9cembre 2026, par rapport \u00e0 la date initiale du 31 d\u00e9cembre 2025. Malgr\u00e9 le co\u00fbt suppl\u00e9mentaire des int\u00e9r\u00eats annuels 5%, ce changement signifie le maintien du gouvernement canadien engagement en faveur de la flexibilit\u00e9 et du soutien aux entreprises de Cambridge en ces temps \u00e9conomiquement difficiles.<\/span><\/p>\n<h2><span style=\"font-weight: 400;\">Options de remboursement du CUEC pour les entreprises de Cambridge<\/span><\/h2>\n<p><span style=\"font-weight: 400;\">Dans la ville de Cambridge, il est crucial de comprendre les options de remboursement des pr\u00eats CUEC disponibles. Diff\u00e9rentes institutions financi\u00e8res \u00e0 Cambridge peuvent offrir diff\u00e9rentes voies d&#039;acc\u00e8s <\/span><a href=\"https:\/\/ceba.ca\/fr\/ceba-loan-repayment\/\"><span style=\"font-weight: 400;\">rembourseurs<\/span><\/a><span style=\"font-weight: 400;\">t, y compris les paiements mensuels automatis\u00e9s ou les m\u00e9thodes de paiement en ligne et sur application mobile. Il est conseill\u00e9 de contacter votre banque ou institution financi\u00e8re pour identifier l&#039;option de remboursement la mieux adapt\u00e9e \u00e0 votre situation.<\/span><\/p>\n<h3><span style=\"font-weight: 400;\">Remboursements des services bancaires en ligne et des applications mobiles<\/span><\/h3>\n<p><span style=\"font-weight: 400;\">Les entreprises de Cambridge peuvent g\u00e9rer efficacement leur processus de remboursement de pr\u00eat CUEC gr\u00e2ce aux services bancaires en ligne et aux remboursements d&#039;applications mobiles. De nombreuses banques et \u00e9tablissements financiers de Cambridge proposent ces services, permettant aux emprunteurs d&#039;effectuer des transactions \u00e0 leur convenance, au lieu de se rendre \u00e0 la banque en personne ou d&#039;appeler le <\/span><a href=\"https:\/\/ceba-cuec.ca\/contact\/\" target=\"_blank\" rel=\"noopener\"><span style=\"font-weight: 400;\">Centre d&#039;appels CEBA<\/span><\/a><span style=\"font-weight: 400;\">. Les d\u00e9tails du compte de pr\u00eat peuvent \u00eatre ajout\u00e9s \u00e0 votre banque en ligne ou \u00e0 votre application mobile, facilitant ainsi le transfert de fonds pour des remboursements en temps opportun.<\/span><\/p>\n<h3><span style=\"font-weight: 400;\">Paiements mensuels automatiques<\/span><\/h3>\n<p><span style=\"font-weight: 400;\">Les paiements mensuels automatiques repr\u00e9sentent une autre option pour les propri\u00e9taires d\u2019entreprise de Cambridge qui recherchent une approche simplifi\u00e9e pour le remboursement de leur pr\u00eat CUEC. Cette m\u00e9thode consiste \u00e0 mettre en place un virement r\u00e9gulier avec votre institution financi\u00e8re \u00e0 Cambridge. Chaque mois, la somme convenue est automatiquement d\u00e9duite de votre compte, garantissant ainsi des remboursements coh\u00e9rents et ponctuels. Pour activer ce service \u00e0 Cambridge, vous devrez fournir les d\u00e9tails du pr\u00eat n\u00e9cessaires \u00e0 votre banque.<\/span><\/p>\n<h2><span style=\"font-weight: 400;\">Conclusion<\/span><\/h2>\n<p><span style=\"font-weight: 400;\">En conclusion, le pr\u00eat CUEC a offert une bou\u00e9e de sauvetage vitale aux entreprises de Cambridge pendant la pand\u00e9mie de COVID-19. Les r\u00e9centes modifications ont introduit un calendrier de remboursement plus flexible et des possibilit\u00e9s d&#039;annulation partielle du pr\u00eat, d\u00e9montrant le soutien continu du gouvernement canadien. Il est essentiel que les entreprises de Cambridge comprennent leurs options de remboursement, y compris les remboursements en ligne et les paiements mensuels automatiques. Dans l\u2019ensemble, l\u2019impact du pr\u00eat CUEC continuera de fa\u00e7onner le paysage commercial \u00e0 Cambridge.<\/span><\/p>","protected":false},"excerpt":{"rendered":"<p>The Canada Emergency Business Account (CEBA) is a lifeline for small businesses grappling with the economic impacts of the COVID-19 pandemic. Whether you live in Cambridge or any other city in Canada, this program aims to provide financial support to small businesses and not-for-profits that have been affected by the pandemic. This blog is about [&hellip;]<\/p>\n","protected":false},"author":2,"featured_media":6742,"parent":0,"menu_order":0,"comment_status":"closed","ping_status":"closed","template":"","meta":{"footnotes":""},"class_list":["post-6687","page","type-page","status-publish","has-post-thumbnail","hentry"],"_links":{"self":[{"href":"https:\/\/ceba.ca\/fr\/wp-json\/wp\/v2\/pages\/6687","targetHints":{"allow":["GET"]}}],"collection":[{"href":"https:\/\/ceba.ca\/fr\/wp-json\/wp\/v2\/pages"}],"about":[{"href":"https:\/\/ceba.ca\/fr\/wp-json\/wp\/v2\/types\/page"}],"author":[{"embeddable":true,"href":"https:\/\/ceba.ca\/fr\/wp-json\/wp\/v2\/users\/2"}],"replies":[{"embeddable":true,"href":"https:\/\/ceba.ca\/fr\/wp-json\/wp\/v2\/comments?post=6687"}],"version-history":[{"count":3,"href":"https:\/\/ceba.ca\/fr\/wp-json\/wp\/v2\/pages\/6687\/revisions"}],"predecessor-version":[{"id":7017,"href":"https:\/\/ceba.ca\/fr\/wp-json\/wp\/v2\/pages\/6687\/revisions\/7017"}],"wp:featuredmedia":[{"embeddable":true,"href":"https:\/\/ceba.ca\/fr\/wp-json\/wp\/v2\/media\/6742"}],"wp:attachment":[{"href":"https:\/\/ceba.ca\/fr\/wp-json\/wp\/v2\/media?parent=6687"}],"curies":[{"name":"wp","href":"https:\/\/api.w.org\/{rel}","templated":true}]}}