{"id":6641,"date":"2023-11-09T11:07:31","date_gmt":"2023-11-09T16:07:31","guid":{"rendered":"https:\/\/ceba.ca\/?page_id=6641"},"modified":"2023-11-09T11:07:31","modified_gmt":"2023-11-09T16:07:31","slug":"ceba-loan-for-toys-comics-hobbies-gifts-art-supplies-books-and-collectibles","status":"publish","type":"page","link":"https:\/\/ceba.ca\/fr\/ceba-loan-for-toys-comics-hobbies-gifts-art-supplies-books-and-collectibles\/","title":{"rendered":"Pr\u00eat CEBA pour jouets, bandes dessin\u00e9es, loisirs, cadeaux, fournitures d&#039;art, livres et objets de collection"},"content":{"rendered":"<p><span style=\"font-weight: 400;\">Les entreprises telles que les jouets, les bandes dessin\u00e9es, les loisirs, les cadeaux, les fournitures artistiques, les livres et les objets de collection ont \u00e9t\u00e9 confront\u00e9es \u00e0 des d\u00e9fis financiers dans le pass\u00e9. Le plus gros probl\u00e8me \u00e9tait bien s\u00fbr le COVID-19 et son impact sur les entreprises. De nombreux jouets, bandes dessin\u00e9es, passe-temps, cadeaux, fournitures artistiques, livres et objets de collection ont vu leur nombre de clients et leurs revenus diminuer pendant cette p\u00e9riode de crise. Mais cela d\u00e9pend du gouvernement canadien et du programme CEBA. Les entreprises de jouets, de bandes dessin\u00e9es, de loisirs, de cadeaux, de fournitures artistiques, de livres et d&#039;objets de collection ont pu recevoir une aide financi\u00e8re pendant ces temps difficiles.<\/span><\/p>\n<p><span style=\"font-weight: 400;\">Dans cet article de blog, nous discuterons du pr\u00eat CUEC pour les jouets, les bandes dessin\u00e9es, les passe-temps, les cadeaux, les fournitures artistiques, les livres et les objets de collection. Nous parlerons \u00e9galement des conditions g\u00e9n\u00e9rales r\u00e9vis\u00e9es que les entreprises de jouets, de bandes dessin\u00e9es, de loisirs, de cadeaux, de fournitures artistiques, de livres et d&#039;objets de collection doivent conna\u00eetre.<\/span><\/p>\n<h2><span style=\"font-weight: 400;\">Pr\u00eat CEBA pour jouets, bandes dessin\u00e9es, loisirs, cadeaux, fournitures d&#039;art, livres et objets de collection<\/span><\/h2>\n<p><span style=\"font-weight: 400;\">Le Compte d\u2019urgence pour les entreprises canadiennes, ou CUEC, est un <\/span><span style=\"font-weight: 400;\">programme de pr\u00eat<\/span><span style=\"font-weight: 400;\">. Il est con\u00e7u pour fournir une aide financi\u00e8re aux petites entreprises telles que les jouets, les bandes dessin\u00e9es, les loisirs, les cadeaux, les fournitures artistiques, les livres et les objets de collection pendant la pand\u00e9mie de COVID-19. Ce programme a pris son envol le 9 avril 2020. Le CEBA est devenu un outil de soutien important pour d&#039;innombrables jouets, bandes dessin\u00e9es, passe-temps, cadeaux, fournitures artistiques, livres et objets de collection qui ont \u00e9t\u00e9 consid\u00e9rablement touch\u00e9s par la crise. <\/span><a href=\"https:\/\/www.who.int\/health-topics\/coronavirus#tab=tab_1\" target=\"_blank\" rel=\"noopener\"><span style=\"font-weight: 400;\">Crise du COVID-19<\/span><\/a><span style=\"font-weight: 400;\">. Le pr\u00eat CUEC pour les jouets, les bandes dessin\u00e9es, les passe-temps, les cadeaux, les fournitures artistiques, les livres et les objets de collection constitue une bou\u00e9e de sauvetage vitale, aidant ces entreprises \u00e0 traverser cette p\u00e9riode difficile. Par cons\u00e9quent, il devient crucial pour les jouets, les bandes dessin\u00e9es, les loisirs, les cadeaux, les fournitures artistiques, les livres et les objets de collection de comprendre les opportunit\u00e9s offertes par ce programme de pr\u00eat.<\/span><\/p>\n<h2><span style=\"font-weight: 400;\">Comment le pr\u00eat CUEC pour les jouets, les bandes dessin\u00e9es, les loisirs, les cadeaux, les fournitures d&#039;art, les livres et les objets de collection aide<\/span><\/h2>\n<p><span style=\"font-weight: 400;\">Le <a href=\"https:\/\/ceba-cuec.ca\/\" target=\"_blank\" rel=\"noopener\">Compte d&#039;urgence pour les entreprises canadiennes (CUEC)<\/a> a \u00e9t\u00e9 une oasis dans le d\u00e9sert pour de nombreuses entit\u00e9s de l&#039;industrie des jouets, des bandes dessin\u00e9es, des loisirs, des cadeaux, des fournitures artistiques, des livres et des objets de collection, offrant un moyen de survie. Cette initiative a inject\u00e9 dans l\u2019\u00e9conomie un montant impressionnant de $49 milliards de pr\u00eats. Il a aid\u00e9 le cadre financier d&#039;environ 900 000 entreprises, dont beaucoup appartiennent au secteur des jouets, des bandes dessin\u00e9es, des loisirs, des cadeaux, des fournitures artistiques, des livres et des objets de collection.<\/span><\/p>\n<p><span style=\"font-weight: 400;\">Le pr\u00eat CUEC pour les jouets, les bandes dessin\u00e9es, les passe-temps, les cadeaux, les fournitures artistiques, les livres et les objets de collection s&#039;est r\u00e9v\u00e9l\u00e9 particuli\u00e8rement b\u00e9n\u00e9fique pour g\u00e9rer les d\u00e9penses non reportables, les co\u00fbts tenaces qui persistent quel que soit le contexte des affaires. Pensez aux factures omnipr\u00e9sentes de loyer, de services publics et d\u2019assurance, aux obligations financi\u00e8res continues envers les employ\u00e9s et aux in\u00e9vitables imp\u00f4ts. Le programme CEBA a offert un pr\u00eat \u00e0 taux z\u00e9ro de $40 000. Cependant, compte tenu de l&#039;urgence du besoin, cette limite a \u00e9t\u00e9 par la suite augment\u00e9e \u00e0 $60 000.<\/span><\/p>\n<p><span style=\"font-weight: 400;\">Une partie de ce pr\u00eat pourrait \u00eatre totalement annul\u00e9e, \u00e9tant donn\u00e9 que les jouets, bandes dessin\u00e9es, loisirs, cadeaux, fournitures artistiques, livres et objets de collection remplissent certaines conditions. Cette fonctionnalit\u00e9 offre un soulagement financier important, en particulier pour les entreprises du secteur des jouets, des bandes dessin\u00e9es, des loisirs, des cadeaux, des fournitures artistiques, des livres et des objets de collection. Par cons\u00e9quent, le pr\u00eat CUEC pour les jouets, les bandes dessin\u00e9es, les passe-temps, les cadeaux, les fournitures artistiques, les livres et les objets de collection a effectivement \u00e9t\u00e9 une lueur d\u2019espoir en ces temps difficiles.<\/span><\/p>\n<h2><span style=\"font-weight: 400;\">Modifications r\u00e9centes du pr\u00eat CUEC pour les jouets, les bandes dessin\u00e9es, les loisirs, les cadeaux, les fournitures d&#039;art, les livres et les objets de collection<\/span><\/h2>\n<p><span style=\"font-weight: 400;\">Dans un d\u00e9veloppement important, le 14 septembre 2023, le premier ministre a annonc\u00e9 des d\u00e9lais r\u00e9vis\u00e9s pour le remboursement des pr\u00eats du CUEC, y compris ceux obtenus par les entreprises de jouets, de bandes dessin\u00e9es, de passe-temps, de cadeaux, de fournitures d&#039;art, de livres et d&#039;objets de collection. Cette r\u00e9vision a accord\u00e9 aux b\u00e9n\u00e9ficiaires du pr\u00eat une ann\u00e9e suppl\u00e9mentaire pour rembourser, \u00e9largissant simultan\u00e9ment les possibilit\u00e9s pour les entreprises de b\u00e9n\u00e9ficier d&#039;une remise partielle de pr\u00eat pouvant aller jusqu&#039;\u00e0 33%.<\/span><\/p>\n<p><span style=\"font-weight: 400;\">Concr\u00e8tement, selon les termes de la remise partielle de pr\u00eat du CUEC <\/span><a href=\"https:\/\/ceba.ca\/fr\/news\/ceba-extended-to-january\/\"><span style=\"font-weight: 400;\">Date limite<\/span><\/a><span style=\"font-weight: 400;\">Les entreprises de jouets, de bandes dessin\u00e9es, de loisirs, de cadeaux, de fournitures d&#039;art, de livres et d&#039;objets de collection ont d\u00e9sormais jusqu&#039;au 18 janvier 2024 pour b\u00e9n\u00e9ficier d&#039;une remise partielle de pr\u00eat. Cela marque un <\/span><a href=\"https:\/\/ceba.ca\/fr\/news\/will-ceba-be-extended-again\/\"><span style=\"font-weight: 400;\">extension<\/span><\/a><span style=\"font-weight: 400;\"> \u00e0 partir de la date limite initiale du 31 d\u00e9cembre 2023. Pour les entreprises du secteur des jouets, des bandes dessin\u00e9es, des loisirs, des cadeaux, des fournitures d&#039;art, des livres et des objets de collection souhaitant refinancer leurs pr\u00eats, les demandes doivent \u00eatre soumises \u00e0 leurs institutions financi\u00e8res respectives avant le 18 janvier 2024. En cas de succ\u00e8s du refinancement, ces entreprises obtiennent une prolongation jusqu&#039;au 28 mars 2024 pour pouvoir b\u00e9n\u00e9ficier d&#039;une remise de pr\u00eat.<\/span><\/p>\n<p><span style=\"font-weight: 400;\">Pour le remboursement final de tous les pr\u00eats CUEC en cours, y compris ceux d\u00e9tenus par les entreprises de jouets, de bandes dessin\u00e9es, de loisirs, de cadeaux, de fournitures artistiques, de livres et d&#039;objets de collection, la nouvelle date limite est le 31 d\u00e9cembre 2026. Ce d\u00e9lai prolong\u00e9 s&#039;applique universellement \u00e0 tous les pr\u00eats, bandes dessin\u00e9es et jouets. , passe-temps, cadeaux, fournitures artistiques, entreprises de livres et d&#039;objets de collection, sans exception. Cela signifie que les entreprises de jouets, de bandes dessin\u00e9es, de loisirs, de cadeaux, de fournitures d&#039;art, de livres et d&#039;objets de collection disposent d\u00e9sormais d&#039;une ann\u00e9e suppl\u00e9mentaire par rapport \u00e0 la date limite de remboursement pr\u00e9c\u00e9dente du 31 d\u00e9cembre 2025, pour finaliser le remboursement sans encourir de p\u00e9nalit\u00e9s.<\/span><\/p>\n<p><span style=\"font-weight: 400;\">Les pr\u00eats \u00e0 terme d\u00e9tenus par les entreprises de jouets, de bandes dessin\u00e9es, de loisirs, de cadeaux, de fournitures artistiques, de livres et d&#039;objets de collection b\u00e9n\u00e9ficieront d&#039;un taux d&#039;int\u00e9r\u00eat annuel de 5%, applicable au solde restant du pr\u00eat. Cependant, la fr\u00e9quence sp\u00e9cifique de ces paiements d&#039;int\u00e9r\u00eats peut varier selon les diff\u00e9rentes entreprises de jouets, de bandes dessin\u00e9es, de loisirs, de cadeaux, de fournitures artistiques, de livres et d&#039;objets de collection, refl\u00e9tant les politiques et proc\u00e9dures individuelles de leurs institutions financi\u00e8res respectives en mati\u00e8re de paiement d&#039;int\u00e9r\u00eats.<\/span><\/p>\n<p><span style=\"font-weight: 400;\">Malgr\u00e9 les d\u00e9fis consid\u00e9rables engendr\u00e9s par la pand\u00e9mie mondiale, le secteur des jouets, des bandes dessin\u00e9es, des passe-temps, des cadeaux, des fournitures d&#039;art, des livres et des objets de collection a fait preuve d&#039;une r\u00e9silience remarquable, rendue possible en partie gr\u00e2ce au soutien financier accord\u00e9 par les pr\u00eats du CUEC.<\/span><\/p>\n<h2><span style=\"font-weight: 400;\">M\u00e9thodes de remboursement des pr\u00eats CUEC pour les jouets, les bandes dessin\u00e9es, les loisirs, les cadeaux, les fournitures d&#039;art, les livres et les objets de collection<\/span><\/h2>\n<p><span style=\"font-weight: 400;\">Les entreprises de jouets, de bandes dessin\u00e9es, de passe-temps, de cadeaux, de fournitures d&#039;art, de livres et d&#039;objets de collection disposent des options de remboursement suivantes dans le cadre du programme de pr\u00eat CUEC\u00a0:<\/span><\/p>\n<ul>\n<li style=\"font-weight: 400;\" aria-level=\"1\"><span style=\"font-weight: 400;\">Services bancaires en ligne<\/span><\/li>\n<li style=\"font-weight: 400;\" aria-level=\"1\"><span style=\"font-weight: 400;\">Application mobile<\/span><\/li>\n<li style=\"font-weight: 400;\" aria-level=\"1\"><span style=\"font-weight: 400;\">Paiements mensuels automatiques<\/span><\/li>\n<li style=\"font-weight: 400;\" aria-level=\"1\"><span style=\"font-weight: 400;\">Op\u00e9rations aux guichets automatiques<\/span><\/li>\n<\/ul>\n<h2><span style=\"font-weight: 400;\">Que se passe-t-il si les jouets, bandes dessin\u00e9es, passe-temps, cadeaux, fournitures d&#039;art, livres et objets de collection ne remboursent pas le CUEC\u00a0?<\/span><\/h2>\n<p><span style=\"font-weight: 400;\">Si les entreprises de jouets, de bandes dessin\u00e9es, de passe-temps, de cadeaux, de fournitures d\u2019art, de livres et d\u2019objets de collection ne parviennent pas \u00e0 rembourser leurs pr\u00eats CUEC avant la date limite finale, soit le 31 d\u00e9cembre 2026, elles risquent de se retrouver en d\u00e9faut de paiement. Cela d\u00e9clencherait des recouvrements initi\u00e9s par l&#039;Agence du revenu du Canada (ARC). La gravit\u00e9 et la persistance des efforts de recouvrement de l&#039;ARC peuvent varier, souvent influenc\u00e9es par des situations individuelles.\u00a0<\/span><\/p>\n<p><span style=\"font-weight: 400;\">Les entreprises de jouets, de bandes dessin\u00e9es, de loisirs, de cadeaux, de fournitures d&#039;art, de livres et d&#039;objets de collection qui ont fait preuve de diligence dans leurs paiements d&#039;int\u00e9r\u00eats mensuels mais qui ont eu des difficult\u00e9s \u00e0 rembourser le montant principal du pr\u00eat peuvent \u00eatre en mesure de n\u00e9gocier un plan de remboursement plus cl\u00e9ment avec leurs pr\u00eateurs. Il est toutefois recommand\u00e9 \u00e0 ces entreprises de trouver un autre pr\u00eateur avant la date limite ultime du 31 d\u00e9cembre 2026.\u00a0<\/span><\/p>\n<p><span style=\"font-weight: 400;\">Cette mesure proactive peut prot\u00e9ger les entreprises de jouets, de bandes dessin\u00e9es, de passe-temps, de cadeaux, de fournitures artistiques, de livres et d\u2019objets de collection contre le d\u00e9faut de paiement, les impacts potentiels sur leur cote de cr\u00e9dit et les complications de recouvrement qui en d\u00e9coulent. Par cons\u00e9quent, m\u00eame si le pr\u00eat CUEC a constitu\u00e9 un m\u00e9canisme de soutien essentiel en ces temps difficiles, il est essentiel que les entreprises planifient et agissent judicieusement pour \u00e9viter d\u2019\u00e9ventuels obstacles financiers.<\/span><\/p>\n<h2><span style=\"font-weight: 400;\">Conclusion<\/span><\/h2>\n<p><span style=\"font-weight: 400;\">Ainsi, le pr\u00eat CUEC pour les jouets, les bandes dessin\u00e9es, les passe-temps, les cadeaux, les fournitures artistiques, les livres et les objets de collection a \u00e9t\u00e9 une aubaine pour les entreprises du secteur, apportant une aide financi\u00e8re indispensable. Les r\u00e9cents changements dans les d\u00e9lais de remboursement ont prolong\u00e9 la p\u00e9riode de support et augment\u00e9 les possibilit\u00e9s de remboursement partiel. <\/span><a href=\"https:\/\/ceba.ca\/fr\/news\/is-ceba-loan-forgiveness-taxable-in-2023\/\"><span style=\"font-weight: 400;\">remise de pr\u00eat<\/span><\/a><span style=\"font-weight: 400;\">. Cependant, il est essentiel que les entreprises de jouets, de bandes dessin\u00e9es, de loisirs, de cadeaux, de fournitures artistiques, de livres et d\u2019objets de collection planifient et ex\u00e9cutent soigneusement leurs strat\u00e9gies de remboursement afin d\u2019\u00e9viter les cons\u00e9quences potentielles d\u2019un non-paiement.<\/span><\/p>","protected":false},"excerpt":{"rendered":"<p>Businesses like toys, comics, hobbies, gifts, art supplies, books and collectibles faced financial challenges in the past. The biggest problem was, of course, COVID-19 and the impact it had on businesses. Many toys, comics, hobbies, gifts, art supplies, books and collectibles saw a decrease in clients and revenue during this time of crisis. But that&#8217;s [&hellip;]<\/p>\n","protected":false},"author":2,"featured_media":6642,"parent":0,"menu_order":0,"comment_status":"closed","ping_status":"closed","template":"","meta":{"footnotes":""},"class_list":["post-6641","page","type-page","status-publish","has-post-thumbnail","hentry"],"_links":{"self":[{"href":"https:\/\/ceba.ca\/fr\/wp-json\/wp\/v2\/pages\/6641","targetHints":{"allow":["GET"]}}],"collection":[{"href":"https:\/\/ceba.ca\/fr\/wp-json\/wp\/v2\/pages"}],"about":[{"href":"https:\/\/ceba.ca\/fr\/wp-json\/wp\/v2\/types\/page"}],"author":[{"embeddable":true,"href":"https:\/\/ceba.ca\/fr\/wp-json\/wp\/v2\/users\/2"}],"replies":[{"embeddable":true,"href":"https:\/\/ceba.ca\/fr\/wp-json\/wp\/v2\/comments?post=6641"}],"version-history":[{"count":2,"href":"https:\/\/ceba.ca\/fr\/wp-json\/wp\/v2\/pages\/6641\/revisions"}],"predecessor-version":[{"id":6644,"href":"https:\/\/ceba.ca\/fr\/wp-json\/wp\/v2\/pages\/6641\/revisions\/6644"}],"wp:featuredmedia":[{"embeddable":true,"href":"https:\/\/ceba.ca\/fr\/wp-json\/wp\/v2\/media\/6642"}],"wp:attachment":[{"href":"https:\/\/ceba.ca\/fr\/wp-json\/wp\/v2\/media?parent=6641"}],"curies":[{"name":"wp","href":"https:\/\/api.w.org\/{rel}","templated":true}]}}