{"id":6633,"date":"2023-11-09T10:43:00","date_gmt":"2023-11-09T15:43:00","guid":{"rendered":"https:\/\/ceba.ca\/?page_id=6633"},"modified":"2023-11-09T10:43:00","modified_gmt":"2023-11-09T15:43:00","slug":"ceba-loan-for-grocery","status":"publish","type":"page","link":"https:\/\/ceba.ca\/fr\/ceba-loan-for-grocery\/","title":{"rendered":"Pr\u00eat CUEC pour l&#039;\u00e9picerie"},"content":{"rendered":"<p><span style=\"font-weight: 400;\">Les entreprises alimentaires ont \u00e9t\u00e9 confront\u00e9es \u00e0 de nombreux d\u00e9fis au fil des ann\u00e9es. Parmi les plus grands d\u00e9fis figurent la gestion des flux de tr\u00e9sorerie, le maintien des niveaux de stocks et la gestion de la concurrence provoqu\u00e9e par le COVID-19. En raison de ces d\u00e9fis, de nombreuses entreprises d\u2019alimentation ont demand\u00e9 une aide financi\u00e8re sous forme de pr\u00eats pour les aider \u00e0 rester \u00e0 flot et \u00e0 continuer de servir leurs communaut\u00e9s.<\/span><\/p>\n<p><span style=\"font-weight: 400;\">Pour aider \u00e0 att\u00e9nuer certaines de ces difficult\u00e9s, le gouvernement canadien a introduit un pr\u00eat CUEC pour les entreprises d&#039;alimentation. Examinons donc de plus pr\u00e8s ce qu\u2019offre ce programme de pr\u00eat et comment il peut profiter aux entreprises d\u2019alimentation.<\/span><\/p>\n<h2><span style=\"font-weight: 400;\">Qu\u2019est-ce que le pr\u00eat CEBA pour l\u2019\u00e9picerie\u00a0?<\/span><\/h2>\n<p><span style=\"font-weight: 400;\">Le CUEC, ou le <\/span><a href=\"https:\/\/ceba-cuec.ca\/\" target=\"_blank\" rel=\"noopener\"><span style=\"font-weight: 400;\">Compte d&#039;urgence pour les entreprises canadiennes<\/span><\/a><span style=\"font-weight: 400;\">, est un f\u00e9d\u00e9ral <\/span><a href=\"https:\/\/ceba.ca\/fr\/ceba-loan\/\"><span style=\"font-weight: 400;\">programme de pr\u00eat<\/span><\/a><span style=\"font-weight: 400;\"> qui a \u00e9t\u00e9 cr\u00e9\u00e9 pour soutenir les petites entreprises pendant la pand\u00e9mie. Il a \u00e9t\u00e9 lanc\u00e9 le 9 avril 2020. Depuis, il a aid\u00e9 de nombreuses petites entreprises, notamment des \u00e9piceries. Le pr\u00eat visait \u00e0 aider les entreprises alimentaires en difficult\u00e9, notamment en raison de la <\/span><a href=\"https:\/\/www.who.int\/health-topics\/coronavirus#tab=tab_1\" target=\"_blank\" rel=\"noopener\"><span style=\"font-weight: 400;\">Pand\u00e9mie de covid-19<\/span><\/a><span style=\"font-weight: 400;\">. Ce programme a contribu\u00e9 de mani\u00e8re significative \u00e0 l&#039;\u00e9conomie, avec environ $49 milliards. Environ 900 000 entreprises en ont b\u00e9n\u00e9fici\u00e9.<\/span><\/p>\n<h2><span style=\"font-weight: 400;\">Comment le CUEC a-t-il aid\u00e9 les entreprises alimentaires ?<\/span><\/h2>\n<p><span style=\"font-weight: 400;\">Le pr\u00eat CUEC a \u00e9t\u00e9 con\u00e7u pour aider les entreprises comme les stations-service \u00e0 g\u00e9rer leurs co\u00fbts non reportables. Ces co\u00fbts continuent de s\u2019accumuler quel que soit le ralentissement \u00e9conomique et comprennent des d\u00e9penses telles que le loyer, les services publics, les assurances, les imp\u00f4ts et les co\u00fbts li\u00e9s \u00e0 l\u2019emploi. Initialement, le programme offrait un <\/span><a href=\"https:\/\/ceba.ca\/fr\/news\/is-ceba-interest-free\/\"><span style=\"font-weight: 400;\">pr\u00eat \u00e0 taux z\u00e9ro de $40 000<\/span><\/a><span style=\"font-weight: 400;\"> aux stations-service admissibles. Plus tard, ce montant a \u00e9t\u00e9 augment\u00e9 jusqu&#039;\u00e0 $60 000, avec une partie remboursable si des conditions sp\u00e9cifiques \u00e9taient remplies. Pour d\u2019innombrables stations-service, le CUEC a servi de coussin financier, facilitant les op\u00e9rations commerciales dans l\u2019\u00e8re post-COVID.<\/span><\/p>\n<h2><span style=\"font-weight: 400;\">Flexibilit\u00e9 offerte par le gouvernement pour le CUEC<\/span><\/h2>\n<p><span style=\"font-weight: 400;\">Le gouvernement du Canada a offert de la flexibilit\u00e9 dans son approche pour soutenir les entreprises alimentaires au moyen de pr\u00eats du CUEC. Le 14 septembre 2023, une annonce a \u00e9t\u00e9 faite selon laquelle <\/span><a href=\"https:\/\/ceba.ca\/fr\/industries\/is-ceba-loan-repayment-extended\/\"><span style=\"font-weight: 400;\">mis \u00e0 jour les d\u00e9lais de remboursement<\/span><\/a><span style=\"font-weight: 400;\"> pour ces pr\u00eats, y compris ceux utilis\u00e9s par les \u00e9piceries. Cette annonce <\/span><a href=\"https:\/\/ceba.ca\/fr\/information\/ceba-update-availability-and-extension\/\"><span style=\"font-weight: 400;\">\u00e9tendu<\/span><\/a><span style=\"font-weight: 400;\"> la p\u00e9riode de remboursement d&#039;un an suppl\u00e9mentaire, offrant ainsi une marge de man\u0153uvre suppl\u00e9mentaire aux entreprises d&#039;alimentation en difficult\u00e9 financi\u00e8re.<\/span><\/p>\n<p><span style=\"font-weight: 400;\">En outre, les conditions mises \u00e0 jour ont \u00e9galement accru la flexibilit\u00e9 pour les entreprises d\u2019alimentation admissibles \u00e0 une remise partielle de pr\u00eat. Cette remise potentielle pourrait s&#039;\u00e9lever jusqu&#039;\u00e0 33% du pr\u00eat, un soulagement important pour les entreprises d&#039;alimentation qui naviguent dans l&#039;\u00e9conomie post-pand\u00e9mique.<\/span><\/p>\n<p><span style=\"font-weight: 400;\">Selon ce d\u00e9lai r\u00e9vis\u00e9, les stations-service ont d\u00e9sormais jusqu&#039;au 18 janvier 2024 pour rembourser leurs pr\u00eats CUEC. Il s&#039;agit d&#039;une prolongation par rapport \u00e0 la date initiale du 31 d\u00e9cembre 2023. Les entreprises alimentaires souhaitant refinancer leurs pr\u00eats doivent en faire la demande \u00e0 leur institution financi\u00e8re par ce nouveau <\/span><a href=\"https:\/\/ceba.ca\/fr\/information\/confused-about-the-ceba-deadlines-read-this\/\"><span style=\"font-weight: 400;\">date limite<\/span><\/a><span style=\"font-weight: 400;\">.<\/span><\/p>\n<p><span style=\"font-weight: 400;\">Le gouvernement a introduit des incitations au remboursement anticip\u00e9. Une remise partielle de pr\u00eat est disponible pour les entreprises alimentaires qui remboursent leur pr\u00eat avant le 18 janvier 2024 ou avant la date limite de prolongation du refinancement du 28 mars 2024, \u00e0 condition qu&#039;une demande de refinancement ait \u00e9t\u00e9 soumise avant le 18 janvier 2024. Pour un pr\u00eat de $40 000, le le montant de la remise est de $10 000, et pour un pr\u00eat de $60 000, il est de $20 000.<\/span><\/p>\n<p><span style=\"font-weight: 400;\">Mais le non-respect du d\u00e9lai a des cons\u00e9quences. Depuis <\/span><a href=\"https:\/\/ceba.ca\/fr\/news\/ceba-extended-to-january\/\"><span style=\"font-weight: 400;\">19 janvier 2024<\/span><\/a><span style=\"font-weight: 400;\">, tout solde impay\u00e9 du pr\u00eat CUEC sera converti en pr\u00eat \u00e0 terme de trois ans, perdant ainsi le b\u00e9n\u00e9fice du taux d&#039;int\u00e9r\u00eat nul. Un taux d&#039;int\u00e9r\u00eat annuel de 5% sera pr\u00e9lev\u00e9 sur le solde restant, augmentant ainsi la charge financi\u00e8re de ces stations-service.<\/span><\/p>\n<p><span style=\"font-weight: 400;\">Et puis, il y a la date limite pour rembourser tous les arri\u00e9r\u00e9s. <\/span><a href=\"https:\/\/ceba.ca\/fr\/\"><span style=\"font-weight: 400;\">Pr\u00eats CUEC<\/span><\/a><span style=\"font-weight: 400;\">, ainsi que les int\u00e9r\u00eats applicables, fix\u00e9s au 31 d\u00e9cembre 2026. Cette date limite s&#039;applique \u00e0 toutes les entreprises d&#039;alimentation, sans exception. Cela repr\u00e9sente un changement par rapport \u00e0 la date limite pr\u00e9c\u00e9dente, qui \u00e9tait le 31 d\u00e9cembre 2025. Ainsi, toutes les \u00e9piceries disposent d\u00e9sormais d&#039;une ann\u00e9e suppl\u00e9mentaire pour effectuer le remboursement sans aucune p\u00e9nalit\u00e9. <\/span><\/p>\n<p><span style=\"font-weight: 400;\">Les pr\u00eats \u00e0 terme, y compris ceux d\u00e9tenus par les entreprises d&#039;alimentation, sont assujettis \u00e0 un taux d&#039;int\u00e9r\u00eat annuel de 5 pour cent. Ce taux d\u2019int\u00e9r\u00eat s\u2019applique au solde restant des pr\u00eats CUEC. Il est toutefois important de noter que la fr\u00e9quence des paiements d&#039;int\u00e9r\u00eats peut ne pas \u00eatre la m\u00eame pour toutes les entreprises d&#039;alimentation, car elle peut varier selon l&#039;institution financi\u00e8re.<\/span><\/p>\n<h2><span style=\"font-weight: 400;\">Comment les entreprises d\u2019alimentation peuvent-elles rembourser le CUEC\u00a0?<\/span><\/h2>\n<p><span style=\"font-weight: 400;\">Les entreprises alimentaires qui souhaitent rembourser leurs pr\u00eats CUEC peuvent choisir parmi plusieurs m\u00e9thodes pratiques. Les services bancaires en ligne sont un choix populaire, offrant des transactions simples et rapides \u00e0 port\u00e9e de main. Les applications mobiles offrent la flexibilit\u00e9 n\u00e9cessaire pour g\u00e9rer les remboursements de pr\u00eats m\u00eame en d\u00e9placement, garantissant ainsi que votre entreprise d&#039;\u00e9picerie reste au top de ses obligations financi\u00e8res.<\/span><\/p>\n<p><span style=\"font-weight: 400;\">Opter pour des paiements mensuels automatiques peut \u00eatre une autre d\u00e9cision judicieuse. Cette m\u00e9thode \u00e9limine le risque de non-respect des d\u00e9lais, ce qui est crucial pour maximiser les avantages d\u2019exon\u00e9ration de pr\u00eat pour les \u00e9piceries.<\/span><\/p>\n<p><span style=\"font-weight: 400;\">Enfin, les transactions aux guichets automatiques permettent le paiement manuel des pr\u00eats, ce que certains propri\u00e9taires d\u2019\u00e9picerie pourraient pr\u00e9f\u00e9rer. Chaque m\u00e9thode de remboursement pr\u00e9sente ses propres avantages, permettant \u00e0 chaque \u00e9picerie de s\u00e9lectionner celle qui correspond le mieux \u00e0 ses besoins et \u00e0 sa situation.<\/span><\/p>\n<p><span style=\"font-weight: 400;\">Si les entreprises alimentaires ne remboursent pas leurs pr\u00eats CUEC avant la date limite, soit le 31 d\u00e9cembre 2026, elles seront confront\u00e9es \u00e0 un d\u00e9faut de paiement. Cela am\u00e8nerait l\u2019Agence du revenu du Canada (ARC) \u00e0 entreprendre des recouvrements. Toutefois, l&#039;intensit\u00e9 des efforts de recouvrement de l&#039;ARC demeure incertaine. Les \u00e9piceries qui ont g\u00e9r\u00e9 leurs paiements d\u2019int\u00e9r\u00eats mensuels avec diligence mais qui ont eu du mal \u00e0 rembourser le principal pourraient avoir la possibilit\u00e9 de n\u00e9gocier un plan de remboursement plus favorable. <\/span><\/p>\n<p><span style=\"font-weight: 400;\">N\u00e9anmoins, il est recommand\u00e9 \u00e0 ces \u00e9piceries de trouver un autre pr\u00eateur avant la date de fin, le 31 d\u00e9cembre 2026. Cette mesure pourrait prot\u00e9ger les \u00e9piceries contre un d\u00e9faut de paiement, un impact possible sur leur pointage de cr\u00e9dit et des probl\u00e8mes potentiels de recouvrement.<\/span><\/p>\n<h2><span style=\"font-weight: 400;\">Conclusion<\/span><\/h2>\n<p><span style=\"font-weight: 400;\">Le programme de pr\u00eat CUEC a ind\u00e9niablement \u00e9t\u00e9 une bou\u00e9e de sauvetage pour d\u2019innombrables entreprises d\u2019alimentation qui naviguent dans les mers tumultueuses de la pand\u00e9mie. Gr\u00e2ce \u00e0 des conditions de remboursement flexibles, \u00e0 une \u00e9ventuelle remise de pr\u00eat et \u00e0 diverses m\u00e9thodes de remboursement, le monde de l\u2019\u00e9picerie a eu une chance de prosp\u00e9rer malgr\u00e9 l\u2019adversit\u00e9. \u00c0 mesure que nous avan\u00e7ons, c\u00e9l\u00e9brons la r\u00e9silience du secteur de l\u2019\u00e9picerie, une pierre angulaire vitale de nos communaut\u00e9s.<\/span><\/p>","protected":false},"excerpt":{"rendered":"<p>Grocery businesses have faced many challenges over the years. Among the biggest challenges have been managing cash flow, maintaining inventory levels, and dealing with competition caused by COVID-19. Due to these challenges, many grocery businesses have sought financial assistance in the form of loans to help them stay afloat and continue serving their communities. To [&hellip;]<\/p>\n","protected":false},"author":2,"featured_media":6634,"parent":0,"menu_order":0,"comment_status":"closed","ping_status":"closed","template":"","meta":{"footnotes":""},"class_list":["post-6633","page","type-page","status-publish","has-post-thumbnail","hentry"],"_links":{"self":[{"href":"https:\/\/ceba.ca\/fr\/wp-json\/wp\/v2\/pages\/6633","targetHints":{"allow":["GET"]}}],"collection":[{"href":"https:\/\/ceba.ca\/fr\/wp-json\/wp\/v2\/pages"}],"about":[{"href":"https:\/\/ceba.ca\/fr\/wp-json\/wp\/v2\/types\/page"}],"author":[{"embeddable":true,"href":"https:\/\/ceba.ca\/fr\/wp-json\/wp\/v2\/users\/2"}],"replies":[{"embeddable":true,"href":"https:\/\/ceba.ca\/fr\/wp-json\/wp\/v2\/comments?post=6633"}],"version-history":[{"count":2,"href":"https:\/\/ceba.ca\/fr\/wp-json\/wp\/v2\/pages\/6633\/revisions"}],"predecessor-version":[{"id":6636,"href":"https:\/\/ceba.ca\/fr\/wp-json\/wp\/v2\/pages\/6633\/revisions\/6636"}],"wp:featuredmedia":[{"embeddable":true,"href":"https:\/\/ceba.ca\/fr\/wp-json\/wp\/v2\/media\/6634"}],"wp:attachment":[{"href":"https:\/\/ceba.ca\/fr\/wp-json\/wp\/v2\/media?parent=6633"}],"curies":[{"name":"wp","href":"https:\/\/api.w.org\/{rel}","templated":true}]}}