{"id":6624,"date":"2023-11-09T05:01:58","date_gmt":"2023-11-09T10:01:58","guid":{"rendered":"https:\/\/ceba.ca\/?page_id=6624"},"modified":"2023-11-09T05:01:58","modified_gmt":"2023-11-09T10:01:58","slug":"ceba-loan-for-taxis-cabs-and-limousines","status":"publish","type":"page","link":"https:\/\/ceba.ca\/fr\/ceba-loan-for-taxis-cabs-and-limousines\/","title":{"rendered":"Pr\u00eat du CUEC pour les taxis, les taxis et les limousines"},"content":{"rendered":"<p><span style=\"font-weight: 400;\">Le pr\u00eat du CUEC pour les taxis et les limousines a facilit\u00e9 la vie des petites entreprises et des particuliers au Canada. L\u2019\u00e9pid\u00e9mie de COVID-19 a affect\u00e9 l\u2019\u00e9conomie, en particulier les petites entreprises qui d\u00e9pendent fortement de leurs flux de tr\u00e9sorerie pour garder leurs portes ouvertes. Alors que de nombreuses entreprises comme les taxis, les taxis et les limousines ont \u00e9t\u00e9 contraintes de fermer en raison des confinements et des restrictions, il leur a \u00e9t\u00e9 difficile de survivre. C&#039;est \u00e0 ce moment-l\u00e0 que le pr\u00eat CUEC pour les taxis, les taxis et les limousines a \u00e9t\u00e9 introduit pour aider ces entreprises.<\/span><\/p>\n<p><span style=\"font-weight: 400;\">Alors, qu\u2019est-ce qu\u2019un pr\u00eat CUEC pour les taxis et les limousines ? Et quel est son statut actuel ? D\u00e9couvrons-le!<\/span><\/p>\n<h2><span style=\"font-weight: 400;\">Qu\u2019est-ce que le CUEC ?<\/span><\/h2>\n<p><span style=\"font-weight: 400;\">CUEC, le <\/span><a href=\"https:\/\/ceba-cuec.ca\/\" target=\"_blank\" rel=\"noopener\"><span style=\"font-weight: 400;\">Compte d&#039;urgence pour les entreprises canadiennes<\/span><\/a><span style=\"font-weight: 400;\">, est un programme f\u00e9d\u00e9ral de pr\u00eat sp\u00e9cialement con\u00e7u pour offrir une aide financi\u00e8re aux petites entreprises telles que les taxis, les taxis et les d\u00e9taillants de limousines pendant la p\u00e9riode de crise. <\/span><a href=\"https:\/\/www.who.int\/health-topics\/coronavirus#tab=tab_1\" target=\"_blank\" rel=\"noopener\"><span style=\"font-weight: 400;\">Pand\u00e9mie de covid-19<\/span><\/a><span style=\"font-weight: 400;\">. Initi\u00e9 le 9 avril 2020, ce programme est devenu un soutien essentiel pour de nombreuses entreprises de taxis, VTC et limousines fortement touch\u00e9es par la crise de la COVID-19. <\/span><a href=\"https:\/\/ceba.ca\/fr\/\"><span style=\"font-weight: 400;\">Le pr\u00eat CUEC<\/span><\/a><span style=\"font-weight: 400;\"> pour les taxis, les taxis et les limousines constitue effectivement une bou\u00e9e de sauvetage, permettant \u00e0 ces entreprises de traverser cette p\u00e9riode difficile.<\/span><\/p>\n<h2><span style=\"font-weight: 400;\">Points cl\u00e9s du pr\u00eat CEBA pour les taxis, les taxis et les limousines<\/span><\/h2>\n<p><span style=\"font-weight: 400;\">Le pr\u00eat du CUEC pour les taxis, les taxis et les limousines a \u00e9t\u00e9 un mod\u00e8le de soutien pour de nombreuses entreprises du secteur des taxis, des taxis et des limousines, les aidant \u00e0 poursuivre leurs activit\u00e9s dans le contexte du ralentissement \u00e9conomique caus\u00e9 par la COVID-19. Ce programme a inject\u00e9 dans l&#039;\u00e9conomie un montant colossal de 49 milliards de livres sterling sous forme de pr\u00eats, renfor\u00e7ant ainsi l&#039;\u00e9pine dorsale financi\u00e8re d&#039;environ 900 000 entreprises, dont beaucoup sont actives dans le secteur des taxis et des limousines.<\/span><\/p>\n<p><span style=\"font-weight: 400;\">Le pr\u00eat CUEC pour les taxis et les limousines se concentre sur les co\u00fbts non reportables, ces d\u00e9penses emb\u00eatantes qui ne s&#039;arr\u00eatent pas, quel que soit le climat des affaires. Consid\u00e9rez ces d\u00e9clarations de loyer incessantes, ces factures de services publics, ces assurances insistantes, ces taxes et ces co\u00fbts de main-d\u2019\u0153uvre omnipr\u00e9sents.<\/span><\/p>\n<p><span style=\"font-weight: 400;\">Initialement, le programme CEBA offrait un pr\u00eat \u00e0 taux z\u00e9ro de 40 000 $, mais vu le besoin criant, la limite du pr\u00eat a ensuite \u00e9t\u00e9 pouss\u00e9e jusqu&#039;\u00e0 60 000 $. Qu&#039;est-ce qui est encore plus attrayant ? Une partie de ce pr\u00eat pourrait \u00eatre annul\u00e9e, ce qui serait une bonne nouvelle pour les entreprises de taxis, de taxis et de limousines si elles remplissent des conditions sp\u00e9cifiques. Le pr\u00eat du CUEC pour les taxis et les limousines est v\u00e9ritablement une lueur d&#039;espoir en ces temps difficiles.<\/span><\/p>\n<h2><span style=\"font-weight: 400;\">Prolongation du pr\u00eat CUEC pour les taxis et les limousines<\/span><\/h2>\n<p><span style=\"font-weight: 400;\">Le 14 septembre 2023, un communiqu\u00e9 du Premier ministre d\u00e9clarait <\/span><a href=\"https:\/\/ceba.ca\/fr\/news\/will-ceba-be-extended-again\/\"><span style=\"font-weight: 400;\">d\u00e9lais prolong\u00e9s<\/span><\/a><span style=\"font-weight: 400;\"> pour le remboursement des pr\u00eats du CUEC, y compris ceux contract\u00e9s par les entreprises de taxis, de taxis et de limousines. Cette prolongation a donn\u00e9 aux titulaires de pr\u00eats une ann\u00e9e suppl\u00e9mentaire pour rembourser, augmentant simultan\u00e9ment les flexibilit\u00e9s pour ceux qui cherchent \u00e0 b\u00e9n\u00e9ficier d&#039;une remise partielle de pr\u00eat, potentiellement jusqu&#039;\u00e0 33%.<\/span><\/p>\n<p><span style=\"font-weight: 400;\">Les sp\u00e9cificit\u00e9s de la remise partielle de pr\u00eat CUEC <\/span><a href=\"https:\/\/ceba.ca\/fr\/information\/confused-about-the-ceba-deadlines-read-this\/\"><span style=\"font-weight: 400;\">Date limite<\/span><\/a><span style=\"font-weight: 400;\"> sont les suivantes : les entreprises de taxis et de limousines ont d\u00e9sormais jusqu&#039;au 18 janvier 2024 pour b\u00e9n\u00e9ficier d&#039;une remise partielle de pr\u00eat. C&#039;est un <\/span><a href=\"https:\/\/ceba.ca\/fr\/news\/ceba-extended-to-january\/\"><span style=\"font-weight: 400;\">extension<\/span><\/a><span style=\"font-weight: 400;\"> \u00e0 compter de la date limite initiale du 31 d\u00e9cembre 2023. Toutes les entreprises de taxis, de taxis et de limousines souhaitant refinancer leurs pr\u00eats doivent en faire la demande \u00e0 leur institution financi\u00e8re respective avant le 18 janvier 2024. Ceux qui r\u00e9ussissent dans leur demande de refinancement obtiennent une prolongation jusqu&#039;en mars. 28\u00a0janvier\u00a02024 pour b\u00e9n\u00e9ficier d\u2019une remise de pr\u00eat<\/span><\/p>\n<p><span style=\"font-weight: 400;\">Pour le remboursement final de tous les pr\u00eats du CUEC en cours, y compris ceux d\u00e9tenus par les entreprises de taxis, de taxis et de limousines, la date limite est maintenant le 31 d\u00e9cembre 2026. Ce d\u00e9lai prolong\u00e9 s&#039;applique universellement \u00e0 toutes les entreprises de taxis, de taxis et de limousines, sans exception. Il convient de noter que la date limite de remboursement pr\u00e9c\u00e9dente \u00e9tait le 31 d\u00e9cembre 2025, ce qui signifie que les entreprises de taxis, de taxis et de limousines disposent d\u00e9sormais d&#039;une ann\u00e9e suppl\u00e9mentaire pour effectuer le remboursement sans encourir de p\u00e9nalit\u00e9s.<\/span><\/p>\n<p><span style=\"font-weight: 400;\">Les pr\u00eats \u00e0 terme d\u00e9tenus par les entreprises de taxis, de taxis et de limousines sont soumis \u00e0 un taux d&#039;int\u00e9r\u00eat annuel de 5 pour cent applicable sur le solde restant du pr\u00eat. Cependant, la fr\u00e9quence de ces paiements d&#039;int\u00e9r\u00eats peut varier selon les diff\u00e9rentes entreprises de taxis, de taxis et de limousines. Cet \u00e9cart est d\u00fb aux politiques et proc\u00e9dures sp\u00e9cifiques des institutions financi\u00e8res concernant le paiement des int\u00e9r\u00eats.<\/span><\/p>\n<p><span style=\"font-weight: 400;\">Malgr\u00e9 les d\u00e9fis pos\u00e9s par la pand\u00e9mie mondiale, le secteur des taxis et des limousines continue de pers\u00e9v\u00e9rer, en partie gr\u00e2ce \u00e0 la bou\u00e9e de sauvetage financi\u00e8re offerte par les pr\u00eats du CUEC.<\/span><\/p>\n<h2><span style=\"font-weight: 400;\">Cons\u00e9quences du non-remboursement du pr\u00eat CUEC pour les entreprises de taxis et de limousines<\/span><\/h2>\n<p><span style=\"font-weight: 400;\">Si les entreprises de taxis, de taxis et de limousines ne remboursent pas leurs pr\u00eats du CUEC avant la date limite ultime, soit le 31 d\u00e9cembre 2026, elles seront confront\u00e9es \u00e0 un d\u00e9faut de paiement. Le <\/span><a href=\"https:\/\/www.canada.ca\/en\/revenue-agency.html\" target=\"_blank\" rel=\"noopener\"><span style=\"font-weight: 400;\">Agence du revenu du Canada (ARC)<\/span><\/a><span style=\"font-weight: 400;\"> lancerait alors des collectes. L&#039;intensit\u00e9 et l&#039;affirmation de soi de l&#039;ARC lors des recouvrements restent incertaines et peuvent varier en fonction des circonstances individuelles. Les entreprises de taxis, de taxis et de limousines qui ont r\u00e9ussi \u00e0 rester \u00e0 jour avec leurs paiements d&#039;int\u00e9r\u00eats mensuels mais qui ont eu du mal \u00e0 rembourser le principal pourraient \u00eatre en mesure de n\u00e9gocier un plan de remboursement plus favorable avec leurs pr\u00eateurs. Cependant, il serait conseill\u00e9 \u00e0 ces entreprises de taxis, de taxis et de limousines de trouver un autre pr\u00eateur avant la date finale, le 31 d\u00e9cembre 2026. Prendre cette mesure proactive peut prot\u00e9ger les taxis, les taxis et les limousines des d\u00e9fauts de paiement, des implications potentielles en mati\u00e8re de cote de cr\u00e9dit, et les probl\u00e8mes de collecte connexes. Par cons\u00e9quent, m\u00eame si le pr\u00eat du CUEC a effectivement constitu\u00e9 une bou\u00e9e de sauvetage en ces temps difficiles, une planification et des actions appropri\u00e9es sont n\u00e9cessaires pour \u00e9viter d\u2019\u00e9ventuels pi\u00e8ges financiers.<\/span><\/p>\n<h2><span style=\"font-weight: 400;\">Conclusion<\/span><\/h2>\n<p><span style=\"font-weight: 400;\">En conclusion, le pr\u00eat du CUEC pour les taxis, les taxis et les limousines a constitu\u00e9 un syst\u00e8me de soutien crucial pour les petites entreprises en difficult\u00e9 du secteur des taxis, des taxis et des limousines pendant la pand\u00e9mie de COVID-19. Avec ses d\u00e9lais prolong\u00e9s et son potentiel d\u2019annulation partielle de pr\u00eat, il est maintenant plus important que jamais pour les entreprises de taxis, de taxis et de limousines de profiter de ce programme et de l\u2019utiliser comme un outil pour traverser ces temps difficiles. Cependant, une planification minutieuse et un remboursement dans les d\u00e9lais restent tr\u00e8s importants pour les entreprises de taxis, de taxis et de limousines.<\/span><\/p>","protected":false},"excerpt":{"rendered":"<p>CEBA loan for taxis, cabs and limousines made things easier for small businesses and individuals in Canada. The outbreak of COVID-19 has affected the economy, especially small businesses that rely heavily on cash flow to keep their doors open. With many businesses like taxis, cabs and limousines businesses being forced to close due to lockdowns [&hellip;]<\/p>\n","protected":false},"author":2,"featured_media":6625,"parent":0,"menu_order":0,"comment_status":"closed","ping_status":"closed","template":"","meta":{"footnotes":""},"class_list":["post-6624","page","type-page","status-publish","has-post-thumbnail","hentry"],"_links":{"self":[{"href":"https:\/\/ceba.ca\/fr\/wp-json\/wp\/v2\/pages\/6624","targetHints":{"allow":["GET"]}}],"collection":[{"href":"https:\/\/ceba.ca\/fr\/wp-json\/wp\/v2\/pages"}],"about":[{"href":"https:\/\/ceba.ca\/fr\/wp-json\/wp\/v2\/types\/page"}],"author":[{"embeddable":true,"href":"https:\/\/ceba.ca\/fr\/wp-json\/wp\/v2\/users\/2"}],"replies":[{"embeddable":true,"href":"https:\/\/ceba.ca\/fr\/wp-json\/wp\/v2\/comments?post=6624"}],"version-history":[{"count":2,"href":"https:\/\/ceba.ca\/fr\/wp-json\/wp\/v2\/pages\/6624\/revisions"}],"predecessor-version":[{"id":6627,"href":"https:\/\/ceba.ca\/fr\/wp-json\/wp\/v2\/pages\/6624\/revisions\/6627"}],"wp:featuredmedia":[{"embeddable":true,"href":"https:\/\/ceba.ca\/fr\/wp-json\/wp\/v2\/media\/6625"}],"wp:attachment":[{"href":"https:\/\/ceba.ca\/fr\/wp-json\/wp\/v2\/media?parent=6624"}],"curies":[{"name":"wp","href":"https:\/\/api.w.org\/{rel}","templated":true}]}}