{"id":6599,"date":"2023-11-09T04:03:13","date_gmt":"2023-11-09T09:03:13","guid":{"rendered":"https:\/\/ceba.ca\/?page_id=6599"},"modified":"2023-11-09T04:03:13","modified_gmt":"2023-11-09T09:03:13","slug":"ceba-loan-for-garden-stores-and-nurseries","status":"publish","type":"page","link":"https:\/\/ceba.ca\/fr\/ceba-loan-for-garden-stores-and-nurseries\/","title":{"rendered":"Pr\u00eat CUEC pour les magasins de jardinage et les p\u00e9pini\u00e8res"},"content":{"rendered":"<p><span style=\"font-weight: 400;\">Les magasins de jardinage et les p\u00e9pini\u00e8res font partie int\u00e9grante de notre vie quotidienne. Les magasins de jardinage et les p\u00e9pini\u00e8res sont toujours en demande et restent stables malgr\u00e9 les changements \u00e9conomiques. Cependant, en raison de la crise, les jardineries et les p\u00e9pini\u00e8res sont confront\u00e9es \u00e0 une instabilit\u00e9 financi\u00e8re. C&#039;est \u00e0 ce moment-l\u00e0 que les pr\u00eats du CUEC sont entr\u00e9s en vigueur.<\/span><\/p>\n<p><span style=\"font-weight: 400;\">Ce blog couvre tout sur les pr\u00eats CUEC pour les magasins de jardinage et les p\u00e9pini\u00e8res. Nous discuterons de l\u2019objectif du pr\u00eat CUEC pour les magasins de jardinage et les p\u00e9pini\u00e8res et de l\u2019\u00e9tat actuel des pr\u00eats CUEC pour les magasins de jardinage et les p\u00e9pini\u00e8res.<\/span><\/p>\n<h2><span style=\"font-weight: 400;\">Pr\u00eat CUEC pour les magasins de jardinage et les p\u00e9pini\u00e8res<\/span><\/h2>\n<p><span style=\"font-weight: 400;\">Le <\/span><a href=\"https:\/\/ceba.ca\/fr\/information\/what-is-ceba-the-canada-emergency-business-account\/\" target=\"_blank\" rel=\"noopener\"><span style=\"font-weight: 400;\">Compte d&#039;urgence pour les entreprises canadiennes (CUEC)<\/span><\/a><span style=\"font-weight: 400;\"> a \u00e9t\u00e9 lanc\u00e9 le 9 avril 2020. Depuis, il constitue une bou\u00e9e de sauvetage financi\u00e8re pour de nombreuses entreprises, notamment les magasins de jardinage et les p\u00e9pini\u00e8res. L\u2019objectif \u00e9tait d\u2019aider les magasins de jardinage et les p\u00e9pini\u00e8res en difficult\u00e9 \u00e0 cause de la pand\u00e9mie de COVID-19.\u00a0<\/span><\/p>\n<p><span style=\"font-weight: 400;\">Ce programme a contribu\u00e9 de mani\u00e8re significative \u00e0 l&#039;\u00e9conomie, avec un montant impressionnant de $49 milliards. Environ 900 000 entreprises, principalement de petite taille, ont b\u00e9n\u00e9fici\u00e9 de cette initiative pour faire face aux cons\u00e9quences de la pand\u00e9mie.<\/span><\/p>\n<p><span style=\"font-weight: 400;\">Le pr\u00eat CUEC a \u00e9t\u00e9 con\u00e7u pour aider les entreprises comme les magasins de jardinage et les p\u00e9pini\u00e8res \u00e0 g\u00e9rer leurs co\u00fbts non reportables. Ces co\u00fbts continuent de s\u2019accumuler quel que soit le ralentissement \u00e9conomique et comprennent des d\u00e9penses telles que le loyer, les services publics, les magasins de jardinage et les p\u00e9pini\u00e8res, les taxes et les co\u00fbts d\u2019emploi.\u00a0<\/span><\/p>\n<p><span style=\"font-weight: 400;\">Initialement, le programme offrait un pr\u00eat \u00e0 taux z\u00e9ro de 40 000 $ aux magasins de jardinage et aux p\u00e9pini\u00e8res \u00e9ligibles. Plus tard, ce montant a \u00e9t\u00e9 augment\u00e9 jusqu&#039;\u00e0 $60 000, avec une partie remboursable si des conditions sp\u00e9cifiques \u00e9taient remplies. Pour d\u2019innombrables magasins de jardinage et p\u00e9pini\u00e8res, le CEBA a servi de coussin financier, facilitant les op\u00e9rations commerciales dans l\u2019\u00e8re post-COVID.<\/span><\/p>\n<h2><span style=\"font-weight: 400;\">D\u00e9lais r\u00e9vis\u00e9s pour l\u2019annulation et le remboursement partiels du pr\u00eat<\/span><\/h2>\n<p><span style=\"font-weight: 400;\">Le 14 septembre 2023, le premier ministre a d\u00e9ploy\u00e9 <\/span><a href=\"https:\/\/ceba.ca\/fr\/news\/ceba-extended-to-january\/\"><span style=\"font-weight: 400;\">dates limites mises \u00e0 jour pour rembourser les pr\u00eats du CUEC<\/span><\/a><span style=\"font-weight: 400;\">, y compris ceux d\u00e9tenus par les magasins de jardinage et les p\u00e9pini\u00e8res. Cette prolongation a accord\u00e9 une ann\u00e9e suppl\u00e9mentaire aux titulaires de pr\u00eats pour rembourser tout en offrant \u00e9galement des flexibilit\u00e9s accrues \u00e0 ceux qui souhaitent b\u00e9n\u00e9ficier d&#039;une remise partielle de pr\u00eat, qui pourrait aller jusqu&#039;\u00e0 33%.<\/span><\/p>\n<h3><span style=\"font-weight: 400;\">Date limite de remise partielle de pr\u00eat du CUEC<\/span><\/h3>\n<p><span style=\"font-weight: 400;\">Concr\u00e8tement, les jardineries et les p\u00e9pini\u00e8res ont d\u00e9sormais jusqu&#039;au 18 janvier 2024 pour rembourser leurs pr\u00eats CUEC. Ce d\u00e9lai est un <\/span><a href=\"https:\/\/ceba.ca\/fr\/news\/will-ceba-be-extended-again\/\"><span style=\"font-weight: 400;\">prolongation \u00e0 partir de la date initiale du 31 d\u00e9cembre 2023<\/span><\/a><span style=\"font-weight: 400;\">. Les magasins de jardinage et les p\u00e9pini\u00e8res qui cherchent \u00e0 refinancer leurs pr\u00eats doivent en faire la demande \u00e0 leur institution financi\u00e8re avant le 18 janvier 2024. Les demandes de refinancement retenues garantissent une prolongation jusqu&#039;au 28 mars 2024 pour pouvoir b\u00e9n\u00e9ficier d&#039;une remise de pr\u00eat.<\/span><\/p>\n<p><span style=\"font-weight: 400;\">Le gouvernement a introduit des incitations au remboursement dans les d\u00e9lais. Supposons que les secteurs des jardineries et des p\u00e9pini\u00e8res remboursent leur pr\u00eat d\u2019ici le 18 janvier 2024, ou avant la date limite de prolongation du refinancement du 28 mars 2024 (\u00e0 condition qu\u2019une demande de refinancement ait \u00e9t\u00e9 soumise avant le 18 janvier 2024). Dans ce cas, il b\u00e9n\u00e9ficiera d\u2019une remise partielle du pr\u00eat. Cela \u00e9quivaut \u00e0 $10 000 actualis\u00e9s sur un pr\u00eat de $40 000 et \u00e0 $20 000 sur un pr\u00eat de $60 000, all\u00e9geant ainsi la charge des jardineries et des p\u00e9pini\u00e8res.<\/span><\/p>\n<p><span style=\"font-weight: 400;\">Cependant, les magasins de jardinage et les p\u00e9pini\u00e8res qui ne remboursent pas avant la date limite d\u2019annulation du pr\u00eat seront confront\u00e9s \u00e0 des r\u00e9percussions. \u00c0 compter du 19 janvier 2024, tout solde impay\u00e9 du pr\u00eat CUEC sera converti en pr\u00eat \u00e0 terme de trois ans, perdant ainsi le <\/span><a href=\"https:\/\/ceba.ca\/fr\/news\/is-ceba-interest-free\/\"><span style=\"font-weight: 400;\">avantage \u00e0 taux z\u00e9ro<\/span><\/a><span style=\"font-weight: 400;\">. Au lieu de cela, un taux d\u2019int\u00e9r\u00eat annuel 5% sera pr\u00e9lev\u00e9 sur le solde restant, augmentant ainsi les obligations financi\u00e8res.<\/span><\/p>\n<h3><span style=\"font-weight: 400;\">Date limite finale de remboursement du pr\u00eat CUEC<\/span><\/h3>\n<p><span style=\"font-weight: 400;\">La date limite finale pour rembourser tous les pr\u00eats du CUEC en cours, ainsi que les int\u00e9r\u00eats applicables, est <\/span><a href=\"https:\/\/ceba.ca\/fr\/news\/ceba-extended-to-january\/\"><span style=\"font-weight: 400;\">31 d\u00e9cembre 2026<\/span><\/a><span style=\"font-weight: 400;\">. Ce d\u00e9lai s\u2019applique \u00e0 tous les magasins de jardinage et p\u00e9pini\u00e8res, sans exception. Auparavant, la date limite \u00e9tait le 31 d\u00e9cembre 2025. Tous les magasins de jardinage et les secteurs de p\u00e9pini\u00e8res disposent d&#039;un an suppl\u00e9mentaire pour effectuer le remboursement sans aucune p\u00e9nalit\u00e9.<\/span><\/p>\n<p><span style=\"font-weight: 400;\">Les pr\u00eats \u00e0 terme, y compris ceux d\u00e9tenus par les magasins de jardinage et les p\u00e9pini\u00e8res, sont soumis \u00e0 un taux d&#039;int\u00e9r\u00eat annuel de 5 pour cent. Ce taux d\u2019int\u00e9r\u00eat s\u2019applique au solde restant des pr\u00eats CUEC. La fr\u00e9quence des paiements d\u2019int\u00e9r\u00eats peut toutefois ne pas \u00eatre la m\u00eame pour tous les magasins de jardinage et p\u00e9pini\u00e8res, car elle peut varier selon l\u2019institution financi\u00e8re.<\/span><\/p>\n<h2><span style=\"font-weight: 400;\">Que se passe-t-il si les secteurs des magasins de jardinage et des p\u00e9pini\u00e8res ne respectent pas la date limite de remboursement du pr\u00eat CUEC\u00a0?<\/span><\/h2>\n<p><span style=\"font-weight: 400;\">Si les magasins de jardinage et les secteurs des p\u00e9pini\u00e8res <\/span><a href=\"https:\/\/ceba.ca\/fr\/information\/what-happens-if-you-dont-repay-your-ceba-loan\/\"><span style=\"font-weight: 400;\">ne remboursent pas leurs pr\u00eats CUEC<\/span><\/a><span style=\"font-weight: 400;\"> \u00e0 la date limite ultime, le 31 d\u00e9cembre 2026, ils seront confront\u00e9s \u00e0 un d\u00e9faut de paiement. Le <\/span><a href=\"https:\/\/www.canada.ca\/en\/revenue-agency.html\" target=\"_blank\" rel=\"noopener\"><span style=\"font-weight: 400;\">Agence du revenu du Canada<\/span><\/a><span style=\"font-weight: 400;\"> (ARC) lancerait alors les recouvrements. L\u2019assurance avec laquelle l\u2019ARC agira lors des recouvrements demeure incertaine.\u00a0<\/span><\/p>\n<p><span style=\"font-weight: 400;\">Les magasins de jardinage et les p\u00e9pini\u00e8res qui sont rest\u00e9s \u00e0 jour avec leurs paiements d&#039;int\u00e9r\u00eats mensuels mais qui ont eu du mal \u00e0 rembourser le principal pourraient \u00eatre en mesure de n\u00e9gocier un plan de remboursement avantageux. Cependant, il serait conseill\u00e9 \u00e0 ces magasins de jardinage et services de p\u00e9pini\u00e8res de trouver un pr\u00eateur alternatif avant la date finale, le 31 d\u00e9cembre 2026. Cela peut \u00e9viter aux magasins de jardinage et aux p\u00e9pini\u00e8res un d\u00e9faut de paiement, des implications potentielles en mati\u00e8re de cote de cr\u00e9dit et des probl\u00e8mes de recouvrement associ\u00e9s.<\/span><\/p>\n<h2><span style=\"font-weight: 400;\">Conclusion<\/span><\/h2>\n<p><span style=\"font-weight: 400;\">Face \u00e0 l\u2019incertitude, le pr\u00eat CUEC s\u2019est av\u00e9r\u00e9 \u00eatre un soutien financier pour les magasins de jardinage et les p\u00e9pini\u00e8res partout au Canada. Qu\u2019il s\u2019agisse d\u2019att\u00e9nuer les d\u00e9penses non reportables ou d\u2019offrir la possibilit\u00e9 d\u2019une remise partielle de pr\u00eat, il s\u2019agit d\u2019une solution polyvalente en ces temps difficiles.\u00a0<\/span><\/p>\n<p><span style=\"font-weight: 400;\">Alors que nous traversons les cons\u00e9quences de la pand\u00e9mie, il est encourageant de voir des mesures telles que le pr\u00eat CUEC soutenir la r\u00e9silience et la continuit\u00e9 des services essentiels comme les magasins de jardinage et les p\u00e9pini\u00e8res.\u00a0<\/span><\/p>\n<p><span style=\"font-weight: 400;\">Alors, si vos magasins de jardinage et votre secteur des p\u00e9pini\u00e8res sont en difficult\u00e9 \u00e0 cause de la pand\u00e9mie, explorez les options offertes par <\/span><a href=\"https:\/\/ceba.ca\/fr\/\"><span style=\"font-weight: 400;\">CUEC<\/span><\/a><span style=\"font-weight: 400;\">.<\/span><\/p>","protected":false},"excerpt":{"rendered":"<p>Garden stores and nurseries are an essential part of our daily lives. Garden stores and nurseries are always in demand and remain stable throughout economic changes. However, due to the crisis, garden stores and nurseries have faced financial instability. That&#8217;s when CEBA loans came into action. This blog covers everything about CEBA loans for garden [&hellip;]<\/p>\n","protected":false},"author":2,"featured_media":6600,"parent":0,"menu_order":0,"comment_status":"closed","ping_status":"closed","template":"","meta":{"footnotes":""},"class_list":["post-6599","page","type-page","status-publish","has-post-thumbnail","hentry"],"_links":{"self":[{"href":"https:\/\/ceba.ca\/fr\/wp-json\/wp\/v2\/pages\/6599","targetHints":{"allow":["GET"]}}],"collection":[{"href":"https:\/\/ceba.ca\/fr\/wp-json\/wp\/v2\/pages"}],"about":[{"href":"https:\/\/ceba.ca\/fr\/wp-json\/wp\/v2\/types\/page"}],"author":[{"embeddable":true,"href":"https:\/\/ceba.ca\/fr\/wp-json\/wp\/v2\/users\/2"}],"replies":[{"embeddable":true,"href":"https:\/\/ceba.ca\/fr\/wp-json\/wp\/v2\/comments?post=6599"}],"version-history":[{"count":1,"href":"https:\/\/ceba.ca\/fr\/wp-json\/wp\/v2\/pages\/6599\/revisions"}],"predecessor-version":[{"id":6601,"href":"https:\/\/ceba.ca\/fr\/wp-json\/wp\/v2\/pages\/6599\/revisions\/6601"}],"wp:featuredmedia":[{"embeddable":true,"href":"https:\/\/ceba.ca\/fr\/wp-json\/wp\/v2\/media\/6600"}],"wp:attachment":[{"href":"https:\/\/ceba.ca\/fr\/wp-json\/wp\/v2\/media?parent=6599"}],"curies":[{"name":"wp","href":"https:\/\/api.w.org\/{rel}","templated":true}]}}