{"id":6575,"date":"2023-11-09T01:54:20","date_gmt":"2023-11-09T06:54:20","guid":{"rendered":"https:\/\/ceba.ca\/?page_id=6575"},"modified":"2023-11-09T01:54:20","modified_gmt":"2023-11-09T06:54:20","slug":"ceba-loan-for-healthcare","status":"publish","type":"page","link":"https:\/\/ceba.ca\/fr\/ceba-loan-for-healthcare\/","title":{"rendered":"Pr\u00eat CUEC pour les soins de sant\u00e9"},"content":{"rendered":"<p><span style=\"font-weight: 400;\">Les entreprises, y compris les prestataires de soins de sant\u00e9, ont \u00e9t\u00e9 extr\u00eamement touch\u00e9es par le COVID-19. En r\u00e9ponse \u00e0 cette crise, le gouvernement canadien a mis en place diverses mesures de soutien pour aider les entreprises en ces temps difficiles. L\u2019une de ces mesures est le programme de pr\u00eat du Compte d\u2019urgence pour les entreprises canadiennes (CUEC).<\/span><\/p>\n<p><span style=\"font-weight: 400;\">Avec le lancement du pr\u00eat CUEC pour les soins de sant\u00e9, les entreprises du secteur de la sant\u00e9 ont d\u00e9sormais acc\u00e8s \u00e0 une bou\u00e9e de sauvetage financi\u00e8re dont elles ont grandement besoin. Mais qu\u2019est-ce que le pr\u00eat CUEC pour les soins de sant\u00e9 exactement et comment peut-il aider votre entreprise ? Dans ce blog, nous discuterons de tout ce que vous devez savoir sur le pr\u00eat CUEC pour les soins de sant\u00e9.<\/span><\/p>\n<h2><span style=\"font-weight: 400;\">Qu\u2019est-ce que le pr\u00eat CEBA pour les soins de sant\u00e9 ?<\/span><\/h2>\n<p><span style=\"font-weight: 400;\">Le CUEC est un <\/span><a href=\"https:\/\/ceba.ca\/fr\/ceba-loan\/\" target=\"_blank\" rel=\"noopener\"><span style=\"font-weight: 400;\">programme de pr\u00eat f\u00e9d\u00e9ral<\/span><\/a><span style=\"font-weight: 400;\"> con\u00e7u pour fournir un soutien financier aux petites entreprises, y compris les prestataires de soins de sant\u00e9, pendant la <\/span><a href=\"https:\/\/www.who.int\/health-topics\/coronavirus#tab=tab_1\" target=\"_blank\" rel=\"noopener\"><span style=\"font-weight: 400;\">pand\u00e9mie<\/span><\/a><span style=\"font-weight: 400;\">. Lanc\u00e9 le 9 avril 2020, le programme est depuis devenu une bou\u00e9e de sauvetage pour de nombreuses entreprises de soins de sant\u00e9 que la pand\u00e9mie de COVID-19 a consid\u00e9rablement touch\u00e9es.<\/span><\/p>\n<p><span style=\"font-weight: 400;\">Voici les points cl\u00e9s concernant le pr\u00eat CUEC pour les soins de sant\u00e9\u00a0:<\/span><\/p>\n<ul>\n<li style=\"font-weight: 400;\" aria-level=\"1\"><span style=\"font-weight: 400;\">Cela a aid\u00e9 de nombreuses entreprises de soins de sant\u00e9 \u00e0 rester op\u00e9rationnelles malgr\u00e9 le ralentissement \u00e9conomique.<\/span><\/li>\n<li style=\"font-weight: 400;\" aria-level=\"1\"><span style=\"font-weight: 400;\">Le programme a contribu\u00e9 de mani\u00e8re significative \u00e0 l&#039;\u00e9conomie, avec environ $49 milliards de pr\u00eats accord\u00e9s.<\/span><\/li>\n<li style=\"font-weight: 400;\" aria-level=\"1\"><span style=\"font-weight: 400;\">Environ 900 000 entreprises, dont celles du secteur de la sant\u00e9, ont b\u00e9n\u00e9fici\u00e9 de ce programme.<\/span><\/li>\n<li style=\"font-weight: 400;\" aria-level=\"1\"><span style=\"font-weight: 400;\">Le pr\u00eat CUEC couvre les co\u00fbts non reportables, qui continuent de s&#039;accumuler quelles que soient les conditions \u00e9conomiques. Il s&#039;agit notamment de d\u00e9penses telles que le loyer, les services publics, l&#039;assurance, les taxes et les co\u00fbts de main-d&#039;\u0153uvre.<\/span><\/li>\n<li style=\"font-weight: 400;\" aria-level=\"1\"><span style=\"font-weight: 400;\">Proposant initialement un <\/span><a href=\"https:\/\/ceba.ca\/fr\/news\/is-ceba-interest-free\/\"><span style=\"font-weight: 400;\">pr\u00eat \u00e0 taux z\u00e9ro<\/span><\/a><span style=\"font-weight: 400;\"> de $40 000, la limite du pr\u00eat a ensuite \u00e9t\u00e9 augment\u00e9e \u00e0 $60 000. Une partie de ce pr\u00eat est remboursable si des conditions sp\u00e9cifiques sont remplies.<\/span><\/li>\n<\/ul>\n<p><span style=\"font-weight: 400;\">Pour de nombreuses entreprises de soins de sant\u00e9 en difficult\u00e9 pendant la COVID-19, le pr\u00eat CUEC a constitu\u00e9 un coussin financier indispensable, leur permettant de g\u00e9rer leurs op\u00e9rations dans l\u2019\u00e8re post-COVID.<\/span><\/p>\n<h2><span style=\"font-weight: 400;\">En quoi le CEBA est-il toujours utile pour les soins de sant\u00e9\u00a0?<\/span><\/h2>\n<p><span style=\"font-weight: 400;\">La principale raison derri\u00e8re <\/span><a href=\"https:\/\/ceba.ca\/fr\/\"><span style=\"font-weight: 400;\">Pr\u00eat CUEC<\/span><\/a><span style=\"font-weight: 400;\"> \u00eatre toujours utile pour les soins de sant\u00e9 est le <\/span><a href=\"https:\/\/ceba.ca\/fr\/news\/will-ceba-be-extended-again\/\"><span style=\"font-weight: 400;\">d\u00e9lais de remboursement rallong\u00e9s<\/span><\/a><span style=\"font-weight: 400;\"> et une flexibilit\u00e9 accrue.<\/span><\/p>\n<p><span style=\"font-weight: 400;\">Le gouvernement du Canada a fait preuve d&#039;une grande flexibilit\u00e9 en soutenant les entreprises de soins de sant\u00e9 au moyen de pr\u00eats CUEC. Le 14 septembre 2023, le <\/span><a href=\"https:\/\/ceba.ca\/fr\/tools\/understanding-td-ceba-loan-repayment\/\"><span style=\"font-weight: 400;\">d\u00e9lais de remboursement<\/span><\/a><span style=\"font-weight: 400;\"> car ces pr\u00eats ont \u00e9t\u00e9 actualis\u00e9s, ce qui a directement b\u00e9n\u00e9fici\u00e9 au secteur de la sant\u00e9. Voici les principaux changements\u00a0:<\/span><\/p>\n<ul>\n<li style=\"font-weight: 400;\" aria-level=\"1\"><b>Date limite r\u00e9vis\u00e9e\u00a0:<\/b><span style=\"font-weight: 400;\"> Les prestataires de soins de sant\u00e9 ont d\u00e9sormais jusqu&#039;\u00e0 <\/span><a href=\"https:\/\/ceba.ca\/fr\/news\/ceba-extended-to-january\/\"><span style=\"font-weight: 400;\">18 janvier 2024<\/span><\/a><span style=\"font-weight: 400;\">, pour b\u00e9n\u00e9ficier d&#039;une allocation partielle <\/span><a href=\"https:\/\/ceba.ca\/fr\/news\/is-ceba-loan-forgiveness-taxable-in-2023\/\"><span style=\"font-weight: 400;\">Remise de pr\u00eat du CUEC<\/span><\/a><span style=\"font-weight: 400;\">. Les conditions mises \u00e0 jour ont accru la flexibilit\u00e9 pour les entreprises de soins de sant\u00e9 admissibles \u00e0 une remise partielle de pr\u00eat. Jusqu\u2019\u00e0 33% du pr\u00eat peuvent \u00eatre annul\u00e9s, un soulagement important pour les entreprises qui naviguent dans l\u2019\u00e9conomie post-pand\u00e9mique.<\/span><\/li>\n<li style=\"font-weight: 400;\" aria-level=\"1\"><b>Incitations au remboursement anticip\u00e9\u00a0:<\/b><span style=\"font-weight: 400;\"> Une remise partielle de pr\u00eat est disponible pour les entreprises de sant\u00e9 qui remboursent leur pr\u00eat avant le 18 janvier 2024, ou avant la date limite de prolongation du refinancement du 28 mars 2024, \u00e0 condition qu&#039;une demande de refinancement ait \u00e9t\u00e9 d\u00e9pos\u00e9e avant le 18 janvier 2024. Pour un pr\u00eat de $40 000, le le montant de la remise est de $10 000, et pour un pr\u00eat de $60 000, il est de $20 000.<\/span><\/li>\n<li style=\"font-weight: 400;\" aria-level=\"1\"><b>Cons\u00e9quences du non-respect de la date limite\u00a0:<\/b><span style=\"font-weight: 400;\"> \u00c0 compter du 19 janvier 2024, tout solde impay\u00e9 du pr\u00eat CUEC sera converti en pr\u00eat \u00e0 terme de trois ans, perdant ainsi le b\u00e9n\u00e9fice du taux d\u2019int\u00e9r\u00eat nul. Un taux d\u2019int\u00e9r\u00eat annuel 5% sera pr\u00e9lev\u00e9 sur le solde restant, augmentant ainsi la charge financi\u00e8re.<\/span><\/li>\n<li style=\"font-weight: 400;\" aria-level=\"1\"><b>Date limite de remboursement final\u00a0:<\/b><span style=\"font-weight: 400;\"> La date limite finale de remboursement de tous les pr\u00eats CUEC en cours, ainsi que des int\u00e9r\u00eats applicables, est fix\u00e9e au 31 d\u00e9cembre 2026. Cela repr\u00e9sente une ann\u00e9e suppl\u00e9mentaire par rapport \u00e0 la date limite pr\u00e9c\u00e9dente, qui \u00e9tait le 31 d\u00e9cembre 2025. Cette date limite s&#039;applique \u00e0 toutes les entreprises de soins de sant\u00e9, sans des exceptions.<\/span><\/li>\n<li style=\"font-weight: 400;\" aria-level=\"1\"><b>Taux d&#039;int\u00e9r\u00eat:<\/b><span style=\"font-weight: 400;\"> Les pr\u00eats \u00e0 terme, y compris ceux d\u00e9tenus par les entreprises de soins de sant\u00e9, sont soumis \u00e0 un taux d&#039;int\u00e9r\u00eat annuel de 5 pour cent. La fr\u00e9quence des paiements des int\u00e9r\u00eats peut varier selon l\u2019institution financi\u00e8re.<\/span><\/li>\n<\/ul>\n<p><span style=\"font-weight: 400;\">Ces mesures d\u00e9montrent l&#039;engagement du gouvernement du Canada \u00e0 soutenir les entreprises de soins de sant\u00e9 en ces temps difficiles.<\/span><\/p>\n<h2><span style=\"font-weight: 400;\">Remboursement du pr\u00eat CUEC pour les soins de sant\u00e9<\/span><\/h2>\n<p><span style=\"font-weight: 400;\">Les prestataires de soins de sant\u00e9 cherchant \u00e0 <\/span><a href=\"https:\/\/ceba.ca\/fr\/information\/what-happens-if-you-dont-repay-your-ceba-loan\/\"><span style=\"font-weight: 400;\">rembourser leurs pr\u00eats CUEC<\/span><\/a><span style=\"font-weight: 400;\"> disposent d\u2019une gamme d\u2019options flexibles. La gestion num\u00e9rique des transactions via les services bancaires en ligne est une m\u00e9thode g\u00e9n\u00e9ralement privil\u00e9gi\u00e9e, offrant facilit\u00e9 et rapidit\u00e9. Les applications mobiles offrent la possibilit\u00e9 de g\u00e9rer les remboursements n&#039;importe o\u00f9 et \u00e0 tout moment, aidant ainsi les prestataires de soins de sant\u00e9 \u00e0 assumer leurs responsabilit\u00e9s financi\u00e8res.<\/span><\/p>\n<p><span style=\"font-weight: 400;\">Un autre choix judicieux consiste \u00e0 mettre en place des paiements mensuels automatiques. Cette approche garantit le respect des d\u00e9lais, un facteur essentiel pour maximiser les avantages de l\u2019annulation de pr\u00eat pour les prestataires de soins de sant\u00e9. Alternativement, les transactions aux guichets automatiques offrent une option de remboursement manuel, que certains pourraient trouver plus adapt\u00e9e.<\/span><\/p>\n<p><span style=\"font-weight: 400;\">Chaque strat\u00e9gie de remboursement pr\u00e9sente des avantages uniques, permettant \u00e0 chaque prestataire de soins de choisir celle qui convient le mieux \u00e0 sa situation. Cependant, il est essentiel de noter que les prestataires de soins de sant\u00e9 qui ne remboursent pas leurs pr\u00eats CUEC avant la date d&#039;\u00e9ch\u00e9ance finale du 31 d\u00e9cembre 2026 risquent de ne pas rembourser leur pr\u00eat. Cela inciterait l\u2019Agence du revenu du Canada (ARC) \u00e0 commencer le recouvrement, m\u00eame si l\u2019on ne sait pas exactement dans quelle mesure l\u2019ARC serait agressive dans ce processus.<\/span><\/p>\n<p><span style=\"font-weight: 400;\">Les prestataires de soins de sant\u00e9 qui respectent syst\u00e9matiquement leurs paiements d\u2019int\u00e9r\u00eats mais qui ont des difficult\u00e9s avec le capital peuvent avoir la possibilit\u00e9 de n\u00e9gocier un plan de remboursement plus favorable. N\u00e9anmoins, il est conseill\u00e9 \u00e0 ces prestataires de soins de sant\u00e9 de trouver un autre pr\u00eateur avant la date de fin, le 31 d\u00e9cembre 2026. Cette mesure proactive pourrait prot\u00e9ger les prestataires de soins de sant\u00e9 contre le d\u00e9faut de paiement, l&#039;impact potentiel sur leur cote de cr\u00e9dit et d&#039;\u00e9ventuels probl\u00e8mes de recouvrement.<\/span><\/p>\n<h2><span style=\"font-weight: 400;\">Conclusion<\/span><\/h2>\n<p><span style=\"font-weight: 400;\">En conclusion, le pr\u00eat CUEC s\u2019est av\u00e9r\u00e9 \u00eatre une bou\u00e9e de sauvetage vitale pour les entreprises de soins de sant\u00e9 qui r\u00e9sistent \u00e0 la temp\u00eate de la pand\u00e9mie de COVID-19. Ses conditions de remboursement ajust\u00e9es, ses incitations \u00e0 une remise partielle et ses d\u00e9lais prolong\u00e9s ont consid\u00e9rablement all\u00e9g\u00e9 la pression financi\u00e8re. Mais rappelez-vous que le secret pour maximiser ces avantages r\u00e9side dans une planification intelligente et des remboursements ponctuels. Profitez de la gamme d\u2019options de remboursement flexibles pour vous assurer que votre entreprise de soins de sant\u00e9 est dans la meilleure situation financi\u00e8re pour g\u00e9rer ses obligations.<\/span><\/p>","protected":false},"excerpt":{"rendered":"<p>Businesses, including healthcare providers, have been extremely affected by COVID-19. In response to this crisis, the Canadian government has implemented various support measures to help businesses during these challenging times. One of these measures is the Canada Emergency Business Account (CEBA) loan program. With the launch of the CEBA loan for healthcare, healthcare businesses now [&hellip;]<\/p>\n","protected":false},"author":2,"featured_media":6576,"parent":0,"menu_order":0,"comment_status":"closed","ping_status":"closed","template":"","meta":{"footnotes":""},"class_list":["post-6575","page","type-page","status-publish","has-post-thumbnail","hentry"],"_links":{"self":[{"href":"https:\/\/ceba.ca\/fr\/wp-json\/wp\/v2\/pages\/6575","targetHints":{"allow":["GET"]}}],"collection":[{"href":"https:\/\/ceba.ca\/fr\/wp-json\/wp\/v2\/pages"}],"about":[{"href":"https:\/\/ceba.ca\/fr\/wp-json\/wp\/v2\/types\/page"}],"author":[{"embeddable":true,"href":"https:\/\/ceba.ca\/fr\/wp-json\/wp\/v2\/users\/2"}],"replies":[{"embeddable":true,"href":"https:\/\/ceba.ca\/fr\/wp-json\/wp\/v2\/comments?post=6575"}],"version-history":[{"count":1,"href":"https:\/\/ceba.ca\/fr\/wp-json\/wp\/v2\/pages\/6575\/revisions"}],"predecessor-version":[{"id":6577,"href":"https:\/\/ceba.ca\/fr\/wp-json\/wp\/v2\/pages\/6575\/revisions\/6577"}],"wp:featuredmedia":[{"embeddable":true,"href":"https:\/\/ceba.ca\/fr\/wp-json\/wp\/v2\/media\/6576"}],"wp:attachment":[{"href":"https:\/\/ceba.ca\/fr\/wp-json\/wp\/v2\/media?parent=6575"}],"curies":[{"name":"wp","href":"https:\/\/api.w.org\/{rel}","templated":true}]}}