{"id":6569,"date":"2023-11-09T01:25:25","date_gmt":"2023-11-09T06:25:25","guid":{"rendered":"https:\/\/ceba.ca\/?page_id=6569"},"modified":"2023-11-09T01:25:25","modified_gmt":"2023-11-09T06:25:25","slug":"ceba-loan-for-maintenance-trades","status":"publish","type":"page","link":"https:\/\/ceba.ca\/fr\/ceba-loan-for-maintenance-trades\/","title":{"rendered":"Pr\u00eat CUEC pour les m\u00e9tiers d&#039;entretien"},"content":{"rendered":"<p><span style=\"font-weight: 400;\">Les entreprises comme les m\u00e9tiers de la maintenance ont \u00e9t\u00e9 confront\u00e9es \u00e0 des difficult\u00e9s financi\u00e8res dans le pass\u00e9. Le plus gros probl\u00e8me \u00e9tait bien s\u00fbr le COVID-19 et son impact sur les entreprises. De nombreux m\u00e9tiers de la maintenance ont vu leur client\u00e8le et leurs revenus diminuer pendant cette p\u00e9riode de crise. Mais cela d\u00e9pend du gouvernement canadien et du programme CEBA. Les entreprises des m\u00e9tiers de l\u2019entretien ont pu b\u00e9n\u00e9ficier d\u2019une aide financi\u00e8re en ces temps difficiles.<\/span><\/p>\n<p><span style=\"font-weight: 400;\">Dans cet article de blog, nous aborderons le pr\u00eat CUEC pour les m\u00e9tiers d\u2019entretien. Nous parlerons \u00e9galement des modalit\u00e9s r\u00e9vis\u00e9es que les entreprises des m\u00e9tiers de maintenance doivent conna\u00eetre.<\/span><\/p>\n<h2><span style=\"font-weight: 400;\">Pr\u00eat CUEC pour les m\u00e9tiers d&#039;entretien<\/span><\/h2>\n<p><span style=\"font-weight: 400;\">Le Compte d\u2019urgence pour les entreprises canadiennes, ou CUEC, est un <\/span><a href=\"https:\/\/ceba.ca\/fr\/\"><span style=\"font-weight: 400;\">programme de pr\u00eat<\/span><\/a><span style=\"font-weight: 400;\">. Il est con\u00e7u pour fournir une aide financi\u00e8re aux petites entreprises comme les m\u00e9tiers de l&#039;entretien pendant la pand\u00e9mie de COVID-19. Ce programme a pris son envol le 9 avril 2020. Le CEBA est devenu un outil de soutien important pour d&#039;innombrables m\u00e9tiers de la maintenance qui ont \u00e9t\u00e9 fortement touch\u00e9s par la crise. <\/span><a href=\"https:\/\/www.who.int\/health-topics\/coronavirus#tab=tab_1\" target=\"_blank\" rel=\"noopener\"><span style=\"font-weight: 400;\">Crise du COVID-19<\/span><\/a><span style=\"font-weight: 400;\">. Le pr\u00eat CUEC pour les m\u00e9tiers d&#039;entretien constitue une bou\u00e9e de sauvetage essentielle pour aider ces entreprises \u00e0 traverser cette p\u00e9riode difficile. Il devient donc crucial pour les m\u00e9tiers de l\u2019entretien de comprendre les opportunit\u00e9s offertes par ce programme de pr\u00eat.<\/span><\/p>\n<h2><span style=\"font-weight: 400;\">Comment le pr\u00eat CUEC pour les m\u00e9tiers de l&#039;entretien peut-il aider<\/span><\/h2>\n<p><span style=\"font-weight: 400;\">Le Compte d&#039;urgence pour les entreprises canadiennes (CUEC) a \u00e9t\u00e9 une oasis dans le d\u00e9sert pour de nombreuses entit\u00e9s du secteur des m\u00e9tiers de l&#039;entretien, leur offrant un moyen de survie. Cette initiative a inject\u00e9 dans l\u2019\u00e9conomie un montant impressionnant de $49 milliards de pr\u00eats. Il a aid\u00e9 le cadre financier d&#039;environ 900 000 entreprises, dont beaucoup appartiennent au secteur des m\u00e9tiers d&#039;entretien.<\/span><\/p>\n<p><span style=\"font-weight: 400;\">Le pr\u00eat CUEC pour les m\u00e9tiers d&#039;entretien s&#039;est r\u00e9v\u00e9l\u00e9 particuli\u00e8rement b\u00e9n\u00e9fique pour g\u00e9rer les d\u00e9penses non reportables, ces co\u00fbts tenaces qui persistent quel que soit le contexte des affaires. Pensez aux factures omnipr\u00e9sentes de loyer, de services publics et d\u2019assurance, aux obligations financi\u00e8res continues envers les employ\u00e9s et aux in\u00e9vitables imp\u00f4ts. Le programme CEBA a offert un pr\u00eat \u00e0 taux z\u00e9ro de $40 000. Cependant, compte tenu de l&#039;urgence du besoin, cette limite a \u00e9t\u00e9 par la suite augment\u00e9e \u00e0 $60 000.<\/span><\/p>\n<p><span style=\"font-weight: 400;\">Une partie de ce pr\u00eat pourrait \u00eatre totalement annul\u00e9e, sous r\u00e9serve que les m\u00e9tiers de maintenance remplissent certaines conditions. Cette fonctionnalit\u00e9 apporte un all\u00e8gement financier important, notamment pour les entreprises du secteur des m\u00e9tiers de la maintenance. Le pr\u00eat CUEC pour les m\u00e9tiers d\u2019entretien constitue donc une lueur d\u2019espoir en ces temps difficiles.<\/span><\/p>\n<h2><span style=\"font-weight: 400;\">Changements r\u00e9cents au pr\u00eat CUEC pour les m\u00e9tiers d&#039;entretien<\/span><\/h2>\n<p><span style=\"font-weight: 400;\">Fait marquant, le 14 septembre 2023, le premier ministre a annonc\u00e9 des d\u00e9lais r\u00e9vis\u00e9s pour le <a href=\"https:\/\/ceba.ca\/fr\/information\/ceba-repayment-deadline\/\">remboursement des pr\u00eats du CUEC<\/a>, y compris ceux obtenus par les entreprises des m\u00e9tiers de la maintenance. Cette r\u00e9vision a accord\u00e9 aux b\u00e9n\u00e9ficiaires du pr\u00eat une ann\u00e9e suppl\u00e9mentaire pour rembourser, \u00e9largissant simultan\u00e9ment les possibilit\u00e9s pour les entreprises de b\u00e9n\u00e9ficier d&#039;une remise partielle de pr\u00eat pouvant aller jusqu&#039;\u00e0 33%.<\/span><\/p>\n<p><span style=\"font-weight: 400;\">Concr\u00e8tement, selon les termes de la remise partielle de pr\u00eat du CUEC <\/span><a href=\"https:\/\/ceba.ca\/fr\/news\/ceba-extended-to-january\/\"><span style=\"font-weight: 400;\">Date limite<\/span><\/a><span style=\"font-weight: 400;\">, les entreprises des m\u00e9tiers de la maintenance ont d\u00e9sormais jusqu&#039;au 18 janvier 2024 pour b\u00e9n\u00e9ficier d&#039;une remise partielle de pr\u00eat. Cela marque un <\/span><a href=\"https:\/\/ceba.ca\/fr\/news\/will-ceba-be-extended-again\/\"><span style=\"font-weight: 400;\">extension<\/span><\/a><span style=\"font-weight: 400;\"> \u00e0 compter de la date limite initiale du 31 d\u00e9cembre 2023. Pour les entreprises du secteur des m\u00e9tiers de l&#039;entretien souhaitant refinancer leurs pr\u00eats, les demandes doivent \u00eatre soumises \u00e0 leurs institutions financi\u00e8res respectives avant le 18 janvier 2024. Une fois le refinancement r\u00e9ussi, ces entreprises obtiennent une prolongation jusqu&#039;en mars. 28\u00a0janvier\u00a02024 pour b\u00e9n\u00e9ficier d\u2019une remise de pr\u00eat.<\/span><\/p>\n<p><span style=\"font-weight: 400;\">Pour le remboursement final de tous les pr\u00eats CUEC en cours, y compris ceux d\u00e9tenus par les entreprises des m\u00e9tiers d&#039;entretien, la nouvelle date limite est le 31 d\u00e9cembre 2026. Ce d\u00e9lai prolong\u00e9 s&#039;applique universellement \u00e0 toutes les entreprises des m\u00e9tiers d&#039;entretien, sans exception. Cela signifie que les entreprises des m\u00e9tiers de la maintenance disposent d\u00e9sormais d&#039;un an suppl\u00e9mentaire par rapport \u00e0 la pr\u00e9c\u00e9dente date limite de remboursement du 31 d\u00e9cembre 2025 pour finaliser le remboursement sans encourir de p\u00e9nalit\u00e9s.<\/span><\/p>\n<p><span style=\"font-weight: 400;\">Les pr\u00eats \u00e0 terme d\u00e9tenus par les entreprises des m\u00e9tiers de maintenance porteront un taux d&#039;int\u00e9r\u00eat annuel de 5 pour cent, applicable sur le solde restant du pr\u00eat. Cependant, la fr\u00e9quence sp\u00e9cifique de ces paiements d&#039;int\u00e9r\u00eats peut varier selon les diff\u00e9rentes entreprises de maintenance, refl\u00e9tant les politiques et proc\u00e9dures individuelles de leurs institutions financi\u00e8res respectives concernant le paiement des int\u00e9r\u00eats.<\/span><\/p>\n<p><span style=\"font-weight: 400;\">Malgr\u00e9 les d\u00e9fis consid\u00e9rables engendr\u00e9s par la pand\u00e9mie mondiale, le secteur des m\u00e9tiers d\u2019entretien a fait preuve d\u2019une r\u00e9silience remarquable, rendue possible en partie gr\u00e2ce au soutien financier accord\u00e9 par les pr\u00eats du CUEC.<\/span><\/p>\n<h2><span style=\"font-weight: 400;\">M\u00e9thodes de remboursement des pr\u00eats CUEC pour les m\u00e9tiers d&#039;entretien<\/span><\/h2>\n<p><span style=\"font-weight: 400;\">Les entreprises des m\u00e9tiers d\u2019entretien disposent des options de remboursement suivantes dans le cadre du programme de pr\u00eat CUEC\u00a0:<\/span><\/p>\n<ul>\n<li style=\"font-weight: 400;\" aria-level=\"1\"><span style=\"font-weight: 400;\">Services bancaires en ligne<\/span><\/li>\n<li style=\"font-weight: 400;\" aria-level=\"1\"><span style=\"font-weight: 400;\">Application mobile<\/span><\/li>\n<li style=\"font-weight: 400;\" aria-level=\"1\"><span style=\"font-weight: 400;\">Paiements mensuels automatiques<\/span><\/li>\n<li style=\"font-weight: 400;\" aria-level=\"1\"><span style=\"font-weight: 400;\">Op\u00e9rations aux guichets automatiques<\/span><\/li>\n<\/ul>\n<h2><span style=\"font-weight: 400;\">Que se passe-t-il si les m\u00e9tiers de l&#039;entretien ne remboursent pas le CUEC\u00a0?<\/span><\/h2>\n<p><span style=\"font-weight: 400;\">Si les entreprises du secteur de l\u2019entretien ne parviennent pas \u00e0 rembourser leurs pr\u00eats du CUEC avant la date limite finale, soit le 31 d\u00e9cembre 2026, elles risquent de se retrouver en situation de d\u00e9faut de paiement. Cela d\u00e9clencherait les recouvrements initi\u00e9s par l&#039;Agence du revenu du Canada (ARC). La gravit\u00e9 et la persistance des efforts de recouvrement de l&#039;ARC peuvent varier, souvent influenc\u00e9es par des situations individuelles.\u00a0<\/span><\/p>\n<p><span style=\"font-weight: 400;\">Les entreprises des m\u00e9tiers de l&#039;entretien qui ont fait preuve de diligence dans leurs paiements d&#039;int\u00e9r\u00eats mensuels mais qui ont eu des difficult\u00e9s \u00e0 rembourser le montant principal du pr\u00eat peuvent \u00eatre en mesure de n\u00e9gocier un plan de remboursement plus cl\u00e9ment avec leurs pr\u00eateurs. Il est toutefois recommand\u00e9 \u00e0 ces entreprises de trouver un autre pr\u00eateur avant la date limite ultime du 31 d\u00e9cembre 2026.\u00a0<\/span><\/p>\n<p><span style=\"font-weight: 400;\">Cette mesure proactive peut prot\u00e9ger les entreprises de maintenance contre les d\u00e9fauts de paiement, les impacts potentiels sur leur cote de cr\u00e9dit et les complications de recouvrement qui en d\u00e9coulent. Par cons\u00e9quent, m\u00eame si le pr\u00eat CUEC a constitu\u00e9 un m\u00e9canisme de soutien essentiel en ces temps difficiles, il est essentiel que les entreprises planifient et agissent judicieusement pour \u00e9viter d\u2019\u00e9ventuels obstacles financiers.<\/span><\/p>\n<h2><span style=\"font-weight: 400;\">Conclusion<\/span><\/h2>\n<p><span style=\"font-weight: 400;\">Ainsi, le pr\u00eat CUEC pour les m\u00e9tiers d\u2019entretien a \u00e9t\u00e9 une aubaine pour les entreprises du secteur, fournissant un soulagement financier indispensable. Les r\u00e9cents changements dans les d\u00e9lais de remboursement ont prolong\u00e9 la p\u00e9riode de support et augment\u00e9 les possibilit\u00e9s de remboursement partiel. <\/span><a href=\"https:\/\/ceba.ca\/fr\/news\/is-ceba-loan-forgiveness-taxable-in-2023\/\"><span style=\"font-weight: 400;\">remise de pr\u00eat<\/span><\/a><span style=\"font-weight: 400;\">. Cependant, il est essentiel que les entreprises de maintenance planifient et ex\u00e9cutent soigneusement leurs strat\u00e9gies de remboursement afin d&#039;\u00e9viter les cons\u00e9quences potentielles d&#039;un non-paiement.<\/span><\/p>","protected":false},"excerpt":{"rendered":"<p>Businesses like maintenance trades faced financial challenges in the past. The biggest problem was, of course, COVID-19 and the impact it had on businesses. Many maintenance trades saw a decrease in clients and revenue during this time of crisis. But that&#8217;s to the Canadian Government and the CEBA program. Maintenance trades businesses were able to [&hellip;]<\/p>\n","protected":false},"author":2,"featured_media":6570,"parent":0,"menu_order":0,"comment_status":"closed","ping_status":"closed","template":"","meta":{"footnotes":""},"class_list":["post-6569","page","type-page","status-publish","has-post-thumbnail","hentry"],"_links":{"self":[{"href":"https:\/\/ceba.ca\/fr\/wp-json\/wp\/v2\/pages\/6569","targetHints":{"allow":["GET"]}}],"collection":[{"href":"https:\/\/ceba.ca\/fr\/wp-json\/wp\/v2\/pages"}],"about":[{"href":"https:\/\/ceba.ca\/fr\/wp-json\/wp\/v2\/types\/page"}],"author":[{"embeddable":true,"href":"https:\/\/ceba.ca\/fr\/wp-json\/wp\/v2\/users\/2"}],"replies":[{"embeddable":true,"href":"https:\/\/ceba.ca\/fr\/wp-json\/wp\/v2\/comments?post=6569"}],"version-history":[{"count":1,"href":"https:\/\/ceba.ca\/fr\/wp-json\/wp\/v2\/pages\/6569\/revisions"}],"predecessor-version":[{"id":6571,"href":"https:\/\/ceba.ca\/fr\/wp-json\/wp\/v2\/pages\/6569\/revisions\/6571"}],"wp:featuredmedia":[{"embeddable":true,"href":"https:\/\/ceba.ca\/fr\/wp-json\/wp\/v2\/media\/6570"}],"wp:attachment":[{"href":"https:\/\/ceba.ca\/fr\/wp-json\/wp\/v2\/media?parent=6569"}],"curies":[{"name":"wp","href":"https:\/\/api.w.org\/{rel}","templated":true}]}}