{"id":6466,"date":"2023-10-25T14:53:00","date_gmt":"2023-10-25T18:53:00","guid":{"rendered":"https:\/\/ceba.ca\/?page_id=6466"},"modified":"2023-10-25T14:53:00","modified_gmt":"2023-10-25T18:53:00","slug":"ceba-loan-for-florists","status":"publish","type":"page","link":"https:\/\/ceba.ca\/fr\/ceba-loan-for-florists\/","title":{"rendered":"Pr\u00eat CUEC pour fleuristes"},"content":{"rendered":"<p><span style=\"font-weight: 400;\">Le pr\u00eat du CUEC destin\u00e9 aux fleuristes a aid\u00e9 l&#039;industrie \u00e0 atteindre de nouveaux sommets. Explorez de nouveaux horizons, \u00e9largissez vos services et d\u00e9veloppez votre entreprise gr\u00e2ce au pr\u00eat CUEC pour fleuristes. Gr\u00e2ce au pr\u00eat CUEC, les fleuristes peuvent propulser leur entreprise \u00e0 un nouveau niveau.\u00a0<\/span><\/p>\n<p><span style=\"font-weight: 400;\">Mais en quoi le pr\u00eat CUEC pour fleuristes a-t-il aid\u00e9 et quel est le d\u00e9lai final de remboursement ? D\u00e9couvrons-le!<\/span><\/p>\n<h2><span style=\"font-weight: 400;\">Qu\u2019est-ce que le CEBA pour les fleuristes ?<\/span><\/h2>\n<p><span style=\"font-weight: 400;\">Le Compte d\u2019urgence pour les entreprises canadiennes, ou CEBA, est une bou\u00e9e de sauvetage pour les fleuristes qui naviguent dans les eaux agit\u00e9es de l\u2019\u00e9conomie li\u00e9e \u00e0 la COVID-19. En tant que programme d&#039;aide financi\u00e8re orchestr\u00e9 par le gouvernement canadien, les pr\u00eats CUEC sont con\u00e7us pour soutenir les entreprises qui subissent le plus gros de cette crise sanitaire mondiale.\u00a0<\/span><\/p>\n<p><span style=\"font-weight: 400;\">Compte tenu des d\u00e9fis \u00e9conomiques, ces pr\u00eats, \u00e0 hauteur de $60 000, sont sans int\u00e9r\u00eat, offrant un coussin financier important aux entreprises telles que les fleuristes.<\/span><\/p>\n<p><span style=\"font-weight: 400;\">Notamment, le gouvernement canadien a fait une annonce critique le 14 septembre 2023, introduisant de nouvelles nuances au CUEC. <a href=\"https:\/\/ceba.ca\/fr\/news\/ceba-extended-to-january\/\">Selon ces directives mises \u00e0 jour<\/a>, les entreprises qui demanderont un pr\u00eat via leur institution financi\u00e8re verront la date limite de remise du pr\u00eat CUEC prolong\u00e9e jusqu&#039;au 28 mars 2024.<\/span><\/p>\n<h2><span style=\"font-weight: 400;\">Pourquoi choisir le pr\u00eat CEBA pour les fleuristes ?<\/span><\/h2>\n<p><span style=\"font-weight: 400;\">Le pr\u00eat CUEC est une option int\u00e9ressante pour les fleuristes en raison de sa fonction unique d\u2019exon\u00e9ration de pr\u00eat. Conform\u00e9ment \u00e0 l&#039;accord de pr\u00eat du CUEC, les entreprises peuvent \u00eatre admissibles \u00e0 une remise de pr\u00eat allant jusqu&#039;\u00e0 $20,000. Cette disposition permet aux entreprises d\u2019\u00e9conomiser des sommes substantielles, ce qui rend le refinancement du pr\u00eat CUEC une perspective all\u00e9chante.\u00a0<\/span><\/p>\n<p><span style=\"font-weight: 400;\">M\u00eame si le taux d\u2019int\u00e9r\u00eat est relativement \u00e9lev\u00e9 apr\u00e8s la p\u00e9riode sans int\u00e9r\u00eat, les \u00e9conomies potentielles r\u00e9sultant de la clause de remise d\u00e9passent le co\u00fbt. Par cons\u00e9quent, tirer parti de cette fonctionnalit\u00e9 d\u2019exon\u00e9ration de pr\u00eat peut apporter aux entreprises, y compris aux fleuristes, un soulagement financier important.<\/span><\/p>\n<h2><span style=\"font-weight: 400;\">Le pr\u00eat CUEC pour les fleuristes est-il prolong\u00e9\u00a0?<\/span><\/h2>\n<p><span style=\"font-weight: 400;\">Le <a href=\"https:\/\/www.canada.ca\/en.html\" target=\"_blank\" rel=\"noopener\">Premier ministre canadien<\/a> a annonc\u00e9 des dates limites r\u00e9vis\u00e9es pour le remboursement des pr\u00eats CUEC le 14 septembre 2023. Cette annonce a marqu\u00e9 une mise \u00e0 jour importante pour les fleuristes et autres entreprises b\u00e9n\u00e9ficiant du pr\u00eat CUEC. Voici les changements que les fleuristes doivent comprendre\u00a0:<\/span><\/p>\n<h3><span style=\"font-weight: 400;\">Remise de pr\u00eat et refinancement<\/span><\/h3>\n<p><span style=\"font-weight: 400;\">Les directives mises \u00e0 jour contiennent \u00e9galement des d\u00e9tails sur le processus de refinancement. les fleuristes souhaitant demander une remise partielle de pr\u00eat doivent soumettre une demande \u00e0 leur institution financi\u00e8re avant le 18 janvier 2024. Cette demande garantit une prolongation de refinancement jusqu&#039;au 28 mars 2024 pour \u00eatre admissible \u00e0 une remise de pr\u00eat.\u00a0<\/span><\/p>\n<p><span style=\"font-weight: 400;\">Le gouvernement a joint <a href=\"https:\/\/ceba.ca\/fr\/information\/what-type-of-businesses-qualify-for-ceba-refinancing\/\">avantages d&#039;un remboursement dans les d\u00e9lais<\/a>, incitant les fleuristes et autres entreprises. Supposons que le pr\u00eat soit rembours\u00e9 au plus tard le 18 janvier 2024, ou avant la date limite de prolongation du refinancement du 28 mars 2024 (\u00e9tant donn\u00e9 qu&#039;une demande de refinancement a \u00e9t\u00e9 soumise avant le 18 janvier 2024). Dans ce cas, les fleuristes ont droit \u00e0 une remise partielle de leur pr\u00eat.<\/span><\/p>\n<h3><span style=\"font-weight: 400;\">\u00c9conomies pour les fleuristes<\/span><\/h3>\n<p><span style=\"font-weight: 400;\">L\u2019annulation du pr\u00eat peut r\u00e9duire consid\u00e9rablement le fardeau financier des fleuristes. Pour un pr\u00eat de $40 000, les entreprises peuvent s\u2019attendre \u00e0 une remise allant jusqu\u2019\u00e0 $10 000. Pour un pr\u00eat de $60 000, les fleuristes peuvent anticiper jusqu&#039;\u00e0 $20 000 de remise. Cette disposition souligne l\u2019attrait du pr\u00eat CUEC pour les fleuristes, offrant un all\u00e8gement financier substantiel en ces temps \u00e9conomiques difficiles.<\/span><\/p>\n<h3><span style=\"font-weight: 400;\">Dispositions en cas de non-respect de la date limite de remise du pr\u00eat<\/span><\/h3>\n<p><span style=\"font-weight: 400;\">les fleuristes doivent prendre note des dispositions en cas de non-respect du d\u00e9lai de remboursement de l&#039;exon\u00e9ration de pr\u00eat. \u00c0 compter du 19 janvier 2024, tout solde impay\u00e9 du pr\u00eat CUEC sera converti en pr\u00eat \u00e0 terme de trois ans. Apr\u00e8s cette conversion, l\u2019avantage du taux d\u2019int\u00e9r\u00eat nul ne s\u2019appliquera plus et un taux d\u2019int\u00e9r\u00eat annuel 5% sera pr\u00e9lev\u00e9 sur le solde restant.<\/span><\/p>\n<h3><span style=\"font-weight: 400;\">D\u00e9lai prolong\u00e9 pour le remboursement int\u00e9gral<\/span><\/h3>\n<p><span style=\"font-weight: 400;\">Le d\u00e9lai de remboursement int\u00e9gral a \u00e9t\u00e9 prolong\u00e9 jusqu&#039;au 31 d\u00e9cembre 2026, soit un an apr\u00e8s la date initialement pr\u00e9vue du 31 d\u00e9cembre 2025. Cette prolongation donne une ann\u00e9e suppl\u00e9mentaire aux fleuristes pour faire face \u00e0 leurs obligations financi\u00e8res.\u00a0<\/span><\/p>\n<p><span style=\"font-weight: 400;\">Cependant, les frais d\u2019int\u00e9r\u00eat annuels 5% constituent un fardeau suppl\u00e9mentaire. Ce changement de politique souligne l&#039;engagement du gouvernement canadien \u00e0 offrir flexibilit\u00e9 et soutien aux entreprises, en particulier aux fleuristes, en ces temps difficiles.<\/span><\/p>\n<h2><span style=\"font-weight: 400;\">Fleuristes en r\u00e8gle<\/span><\/h2>\n<p><span style=\"font-weight: 400;\">Ceux qui ne connaissent pas le terme \u00ab\u00a0en r\u00e8gle\u00a0\u00bb pourraient trouver quelque peu perplexe l&#039;utilisation que le gouvernement canadien en fait dans le contexte de l&#039;exon\u00e9ration du pr\u00eat du CUEC. La d\u00e9claration du gouvernement indique que \u00ab la date de remboursement de la remise a \u00e9t\u00e9 prolong\u00e9e jusqu&#039;au 18 janvier 2024 pour les titulaires admissibles du pr\u00eat CUEC en r\u00e8gle \u00bb. Cependant, le terme \u00ab\u00a0en r\u00e8gle\u00a0\u00bb reste largement ind\u00e9fini, ce qui laisse une certaine ambigu\u00eft\u00e9 dans la politique applicable aux fleuristes.<\/span><\/p>\n<p><span style=\"font-weight: 400;\">Dans son sens le plus fondamental, \u00ab\u00a0en r\u00e8gle\u00a0\u00bb signifie qu&#039;une entreprise continue de fonctionner et que le propri\u00e9taire de l&#039;entreprise conserve le pouvoir de prendre des d\u00e9cisions cons\u00e9quentes. Cette interpr\u00e9tation correspond \u00e0 la terminologie g\u00e9n\u00e9rale des affaires, selon laquelle une entreprise (comme les fleuristes) en r\u00e8gle maintient ses op\u00e9rations et est conforme \u00e0 la loi.<\/span><\/p>\n<p><span style=\"font-weight: 400;\">Cependant, le gouvernement canadien s&#039;est abstenu de pr\u00e9ciser la signification exacte de \u00ab\u00a0en r\u00e8gle\u00a0\u00bb dans le contexte du pr\u00eat CUEC. Habituellement, une entreprise est consid\u00e9r\u00e9e comme en r\u00e8gle aupr\u00e8s de l&#039;Agence du revenu du Canada (ARC) si elle a consciencieusement d\u00e9pos\u00e9 tous les documents requis et r\u00e9gl\u00e9 tous les montants dus. Mais il semble peu probable que cette d\u00e9finition standard soit celle que le gouvernement laisse entendre en ce qui concerne le pr\u00eat CUEC.<\/span><\/p>\n<p><span style=\"font-weight: 400;\">Compte tenu de l\u2019ambigu\u00eft\u00e9 qui entoure ce terme, nous pouvons \u00e9mettre quelques hypoth\u00e8ses \u00e9clair\u00e9es. Supposons qu\u2019une entreprise poss\u00e8de un compte bancaire actif et une inscription d\u2019entreprise valide aupr\u00e8s de l\u2019ARC, y compris un num\u00e9ro d\u2019entreprise. Dans ce cas, il est raisonnable de d\u00e9duire que l\u2019entreprise du fleuriste est \u00ab en r\u00e8gle \u00bb.\u00a0<\/span><\/p>\n<p><span style=\"font-weight: 400;\">Par cons\u00e9quent, une telle entreprise remplirait probablement les crit\u00e8res d\u2019\u00e9ligibilit\u00e9 \u00e0 l\u2019exon\u00e9ration de pr\u00eat du CUEC. N\u00e9anmoins, les fleuristes sont encourag\u00e9s \u00e0 consulter leurs conseillers financiers ou directement l\u2019ARC pour plus de clart\u00e9 sur leur situation.<\/span><\/p>\n<h2><span style=\"font-weight: 400;\">Conclusion<\/span><\/h2>\n<p><span style=\"font-weight: 400;\">Le pr\u00eat CUEC pour les fleuristes est une mesure importante prise par le gouvernement canadien pour soutenir ses entreprises pendant la pand\u00e9mie de COVID-19. Avec le d\u00e9lai d\u2019exon\u00e9ration de pr\u00eat prolong\u00e9 et les lignes directrices mises \u00e0 jour, le pr\u00eat CUEC demeure une option viable pour les fleuristes qui cherchent \u00e0 all\u00e9ger leur fardeau financier.\u00a0<\/span><\/p>\n<p><span style=\"font-weight: 400;\">Cependant, il est essentiel de comprendre les dispositions sp\u00e9cifiques et les crit\u00e8res d\u2019\u00e9ligibilit\u00e9 pour tirer le meilleur parti de ce programme. Il est conseill\u00e9 aux fleuristes de se tenir au courant de tout changement de politique et de profiter de cette pr\u00e9cieuse opportunit\u00e9 offerte par le gouvernement canadien. Visite <\/span><a href=\"https:\/\/ceba.ca\/fr\/\"><span style=\"font-weight: 400;\">Ceba.ca<\/span><\/a><span style=\"font-weight: 400;\"> pour les derni\u00e8res mises \u00e0 jour, d\u00e9lais et autres informations connexes\u00a0!<\/span><\/p>","protected":false},"excerpt":{"rendered":"<p>CEBA loan for florists has helped the industry explore new heights. Explore new horizons, expand your services, and elevate your business with CEBA loan for florists. With the CEBA loan, florists can take their business to a new level.\u00a0 But how did the CEBA loan for florists help, and what is the final repayment deadline? [&hellip;]<\/p>\n","protected":false},"author":2,"featured_media":6467,"parent":0,"menu_order":0,"comment_status":"closed","ping_status":"closed","template":"","meta":{"footnotes":""},"class_list":["post-6466","page","type-page","status-publish","has-post-thumbnail","hentry"],"_links":{"self":[{"href":"https:\/\/ceba.ca\/fr\/wp-json\/wp\/v2\/pages\/6466","targetHints":{"allow":["GET"]}}],"collection":[{"href":"https:\/\/ceba.ca\/fr\/wp-json\/wp\/v2\/pages"}],"about":[{"href":"https:\/\/ceba.ca\/fr\/wp-json\/wp\/v2\/types\/page"}],"author":[{"embeddable":true,"href":"https:\/\/ceba.ca\/fr\/wp-json\/wp\/v2\/users\/2"}],"replies":[{"embeddable":true,"href":"https:\/\/ceba.ca\/fr\/wp-json\/wp\/v2\/comments?post=6466"}],"version-history":[{"count":1,"href":"https:\/\/ceba.ca\/fr\/wp-json\/wp\/v2\/pages\/6466\/revisions"}],"predecessor-version":[{"id":6468,"href":"https:\/\/ceba.ca\/fr\/wp-json\/wp\/v2\/pages\/6466\/revisions\/6468"}],"wp:featuredmedia":[{"embeddable":true,"href":"https:\/\/ceba.ca\/fr\/wp-json\/wp\/v2\/media\/6467"}],"wp:attachment":[{"href":"https:\/\/ceba.ca\/fr\/wp-json\/wp\/v2\/media?parent=6466"}],"curies":[{"name":"wp","href":"https:\/\/api.w.org\/{rel}","templated":true}]}}