{"id":6368,"date":"2023-10-25T11:53:08","date_gmt":"2023-10-25T15:53:08","guid":{"rendered":"https:\/\/ceba.ca\/?page_id=6368"},"modified":"2023-10-25T11:53:08","modified_gmt":"2023-10-25T15:53:08","slug":"ceba-loan-for-convenience-stores","status":"publish","type":"page","link":"https:\/\/ceba.ca\/fr\/ceba-loan-for-convenience-stores\/","title":{"rendered":"Pr\u00eat CUEC pour les d\u00e9panneurs"},"content":{"rendered":"<p><span style=\"font-weight: 400;\">Trouver le bon financement pour votre entreprise peut s\u2019av\u00e9rer difficile, surtout lorsqu\u2019il s\u2019agit d\u2019investir dans de nouveaux d\u00e9panneurs. En tant que propri\u00e9taire d\u2019une petite entreprise, vous savez \u00e0 quel point la technologie est importante pour rester comp\u00e9titif et suivre le rythme effr\u00e9n\u00e9 du monde des affaires. C&#039;est l\u00e0 que le <a href=\"https:\/\/ceba.ca\/fr\/\">Pr\u00eat CUEC<\/a> pour les d\u00e9panneurs entre en jeu.<\/span><\/p>\n<p><span style=\"font-weight: 400;\">Ce blog porte sur le pr\u00eat CUEC pour les d\u00e9panneurs. Nous discuterons de la mani\u00e8re dont ce pr\u00eat peut aider votre entreprise et vous guiderons tout au long du processus de demande.<\/span><\/p>\n<h2><span style=\"font-weight: 400;\">Pr\u00eat CUEC pour les d\u00e9panneurs<\/span><\/h2>\n<p><span style=\"font-weight: 400;\">Le pr\u00eat CUEC est un m\u00e9canisme de soutien financier sp\u00e9cialement con\u00e7u pour aider les entreprises \u00e0 traverser les temp\u00eates \u00e9conomiques pr\u00e9cipit\u00e9es par la pand\u00e9mie de COVID-19. Particuli\u00e8rement pertinent pour des secteurs tels que les d\u00e9panneurs, ce programme de pr\u00eat offre une bou\u00e9e de sauvetage aux entreprises aux prises avec une baisse de revenus due \u00e0 une baisse du nombre de clients ou de la demande des consommateurs.<\/span><\/p>\n<p><span style=\"font-weight: 400;\">Les d\u00e9panneurs peuvent acc\u00e9der jusqu&#039;\u00e0 $60 000 en pr\u00eats sans int\u00e9r\u00eat gr\u00e2ce au CUEC. Ce qui rend ce pr\u00eat encore plus avantageux, c&#039;est que $20,000 de ce montant est remboursable, \u00e0 condition qu&#039;il soit rembours\u00e9 dans les d\u00e9lais convenus. Ce formidable soutien financier constitue un filet de s\u00e9curit\u00e9 crucial pour les entreprises qui naviguent dans un contexte \u00e9conomique difficile.<\/span><\/p>\n<p><span style=\"font-weight: 400;\">Deux \u00e9l\u00e9ments cl\u00e9s caract\u00e9risent les modalit\u00e9s du pr\u00eat CUEC, telles que d\u00e9finies par le <a href=\"https:\/\/www.canada.ca\/en.html\" target=\"_blank\" rel=\"noopener\">Gouvernement du Canada<\/a>. La premi\u00e8re concerne l\u2019\u00e9ligibilit\u00e9 de l\u2019emprunteur. Les entreprises de d\u00e9panneurs sont \u00e9valu\u00e9es en fonction de param\u00e8tres pr\u00e9cis, notamment le montant de leur masse salariale ou leurs d\u00e9penses non reportables. De plus, ils doivent \u00eatre en mesure de d\u00e9montrer une perte de revenus quantifiable imputable \u00e0 la pand\u00e9mie pour pouvoir b\u00e9n\u00e9ficier du pr\u00eat.<\/span><\/p>\n<p><span style=\"font-weight: 400;\">La deuxi\u00e8me caract\u00e9ristique d\u00e9terminante du pr\u00eat CUEC r\u00e9side dans les directives strictes du gouvernement en mati\u00e8re d&#039;emprunt et de remboursement. Les entreprises peuvent recevoir jusqu&#039;\u00e0 $60 000 \u00e0 un <a href=\"https:\/\/ceba.ca\/fr\/news\/is-ceba-interest-free\/\">Taux d&#039;int\u00e9r\u00eat 0%<\/a> jusqu&#039;\u00e0 la date limite de remboursement. Le calendrier de remboursement a fait preuve d&#039;une certaine flexibilit\u00e9, le d\u00e9lai \u00e9tant prolong\u00e9 jusqu&#039;au 31 d\u00e9cembre 2023. De plus, le gouvernement du Canada a prolong\u00e9 le <a href=\"https:\/\/ceba.ca\/fr\/news\/ceba-extended-to-january\/\">remise partielle du pr\u00eat du CUEC jusqu&#039;au 18 janvier 2024<\/a>.<\/span><\/p>\n<p><span style=\"font-weight: 400;\">Alors que le pr\u00eat doit \u00eatre rembours\u00e9 dans un d\u00e9lai de deux ans (apr\u00e8s quoi il se transforme en un pr\u00eat \u00e0 terme portant int\u00e9r\u00eat 5%), les commerces de proximit\u00e9 pourraient avoir droit \u00e0 une remise allant jusqu&#039;\u00e0 $20 000 s&#039;ils remboursent avant la date limite. Cet incitatif suppl\u00e9mentaire offre aux entreprises une occasion importante de g\u00e9rer efficacement leurs finances en ces temps difficiles.<\/span><\/p>\n<h2><span style=\"font-weight: 400;\">Un guide pour obtenir un pr\u00eat CUEC pour les d\u00e9panneurs<\/span><\/h2>\n<p><span style=\"font-weight: 400;\">Les \u00e9tapes suivantes d\u00e9crivent le processus pour obtenir un pr\u00eat CUEC pour les d\u00e9panneurs\u00a0:<\/span><\/p>\n<h3><span style=\"font-weight: 400;\">\u00c9tape de candidature<\/span><\/h3>\n<p><span style=\"font-weight: 400;\">L\u2019\u00e9tape de la demande constitue la base de l\u2019obtention d\u2019un pr\u00eat CUEC pour toute entreprise, et elle n\u2019est pas diff\u00e9rente pour celles du secteur des d\u00e9panneurs. Cette phase cruciale exige que les propri\u00e9taires d&#039;entreprise \u00e9ligibles justifient leur qualification pour le pr\u00eat selon des crit\u00e8res stricts et sp\u00e9cifiques.<\/span><\/p>\n<p><span style=\"font-weight: 400;\">L\u2019une des principales exigences pour obtenir le pr\u00eat CUEC est de respecter un seuil de masse salariale minimum. les entreprises de d\u00e9panneurs doivent le d\u00e9montrer au moyen de preuves concr\u00e8tes et v\u00e9rifiables, g\u00e9n\u00e9ralement pr\u00e9sent\u00e9es sous forme de registres de paie. Ces dossiers t\u00e9moignent de la sant\u00e9 financi\u00e8re de l&#039;entreprise et justifient votre demande de pr\u00eat.<\/span><\/p>\n<p><span style=\"font-weight: 400;\">De plus, non seulement le processus de candidature exige une preuve du respect des normes de paie, mais il exige \u00e9galement une preuve tangible de l\u2019impact \u00e9conomique de la pand\u00e9mie sur votre activit\u00e9 de d\u00e9panneur. Cette preuve prend g\u00e9n\u00e9ralement la forme d\u2019\u00e9tats financiers ou de d\u00e9clarations fiscales, qui font partie int\u00e9grante de votre demande.<\/span><\/p>\n<p><span style=\"font-weight: 400;\">Ces relev\u00e9s et d\u00e9clarations ainsi que d&#039;autres documents organisationnels pertinents dressent un tableau financier clair de la situation de votre entreprise de d\u00e9panneur en ces temps difficiles. La profondeur et le d\u00e9tail de vos pi\u00e8ces justificatives peuvent servir de guide fiable \u00e0 votre pr\u00eateur potentiel, mettant en valeur la situation financi\u00e8re de votre entreprise et l&#039;impact profond que la pand\u00e9mie a eu sur elle.<\/span><\/p>\n<h3><span style=\"font-weight: 400;\">\u00c9tape d&#039;examen et d&#039;approbation<\/span><\/h3>\n<p><span style=\"font-weight: 400;\">Une fois la demande de pr\u00eat compl\u00e8te pour votre entreprise de d\u00e9panneur termin\u00e9e et d\u00fbment soumise, elle passe \u00e0 la phase d&#039;examen. Cette phase est men\u00e9e par des institutions financi\u00e8res d\u00e9sign\u00e9es ou des pr\u00eateurs partenaires, qui examinent minutieusement la documentation fournie \u00e0 la lumi\u00e8re des conditions d&#039;admissibilit\u00e9 uniques au pr\u00eat CUEC.<\/span><\/p>\n<p><span style=\"font-weight: 400;\">Lors de l\u2019examen d\u2019une demande de pr\u00eat pour une entreprise de d\u00e9panneur, ces \u00e9tablissements pr\u00eateurs s\u2019\u00e9cartent de l\u2019approche conventionnelle d\u2019\u00e9valuation de la solvabilit\u00e9. Leur \u00e9valuation est plut\u00f4t guid\u00e9e par des lignes directrices sp\u00e9cifiques fournies par le gouvernement du Canada, particuli\u00e8rement adapt\u00e9es au pr\u00eat CUEC.<\/span><\/p>\n<p><span style=\"font-weight: 400;\">Si les demandeurs du secteur des d\u00e9panneurs remplissent de mani\u00e8re satisfaisante toutes les conditions d\u2019admissibilit\u00e9 au CUEC et fournissent une documentation compl\u00e8te et pr\u00e9cise, ils recevront probablement un avis d\u2019approbation de pr\u00eat. Ce document essentiel d\u00e9crit les modalit\u00e9s du financement CUEC propos\u00e9 pour votre entreprise de d\u00e9panneur.\u00a0<\/span><\/p>\n<p><span style=\"font-weight: 400;\">Il sert de feuille de route sans ambigu\u00eft\u00e9 pour votre parcours financier, d\u00e9crivant les \u00e9tapes et les jalons clairs pour la gestion et le remboursement du pr\u00eat, permettant ainsi \u00e0 votre entreprise de d\u00e9panneur de prosp\u00e9rer m\u00eame dans des conditions \u00e9conomiques difficiles.<\/span><\/p>\n<h3><span style=\"font-weight: 400;\">\u00c9tape de d\u00e9caissement des fonds<\/span><\/h3>\n<p><span style=\"font-weight: 400;\">Une fois l\u2019approbation du pr\u00eat CUEC obtenue, les d\u00e9panneurs passeront \u00e0 l\u2019\u00e9tape de d\u00e9caissement des fonds. Cette phase signifie l&#039;actualisation du processus de pr\u00eat, o\u00f9 les fonds approuv\u00e9s deviennent accessibles aux entreprises. Connue pour son traitement rapide, le d\u00e9caissement des fonds du pr\u00eat CUEC peut avoir lieu en seulement 5 jours, sous r\u00e9serve de l&#039;efficacit\u00e9 op\u00e9rationnelle de la banque et de la complexit\u00e9 de chaque cas.\u00a0<\/span><\/p>\n<p><span style=\"font-weight: 400;\">En r\u00e8gle g\u00e9n\u00e9rale, les fonds du pr\u00eat sont directement d\u00e9pos\u00e9s sur le compte bancaire pr\u00e9existant de l&#039;entreprise, ce qui rationalise le processus et garantit une disponibilit\u00e9 imm\u00e9diate des fonds pour les op\u00e9rations commerciales essentielles.<\/span><\/p>\n<p><span style=\"font-weight: 400;\">N\u00e9anmoins, certaines institutions financi\u00e8res peuvent \u00e9galement proposer des m\u00e9thodes de d\u00e9caissement alternatives, r\u00e9pondant ainsi aux besoins et aux circonstances vari\u00e9s des commerces de proximit\u00e9. Cette flexibilit\u00e9 facilite une gestion financi\u00e8re transparente, permettant aux commerces de proximit\u00e9 de relever plus efficacement les d\u00e9fis \u00e9conomiques.<\/span><\/p>\n<h2><span style=\"font-weight: 400;\">Conclusion<\/span><\/h2>\n<p><span style=\"font-weight: 400;\">Avec le pr\u00eat du CUEC destin\u00e9 aux entreprises de d\u00e9panneurs, le gouvernement du Canada d\u00e9montre son engagement \u00e0 soutenir les industries locales et leur contribution \u00e0 l&#039;\u00e9conomie nationale. Ce pr\u00eat constitue une bou\u00e9e de sauvetage indispensable aux commerces de proximit\u00e9 en cette p\u00e9riode sans pr\u00e9c\u00e9dent, favorisant la stabilit\u00e9 et la continuit\u00e9 financi\u00e8res dans un environnement commercial autrement incertain.\u00a0<\/span><\/p>\n<p><span style=\"font-weight: 400;\">En suivant les \u00e9tapes d\u00e9crites et en remplissant toutes les exigences n\u00e9cessaires, les d\u00e9panneurs peuvent obtenir ce soutien vital et continuer \u00e0 prosp\u00e9rer face \u00e0 l\u2019adversit\u00e9.<\/span><\/p>","protected":false},"excerpt":{"rendered":"<p>Finding the right funding for your business can be challenging, especially when investing in new convenience stores. As a small business owner, you know how important technology is to stay competitive and keep up with the fast-paced world of business. That&#8217;s where the CEBA loan for convenience stores comes in. This blog is about CEBA [&hellip;]<\/p>\n","protected":false},"author":2,"featured_media":6369,"parent":0,"menu_order":0,"comment_status":"closed","ping_status":"closed","template":"","meta":{"footnotes":""},"class_list":["post-6368","page","type-page","status-publish","has-post-thumbnail","hentry"],"_links":{"self":[{"href":"https:\/\/ceba.ca\/fr\/wp-json\/wp\/v2\/pages\/6368","targetHints":{"allow":["GET"]}}],"collection":[{"href":"https:\/\/ceba.ca\/fr\/wp-json\/wp\/v2\/pages"}],"about":[{"href":"https:\/\/ceba.ca\/fr\/wp-json\/wp\/v2\/types\/page"}],"author":[{"embeddable":true,"href":"https:\/\/ceba.ca\/fr\/wp-json\/wp\/v2\/users\/2"}],"replies":[{"embeddable":true,"href":"https:\/\/ceba.ca\/fr\/wp-json\/wp\/v2\/comments?post=6368"}],"version-history":[{"count":2,"href":"https:\/\/ceba.ca\/fr\/wp-json\/wp\/v2\/pages\/6368\/revisions"}],"predecessor-version":[{"id":6426,"href":"https:\/\/ceba.ca\/fr\/wp-json\/wp\/v2\/pages\/6368\/revisions\/6426"}],"wp:featuredmedia":[{"embeddable":true,"href":"https:\/\/ceba.ca\/fr\/wp-json\/wp\/v2\/media\/6369"}],"wp:attachment":[{"href":"https:\/\/ceba.ca\/fr\/wp-json\/wp\/v2\/media?parent=6368"}],"curies":[{"name":"wp","href":"https:\/\/api.w.org\/{rel}","templated":true}]}}