{"id":6271,"date":"2023-10-14T12:05:01","date_gmt":"2023-10-14T16:05:01","guid":{"rendered":"https:\/\/ceba.ca\/?page_id=6271"},"modified":"2023-10-14T12:05:01","modified_gmt":"2023-10-14T16:05:01","slug":"ceba-loan-for-casual-dining","status":"publish","type":"page","link":"https:\/\/ceba.ca\/fr\/ceba-loan-for-casual-dining\/","title":{"rendered":"Pr\u00eat CUEC pour repas d\u00e9contract\u00e9s"},"content":{"rendered":"<p><span style=\"font-weight: 400;\">Alors que la pand\u00e9mie de COVID-19 provoque un ralentissement \u00e9conomique majeur, les entreprises du monde entier ont du mal \u00e0 rester en vie. Cela est particuli\u00e8rement vrai pour les repas d\u00e9contract\u00e9s, qui reposent en grande partie sur les rassemblements sociaux et les exp\u00e9riences en personne. Avec les mesures de confinement et de distanciation sociale mises en place, nombre de ces \u00e9tablissements ont \u00e9t\u00e9 contraints de fermer leurs portes pour une dur\u00e9e ind\u00e9termin\u00e9e.<\/span><\/p>\n<p><span style=\"font-weight: 400;\">En r\u00e9ponse \u00e0 cette crise, le <\/span><a href=\"https:\/\/www.canada.ca\/\" target=\"_blank\" rel=\"noopener\"><span style=\"font-weight: 400;\">Gouvernement canadien<\/span><\/a><span style=\"font-weight: 400;\"> a introduit le pr\u00eat CUEC pour les entreprises de restauration d\u00e9contract\u00e9e qui \u00e9taient presque d\u00e9sesp\u00e9r\u00e9es et ne parvenaient pas \u00e0 trouver un moyen de se sortir de cette p\u00e9riode difficile.<\/span><\/p>\n<p><span style=\"font-weight: 400;\">Dans cet article de blog, nous discuterons des d\u00e9tails de ce pr\u00eat et de la mani\u00e8re dont il peut profiter aux restaurants d\u00e9contract\u00e9s au Canada.<\/span><\/p>\n<h2><span style=\"font-weight: 400;\">Pr\u00eat CUEC pour repas d\u00e9contract\u00e9s<\/span><\/h2>\n<p><span style=\"font-weight: 400;\">Le pr\u00eat du CUEC est sp\u00e9cialement con\u00e7u pour soutenir les entreprises telles que les restaurants d\u00e9contract\u00e9s qui r\u00e9sistent \u00e0 la temp\u00eate financi\u00e8re provoqu\u00e9e par la pand\u00e9mie de COVID-19. Ce dispositif de pr\u00eat permet \u00e0 ces \u00e9tablissements de divertissement d&#039;acc\u00e9der jusqu&#039;\u00e0 $60 000 de pr\u00eats sans int\u00e9r\u00eat. Notamment, $20,000 de ce montant est remboursable s&#039;il est rembours\u00e9 dans le d\u00e9lai sp\u00e9cifi\u00e9. Cela constitue un filet de s\u00e9curit\u00e9 essentiel pour les restaurants d\u00e9contract\u00e9s aux prises avec une baisse de revenus due \u00e0 un manque de clients ou \u00e0 une demande r\u00e9duite.\u00a0<\/span><\/p>\n<p><span style=\"font-weight: 400;\">Le pr\u00eat peut \u00eatre consacr\u00e9 \u00e0 la gestion des co\u00fbts op\u00e9rationnels tels que le loyer, la masse salariale et les services publics, garantissant ainsi que ces entreprises peuvent garder leurs lumi\u00e8res allum\u00e9es. En outre, les restaurants d\u00e9contract\u00e9s peuvent canaliser le pr\u00eat pour investir dans des sources de revenus alternatives, comme l&#039;offre de services de plats \u00e0 emporter ou d&#039;\u00e9v\u00e9nements en ligne.<\/span><\/p>\n<h2><span style=\"font-weight: 400;\">Pourquoi le pr\u00eat CUEC pour les repas d\u00e9contract\u00e9s<\/span><\/h2>\n<p><span style=\"font-weight: 400;\">Le pr\u00eat CUEC offre plusieurs avantages cl\u00e9s qui en font une solution financi\u00e8re particuli\u00e8rement int\u00e9ressante pour les repas d\u00e9contract\u00e9s. Voici quelques-unes des caract\u00e9ristiques uniques du pr\u00eat CUEC :<\/span><\/p>\n<ul>\n<li style=\"font-weight: 400;\" aria-level=\"1\"><b>Financement sans int\u00e9r\u00eat\u00a0:<\/b><span style=\"font-weight: 400;\"> L\u2019une des caract\u00e9ristiques les plus remarquables des pr\u00eats CEBA est l\u2019octroi d\u2019une aide financi\u00e8re \u00e0 taux z\u00e9ro, permettant aux restaurants d\u00e9contract\u00e9s d\u2019acc\u00e9der \u00e0 un montant extraordinaire de $60,000. Ce soutien financier est essentiel pour aider les restaurants d\u00e9contract\u00e9s \u00e0 g\u00e9rer leurs d\u00e9penses de fonctionnement sans la pression suppl\u00e9mentaire li\u00e9e \u00e0 l&#039;accumulation d&#039;int\u00e9r\u00eats.<\/span><\/li>\n<li style=\"font-weight: 400;\" aria-level=\"1\"><b>Remise de pr\u00eat\u00a0:<\/b><span style=\"font-weight: 400;\"> Un autre incitatif int\u00e9ressant des pr\u00eats CUEC est la possibilit\u00e9 d\u2019une remise partielle du pr\u00eat, \u00e0 condition que le remboursement soit effectu\u00e9 avant une date limite pr\u00e9d\u00e9termin\u00e9e. Cette condition favorable peut toutefois varier selon les diff\u00e9rentes institutions financi\u00e8res.<\/span><\/li>\n<li style=\"font-weight: 400;\" aria-level=\"1\"><b>Admissibilit\u00e9 et montant de la remise de pr\u00eat\u00a0:<\/b><span style=\"font-weight: 400;\"> les repas d\u00e9contract\u00e9s peuvent b\u00e9n\u00e9ficier d\u2019une remise de pr\u00eat sous certaines conditions. Le pr\u00eat doit \u00eatre rembours\u00e9 au plus tard le 31 d\u00e9cembre 2023 et le montant de la remise est calcul\u00e9 en fonction du montant initial du pr\u00eat. Par exemple, si un pr\u00eat de $50 000 est rembours\u00e9 avec $35 000 avant la date sp\u00e9cifi\u00e9e, l&#039;entreprise peut b\u00e9n\u00e9ficier d&#039;une remise de pr\u00eat de $15 000. Les entreprises qui ont emprunt\u00e9 $40 000 ou moins peuvent b\u00e9n\u00e9ficier d\u2019une remise de pr\u00eat maximale de $10 000. Un taux mixte est utilis\u00e9 pour calculer l\u2019annulation des pr\u00eats allant de $40 000 \u00e0 $60 000.<\/span><\/li>\n<\/ul>\n<p><span style=\"font-weight: 400;\">Avec de telles caract\u00e9ristiques, le pr\u00eat CUEC constitue une bou\u00e9e de sauvetage vitale pour les restaurants d\u00e9contract\u00e9s qui luttent pour traverser la crise financi\u00e8re provoqu\u00e9e par la pand\u00e9mie.<\/span><\/p>\n<h2><span style=\"font-weight: 400;\">Comment obtenir un pr\u00eat CUEC pour un repas d\u00e9contract\u00e9<\/span><\/h2>\n<p><span style=\"font-weight: 400;\">Obtenir un pr\u00eat du CUEC pour un repas d\u00e9contract\u00e9 peut \u00eatre votre ticket d\u2019or pour affronter la temp\u00eate provoqu\u00e9e par la pand\u00e9mie. Passons en revue les \u00e9tapes et comprenons comment les restaurants d\u00e9contract\u00e9s peuvent tirer parti de ce pr\u00eat pour leur \u00e9tablissement.<\/span><\/p>\n<h3><span style=\"font-weight: 400;\">\u00c9tape 1 : Le processus de candidature<\/span><\/h3>\n<p><span style=\"font-weight: 400;\">L\u2019\u00e9tape de demande constitue la pierre angulaire du parcours d\u2019acquisition du pr\u00eat CUEC. Ici, les propri\u00e9taires de restaurants d\u00e9contract\u00e9s doivent d\u00e9montrer leur \u00e9ligibilit\u00e9 au pr\u00eat. Les principales exigences incluent le respect d\u2019un seuil minimum de masse salariale et la fourniture de preuves solides de l\u2019impact \u00e9conomique de la pand\u00e9mie sur votre entreprise.\u00a0<\/span><\/p>\n<p><span style=\"font-weight: 400;\">Ces donn\u00e9es peuvent \u00eatre pr\u00e9sent\u00e9es sous forme d&#039;\u00e9tats financiers, de d\u00e9clarations de revenus, de fiches de paie ou d&#039;autres documents commerciaux pertinents. Une documentation d\u00e9taill\u00e9e et pr\u00e9cise dresse un tableau financier clair de votre repas d\u00e9contract\u00e9, servant de boussole aux pr\u00eateurs potentiels.<\/span><\/p>\n<h3><span style=\"font-weight: 400;\">\u00c9tape 2\u00a0: Examen et approbation<\/span><\/h3>\n<p><span style=\"font-weight: 400;\">Une fois la demande soumise, elle passe \u00e0 la phase d\u2019examen. Ceci est facilit\u00e9 par des institutions financi\u00e8res d\u00e9sign\u00e9es ou des pr\u00eateurs partenaires. Contrairement aux pr\u00eats traditionnels, les pr\u00eats CUEC ne se concentrent pas sur la solvabilit\u00e9. Au lieu de cela, les pr\u00eateurs fondent leur \u00e9valuation sur des lignes directrices sp\u00e9cifiques fournies par le gouvernement.\u00a0<\/span><\/p>\n<p><span style=\"font-weight: 400;\">Si les propri\u00e9taires de restaurants occasionnels satisfont \u00e0 toutes les conditions d\u2019admissibilit\u00e9 au CUEC et fournissent une documentation compl\u00e8te, ils re\u00e7oivent une notification d\u2019approbation de pr\u00eat. Ce document d\u00e9crit les modalit\u00e9s du financement CUEC et constitue une feuille de route pour votre exp\u00e9dition financi\u00e8re.<\/span><\/p>\n<h3><span style=\"font-weight: 400;\">\u00c9tape 3 : D\u00e9caissement des fonds<\/span><\/h3>\n<p><span style=\"font-weight: 400;\">Avec l\u2019approbation du pr\u00eat en poche, les repas d\u00e9contract\u00e9s peuvent passer \u00e0 l\u2019\u00e9tape finale : le d\u00e9caissement. C\u2019est la partie passionnante o\u00f9 votre entreprise acc\u00e8de aux fonds r\u00e9serv\u00e9s dans le cadre du programme CEBA. Le d\u00e9caissement est g\u00e9n\u00e9ralement rapide, les fonds \u00e9tant d\u00e9bloqu\u00e9s en 5 jours seulement, en fonction de l&#039;efficacit\u00e9 des d\u00e9lais de traitement de la banque. Les fonds destin\u00e9s aux repas d\u00e9contract\u00e9s sont g\u00e9n\u00e9ralement directement d\u00e9pos\u00e9s sur un compte professionnel existant. Cependant, certains pr\u00eateurs peuvent proposer des m\u00e9thodes de d\u00e9caissement alternatives, offrant une flexibilit\u00e9 adapt\u00e9e \u00e0 la situation de votre entreprise de restauration d\u00e9contract\u00e9e.<\/span><\/p>\n<h2><span style=\"font-weight: 400;\">Remboursement du pr\u00eat CUEC pour les repas d\u00e9contract\u00e9s<\/span><\/h2>\n<p><span style=\"font-weight: 400;\">Le gouvernement s&#039;est vivement int\u00e9ress\u00e9 aux d\u00e9fis financiers auxquels sont confront\u00e9s les restaurants d\u00e9contract\u00e9s, ce qui l&#039;a amen\u00e9 \u00e0 prendre des mesures d\u00e9cisives pour all\u00e9ger le fardeau \u00e9conomique de ces \u00e9tablissements. Un pas important dans cette direction a \u00e9t\u00e9 la prolongation de la date limite de remboursement des pr\u00eats du Compte d&#039;urgence pour les entreprises canadiennes (CUEC) \u00e0 <\/span><a href=\"https:\/\/ceba.ca\/fr\/news\/ceba-extended-to-january\/\"><span style=\"font-weight: 400;\">18 janvier 2024<\/span><\/a><span style=\"font-weight: 400;\">. Cette prolongation, un soulagement bienvenu pour les repas d\u00e9contract\u00e9s, offre pr\u00e8s de trois semaines de r\u00e9pit suppl\u00e9mentaire par rapport \u00e0 la pr\u00e9c\u00e9dente date limite du 31 d\u00e9cembre 2023.\u00a0<\/span><\/p>\n<p><span style=\"font-weight: 400;\">Cet ajustement a \u00e9t\u00e9 mis en \u0153uvre en janvier 2022, dans le but de donner aux petites entreprises comme les restaurants d\u00e9contract\u00e9s la marge de man\u0153uvre indispensable pour se remettre de l\u2019impact \u00e9conomique de la pand\u00e9mie. Le d\u00e9lai suppl\u00e9mentaire s\u2019av\u00e9rera b\u00e9n\u00e9fique pour ces \u00e9tablissements afin qu\u2019ils puissent remplir leurs obligations financi\u00e8res, les pla\u00e7ant ainsi sur la voie de la r\u00e9silience et de la durabilit\u00e9 en ces temps difficiles.<\/span><\/p>\n<h2><span style=\"font-weight: 400;\">Conclusion<\/span><\/h2>\n<p><span style=\"font-weight: 400;\">Ainsi, les entreprises de restauration d\u00e9contract\u00e9e qui sont en difficult\u00e9 disposent d\u2019une excellente bou\u00e9e de sauvetage sous la forme de pr\u00eats CUEC. Le financement \u00e0 taux z\u00e9ro, les options d\u2019exon\u00e9ration de pr\u00eat et les d\u00e9lais de remboursement prolong\u00e9s en font une solution financi\u00e8re int\u00e9ressante pour les entreprises confront\u00e9es aux r\u00e9percussions de la pand\u00e9mie. Si votre entreprise de restauration d\u00e9contract\u00e9e est \u00e9ligible \u00e0 ce programme, n&#039;h\u00e9sitez pas \u00e0 en profiter et assurer l&#039;avenir de votre \u00e9tablissement.<\/span><\/p>","protected":false},"excerpt":{"rendered":"<p>With the COVID-19 pandemic causing a major economic downturn, businesses worldwide are struggling to stay alive. This is especially true for casual dining, which relies heavily on social gatherings and in-person experiences. With lockdowns and social distancing measures in place, many of these establishments have been forced to close their doors indefinitely. In response to [&hellip;]<\/p>\n","protected":false},"author":2,"featured_media":6272,"parent":0,"menu_order":0,"comment_status":"closed","ping_status":"closed","template":"","meta":{"footnotes":""},"class_list":["post-6271","page","type-page","status-publish","has-post-thumbnail","hentry"],"_links":{"self":[{"href":"https:\/\/ceba.ca\/fr\/wp-json\/wp\/v2\/pages\/6271","targetHints":{"allow":["GET"]}}],"collection":[{"href":"https:\/\/ceba.ca\/fr\/wp-json\/wp\/v2\/pages"}],"about":[{"href":"https:\/\/ceba.ca\/fr\/wp-json\/wp\/v2\/types\/page"}],"author":[{"embeddable":true,"href":"https:\/\/ceba.ca\/fr\/wp-json\/wp\/v2\/users\/2"}],"replies":[{"embeddable":true,"href":"https:\/\/ceba.ca\/fr\/wp-json\/wp\/v2\/comments?post=6271"}],"version-history":[{"count":2,"href":"https:\/\/ceba.ca\/fr\/wp-json\/wp\/v2\/pages\/6271\/revisions"}],"predecessor-version":[{"id":6311,"href":"https:\/\/ceba.ca\/fr\/wp-json\/wp\/v2\/pages\/6271\/revisions\/6311"}],"wp:featuredmedia":[{"embeddable":true,"href":"https:\/\/ceba.ca\/fr\/wp-json\/wp\/v2\/media\/6272"}],"wp:attachment":[{"href":"https:\/\/ceba.ca\/fr\/wp-json\/wp\/v2\/media?parent=6271"}],"curies":[{"name":"wp","href":"https:\/\/api.w.org\/{rel}","templated":true}]}}