{"id":6259,"date":"2023-10-14T12:13:22","date_gmt":"2023-10-14T16:13:22","guid":{"rendered":"https:\/\/ceba.ca\/?page_id=6259"},"modified":"2023-10-14T12:13:22","modified_gmt":"2023-10-14T16:13:22","slug":"ceba-loan-for-automotive-parts-and-services","status":"publish","type":"page","link":"https:\/\/ceba.ca\/fr\/ceba-loan-for-automotive-parts-and-services\/","title":{"rendered":"Pr\u00eat du CUEC pour les pi\u00e8ces et services automobiles"},"content":{"rendered":"<p><span style=\"font-weight: 400;\">Survivre dans un monde des affaires en constante \u00e9volution peut \u00eatre un d\u00e9fi, en particulier pour les petites entreprises telles que les pi\u00e8ces et services automobiles. Avec des ressources limit\u00e9es et une concurrence f\u00e9roce, il peut \u00eatre difficile de r\u00e9pondre aux exigences li\u00e9es \u00e0 la gestion r\u00e9ussie d\u2019une entreprise de pi\u00e8ces et de services automobiles. C\u2019est l\u00e0 qu\u2019est entr\u00e9 en jeu le pr\u00eat du CUEC pour les pi\u00e8ces et services automobiles.<\/span><\/p>\n<p><span style=\"font-weight: 400;\">Dans cet article de blog, nous verrons comment <a href=\"https:\/\/ceba-cuec.ca\/\" target=\"_blank\" rel=\"noopener\">Pr\u00eats CUEC<\/a> peut aider les entreprises de pi\u00e8ces et de services automobiles \u00e0 cro\u00eetre et \u00e0 prosp\u00e9rer, de mani\u00e8re significative lorsque la date limite a \u00e9t\u00e9 prolong\u00e9e jusqu&#039;au 18 janvier 2024. Alors, allons-y !<\/span><\/p>\n<h2><span style=\"font-weight: 400;\">Pr\u00eat du CUEC pour les pi\u00e8ces et services automobiles<\/span><\/h2>\n<p><span style=\"font-weight: 400;\">Le pr\u00eat CUEC, une initiative lanc\u00e9e par le gouvernement canadien, est con\u00e7u pour soutenir les entreprises, y compris les pi\u00e8ces et services automobiles, qui ont \u00e9t\u00e9 financi\u00e8rement touch\u00e9es par la pand\u00e9mie de COVID-19. Ce programme de pr\u00eat permet \u00e0 ces entreprises d&#039;acc\u00e9der jusqu&#039;\u00e0 $60,000 en pr\u00eats sans int\u00e9r\u00eat, dont $20,000 est remboursable si elles sont rembours\u00e9es dans les d\u00e9lais impartis.<\/span><\/p>\n<p><span style=\"font-weight: 400;\">Il s\u2019agit d\u2019une bou\u00e9e de sauvetage pour les pi\u00e8ces et services automobiles aux prises avec une baisse de revenus due \u00e0 une baisse du nombre de clients ou \u00e0 une baisse de la demande. Le pr\u00eat peut \u00eatre utilis\u00e9 pour g\u00e9rer les co\u00fbts op\u00e9rationnels, tels que le loyer, la masse salariale et les services publics, garantissant ainsi le fonctionnement continu de l&#039;entreprise.\u00a0<\/span><\/p>\n<p><span style=\"font-weight: 400;\">De plus, les pi\u00e8ces et services automobiles peuvent utiliser le pr\u00eat pour investir dans des outils et des technologies num\u00e9riques permettant le travail \u00e0 distance et la fourniture de services en ligne, une adaptation essentielle \u00e0 la situation mondiale actuelle.<\/span><\/p>\n<h2><span style=\"font-weight: 400;\">Modifications de la disponibilit\u00e9 et des d\u00e9lais du pr\u00eat CUEC<\/span><\/h2>\n<p><span style=\"font-weight: 400;\">Il est ind\u00e9niable que le programme de pr\u00eats CUEC a consid\u00e9rablement soutenu l\u2019\u00e9conomie canadienne pendant la pand\u00e9mie. En accordant des pr\u00eats sans int\u00e9r\u00eat \u00e0 environ 900 000 petites entreprises, y compris des pi\u00e8ces et services automobiles et des organisations \u00e0 but non lucratif du pays, il a r\u00e9ussi \u00e0 injecter une somme substantielle de $49,2 milliards dans l&#039;\u00e9conomie.\u00a0<\/span><\/p>\n<p><span style=\"font-weight: 400;\">Ce soutien financier a jou\u00e9 un r\u00f4le d\u00e9terminant dans le soutien de nombreuses entreprises, notamment celles du secteur du tourisme et des pi\u00e8ces et services automobiles, consid\u00e9rablement touch\u00e9es par le ralentissement \u00e9conomique provoqu\u00e9 par la pand\u00e9mie.<\/span><\/p>\n<h3><span style=\"font-weight: 400;\">D\u00e9fis de remboursement rencontr\u00e9s par les pi\u00e8ces et services automobiles<\/span><\/h3>\n<p><span style=\"font-weight: 400;\">Malgr\u00e9 cette pr\u00e9cieuse bou\u00e9e de sauvetage financi\u00e8re, le remboursement de ces pr\u00eats s\u2019est av\u00e9r\u00e9 difficile pour les secteurs des pi\u00e8ces d\u00e9tach\u00e9es et des services automobiles. Selon des donn\u00e9es r\u00e9centes, seulement 211 TP3T d\u2019entreprises ont enti\u00e8rement rembours\u00e9 leurs pr\u00eats CUEC. Cela est principalement d\u00fb au fait que les 49% des petites entreprises continuent de conna\u00eetre des revenus inf\u00e9rieurs \u00e0 la moyenne et ont du mal \u00e0 respecter le d\u00e9lai de remboursement initial. Soulignant la gravit\u00e9 de la situation, la dette moyenne li\u00e9e \u00e0 la COVID pour les deux tiers des propri\u00e9taires de petites entreprises du Canada s&#039;\u00e9l\u00e8ve \u00e0 un montant stup\u00e9fiant de $110 000.<\/span><\/p>\n<h3><span style=\"font-weight: 400;\">Prolongation du d\u00e9lai de remboursement des pr\u00eats CUEC<\/span><\/h3>\n<p><span style=\"font-weight: 400;\">Conscient des d\u00e9fis auxquels sont confront\u00e9s les pi\u00e8ces et services automobiles, le gouvernement f\u00e9d\u00e9ral a pris une mesure cruciale pour all\u00e9ger la pression financi\u00e8re des entreprises. Ils ont <\/span><a href=\"https:\/\/ceba.ca\/fr\/news\/ceba-extended-to-january\/\"><span style=\"font-weight: 400;\">prolong\u00e9 la date limite de remboursement des pr\u00eats du CUEC jusqu&#039;au 18 janvier 2024<\/span><\/a><span style=\"font-weight: 400;\">.\u00a0<\/span><\/p>\n<p><span style=\"font-weight: 400;\">Cela donne aux industries des pi\u00e8ces et des services automobiles un r\u00e9pit de pr\u00e8s de trois semaines par rapport \u00e0 la date limite ant\u00e9rieure du 31 d\u00e9cembre 2023, une r\u00e9vision effectu\u00e9e en janvier 2022. Cette d\u00e9cision devrait donner aux petites entreprises le r\u00e9pit dont elles ont tant besoin pour se redresser. de l\u2019impact \u00e9conomique de la pand\u00e9mie et faire face \u00e0 leurs obligations financi\u00e8res.<\/span><\/p>\n<h2><span style=\"font-weight: 400;\">Principales caract\u00e9ristiques du pr\u00eat CUEC pour les pi\u00e8ces et services automobiles<\/span><\/h2>\n<p><span style=\"font-weight: 400;\">Plongeons dans les caract\u00e9ristiques uniques qui font des pr\u00eats CUEC une solution financi\u00e8re inspirante pour les pi\u00e8ces et services automobiles.<\/span><\/p>\n<h3><span style=\"font-weight: 400;\">Financement sans int\u00e9r\u00eat<\/span><\/h3>\n<p><span style=\"font-weight: 400;\">Une caract\u00e9ristique remarquable est la fourniture d\u2019une aide financi\u00e8re \u00e0 taux z\u00e9ro, pouvant atteindre un montant impressionnant de $60,000. Cela aide les pi\u00e8ces et services automobiles \u00e0 g\u00e9rer leurs d\u00e9penses sans le fardeau suppl\u00e9mentaire de l\u2019accumulation d\u2019int\u00e9r\u00eats.<\/span><\/p>\n<h3><span style=\"font-weight: 400;\">Option de remise de pr\u00eat<\/span><\/h3>\n<p><span style=\"font-weight: 400;\">Les pr\u00eats du CUEC sont assortis d&#039;une incitation all\u00e9chante consistant en une remise partielle du pr\u00eat, \u00e0 condition que le remboursement soit effectu\u00e9 avant la date limite fix\u00e9e. Cependant, les sp\u00e9cificit\u00e9s des options de remboursement pour les pi\u00e8ces et services automobiles peuvent varier selon les institutions financi\u00e8res.<\/span><\/p>\n<h3><span style=\"font-weight: 400;\">Admissibilit\u00e9 et montant de la remise de pr\u00eat<\/span><\/h3>\n<p><span style=\"font-weight: 400;\">Pour que les industries de pi\u00e8ces et de services automobiles soient admissibles \u00e0 l\u2019exon\u00e9ration de pr\u00eat, les pr\u00eats du CUEC doivent \u00eatre rembours\u00e9s avant le 31 d\u00e9cembre 2023. Le montant initial du pr\u00eat d\u00e9termine le montant de l\u2019exon\u00e9ration. Par exemple, si un pr\u00eat de $50 000 est contract\u00e9 et que $35 000 est rembours\u00e9 \u00e0 la date sp\u00e9cifi\u00e9e, l&#039;entreprise est \u00e9ligible \u00e0 une remise de pr\u00eat de $15 000. Les entreprises qui ont emprunt\u00e9 $40 000 ou moins peuvent b\u00e9n\u00e9ficier d\u2019une remise de pr\u00eat maximale de $10 000. Un taux mixte calcule l\u2019annulation des pr\u00eats allant de $40 000 \u00e0 $60 000.<\/span><\/p>\n<h2><span style=\"font-weight: 400;\">Conclusion<\/span><\/h2>\n<p><span style=\"font-weight: 400;\">Le pr\u00eat CUEC pr\u00e9sente une solution financi\u00e8re int\u00e9ressante pour les entreprises du secteur des pi\u00e8ces et des services automobiles que la pand\u00e9mie de COVID-19 a eu des r\u00e9percussions n\u00e9gatives. Le financement sans int\u00e9r\u00eat, ainsi que la possibilit\u00e9 d\u2019une remise partielle du pr\u00eat, constituent une bou\u00e9e de sauvetage essentielle pour soutenir ces entreprises en ces temps difficiles.\u00a0<\/span><\/p>\n<p><span style=\"font-weight: 400;\">En prolongeant le d\u00e9lai de remboursement, le gouvernement canadien a d\u00e9montr\u00e9 son engagement \u00e0 soutenir les pi\u00e8ces et services automobiles et \u00e0 favoriser la reprise \u00e9conomique. Cette \u00e9tape att\u00e9nuera sans aucun doute certaines des tensions financi\u00e8res auxquelles sont confront\u00e9s les pi\u00e8ces et services automobiles, contribuera \u00e0 maintenir leurs op\u00e9rations et cr\u00e9era m\u00eame une opportunit\u00e9 de s\u2019adapter et de se d\u00e9velopper pendant la crise.\u00a0<\/span><\/p>\n<p><span style=\"font-weight: 400;\">Alors, si vous \u00eates une entreprise de pi\u00e8ces et de services automobiles confront\u00e9e \u00e0 des difficult\u00e9s financi\u00e8res en raison de la pand\u00e9mie, ne manquez pas les avantages des pr\u00eats CUEC et envisagez d&#039;en faire la demande d\u00e8s aujourd&#039;hui !<\/span><\/p>","protected":false},"excerpt":{"rendered":"<p>Surviving in the ever-evolving business world can be a challenge, especially for small businesses such as automotive parts and services. With limited resources and stiff competition, keeping up with the demands of running a successful automotive parts and services business can be difficult. This is where the CEBA loan for automotive parts and services came [&hellip;]<\/p>\n","protected":false},"author":2,"featured_media":6260,"parent":0,"menu_order":0,"comment_status":"closed","ping_status":"closed","template":"","meta":{"footnotes":""},"class_list":["post-6259","page","type-page","status-publish","has-post-thumbnail","hentry"],"_links":{"self":[{"href":"https:\/\/ceba.ca\/fr\/wp-json\/wp\/v2\/pages\/6259","targetHints":{"allow":["GET"]}}],"collection":[{"href":"https:\/\/ceba.ca\/fr\/wp-json\/wp\/v2\/pages"}],"about":[{"href":"https:\/\/ceba.ca\/fr\/wp-json\/wp\/v2\/types\/page"}],"author":[{"embeddable":true,"href":"https:\/\/ceba.ca\/fr\/wp-json\/wp\/v2\/users\/2"}],"replies":[{"embeddable":true,"href":"https:\/\/ceba.ca\/fr\/wp-json\/wp\/v2\/comments?post=6259"}],"version-history":[{"count":2,"href":"https:\/\/ceba.ca\/fr\/wp-json\/wp\/v2\/pages\/6259\/revisions"}],"predecessor-version":[{"id":6315,"href":"https:\/\/ceba.ca\/fr\/wp-json\/wp\/v2\/pages\/6259\/revisions\/6315"}],"wp:featuredmedia":[{"embeddable":true,"href":"https:\/\/ceba.ca\/fr\/wp-json\/wp\/v2\/media\/6260"}],"wp:attachment":[{"href":"https:\/\/ceba.ca\/fr\/wp-json\/wp\/v2\/media?parent=6259"}],"curies":[{"name":"wp","href":"https:\/\/api.w.org\/{rel}","templated":true}]}}