{"id":4745,"date":"2023-08-21T13:44:02","date_gmt":"2023-08-21T17:44:02","guid":{"rendered":"http:\/\/ceba.ca\/?page_id=4745"},"modified":"2023-09-25T15:53:12","modified_gmt":"2023-09-25T19:53:12","slug":"ceba-loan-in-kingston","status":"publish","type":"page","link":"https:\/\/ceba.ca\/fr\/ceba-loan-in-kingston\/","title":{"rendered":"Pr\u00eat CUEC \u00e0 Kingston"},"content":{"rendered":"<p><span style=\"font-weight: 400;\">Le COVID-19 a provoqu\u00e9 la faillite de nombreuses entreprises. L\u2019impact de la pand\u00e9mie sur la situation \u00e9conomique mondiale a \u00e9t\u00e9 immense. Dans une telle situation, le CUEC (Compte d&#039;urgence pour les entreprises canadiennes) de Kingston est venu \u00e0 la rescousse. <a href=\"http:\/\/ceba.ca\/fr\/ceba-loan\/\">Le CUEC est un pr\u00eat sans int\u00e9r\u00eat<\/a> lanc\u00e9 pour aider les entreprises et les organisations \u00e0 but non lucratif \u00e0 faire face aux pertes de revenus et aux fermetures forc\u00e9es d\u2019entreprises.\u00a0<\/span><\/p>\n<p><span style=\"font-weight: 400;\">Cet article vise \u00e0 fournir tous les d\u00e9tails sur le pr\u00eat CUEC \u00e0 Kingston. De son \u00e9ligibilit\u00e9, comment postuler et \u00e0 quoi s\u2019attendre de ses avantages. Nous avons tout couvert. Continuez \u00e0 faire d\u00e9filer la page pour savoir comment cela peut aider les entreprises et son impact global sur l&#039;\u00e9conomie de Kingston.<\/span><\/p>\n<h2><span style=\"font-weight: 400;\">Pr\u00eat CUEC \u00e0 Kingston\u00a0<\/span><\/h2>\n<p><span style=\"font-weight: 400;\">Comme nous l\u2019avons mentionn\u00e9 plus t\u00f4t, la COVID-19 a eu un impact sur les \u00e9conomies de tous les pays. La pand\u00e9mie a \u00e9t\u00e9 un coup dur \u00e0 affronter, notamment pour les entreprises. Avec la crise \u00e9conomique soudaine est venu le CUEC. Le gouvernement a compris la n\u00e9cessit\u00e9 de pr\u00eater main-forte aux entreprises et a donc lanc\u00e9 le CUEC \u00e0 Kingston.\u00a0<\/span><\/p>\n<p><span style=\"font-weight: 400;\">Le CEBA accorde des fonds allant de $40 000 \u00e0 $60 000 aux entreprises et aux organisations \u00e0 but non lucratif qui r\u00e9pondent aux crit\u00e8res d&#039;\u00e9ligibilit\u00e9. Ce pr\u00eat appara\u00eet comme une lueur d\u2019espoir pour les entreprises. Le CUEC est un pr\u00eat sans int\u00e9r\u00eat, ce qui en fait une option encore plus facile \u00e0 choisir. De plus, le gouvernement a annonc\u00e9 l&#039;annulation d&#039;un pr\u00eat de $20,000 dans certains cas. Le montant re\u00e7u du pr\u00eat peut \u00eatre utilis\u00e9 pour payer le loyer, poursuivre la paie et d\u2019autres co\u00fbts n\u00e9cessaires au bon fonctionnement des op\u00e9rations commerciales. Une telle cl\u00e9mence rend ce pr\u00eat id\u00e9al pour les entreprises et <a href=\"https:\/\/www.investopedia.com\/ask\/answers\/13\/what-is-non-government-organization.asp\" target=\"_blank\" rel=\"noopener\">ONG<\/a>.<\/span><\/p>\n<p><span style=\"font-weight: 400;\">L&#039;aide vitale fournie par le pr\u00eat du CUEC a jou\u00e9 un r\u00f4le crucial pour assurer la continuit\u00e9 de nombreuses entreprises de Kingston pendant les phases les plus difficiles de la pand\u00e9mie. Ce soutien s\u2019est av\u00e9r\u00e9 d\u00e9terminant dans la sauvegarde d\u2019un nombre consid\u00e9rable d\u2019emplois, constituant ainsi une bou\u00e9e de sauvetage tant pour les employeurs que pour les employ\u00e9s.\u00a0<\/span><\/p>\n<p><span style=\"font-weight: 400;\">En outre, il a jou\u00e9 un r\u00f4le important dans l\u2019acc\u00e9l\u00e9ration de la relance \u00e9conomique globale de la ville, facilitant la reprise rapide des activit\u00e9s commerciales \u00e0 mesure que les restrictions s\u2019assouplissaient progressivement. Essentiellement, l&#039;impact du pr\u00eat CUEC s&#039;est \u00e9tendu au-del\u00e0 du soutien imm\u00e9diat aux entreprises, catalysant le rajeunissement \u00e9conomique de Kingston en maintenant les opportunit\u00e9s d&#039;emploi locales et en soutenant le flux des d\u00e9penses de consommation.<\/span><\/p>\n<h2><span style=\"font-weight: 400;\">Comment postuler et quels sont les crit\u00e8res d&#039;\u00e9ligibilit\u00e9<\/span><\/h2>\n<p><span style=\"font-weight: 400;\">Le processus de demande de pr\u00eat CUEC a \u00e9t\u00e9 con\u00e7u pour \u00eatre assez simple, afin de garantir qu&#039;il soit accessible au plus grand nombre possible d&#039;entreprises en difficult\u00e9. Pour demander le pr\u00eat CUEC \u00e0 Kingston, les entreprises devaient prendre contact avec leur institution financi\u00e8re principale, r\u00e9pondre aux crit\u00e8res d&#039;\u00e9ligibilit\u00e9 du programme et fournir les pi\u00e8ces justificatives n\u00e9cessaires.\u00a0<\/span><\/p>\n<p><span style=\"font-weight: 400;\">Ce processus relativement fluide, \u00e0 l&#039;image du processus de demande r\u00e9ussi observ\u00e9 \u00e0 Kingston, a jou\u00e9 un r\u00f4le d\u00e9terminant pour aider les \u00e9tablissements locaux \u00e0 acc\u00e9der \u00e0 l&#039;aide financi\u00e8re dont ils avaient d\u00e9sesp\u00e9r\u00e9ment besoin via le CUEC.<\/span><\/p>\n<p><span style=\"font-weight: 400;\">La proc\u00e9dure de demande de pr\u00eat CUEC a \u00e9t\u00e9 volontairement simplifi\u00e9e, dans le but de la rendre facilement accessible \u00e0 un large \u00e9ventail d&#039;entreprises confront\u00e9es \u00e0 des difficult\u00e9s. \u00c0 Kingston, les entreprises sollicitant le pr\u00eat CUEC devaient simplement communiquer avec leur institution financi\u00e8re principale, s&#039;assurer qu&#039;elles satisfaisaient aux conditions d&#039;admissibilit\u00e9 du programme et soumettre les documents requis.\u00a0<\/span><\/p>\n<p><span style=\"font-weight: 400;\">Cette approche simplifi\u00e9e et efficace, calqu\u00e9e sur le processus efficace adopt\u00e9 \u00e0 Kingston, a jou\u00e9 un r\u00f4le essentiel en permettant aux entreprises locales d&#039;obtenir efficacement le soutien financier essentiel fourni par le programme CUEC.<\/span><\/p>\n<p><span style=\"font-weight: 400;\">Concernant l&#039;\u00e9ligibilit\u00e9, les entreprises \u00e9taient tenues de remplir les crit\u00e8res d\u00e9finis par le gouvernement f\u00e9d\u00e9ral. Cela comprenait la tenue d&#039;un compte commercial aupr\u00e8s d&#039;une institution financi\u00e8re canadienne et la justification de l&#039;affectation du pr\u00eat aux d\u00e9penses autoris\u00e9es telles que les d\u00e9penses op\u00e9rationnelles. Par ailleurs, les entreprises devaient confirmer les r\u00e9percussions financi\u00e8res d\u00e9coulant de la crise du COVID-19. Cette structure d&#039;\u00e9ligibilit\u00e9, semblable au mod\u00e8le de Kingston, garantissait que l&#039;aide parvenait aux entreprises de Kingston les plus profond\u00e9ment touch\u00e9es par les bouleversements \u00e9conomiques de la pand\u00e9mie.<\/span><\/p>\n<h2><span style=\"font-weight: 400;\">Quel est l&#039;impact du CUEC sur l&#039;\u00e9conomie locale de Kingston<\/span><\/h2>\n<p><span style=\"font-weight: 400;\">Dans une crise sans pr\u00e9c\u00e9dent, le Compte d&#039;urgence pour les entreprises canadiennes (CUEC) est devenu une bou\u00e9e de sauvetage pour l&#039;\u00e9conomie locale de Kingston. Alors que les restrictions induites par la pand\u00e9mie pesaient lourdement sur les entreprises, le Fonds CUEC a jou\u00e9 un r\u00f4le central en apportant un soutien essentiel, all\u00e9geant ainsi la pression financi\u00e8re v\u00e9cue par de nombreux \u00e9tablissements.<\/span><\/p>\n<p><span style=\"font-weight: 400;\">Cette aide vitale a jou\u00e9 un r\u00f4le central en permettant \u00e0 de nombreuses entreprises de conserver leur main-d&#039;\u0153uvre, leur \u00e9vitant ainsi de recourir \u00e0 des licenciements pour r\u00e9duire leurs co\u00fbts. En fournissant des fonds essentiels, ce soutien a agi comme une protection pour le march\u00e9 du travail de Kingston, \u00e9vitant ainsi une hausse potentielle du taux de ch\u00f4mage qui aurait pu d\u00e9stabiliser davantage l&#039;\u00e9conomie locale.<\/span><\/p>\n<p><span style=\"font-weight: 400;\">De plus, l&#039;impact du CUEC a transcend\u00e9 le domaine de la survie des entreprises. Le fonds a servi de catalyseur pour s\u2019adapter \u00e0 la nouvelle normalit\u00e9, permettant \u00e0 de nombreuses entreprises de r\u00e9orienter leurs op\u00e9rations en r\u00e9ponse aux restrictions induites par la pand\u00e9mie.\u00a0<\/span><\/p>\n<p><span style=\"font-weight: 400;\">Ce changement strat\u00e9gique leur a permis de s\u2019adapter en toute transparence et de continuer \u00e0 fournir de pr\u00e9cieux services \u00e0 leurs communaut\u00e9s. Par exemple, les restaurants, qui d\u00e9pendaient autrefois des clients qui mangeaient sur place, sont pass\u00e9s en douceur aux mod\u00e8les de livraison ou de retrait en bordure de rue. Cette r\u00e9silience remarquable, favoris\u00e9e par le coussin financier offert par le CUEC, a clairement soulign\u00e9 l&#039;importance profonde du programme pour pr\u00e9server le cadre \u00e9conomique de Kingston dans ces circonstances difficiles.<\/span><\/p>\n<h2><span style=\"font-weight: 400;\">Comment rembourser le CUEC et ses perspectives d&#039;avenir<\/span><\/h2>\n<p><span style=\"font-weight: 400;\">\u00c0 mesure que l&#039;\u00e9conomie de Kingston rebondit et que les entreprises reprennent leurs activit\u00e9s, l&#039;attention se porte d\u00e9sormais sur le remboursement du pr\u00eat CUEC. Comprendre les conditions d\u2019annulation et de remboursement des pr\u00eats est crucial pour la planification financi\u00e8re strat\u00e9gique dans les ann\u00e9es \u00e0 venir.<\/span><\/p>\n<p><span style=\"font-weight: 400;\">Le CUEC offre aux entreprises une chance unique d\u2019am\u00e9liorer leur relance. Les pr\u00eats peuvent \u00eatre partiellement ou totalement annul\u00e9s en respectant l\u2019\u00e9ligibilit\u00e9 et en maintenant une bonne r\u00e9putation. Mais cela d\u00e9pend d\u2019une date limite stricte : le 31 d\u00e9cembre 2023. Ne pas respecter cette date revient \u00e0 renoncer aux avantages du pardon.<\/span><\/p>\n<p><span style=\"font-weight: 400;\">\u00c0 compter du 1er janvier 2024, tout pr\u00eat CUEC restant portera int\u00e9r\u00eat jusqu\u2019au 31 d\u00e9cembre 2025. Pendant cette p\u00e9riode, les emprunteurs doivent payer des int\u00e9r\u00eats sur le solde restant. Pour conna\u00eetre le taux d&#039;int\u00e9r\u00eat sp\u00e9cifique de votre pr\u00eat, contactez votre institution financi\u00e8re principale. Ces dates et conditions sont cruciales pour la planification commerciale et la pr\u00e9paration financi\u00e8re. <a href=\"http:\/\/ceba.ca\/fr\/information\/what-happens-if-you-dont-repay-your-ceba-loan-timely\/\">Une solide ma\u00eetrise du processus de remboursement<\/a> b\u00e9n\u00e9ficiera grandement aux entreprises de Kingston \u00e0 mesure qu\u2019elles progressent vers la reprise \u00e9conomique.<\/span><\/p>\n<h2><span style=\"font-weight: 400;\">\u00c0 quels d\u00e9fis les entreprises de taille moyenne peuvent-elles \u00eatre confront\u00e9es<\/span><\/h2>\n<p><span style=\"font-weight: 400;\">Les entreprises de taille moyenne qui ont obtenu des pr\u00eats entre $40 001 et $60 000 dans le cadre du programme CEBA sont confront\u00e9es \u00e0 un paysage de remboursement complexe. \u00c9tonnamment, seulement 10 pour cent de ces entreprises ont r\u00e9ussi \u00e0 rembourser leurs pr\u00eats, comme le souligne la F\u00e9d\u00e9ration canadienne de l&#039;entreprise ind\u00e9pendante (FCEI). De plus, pr\u00e8s de la moiti\u00e9 de ces entreprises pourraient avoir du mal \u00e0 respecter la date limite de remboursement du 31 d\u00e9cembre, notamment dans les secteurs des arts, des loisirs et de l\u2019h\u00f4tellerie.<\/span><\/p>\n<p><span style=\"font-weight: 400;\">Les cons\u00e9quences du non-respect du seuil de remboursement sont importantes. Cet oubli entra\u00eene la confiscation de la partie remboursable des pr\u00eats, sur laquelle de nombreuses entreprises comptaient pendant leur phase de redressement. De plus, ces entreprises supportent d\u00e9sormais le poids suppl\u00e9mentaire d\u2019un taux d\u2019int\u00e9r\u00eat de 5 pour cent sur l\u2019encours de leurs pr\u00eats.<\/span><\/p>\n<p><span style=\"font-weight: 400;\">Cette situation constitue un d\u00e9fi de taille, susceptible de mettre en p\u00e9ril la stabilit\u00e9 financi\u00e8re des entreprises qui subissent encore les contrecoups de la pand\u00e9mie. Les propri\u00e9taires d\u2019entreprise devraient donc tenir compte de ces obstacles potentiels et \u00e9laborer avec diligence une strat\u00e9gie de remboursement solide pour att\u00e9nuer l\u2019impact n\u00e9gatif de la crise. <a href=\"http:\/\/ceba.ca\/fr\/ceba-loan-repayment\/\">conditions strictes de remboursement des pr\u00eats<\/a>.<\/span><\/p>\n<h2><span style=\"font-weight: 400;\">Conclusion<\/span><\/h2>\n<p><span style=\"font-weight: 400;\">En un mot, les pr\u00eats du CUEC ont sans aucun doute servi de bou\u00e9e de sauvetage aux entreprises de Kingston au milieu des d\u00e9fis \u00e9conomiques provoqu\u00e9s par la pand\u00e9mie de COVID-19. N\u00e9anmoins, il est imp\u00e9ratif de comprendre de mani\u00e8re globale les conditions de remboursement et les \u00e9ventuels obstacles \u00e0 mesure que les efforts de redressement se poursuivent. Gr\u00e2ce \u00e0 une prospective strat\u00e9gique et \u00e0 une r\u00e9flexion m\u00e9ticuleuse, ces pr\u00eats ont le potentiel d\u2019ouvrir la voie \u00e0 une reprise durable et \u00e0 une expansion \u00e0 venir.<\/span><\/p>","protected":false},"excerpt":{"rendered":"<p>COVID-19 has rendered many businesses fail. The impact of the pandemic on the economic situation across the globe has been immense. In such a situation, CEBA (The Canada Emergency Business Account) in Kingston came to the rescue. CEBA is an interest-free loan initiated to help businesses and nonprofit organizations cope with loss in revenue and [&hellip;]<\/p>\n","protected":false},"author":2,"featured_media":4845,"parent":0,"menu_order":0,"comment_status":"closed","ping_status":"closed","template":"","meta":{"footnotes":""},"class_list":["post-4745","page","type-page","status-publish","has-post-thumbnail","hentry"],"_links":{"self":[{"href":"https:\/\/ceba.ca\/fr\/wp-json\/wp\/v2\/pages\/4745","targetHints":{"allow":["GET"]}}],"collection":[{"href":"https:\/\/ceba.ca\/fr\/wp-json\/wp\/v2\/pages"}],"about":[{"href":"https:\/\/ceba.ca\/fr\/wp-json\/wp\/v2\/types\/page"}],"author":[{"embeddable":true,"href":"https:\/\/ceba.ca\/fr\/wp-json\/wp\/v2\/users\/2"}],"replies":[{"embeddable":true,"href":"https:\/\/ceba.ca\/fr\/wp-json\/wp\/v2\/comments?post=4745"}],"version-history":[{"count":5,"href":"https:\/\/ceba.ca\/fr\/wp-json\/wp\/v2\/pages\/4745\/revisions"}],"predecessor-version":[{"id":6062,"href":"https:\/\/ceba.ca\/fr\/wp-json\/wp\/v2\/pages\/4745\/revisions\/6062"}],"wp:featuredmedia":[{"embeddable":true,"href":"https:\/\/ceba.ca\/fr\/wp-json\/wp\/v2\/media\/4845"}],"wp:attachment":[{"href":"https:\/\/ceba.ca\/fr\/wp-json\/wp\/v2\/media?parent=4745"}],"curies":[{"name":"wp","href":"https:\/\/api.w.org\/{rel}","templated":true}]}}