{"id":4409,"date":"2023-08-09T15:01:21","date_gmt":"2023-08-09T19:01:21","guid":{"rendered":"http:\/\/ceba.ca\/?page_id=4409"},"modified":"2023-08-10T14:12:07","modified_gmt":"2023-08-10T18:12:07","slug":"ceba-loan-in-victoria","status":"publish","type":"page","link":"https:\/\/ceba.ca\/fr\/ceba-loan-in-victoria\/","title":{"rendered":"Pr\u00eat CUEC \u00e0 Victoria"},"content":{"rendered":"<p><span style=\"font-weight: 400;\">Le <\/span><a href=\"https:\/\/ceba-cuec.ca\/\" target=\"_blank\" rel=\"noopener\"><span style=\"font-weight: 400;\">Compte d&#039;urgence pour les entreprises canadiennes (CUEC)<\/span><\/a><span style=\"font-weight: 400;\"> Le programme est devenu une bou\u00e9e de sauvetage pour les petites entreprises et les organisations \u00e0 but non lucratif de Victoria, offrant une bou\u00e9e de sauvetage de pr\u00eats sans int\u00e9r\u00eat pouvant atteindre $60 000. En tant que ville charni\u00e8re au Canada, Victoria a subi les effets profonds de ce soutien financier sur ses entreprises locales lors des \u00e9preuves de la pand\u00e9mie de COVID-19.<\/span><\/p>\n<p>Alors parlons en d\u00e9tail du pr\u00eat CEBA \u00e0 Victoria !<\/p>\n<h2><span style=\"font-weight: 400;\">\u00c9l\u00e9ments cl\u00e9s du pr\u00eat CUEC \u00e0 Victoria<\/span><\/h2>\n<p><span style=\"font-weight: 400;\">Voici quelques \u00e9l\u00e9ments cl\u00e9s que vous devez comprendre sur le <\/span><a href=\"http:\/\/ceba.ca\/fr\/\"><span style=\"font-weight: 400;\">Pr\u00eat CUEC \u00e0 Victoria<\/span><\/a><span style=\"font-weight: 400;\">:\u00a0<\/span><\/p>\n<h3><span style=\"font-weight: 400;\">Dynamique du pardon et du remboursement<\/span><\/h3>\n<p><span style=\"font-weight: 400;\">L&#039;une des cl\u00e9s <\/span><a href=\"http:\/\/ceba.ca\/fr\/ceba-loan\/\"><span style=\"font-weight: 400;\">caract\u00e9ristiques du programme de pr\u00eats CUEC<\/span><\/a><span style=\"font-weight: 400;\"> \u00e0 Victoria, les emprunteurs \u00e9ligibles en r\u00e8gle ont la possibilit\u00e9 d&#039;obtenir une remise de pr\u00eat allant jusqu&#039;\u00e0 33 pour cent, pour un montant maximum de $20,000. Cette incitation encourage <\/span><a href=\"http:\/\/ceba.ca\/fr\/ceba-loan-repayment\/\"><span style=\"font-weight: 400;\">remboursements de pr\u00eats dans les d\u00e9lais<\/span><\/a><span style=\"font-weight: 400;\">, apportant un soulagement indispensable pendant la reprise \u00e9conomique en cours.<\/span><\/p>\n<h3><span style=\"font-weight: 400;\">Admissibilit\u00e9 \u00e9largie<\/span><\/h3>\n<p><span style=\"font-weight: 400;\">Dans le but de rendre le programme CUEC plus accessible, un changement important a \u00e9t\u00e9 apport\u00e9 le 26 octobre 2020. La condition exigeant un compte de ch\u00e8ques\/d&#039;exploitation d&#039;entreprise actif \u00e0 compter du 1er mars 2020 a \u00e9t\u00e9 supprim\u00e9e. Cette modification a permis aux entreprises admissibles de Victoria de demander le pr\u00eat apr\u00e8s avoir ouvert un compte professionnel aupr\u00e8s de leur institution financi\u00e8re principale.<\/span><\/p>\n<h3><span style=\"font-weight: 400;\">Expansion du CUEC<\/span><\/h3>\n<p><span style=\"font-weight: 400;\">\u00c0 compter du 4 d\u00e9cembre 2020, les emprunteurs approuv\u00e9s du CUEC ont b\u00e9n\u00e9fici\u00e9 d&#039;une prolongation des possibilit\u00e9s de financement. Les entreprises qui avaient d\u00e9j\u00e0 obtenu le pr\u00eat initial de $40,000 CEBA sont devenues \u00e9ligibles pour postuler \u00e0 l&#039;expansion du CEBA, qui offrait un financement suppl\u00e9mentaire de $20,000. Cette augmentation visait \u00e0 fournir un soutien suppl\u00e9mentaire aux entreprises confront\u00e9es \u00e0 des difficult\u00e9s financi\u00e8res persistantes.<\/span><\/p>\n<h2><span style=\"font-weight: 400;\">Admissibilit\u00e9 et exclusions du CUEC \u00e0 Victoria<\/span><\/h2>\n<p><span style=\"font-weight: 400;\">M\u00eame si le programme CUEC a fourni un soutien financier crucial \u00e0 d&#039;innombrables entreprises de Victoria, toutes les entit\u00e9s n&#039;ont pas \u00e9t\u00e9 jug\u00e9es admissibles. Le gouvernement du Canada a \u00e9tabli des crit\u00e8res pr\u00e9cis pour garantir que le programme profite aux participants m\u00e9ritants.<\/span><\/p>\n<h3><span style=\"font-weight: 400;\">Organisations gouvernementales exclues<\/span><\/h3>\n<p><span style=\"font-weight: 400;\">Le CUEC a \u00e9t\u00e9 con\u00e7u pour aider les entreprises priv\u00e9es et non les organisations ou organismes gouvernementaux, soulignant ainsi l&#039;accent mis sur le soutien au monde des affaires.<\/span><\/p>\n<h3><span style=\"font-weight: 400;\">Organisations \u00e0 but non lucratif et organismes de bienfaisance enregistr\u00e9s<\/span><\/h3>\n<p><span style=\"font-weight: 400;\">En g\u00e9n\u00e9ral, les organismes sans but lucratif, les organismes de bienfaisance enregistr\u00e9s, les syndicats, les soci\u00e9t\u00e9s ou ordres de secours mutuels et les entit\u00e9s enti\u00e8rement d\u00e9tenues par ces organismes \u00e9taient exclus de l&#039;admissibilit\u00e9 au CUEC. Cette mesure visait \u00e0 canaliser le soutien aux entreprises principalement ax\u00e9 sur la contribution \u00e9conomique.<\/span><\/p>\n<h3><span style=\"font-weight: 400;\">Entit\u00e9s appartenant \u00e0 des d\u00e9put\u00e9s f\u00e9d\u00e9raux ou \u00e0 des s\u00e9nateurs<\/span><\/h3>\n<p><span style=\"font-weight: 400;\">Afin de garantir la transparence et d&#039;\u00e9viter les conflits d&#039;int\u00e9r\u00eats, les entit\u00e9s appartenant directement \u00e0 des d\u00e9put\u00e9s f\u00e9d\u00e9raux ou \u00e0 des s\u00e9nateurs ont \u00e9t\u00e9 exclues des demandes de pr\u00eats CUEC \u00e0 Victoria.<\/span><\/p>\n<h3><span style=\"font-weight: 400;\">Entit\u00e9s encourageant la violence ou la discrimination<\/span><\/h3>\n<p><span style=\"font-weight: 400;\">Les exclusions du CUEC s&#039;\u00e9tendent aux entit\u00e9s qui promeuvent la violence, incitent \u00e0 la haine ou font de la discrimination sur la base de diverses caract\u00e9ristiques prot\u00e9g\u00e9es. Cette disposition \u00e9tait conforme aux lois existantes promouvant l\u2019inclusion et l\u2019\u00e9galit\u00e9.<\/span><\/p>\n<h2><span style=\"font-weight: 400;\">Assurer une distribution \u00e9quitable de l\u2019aide<\/span><\/h2>\n<p><span style=\"font-weight: 400;\">Les exclusions du CUEC \u00e0 Victoria ont \u00e9t\u00e9 m\u00e9ticuleusement con\u00e7ues pour garantir que l&#039;aide financi\u00e8re parvienne aux entreprises m\u00e9ritantes adh\u00e9rant aux normes \u00e9thiques et juridiques. En d\u00e9finissant ces crit\u00e8res, le gouvernement a cherch\u00e9 \u00e0 soutenir les entreprises qui contribuent activement \u00e0 l&#039;\u00e9conomie tout en respectant les principes de diversit\u00e9 et d&#039;inclusion.<\/span><\/p>\n<h2><span style=\"font-weight: 400;\">P\u00e9riode de candidature et statistiques finales<\/span><\/h2>\n<p><span style=\"font-weight: 400;\">La p\u00e9riode de candidature pour le programme CUEC \u00e0 Victoria s&#039;est termin\u00e9e le 30 juin 2021, marquant \u00e9galement la fin de la p\u00e9riode de financement. Par la suite, aucune nouvelle demande n\u2019a pu \u00eatre soumise et le Programme CUEC n\u2019a fourni aucun financement suppl\u00e9mentaire. Les entreprises de Victoria ont profit\u00e9 de la disponibilit\u00e9 du programme gr\u00e2ce \u00e0 un r\u00e9seau de plus de 220 institutions financi\u00e8res \u00e0 l&#039;\u00e9chelle nationale.<\/span><\/p>\n<p><span style=\"font-weight: 400;\">Le point culminant des efforts du programme a produit des statistiques finales impressionnantes. Un nombre impressionnant de 898\u00a0271 entreprises de Victoria ont obtenu des pr\u00eats du CUEC, et 571\u00a0851 entreprises ont obtenu des extensions du CUEC. Les fonds collectifs approuv\u00e9s pour les pr\u00eats et les expansions du CEBA combin\u00e9s ont atteint un montant substantiel de $49,2 milliards, refl\u00e9tant l&#039;impact g\u00e9n\u00e9ralis\u00e9 du programme.<\/span><\/p>\n<h2><span style=\"font-weight: 400;\">L&#039;influence transformatrice du CEBA \u00e0 Victoria<\/span><\/h2>\n<p><span style=\"font-weight: 400;\">Le programme CEBA a jou\u00e9 un r\u00f4le d\u00e9terminant en fortifiant les entreprises locales de Victoria pendant les d\u00e9fis sans pr\u00e9c\u00e9dent pos\u00e9s par la pand\u00e9mie. En accordant des pr\u00eats sans int\u00e9r\u00eat, le CUEC a permis aux entreprises de faire face aux complexit\u00e9s li\u00e9es \u00e0 la couverture des co\u00fbts d&#039;exploitation essentiels, \u00e0 la r\u00e9tention d&#039;employ\u00e9s pr\u00e9cieux et \u00e0 la gestion des incertitudes \u00e9conomiques actuelles.<\/span><\/p>\n<p><span style=\"font-weight: 400;\">Gr\u00e2ce \u00e0 ce soutien, de nombreuses entreprises de Victoria ont pers\u00e9v\u00e9r\u00e9 et poursuivi leur cheminement vers la stabilit\u00e9 financi\u00e8re et une croissance durable.<\/span><\/p>\n<h2><span style=\"font-weight: 400;\">R\u00e9silience soutenue et impact continu<\/span><\/h2>\n<p><span style=\"font-weight: 400;\">Bien que la p\u00e9riode de demande de pr\u00eats du CUEC soit termin\u00e9e, l&#039;impact du programme continue de se r\u00e9percuter dans le paysage commercial de Victoria. Alors que Victoria s&#039;efforce de se reconstruire et de se r\u00e9tablir, la d\u00e9termination in\u00e9branlable affich\u00e9e par ses petites entreprises et ses organismes \u00e0 but non lucratif t\u00e9moigne de l&#039;efficacit\u00e9 du programme \u00e0 soutenir l&#039;\u00e9conomie locale et \u00e0 favoriser le soutien de la communaut\u00e9 en temps de crise.<\/span><\/p>\n<h2><span style=\"font-weight: 400;\">Conclusion<\/span><\/h2>\n<p><span style=\"font-weight: 400;\">Le programme CUEC a brill\u00e9 comme une lueur d\u2019espoir pour les petites entreprises de Victoria, offrant une aide financi\u00e8re essentielle pendant les chapitres les plus difficiles de la pand\u00e9mie. Bien que la p\u00e9riode de financement soit termin\u00e9e, les entreprises qui ont b\u00e9n\u00e9fici\u00e9 des pr\u00eats et des expansions doivent d\u00e9sormais se concentrer sur un remboursement en temps opportun pour obtenir l&#039;annulation de leur pr\u00eat.<\/span><\/p>\n<p><span style=\"font-weight: 400;\">Le succ\u00e8s du programme CUEC souligne l&#039;importance du soutien gouvernemental pour assurer la r\u00e9silience et la reprise des entreprises locales, contribuant ainsi au paysage commercial florissant de Victoria. \u00c0 la suite de cette initiative transformatrice, le milieu des affaires de Victoria t\u00e9moigne de la capacit\u00e9 du programme \u00e0 favoriser la force \u00e9conomique et la stabilit\u00e9 communautaire.<\/span><\/p>","protected":false},"excerpt":{"rendered":"<p>The Canada Emergency Business Account (CEBA) program has emerged as a lifeline for small businesses and not-for-profit organizations in Victoria, offering a lifeline of interest-free loans of up to $60,000. As a pivotal city in Canada, Victoria has experienced the profound effects of this financial support on its local businesses during the trials of the [&hellip;]<\/p>\n","protected":false},"author":2,"featured_media":4416,"parent":0,"menu_order":0,"comment_status":"closed","ping_status":"closed","template":"","meta":{"footnotes":""},"class_list":["post-4409","page","type-page","status-publish","has-post-thumbnail","hentry"],"_links":{"self":[{"href":"https:\/\/ceba.ca\/fr\/wp-json\/wp\/v2\/pages\/4409","targetHints":{"allow":["GET"]}}],"collection":[{"href":"https:\/\/ceba.ca\/fr\/wp-json\/wp\/v2\/pages"}],"about":[{"href":"https:\/\/ceba.ca\/fr\/wp-json\/wp\/v2\/types\/page"}],"author":[{"embeddable":true,"href":"https:\/\/ceba.ca\/fr\/wp-json\/wp\/v2\/users\/2"}],"replies":[{"embeddable":true,"href":"https:\/\/ceba.ca\/fr\/wp-json\/wp\/v2\/comments?post=4409"}],"version-history":[{"count":4,"href":"https:\/\/ceba.ca\/fr\/wp-json\/wp\/v2\/pages\/4409\/revisions"}],"predecessor-version":[{"id":4426,"href":"https:\/\/ceba.ca\/fr\/wp-json\/wp\/v2\/pages\/4409\/revisions\/4426"}],"wp:featuredmedia":[{"embeddable":true,"href":"https:\/\/ceba.ca\/fr\/wp-json\/wp\/v2\/media\/4416"}],"wp:attachment":[{"href":"https:\/\/ceba.ca\/fr\/wp-json\/wp\/v2\/media?parent=4409"}],"curies":[{"name":"wp","href":"https:\/\/api.w.org\/{rel}","templated":true}]}}