{"id":4406,"date":"2023-08-10T07:51:03","date_gmt":"2023-08-10T11:51:03","guid":{"rendered":"http:\/\/ceba.ca\/?page_id=4406"},"modified":"2023-08-10T14:03:28","modified_gmt":"2023-08-10T18:03:28","slug":"ceba-loan-in-kitchener","status":"publish","type":"page","link":"https:\/\/ceba.ca\/fr\/ceba-loan-in-kitchener\/","title":{"rendered":"Pr\u00eat CUEC \u00e0 Kitchener"},"content":{"rendered":"<p><span style=\"font-weight: 400;\">Le Compte d\u2019urgence pour les entreprises canadiennes (CUEC) est devenu une bou\u00e9e de sauvetage essentielle pour les entreprises du pays pendant la pand\u00e9mie de COVID-19. Ce programme f\u00e9d\u00e9ral a fourni un soutien financier indispensable aux entreprises admissibles pour faire face aux incertitudes \u00e9conomiques.\u00a0<\/span><\/p>\n<p><span style=\"font-weight: 400;\">Dans cet article, nous approfondissons <\/span><a href=\"http:\/\/ceba.ca\/fr\/ceba-loan\/\"><span style=\"font-weight: 400;\">sp\u00e9cificit\u00e9s du programme de pr\u00eats CUEC<\/span><\/a><span style=\"font-weight: 400;\"> \u00e0 Kitchener, soulignant ses crit\u00e8res d&#039;\u00e9ligibilit\u00e9, l&#039;exon\u00e9ration de pr\u00eat et son impact positif sur les entreprises locales.<\/span><\/p>\n<h2><span style=\"font-weight: 400;\">Crit\u00e8res d&#039;\u00e9ligibilit\u00e9 au pr\u00eat CUEC \u00e0 Kitchener<\/span><\/h2>\n<p><span style=\"font-weight: 400;\">Le pr\u00eat CUEC \u00e0 Kitchener suit les m\u00eames crit\u00e8res d&#039;\u00e9ligibilit\u00e9 que ses homologues provinciaux. Pour \u00eatre admissibles au pr\u00eat, les entreprises de Kitchener doivent r\u00e9pondre aux crit\u00e8res suivants :<\/span><\/p>\n<ol>\n<li style=\"font-weight: 400;\" aria-level=\"1\"><b>Compte professionnel actif\u00a0:<\/b><span style=\"font-weight: 400;\"> Une condition pr\u00e9alable \u00e0 l&#039;admissibilit\u00e9 est la possession d&#039;un compte-ch\u00e8ques ou d&#039;un compte d&#039;exploitation actif au 1er mars 2020. Cette exigence a jou\u00e9 un r\u00f4le d\u00e9terminant pour garantir que le soutien atteint les entreprises qui \u00e9taient op\u00e9rationnelles avant le d\u00e9but de la pand\u00e9mie.<\/span><\/li>\n<li style=\"font-weight: 400;\" aria-level=\"1\"><b>D\u00e9penses non reportables\u00a0:<\/b><span style=\"font-weight: 400;\"> Les entreprises \u00e9ligibles de Kitchener doivent d\u00e9montrer des d\u00e9penses non reportables allant de $20 000 \u00e0 $1,5 million pour l&#039;ann\u00e9e 2020.<\/span><\/li>\n<\/ol>\n<h2><span style=\"font-weight: 400;\">Conditions du pr\u00eat CUEC et possibilit\u00e9s de pardon<\/span><\/h2>\n<p><span style=\"font-weight: 400;\">\u00c0 Kitchener, les entreprises admissibles ont acc\u00e8s \u00e0 des pr\u00eats sans int\u00e9r\u00eat allant jusqu&#039;\u00e0 $60,000 dans le cadre du <\/span><a href=\"http:\/\/ceba.ca\/fr\/\"><span style=\"font-weight: 400;\">Programme CUEC<\/span><\/a><span style=\"font-weight: 400;\">. Les conditions de remboursement et les dispositions d\u2019exon\u00e9ration de pr\u00eat sont des aspects essentiels que les entreprises doivent comprendre pour maximiser les avantages.<\/span><\/p>\n<p><span style=\"font-weight: 400;\">Les entreprises qui remboursent rapidement leurs pr\u00eats CUEC avant la date limite sp\u00e9cifi\u00e9e du 31 d\u00e9cembre 2023 b\u00e9n\u00e9ficieront d\u2019une remise de pr\u00eat substantielle, pouvant atteindre $20 000. Toutefois, si le remboursement n&#039;est pas compl\u00e9t\u00e9 dans ce d\u00e9lai, le pr\u00eat sera converti en un pr\u00eat \u00e0 terme de 2 ans, portant un taux d&#039;int\u00e9r\u00eat de 5% par an.<\/span><\/p>\n<h2><span style=\"font-weight: 400;\">Catalyser un changement positif pour les entreprises de Kitchener<\/span><\/h2>\n<p><span style=\"font-weight: 400;\">Le programme de pr\u00eats du CUEC a eu un effet d&#039;entra\u00eenement sur les entreprises de Kitchener. En offrant un soutien financier indispensable pendant les p\u00e9riodes d&#039;incertitude \u00e9conomique, le programme a jou\u00e9 un r\u00f4le crucial en aidant les entreprises de divers secteurs \u00e0 rester op\u00e9rationnelles, \u00e0 retenir leur main-d&#039;\u0153uvre et \u00e0 g\u00e9rer les co\u00fbts op\u00e9rationnels essentiels. De plus, l\u2019afflux de fonds a permis aux entreprises de s\u2019adapter, de pivoter et d\u2019explorer de nouvelles voies de croissance, contribuant ainsi de mani\u00e8re significative \u00e0 la reprise \u00e9conomique plus large de la ville.<\/span><\/p>\n<h2><span style=\"font-weight: 400;\">Collaboration et accessibilit\u00e9 \u00e0 Kitchener<\/span><\/h2>\n<p><span style=\"font-weight: 400;\">\u00c0 Kitchener, l&#039;accessibilit\u00e9 au programme de pr\u00eats CUEC a \u00e9t\u00e9 encore simplifi\u00e9e gr\u00e2ce \u00e0 la participation de nombreuses institutions financi\u00e8res locales. Cet effort concert\u00e9 a permis aux entreprises de Kitchener de pouvoir demander un pr\u00eat aupr\u00e8s de leurs principales institutions financi\u00e8res, garantissant ainsi un processus de demande efficace et sans tracas.<\/span><\/p>\n<p><span style=\"font-weight: 400;\">L&#039;approche collaborative entre les gouvernements f\u00e9d\u00e9ral et provincial \u00e0 Kitchener refl\u00e8te un engagement in\u00e9branlable \u00e0 soutenir les entreprises pendant les p\u00e9riodes difficiles. Cet engagement s&#039;\u00e9tend au-del\u00e0 du programme de pr\u00eat CUEC, car diverses initiatives, subventions et ressources sont con\u00e7ues pour responsabiliser les entreprises de Kitchener, favorisant ainsi leur r\u00e9silience et leur croissance.<\/span><\/p>\n<h2><span style=\"font-weight: 400;\">D\u00e9fis de remboursement \u00e0 Kitchener<\/span><\/h2>\n<p><span style=\"font-weight: 400;\">Quel que soit le statut de leur entreprise, les b\u00e9n\u00e9ficiaires du pr\u00eat CUEC de Kitchener doivent respecter les modalit\u00e9s de remboursement stipul\u00e9es par leurs institutions financi\u00e8res respectives. Pour traverser efficacement cette phase, les entreprises sont encourag\u00e9es \u00e0 <\/span><a href=\"http:\/\/ceba.ca\/fr\/ceba-loan-repayment\/\"><span style=\"font-weight: 400;\">revoir les modalit\u00e9s de remboursement<\/span><\/a><span style=\"font-weight: 400;\"> fournis par leur institution financi\u00e8re, car ces conditions d\u00e9crivent les d\u00e9lais de remboursement et les dispositions de remise associ\u00e9es.<\/span><\/p>\n<h2><span style=\"font-weight: 400;\">Cons\u00e9quences et mesures prudentes<\/span><\/h2>\n<p><span style=\"font-weight: 400;\">Les entreprises de Kitchener qui ne respectent pas la date limite de remboursement d\u2019ici le 31 d\u00e9cembre 2023 risquent de perdre les prestations d\u2019exon\u00e9ration de pr\u00eat. Par la suite, du 1er janvier 2024 au 31 d\u00e9cembre 2025, des int\u00e9r\u00eats seront appliqu\u00e9s sur le solde restant de leur pr\u00eat CUEC. Pour les entreprises qui connaissent un changement de propri\u00e9taire, l&#039;impact sur les conditions de remboursement d\u00e9pend de la structure juridique de l&#039;entreprise, les entreprises individuelles et les soci\u00e9t\u00e9s adh\u00e9rant \u00e0 des exigences et des processus de remboursement distincts.<\/span><\/p>\n<h2><span style=\"font-weight: 400;\">Naviguer dans le paysage des remboursements<\/span><\/h2>\n<p><span style=\"font-weight: 400;\">Le <\/span><a href=\"https:\/\/www.cfib-fcei.ca\/en\/\" target=\"_blank\" rel=\"noopener\"><span style=\"font-weight: 400;\">F\u00e9d\u00e9ration canadienne de l&#039;entreprise ind\u00e9pendante<\/span><\/a><span style=\"font-weight: 400;\"> (FCEI) met en lumi\u00e8re les r\u00e9alit\u00e9s auxquelles sont confront\u00e9es les petites entreprises de Kitchener. \u00c0 l\u2019approche de la date limite de remboursement, seulement 10% de propri\u00e9taires d\u2019entreprise ont r\u00e9ussi \u00e0 rembourser leurs pr\u00eats CUEC, malgr\u00e9 une d\u00e9pendance importante \u00e0 l\u2019\u00e9gard de ces pr\u00eats (environ 89%) pour soutenir leurs op\u00e9rations pendant la pand\u00e9mie.<\/span><\/p>\n<p><span style=\"font-weight: 400;\">Les petites entreprises de moins de quatre employ\u00e9s et celles qui op\u00e8rent dans des secteurs tels que les arts, les loisirs, l&#039;information, l&#039;h\u00f4tellerie et les services sociaux devraient avoir besoin d&#039;une aide suppl\u00e9mentaire pour respecter la date limite de remboursement.<\/span><\/p>\n<p><span style=\"font-weight: 400;\">M\u00eame les entreprises qui ont l\u2019intention de respecter le d\u00e9lai de remboursement s\u2019attendent \u00e0 rencontrer des difficult\u00e9s consid\u00e9rables. Environ la moiti\u00e9 de ces propri\u00e9taires d\u2019entreprise expriment des inqui\u00e9tudes quant aux difficult\u00e9s financi\u00e8res qu\u2019ils risquent de subir. En outre, un nombre consid\u00e9rable de 59% pr\u00e9voient que le remboursement du pr\u00eat pourrait entraver leurs efforts visant \u00e0 ramener leurs entreprises aux niveaux de revenus d&#039;avant la pand\u00e9mie, notamment en raison des incertitudes \u00e9conomiques persistantes.<\/span><\/p>\n<h2><span style=\"font-weight: 400;\">All\u00e8gement et recommandations de la FCEI<\/span><\/h2>\n<p><span style=\"font-weight: 400;\">Face \u00e0 ces d\u00e9fis, la FCEI souligne l&#039;urgence de prolonger la date limite de remboursement des pr\u00eats du CUEC pour les entreprises de Kitchener. Une partie importante des propri\u00e9taires de petites entreprises de Kitchener, environ les trois quarts, pr\u00e9conisent une prolongation. Parmi eux, 30% privil\u00e9gie un report d\u2019un an, tandis que 42% penche pour un report plus \u00e9tendu de deux ans. Une telle prolongation donnerait aux entreprises le r\u00e9pit n\u00e9cessaire pour affronter un paysage \u00e9conomique difficile.<\/span><\/p>\n<h2><span style=\"font-weight: 400;\">Conclusion<\/span><\/h2>\n<p><span style=\"font-weight: 400;\">\u00c0 Kitchener, le programme de pr\u00eats CUEC s\u2019est impos\u00e9 comme un phare de soutien, fortifiant les entreprises contre les vagues tumultueuses de la pand\u00e9mie. L&#039;impact du programme, favoris\u00e9 par la collaboration du gouvernement et la participation des institutions financi\u00e8res, a jou\u00e9 un r\u00f4le d\u00e9terminant pour aider les entreprises de Kitchener en p\u00e9riode d&#039;incertitude. \u00c0 mesure que Kitchener progresse, le programme de pr\u00eats CUEC continue de constituer un pilier de force, permettant aux entreprises de survivre et de prosp\u00e9rer dans l\u2019\u00e8re post-pand\u00e9mique.<\/span><\/p>","protected":false},"excerpt":{"rendered":"<p>The Canada Emergency Business Account (CEBA) has emerged as a critical lifeline for businesses nationwide during the COVID-19 pandemic. This federal program has provided much-needed financial support to eligible businesses in navigating economic uncertainties.\u00a0 In this article, we delve into the specifics of the CEBA loan program in Kitchener, highlighting its eligibility criteria, loan forgiveness, [&hellip;]<\/p>\n","protected":false},"author":2,"featured_media":4417,"parent":0,"menu_order":0,"comment_status":"closed","ping_status":"closed","template":"","meta":{"footnotes":""},"class_list":["post-4406","page","type-page","status-publish","has-post-thumbnail","hentry"],"_links":{"self":[{"href":"https:\/\/ceba.ca\/fr\/wp-json\/wp\/v2\/pages\/4406","targetHints":{"allow":["GET"]}}],"collection":[{"href":"https:\/\/ceba.ca\/fr\/wp-json\/wp\/v2\/pages"}],"about":[{"href":"https:\/\/ceba.ca\/fr\/wp-json\/wp\/v2\/types\/page"}],"author":[{"embeddable":true,"href":"https:\/\/ceba.ca\/fr\/wp-json\/wp\/v2\/users\/2"}],"replies":[{"embeddable":true,"href":"https:\/\/ceba.ca\/fr\/wp-json\/wp\/v2\/comments?post=4406"}],"version-history":[{"count":4,"href":"https:\/\/ceba.ca\/fr\/wp-json\/wp\/v2\/pages\/4406\/revisions"}],"predecessor-version":[{"id":4425,"href":"https:\/\/ceba.ca\/fr\/wp-json\/wp\/v2\/pages\/4406\/revisions\/4425"}],"wp:featuredmedia":[{"embeddable":true,"href":"https:\/\/ceba.ca\/fr\/wp-json\/wp\/v2\/media\/4417"}],"wp:attachment":[{"href":"https:\/\/ceba.ca\/fr\/wp-json\/wp\/v2\/media?parent=4406"}],"curies":[{"name":"wp","href":"https:\/\/api.w.org\/{rel}","templated":true}]}}