{"id":3823,"date":"2023-09-06T13:49:18","date_gmt":"2023-09-06T17:49:18","guid":{"rendered":"http:\/\/ceba.ca\/?page_id=3823"},"modified":"2023-09-06T13:49:18","modified_gmt":"2023-09-06T17:49:18","slug":"ceba-loan-in-midland","status":"publish","type":"page","link":"https:\/\/ceba.ca\/fr\/ceba-loan-in-midland\/","title":{"rendered":"Pr\u00eat CUEC \u00e0 Midland"},"content":{"rendered":"<p><span style=\"font-weight: 400;\">Le pr\u00eat CUEC a \u00e9t\u00e9 fondamental pour les entreprises de Midland pendant la p\u00e9riode difficile caus\u00e9e par la COVID-19. Il a \u00e9t\u00e9 con\u00e7u pour aider les entreprises en difficult\u00e9 en raison des difficult\u00e9s \u00e9conomiques li\u00e9es \u00e0 la pand\u00e9mie. Ce programme de pr\u00eats visait \u00e0 fournir le soutien n\u00e9cessaire pour aider ces entreprises \u00e0 rester \u00e0 flot et \u00e0 faire face aux incertitudes caus\u00e9es par la pand\u00e9mie.\u00a0<\/span><\/p>\n<p><span style=\"font-weight: 400;\">Cet article approfondira les d\u00e9tails de <\/span><a href=\"http:\/\/ceba.ca\/fr\/ceba-loan\/\"><span style=\"font-weight: 400;\">Pr\u00eat CUEC<\/span><\/a><span style=\"font-weight: 400;\"> \u00e0 Midland. Nous discuterons de ses conditions d&#039;\u00e9ligibilit\u00e9, des montants des pr\u00eats, des dispositions en mati\u00e8re d&#039;int\u00e9r\u00eats et de la mani\u00e8re dont cela a eu un impact significatif sur la communaut\u00e9 des affaires locale de la ville.<\/span><\/p>\n<h2><span style=\"font-weight: 400;\">Acc\u00e9der au pr\u00eat CUEC de Midland<\/span><\/h2>\n<p><span style=\"font-weight: 400;\">\u00c0 Midland, en Ontario, les entreprises peuvent demander le <\/span><a href=\"https:\/\/ceba-cuec.ca\/\" target=\"_blank\" rel=\"noopener\"><span style=\"font-weight: 400;\">Pr\u00eat du Compte d\u2019urgence pour les entreprises canadiennes (CUEC)<\/span><\/a><span style=\"font-weight: 400;\"> en contactant leurs institutions ou leurs pr\u00eateurs. Cependant, il est crucial de remplir les conditions d\u2019\u00e9ligibilit\u00e9 pour pouvoir b\u00e9n\u00e9ficier de ce pr\u00eat.<\/span><\/p>\n<ol>\n<li style=\"font-weight: 400;\" aria-level=\"1\"><span style=\"font-weight: 400;\">\u00a0Les entreprises de Midland peuvent demander un pr\u00eat du Compte d\u2019urgence pour les entreprises canadiennes (CUEC) par l\u2019interm\u00e9diaire de l\u2019un de leurs partenaires pr\u00eateurs actuels.<\/span><\/li>\n<li style=\"font-weight: 400;\" aria-level=\"1\"><span style=\"font-weight: 400;\">Pour postuler au programme, vous devez remplir les conditions. Il s\u2019agit notamment de montrer une diminution des revenus parce que COVID-19 a un compte professionnel aupr\u00e8s de la banque.<\/span><\/li>\n<\/ol>\n<h2><span style=\"font-weight: 400;\">Normes d&#039;\u00e9ligibilit\u00e9<\/span><\/h2>\n<p><span style=\"font-weight: 400;\">Les entreprises de Midland, y compris les entreprises individuelles, les soci\u00e9t\u00e9s de personnes et les soci\u00e9t\u00e9s, pourraient <\/span><a href=\"http:\/\/ceba.ca\/fr\/information\/how-does-ceba-loan-work\/\"><span style=\"font-weight: 400;\">faire une demande de pr\u00eat CUEC<\/span><\/a><span style=\"font-weight: 400;\">. Les entreprises devaient remplir certaines conditions pour \u00eatre admissibles, comme prouver une diminution de leurs ventes en raison de la pand\u00e9mie et d\u00e9tenir un compte d&#039;exploitation d&#039;entreprise ouvert et valide aupr\u00e8s d&#039;une institution financi\u00e8re canadienne au 1er mars 2020. De plus, les entreprises devaient avoir des travailleurs r\u00e9mun\u00e9r\u00e9s entre $20 000 et $1 500 000 de revenus totaux d&#039;emploi en 2019.<\/span><\/p>\n<h2><span style=\"font-weight: 400;\">Calendrier de remboursement du pr\u00eat CUEC<\/span><\/h2>\n<p><span style=\"font-weight: 400;\">Midland b\u00e9n\u00e9ficiait souvent d&#039;une p\u00e9riode sans int\u00e9r\u00eat jusqu&#039;\u00e0 une date pr\u00e9cise dans le<\/span><a href=\"http:\/\/ceba.ca\/fr\/ceba-loan-repayment\/\"><span style=\"font-weight: 400;\"> Remboursement du pr\u00eat CEBA<\/span><\/a><span style=\"font-weight: 400;\"> calendrier. Les entreprises devaient commencer \u00e0 rembourser le pr\u00eat apr\u00e8s la p\u00e9riode initiale de cr\u00e9dit sans int\u00e9r\u00eat.\u00a0<\/span><\/p>\n<ul>\n<li style=\"font-weight: 400;\" aria-level=\"1\"><span style=\"font-weight: 400;\">Le programme de pr\u00eat Midland CEBA offre jusqu&#039;\u00e0 $60 000 de pr\u00eats sans int\u00e9r\u00eat aux entreprises qualifi\u00e9es, avec un d\u00e9lai de remboursement fixe apr\u00e8s la fin de la p\u00e9riode sans int\u00e9r\u00eat.<\/span><\/li>\n<li style=\"font-weight: 400;\" aria-level=\"1\"><span style=\"font-weight: 400;\">Remise de pr\u00eat du CEBA de Midland\u00a0: les entreprises qui ont rembours\u00e9 751\u00a0TP3T du montant du pr\u00eat avant la date limite \u00e9taient \u00e9ligibles \u00e0 une remise de dette pouvant aller jusqu&#039;\u00e0 $20\u00a0000. Ce fut un soulagement important pour les commerces du quartier.<\/span><\/li>\n<\/ul>\n<h2><span style=\"font-weight: 400;\">Gains issus de l\u2019exon\u00e9ration de pr\u00eat<\/span><\/h2>\n<p><span style=\"font-weight: 400;\">Le <a href=\"http:\/\/ceba.ca\/fr\/information\/ceba-forgiveness\/\">possibilit\u00e9 de remise de pr\u00eat offerte par le programme de pr\u00eats CUEC<\/a> \u00e9tait s\u00e9duisant. Les entreprises peuvent \u00eatre \u00e9ligibles \u00e0 une remise de pr\u00eat des 25% restants si elles remboursent 75% du montant du pr\u00eat \u00e0 une date pr\u00e9cise. Cela signifiait que le premier pr\u00eat de $40 000 pouvait \u00eatre annul\u00e9 jusqu&#039;\u00e0 $10 000, et que le pr\u00eat d&#039;expansion de $60 000 pouvait \u00eatre annul\u00e9 jusqu&#039;\u00e0 $20 000. Le pardon a \u00e9norm\u00e9ment aid\u00e9 les entreprises, favorisant un remboursement rapide et r\u00e9compensant une gestion financi\u00e8re prudente.<\/span><\/p>\n<h2><span style=\"font-weight: 400;\">Les d\u00e9fis du remboursement des pr\u00eats CUEC\u00a0<\/span><\/h2>\n<p><span style=\"font-weight: 400;\">Quel que soit l&#039;\u00e9tat de votre entreprise, tous les b\u00e9n\u00e9ficiaires des pr\u00eats CUEC sont tenus de restituer leurs pr\u00eats selon les conditions \u00e9tablies par leur institution financi\u00e8re.\u00a0<\/span><\/p>\n<p><span style=\"font-weight: 400;\">Pour comprendre votre date limite de remboursement et les conditions d&#039;exon\u00e9ration du pr\u00eat, consultez le <\/span><a href=\"http:\/\/ceba.ca\/fr\/information\/options-for-ceba-repayment\/\"><span style=\"font-weight: 400;\">remboursement exact<\/span><\/a><span style=\"font-weight: 400;\"> conditions fournies par votre institution financi\u00e8re.<\/span><\/p>\n<h3><span style=\"font-weight: 400;\">D\u00e9fauts et r\u00e9percussions<\/span><\/h3>\n<p><span style=\"font-weight: 400;\">Une entreprise peut faire d\u00e9faut si elle ne rembourse pas le pr\u00eat selon les conditions ou si elle ne respecte pas la date d&#039;\u00e9ch\u00e9ance. Les p\u00e9nalit\u00e9s, l&#039;atteinte \u00e0 la cote de cr\u00e9dit d&#039;une entreprise et les poursuites judiciaires du pr\u00eateur pour r\u00e9cup\u00e9rer la dette sont autant de cons\u00e9quences possibles en cas de d\u00e9faut.<\/span><\/p>\n<h3><span style=\"font-weight: 400;\">Date limite de remboursement et implications en mati\u00e8re d\u2019int\u00e9r\u00eats<\/span><\/h3>\n<p><span style=\"font-weight: 400;\">Les param\u00e8tres particuliers convenus avec le pr\u00eateur d\u00e9termineront la date d&#039;\u00e9ch\u00e9ance de remboursement du pr\u00eat CUEC. Pour \u00e9viter les d\u00e9fauts de paiement, les propri\u00e9taires d\u2019entreprise doivent conna\u00eetre la date limite et s\u2019assurer que les paiements sont effectu\u00e9s \u00e0 temps.<\/span><\/p>\n<p><span style=\"font-weight: 400;\">Le pr\u00eat facturera des int\u00e9r\u00eats \u00e0 un taux sp\u00e9cifique une fois la p\u00e9riode sans int\u00e9r\u00eat \u00e9coul\u00e9e. Pour <\/span><a href=\"http:\/\/ceba.ca\/fr\/information\/how-to-use-ceba-loan\/\"><span style=\"font-weight: 400;\">gestion efficace des pr\u00eats <\/span><\/a><span style=\"font-weight: 400;\">et pour \u00e9viter des difficult\u00e9s financi\u00e8res inutiles, il est essentiel de comprendre le taux d\u2019int\u00e9r\u00eat et le calendrier de paiement.<\/span><\/p>\n<p><span style=\"font-weight: 400;\">Les entreprises de Midland devraient donner la priorit\u00e9 \u00e0 une gestion financi\u00e8re solide, \u00e0 une communication honn\u00eate avec le pr\u00eateur et \u00e0 la recherche de conseils professionnels si n\u00e9cessaire pour surmonter ces obstacles. Les entreprises peuvent respecter ad\u00e9quatement leurs engagements en mati\u00e8re de pr\u00eat CUEC et prot\u00e9ger leur s\u00e9curit\u00e9 financi\u00e8re en restant conscientes et proactives.<\/span><\/p>\n<h2><span style=\"font-weight: 400;\">Les entreprises de Midland ont du mal \u00e0 rembourser leur pr\u00eat CUEC<\/span><\/h2>\n<p><span style=\"font-weight: 400;\">Dans la derni\u00e8re mise \u00e0 jour de septembre 2021, aucun chiffre exact n&#039;\u00e9tait disponible d\u00e9taillant les difficult\u00e9s rencontr\u00e9es par les entreprises de Midland pour rembourser les pr\u00eats du CUEC. Il est \u00e9galement crucial de r\u00e9aliser que les entreprises de Midland et de tout le pays ont \u00e9t\u00e9 confront\u00e9es \u00e0 des probl\u00e8mes en raison des effets \u00e9conomiques de la pand\u00e9mie de COVID-19. En raison de la baisse des b\u00e9n\u00e9fices, des probl\u00e8mes de tr\u00e9sorerie et de l\u2019incertitude du march\u00e9, de nombreuses entreprises demandent de l\u2019aide pour faire face \u00e0 leurs obligations de remboursement de pr\u00eats.<\/span><\/p>\n<p><span style=\"font-weight: 400;\">Le <\/span><a href=\"https:\/\/www.cfib-fcei.ca\/en\/\" target=\"_blank\" rel=\"noopener\"><span style=\"font-weight: 400;\">de la FCEI<\/span><\/a><span style=\"font-weight: 400;\"> les statistiques soulignent \u00e0 quel point le pr\u00eat du Compte d&#039;urgence pour les entreprises canadiennes (CUEC) a \u00e9t\u00e9 crucial pour aider les petites entreprises de Midland \u00e0 survivre \u00e0 l&#039;\u00e9pid\u00e9mie de COVID-19. Le programme a eu un impact consid\u00e9rable sur la capacit\u00e9 des petites entreprises \u00e0 survivre et \u00e0 continuer de fonctionner pendant les p\u00e9riodes difficiles, comme en t\u00e9moigne le fait que 89% comptait sur le pr\u00eat du CUEC pour son soutien financier.<\/span><\/p>\n<p><span style=\"font-weight: 400;\">Cependant, le fait que seulement 10% de propri\u00e9taires d&#039;entreprise ont \u00e9t\u00e9 en mesure de rembourser ce qu&#039;ils devaient illustre la pression financi\u00e8re croissante que subissent de nombreuses entreprises de Midland \u00e0 mesure que la date d&#039;\u00e9ch\u00e9ance du remboursement approche.<\/span><\/p>\n<p><span style=\"font-weight: 400;\">Les informations rendues accessibles ne comprenaient pas de statistiques pr\u00e9cises sur le nombre d&#039;entreprises de Midland ayant des difficult\u00e9s \u00e0 rembourser leurs pr\u00eats CUEC ni sur le montant total restant d\u00fb.<\/span><\/p>\n<h2><span style=\"font-weight: 400;\">Pr\u00eat CUEC pour Midland Business Influence<\/span><\/h2>\n<p><span style=\"font-weight: 400;\">Le pr\u00eat a eu un impact consid\u00e9rable sur les entreprises de Midland. Pendant les moments difficiles de la pand\u00e9mie de COVID-19, elle a offert un soutien financier essentiel, assurant ainsi la continuit\u00e9 op\u00e9rationnelle. Gr\u00e2ce \u00e0 la stabilit\u00e9 du pr\u00eat et \u00e0 l&#039;absence d&#039;int\u00e9r\u00eats, les entreprises ont pu payer les d\u00e9penses n\u00e9cessaires et conserver leur personnel.\u00a0<\/span><\/p>\n<p><span style=\"font-weight: 400;\">Le pr\u00eat a am\u00e9lior\u00e9 la capacit\u00e9 de l&#039;\u00e9conomie \u00e0 r\u00e9sister aux chocs en pr\u00e9servant les emplois et en encourageant la planification strat\u00e9gique li\u00e9e \u00e0 la reprise. \u00c0 mesure que les entreprises remboursent leurs pr\u00eats, cela contribue \u00e0 financer les initiatives d\u2019aide \u00e0 venir. Le pr\u00eat du CUEC a \u00e9t\u00e9 une bou\u00e9e de sauvetage pour les entreprises de Midland, leur permettant de traverser la crise, de se pr\u00e9parer \u00e0 la reprise et de soutenir l&#039;expansion \u00e9conomique de la ville dans la p\u00e9riode post-pand\u00e9mique.<\/span><\/p>\n<h2><span style=\"font-weight: 400;\">Conclusion<\/span><\/h2>\n<p><span style=\"font-weight: 400;\">Le pr\u00eat du Compte d\u2019urgence pour les entreprises canadiennes (CUEC) a laiss\u00e9 une marque unique sur le pittoresque hameau de Midland en cr\u00e9ant un chapitre de l\u2019histoire de la t\u00e9nacit\u00e9 et de l\u2019endurance. Les entreprises locales se sont retrouv\u00e9es en territoire inconnu et ont \u00e9t\u00e9 confront\u00e9es \u00e0 des difficult\u00e9s inou\u00efes alors que la pand\u00e9mie jetait son ombre inqui\u00e9tante.\u00a0<\/span><\/p>\n<p><span style=\"font-weight: 400;\">Le pr\u00eat du CUEC, en revanche, a brill\u00e9 comme une lueur d\u2019espoir, fournissant un filet de s\u00e9curit\u00e9 pour maintenir les espoirs et les r\u00eaves en vie. Au-del\u00e0 des statistiques, le pr\u00eat symbolise l&#039;esprit in\u00e9branlable du milieu des affaires de Midland et illustre sa capacit\u00e9 \u00e0 naviguer avec courage et d\u00e9termination dans des eaux agit\u00e9es. Il a permis de maintenir les entreprises \u00e0 flot et de cr\u00e9er un sentiment de communaut\u00e9, nous rappelant que l&#039;entraide est la boussole qui nous guide dans les difficult\u00e9s. L&#039;h\u00e9ritage du pr\u00eat CUEC perdurera alors que la ville se tourne vers l&#039;avenir.<\/span><\/p>","protected":false},"excerpt":{"rendered":"<p>The CEBA loan has been fundamental for businesses in Midland during the hard time caused by COVID-19. It was designed to assist companies struggling due to the pandemic&#8217;s economic difficulties. This loan program aimed to provide needed support to help these businesses stay afloat and navigate the uncertainties caused by the pandemic.\u00a0 This article will [&hellip;]<\/p>\n","protected":false},"author":2,"featured_media":5167,"parent":0,"menu_order":0,"comment_status":"closed","ping_status":"closed","template":"","meta":{"footnotes":""},"class_list":["post-3823","page","type-page","status-publish","has-post-thumbnail","hentry"],"_links":{"self":[{"href":"https:\/\/ceba.ca\/fr\/wp-json\/wp\/v2\/pages\/3823","targetHints":{"allow":["GET"]}}],"collection":[{"href":"https:\/\/ceba.ca\/fr\/wp-json\/wp\/v2\/pages"}],"about":[{"href":"https:\/\/ceba.ca\/fr\/wp-json\/wp\/v2\/types\/page"}],"author":[{"embeddable":true,"href":"https:\/\/ceba.ca\/fr\/wp-json\/wp\/v2\/users\/2"}],"replies":[{"embeddable":true,"href":"https:\/\/ceba.ca\/fr\/wp-json\/wp\/v2\/comments?post=3823"}],"version-history":[{"count":2,"href":"https:\/\/ceba.ca\/fr\/wp-json\/wp\/v2\/pages\/3823\/revisions"}],"predecessor-version":[{"id":4909,"href":"https:\/\/ceba.ca\/fr\/wp-json\/wp\/v2\/pages\/3823\/revisions\/4909"}],"wp:featuredmedia":[{"embeddable":true,"href":"https:\/\/ceba.ca\/fr\/wp-json\/wp\/v2\/media\/5167"}],"wp:attachment":[{"href":"https:\/\/ceba.ca\/fr\/wp-json\/wp\/v2\/media?parent=3823"}],"curies":[{"name":"wp","href":"https:\/\/api.w.org\/{rel}","templated":true}]}}