{"id":3821,"date":"2023-09-06T13:28:42","date_gmt":"2023-09-06T17:28:42","guid":{"rendered":"http:\/\/ceba.ca\/?page_id=3821"},"modified":"2023-09-06T13:28:42","modified_gmt":"2023-09-06T17:28:42","slug":"ceba-loan-in-bolton","status":"publish","type":"page","link":"https:\/\/ceba.ca\/fr\/ceba-loan-in-bolton\/","title":{"rendered":"Pr\u00eat CUEC \u00e0 Bolton\u00a0"},"content":{"rendered":"<p><span style=\"font-weight: 400;\">Une catastrophe \u00e9conomique extraordinaire provoqu\u00e9e par le <a href=\"https:\/\/www.who.int\/health-topics\/coronavirus#tab=tab_1\" target=\"_blank\" rel=\"noopener\">\u00c9pid\u00e9mie de covid-19<\/a> entreprises touch\u00e9es dans le monde entier, y compris celles de Bolton, en Ontario. En r\u00e9ponse, le gouvernement canadien a cr\u00e9\u00e9 le <\/span><a href=\"https:\/\/ceba-cuec.ca\/\" target=\"_blank\" rel=\"noopener\"><span style=\"font-weight: 400;\">Pr\u00eat du Compte d\u2019urgence pour les entreprises canadiennes (CUEC)<\/span><\/a><span style=\"font-weight: 400;\">, une bou\u00e9e de sauvetage qui a fourni aux petites et moyennes entreprises de Bolton un soutien financier crucial.<\/span><\/p>\n<p><span style=\"font-weight: 400;\">Cet article portera sur le pr\u00eat CUEC \u00e0 Bolton. Examinant les conditions d&#039;admissibilit\u00e9 du pr\u00eat, les montants du pr\u00eat, l&#039;exon\u00e9ration de pr\u00eat et l&#039;h\u00e9ritage durable qu&#039;il laisse sur la sc\u00e8ne entrepreneuriale de Bolton, cet article \u00e9tudie l&#039;\u00e9norme influence du pr\u00eat CUEC \u00e0 Bolton.<\/span><a href=\"http:\/\/ceba.ca\/fr\/ceba-loan\/\"><span style=\"font-weight: 400;\"> Pr\u00eat CUEC<\/span><\/a><span style=\"font-weight: 400;\"> sur le milieu des affaires de la ville.<\/span><\/p>\n<h2><span style=\"font-weight: 400;\">Admissibilit\u00e9\u00a0<\/span><\/h2>\n<p><span style=\"font-weight: 400;\">Le pr\u00eat du Compte d&#039;urgence pour les entreprises canadiennes (CUEC) \u00e0 Bolton, en Ontario,<\/span><a href=\"http:\/\/ceba.ca\/fr\/information\/how-does-ceba-loan-work\/\"><span style=\"font-weight: 400;\"> entreprises requises<\/span><\/a><span style=\"font-weight: 400;\"> pour relever des cat\u00e9gories d&#039;entreprise individuelle, de soci\u00e9t\u00e9 de personnes ou de soci\u00e9t\u00e9 \u00e0 partir de ma derni\u00e8re mise \u00e0 jour de septembre 2021. Les entreprises doivent d\u00e9montrer que l&#039;\u00e9pid\u00e9mie a r\u00e9duit leurs revenus et avoir pay\u00e9 des employ\u00e9s entre $20 000 et $1 500 000 de revenu d&#039;emploi total en 2019. postuler. Depuis le 1er mars 2020, ils doivent \u00e9galement d\u00e9tenir un compte d\u2019exploitation d\u2019entreprise ouvert aupr\u00e8s d\u2019une institution financi\u00e8re canadienne.\u00a0<\/span><\/p>\n<p><span style=\"font-weight: 400;\">Ces exigences visent \u00e0 offrir une aide financi\u00e8re cruciale aux entreprises de Bolton touch\u00e9es par le COVID-19. Les entreprises doivent consulter des sources gouvernementales officielles ou des institutions bancaires r\u00e9gionales pour conna\u00eetre les <a href=\"http:\/\/ceba.ca\/fr\/information\/who-is-eligible-for-a-ceba-loan\/\">informations d&#039;admissibilit\u00e9 les plus r\u00e9centes<\/a>.<\/span><\/p>\n<h2><span style=\"font-weight: 400;\">Conditions de pardon et de remboursement<\/span><\/h2>\n<h3><span style=\"font-weight: 400;\">Informations pour les entreprises de Bolton<\/span><\/h3>\n<p><span style=\"font-weight: 400;\">Les conditions de remise et de remboursement pour les entreprises de Bolton qui ont eu recours au pr\u00eat du Compte d\u2019urgence pour les entreprises canadiennes (CUEC) doivent \u00eatre comprises. Les entreprises peuvent \u00eatre \u00e9ligibles aux 25% restants d\u2019annulation de pr\u00eat si elles remboursent 75% du montant total du pr\u00eat avant une date donn\u00e9e. Cette fonction encourage des remboursements rapides et honore une gestion financi\u00e8re prudente. Toutefois, les entreprises doivent conna\u00eetre <a href=\"http:\/\/ceba.ca\/fr\/news\/when-does-the-ceba-loan-need-to-be-repaid\/\">Date limite de remboursement du pr\u00eat CEBA<\/a> apr\u00e8s l&#039;expiration de la p\u00e9riode sans int\u00e9r\u00eat.<\/span><\/p>\n<p><span style=\"font-weight: 400;\">Il est essentiel de comprendre ces conditions pour \u00e9viter les frais et garantir un processus de remboursement simple. Les entreprises de Bolton devraient parler \u00e0 leurs institutions bancaires ou consulter des sources gouvernementales autoris\u00e9es pour obtenir les informations les plus pr\u00e9cises et les plus r\u00e9centes.<\/span><\/p>\n<p><span style=\"font-weight: 400;\">Lorsque le programme de pr\u00eats CEBA a \u00e9t\u00e9 lanc\u00e9, il offrait aux entreprises jusqu&#039;\u00e0 $40 000 en pr\u00eats sans int\u00e9r\u00eat. Cependant, le gouvernement a augment\u00e9 le programme, permettant aux entreprises d&#039;obtenir 14 000 thPa de pr\u00eats suppl\u00e9mentaires, prenant ainsi conscience des difficult\u00e9s \u00e9conomiques persistantes. Il a port\u00e9 le montant total pr\u00eatable \u00e0 $60 000 et a fourni une aide financi\u00e8re plus importante aux entreprises en difficult\u00e9.<\/span><\/p>\n<p><span style=\"font-weight: 400;\">L&#039;administration a travaill\u00e9 dur pour rationaliser la proc\u00e9dure de candidature afin d&#039;am\u00e9liorer l&#039;accessibilit\u00e9. La disponibilit\u00e9 du pr\u00eat CUEC pour les entreprises de Bolton a \u00e9t\u00e9 principalement rendue possible par les institutions financi\u00e8res locales\u00a0; cette proc\u00e9dure simplifi\u00e9e visait \u00e0 acc\u00e9l\u00e9rer la proc\u00e9dure de financement et \u00e0 garantir que les entreprises puissent obtenir rapidement une aide financi\u00e8re.<\/span><\/p>\n<p><span style=\"font-weight: 400;\">L&#039;accessibilit\u00e9 du programme de pr\u00eat CUEC constitue une autre caract\u00e9ristique digne de mention. Plus de 220 institutions financi\u00e8res, dont celles de Bolton, ont particip\u00e9 \u00e0 la distribution des pr\u00eats CUEC \u00e0 travers le pays.<\/span><\/p>\n<p><span style=\"font-weight: 400;\">Le programme de pr\u00eat du Compte d\u2019urgence pour les entreprises canadiennes (CUEC) a eu une influence consid\u00e9rable sur les entreprises de nombreuses provinces et territoires canadiens.<\/span><span style=\"font-weight: 400;\"> Regardons le <\/span><a href=\"https:\/\/ceba-cuec.ca\/statistics\/\" target=\"_blank\" rel=\"noopener\"><span style=\"font-weight: 400;\">statistiques officielles des pr\u00eats CEBA approuv\u00e9s <\/span><\/a><span style=\"font-weight: 400;\">et la r\u00e9partition du financement entre les diff\u00e9rentes r\u00e9gions.<\/span><\/p>\n<h3><span style=\"font-weight: 400;\">Ontario : placer la barre haute<\/span><\/h3>\n<p><span style=\"font-weight: 400;\">Avec un total de 360\u00a0339, c&#039;est en Ontario que le plus grand nombre d&#039;entreprises ont re\u00e7u des approbations de pr\u00eat du CUEC. Environ $19,732 millions de dollars en financement pour les pr\u00eats et expansions du CUEC ont \u00e9t\u00e9 accord\u00e9s en Ontario.<\/span><\/p>\n<h3><span style=\"font-weight: 400;\">Le Qu\u00e9bec offre un solide soutien aux entreprises<\/span><\/h3>\n<p><span style=\"font-weight: 400;\">Avec 182 923, le Qu\u00e9bec venait au deuxi\u00e8me rang pour le nombre d&#039;entreprises ayant re\u00e7u l&#039;approbation d&#039;un pr\u00eat CUEC. Au Qu\u00e9bec, un financement de $10,059 millions a \u00e9t\u00e9 autoris\u00e9 pour les pr\u00eats CEBA et les agrandissements.<\/span><\/p>\n<h3><span style=\"font-weight: 400;\">Soutien financier aux entreprises de l&#039;Alberta<\/span><\/h3>\n<p><span style=\"font-weight: 400;\">Un soutien financier important a \u00e9t\u00e9 accord\u00e9 \u00e0 125\u00a0015 entreprises en Alberta gr\u00e2ce \u00e0 l&#039;approbation du pr\u00eat CUEC. En Alberta, environ $6,838 millions ont \u00e9t\u00e9 accord\u00e9s pour les pr\u00eats CEBA et les expansions.<\/span><\/p>\n<h3><span style=\"font-weight: 400;\">Colombie-Britannique : Promouvoir la reprise \u00e9conomique<\/span><\/h3>\n<p><span style=\"font-weight: 400;\">La reprise \u00e9conomique de la Colombie-Britannique a \u00e9t\u00e9 favoris\u00e9e par les 122\u00a0890 entreprises qui ont re\u00e7u l\u2019approbation du pr\u00eat CUEC.<\/span><\/p>\n<p><span style=\"font-weight: 400;\">En Colombie-Britannique, un financement d&#039;environ $6,645 millions a \u00e9t\u00e9 approuv\u00e9 pour les pr\u00eats et l&#039;expansion du CEBA.<\/span><\/p>\n<h3><span style=\"font-weight: 400;\">Un plus grand soutien aux \u00e9conomies locales dans les petites provinces et territoires<\/span><\/h3>\n<ul>\n<li><span style=\"font-weight: 400;\">Un total de 1 600 millions de dollars de financement pour 29 088 entreprises en Saskatchewan a \u00e9t\u00e9 approuv\u00e9 pour les pr\u00eats du CUEC. <\/span><\/li>\n<li><span style=\"font-weight: 400;\">Au Manitoba, 23\u00a0424 entreprises ont re\u00e7u l&#039;approbation d&#039;un pr\u00eat du CEBA, totalisant environ 1\u00a0273\u00a0millions de dollars de financement. <\/span><\/li>\n<li><span style=\"font-weight: 400;\">Avec des investissements totalisant plus de $855 millions, 16\u00a0028 entreprises de la Nouvelle-\u00c9cosse ont obtenu des pr\u00eats du CEBA.<\/span><\/li>\n<li><span style=\"font-weight: 400;\">12 091 entreprises du Nouveau-Brunswick ont b\u00e9n\u00e9fici\u00e9 de pr\u00eats du CUEC, totalisant environ $648 millions d&#039;aide.<\/span><\/li>\n<li><span style=\"font-weight: 400;\">8\u00a0457 entreprises de Terre-Neuve-et-Labrador ont b\u00e9n\u00e9fici\u00e9 de pr\u00eats du CEBA, pour un montant en capital d&#039;environ $469 millions.<\/span><\/li>\n<li><span style=\"font-weight: 400;\">3 737 entreprises de l&#039;\u00cele-du-Prince-\u00c9douard ont obtenu des pr\u00eats du CUEC totalisant environ $204 millions de financement.<\/span><\/li>\n<li><span style=\"font-weight: 400;\">1\u00a0535 entreprises du Yukon, des Territoires du Nord-Ouest et du Nunavut ont vu leurs demandes de pr\u00eats CUEC accept\u00e9es, obtenant pr\u00e8s de $82 millions en esp\u00e8ces.<\/span><\/li>\n<\/ul>\n<h2><span style=\"font-weight: 400;\">Contraintes financi\u00e8res et temporelles stressantes pour les entreprises de Bolton<\/span><\/h2>\n<p><span style=\"font-weight: 400;\">Selon des faits et des donn\u00e9es convaincants, les entreprises de Bolton ont connu de graves contraintes de temps et des difficult\u00e9s financi\u00e8res pendant la pand\u00e9mie de COVID-19. Un sondage de la Chambre de commerce locale a r\u00e9v\u00e9l\u00e9 que 80% d&#039;entreprises avaient besoin d&#039;aide pour suivre l&#039;\u00e9volution rapide des normes et directives en mati\u00e8re de sant\u00e9, ce qui les rendait urgents de modifier leurs pratiques d&#039;entreprise.<\/span><\/p>\n<p><span style=\"font-weight: 400;\">En outre, le sondage a r\u00e9v\u00e9l\u00e9 que 65% d&#039;entreprises ont vu leurs revenus chuter de plus de 50%, ce qui a entra\u00een\u00e9 de graves probl\u00e8mes de tr\u00e9sorerie et d&#039;autres difficult\u00e9s financi\u00e8res. En raison des d\u00e9lais stricts pour pr\u00e9senter une demande aux programmes de soutien gouvernementaux comme le Compte d&#039;urgence pour les entreprises canadiennes (CUEC), les propri\u00e9taires d&#039;entreprise se sont d\u00e9p\u00each\u00e9s d&#039;obtenir du financement avant que les dates ne soient atteintes. L&#039;analyse d&#039;une soci\u00e9t\u00e9 locale de conseil aux entreprises a \u00e9galement r\u00e9v\u00e9l\u00e9 que 451\u00a0TP3T d&#039;entreprises ont d\u00fb prendre des d\u00e9cisions difficiles.<\/span><\/p>\n<h2><span style=\"font-weight: 400;\">Pr\u00eat CUEC \u00e0 Bolton\u00a0:\u00a0avantages de pardon<\/span><\/h2>\n<p><span style=\"font-weight: 400;\">La possibilit\u00e9 d\u2019une remise de pr\u00eat \u00e9tait l\u2019une des caract\u00e9ristiques essentielles du pr\u00eat du CUEC \u00e0 Bolton. Les entreprises peuvent \u00eatre \u00e9ligibles \u00e0 l&#039;annulation des 25% restants du solde du pr\u00eat en <\/span><a href=\"http:\/\/ceba.ca\/fr\/information\/how-to-pay-back-ceba-loan\/\"><span style=\"font-weight: 400;\">rembourser 75%<\/span><\/a><span style=\"font-weight: 400;\"> \u00e0 une date pr\u00e9cise. Cette fonctionnalit\u00e9 encourageait les paiements rapides, donnant de l\u2019espoir aux entreprises confront\u00e9es \u00e0 des probl\u00e8mes financiers. En plus d\u2019offrir un soulagement, la gr\u00e2ce a favoris\u00e9 une gestion financi\u00e8re prudente et a donn\u00e9 aux entreprises la confiance n\u00e9cessaire pour pr\u00e9parer l\u2019avenir.<\/span><\/p>\n<h2><span style=\"font-weight: 400;\">Le besoin de flexibilit\u00e9 dans le contexte des perspectives commerciales<\/span><\/h2>\n<p><a href=\"https:\/\/www.cbc.ca\/news\/canada\/toronto\/broadviw-danforth-bia-deadline-extension-ceba-loan-repayment-1.6807379\" target=\"_blank\" rel=\"noopener\"><span style=\"font-weight: 400;\">Selon Zach Davidson, propri\u00e9taire d&#039;entreprise bas\u00e9 \u00e0 Toronto<\/span><\/a><span style=\"font-weight: 400;\">, propri\u00e9taire de The Meat Department, le chemin vers la reprise apr\u00e8s la pand\u00e9mie reste difficile. Outre les difficult\u00e9s provoqu\u00e9es par l&#039;inflation, Davidson souligne la situation financi\u00e8re pr\u00e9caire des entreprises.<\/span><\/p>\n<p><span style=\"font-weight: 400;\">Le pr\u00eat du Compte d\u2019urgence pour les entreprises canadiennes (CUEC) de Bolton a n\u00e9cessit\u00e9 une certaine capacit\u00e9 d\u2019adaptation du point de vue commercial pour faire face aux obstacles particuliers provoqu\u00e9s par l\u2019\u00e9pid\u00e9mie. En raison de leurs flux de revenus incoh\u00e9rents, de leurs flux de tr\u00e9sorerie serr\u00e9s et de conditions de march\u00e9 floues, de nombreuses entreprises ont eu du mal \u00e0 suivre des calendriers de remboursement de pr\u00eats rigides. Il aurait \u00e9t\u00e9 possible pour les entreprises de modifier les calendriers de remboursement en fonction de leur situation financi\u00e8re actuelle, assurant ainsi leur viabilit\u00e9 et \u00e9vitant les d\u00e9fauts de paiement, si les conditions du pr\u00eat du CUEC avaient \u00e9t\u00e9 plus flexibles.<\/span><\/p>\n<p><span style=\"font-weight: 400;\">Adrienne Vaupshas, attach\u00e9e de presse de <\/span><a href=\"https:\/\/www.pm.gc.ca\/en\/cabinet\/honourable-chrystia-freeland#:~:text=The%20Honourable%20Chrystia%20Freeland%20is,Toronto%20Centre%20in%20July%2C%202013.\" target=\"_blank\" rel=\"noopener\"><span style=\"font-weight: 400;\">La ministre f\u00e9d\u00e9rale des Finances, Chrystia Freeland<\/span><\/a><span style=\"font-weight: 400;\">, <\/span><span style=\"font-weight: 400;\">reconna\u00eet la prolongation ant\u00e9rieure mais souligne l&#039;engagement du gouvernement \u00e0 aider les propri\u00e9taires d&#039;entreprises \u00e0 se r\u00e9tablir. Elle fait r\u00e9f\u00e9rence aux initiatives budg\u00e9taires les plus r\u00e9centes, notamment des contrats avec Visa et Mastercard qui r\u00e9duiront les co\u00fbts de transaction par carte de cr\u00e9dit pour les petites entreprises.<\/span><\/p>\n<h2><span style=\"font-weight: 400;\">Conclusion<\/span><\/h2>\n<p><span style=\"font-weight: 400;\">Le pr\u00eat du Compte d\u2019urgence pour les entreprises canadiennes (CUEC) a jou\u00e9 un r\u00f4le d\u00e9terminant dans le soutien aux entreprises de Bolton pendant la pand\u00e9mie de COVID-19. Le pr\u00eat CUEC a permis aux entreprises de surmonter des obstacles financiers, de retenir leurs employ\u00e9s et d&#039;assurer la continuit\u00e9 de leurs op\u00e9rations en leur offrant un soutien financier sans int\u00e9r\u00eat.<\/span><\/p>\n<p><span style=\"font-weight: 400;\">Le pr\u00eat du CUEC sera un facteur important dans la reprise en cours \u00e0 Bolton, permettant aux entreprises de faire face \u00e0 l&#039;incertitude et de cr\u00e9er une \u00e9conomie locale plus robuste et plus \u00e9nergique.<\/span><\/p>","protected":false},"excerpt":{"rendered":"<p>An extraordinary economic catastrophe brought about by the COVID-19 epidemic affected companies worldwide, including those in Bolton, Ontario. In response, the Canadian government established the Canada Emergency Business Account (CEBA) loan, a lifeline that provided Bolton&#8217;s small and medium-sized enterprises with crucial financial support. This article will be about the CEBA loan in BoltonExamining the [&hellip;]<\/p>\n","protected":false},"author":2,"featured_media":5163,"parent":0,"menu_order":0,"comment_status":"closed","ping_status":"closed","template":"","meta":{"footnotes":""},"class_list":["post-3821","page","type-page","status-publish","has-post-thumbnail","hentry"],"_links":{"self":[{"href":"https:\/\/ceba.ca\/fr\/wp-json\/wp\/v2\/pages\/3821","targetHints":{"allow":["GET"]}}],"collection":[{"href":"https:\/\/ceba.ca\/fr\/wp-json\/wp\/v2\/pages"}],"about":[{"href":"https:\/\/ceba.ca\/fr\/wp-json\/wp\/v2\/types\/page"}],"author":[{"embeddable":true,"href":"https:\/\/ceba.ca\/fr\/wp-json\/wp\/v2\/users\/2"}],"replies":[{"embeddable":true,"href":"https:\/\/ceba.ca\/fr\/wp-json\/wp\/v2\/comments?post=3821"}],"version-history":[{"count":3,"href":"https:\/\/ceba.ca\/fr\/wp-json\/wp\/v2\/pages\/3821\/revisions"}],"predecessor-version":[{"id":5164,"href":"https:\/\/ceba.ca\/fr\/wp-json\/wp\/v2\/pages\/3821\/revisions\/5164"}],"wp:featuredmedia":[{"embeddable":true,"href":"https:\/\/ceba.ca\/fr\/wp-json\/wp\/v2\/media\/5163"}],"wp:attachment":[{"href":"https:\/\/ceba.ca\/fr\/wp-json\/wp\/v2\/media?parent=3821"}],"curies":[{"name":"wp","href":"https:\/\/api.w.org\/{rel}","templated":true}]}}