{"id":3819,"date":"2023-09-06T10:33:14","date_gmt":"2023-09-06T14:33:14","guid":{"rendered":"http:\/\/ceba.ca\/?page_id=3819"},"modified":"2023-09-06T10:33:14","modified_gmt":"2023-09-06T14:33:14","slug":"ceba-loan-in-fort-saskatchewan","status":"publish","type":"page","link":"https:\/\/ceba.ca\/fr\/ceba-loan-in-fort-saskatchewan\/","title":{"rendered":"Pr\u00eat CUEC \u00e0 Fort Saskatchewan"},"content":{"rendered":"<p><span style=\"font-weight: 400;\">Pr\u00eat CUEC en <a href=\"https:\/\/en.wikipedia.org\/wiki\/Fort_Saskatchewan\" target=\"_blank\" rel=\"noopener\">Fort-Saskatchewan<\/a>\u00a0s&#039;est av\u00e9r\u00e9 \u00eatre une lueur d&#039;espoir au milieu de la temp\u00eate pour de nombreuses petites entreprises et organisations \u00e0 but non lucratif. Ce <a href=\"http:\/\/ceba.ca\/fr\/\">programme<\/a>, offrant de gros <a href=\"http:\/\/ceba.ca\/fr\/news\/is-ceba-interest-free\/\">pr\u00eats sans int\u00e9r\u00eat jusqu&#039;\u00e0 $60 000<\/a>, a jou\u00e9 un r\u00f4le d\u00e9terminant dans le maintien du rythme du commerce pendant la p\u00e9riode intimidante de la pand\u00e9mie de COVID-19. Fort Saskatchewan, l&#039;une des m\u00e9tropoles les plus anim\u00e9es du Canada, a \u00e9t\u00e9 t\u00e9moin direct du pouvoir transformateur de ce soutien financier, t\u00e9moignage de la r\u00e9silience et de l&#039;adaptabilit\u00e9 de son milieu des affaires.<\/span><\/p>\n<h2><span style=\"font-weight: 400;\">Caract\u00e9ristiques du pr\u00eat CEBA<\/span><\/h2>\n<h3><span style=\"font-weight: 400;\">Remise de pr\u00eat<\/span><\/h3>\n<p><span style=\"font-weight: 400;\">L\u2019une des caract\u00e9ristiques importantes du pr\u00eat CUEC est sa disposition de remise de pr\u00eat. <a href=\"http:\/\/ceba.ca\/fr\/information\/who-is-eligible-for-a-ceba-loan\/\">Emprunteurs admissibles au CUEC<\/a> ceux qui restent en r\u00e8gle peuvent b\u00e9n\u00e9ficier d\u2019une remise de pr\u00eat allant jusqu\u2019\u00e0 33 pour cent (l\u2019\u00e9quivalent de $20 000). Cette remise s&#039;applique si les emprunteurs remboursent le solde du pr\u00eat au plus tard <a href=\"http:\/\/ceba.ca\/fr\/news\/is-ceba-loan-forgiveness-taxable-in-2023\/\">31 d\u00e9cembre 2023<\/a>. Cette fonctionnalit\u00e9 r\u00e9duit consid\u00e9rablement le fardeau financier des entreprises, contribuant ainsi \u00e0 leur durabilit\u00e9 et \u00e0 leur prosp\u00e9rit\u00e9 dans des p\u00e9riodes difficiles.<\/span><\/p>\n<h3><span style=\"font-weight: 400;\">Admissibilit\u00e9 \u00e9largie<\/span><\/h3>\n<p><span style=\"font-weight: 400;\">Le 26 octobre 2020, les autorit\u00e9s ont \u00e9largi l\u2019\u00e9ligibilit\u00e9 au CUEC, offrant ainsi une bou\u00e9e de sauvetage aux entreprises qui n\u2019auraient peut-\u00eatre pas rempli les conditions initiales. Auparavant, les entreprises devaient avoir un compte de ch\u00e8ques\/d\u2019exploitation actif au 1er mars 2020 pour \u00eatre admissibles. Cette condition a \u00e9t\u00e9 supprim\u00e9e, permettant aux entreprises de demander le CUEC apr\u00e8s avoir ouvert un compte de ch\u00e8ques\/d&#039;exploitation aupr\u00e8s de leur institution financi\u00e8re principale. Ce changement a permis \u00e0 un plus grand nombre d&#039;entreprises de b\u00e9n\u00e9ficier du soutien financier offert par le CUEC.<\/span><\/p>\n<h3><span style=\"font-weight: 400;\">Expansion du CUEC<\/span><\/h3>\n<p><span style=\"font-weight: 400;\"><a href=\"http:\/\/ceba.ca\/fr\/information\/is-ceba-extended\/\">Le CUEC \u00e9largi<\/a> son soutien aux entreprises le 4 d\u00e9cembre 2020. Les emprunteurs agr\u00e9\u00e9s du CUEC sont devenus \u00e9ligibles \u00e0 un pr\u00eat de $60 000, en hausse par rapport au pr\u00eat initial de $40 000. Les entreprises ayant d\u00e9j\u00e0 b\u00e9n\u00e9fici\u00e9 du pr\u00eat CEBA $40 000 pouvaient postuler au <a href=\"http:\/\/ceba.ca\/fr\/information\/is-ceba-extended\/\">Expansion du CUEC<\/a>, qui a propos\u00e9 un financement suppl\u00e9mentaire de $20 000. Ce soutien financier accru a jou\u00e9 un r\u00f4le d\u00e9terminant pour aider les entreprises \u00e0 surmonter les incertitudes \u00e9conomiques pos\u00e9es par la pand\u00e9mie.<\/span><\/p>\n<h2><span style=\"font-weight: 400;\">Pr\u00eat CUEC \u00e0 Fort Saskatchewan\u00a0:\u00a0admissibilit\u00e9 et exclusion<\/span><\/h2>\n<p><span style=\"font-weight: 400;\">L&#039;efficacit\u00e9 du programme CUEC ne peut \u00eatre sous-estim\u00e9e, puisqu&#039;il a apport\u00e9 un soutien financier essentiel \u00e0 une multitude d&#039;entreprises montr\u00e9alaises, les aidant \u00e0 surmonter la tourmente \u00e9conomique inflig\u00e9e par la pand\u00e9mie. Cependant, le gouvernement du Canada a \u00e9tabli des crit\u00e8res d&#039;admissibilit\u00e9 pr\u00e9cis, excluant ainsi certains types d&#039;entit\u00e9s du programme.<\/span><\/p>\n<h3><span style=\"font-weight: 400;\">Organisations gouvernementales exclues<\/span><\/h3>\n<p><span style=\"font-weight: 400;\">Le CUEC visait principalement \u00e0 aider les entit\u00e9s du secteur priv\u00e9, ce qui signifie <a href=\"https:\/\/ceba-cuec.ca\/\" target=\"_blank\" rel=\"noopener\">gouvernement<\/a> les organisations ou organismes n&#039;\u00e9taient pas admissibles aux avantages du programme. Cette exclusion a permis au programme de rester ax\u00e9 sur le soutien aux entreprises du secteur priv\u00e9 les plus durement touch\u00e9es par la pand\u00e9mie.<\/span><\/p>\n<h3><span style=\"font-weight: 400;\">Organisations \u00e0 but non lucratif et organismes de bienfaisance enregistr\u00e9s<\/span><\/h3>\n<p><span style=\"font-weight: 400;\">Malgr\u00e9 leurs r\u00f4les soci\u00e9taux importants, les organismes sans but lucratif, les organismes de bienfaisance enregistr\u00e9s, les syndicats, les soci\u00e9t\u00e9s ou ordres de secours mutuels et les entit\u00e9s enti\u00e8rement d\u00e9tenues par ces organismes n&#039;\u00e9taient g\u00e9n\u00e9ralement pas admissibles aux pr\u00eats du CUEC. Cette stipulation d\u00e9coule d&#039;une diff\u00e9rence dans la dynamique fiscale et les mod\u00e8les de revenus entre ces organisations et les entreprises traditionnelles.<\/span><\/p>\n<h3><span style=\"font-weight: 400;\">Entit\u00e9s appartenant \u00e0 des d\u00e9put\u00e9s f\u00e9d\u00e9raux ou \u00e0 des s\u00e9nateurs<\/span><\/h3>\n<p><span style=\"font-weight: 400;\">Afin d\u2019assurer la transparence et d\u2019\u00e9viter d\u2019\u00e9ventuels conflits d\u2019int\u00e9r\u00eats, les entit\u00e9s appartenant directement \u00e0 un d\u00e9put\u00e9 f\u00e9d\u00e9ral ou \u00e0 un s\u00e9nateur ont \u00e9t\u00e9 exclues de la demande de pr\u00eat CUEC. Cette mesure garantissait que la mise en \u0153uvre du programme \u00e9tait \u00e9quitable et libre de toute influence politique.<\/span><\/p>\n<h3><span style=\"font-weight: 400;\">Entit\u00e9s encourageant la violence ou la discrimination<\/span><\/h3>\n<p><span style=\"font-weight: 400;\">Le gouvernement du Canada s&#039;engage \u00e0 promouvoir l&#039;inclusivit\u00e9 et l&#039;\u00e9galit\u00e9, donc les entit\u00e9s qui promeuvent la violence, incitent \u00e0 la haine ou font de la discrimination fond\u00e9e sur le sexe, l&#039;identit\u00e9 ou l&#039;expression de genre, l&#039;orientation sexuelle, la race, la religion, l&#039;\u00e2ge, l&#039;origine ethnique, l&#039;origine nationale ou l&#039;\u00e9tat mental ou physique. personnes handicap\u00e9es n\u2019\u00e9taient pas admissibles aux pr\u00eats du CUEC. Cette exclusion s&#039;aligne sur l&#039;engagement global du Canada \u00e0 d\u00e9fendre les droits de la personne et l&#039;\u00e9galit\u00e9 pour tous ses citoyens.<\/span><\/p>\n<h2><span style=\"font-weight: 400;\">R\u00e9partition \u00e9quitable<\/span><\/h2>\n<p><span style=\"font-weight: 400;\">Les exclusions du programme CUEC ont \u00e9t\u00e9 m\u00e9ticuleusement con\u00e7ues pour garantir que l&#039;aide financi\u00e8re fournie dans le cadre du programme parvienne \u00e0 des entreprises m\u00e9ritantes qui respectent strictement les normes \u00e9thiques et juridiques. Le gouvernement du Canada, lors de la formulation du programme, a reconnu le besoin urgent de soutenir les entreprises qui non seulement contribuent \u00e0 la stabilit\u00e9 \u00e9conomique du pays, mais favorisent \u00e9galement la diversit\u00e9 et l&#039;inclusion dans leurs op\u00e9rations.<\/span><\/p>\n<p><span style=\"font-weight: 400;\">Les entit\u00e9s impliqu\u00e9es dans la promotion de la violence ou de la discrimination ont \u00e9t\u00e9 jug\u00e9es in\u00e9ligibles, car elles \u00e9taient en conflit avec l&#039;engagement de la nation en faveur des droits de l&#039;homme et de l&#039;\u00e9galit\u00e9. Cette mesure garantissait que les entreprises b\u00e9n\u00e9ficiant du programme \u00e9taient align\u00e9es sur les valeurs d&#039;inclusion et de respect du Canada.<\/span><\/p>\n<p><span style=\"font-weight: 400;\">De plus, pour maintenir la confiance du public dans les mesures d\u2019all\u00e8gement, le gouvernement a exclu les entit\u00e9s appartenant directement \u00e0 tout d\u00e9put\u00e9 ou s\u00e9nateur f\u00e9d\u00e9ral. Il s\u2019agit d\u2019une \u00e9tape cruciale vers l\u2019\u00e9limination des conflits d\u2019int\u00e9r\u00eats potentiels et la garantie que le fonds de secours soit distribu\u00e9 \u00e9quitablement, sans aucune influence politique.<\/span><\/p>\n<p><span style=\"font-weight: 400;\">En fin de compte, ces crit\u00e8res d&#039;admissibilit\u00e9 ont \u00e9t\u00e9 mis en place pour garantir que le programme CUEC profiterait aux entreprises l\u00e9gitimes et m\u00e9ritantes. En affectant des fonds \u00e0 ces entreprises, le gouvernement visait \u00e0 soutenir l&#039;\u00e9conomie canadienne en ces temps difficiles, tout en respectant les valeurs du pays et en maintenant la confiance du public dans ses mesures d&#039;aide.<\/span><\/p>\n<h2><span style=\"font-weight: 400;\">Impact du pr\u00eat<\/span><\/h2>\n<p><span style=\"font-weight: 400;\">Le programme CUEC a jou\u00e9 un r\u00f4le central en soutenant les entreprises locales de Fort Saskatchewan pendant les d\u00e9fis sans pr\u00e9c\u00e9dent pos\u00e9s par la pand\u00e9mie. Le CUEC a permis aux entreprises de couvrir leurs co\u00fbts d&#039;exploitation essentiels, de retenir leurs employ\u00e9s et de faire face aux incertitudes \u00e9conomiques en leur accordant des pr\u00eats sans int\u00e9r\u00eat. En cons\u00e9quence, de nombreuses entreprises de Fort Saskatchewan ont pers\u00e9v\u00e9r\u00e9 et poursuivi leur cheminement vers la stabilit\u00e9 financi\u00e8re et la croissance.<\/span><\/p>\n<p><span style=\"font-weight: 400;\">M\u00eame apr\u00e8s la fin de la p\u00e9riode de demande du CUEC, son impact continue de se r\u00e9percuter sur le paysage commercial de la ville. Alors que Fort Saskatchewan s\u2019efforce de se r\u00e9tablir et de se reconstruire, la r\u00e9silience dont font preuve ses petites entreprises et ses organismes \u00e0 but non lucratif t\u00e9moigne de l\u2019importance du programme CUEC. Il souligne le r\u00f4le essentiel du programme pour soutenir l\u2019\u00e9conomie et soutenir les communaut\u00e9s en temps de crise. Cet impact durable du programme CUEC met en \u00e9vidence son efficacit\u00e9 \u00e0 remplir sa mission d&#039;aider les entreprises canadiennes aux prises avec la d\u00e9tresse \u00e9conomique caus\u00e9e par la pand\u00e9mie.<\/span><\/p>\n<h2><span style=\"font-weight: 400;\">Conclusion<\/span><\/h2>\n<p><span style=\"font-weight: 400;\">En conclusion, le programme CUEC a jou\u00e9 un r\u00f4le crucial en fournissant un soutien financier essentiel aux entreprises de Fort Saskatchewan pendant la pand\u00e9mie. Malgr\u00e9 certaines exclusions, il s\u2019est av\u00e9r\u00e9 d\u00e9terminant pour soutenir l\u2019\u00e9conomie et promouvoir la r\u00e9silience des entreprises. Il r\u00e9sume l&#039;engagement du Canada envers ses entrepreneurs et le dynamisme \u00e9conomique de ses villes. Il est important de noter que le programme t\u00e9moigne de la puissance d\u2019une aide financi\u00e8re bien con\u00e7ue en temps de crise.<\/span><\/p>","protected":false},"excerpt":{"rendered":"<p>CEBA Loan in Fort Saskatchewan\u00a0has proven to be a beacon of hope amidst the storm for many small businesses and not-for-profit organizations. This program, offering hefty interest-free loans of up to $60,000, has been instrumental in keeping the pulse of commerce alive during the daunting era of the COVID-19 pandemic. Fort Saskatchewan, one of Canada&#8217;s [&hellip;]<\/p>\n","protected":false},"author":2,"featured_media":5159,"parent":0,"menu_order":0,"comment_status":"closed","ping_status":"closed","template":"","meta":{"footnotes":""},"class_list":["post-3819","page","type-page","status-publish","has-post-thumbnail","hentry"],"_links":{"self":[{"href":"https:\/\/ceba.ca\/fr\/wp-json\/wp\/v2\/pages\/3819","targetHints":{"allow":["GET"]}}],"collection":[{"href":"https:\/\/ceba.ca\/fr\/wp-json\/wp\/v2\/pages"}],"about":[{"href":"https:\/\/ceba.ca\/fr\/wp-json\/wp\/v2\/types\/page"}],"author":[{"embeddable":true,"href":"https:\/\/ceba.ca\/fr\/wp-json\/wp\/v2\/users\/2"}],"replies":[{"embeddable":true,"href":"https:\/\/ceba.ca\/fr\/wp-json\/wp\/v2\/comments?post=3819"}],"version-history":[{"count":3,"href":"https:\/\/ceba.ca\/fr\/wp-json\/wp\/v2\/pages\/3819\/revisions"}],"predecessor-version":[{"id":5160,"href":"https:\/\/ceba.ca\/fr\/wp-json\/wp\/v2\/pages\/3819\/revisions\/5160"}],"wp:featuredmedia":[{"embeddable":true,"href":"https:\/\/ceba.ca\/fr\/wp-json\/wp\/v2\/media\/5159"}],"wp:attachment":[{"href":"https:\/\/ceba.ca\/fr\/wp-json\/wp\/v2\/media?parent=3819"}],"curies":[{"name":"wp","href":"https:\/\/api.w.org\/{rel}","templated":true}]}}