{"id":3811,"date":"2023-09-06T09:26:20","date_gmt":"2023-09-06T13:26:20","guid":{"rendered":"http:\/\/ceba.ca\/?page_id=3811"},"modified":"2023-09-06T09:26:20","modified_gmt":"2023-09-06T13:26:20","slug":"ceba-loan-in-timmins","status":"publish","type":"page","link":"https:\/\/ceba.ca\/fr\/ceba-loan-in-timmins\/","title":{"rendered":"Pr\u00eat CUEC \u00e0 Timmins"},"content":{"rendered":"<p><span style=\"font-weight: 400;\">Le Compte d\u2019urgence pour les entreprises canadiennes (CUEC) est devenu une lueur d\u2019espoir au milieu de la temp\u00eate de la pand\u00e9mie de COVID-19 pour les petites entreprises et les organismes \u00e0 but non lucratif de Vancouver. Ce programme offre un <a href=\"http:\/\/ceba.ca\/fr\/news\/is-ceba-interest-free\/\">pr\u00eat \u00e9chelonn\u00e9 sans int\u00e9r\u00eat pouvant atteindre $60 000<\/a>, offrant une aide financi\u00e8re substantielle en ces temps difficiles. Au coeur du Canada, <a href=\"https:\/\/en.wikipedia.org\/wiki\/Timmins\" target=\"_blank\" rel=\"noopener\">Timmins<\/a> se tient debout, ses entreprises locales prosp\u00e8rent gr\u00e2ce \u00e0 cette bou\u00e9e de sauvetage vitale.\u00a0<\/span><\/p>\n<p><span style=\"font-weight: 400;\">Discutons donc en d\u00e9tail du pr\u00eat CUEC \u00e0 Timmins et voyons comment cette aide efficace a revigor\u00e9 le paysage \u00e9conomique de la ville.<\/span><\/p>\n<h2><span style=\"font-weight: 400;\">Caract\u00e9ristiques du pr\u00eat CEBA<\/span><\/h2>\n<h3><span style=\"font-weight: 400;\">Remise de pr\u00eat et \u00e9ligibilit\u00e9 \u00e9largie<\/span><\/h3>\n<p><span style=\"font-weight: 400;\">L\u2019un des avantages importants du pr\u00eat CUEC est sa politique de remise g\u00e9n\u00e9reuse. Plus pr\u00e9cis\u00e9ment, les emprunteurs qui restent en r\u00e8gle peuvent recevoir jusqu&#039;\u00e0 un tiers de leur pr\u00eat (<a href=\"http:\/\/ceba.ca\/fr\/\">dans la limite de $20 000<\/a>) totalement annul\u00e9s, \u00e0 condition de rembourser le solde avant le 31 d\u00e9cembre 2023.<\/span><\/p>\n<p><span style=\"font-weight: 400;\">De plus, le programme CUEC a d\u00e9montr\u00e9 sa flexibilit\u00e9 et sa volont\u00e9 de s\u2019adapter aux besoins des entreprises pendant la pand\u00e9mie en \u00e9largissant les crit\u00e8res d\u2019admissibilit\u00e9. Auparavant, les entreprises devaient avoir un compte de ch\u00e8ques ou d&#039;exploitation actif \u00e0 compter du 1er mars 2020. Cependant, depuis le 26 octobre 2020, cette condition a \u00e9t\u00e9 supprim\u00e9e, permettant ainsi \u00e0 encore plus d&#039;entreprises d&#039;acc\u00e9der \u00e0 des fonds essentiels apr\u00e8s l&#039;ouverture d&#039;un compte de ch\u00e8ques ou d&#039;exploitation. avec leur institution financi\u00e8re principale.<\/span><\/p>\n<h3><span style=\"font-weight: 400;\">Expansion du CUEC<\/span><\/h3>\n<p><span style=\"font-weight: 400;\">Le programme CUEC a \u00e9galement d\u00e9montr\u00e9 son engagement \u00e0 soutenir les entreprises pendant la pand\u00e9mie en augmentant le montant maximum du pr\u00eat. Depuis le 4 d\u00e9cembre 2020, les emprunteurs approuv\u00e9s du CUEC peuvent demander un pr\u00eat allant jusqu&#039;\u00e0 $60 000, soit une augmentation de $20 000 par rapport \u00e0 la limite pr\u00e9c\u00e9dente. Il est important de noter que les entreprises qui avaient d\u00e9j\u00e0 re\u00e7u le pr\u00eat initial de $40 000 ont \u00e9t\u00e9 <a href=\"http:\/\/ceba.ca\/fr\/?s=eligibility\">admissible<\/a> postuler pour cela <a href=\"http:\/\/ceba.ca\/fr\/information\/is-ceba-extended\/\">expansion<\/a>, apportant un soutien financier suppl\u00e9mentaire pendant cette p\u00e9riode difficile.<\/span><\/p>\n<h2><span style=\"font-weight: 400;\">Pr\u00eat CUEC \u00e0 Timmins\u00a0: crit\u00e8res d&#039;\u00e9ligibilit\u00e9 et d&#039;expansion<\/span><\/h2>\n<p><span style=\"font-weight: 400;\">Le programme CUEC a chang\u00e9 la donne pour de nombreuses entreprises de Montr\u00e9al pendant la pand\u00e9mie, leur fournissant la bou\u00e9e de sauvetage financi\u00e8re n\u00e9cessaire pour traverser ces temps difficiles. Cependant, il est crucial de comprendre que toutes les entit\u00e9s n&#039;\u00e9taient pas \u00e9ligibles \u00e0 ce programme. Le gouvernement du Canada a \u00e9tabli des crit\u00e8res pr\u00e9cis pour d\u00e9terminer qui pourrait b\u00e9n\u00e9ficier des pr\u00eats du CUEC, excluant certaines organisations et entit\u00e9s.<\/span><\/p>\n<h3><span style=\"font-weight: 400;\">Organisations gouvernementales exclues<\/span><\/h3>\n<p><span style=\"font-weight: 400;\">Le programme CEBA visait \u00e0 soutenir le secteur priv\u00e9 et, \u00e0 ce titre, n&#039;\u00e9tendait pas ses avantages aux organisations ou organismes gouvernementaux. Cette exclusion garantissait que les fonds \u00e9taient dirig\u00e9s vers les petites et moyennes entreprises et les organismes \u00e0 but non lucratif qui en avaient le plus besoin.<\/span><\/p>\n<h3><span style=\"font-weight: 400;\">Organisations \u00e0 but non lucratif et organismes de bienfaisance enregistr\u00e9s<\/span><\/h3>\n<p><span style=\"font-weight: 400;\">Les organismes sans but lucratif, les organismes de bienfaisance enregistr\u00e9s, les syndicats, les soci\u00e9t\u00e9s de secours mutuels, les ordres et les entit\u00e9s enti\u00e8rement d\u00e9tenues par ces organismes n&#039;\u00e9taient g\u00e9n\u00e9ralement pas admissibles aux pr\u00eats du CUEC. Le programme s&#039;adressait principalement aux entit\u00e9s op\u00e9rant dans le secteur \u00e0 but lucratif.<\/span><\/p>\n<h3><span style=\"font-weight: 400;\">Entit\u00e9s appartenant \u00e0 des d\u00e9put\u00e9s f\u00e9d\u00e9raux ou \u00e0 des s\u00e9nateurs<\/span><\/h3>\n<p><span style=\"font-weight: 400;\">Les entit\u00e9s appartenant directement \u00e0 un d\u00e9put\u00e9 f\u00e9d\u00e9ral ou \u00e0 un s\u00e9nateur \u00e9taient \u00e9galement exclues du droit de demander le pr\u00eat CUEC. Cette exclusion a \u00e9t\u00e9 mise en \u0153uvre pour pr\u00e9venir d&#039;\u00e9ventuels conflits d&#039;int\u00e9r\u00eats et maintenir le plus haut niveau de transparence lors de la mise en \u0153uvre du programme.<\/span><\/p>\n<h3><span style=\"font-weight: 400;\">Entit\u00e9s encourageant la violence ou la discrimination<\/span><\/h3>\n<p><span style=\"font-weight: 400;\"><a href=\"https:\/\/ceba-cuec.ca\/\" target=\"_blank\" rel=\"noopener\">Le gouvernement du Canada<\/a> a une position ferme contre toute forme de violence, de haine ou de discrimination. Ainsi, les entit\u00e9s qui promeuvent ces actions pr\u00e9judiciables ou qui pratiquent une discrimination fond\u00e9e sur le sexe, l\u2019identit\u00e9 ou l\u2019expression de genre, l\u2019orientation sexuelle, la race, la religion, l\u2019\u00e2ge, l\u2019origine ethnique, l\u2019origine nationale ou un handicap mental ou physique, n\u2019\u00e9taient pas admissibles aux pr\u00eats du CUEC. Cette disposition est conforme aux lois canadiennes qui pr\u00f4nent l\u2019inclusivit\u00e9 et l\u2019\u00e9galit\u00e9.<\/span><\/p>\n<h2><span style=\"font-weight: 400;\">R\u00e9partition \u00e9quitable<\/span><\/h2>\n<p><span style=\"font-weight: 400;\">La mise en \u0153uvre de crit\u00e8res d&#039;exclusion dans le cadre du programme CUEC \u00e9tait une mesure strat\u00e9gique prise par le gouvernement du Canada pour s&#039;assurer que l&#039;aide financi\u00e8re parvienne aux entreprises les plus m\u00e9ritantes. En d\u00e9finissant clairement les crit\u00e8res d&#039;admissibilit\u00e9, le gouvernement visait \u00e0 sauvegarder le tissu \u00e9conomique du Canada en soutenant les entit\u00e9s commerciales qui contribuaient de mani\u00e8re significative \u00e0 l&#039;\u00e9conomie.<\/span><\/p>\n<p><span style=\"font-weight: 400;\">Le gouvernement a pris une position ferme contre toute forme de violence, de discrimination ou de pratiques contraires \u00e0 l\u2019\u00e9thique et, ce faisant, a veill\u00e9 \u00e0 ce que les entreprises b\u00e9n\u00e9ficiaires de l\u2019aide adh\u00e8rent \u00e0 des normes \u00e9lev\u00e9es de comportement \u00e9thique. Cette disposition d&#039;exclusion affirmait l&#039;engagement du gouvernement \u00e0 promouvoir la diversit\u00e9, l&#039;inclusion et l&#039;\u00e9galit\u00e9.<\/span><\/p>\n<p><span style=\"font-weight: 400;\">Les exclusions ont \u00e9galement jou\u00e9 un r\u00f4le central dans le maintien de la confiance du public dans les mesures de secours mises en \u0153uvre pendant la pand\u00e9mie. En veillant \u00e0 ce que les fonds soient dirig\u00e9s vers les entreprises qui en ont r\u00e9ellement besoin et celles qui op\u00e8rent dans le cadre juridique et \u00e9thique du droit canadien, le gouvernement a d\u00e9montr\u00e9 sa responsabilit\u00e9 envers la r\u00e9partition \u00e9quitable des ressources et la d\u00e9fense de l&#039;int\u00e9r\u00eat public. Cette responsabilisation a \u00e9t\u00e9 cruciale pour maintenir la cr\u00e9dibilit\u00e9 du programme CUEC et assurer sa mise en \u0153uvre efficace.<\/span><\/p>\n<h2><span style=\"font-weight: 400;\">Impact du pr\u00eat<\/span><\/h2>\n<p><span style=\"font-weight: 400;\">Le programme CEBA est devenu un pilier crucial pour soutenir les entreprises locales de Vancouver malgr\u00e9 les d\u00e9fis croissants de la pand\u00e9mie. Son offre de pr\u00eats sans int\u00e9r\u00eat a permis \u00e0 ces entreprises d\u2019absorber les co\u00fbts d\u2019exploitation essentiels, de maintenir leur main-d\u2019\u0153uvre intacte et de faire face aux incertitudes \u00e9conomiques. Par cons\u00e9quent, un large \u00e9ventail d\u2019entreprises de Timmins ont pu perdurer et avancer sur la voie de la stabilit\u00e9 financi\u00e8re et de la croissance.<\/span><\/p>\n<p><span style=\"font-weight: 400;\">M\u00eame si la p\u00e9riode de d\u00e9p\u00f4t des demandes du CUEC est d\u00e9sormais ferm\u00e9e, les r\u00e9percussions de son impact continuent de se faire sentir sur le terrain commercial de la ville. Alors que Timminshuss&#039;efforce de se r\u00e9tablir et de se reconstruire, l&#039;endurance dont font preuve ses petites entreprises et ses organismes sans but lucratif constitue un puissant t\u00e9moignage du r\u00f4le crucial du programme CUEC dans le soutien de l&#039;\u00e9conomie et du soutien aux communaut\u00e9s en p\u00e9riode de crise.<\/span><\/p>\n<h2><span style=\"font-weight: 400;\">Conclusion<\/span><\/h2>\n<p><span style=\"font-weight: 400;\">En conclusion, le programme CUEC a \u00e9t\u00e9 une bou\u00e9e de sauvetage essentielle pour de nombreuses entreprises tout au long de la pand\u00e9mie, renfor\u00e7ant l\u2019\u00e9conomie et maintenant la r\u00e9silience des communaut\u00e9s. Il t\u00e9moigne de l\u2019intervention strat\u00e9gique du gouvernement, soulignant le pouvoir d\u2019un soutien financier global et \u00e9quitable. \u00c0 mesure que Timmins se reconstruit, l&#039;h\u00e9ritage du programme continue de fortifier son paysage \u00e9conomique.<\/span><\/p>","protected":false},"excerpt":{"rendered":"<p>The Canada Emergency Business Account (CEBA) has emerged as a beacon of hope amidst the storm of the COVID-19 pandemic for small-scale businesses and not-for-profit organizations across Vancouver. This program offers a staggering interest-free loan of up to $60,000, providing substantial financial relief during these challenging times. In the heart of Canada, Timmins stands tall, [&hellip;]<\/p>\n","protected":false},"author":2,"featured_media":5153,"parent":0,"menu_order":0,"comment_status":"closed","ping_status":"closed","template":"","meta":{"footnotes":""},"class_list":["post-3811","page","type-page","status-publish","has-post-thumbnail","hentry"],"_links":{"self":[{"href":"https:\/\/ceba.ca\/fr\/wp-json\/wp\/v2\/pages\/3811","targetHints":{"allow":["GET"]}}],"collection":[{"href":"https:\/\/ceba.ca\/fr\/wp-json\/wp\/v2\/pages"}],"about":[{"href":"https:\/\/ceba.ca\/fr\/wp-json\/wp\/v2\/types\/page"}],"author":[{"embeddable":true,"href":"https:\/\/ceba.ca\/fr\/wp-json\/wp\/v2\/users\/2"}],"replies":[{"embeddable":true,"href":"https:\/\/ceba.ca\/fr\/wp-json\/wp\/v2\/comments?post=3811"}],"version-history":[{"count":3,"href":"https:\/\/ceba.ca\/fr\/wp-json\/wp\/v2\/pages\/3811\/revisions"}],"predecessor-version":[{"id":5154,"href":"https:\/\/ceba.ca\/fr\/wp-json\/wp\/v2\/pages\/3811\/revisions\/5154"}],"wp:featuredmedia":[{"embeddable":true,"href":"https:\/\/ceba.ca\/fr\/wp-json\/wp\/v2\/media\/5153"}],"wp:attachment":[{"href":"https:\/\/ceba.ca\/fr\/wp-json\/wp\/v2\/media?parent=3811"}],"curies":[{"name":"wp","href":"https:\/\/api.w.org\/{rel}","templated":true}]}}