{"id":3807,"date":"2023-09-06T06:46:24","date_gmt":"2023-09-06T10:46:24","guid":{"rendered":"http:\/\/ceba.ca\/?page_id=3807"},"modified":"2023-09-06T06:46:24","modified_gmt":"2023-09-06T10:46:24","slug":"ceba-loan-in-okotoks","status":"publish","type":"page","link":"https:\/\/ceba.ca\/fr\/ceba-loan-in-okotoks\/","title":{"rendered":"Pr\u00eat CUEC \u00e0 Okotoks"},"content":{"rendered":"<p><span style=\"font-weight: 400;\">En r\u00e9ponse \u00e0 la fermeture mondiale des entreprises d\u00e9clench\u00e9e par la pand\u00e9mie de COVID-19, le Compte d\u2019urgence pour les entreprises canadiennes (CUEC) est devenu une bou\u00e9e de sauvetage cruciale. Cette initiative accorde des pr\u00eats sans int\u00e9r\u00eat aux entreprises et aux organisations \u00e0 but non lucratif aux prises avec une baisse de leurs revenus et des fermetures obligatoires. Cet article donne un aper\u00e7u complet du pr\u00eat CUEC en <a href=\"https:\/\/en.wikipedia.org\/wiki\/Okotoks\" target=\"_blank\" rel=\"noopener\">Okotoks<\/a>, englobant les conditions d&#039;\u00e9ligibilit\u00e9, le <a href=\"http:\/\/ceba.ca\/fr\/tools\/navigating-the-ceba-loan-application-process\/\">proc\u00e9dure de candidature<\/a>, et son influence positive sur l\u2019\u00e9conomie locale.<\/span><\/p>\n<h2><span style=\"font-weight: 400;\">Revitaliser le paysage \u00e9conomique d&#039;Okotoks apr\u00e8s la COVID-19<\/span><\/h2>\n<p><span style=\"font-weight: 400;\">Les r\u00e9percussions \u00e9conomiques mondiales de la pand\u00e9mie de COVID-19 ont \u00e9t\u00e9 profondes et ont touch\u00e9 les entreprises du monde entier. Au lendemain de cette crise, Okotoks a lanc\u00e9 l&#039;initiative CUEC comme syst\u00e8me de soutien crucial pour les entreprises en difficult\u00e9. Adapt\u00e9 aux entreprises et aux entit\u00e9s \u00e0 but non lucratif r\u00e9pondant \u00e0 des crit\u00e8res sp\u00e9cifiques, le CEBA offre la possibilit\u00e9 d&#039;obtenir un financement allant de $40 000 \u00e0 $60 000.<\/span><\/p>\n<p><span style=\"font-weight: 400;\">L\u2019attrait d\u2019un pr\u00eat sans int\u00e9r\u00eat renforce consid\u00e9rablement son attrait, offrant une solution simple aux entreprises qui en ont d\u00e9sesp\u00e9r\u00e9ment besoin. Il est notamment essentiel de souligner que, dans des cas pr\u00e9cis, le gouvernement s&#039;engage \u00e0 <a href=\"http:\/\/ceba.ca\/fr\/information\/ceba-forgiveness\/\">renoncer jusqu&#039;\u00e0 $20,000 du pr\u00eat<\/a>. Cette injection de fonds peut \u00eatre orient\u00e9e vers des fonctions critiques telles que le paiement des loyers, le maintien de la masse salariale et la couverture des op\u00e9rations. <a href=\"http:\/\/ceba.ca\/fr\/ceba-loan-repayment\/\">frais<\/a>. La flexibilit\u00e9 du CEBA le positionne comme un choix id\u00e9al, s&#039;adressant \u00e0 un large \u00e9ventail d&#039;entreprises et d&#039;organisations \u00e0 but non lucratif.<\/span><\/p>\n<p><span style=\"font-weight: 400;\">Ce soutien a servi de pierre angulaire, assurant la survie de nombreuses entreprises d\u2019Okotoks pendant les phases les plus difficiles de la pand\u00e9mie. En pr\u00e9servant les emplois et en instaurant la confiance tant chez les employeurs que chez les employ\u00e9s, le CUEC est devenu un v\u00e9ritable sauveur.<\/span><\/p>\n<p><span style=\"font-weight: 400;\">De plus, au-del\u00e0 de son impact imm\u00e9diat, le pr\u00eat CUEC a eu une influence plus large. Il a jou\u00e9 un r\u00f4le central dans l\u2019acc\u00e9l\u00e9ration de la reprise \u00e9conomique d\u2019Okotoks, facilitant la reprise progressive des activit\u00e9s commerciales \u00e0 mesure que les restrictions s\u2019assouplissaient. Essentiellement, les effets consid\u00e9rables du pr\u00eat du CUEC sont all\u00e9s au-del\u00e0 de son objectif initial, agissant comme catalyseur de la revitalisation du paysage \u00e9conomique d&#039;Okotoks. Gr\u00e2ce \u00e0 la pr\u00e9servation des emplois locaux et \u00e0 la continuit\u00e9 des d\u00e9penses de consommation, le CEBA a renforc\u00e9 les assises financi\u00e8res de la ville.<\/span><\/p>\n<h2><span style=\"font-weight: 400;\">Pr\u00eat CUEC \u00e0 Okotoks\u00a0: processus de demande<\/span><\/h2>\n<h3><span style=\"font-weight: 400;\">Assurer l\u2019\u00e9ligibilit\u00e9 et compl\u00e9ter les \u00e9tapes de candidature<\/span><\/h3>\n<p><span style=\"font-weight: 400;\">Le processus de demande de pr\u00eat CUEC \u00e0 Okotoks a \u00e9t\u00e9 intentionnellement con\u00e7u pour \u00eatre accessible et simple, afin de garantir que les entreprises ayant besoin d&#039;une aide financi\u00e8re puissent facilement acc\u00e9der au soutien dont elles ont besoin. Pour lancer la demande de pr\u00eat CUEC \u00e0 Okotoks, les entreprises devaient collaborer avec leur institution financi\u00e8re principale, satisfaire aux crit\u00e8res d&#039;\u00e9ligibilit\u00e9 du programme et fournir les pi\u00e8ces justificatives n\u00e9cessaires.<\/span><\/p>\n<p><span style=\"font-weight: 400;\">Cette approche simplifi\u00e9e, influenc\u00e9e par les m\u00e9thodes efficaces employ\u00e9es \u00e0 Okotoks, a jou\u00e9 un r\u00f4le central en permettant aux entreprises locales d&#039;acc\u00e9der \u00e0 l&#039;aide financi\u00e8re cruciale offerte par le CUEC.<\/span><\/p>\n<p><span style=\"font-weight: 400;\">La proc\u00e9dure de demande de pr\u00eat CUEC a \u00e9t\u00e9 soigneusement con\u00e7ue dans un souci de commodit\u00e9 pour les utilisateurs, dans le but de r\u00e9pondre aux besoins d&#039;un large \u00e9ventail d&#039;entreprises confront\u00e9es \u00e0 des difficult\u00e9s. \u00c0 Okotoks, les entreprises sollicitant le pr\u00eat CUEC n&#039;avaient qu&#039;\u00e0 communiquer avec leur institution financi\u00e8re principale, s&#039;assurant du respect des crit\u00e8res d&#039;admissibilit\u00e9 du programme et de la pr\u00e9sentation des documents requis.<\/span><\/p>\n<p><span style=\"font-weight: 400;\">Inspir\u00e9 par les r\u00e9alisations d&#039;Okotoks, ce processus simple et efficace a servi de base pour permettre aux entreprises locales d&#039;obtenir efficacement le soutien financier essentiel fourni dans le cadre de l&#039;initiative CUEC.<\/span><\/p>\n<h3><span style=\"font-weight: 400;\">R\u00e9pondre aux crit\u00e8res d\u2019\u00e9ligibilit\u00e9<\/span><\/h3>\n<p><span style=\"font-weight: 400;\">En termes d&#039;\u00e9ligibilit\u00e9, les entreprises devaient r\u00e9pondre \u00e0 des crit\u00e8res sp\u00e9cifiques fix\u00e9s par le gouvernement f\u00e9d\u00e9ral. Cela comprenait la n\u00e9cessit\u00e9 de maintenir un compte d&#039;entreprise actif aupr\u00e8s d&#039;une institution financi\u00e8re canadienne et de confirmer que les fonds du pr\u00eat seraient affect\u00e9s aux d\u00e9penses admissibles, telles que les co\u00fbts op\u00e9rationnels. En outre, les entreprises devaient fournir la preuve des difficult\u00e9s financi\u00e8res auxquelles elles \u00e9taient confront\u00e9es en raison de la crise du COVID-19. Ce cadre d\u2019\u00e9ligibilit\u00e9, \u00e0 l\u2019image de l\u2019approche adopt\u00e9e \u00e0 Okotoks, garantissait que l\u2019aide parvenait aux entreprises de la r\u00e9gion la plus gravement touch\u00e9e par les perturbations \u00e9conomiques provoqu\u00e9es par la pand\u00e9mie.<\/span><\/p>\n<h2><span style=\"font-weight: 400;\">Impact du CUEC sur l&#039;\u00e9conomie locale d&#039;Okotoks<\/span><\/h2>\n<p><span style=\"font-weight: 400;\">Au milieu d&#039;une crise sans pr\u00e9c\u00e9dent, le Compte d&#039;urgence pour les entreprises canadiennes (CUEC) est devenu une force stabilisatrice essentielle au sein de l&#039;\u00e9conomie locale d&#039;Okotoks. Alors que les entreprises \u00e9taient aux prises avec les r\u00e9percussions des restrictions li\u00e9es \u00e0 la pand\u00e9mie, l\u2019initiative du CUEC a occup\u00e9 le devant de la sc\u00e8ne en apportant une aide cruciale, all\u00e9geant le fardeau financier qui pesait sur de nombreux \u00e9tablissements.<\/span><\/p>\n<p><span style=\"font-weight: 400;\">Ce soutien vital a jou\u00e9 un r\u00f4le central en permettant \u00e0 de nombreuses entreprises de conserver leur main-d&#039;\u0153uvre, att\u00e9nuant ainsi le besoin de licenciements dans un souci de r\u00e9duction des co\u00fbts. En fournissant des fonds essentiels, ce soutien a agi comme une protection pour le paysage de l&#039;emploi d&#039;Okotoks, emp\u00eachant une hausse potentielle des taux de ch\u00f4mage qui aurait pu perturber davantage l&#039;\u00e9quilibre d\u00e9licat de l&#039;\u00e9conomie locale.<\/span><\/p>\n<p><span style=\"font-weight: 400;\">De plus, le CUEC a encourag\u00e9 l\u2019adaptation \u00e0 la \u00ab nouvelle normalit\u00e9 \u00bb, permettant aux entreprises de r\u00e9orienter leurs op\u00e9rations en r\u00e9ponse aux limites impos\u00e9es par la pand\u00e9mie. Notamment, les \u00e9tablissements de restauration ont migr\u00e9 en douceur vers des mod\u00e8les de livraison et de service en bordure de rue, d\u00e9montrant une r\u00e9silience renforc\u00e9e par l&#039;aide financi\u00e8re du CUEC et soulignant leur r\u00f4le indispensable dans le soutien de l&#039;\u00e9conomie d&#039;Okotoks pendant les p\u00e9riodes difficiles.<\/span><\/p>\n<h2><span style=\"font-weight: 400;\">Remboursement et perspectives d\u2019avenir dans le cadre de la relance \u00e9conomique d\u2019Okotoks<\/span><\/h2>\n<p><span style=\"font-weight: 400;\">Alors que l&#039;\u00e9conomie d&#039;Okotoks conna\u00eet une reprise et que les entreprises reprennent leurs activit\u00e9s, l&#039;attention se porte d\u00e9sormais sur le remboursement du pr\u00eat CUEC. Comprendre les subtilit\u00e9s de l\u2019annulation de pr\u00eat et des conditions de remboursement devient essentiel pour une planification financi\u00e8re prudente dans les ann\u00e9es \u00e0 venir.<\/span><\/p>\n<p><span style=\"font-weight: 400;\">Le CUEC offre aux entreprises une occasion unique de renforcer leur reprise. En respectant les crit\u00e8res d\u2019\u00e9ligibilit\u00e9 et en maintenant une situation financi\u00e8re favorable, les entreprises peuvent potentiellement b\u00e9n\u00e9ficier d\u2019une remise de pr\u00eat partielle ou totale. Cependant, il est crucial de noter qu&#039;une date limite critique se profile, fix\u00e9e au 31 d\u00e9cembre 2023. Le non-respect de cette date entra\u00eenera la perte des possibilit\u00e9s de pardon.<\/span><\/p>\n<p><span style=\"font-weight: 400;\">\u00c0 compter du 1 janvier 2024, tous les pr\u00eats du CUEC en cours commenceront \u00e0 produire des int\u00e9r\u00eats jusqu&#039;au 31 d\u00e9cembre 2025. Pendant cette p\u00e9riode, les emprunteurs sont responsables de payer les int\u00e9r\u00eats sur le solde restant. Pour d\u00e9terminer le taux d\u2019int\u00e9r\u00eat pr\u00e9cis, il est conseill\u00e9 de consulter votre institution financi\u00e8re principale. Comprendre ces dates et conditions importantes rev\u00eat une importance primordiale pour la planification commerciale et la pr\u00e9paration financi\u00e8re, offrant un soutien crucial aux entreprises d&#039;Okotoks dans leurs efforts pour la reprise \u00e9conomique.<\/span><\/p>\n<h2><span style=\"font-weight: 400;\">Les d\u00e9fis auxquels sont confront\u00e9es les entreprises de taille moyenne<\/span><\/h2>\n<p><span style=\"font-weight: 400;\">Les entreprises de taille moyenne, qui ont obtenu des pr\u00eats allant de $40 001 \u00e0 $60 000 gr\u00e2ce au programme CEBA, sont actuellement aux prises avec des d\u00e9fis complexes li\u00e9s au remboursement des pr\u00eats. Selon la FCEI, seulement 10% de ces entreprises ont r\u00e9ussi \u00e0 rembourser leurs pr\u00eats. Cela laisse un nombre important de personnes, en particulier celles travaillant dans des secteurs comme les arts, les loisirs et l&#039;h\u00f4tellerie, dans une position pr\u00e9caire, car elles risquent de ne pas respecter la date limite du 31 d\u00e9cembre. Ne pas respecter ce d\u00e9lai signifie perdre la partie remboursable du pr\u00eat et encourir des frais d\u2019int\u00e9r\u00eat 5% sur le solde impay\u00e9.<\/span><\/p>\n<p><span style=\"font-weight: 400;\">Cette situation jette une ombre sur la r\u00e9silience financi\u00e8re des entreprises dans le paysage post-pand\u00e9mique. Les propri\u00e9taires d\u2019entreprise sont d\u00e9sormais confront\u00e9s \u00e0 la lourde t\u00e2che de relever ces d\u00e9fis de front et d\u2019\u00e9laborer des strat\u00e9gies leur permettant de g\u00e9rer habilement les conditions exigeantes associ\u00e9es au remboursement des pr\u00eats.<\/span><\/p>\n<h2><span style=\"font-weight: 400;\">Conclusion<\/span><\/h2>\n<p><span style=\"font-weight: 400;\">Les pr\u00eats du CUEC ont ind\u00e9niablement constitu\u00e9 une bou\u00e9e de sauvetage cruciale pour les entreprises d\u2019Okotoks, r\u00e9pondant aux d\u00e9fis sans pr\u00e9c\u00e9dent pos\u00e9s par la pand\u00e9mie de COVID-19. N\u00e9anmoins, il reste imp\u00e9ratif d\u2019acqu\u00e9rir une compr\u00e9hension globale des subtilit\u00e9s des conditions de remboursement des pr\u00eats et des obstacles potentiels qui pourraient surgir \u00e0 mesure que les efforts de redressement se poursuivent. Gr\u00e2ce \u00e0 une planification m\u00e9ticuleuse et \u00e0 un examen attentif, ces pr\u00eats peuvent jouer un r\u00f4le central dans le soutien d\u2019une reprise durable, jetant ainsi les bases d\u2019une croissance et d\u2019une croissance futures. <a href=\"http:\/\/ceba.ca\/fr\/information\/is-ceba-extended\/\">expansion<\/a>.<\/span><\/p>","protected":false},"excerpt":{"rendered":"<p>In response to the worldwide shutdown of businesses triggered by the COVID-19 pandemic, the Canada Emergency Business Account (CEBA) has emerged as a crucial lifeline. This initiative extends interest-free loans to businesses and nonprofit organizations grappling with reduced revenue and compulsory closures. This article delivers a comprehensive overview of the CEBA loan in Okotoks, encompassing [&hellip;]<\/p>\n","protected":false},"author":2,"featured_media":5149,"parent":0,"menu_order":0,"comment_status":"closed","ping_status":"closed","template":"","meta":{"footnotes":""},"class_list":["post-3807","page","type-page","status-publish","has-post-thumbnail","hentry"],"_links":{"self":[{"href":"https:\/\/ceba.ca\/fr\/wp-json\/wp\/v2\/pages\/3807","targetHints":{"allow":["GET"]}}],"collection":[{"href":"https:\/\/ceba.ca\/fr\/wp-json\/wp\/v2\/pages"}],"about":[{"href":"https:\/\/ceba.ca\/fr\/wp-json\/wp\/v2\/types\/page"}],"author":[{"embeddable":true,"href":"https:\/\/ceba.ca\/fr\/wp-json\/wp\/v2\/users\/2"}],"replies":[{"embeddable":true,"href":"https:\/\/ceba.ca\/fr\/wp-json\/wp\/v2\/comments?post=3807"}],"version-history":[{"count":4,"href":"https:\/\/ceba.ca\/fr\/wp-json\/wp\/v2\/pages\/3807\/revisions"}],"predecessor-version":[{"id":5100,"href":"https:\/\/ceba.ca\/fr\/wp-json\/wp\/v2\/pages\/3807\/revisions\/5100"}],"wp:featuredmedia":[{"embeddable":true,"href":"https:\/\/ceba.ca\/fr\/wp-json\/wp\/v2\/media\/5149"}],"wp:attachment":[{"href":"https:\/\/ceba.ca\/fr\/wp-json\/wp\/v2\/media?parent=3807"}],"curies":[{"name":"wp","href":"https:\/\/api.w.org\/{rel}","templated":true}]}}