{"id":3793,"date":"2023-09-06T06:08:01","date_gmt":"2023-09-06T10:08:01","guid":{"rendered":"http:\/\/ceba.ca\/?page_id=3793"},"modified":"2023-09-06T06:08:01","modified_gmt":"2023-09-06T10:08:01","slug":"ceba-loan-in-leduc","status":"publish","type":"page","link":"https:\/\/ceba.ca\/fr\/ceba-loan-in-leduc\/","title":{"rendered":"Pr\u00eat CUEC \u00e0 Leduc"},"content":{"rendered":"<p><span style=\"font-weight: 400;\">Le Compte d\u2019urgence pour les entreprises canadiennes (CUEC) en <a href=\"https:\/\/en.wikipedia.org\/wiki\/Leduc,_Alberta\" target=\"_blank\" rel=\"noopener\">L\u00e9duc<\/a> est apparue comme une solution vitale \u00e0 la lumi\u00e8re de l\u2019impact \u00e9conomique provoqu\u00e9 par la pand\u00e9mie de COVID-19, qui a conduit \u00e0 la fermeture de nombreuses entreprises dans le monde. Ce programme offre des pr\u00eats sans int\u00e9r\u00eat aux entreprises et aux organisations \u00e0 but non lucratif confront\u00e9es \u00e0 des pertes de revenus et \u00e0 des fermetures obligatoires. Cet article vise \u00e0 offrir un aper\u00e7u complet du pr\u00eat CUEC \u00e0 Leduc, y compris ses <a href=\"http:\/\/ceba.ca\/fr\/information\/who-is-eligible-for-a-ceba-loan\/\">crit\u00e8res d&#039;admissibilit\u00e9<\/a>, <a href=\"http:\/\/ceba.ca\/fr\/tools\/navigating-the-ceba-loan-application-process\/\">processus de candidature<\/a>, et les avantages qu&#039;il apporte. Chaque aspect est discut\u00e9 en profondeur pour mettre en lumi\u00e8re la fa\u00e7on dont cette initiative aide les entreprises et contribue au paysage \u00e9conomique de Leduc.<\/span><\/p>\n<h2><span style=\"font-weight: 400;\">Soutenir les entreprises de Leduc apr\u00e8s la COVID-19<\/span><\/h2>\n<p><span style=\"font-weight: 400;\">Au lendemain de l\u2019\u00e9pid\u00e9mie mondiale de COVID-19, l\u2019impact \u00e9conomique s\u2019est propag\u00e9 \u00e0 tous les pays, n\u2019\u00e9pargnant aucun de ses effets. Parmi les plus durement touch\u00e9es figurent les entreprises, aux prises avec une crise sans pr\u00e9c\u00e9dent. Cependant, une lueur d&#039;espoir est apparue avec l&#039;arriv\u00e9e du CEBA \u00e0 Leduc.<\/span><\/p>\n<p><span style=\"font-weight: 400;\">Conscient du besoin urgent de soutien aux entreprises, le gouvernement a introduit le CUEC comme une bou\u00e9e de sauvetage. Avec le potentiel d&#039;offrir des fonds allant de <a href=\"http:\/\/ceba.ca\/fr\/ceba-loan\/\">$40 000 \u00e0 $60 000<\/a>, le CEBA s&#039;adresse aux entreprises et aux organismes \u00e0 but non lucratif qui r\u00e9pondent \u00e0 des crit\u00e8res d&#039;\u00e9ligibilit\u00e9 sp\u00e9cifiques.<\/span><\/p>\n<p><span style=\"font-weight: 400;\">L\u2019attrait d\u2019un pr\u00eat sans int\u00e9r\u00eat ajoute \u00e0 son attrait, offrant une solution rationalis\u00e9e aux entreprises dans le besoin. Le gouvernement s&#039;engage notamment \u00e0 <a href=\"http:\/\/ceba.ca\/fr\/information\/ceba-forgiveness\/\">annuler $20 000 du pr\u00eat<\/a> dans certains cas. Cette injection de fonds peut \u00eatre canalis\u00e9e vers des fonctions critiques telles que le loyer, le maintien de la paie et la couverture des d\u00e9penses op\u00e9rationnelles. La flexibilit\u00e9 du CEBA en fait un choix optimal pour un large \u00e9ventail d\u2019entreprises et d\u2019ONG.<\/span><\/p>\n<p><span style=\"font-weight: 400;\">L\u2019importance du pr\u00eat CUEC ne peut \u00eatre surestim\u00e9e. Son aide a \u00e9t\u00e9 une pierre angulaire assurant la survie de nombreuses entreprises de Leduc durant les phases les plus difficiles de la pand\u00e9mie. En sauvegardant les emplois et en rassurant les employeurs et les employ\u00e9s, le CUEC s\u2019est impos\u00e9 comme un v\u00e9ritable sauveur.<\/span><\/p>\n<p><span style=\"font-weight: 400;\">Au-del\u00e0 de ses effets imm\u00e9diats, le pr\u00eat du CUEC a exerc\u00e9 une influence plus large. Il a jou\u00e9 un r\u00f4le central dans l&#039;acc\u00e9l\u00e9ration de la reprise \u00e9conomique de Leduc, facilitant la reprise graduelle des activit\u00e9s commerciales \u00e0 mesure que les restrictions s&#039;assouplissaient. Essentiellement, les effets d&#039;entra\u00eenement du pr\u00eat CUEC ont transcend\u00e9 son objectif initial, agissant comme catalyseur de la relance du paysage \u00e9conomique de Leduc. En pr\u00e9servant les emplois locaux et en maintenant les d\u00e9penses de consommation, le CEBA a renforc\u00e9 le socle financier de la ville.<\/span><\/p>\n<h2><span style=\"font-weight: 400;\">Demander le pr\u00eat CUEC \u00e0 Leduc<\/span><\/h2>\n<h3><span style=\"font-weight: 400;\">Exigences et processus de candidature<\/span><\/h3>\n<p><span style=\"font-weight: 400;\">Le processus de demande de pr\u00eat CUEC a \u00e9t\u00e9 d\u00e9lib\u00e9r\u00e9ment con\u00e7u pour \u00eatre simple et accessible, afin de garantir que les entreprises dans le besoin puissent facilement acc\u00e9der \u00e0 une aide financi\u00e8re. Pour d\u00e9buter la demande de pr\u00eat CUEC \u00e0 Leduc, les entreprises devaient collaborer avec leur institution financi\u00e8re principale, r\u00e9pondre aux crit\u00e8res d&#039;admissibilit\u00e9 du programme et fournir les pi\u00e8ces justificatives n\u00e9cessaires.<\/span><\/p>\n<p><span style=\"font-weight: 400;\">Cette approche efficace, inspir\u00e9e du processus r\u00e9ussi de Leduc, a jou\u00e9 un r\u00f4le crucial en permettant aux entreprises locales d&#039;acc\u00e9der au soutien financier crucial offert par le biais du CUEC.<\/span><\/p>\n<p><span style=\"font-weight: 400;\">Le processus de demande de pr\u00eat CUEC a \u00e9t\u00e9 intentionnellement con\u00e7u pour \u00eatre convivial, dans le but de r\u00e9pondre aux besoins d&#039;un large \u00e9ventail d&#039;entreprises confront\u00e9es \u00e0 des difficult\u00e9s. \u00c0 Leduc, les entreprises qui sollicitaient le pr\u00eat CUEC n&#039;avaient qu&#039;\u00e0 communiquer avec leur principale institution financi\u00e8re, \u00e0 s&#039;assurer qu&#039;elles r\u00e9pondaient aux crit\u00e8res d&#039;admissibilit\u00e9 au programme et \u00e0 soumettre les documents requis.<\/span><\/p>\n<p><span style=\"font-weight: 400;\">Cette m\u00e9thode simple et efficace, inspir\u00e9e du mod\u00e8le \u00e0 succ\u00e8s de Leduc, a servi de base pour permettre aux entreprises locales d&#039;obtenir efficacement l&#039;aide financi\u00e8re essentielle fournie par l&#039;initiative CUEC.<\/span><\/p>\n<h3><span style=\"font-weight: 400;\">Admissibilit\u00e9<\/span><\/h3>\n<p><span style=\"font-weight: 400;\">Concernant l&#039;\u00e9ligibilit\u00e9, les entreprises devaient r\u00e9pondre \u00e0 des crit\u00e8res \u00e9tablis par le gouvernement f\u00e9d\u00e9ral. Cela comprenait le maintien d&#039;un compte d&#039;entreprise actif aupr\u00e8s d&#039;une institution financi\u00e8re canadienne et la confirmation que les fonds du pr\u00eat seraient utilis\u00e9s pour des d\u00e9penses admissibles, telles que les co\u00fbts op\u00e9rationnels. De plus, les entreprises devaient d\u00e9montrer l\u2019impact financier r\u00e9sultant de la crise du COVID-19. Ce cadre d\u2019admissibilit\u00e9, \u00e0 l\u2019image de l\u2019approche de Leduc, a permis de garantir que l\u2019aide parvienne aux entreprises de Leduc les plus durement touch\u00e9es par les perturbations \u00e9conomiques caus\u00e9es par la pand\u00e9mie.<\/span><\/p>\n<h2><span style=\"font-weight: 400;\">L&#039;impact du CUEC sur l&#039;\u00e9conomie locale de Leduc<\/span><\/h2>\n<p><span style=\"font-weight: 400;\">Face \u00e0 une crise sans pr\u00e9c\u00e9dent, le Compte d&#039;urgence pour les entreprises canadiennes (CUEC) s&#039;est impos\u00e9 comme une bou\u00e9e de sauvetage cruciale pour l&#039;\u00e9conomie locale de Leduc. Alors que les entreprises sont aux prises avec le poids des restrictions induites par la pand\u00e9mie, le Fonds CUEC a jou\u00e9 un r\u00f4le central en apportant un soutien essentiel, all\u00e9geant ainsi la pression financi\u00e8re v\u00e9cue par de nombreux \u00e9tablissements.<\/span><\/p>\n<p><span style=\"font-weight: 400;\">Cette aide cruciale a contribu\u00e9 \u00e0 aider de nombreuses entreprises \u00e0 maintenir leurs effectifs, \u00e9vitant ainsi le besoin de licenciements pour r\u00e9duire les co\u00fbts. En fournissant des fonds essentiels, ce soutien a agi comme un garde-fou pour le paysage de l&#039;emploi de Leduc, emp\u00eachant une augmentation potentielle du taux de ch\u00f4mage qui aurait pu d\u00e9stabiliser davantage l&#039;\u00e9quilibre \u00e9conomique local.<\/span><\/p>\n<p><span style=\"font-weight: 400;\">De plus, le CUEC a favoris\u00e9 l\u2019adaptation \u00e0 la \u00ab nouvelle normalit\u00e9 \u00bb, permettant aux entreprises de r\u00e9orienter leurs op\u00e9rations en r\u00e9ponse aux limites de la pand\u00e9mie. Notamment, les \u00e9tablissements de restauration sont pass\u00e9s en douceur aux mod\u00e8les de livraison et de vente en ext\u00e9rieur, d\u00e9montrant ainsi leur r\u00e9silience renforc\u00e9e par l&#039;aide financi\u00e8re du CUEC et soulignant leur r\u00f4le essentiel dans le soutien de l&#039;\u00e9conomie de Leduc pendant les p\u00e9riodes difficiles.<\/span><\/p>\n<h2><span style=\"font-weight: 400;\">Remboursement du CUEC et perspectives d&#039;avenir<\/span><\/h2>\n<p><span style=\"font-weight: 400;\">Alors que l&#039;\u00e9conomie de Leduc fait son retour et que les entreprises reprennent leurs activit\u00e9s, l&#039;attention se porte d\u00e9sormais sur le remboursement du pr\u00eat CUEC. Comprendre les conditions de remise et de remboursement est essentiel pour une planification financi\u00e8re efficace dans les ann\u00e9es \u00e0 venir.<\/span><\/p>\n<p><span style=\"font-weight: 400;\">Le CUEC offre aux entreprises une occasion unique de soutenir leur reprise. Le respect des crit\u00e8res d\u2019\u00e9ligibilit\u00e9 et le maintien d\u2019une bonne r\u00e9putation pourraient entra\u00eener une annulation partielle ou totale du pr\u00eat. Cependant, une \u00e9ch\u00e9ance importante, le 31 d\u00e9cembre 2023, se profile. Le non-respect de ce d\u00e9lai entra\u00eenera la perte des privil\u00e8ges de pardon.<\/span><\/p>\n<p><span style=\"font-weight: 400;\">\u00c0 compter du 1er janvier 2024, les pr\u00eats CUEC en cours porteront int\u00e9r\u00eat jusqu\u2019au 31 d\u00e9cembre 2025. Pendant cette p\u00e9riode, les emprunteurs sont responsables du paiement des int\u00e9r\u00eats sur le solde. Pour conna\u00eetre le taux d\u2019int\u00e9r\u00eat exact, consultez votre institution financi\u00e8re principale. Comprendre ces dates et conditions est essentiel pour la planification commerciale et la pr\u00e9paration financi\u00e8re, fournissant ainsi un soutien aux entreprises de Leduc dans leurs efforts pour la reprise \u00e9conomique.<\/span><\/p>\n<h2><span style=\"font-weight: 400;\">D\u00e9fis rencontr\u00e9s par les entreprises de taille moyenne<\/span><\/h2>\n<p><span style=\"font-weight: 400;\">Les entreprises de taille moyenne, qui ont obtenu des pr\u00eats allant de $40 001 \u00e0 $60 000 via le CUEC, sont confront\u00e9es \u00e0 des probl\u00e8mes de remboursement complexes. Selon la FCEI, seules 10% ont r\u00e9ussi \u00e0 rembourser leurs emprunts. Un nombre important d&#039;entreprises des secteurs des arts, des loisirs et de l&#039;h\u00f4tellerie pourraient ne pas respecter la date limite du 31 d\u00e9cembre. Le non-respect de ce d\u00e9lai entra\u00eene la perte de la partie remboursable du pr\u00eat et le paiement d&#039;int\u00e9r\u00eats 5% sur le solde restant.<\/span><\/p>\n<p><span style=\"font-weight: 400;\">Cette situation constitue une menace pour la stabilit\u00e9 financi\u00e8re des entreprises dans l\u2019\u00e8re post-pand\u00e9mique. Les propri\u00e9taires d\u2019entreprise doivent faire face \u00e0 ces obstacles et \u00e9laborer des strat\u00e9gies pour g\u00e9rer efficacement les conditions strictes de remboursement.<\/span><\/p>\n<h2><span style=\"font-weight: 400;\">Conclusion<\/span><\/h2>\n<p><span style=\"font-weight: 400;\">En conclusion, les pr\u00eats du CUEC ont ind\u00e9niablement constitu\u00e9 une bou\u00e9e de sauvetage cruciale pour les entreprises de Leduc pendant les d\u00e9fis provoqu\u00e9s par la pand\u00e9mie de COVID-19. Cependant, il est imp\u00e9ratif de bien comprendre les conditions de remboursement et les \u00e9ventuels obstacles \u00e0 mesure que les efforts de redressement se poursuivent. Gr\u00e2ce \u00e0 une planification strat\u00e9gique et \u00e0 des d\u00e9lib\u00e9rations r\u00e9fl\u00e9chies, ces pr\u00eats peuvent jouer un r\u00f4le central en favorisant une reprise durable et en ouvrant la voie \u00e0 une croissance future.<\/span><\/p>","protected":false},"excerpt":{"rendered":"<p>The Canada Emergency Business Account (CEBA) in Leduc has emerged as a vital solution in light of the economic impact caused by the COVID-19 pandemic, which led to the closure of many businesses worldwide. This program provides interest-free loans to businesses and nonprofit organizations dealing with revenue losses and mandated shutdowns. This piece aims to [&hellip;]<\/p>\n","protected":false},"author":2,"featured_media":5139,"parent":0,"menu_order":0,"comment_status":"closed","ping_status":"closed","template":"","meta":{"footnotes":""},"class_list":["post-3793","page","type-page","status-publish","has-post-thumbnail","hentry"],"_links":{"self":[{"href":"https:\/\/ceba.ca\/fr\/wp-json\/wp\/v2\/pages\/3793","targetHints":{"allow":["GET"]}}],"collection":[{"href":"https:\/\/ceba.ca\/fr\/wp-json\/wp\/v2\/pages"}],"about":[{"href":"https:\/\/ceba.ca\/fr\/wp-json\/wp\/v2\/types\/page"}],"author":[{"embeddable":true,"href":"https:\/\/ceba.ca\/fr\/wp-json\/wp\/v2\/users\/2"}],"replies":[{"embeddable":true,"href":"https:\/\/ceba.ca\/fr\/wp-json\/wp\/v2\/comments?post=3793"}],"version-history":[{"count":3,"href":"https:\/\/ceba.ca\/fr\/wp-json\/wp\/v2\/pages\/3793\/revisions"}],"predecessor-version":[{"id":5094,"href":"https:\/\/ceba.ca\/fr\/wp-json\/wp\/v2\/pages\/3793\/revisions\/5094"}],"wp:featuredmedia":[{"embeddable":true,"href":"https:\/\/ceba.ca\/fr\/wp-json\/wp\/v2\/media\/5139"}],"wp:attachment":[{"href":"https:\/\/ceba.ca\/fr\/wp-json\/wp\/v2\/media?parent=3793"}],"curies":[{"name":"wp","href":"https:\/\/api.w.org\/{rel}","templated":true}]}}