{"id":3779,"date":"2023-09-06T05:51:51","date_gmt":"2023-09-06T09:51:51","guid":{"rendered":"http:\/\/ceba.ca\/?page_id=3779"},"modified":"2023-09-06T05:51:51","modified_gmt":"2023-09-06T09:51:51","slug":"ceba-loan-in-penticton","status":"publish","type":"page","link":"https:\/\/ceba.ca\/fr\/ceba-loan-in-penticton\/","title":{"rendered":"Pr\u00eat CUEC \u00e0 Penticton"},"content":{"rendered":"<p><span style=\"font-weight: 400;\">Nich\u00e9e dans les paysages sereins de l&#039;Ontario, la charmante ville de <a href=\"https:\/\/en.wikipedia.org\/wiki\/Penticton\" target=\"_blank\" rel=\"noopener\">Penticton<\/a> d\u00e9pend fortement de ses entreprises locales, qui constituent l\u2019\u00e9l\u00e9ment vital de la communaut\u00e9. Ces \u00e9tablissements ont rencontr\u00e9 toute une s\u00e9rie d&#039;obstacles, allant du ralentissement \u00e9conomique aux catastrophes naturelles, soulignant leur d\u00e9termination et leur engagement r\u00e9solus \u00e0 favoriser l&#039;innovation. Alors qu&#039;elles poursuivent leur chemin vers la croissance et la durabilit\u00e9, le pr\u00eat du Compte d&#039;urgence pour les entreprises canadiennes (CUEC) s&#039;est impos\u00e9 comme une source de soutien cruciale, fournissant une aide financi\u00e8re vitale aux entreprises de la ville en ces temps difficiles. Cet article explore les subtilit\u00e9s du pr\u00eat CUEC \u00e0 Penticton et son impact significatif sur le paysage commercial local.<\/span><\/p>\n<h2><span style=\"font-weight: 400;\">Pr\u00eat du CUEC \u00e0 Penticton\u00a0: autonomiser les entreprises locales<\/span><\/h2>\n<p><span style=\"font-weight: 400;\">En r\u00e9ponse \u00e0 la crise \u00e9conomique d\u00e9clench\u00e9e par la pand\u00e9mie de COVID-19, le gouvernement canadien a lanc\u00e9 le Compte d\u2019urgence pour les entreprises canadiennes (CUEC). Soigneusement con\u00e7u, ce pr\u00eat sans int\u00e9r\u00eat visait \u00e0 apporter une aide financi\u00e8re aux petites entreprises et aux organisations \u00e0 but non lucratif aux prises avec les cons\u00e9quences \u00e9conomiques de la pand\u00e9mie. \u00c0 Penticton, une ville o\u00f9 le dynamisme de la communaut\u00e9 repose sur les entreprises locales, le pr\u00eat du CUEC a rapidement \u00e9t\u00e9 reconnu comme une source de soutien vitale.<\/span><\/p>\n<h2><span style=\"font-weight: 400;\">Crit\u00e8res d&#039;\u00e9ligibilit\u00e9 et processus de candidature<\/span><\/h2>\n<p><span style=\"font-weight: 400;\">Les entreprises locales situ\u00e9es \u00e0 Penticton cherchent \u00e0 se qualifier pour le pr\u00eat CUEC en r\u00e9pondant \u00e0 des crit\u00e8res d&#039;\u00e9ligibilit\u00e9 sp\u00e9cifiques. Ces crit\u00e8res impliquent g\u00e9n\u00e9ralement le maintien d&#039;une fourchette de paie pr\u00e9d\u00e9termin\u00e9e, la d\u00e9monstration d&#039;une continuit\u00e9 op\u00e9rationnelle \u00e0 partir d&#039;une date sp\u00e9cifi\u00e9e et la d\u00e9tention d&#039;un compte professionnel valide. Le respect de ces exigences a rendu les entreprises \u00e9ligibles au pr\u00eat. Ensuite, ils pourraient lancer le processus de candidature via leurs institutions financi\u00e8res respectives, souvent en utilisant des portails de candidature en ligne conviviaux.<\/span><\/p>\n<p><span style=\"font-weight: 400;\"><a href=\"http:\/\/ceba.ca\/fr\/tools\/navigating-the-ceba-loan-application-process\/\">Le processus de candidature simple<\/a>, combin\u00e9 aux conditions d&#039;admissibilit\u00e9 relativement simples, a accru l&#039;accessibilit\u00e9 du pr\u00eat CUEC dans un large \u00e9ventail de secteurs commerciaux de Penticton. Cela englobait divers \u00e9tablissements tels que des boutiques locales, de charmants caf\u00e9s et des entreprises manufacturi\u00e8res familiales bien-aim\u00e9es.<\/span><\/p>\n<h2><span style=\"font-weight: 400;\">Soutien financier et son processus de demande<\/span><\/h2>\n<p><span style=\"font-weight: 400;\">Dans ses phases initiales, le pr\u00eat CUEC a fourni aux entreprises admissibles de Penticton <a href=\"http:\/\/ceba.ca\/fr\/ceba-loan\/\">jusqu&#039;\u00e0 $40 000<\/a> en aide financi\u00e8re. Cette aide mon\u00e9taire \u00e9tait destin\u00e9e \u00e0 couvrir les d\u00e9penses op\u00e9rationnelles vitales, notamment la masse salariale, le loyer, les services publics et d&#039;autres co\u00fbts essentiels non reportables. Pour de nombreuses entreprises de Penticton, cette aide \u00e9conomique a jou\u00e9 un r\u00f4le crucial pour pr\u00e9server leur continuit\u00e9 pendant la p\u00e9riode difficile provoqu\u00e9e par la pand\u00e9mie.<\/span><\/p>\n<p><span style=\"font-weight: 400;\">Les fonds obtenus gr\u00e2ce au pr\u00eat CUEC ont offert aux entreprises la flexibilit\u00e9 n\u00e9cessaire pour adapter leurs op\u00e9rations. \u00c0 Penticton, cela signifiait souvent adopter des plateformes de vente en ligne, mettre en \u0153uvre des mesures de s\u00e9curit\u00e9 rigoureuses et ajuster les niveaux de main-d&#039;\u0153uvre pour s&#039;aligner sur les pr\u00e9f\u00e9rences changeantes des consommateurs.<\/span><\/p>\n<p><span style=\"font-weight: 400;\">Le processus de demande simplifi\u00e9 et les crit\u00e8res d&#039;\u00e9ligibilit\u00e9 complets ont permis de garantir que le pr\u00eat CUEC \u00e9tait accessible \u00e0 un large \u00e9ventail d&#039;entreprises de Penticton, allant des boutiques et caf\u00e9s locaux aux entreprises manufacturi\u00e8res familiales appr\u00e9ci\u00e9es.<\/span><\/p>\n<h2><span style=\"font-weight: 400;\">Pr\u00eat du CUEC \u00e0 Penticton : une influence consid\u00e9rable<\/span><\/h2>\n<p><span style=\"font-weight: 400;\">L\u2019impact du pr\u00eat CUEC sur le paysage commercial de Penticton va bien au-del\u00e0 de son aide financi\u00e8re, cr\u00e9ant des effets transformateurs qui r\u00e9sonnent profond\u00e9ment dans l\u2019ensemble de la communaut\u00e9.<\/span><\/p>\n<ul>\n<li style=\"font-weight: 400;\" aria-level=\"1\"><span style=\"font-weight: 400;\">L&#039;injection du pr\u00eat CUEC a redonn\u00e9 espoir et d\u00e9termination aux propri\u00e9taires d&#039;entreprises de Penticton. Face \u00e0 des d\u00e9fis sans pr\u00e9c\u00e9dent, la disponibilit\u00e9 d\u2019une aide financi\u00e8re signifiait une reconnaissance officielle de leurs luttes et un engagement in\u00e9branlable en faveur de leur survie. Cet \u00e9lan \u00e9motionnel s&#039;est traduit par une volont\u00e9 de s&#039;adapter, d&#039;innover et de pers\u00e9v\u00e9rer face \u00e0 l&#039;adversit\u00e9.<\/span><\/li>\n<li style=\"font-weight: 400;\" aria-level=\"1\"><span style=\"font-weight: 400;\">L\u2019impact le plus important du pr\u00eat CUEC a sans doute \u00e9t\u00e9 son r\u00f4le dans la pr\u00e9vention des fermetures g\u00e9n\u00e9ralis\u00e9es et des pertes d\u2019emplois. Les perturbations soudaines caus\u00e9es par la pand\u00e9mie ont pouss\u00e9 de nombreuses entreprises de Penticton au bord de la fermeture. Le pr\u00eat a agi comme une bou\u00e9e de sauvetage, permettant \u00e0 ces \u00e9tablissements de payer leurs employ\u00e9s, de couvrir les d\u00e9penses essentielles et de maintenir leurs op\u00e9rations. Cela a non seulement pr\u00e9serv\u00e9 les moyens de subsistance, mais \u00e9galement maintenu la diversit\u00e9 des biens et services essentiels au bien-\u00eatre de la communaut\u00e9.<\/span><\/li>\n<li style=\"font-weight: 400;\" aria-level=\"1\"><span style=\"font-weight: 400;\">Le pr\u00eat du CUEC a servi de force stabilisatrice pour l&#039;\u00e9conomie locale de Penticton. En garantissant que les entreprises disposent des ressources n\u00e9cessaires pour poursuivre leurs activit\u00e9s, le pr\u00eat a \u00e9vit\u00e9 l\u2019effet domino potentiel des fermetures et des licenciements dans l\u2019ensemble du paysage \u00e9conomique. Il a mis fin \u00e0 une spirale descendante de r\u00e9duction des d\u00e9penses de consommation, de baisse de la demande de biens et de services et, en fin de compte, \u00e0 une \u00e9conomie locale affaiblie.<\/span><\/li>\n<li style=\"font-weight: 400;\" aria-level=\"1\"><span style=\"font-weight: 400;\">Le pr\u00eat a facilit\u00e9 un acc\u00e8s ininterrompu aux activit\u00e9s \u00e9conomiques essentielles au sein de la communaut\u00e9. Les entreprises de Penticton sont rest\u00e9es op\u00e9rationnelles, offrant aux r\u00e9sidents un acc\u00e8s continu aux biens et services essentiels. Cette coh\u00e9rence \u00e9tait cruciale pour maintenir un sentiment de normalit\u00e9 en p\u00e9riode d\u2019incertitude. Qu&#039;il s&#039;agisse de la boulangerie locale proposant du pain frais ou de la quincaillerie fournissant des outils pour am\u00e9liorer l&#039;habitat, le pr\u00eat CUEC a jou\u00e9 un r\u00f4le central dans le maintien des routines quotidiennes.<\/span><\/li>\n<li style=\"font-weight: 400;\" aria-level=\"1\"><span style=\"font-weight: 400;\">Au-del\u00e0 de leurs fonctions commerciales, les entreprises de Penticton servent de p\u00f4les d&#039;engagement communautaire. Du caf\u00e9 chaleureux o\u00f9 se r\u00e9unissent les locaux \u00e0 la librairie accueillant des \u00e9v\u00e9nements litt\u00e9raires, ces \u00e9tablissements favorisent les liens entre les r\u00e9sidents. Le soutien du pr\u00eat CUEC a permis \u00e0 ces entreprises de perdurer, garantissant que les espaces o\u00f9 les liens communautaires s&#039;\u00e9panouirent restent inchang\u00e9s.<\/span><\/li>\n<li style=\"font-weight: 400;\" aria-level=\"1\"><span style=\"font-weight: 400;\">Chaque ville poss\u00e8de une identit\u00e9 distincte souvent fa\u00e7onn\u00e9e par ses entreprises. Penticton n&#039;est pas diff\u00e9rent, avec un m\u00e9lange unique de boutiques, de restaurants et de services qui contribuent \u00e0 son caract\u00e8re. L&#039;impact du pr\u00eat CUEC sur ces entreprises a jou\u00e9 un r\u00f4le crucial dans la pr\u00e9servation de l&#039;identit\u00e9 locale de Penticton. Les signes reconnaissables, les visages amicaux et les traditions ch\u00e8res ont perdur\u00e9, assurant la stabilit\u00e9 au milieu du chaos.<\/span><\/li>\n<\/ul>\n<p><span style=\"font-weight: 400;\">Le programme de pr\u00eats du CUEC allait au-del\u00e0 de la fourniture d&#039;une aide financi\u00e8re ; il d\u00e9fendait l&#039;essence m\u00eame de Penticton. Il a renforc\u00e9 la r\u00e9silience des propri\u00e9taires d&#039;entreprises, sauvegard\u00e9 l&#039;emploi et assur\u00e9 la solidit\u00e9 du tissu \u00e9conomique et communautaire de la ville. Alors que Penticton envisage l\u2019avenir, l\u2019h\u00e9ritage du pr\u00eat CUEC t\u00e9moignera du pouvoir de l\u2019unit\u00e9, du soutien et de l\u2019esprit durable d\u2019une communaut\u00e9 d\u00e9termin\u00e9e \u00e0 prosp\u00e9rer contre toute attente.<\/span><\/p>\n<h2><span style=\"font-weight: 400;\">Relever les d\u00e9fis et obtenir des informations pr\u00e9cieuses<\/span><\/h2>\n<p><span style=\"font-weight: 400;\">Si le pr\u00eat CEBA a sans aucun doute apport\u00e9 une aide cruciale, il a rencontr\u00e9 des d\u00e9fis sp\u00e9cifiques lors de sa mise en \u0153uvre. Dans un premier temps, une forte augmentation de la demande et la complexit\u00e9 des proc\u00e9dures administratives ont entra\u00een\u00e9 des retards dans le d\u00e9caissement des fonds. Cela a laiss\u00e9 certaines entreprises dans une position financi\u00e8re vuln\u00e9rable. Cependant, les entit\u00e9s gouvernementales et les institutions financi\u00e8res sont rapidement intervenues pour rationaliser le processus, garantissant ainsi une exp\u00e9rience plus fluide aux candidats ult\u00e9rieurs.<\/span><\/p>\n<p><span style=\"font-weight: 400;\">L\u2019interaction entre Penticton et le pr\u00eat du CUEC a mis en lumi\u00e8re l\u2019importance de se pr\u00e9parer aux circonstances impr\u00e9vues. De nombreuses entreprises ont reconnu la n\u00e9cessit\u00e9 de diversifier leurs sources de revenus, d\u2019\u00e9tablir une forte pr\u00e9sence en ligne et d\u2019\u00e9laborer des plans d\u2019urgence. Ces mesures ont \u00e9t\u00e9 identifi\u00e9es comme essentielles pour faire face aux incertitudes futures potentielles avec une r\u00e9silience accrue.<\/span><\/p>\n<h2><span style=\"font-weight: 400;\">L&#039;influence du CEBA sur l&#039;avenir et les perspectives d&#039;avenir<\/span><\/h2>\n<p><span style=\"font-weight: 400;\">Alors que Penticton regarde au-del\u00e0 des cons\u00e9quences imm\u00e9diates de la pand\u00e9mie, l\u2019impact du programme de pr\u00eats du CUEC continue de se faire sentir. Les connaissances acquises et le soutien fourni ont \u00e9tabli une base solide pour l\u2019environnement commercial local. Dot\u00e9es de nouvelles connaissances qui soulignent l\u2019adaptabilit\u00e9 et la pr\u00e9paration financi\u00e8re, les entreprises de Penticton sont d\u00e9sormais mieux \u00e9quip\u00e9es pour relever les d\u00e9fis \u00e0 venir.<\/span><\/p>\n<p><span style=\"font-weight: 400;\">Le succ\u00e8s de l\u2019initiative de pr\u00eat du CUEC constitue \u00e9galement un rappel poignant du r\u00f4le vital que les efforts gouvernementaux peuvent jouer dans le renforcement des \u00e9conomies r\u00e9gionales. La collaboration entre les programmes f\u00e9d\u00e9raux et les initiatives locales \u00e0 Penticton a d\u00e9montr\u00e9 le pouvoir de l&#039;unit\u00e9 en temps de crise.<\/span><\/p>\n<h2><span style=\"font-weight: 400;\">Conclusion<\/span><\/h2>\n<p><span style=\"font-weight: 400;\">Dans le havre pittoresque de Penticton, o\u00f9 chaque rue raconte une histoire unique et o\u00f9 chaque entreprise locale est un atout pr\u00e9cieux, le pr\u00eat du CUEC constitue une lueur d&#039;espoir et d&#039;unit\u00e9. Au-del\u00e0 de son soutien financier essentiel, l\u2019h\u00e9ritage de ce pr\u00eat perdure, nourrissant les entreprises et le tissu m\u00eame de la communaut\u00e9. <\/span><\/p>\n<p><span style=\"font-weight: 400;\">Il a non seulement guid\u00e9 les \u00e9tablissements locaux \u00e0 travers des p\u00e9riodes difficiles, mais a \u00e9galement sem\u00e9 les graines de la r\u00e9silience et du progr\u00e8s pour les temps \u00e0 venir. <\/span><span style=\"font-weight: 400;\">\u00c0 mesure que les entreprises de Penticton continuent d&#039;\u00e9voluer et d&#039;innover, elles le font avec l&#039;assurance d&#039;\u00eatre entour\u00e9es d&#039;une communaut\u00e9 solidaire, d&#039;un gouvernement r\u00e9actif et d&#039;une croyance in\u00e9branlable en leur potentiel. Ensemble, ils incarnent l\u2019essence durable de Penticton, illustrant la force de l\u2019unit\u00e9 et de la d\u00e9termination collective.<\/span><\/p>","protected":false},"excerpt":{"rendered":"<p>Nestled within the serene landscapes of Ontario, the delightful town of Penticton relies heavily on its local businesses, which form the lifeblood of the community. These establishments have encountered a range of obstacles, from economic downturns to natural disasters, underscoring their resolute determination and commitment to fostering innovation. As they continue their journey towards growth [&hellip;]<\/p>\n","protected":false},"author":2,"featured_media":5130,"parent":0,"menu_order":0,"comment_status":"closed","ping_status":"closed","template":"","meta":{"footnotes":""},"class_list":["post-3779","page","type-page","status-publish","has-post-thumbnail","hentry"],"_links":{"self":[{"href":"https:\/\/ceba.ca\/fr\/wp-json\/wp\/v2\/pages\/3779","targetHints":{"allow":["GET"]}}],"collection":[{"href":"https:\/\/ceba.ca\/fr\/wp-json\/wp\/v2\/pages"}],"about":[{"href":"https:\/\/ceba.ca\/fr\/wp-json\/wp\/v2\/types\/page"}],"author":[{"embeddable":true,"href":"https:\/\/ceba.ca\/fr\/wp-json\/wp\/v2\/users\/2"}],"replies":[{"embeddable":true,"href":"https:\/\/ceba.ca\/fr\/wp-json\/wp\/v2\/comments?post=3779"}],"version-history":[{"count":4,"href":"https:\/\/ceba.ca\/fr\/wp-json\/wp\/v2\/pages\/3779\/revisions"}],"predecessor-version":[{"id":5071,"href":"https:\/\/ceba.ca\/fr\/wp-json\/wp\/v2\/pages\/3779\/revisions\/5071"}],"wp:featuredmedia":[{"embeddable":true,"href":"https:\/\/ceba.ca\/fr\/wp-json\/wp\/v2\/media\/5130"}],"wp:attachment":[{"href":"https:\/\/ceba.ca\/fr\/wp-json\/wp\/v2\/media?parent=3779"}],"curies":[{"name":"wp","href":"https:\/\/api.w.org\/{rel}","templated":true}]}}