{"id":3775,"date":"2023-09-06T05:47:54","date_gmt":"2023-09-06T09:47:54","guid":{"rendered":"http:\/\/ceba.ca\/?page_id=3775"},"modified":"2023-09-06T05:47:54","modified_gmt":"2023-09-06T09:47:54","slug":"ceba-loan-in-bradford","status":"publish","type":"page","link":"https:\/\/ceba.ca\/fr\/ceba-loan-in-bradford\/","title":{"rendered":"Pr\u00eat CUEC \u00e0 Bradford"},"content":{"rendered":"<p><span style=\"font-weight: 400;\"><a href=\"https:\/\/en.wikipedia.org\/wiki\/Bradford,_Ontario\" target=\"_blank\" rel=\"noopener\">Bradford<\/a>, une ville pittoresque nich\u00e9e dans les paysages sereins de l&#039;Ontario, d\u00e9pend fortement de ses entreprises locales qui constituent le c\u0153ur de sa communaut\u00e9. Ces entreprises ont \u00e9t\u00e9 confront\u00e9es \u00e0 divers d\u00e9fis, allant du ralentissement \u00e9conomique aux catastrophes naturelles, d\u00e9montrant leur r\u00e9silience durable et leur engagement en faveur de l&#039;innovation. Alors qu\u2019ils persistent dans leur qu\u00eate de croissance et de durabilit\u00e9, <a href=\"http:\/\/ceba.ca\/fr\/ceba-loan\/\">le programme de pr\u00eats CUEC<\/a> est devenu un syst\u00e8me de soutien vital, fournissant une aide financi\u00e8re cruciale aux entreprises de Bradford en ces temps difficiles. Cet article explore les subtilit\u00e9s du pr\u00eat CUEC \u00e0 Bradford et son profond impact sur le paysage commercial local.\u00a0<\/span><\/p>\n<h2><span style=\"font-weight: 400;\">Autonomiser les entreprises gr\u00e2ce au pr\u00eat CUEC<\/span><span style=\"font-weight: 400;\"> \u00e0 Bradford<\/span><\/h2>\n<p><span style=\"font-weight: 400;\">En r\u00e9ponse aux perturbations \u00e9conomiques d\u00e9clench\u00e9es par la pand\u00e9mie de COVID-19, le gouvernement canadien a lanc\u00e9 le Compte d\u2019urgence pour les entreprises canadiennes (CUEC). Ce <a href=\"http:\/\/ceba.ca\/fr\/news\/is-ceba-interest-free\/\">sans int\u00e9r\u00eat<\/a> Le pr\u00eat a \u00e9t\u00e9 m\u00e9ticuleusement \u00e9labor\u00e9 pour apporter une aide financi\u00e8re aux petites entreprises et aux organisations \u00e0 but non lucratif aux prises avec les r\u00e9percussions \u00e9conomiques de la pand\u00e9mie. \u00c0 Bradford, o\u00f9 les entreprises locales constituent l&#039;\u00e9l\u00e9ment vital de la communaut\u00e9, le pr\u00eat CUEC a rapidement \u00e9t\u00e9 reconnu comme une ressource indispensable.<\/span><\/p>\n<h2><span style=\"font-weight: 400;\">Conditions d&#039;\u00e9ligibilit\u00e9 et proc\u00e9dure de candidature<\/span><\/h2>\n<p><span style=\"font-weight: 400;\">Les entreprises bas\u00e9es \u00e0 Bradford souhaitant avoir acc\u00e8s au pr\u00eat CUEC devaient satisfaire \u00e0 des exigences sp\u00e9cifiques. <a href=\"http:\/\/ceba.ca\/fr\/information\/who-is-eligible-for-a-ceba-loan\/\">conditions d&#039;\u00e9ligibilit\u00e9<\/a>. Ces crit\u00e8res impliquaient g\u00e9n\u00e9ralement le maintien d&#039;une masse salariale dans une fourchette d\u00e9finie, le fait d&#039;\u00eatre en activit\u00e9 \u00e0 une date sp\u00e9cifi\u00e9e et la d\u00e9tention d&#039;un compte professionnel valide. Le respect de ces conditions pr\u00e9alables a permis aux entreprises de se qualifier pour le pr\u00eat et de lancer le processus de demande par l&#039;interm\u00e9diaire de leurs institutions financi\u00e8res respectives, souvent en utilisant des portails de demande en ligne conviviaux.<\/span><\/p>\n<p><span style=\"font-weight: 400;\">La simplicit\u00e9 du <a href=\"http:\/\/ceba.ca\/fr\/tools\/navigating-the-ceba-loan-application-process\/\">processus de demande<\/a> et les crit\u00e8res d&#039;\u00e9ligibilit\u00e9 relativement simples ont am\u00e9lior\u00e9 l&#039;accessibilit\u00e9 du pr\u00eat CUEC \u00e0 un large \u00e9ventail d&#039;entreprises de Bradford, englobant les boutiques locales, les caf\u00e9s et les entreprises manufacturi\u00e8res familiales.<\/span><\/p>\n<h2><span style=\"font-weight: 400;\">Le soutien financier et son utilisation<\/span><\/h2>\n<p><span style=\"font-weight: 400;\">Initialement, le pr\u00eat CEBA fournissait aux entreprises de Bradford \u00e9ligibles une aide financi\u00e8re pouvant atteindre 40 000 $. Cette aide visait \u00e0 couvrir les d\u00e9penses op\u00e9rationnelles essentielles, telles que la masse salariale, le loyer, les services publics et d&#039;autres d\u00e9penses vitales et non reportables. <a href=\"http:\/\/ceba.ca\/fr\/news\/when-does-the-ceba-loan-need-to-be-repaid\/\">frais<\/a>. Pour de nombreuses entreprises de Bradford, cette aide financi\u00e8re a jou\u00e9 un r\u00f4le central pour assurer leur survie pendant la p\u00e9riode de turbulences induite par la pand\u00e9mie.<\/span><\/p>\n<p><span style=\"font-weight: 400;\">Les fonds acquis gr\u00e2ce au pr\u00eat CUEC ont donn\u00e9 aux entreprises la flexibilit\u00e9 n\u00e9cessaire pour adapter leurs op\u00e9rations. \u00c0 Bradford, cela impliquait souvent une transition vers les ventes en ligne, la mise en \u0153uvre de protocoles de s\u00e9curit\u00e9 et l&#039;ajustement des niveaux de personnel pour s&#039;aligner sur l&#039;\u00e9volution des demandes des consommateurs.\u00a0<\/span><\/p>\n<p><span style=\"font-weight: 400;\">Le processus de demande simple et les crit\u00e8res d&#039;\u00e9ligibilit\u00e9 inclusifs ont permis de garantir que le pr\u00eat CUEC \u00e9tait accessible \u00e0 un large \u00e9ventail d&#039;entreprises de Bradford, notamment des boutiques locales, des caf\u00e9s et des entreprises manufacturi\u00e8res familiales.<\/span><\/p>\n<h2><span style=\"font-weight: 400;\"> Pr\u00eat CUEC \u00e0 Bradford\u00a0: impact sur le monde des affaires<\/span><\/h2>\n<p><span style=\"font-weight: 400;\">L&#039;influence du pr\u00eat CUEC sur l&#039;environnement commercial de Bradford est profonde et \u00e9tendue, allant bien au-del\u00e0 du simple soutien financier. Le programme a suscit\u00e9 des changements transformateurs qui ont profond\u00e9ment trouv\u00e9 un \u00e9cho au sein de la communaut\u00e9.<\/span><\/p>\n<h3><span style=\"font-weight: 400;\">1. Espoir et d\u00e9termination revitalis\u00e9s<\/span><\/h3>\n<p><span style=\"font-weight: 400;\">Le pr\u00eat du CUEC a insuffl\u00e9 un sentiment renouvel\u00e9 d&#039;espoir et de d\u00e9termination aux propri\u00e9taires d&#039;entreprise de Bradford. Face \u00e0 des d\u00e9fis sans pr\u00e9c\u00e9dent, la disponibilit\u00e9 d\u2019un soutien financier a montr\u00e9 que le gouvernement reconnaissait leurs luttes et s\u2019engageait pour leur survie. Cet \u00e9lan \u00e9motionnel s&#039;est traduit par une volont\u00e9 de s&#039;adapter, d&#039;innover et de pers\u00e9v\u00e9rer face \u00e0 l&#039;adversit\u00e9.<\/span><\/p>\n<h3><span style=\"font-weight: 400;\">2. Fermetures et pertes d\u2019emplois \u00e9vit\u00e9es<\/span><\/h3>\n<p><span style=\"font-weight: 400;\">L\u2019impact le plus crucial du pr\u00eat CUEC a sans doute \u00e9t\u00e9 son r\u00f4le dans la pr\u00e9vention des fermetures g\u00e9n\u00e9ralis\u00e9es et des pertes d\u2019emplois. De nombreuses entreprises de Bradford \u00e9taient au bord du gouffre en raison des perturbations soudaines caus\u00e9es par la pand\u00e9mie. Le pr\u00eat a constitu\u00e9 une bou\u00e9e de sauvetage qui a permis \u00e0 ces entreprises de payer leurs employ\u00e9s, de couvrir les d\u00e9penses essentielles et de garder leurs portes ouvertes. Cela a non seulement pr\u00e9serv\u00e9 les emplois, mais a \u00e9galement maintenu la diversit\u00e9 des biens et services dont d\u00e9pendait la communaut\u00e9.<\/span><\/p>\n<h3><span style=\"font-weight: 400;\">3. Stabilisation de l&#039;\u00e9conomie locale<\/span><\/h3>\n<p><span style=\"font-weight: 400;\">Le pr\u00eat du CUEC a agi comme une force stabilisatrice pour l&#039;\u00e9conomie locale de Bradford. En garantissant aux entreprises les moyens de poursuivre leurs activit\u00e9s, le pr\u00eat a att\u00e9nu\u00e9 l\u2019effet domino potentiel des fermetures et des licenciements sur le paysage \u00e9conomique plus large. Cela a permis d\u2019\u00e9viter une spirale descendante de r\u00e9duction des d\u00e9penses de consommation, de baisse de la demande de biens et de services et, en fin de compte, d\u2019un affaiblissement de l\u2019\u00e9conomie locale.<\/span><\/p>\n<h3><span style=\"font-weight: 400;\">4. Poursuite des activit\u00e9s \u00e9conomiques<\/span><\/h3>\n<p><span style=\"font-weight: 400;\">Le pr\u00eat a facilit\u00e9 le flux ininterrompu d\u2019activit\u00e9s \u00e9conomiques vitales au sein de la communaut\u00e9. Les entreprises de Bradford sont rest\u00e9es ouvertes et op\u00e9rationnelles, offrant aux r\u00e9sidents un acc\u00e8s aux produits et services essentiels. Cette continuit\u00e9 a contribu\u00e9 au maintien d\u2019un sentiment de normalit\u00e9 en p\u00e9riode d\u2019incertitude. Qu&#039;il s&#039;agisse de la boulangerie du coin offrant du pain frais ou de la quincaillerie locale fournissant des outils pour am\u00e9liorer la maison, le pr\u00eat CUEC a jou\u00e9 un r\u00f4le essentiel dans le maintien des routines quotidiennes.<\/span><\/p>\n<h3><span style=\"font-weight: 400;\">5. Engagement communautaire am\u00e9lior\u00e9<\/span><\/h3>\n<p><span style=\"font-weight: 400;\">Les entreprises de Bradford sont bien plus que de simples lieux de commerce\u00a0; ce sont des centres d\u2019engagement communautaire. Du caf\u00e9 de quartier o\u00f9 les habitants se rassemblent \u00e0 la librairie proposant des lectures, ces commerces favorisent les liens entre les r\u00e9sidents. Le soutien du pr\u00eat CUEC a aid\u00e9 ces \u00e9tablissements \u00e0 rester \u00e0 flot, garantissant que les espaces o\u00f9 les liens communautaires se sont tiss\u00e9s restent intacts.<\/span><\/p>\n<h3><span style=\"font-weight: 400;\">6. Identit\u00e9 locale pr\u00e9serv\u00e9e<\/span><\/h3>\n<p><span style=\"font-weight: 400;\">Chaque ville poss\u00e8de une identit\u00e9 unique, souvent fa\u00e7onn\u00e9e par ses entreprises. Bradford ne fait pas exception, avec son m\u00e9lange distinctif de magasins, de restaurants et de services contribuant au caract\u00e8re de la ville. L&#039;impact du pr\u00eat CUEC sur ces entreprises a contribu\u00e9 \u00e0 pr\u00e9server l&#039;identit\u00e9 locale de Bradford. Les signes familiers, les visages amicaux et les traditions ch\u00e8res sont rest\u00e9s intacts, assurant la stabilit\u00e9 au milieu du chaos.<\/span><\/p>\n<p><span style=\"font-weight: 400;\">En r\u00e9sum\u00e9, le programme de pr\u00eats du CUEC n&#039;a pas simplement apport\u00e9 une aide financi\u00e8re ; il a d\u00e9fendu l&#039;essence m\u00eame de Bradford. Il a permis aux propri\u00e9taires d&#039;entreprises de rester r\u00e9silients, de pr\u00e9server leurs emplois et de garantir la solidit\u00e9 du tissu \u00e9conomique et social de la ville. Alors que Bradford regarde vers l\u2019avenir, l\u2019h\u00e9ritage du pr\u00eat CUEC restera dans les m\u00e9moires comme un t\u00e9moignage du pouvoir de l\u2019unit\u00e9, du soutien et de l\u2019esprit durable d\u2019une communaut\u00e9 d\u00e9termin\u00e9e \u00e0 prosp\u00e9rer contre toute attente.<\/span><\/p>\n<h2><span style=\"font-weight: 400;\">D\u00e9fis rencontr\u00e9s et connaissances acquises<\/span><\/h2>\n<p><span style=\"font-weight: 400;\">M\u00eame si le pr\u00eat du CEBA a sans aucun doute apport\u00e9 une aide cruciale, il a rencontr\u00e9 des d\u00e9fis sp\u00e9cifiques lors de sa mise en \u0153uvre. Dans un premier temps, une forte hausse de la demande et des complexit\u00e9s administratives ont entra\u00een\u00e9 des retards dans le d\u00e9caissement des fonds, laissant certaines entreprises dans une situation financi\u00e8re pr\u00e9caire. Cependant, le gouvernement et les institutions financi\u00e8res ont rapidement pris des mesures pour rationaliser le processus, garantissant ainsi une exp\u00e9rience plus fluide aux candidats ult\u00e9rieurs.<\/span><\/p>\n<p><span style=\"font-weight: 400;\">L&#039;exp\u00e9rience de Bradford avec le pr\u00eat CUEC a soulign\u00e9 l&#039;importance de se pr\u00e9parer aux \u00e9v\u00e9nements impr\u00e9vus. De nombreuses entreprises ont reconnu la n\u00e9cessit\u00e9 de sources de revenus diversifi\u00e9es, d\u2019une solide pr\u00e9sence en ligne et de plans d\u2019urgence pour faire face aux incertitudes futures avec une plus grande r\u00e9silience.<\/span><\/p>\n<h2><span style=\"font-weight: 400;\">Le CUEC et les perspectives d&#039;avenir<\/span><span style=\"font-weight: 400;\">\u00a0<\/span><\/h2>\n<p><span style=\"font-weight: 400;\">Alors que Bradford se remet des cons\u00e9quences imm\u00e9diates de la pand\u00e9mie, les effets du pr\u00eat du CUEC continuent de se faire sentir. Les enseignements tir\u00e9s et le soutien re\u00e7u ont jet\u00e9 les bases d\u2019une communaut\u00e9 d\u2019affaires plus r\u00e9siliente. Les entreprises de Bradford sont d\u00e9sormais mieux \u00e9quip\u00e9es pour faire face aux d\u00e9fis futurs, arm\u00e9es d&#039;exp\u00e9riences qui mettent l&#039;accent sur l&#039;adaptabilit\u00e9 et la planification financi\u00e8re.<\/span><\/p>\n<p><span style=\"font-weight: 400;\">Le succ\u00e8s du programme de pr\u00eat CUEC rappelle \u00e9galement le r\u00f4le central que les initiatives gouvernementales peuvent jouer dans le renforcement des \u00e9conomies locales. La collaboration entre les programmes f\u00e9d\u00e9raux et les efforts communautaires \u00e0 Bradford a d\u00e9montr\u00e9 le pouvoir de l&#039;unit\u00e9 en temps de crise.<\/span><\/p>\n<h2><span style=\"font-weight: 400;\">Conclusion<\/span><\/h2>\n<p><span style=\"font-weight: 400;\">Dans la ville idyllique de Bradford, o\u00f9 chaque coin de rue raconte une histoire unique et o\u00f9 chaque entreprise locale est un atout pr\u00e9cieux, le pr\u00eat CUEC constitue une lueur d&#039;espoir et de solidarit\u00e9. Au-del\u00e0 de son aide financi\u00e8re cruciale, ce pr\u00eat a eu un impact durable, nourrissant \u00e0 la fois les entreprises et la communaut\u00e9 elle-m\u00eame. <\/span><\/p>\n<p><span style=\"font-weight: 400;\">Il a non seulement guid\u00e9 les entreprises locales dans des moments difficiles, mais a \u00e9galement sem\u00e9 les graines de la r\u00e9silience et de la prosp\u00e9rit\u00e9 pour l\u2019avenir. Alors que les entreprises de Bradford continuent d&#039;\u00e9voluer et d&#039;innover, elles le font avec la certitude de pouvoir compter sur une communaut\u00e9 solidaire, un gouvernement r\u00e9actif et une croyance in\u00e9branlable en leur potentiel. Ensemble, ils incarnent l\u2019esprit durable de Bradford, t\u00e9moignage de la force de l\u2019unit\u00e9 et de la d\u00e9termination partag\u00e9e.<\/span><\/p>","protected":false},"excerpt":{"rendered":"<p>Bradford, a picturesque town nestled in the serene landscapes of Ontario, heavily relies on its local businesses as the heartbeat of its community. These businesses have encountered various challenges, ranging from economic downturns to natural disasters, showcasing their enduring resilience and commitment to innovation. As they persist in their pursuit of growth and sustainability, the [&hellip;]<\/p>\n","protected":false},"author":2,"featured_media":5128,"parent":0,"menu_order":0,"comment_status":"closed","ping_status":"closed","template":"","meta":{"footnotes":""},"class_list":["post-3775","page","type-page","status-publish","has-post-thumbnail","hentry"],"_links":{"self":[{"href":"https:\/\/ceba.ca\/fr\/wp-json\/wp\/v2\/pages\/3775","targetHints":{"allow":["GET"]}}],"collection":[{"href":"https:\/\/ceba.ca\/fr\/wp-json\/wp\/v2\/pages"}],"about":[{"href":"https:\/\/ceba.ca\/fr\/wp-json\/wp\/v2\/types\/page"}],"author":[{"embeddable":true,"href":"https:\/\/ceba.ca\/fr\/wp-json\/wp\/v2\/users\/2"}],"replies":[{"embeddable":true,"href":"https:\/\/ceba.ca\/fr\/wp-json\/wp\/v2\/comments?post=3775"}],"version-history":[{"count":4,"href":"https:\/\/ceba.ca\/fr\/wp-json\/wp\/v2\/pages\/3775\/revisions"}],"predecessor-version":[{"id":5069,"href":"https:\/\/ceba.ca\/fr\/wp-json\/wp\/v2\/pages\/3775\/revisions\/5069"}],"wp:featuredmedia":[{"embeddable":true,"href":"https:\/\/ceba.ca\/fr\/wp-json\/wp\/v2\/media\/5128"}],"wp:attachment":[{"href":"https:\/\/ceba.ca\/fr\/wp-json\/wp\/v2\/media?parent=3775"}],"curies":[{"name":"wp","href":"https:\/\/api.w.org\/{rel}","templated":true}]}}