{"id":3765,"date":"2023-09-06T05:36:52","date_gmt":"2023-09-06T09:36:52","guid":{"rendered":"http:\/\/ceba.ca\/?page_id=3765"},"modified":"2023-09-06T05:36:52","modified_gmt":"2023-09-06T09:36:52","slug":"ceba-loan-in-georgetown","status":"publish","type":"page","link":"https:\/\/ceba.ca\/fr\/ceba-loan-in-georgetown\/","title":{"rendered":"Pr\u00eat CUEC \u00e0 Georgetown"},"content":{"rendered":"<p><span style=\"font-weight: 400;\">Au milieu du style de vie dynamique de <a href=\"https:\/\/en.wikipedia.org\/wiki\/Georgetown,_Ontario\" target=\"_blank\" rel=\"noopener\">Georgetown<\/a>, une crise inattendue, la pand\u00e9mie de COVID-19, s\u2019est abattue sur la ville, laissant un impact durable sur tous les aspects de la vie urbaine. Les entreprises ont \u00e9t\u00e9 confront\u00e9es \u00e0 des d\u00e9fis sans pr\u00e9c\u00e9dent, mais une lueur d\u2019espoir a \u00e9merg\u00e9 sous la forme du <a href=\"https:\/\/ceba-cuec.ca\/\" target=\"_blank\" rel=\"noopener\">Compte d&#039;urgence pour les entreprises canadiennes<\/a> (CUEC). Le pr\u00eat du CUEC \u00e0 Georgetown a apport\u00e9 un soulagement indispensable, ouvrant la voie \u00e0 la stabilit\u00e9 au milieu du chaos.<\/span><\/p>\n<p><span style=\"font-weight: 400;\"> Le pr\u00eat du CUEC \u00e0 Georgetown est rapidement devenu une pierre angulaire pour les entreprises qui luttent pour survivre, retenir leurs employ\u00e9s et r\u00e9aliser leurs r\u00eaves entrepreneuriaux face aux incertitudes li\u00e9es \u00e0 la pand\u00e9mie. Cette ressource inestimable peut \u00eatre compar\u00e9e \u00e0 un phare au milieu de la temp\u00eate, ouvrant la voie vers des rivages plus s\u00fbrs.<\/span><\/p>\n<p><span style=\"font-weight: 400;\">Rejoignez-nous dans un voyage alors que nous explorons le r\u00f4le essentiel jou\u00e9 par le programme de pr\u00eat CUEC \u00e0 Georgetown. Nous examinerons comment il a agi comme une bou\u00e9e de sauvetage financi\u00e8re cruciale pour les entreprises et a suscit\u00e9 un sentiment d\u2019optimisme quant \u00e0 une reprise \u00e9conomique r\u00e9siliente.<\/span><\/p>\n<p><span style=\"font-weight: 400;\">Au milieu de la pand\u00e9mie mondiale en cours, la communaut\u00e9 d\u2019affaires florissante de Georgetown s\u2019est retrouv\u00e9e prise dans les turbulences \u00e9conomiques qu\u2019elle a provoqu\u00e9es. En r\u00e9ponse \u00e0 ces d\u00e9fis sans pr\u00e9c\u00e9dent, le Compte d\u2019urgence pour les entreprises canadiennes (CUEC) est apparu comme un outil puissant de relance \u00e9conomique. Ce programme a \u00e9tendu une bou\u00e9e de sauvetage aux entreprises \u00e9ligibles, en leur donnant acc\u00e8s \u00e0 des pr\u00eats garantis par le gouvernement pouvant atteindre $60 000.<\/span><\/p>\n<p><span style=\"font-weight: 400;\">Cette aide financi\u00e8re cruciale a servi de filet de s\u00e9curit\u00e9 solide, permettant aux entreprises de conserver leur main-d\u2019\u0153uvre, de couvrir leurs d\u00e9penses fixes et de s\u2019adapter \u00e0 la dynamique du march\u00e9 en constante \u00e9volution provoqu\u00e9e par la pand\u00e9mie. Essentiellement, <a href=\"http:\/\/ceba.ca\/fr\/ceba-loan\/\">le programme de pr\u00eats CUEC<\/a> est apparu comme le c\u00f4t\u00e9 positif qui a insuffl\u00e9 l&#039;espoir dans le paysage commercial de Georgetown, renfor\u00e7ant leur r\u00e9silience en ces temps difficiles.<\/span><\/p>\n<h2><span style=\"font-weight: 400;\">L&#039;impact des pr\u00eats du CUEC sur l&#039;\u00e9conomie de Georgetown<\/span><\/h2>\n<p><span style=\"font-weight: 400;\">Le tissu \u00e9conomique de Georgetown est dynamique, entrela\u00e7ant un large \u00e9ventail de secteurs, notamment l&#039;industrie manufacturi\u00e8re, la sant\u00e9, l&#039;\u00e9ducation et la vente au d\u00e9tail. Lorsque la pand\u00e9mie a frapp\u00e9, cet \u00e9cosyst\u00e8me aux multiples facettes a \u00e9t\u00e9 confront\u00e9 \u00e0 un formidable d\u00e9fi. Toutefois, les pr\u00eats du CUEC ont jou\u00e9 un r\u00f4le central, fournissant un soutien constant qui a aid\u00e9 ces entreprises \u00e0 traverser la temp\u00eate.<\/span><\/p>\n<p><span style=\"font-weight: 400;\">L&#039;influence du programme de pr\u00eats CUEC a \u00e9t\u00e9 particuli\u00e8rement prononc\u00e9e aupr\u00e8s des petites entreprises. Ces \u00e9l\u00e9ments essentiels du moteur \u00e9conomique de Georgetown se sont fortement appuy\u00e9s sur les pr\u00eats du CUEC pour att\u00e9nuer les cons\u00e9quences financi\u00e8res de la pand\u00e9mie. Ces pr\u00eats ont servi de bou\u00e9e de sauvetage financi\u00e8re, leur permettant de maintenir leurs op\u00e9rations et de continuer \u00e0 fournir des services essentiels \u00e0 la communaut\u00e9.<\/span><\/p>\n<p><span style=\"font-weight: 400;\"> Dans une p\u00e9riode d&#039;incertitude g\u00e9n\u00e9ralis\u00e9e, le soutien du CUEC a favoris\u00e9 un semblant de normalit\u00e9, d\u00e9clenchant une lueur d&#039;espoir pour une solide reprise \u00e9conomique \u00e0 Georgetown. Un aspect remarquable des pr\u00eats du CUEC qui a retenu l&#039;attention du milieu des affaires de Georgetown \u00e9tait leurs conditions favorables, notamment l&#039;absence de <a href=\"http:\/\/ceba.ca\/fr\/news\/is-ceba-loan-forgiveness-taxable-in-2023\/\">frais d&#039;int\u00e9r\u00eats jusqu&#039;au 31 d\u00e9cembre 2023<\/a>. Cette structure d\u00e9lib\u00e9r\u00e9e n\u2019\u00e9tait pas une co\u00efncidence ; il s\u2019agissait d\u2019une strat\u00e9gie m\u00e9ticuleusement con\u00e7ue visant \u00e0 all\u00e9ger le fardeau financier des entreprises pendant les premi\u00e8res phases cruciales de la reprise \u00e9conomique.<\/span><\/p>\n<p><span style=\"font-weight: 400;\">Le d\u00e9lai de gr\u00e2ce sans int\u00e9r\u00eat a agi comme un refuge financier, apportant un soulagement indispensable \u00e0 la pression de l\u2019accumulation des d\u00e9penses d\u2019int\u00e9r\u00eats. Ce r\u00e9pit opportun a permis aux entreprises d\u2019affecter leurs ressources \u00e0 la revitalisation de leurs op\u00e9rations, au renforcement de leur position sur le march\u00e9 et au rajeunissement de leurs sources de revenus.<\/span><\/p>\n<p><span style=\"font-weight: 400;\">Cependant, il est essentiel de reconna\u00eetre qu&#039;\u00e0 partir du 1er janvier 2024, les entreprises doivent se pr\u00e9parer \u00e0 un changement dans les conditions de pr\u00eat. Un taux d&#039;int\u00e9r\u00eat nominal de 5% par an sera appliqu\u00e9 au solde impay\u00e9. M\u00eame si cela marque la fin de la p\u00e9riode sans int\u00e9r\u00eat, le taux choisi reste relativement bas par rapport aux pr\u00eats classiques. Ce taux modeste continue de donner aux entreprises la flexibilit\u00e9 n\u00e9cessaire pour g\u00e9rer efficacement leurs finances, d\u00e9montrant les avantages durables et l\u2019adaptabilit\u00e9 offerts par les pr\u00eats du CUEC, m\u00eame au-del\u00e0 des premi\u00e8res ann\u00e9es de reprise.<\/span><\/p>\n<p><span style=\"font-weight: 400;\">Comprendre quelles d\u00e9penses non reportables sont admissibles au financement du CUEC est essentiel pour acc\u00e9der \u00e0 cette ressource financi\u00e8re vitale. Voici une r\u00e9partition des cat\u00e9gories principales\u00a0:<\/span><\/p>\n<ul>\n<li style=\"font-weight: 400;\" aria-level=\"1\"><span style=\"font-weight: 400;\">La cat\u00e9gorie Salaires et d\u00e9penses d&#039;emploi comprend les paiements \u00e0 des tiers \u00e0 des fins li\u00e9es \u00e0 l&#039;emploi, y compris les salaires, traitements et avantages sociaux qui sont essentiels au fonctionnement d&#039;une entreprise.<\/span><\/li>\n<li style=\"font-weight: 400;\" aria-level=\"1\"><span style=\"font-weight: 400;\">Les d\u00e9penses de loyer et de paiement de location couvrent les co\u00fbts associ\u00e9s \u00e0 la location ou \u00e0 la location de biens immobiliers et d&#039;\u00e9quipements op\u00e9rationnels critiques.<\/span><\/li>\n<li style=\"font-weight: 400;\" aria-level=\"1\"><span style=\"font-weight: 400;\">La cat\u00e9gorie des frais d&#039;assurance comprend divers types de d\u00e9penses d&#039;assurance li\u00e9es \u00e0 l&#039;entreprise, telles que l&#039;assurance responsabilit\u00e9 civile, les biens et l&#039;indemnisation des accidents du travail, entre autres.<\/span><\/li>\n<li style=\"font-weight: 400;\" aria-level=\"1\"><span style=\"font-weight: 400;\">Les paiements de taxes fonci\u00e8res effectu\u00e9s au titre des taxes fonci\u00e8res li\u00e9es aux locaux commerciaux entrent dans cette cat\u00e9gorie. Ces d\u00e9penses sont vitales pour le fonctionnement r\u00e9gulier de l\u2019entreprise.<\/span><\/li>\n<li style=\"font-weight: 400;\" aria-level=\"1\"><span style=\"font-weight: 400;\">Les d\u00e9penses de t\u00e9l\u00e9phone et de services publics englobent les co\u00fbts des services publics essentiels tels que les services de gaz, de p\u00e9trole, d\u2019\u00e9lectricit\u00e9, d\u2019eau, de t\u00e9l\u00e9phone et d\u2019Internet.<\/span><\/li>\n<li style=\"font-weight: 400;\" aria-level=\"1\"><span style=\"font-weight: 400;\"><a href=\"https:\/\/www.investopedia.com\/terms\/d\/debtservice.asp\" target=\"_blank\" rel=\"noopener\">Service de la dette<\/a> fait r\u00e9f\u00e9rence aux paiements r\u00e9guliers effectu\u00e9s pour rembourser les dettes. Les entreprises comptent souvent sur des emprunts pour leurs op\u00e9rations, et ces derniers <a href=\"http:\/\/ceba.ca\/fr\/news\/when-does-the-ceba-loan-need-to-be-repaid\/\">remboursements<\/a> ne peut \u00eatre retard\u00e9.<\/span><\/li>\n<li style=\"font-weight: 400;\" aria-level=\"1\"><span style=\"font-weight: 400;\">La cat\u00e9gorie des accords et licences couvre les paiements aux entrepreneurs ind\u00e9pendants et les frais associ\u00e9s au maintien des licences d\u2019exploitation commerciales essentielles. Il comprend \u00e9galement les co\u00fbts li\u00e9s aux accords contractuels en cours essentiels aux op\u00e9rations commerciales.<\/span><\/li>\n<li style=\"font-weight: 400;\" aria-level=\"1\"><span style=\"font-weight: 400;\">Les mat\u00e9riaux pour les d\u00e9penses de production engag\u00e9es lors de l&#039;achat de mat\u00e9riaux utilis\u00e9s dans la production de biens ou de services entrent dans cette cat\u00e9gorie. Les entreprises doivent investir dans ces mat\u00e9riaux essentiels directement li\u00e9s \u00e0 leurs produits ou services.<\/span><\/li>\n<\/ul>\n<h2><span style=\"font-weight: 400;\">Pr\u00eat CUEC \u00e0 Georgetown\u00a0: remboursement, remise de pr\u00eat et expansion\u00a0<\/span><\/h2>\n<p><span style=\"font-weight: 400;\">En r\u00e9ponse aux d\u00e9fis particuliers pos\u00e9s par la pand\u00e9mie, les entreprises de Georgetown avaient besoin de plus qu&#039;une aide financi\u00e8re conventionnelle. Conscient de cela, le CEBA a \u00e9largi son programme de pr\u00eat, en augmentant le pr\u00eat initial de $40 000 de $20 000 suppl\u00e9mentaires. Ce coup de pouce important visait \u00e0 apporter un soutien suppl\u00e9mentaire aux entreprises \u00e9ligibles qui s\u2019efforcent de traverser ces temps tumultueux.<\/span><\/p>\n<p><span style=\"font-weight: 400;\">Il est crucial de souligner que cette expansion n\u2019\u00e9tait pas une simple subvention ; elle \u00e9tait assortie de crit\u00e8res et de d\u00e9lais pr\u00e9cis que les entreprises devaient respecter pour acc\u00e9der \u00e0 cette aide suppl\u00e9mentaire. Cette expansion bien pens\u00e9e, ainsi que les lignes directrices qui y sont associ\u00e9es, soulignent l&#039;engagement continu du CUEC \u00e0 aider les entreprises dans leur cheminement vers la reprise \u00e9conomique.\u00a0<\/span><\/p>\n<p><span style=\"font-weight: 400;\">Mais le soutien du CEBA va plus loin. Il y a un r\u00e9sultat positif pour ceux qui g\u00e8rent leurs pr\u00eats de mani\u00e8re responsable. Si les entreprises remboursent le montant du principal restant d\u00fb (\u00e0 l&#039;exclusion de la partie du pr\u00eat potentiellement \u00e9ligible au <a href=\"http:\/\/ceba.ca\/fr\/information\/how-much-of-the-ceba-loan-is-forgivable\/\">remise de dette<\/a>) d&#039;ici le 31 d\u00e9cembre 2023, ils b\u00e9n\u00e9ficieront d&#039;une prestation exceptionnelle.<\/span><\/p>\n<p><span style=\"font-weight: 400;\">Le principal restant<a href=\"http:\/\/ceba.ca\/fr\/information\/ceba-forgiveness\/\"> le montant sera pardonn\u00e9<\/a>! Cette disposition est plus qu\u2019un simple filet de s\u00e9curit\u00e9 financi\u00e8re ; c&#039;est un vote de confiance envers les entreprises qui respectent leurs engagements dans les d\u00e9lais impartis. Il souligne l\u2019importance des remboursements ponctuels et r\u00e9compense les entreprises pour leur r\u00e9silience et leur prudence financi\u00e8re face aux d\u00e9fis de la pand\u00e9mie.<\/span><\/p>\n<h2><span style=\"font-weight: 400;\">\u00a0<\/span><span style=\"font-weight: 400;\">Conclusion<\/span><\/h2>\n<p><span style=\"font-weight: 400;\">Le programme de pr\u00eat du CUEC constitue une lueur d&#039;espoir pour les petites entreprises de Georgetown pendant les temps difficiles provoqu\u00e9s par les difficult\u00e9s financi\u00e8res li\u00e9es \u00e0 la pand\u00e9mie. Au-del\u00e0 de son aide financi\u00e8re, il souligne la valeur de la r\u00e9silience et d\u2019un soutien opportun. Alors que les entreprises poursuivent leur chemin vers la reprise, le programme de pr\u00eats CUEC est pr\u00eat \u00e0 jouer un r\u00f4le central dans l&#039;\u00e9laboration de l&#039;avenir \u00e9conomique prometteur de Georgetown.<\/span><\/p>","protected":false},"excerpt":{"rendered":"<p>Amidst the vibrant lifestyle of Georgetown, an unexpected crisis, the COVID-19 pandemic, descended upon the city, leaving a lasting impact on every aspect of urban life. Businesses faced unprecedented challenges, but a ray of hope emerged in the form of the Canada Emergency Business Account (CEBA) loan program. CEBA loan in Georgetown provided much-needed relief, [&hellip;]<\/p>\n","protected":false},"author":2,"featured_media":5122,"parent":0,"menu_order":0,"comment_status":"closed","ping_status":"closed","template":"","meta":{"footnotes":""},"class_list":["post-3765","page","type-page","status-publish","has-post-thumbnail","hentry"],"_links":{"self":[{"href":"https:\/\/ceba.ca\/fr\/wp-json\/wp\/v2\/pages\/3765","targetHints":{"allow":["GET"]}}],"collection":[{"href":"https:\/\/ceba.ca\/fr\/wp-json\/wp\/v2\/pages"}],"about":[{"href":"https:\/\/ceba.ca\/fr\/wp-json\/wp\/v2\/types\/page"}],"author":[{"embeddable":true,"href":"https:\/\/ceba.ca\/fr\/wp-json\/wp\/v2\/users\/2"}],"replies":[{"embeddable":true,"href":"https:\/\/ceba.ca\/fr\/wp-json\/wp\/v2\/comments?post=3765"}],"version-history":[{"count":3,"href":"https:\/\/ceba.ca\/fr\/wp-json\/wp\/v2\/pages\/3765\/revisions"}],"predecessor-version":[{"id":5064,"href":"https:\/\/ceba.ca\/fr\/wp-json\/wp\/v2\/pages\/3765\/revisions\/5064"}],"wp:featuredmedia":[{"embeddable":true,"href":"https:\/\/ceba.ca\/fr\/wp-json\/wp\/v2\/media\/5122"}],"wp:attachment":[{"href":"https:\/\/ceba.ca\/fr\/wp-json\/wp\/v2\/media?parent=3765"}],"curies":[{"name":"wp","href":"https:\/\/api.w.org\/{rel}","templated":true}]}}