{"id":3763,"date":"2023-09-06T05:35:14","date_gmt":"2023-09-06T09:35:14","guid":{"rendered":"http:\/\/ceba.ca\/?page_id=3763"},"modified":"2023-09-06T05:35:14","modified_gmt":"2023-09-06T09:35:14","slug":"ceba-loan-in-chatham","status":"publish","type":"page","link":"https:\/\/ceba.ca\/fr\/ceba-loan-in-chatham\/","title":{"rendered":"Pr\u00eat CUEC \u00e0 Chatham"},"content":{"rendered":"<p><span style=\"font-weight: 400;\">Au milieu du mode de vie tr\u00e9pidant de Chatham, une crise inattendue, connue sous le nom de <a href=\"https:\/\/www.who.int\/health-topics\/coronavirus#tab=tab_1\" target=\"_blank\" rel=\"noopener\">COVID 19<\/a> La pand\u00e9mie s\u2019est abattue sur la ville, laissant un impact durable sur tous les recoins du paysage urbain. Alors que les entreprises \u00e9taient aux prises avec des d\u00e9fis sans pr\u00e9c\u00e9dent, une lueur d\u2019espoir a \u00e9merg\u00e9 sous la forme du programme de pr\u00eat du Compte d\u2019urgence pour les entreprises canadiennes (CUEC). Ce programme est devenu une source de soulagement, offrant une voie vers la stabilit\u00e9 au milieu du chaos.<\/span><\/p>\n<p><span style=\"font-weight: 400;\">\u00a0Le pr\u00eat CUEC en <a href=\"https:\/\/en.wikipedia.org\/wiki\/Chatham-Kent\" target=\"_blank\" rel=\"noopener\">Chatham<\/a> est rapidement devenue une pierre angulaire pour les entreprises qui s&#039;efforcent de rester \u00e0 flot, de retenir leur main-d&#039;\u0153uvre et de pr\u00e9server leurs aspirations entrepreneuriales dans le contexte d&#039;incertitude de la pand\u00e9mie. Cette ressource inestimable peut \u00eatre compar\u00e9e \u00e0 un phare au milieu de la temp\u00eate, pointant vers des rivages plus s\u00fbrs.<\/span><\/p>\n<p><span style=\"font-weight: 400;\">Rejoignez-nous dans un voyage alors que nous explorons le r\u00f4le central jou\u00e9 par le pr\u00eat CUEC \u00e0 Chatham. Nous explorerons comment cela a servi de bou\u00e9e de sauvetage financi\u00e8re essentielle pour les entreprises et a suscit\u00e9 un sentiment d\u2019espoir pour une reprise \u00e9conomique r\u00e9siliente.<\/span><\/p>\n<h2><span style=\"font-weight: 400;\">Soutien via le CUEC \u00e0 Chatham<\/span><\/h2>\n<p><span style=\"font-weight: 400;\">Alors que la pand\u00e9mie mondiale se d\u00e9veloppait, la communaut\u00e9 d\u2019affaires florissante de Chatham s\u2019est retrouv\u00e9e emp\u00eatr\u00e9e dans la tourmente \u00e9conomique qu\u2019elle a provoqu\u00e9e. En r\u00e9ponse \u00e0 ces d\u00e9fis sans pr\u00e9c\u00e9dent, le Compte d\u2019urgence pour les entreprises canadiennes (CUEC) est apparu comme un puissant instrument de relance \u00e9conomique. Ce programme a offert une bou\u00e9e de sauvetage aux entreprises \u00e9ligibles, en leur donnant acc\u00e8s \u00e0 des pr\u00eats garantis par le gouvernement pouvant atteindre $60 000.<\/span><\/p>\n<p><span style=\"font-weight: 400;\">Cette aide financi\u00e8re vitale a servi de filet de s\u00e9curit\u00e9 solide, permettant aux entreprises de maintenir leur main-d\u2019\u0153uvre, de couvrir leurs d\u00e9penses fixes et de s\u2019adapter \u00e0 la dynamique du march\u00e9 en constante \u00e9volution provoqu\u00e9e par la pand\u00e9mie. Essentiellement, le programme de pr\u00eat du CUEC est apparu comme le c\u00f4t\u00e9 positif qui a insuffl\u00e9 l&#039;espoir dans le paysage commercial de Chatham, renfor\u00e7ant sa r\u00e9silience en ces temps difficiles.<\/span><\/p>\n<h2><span style=\"font-weight: 400;\">L\u2019impact du pr\u00eat CUEC \u00e0 Chatham<\/span><\/h2>\n<p><span style=\"font-weight: 400;\">Le tissu \u00e9conomique de Chatham est une tapisserie dynamique, entrela\u00e7ant un large \u00e9ventail de secteurs, notamment la fabrication, la sant\u00e9, l&#039;\u00e9ducation et la vente au d\u00e9tail. Lorsque la pand\u00e9mie a frapp\u00e9, cet \u00e9cosyst\u00e8me aux multiples facettes a \u00e9t\u00e9 confront\u00e9 \u00e0 un formidable d\u00e9fi. Toutefois, les pr\u00eats du CUEC ont jou\u00e9 un r\u00f4le central, offrant un soutien constant qui a aid\u00e9 ces entreprises \u00e0 traverser la temp\u00eate.<\/span><\/p>\n<p><span style=\"font-weight: 400;\">L&#039;influence du programme de pr\u00eats CUEC a \u00e9t\u00e9 particuli\u00e8rement prononc\u00e9e aupr\u00e8s des petites entreprises. Ces \u00e9l\u00e9ments essentiels du moteur \u00e9conomique de Chatham se sont fortement appuy\u00e9s sur les pr\u00eats du CUEC pour att\u00e9nuer les cons\u00e9quences financi\u00e8res de la pand\u00e9mie. Ces pr\u00eats ont servi de bou\u00e9e de sauvetage financi\u00e8re, leur permettant de maintenir leurs op\u00e9rations et de continuer \u00e0 fournir des services essentiels \u00e0 la communaut\u00e9. Dans une p\u00e9riode d&#039;incertitude g\u00e9n\u00e9ralis\u00e9e, le soutien du CUEC a favoris\u00e9 un semblant de normalit\u00e9, d\u00e9clenchant une lueur d&#039;espoir pour une solide reprise \u00e9conomique \u00e0 Chatham.<\/span><\/p>\n<h2><span style=\"font-weight: 400;\">Avantage sans int\u00e9r\u00eat<\/span><\/h2>\n<p><span style=\"font-weight: 400;\">Une caract\u00e9ristique frappante des pr\u00eats du CUEC qui a retenu l&#039;attention du milieu des affaires de Chatham \u00e9tait leurs conditions favorables, notamment l&#039;absence de <a href=\"http:\/\/ceba.ca\/fr\/news\/is-ceba-loan-forgiveness-taxable-in-2023\/\">frais d&#039;int\u00e9r\u00eats jusqu&#039;au 31 d\u00e9cembre 2023<\/a>. Cette structure d\u00e9lib\u00e9r\u00e9e n\u2019\u00e9tait pas un hasard ; il s\u2019agissait d\u2019une strat\u00e9gie soigneusement \u00e9labor\u00e9e visant \u00e0 all\u00e9ger le fardeau financier des entreprises pendant les premi\u00e8res \u00e9tapes critiques de la reprise \u00e9conomique.<\/span><\/p>\n<p><span style=\"font-weight: 400;\">Ce d\u00e9lai de gr\u00e2ce sans int\u00e9r\u00eat a agi comme un sanctuaire financier, offrant un r\u00e9pit bien m\u00e9rit\u00e9 face \u00e0 la pression de l\u2019accumulation des frais d\u2019int\u00e9r\u00eat. Cet all\u00e8gement opportun a permis aux entreprises d&#039;allouer leurs ressources et de se concentrer sur la revitalisation de leurs op\u00e9rations, le renforcement de leur position sur le march\u00e9 et le rajeunissement de leurs sources de revenus.<\/span><\/p>\n<p><span style=\"font-weight: 400;\">Il est toutefois crucial de noter qu&#039;\u00e0 compter du 1er janvier 2024, les entreprises devront se pr\u00e9parer \u00e0 une modification des conditions de pr\u00eat. Un taux d&#039;int\u00e9r\u00eat nominal de 5% par an sera appliqu\u00e9 au solde impay\u00e9. M\u00eame si cela marque la fin de la p\u00e9riode sans int\u00e9r\u00eat, le taux choisi reste relativement bas par rapport aux pr\u00eats classiques. Ce taux modeste offre aux entreprises une flexibilit\u00e9 continue dans la gestion efficace de leurs finances, d\u00e9montrant les avantages durables et l\u2019adaptabilit\u00e9 offerts par les pr\u00eats du CUEC, m\u00eame au-del\u00e0 des premi\u00e8res ann\u00e9es de reprise.<\/span><\/p>\n<h2><span style=\"font-weight: 400;\">D\u00e9penses admissibles pour le CUEC \u00e0 Chatham<\/span><\/h2>\n<p><span style=\"font-weight: 400;\">Comprendre quelles d\u00e9penses non reportables sont admissibles au financement du CUEC est essentiel pour acc\u00e9der \u00e0 cette ressource financi\u00e8re vitale. Voici une r\u00e9partition des cat\u00e9gories principales\u00a0:<\/span><\/p>\n<ol>\n<li><b> Salaires et d\u00e9penses d\u2019emploi\u00a0:<\/b><span style=\"font-weight: 400;\"> Cette cat\u00e9gorie englobe les paiements \u00e0 des tiers \u00e0 des fins li\u00e9es \u00e0 l&#039;emploi, y compris les salaires, traitements et avantages sociaux qui sont essentiels au fonctionnement d&#039;une entreprise.<\/span><\/li>\n<li><b> Loyers et paiements de location\u00a0:<\/b><span style=\"font-weight: 400;\"> Ces d\u00e9penses couvrent les co\u00fbts associ\u00e9s \u00e0 la location ou au cr\u00e9dit-bail de biens immobiliers et d&#039;\u00e9quipements op\u00e9rationnels critiques.<\/span><\/li>\n<li><b> Frais d&#039;assurance\u00a0: <\/b><span style=\"font-weight: 400;\">Cette cat\u00e9gorie comprend divers types de d\u00e9penses d&#039;assurance li\u00e9es \u00e0 l&#039;entreprise, telles que l&#039;assurance responsabilit\u00e9 civile, les biens et l&#039;indemnisation des accidents du travail, entre autres.<\/span><\/li>\n<li><b> Imp\u00f4ts fonciers:<\/b><span style=\"font-weight: 400;\"> Les paiements effectu\u00e9s au titre des taxes fonci\u00e8res li\u00e9es aux locaux commerciaux entrent dans cette cat\u00e9gorie. Ces d\u00e9penses sont vitales pour le fonctionnement r\u00e9gulier de l\u2019entreprise.<\/span><\/li>\n<li><b> T\u00e9l\u00e9phone et services publics\u00a0:<\/b><span style=\"font-weight: 400;\"> Ces d\u00e9penses englobent les co\u00fbts des services publics essentiels tels que les services de gaz, de p\u00e9trole, d\u2019\u00e9lectricit\u00e9, d\u2019eau, de t\u00e9l\u00e9phone et d\u2019Internet.<\/span><\/li>\n<li><b> Service de la dette:<\/b><span style=\"font-weight: 400;\"> Il s\u2019agit des paiements r\u00e9guliers effectu\u00e9s pour rembourser les dettes. Les entreprises d\u00e9pendent souvent d\u2019emprunts pour leurs op\u00e9rations, et ces remboursements ne peuvent \u00eatre retard\u00e9s.<\/span><\/li>\n<li><b> Accords et licences\u00a0: <\/b><span style=\"font-weight: 400;\">Cette cat\u00e9gorie couvre les paiements aux entrepreneurs ind\u00e9pendants et les frais associ\u00e9s au maintien des licences d\u2019exploitation commerciale essentielles. Il comprend \u00e9galement les co\u00fbts li\u00e9s aux accords contractuels en cours essentiels aux op\u00e9rations commerciales.<\/span><\/li>\n<li><b> Mat\u00e9riaux pour la production\u00a0:<\/b><span style=\"font-weight: 400;\"> Les d\u00e9penses engag\u00e9es pour l&#039;achat de mat\u00e9riaux utilis\u00e9s dans la production de biens ou de services entrent dans cette cat\u00e9gorie. Les entreprises doivent investir dans ces mat\u00e9riaux essentiels directement li\u00e9s \u00e0 leurs produits ou services.<\/span><\/li>\n<\/ol>\n<h2><span style=\"font-weight: 400;\">Expansion, pardon et remboursement du CUEC<\/span><\/h2>\n<p><span style=\"font-weight: 400;\">En r\u00e9ponse aux d\u00e9fis uniques pos\u00e9s par la pand\u00e9mie, les entreprises de Chatham avaient besoin de plus qu&#039;une aide financi\u00e8re standard. Conscient de cela, le CEBA a \u00e9largi son programme de pr\u00eats, augmentant le pr\u00eat initial de $40 000 par $20 000 suppl\u00e9mentaires. Cette augmentation substantielle visait \u00e0 soutenir davantage les entreprises \u00e9ligibles qui s\u2019efforcent de survivre en ces temps de turbulences.<\/span><\/p>\n<p><span style=\"font-weight: 400;\">Il est essentiel de souligner que cette expansion n&#039;a pas \u00e9t\u00e9 une simple subvention ; elle \u00e9tait assortie de crit\u00e8res et de d\u00e9lais pr\u00e9cis que les entreprises devaient respecter pour acc\u00e9der \u00e0 cette aide suppl\u00e9mentaire. Cette expansion m\u00fbrement r\u00e9fl\u00e9chie, ainsi que les lignes directrices qui y sont associ\u00e9es, soulignent l&#039;engagement continu du CUEC \u00e0 aider les entreprises dans leur cheminement vers la reprise \u00e9conomique.<\/span><\/p>\n<p><span style=\"font-weight: 400;\">Toutefois, le soutien du CUEC ne s&#039;arr\u00eate pas l\u00e0. Il y a un r\u00e9sultat positif pour ceux qui g\u00e8rent leurs pr\u00eats de mani\u00e8re responsable. Si les entreprises remboursent le montant du principal restant d\u00fb (\u00e0 l\u2019exclusion de la partie du pr\u00eat potentiellement \u00e9ligible \u00e0 l\u2019annulation de la dette) d\u2019ici le 31 d\u00e9cembre 2023, elles b\u00e9n\u00e9ficieront d\u2019un avantage remarquable.<\/span><\/p>\n<p><span style=\"font-weight: 400;\">Le reste<a href=\"http:\/\/ceba.ca\/fr\/news\/when-does-the-ceba-loan-need-to-be-repaid\/\"> le montant principal<\/a> sera pardonn\u00e9 ! Cette disposition est plus qu\u2019une simple bou\u00e9e de sauvetage financi\u00e8re ; c&#039;est un vote de confiance envers les entreprises qui honorent leurs engagements dans les d\u00e9lais impartis. Il souligne l\u2019importance de rembourser en temps voulu et r\u00e9compense les entreprises pour leur r\u00e9silience et leur prudence financi\u00e8re face aux d\u00e9fis de la pand\u00e9mie.<\/span><\/p>\n<h2><span style=\"font-weight: 400;\">\u00a0<\/span><span style=\"font-weight: 400;\">Conclusion<\/span><\/h2>\n<p><span style=\"font-weight: 400;\">En r\u00e9sum\u00e9, le programme de pr\u00eat du CUEC constitue un symbole d&#039;espoir pour les petites entreprises de Chatham pendant les temps difficiles induits par les difficult\u00e9s financi\u00e8res de la pand\u00e9mie. Au-del\u00e0 de son aide financi\u00e8re, il souligne l\u2019importance de la r\u00e9silience et d\u2019un soutien ponctuel. Alors que les entreprises poursuivent leur chemin vers la reprise, le programme de pr\u00eat CUEC reste pr\u00eat \u00e0 jouer un r\u00f4le crucial pour fa\u00e7onner l&#039;avenir \u00e9conomique prometteur de Chatham.<\/span><\/p>","protected":false},"excerpt":{"rendered":"<p>In the midst of Chatham&#8217;s bustling lifestyle, an unexpected crisis, known as the COVID-19 pandemic, descended upon the city, leaving an enduring impact on every corner of the urban landscape. As businesses grappled with unprecedented challenges, a glimmer of hope emerged in the form of the Canada Emergency Business Account (CEBA) loan program. This program [&hellip;]<\/p>\n","protected":false},"author":2,"featured_media":5121,"parent":0,"menu_order":0,"comment_status":"closed","ping_status":"closed","template":"","meta":{"footnotes":""},"class_list":["post-3763","page","type-page","status-publish","has-post-thumbnail","hentry"],"_links":{"self":[{"href":"https:\/\/ceba.ca\/fr\/wp-json\/wp\/v2\/pages\/3763","targetHints":{"allow":["GET"]}}],"collection":[{"href":"https:\/\/ceba.ca\/fr\/wp-json\/wp\/v2\/pages"}],"about":[{"href":"https:\/\/ceba.ca\/fr\/wp-json\/wp\/v2\/types\/page"}],"author":[{"embeddable":true,"href":"https:\/\/ceba.ca\/fr\/wp-json\/wp\/v2\/users\/2"}],"replies":[{"embeddable":true,"href":"https:\/\/ceba.ca\/fr\/wp-json\/wp\/v2\/comments?post=3763"}],"version-history":[{"count":4,"href":"https:\/\/ceba.ca\/fr\/wp-json\/wp\/v2\/pages\/3763\/revisions"}],"predecessor-version":[{"id":5063,"href":"https:\/\/ceba.ca\/fr\/wp-json\/wp\/v2\/pages\/3763\/revisions\/5063"}],"wp:featuredmedia":[{"embeddable":true,"href":"https:\/\/ceba.ca\/fr\/wp-json\/wp\/v2\/media\/5121"}],"wp:attachment":[{"href":"https:\/\/ceba.ca\/fr\/wp-json\/wp\/v2\/media?parent=3763"}],"curies":[{"name":"wp","href":"https:\/\/api.w.org\/{rel}","templated":true}]}}