{"id":3751,"date":"2023-09-06T03:46:20","date_gmt":"2023-09-06T07:46:20","guid":{"rendered":"http:\/\/ceba.ca\/?page_id=3751"},"modified":"2023-09-06T03:46:20","modified_gmt":"2023-09-06T07:46:20","slug":"ceba-loan-in-cornwall","status":"publish","type":"page","link":"https:\/\/ceba.ca\/fr\/ceba-loan-in-cornwall\/","title":{"rendered":"Pr\u00eat CUEC \u00e0 Cornwall"},"content":{"rendered":"<p><span style=\"font-weight: 400;\">\u00c0 la suite de la pand\u00e9mie de COVID-19, les petites entreprises et les organismes \u00e0 but non lucratif de Cornwall ont \u00e9t\u00e9 confront\u00e9s \u00e0 des d\u00e9fis importants. En r\u00e9ponse \u00e0 cette situation, le gouvernement canadien a introduit le <a href=\"https:\/\/ceba-cuec.ca\/\" target=\"_blank\" rel=\"noopener\">Programme CUEC<\/a>. Le CUEC visait \u00e0 aider les entreprises en difficult\u00e9 en offrant des pr\u00eats sans int\u00e9r\u00eat, les candidats \u00e9ligibles pouvant acc\u00e9der <a href=\"http:\/\/ceba.ca\/fr\/ceba-loan\/\">pr\u00eats allant jusqu&#039;\u00e0 $60 000<\/a>. Cet article examinera les d\u00e9tails du pr\u00eat CEBA en <a href=\"https:\/\/en.wikipedia.org\/wiki\/Cornwall,_Ontario\" target=\"_blank\" rel=\"noopener\">Cornouailles<\/a>, y compris ses conditions d\u2019\u00e9ligibilit\u00e9, ses dispositions en mati\u00e8re d\u2019exon\u00e9ration de pr\u00eat et son impact sur le monde des affaires local.<\/span><\/p>\n<h2><span style=\"font-weight: 400;\">Conditions d&#039;\u00e9ligibilit\u00e9 aux pr\u00eats CUEC \u00e0 Cornwall<\/span><\/h2>\n<p><span style=\"font-weight: 400;\">Le programme de pr\u00eat CUEC de Cornwall offrait aux entreprises la possibilit\u00e9 d&#039;obtenir des pr\u00eats sans int\u00e9r\u00eat allant jusqu&#039;\u00e0 $60 000, \u00e0 condition qu&#039;elles satisfassent \u00e0 des crit\u00e8res d&#039;\u00e9ligibilit\u00e9 sp\u00e9cifiques. Initialement, l&#039;un de ces crit\u00e8res \u00e9tait l&#039;obligation d&#039;avoir un compte-ch\u00e8ques ou un compte d&#039;exploitation d&#039;entreprise actif au 1er mars 2020. Cependant, en octobre 2020, cette condition a \u00e9t\u00e9 supprim\u00e9e, permettant aux entreprises admissibles de pr\u00e9senter une demande m\u00eame si elles avaient r\u00e9cemment ouvert un compte aupr\u00e8s de leur principale institution financi\u00e8re.<\/span><\/p>\n<h2><span style=\"font-weight: 400;\">Soutien \u00e9tendu et rendre le CUEC accessible<\/span><\/h2>\n<p><span style=\"font-weight: 400;\">Depuis le 4 d\u00e9cembre 2020, le programme de pr\u00eat CUEC a fait l&#039;objet d&#039;une <a href=\"http:\/\/ceba.ca\/fr\/information\/is-ceba-extended\/\">expansion<\/a> pour apporter un plus grand soutien. Les entreprises qui avaient d\u00e9j\u00e0 re\u00e7u le pr\u00eat initial de $40,000 CEBA ont eu la possibilit\u00e9 de postuler \u00e0 l&#039;extension du CEBA, qui offrait une aide financi\u00e8re suppl\u00e9mentaire de $20,000. Cette expansion a jou\u00e9 un r\u00f4le central en att\u00e9nuant les pressions financi\u00e8res et en renfor\u00e7ant les entreprises alors qu\u2019elles se lan\u00e7aient sur la voie de la reprise.<\/span><\/p>\n<p><span style=\"font-weight: 400;\">Un autre aspect remarquable du programme de pr\u00eat CUEC \u00e9tait son accessibilit\u00e9. Plus de 220 institutions financi\u00e8res \u00e0 travers le pays, y compris celles de Cornwall, ont particip\u00e9 activement \u00e0 l&#039;offre de pr\u00eats CUEC, garantissant ainsi un acc\u00e8s g\u00e9n\u00e9ralis\u00e9 aux entreprises dans le besoin.<\/span><\/p>\n<h2><span style=\"font-weight: 400;\">La pression monte alors que les entreprises de Cornwall font face \u00e0 la date limite de remboursement du pr\u00eat CUEC<\/span><\/h2>\n<p><span style=\"font-weight: 400;\">Le programme de pr\u00eat du Compte d&#039;urgence pour les entreprises canadiennes (CUEC) a constitu\u00e9 une bou\u00e9e de sauvetage vitale pour les petites entreprises de Cornwall pendant la pand\u00e9mie. Cependant, l&#039;imminence <a href=\"http:\/\/ceba.ca\/fr\/news\/when-does-the-ceba-loan-need-to-be-repaid\/\">d\u00e9lai de remboursement<\/a> du 31 d\u00e9cembre 2023 a jet\u00e9 une ombre de stress et d\u2019anxi\u00e9t\u00e9 financi\u00e8re sur de nombreux propri\u00e9taires d\u2019entreprise.<\/span><\/p>\n<h2><span style=\"font-weight: 400;\">Conditions de remise et de remboursement des pr\u00eats\u00a0: un guide essentiel pour les entreprises de Cornwall<\/span><\/h2>\n<p><span style=\"font-weight: 400;\">Le programme de pr\u00eats CUEC pr\u00e9sente une opportunit\u00e9 int\u00e9ressante pour les entreprises capables de rembourser leurs pr\u00eats d&#039;ici le 31 d\u00e9cembre 2023. Les entreprises admissibles ont la possibilit\u00e9 de recevoir <a href=\"http:\/\/ceba.ca\/fr\/information\/ceba-forgiveness\/\">remise de pr\u00eat<\/a>, leur offrant un all\u00e8gement allant jusqu&#039;\u00e0 $20 000. Cette disposition de remise sert non seulement \u00e0 inciter \u00e0 un remboursement rapide, mais apporte \u00e9galement un soutien crucial aux entreprises dans leurs efforts pour r\u00e9tablir leur stabilit\u00e9 financi\u00e8re.<\/span><\/p>\n<p><span style=\"font-weight: 400;\">\u00c0 l\u2019inverse, les entreprises qui ne respectent pas l\u2019\u00e9ch\u00e9ance de remboursement seront confront\u00e9es \u00e0 une situation diff\u00e9rente. Ils devront rembourser la totalit\u00e9 du montant du pr\u00eat, major\u00e9 des int\u00e9r\u00eats calcul\u00e9s \u00e0 partir du 1er janvier 2024. Jusqu&#039;au 31 d\u00e9cembre 2023, les pr\u00eats CUEC conservent un statut sans int\u00e9r\u00eat. Apr\u00e8s cette date, tout solde restant du pr\u00eat est automatiquement converti en un pr\u00eat \u00e0 terme de deux ans, portant un taux d&#039;int\u00e9r\u00eat annuel de 5%. Le gouvernement canadien a fix\u00e9 la date limite de remboursement final des pr\u00eats CUEC au 31 d\u00e9cembre 2025.<\/span><\/p>\n<p><span style=\"font-weight: 400;\">Alors que le compte \u00e0 rebours se poursuit vers cette \u00e9ch\u00e9ance cruciale, les entreprises de Cornwall se retrouvent \u00e0 trouver un \u00e9quilibre d\u00e9licat entre le redressement financier et le respect de leurs obligations en mati\u00e8re de pr\u00eat CUEC. Ils reconnaissent qu\u2019un remboursement ponctuel peut constituer une bou\u00e9e de sauvetage financi\u00e8re, tandis que le non-respect des d\u00e9lais pourrait aggraver leurs difficult\u00e9s financi\u00e8res.<\/span><\/p>\n<h2><span style=\"font-weight: 400;\">L\u2019impact du pr\u00eat CUEC \u00e0 Cornwall<\/span><\/h2>\n<p><span style=\"font-weight: 400;\">Le Compte d\u2019urgence pour les entreprises canadiennes (CUEC) est devenu une bou\u00e9e de sauvetage vitale pour les entreprises de Cornwall \u00e0 la suite de la pand\u00e9mie de COVID-19. Cette initiative gouvernementale visait \u00e0 soutenir l\u2019\u00e9conomie locale en apportant un soutien financier aux petites entreprises, laissant ainsi un impact durable sur plusieurs fronts.<\/span><\/p>\n<p><span style=\"font-weight: 400;\">L&#039;influence du CUEC sur Cornwall peut \u00eatre observ\u00e9e \u00e0 travers la stabilisation \u00e9conomique, le maintien de l&#039;emploi et la promotion de l&#039;innovation commerciale. En offrant des pr\u00eats sans int\u00e9r\u00eat pouvant atteindre $60 000, le CEBA a fourni le capital n\u00e9cessaire aux entreprises de Cornwall pour naviguer dans les eaux turbulentes de la pand\u00e9mie.<\/span><\/p>\n<p><span style=\"font-weight: 400;\">Premi\u00e8rement, la stabilit\u00e9 \u00e9conomique \u00e9tait l\u2019un des principaux r\u00e9sultats du CUEC \u00e0 Cornwall. L\u2019injection de fonds a aid\u00e9 les entreprises \u00e0 couvrir leurs d\u00e9penses imm\u00e9diates telles que le loyer, la masse salariale et les services publics. Cette stabilit\u00e9 s\u2019est r\u00e9percut\u00e9e sur l\u2019\u00e9conomie locale, \u00e9vitant des fermetures g\u00e9n\u00e9ralis\u00e9es et maintenant le dynamisme du paysage commercial.<\/span><\/p>\n<p><span style=\"font-weight: 400;\">Deuxi\u00e8mement, le CUEC a jou\u00e9 un r\u00f4le essentiel dans le maintien de l&#039;emploi. Le soutien financier a permis aux entreprises de Cornwall de conserver leurs employ\u00e9s, \u00e9vitant ainsi des licenciements massifs. Cela assurait non seulement les moyens de subsistance de nombreuses familles mais aussi la circulation soutenue de l&#039;argent au sein de la communaut\u00e9, stimulant les d\u00e9penses locales.<\/span><\/p>\n<p><span style=\"font-weight: 400;\">De plus, le CEBA a encourag\u00e9 l\u2019innovation et l\u2019adaptation des entreprises. De nombreuses entreprises de Cornwall ont utilis\u00e9 ces fonds pour r\u00e9orienter leurs op\u00e9rations, en investissant dans des plateformes en ligne, des services de livraison et une infrastructure de travail \u00e0 distance. Cette adaptabilit\u00e9 a non seulement assur\u00e9 la survie \u00e0 court terme, mais a \u00e9galement permis aux entreprises de prosp\u00e9rer dans l\u2019environnement commercial changeant post-pand\u00e9mique.<\/span><\/p>\n<p><span style=\"font-weight: 400;\">M\u00eame si le CUEC a ind\u00e9niablement eu des retomb\u00e9es positives, des d\u00e9fis sont n\u00e9anmoins survenus. Certaines entreprises ont rencontr\u00e9 des difficult\u00e9s pour acc\u00e9der au programme en raison de crit\u00e8res d\u2019\u00e9ligibilit\u00e9 ou d\u2019obstacles administratifs. De plus, la d\u00e9cision de s\u2019endetter, m\u00eame si elle est partiellement remboursable, a suscit\u00e9 des inqui\u00e9tudes quant aux r\u00e9percussions financi\u00e8res \u00e0 long terme.<\/span><\/p>\n<p><span style=\"font-weight: 400;\">\u00c0 l\u2019avenir, l\u2019impact du CUEC sur Cornwall est sur le point de perdurer. Les entreprises qui ont r\u00e9sist\u00e9 \u00e0 la temp\u00eate sont d\u00e9sormais mieux outill\u00e9es pour contribuer \u00e0 la relance de la communaut\u00e9. La r\u00e9silience et l&#039;innovation favoris\u00e9es pendant la pand\u00e9mie continueront de fa\u00e7onner le paysage commercial de Cornwall dans les ann\u00e9es \u00e0 venir.<\/span><\/p>\n<h2><span style=\"font-weight: 400;\">Appels \u00e0 des extensions et \u00e0 des solutions innovantes pour aider les entreprises de Cornwall<\/span><\/h2>\n<p><span style=\"font-weight: 400;\">La Broadview Danforth Business Improvement Area (BIA) a lanc\u00e9 un appel passionn\u00e9 au gouvernement f\u00e9d\u00e9ral pour obtenir une aide afin d&#039;all\u00e9ger la pression financi\u00e8re sur les petites entreprises en difficult\u00e9. Ils proposent deux mesures cruciales pour all\u00e9ger le fardeau\u00a0:<\/span><\/p>\n<h3><span style=\"font-weight: 400;\">1. Plan de remboursement pluriannuel sans int\u00e9r\u00eat\u00a0<\/span><\/h3>\n<p><span style=\"font-weight: 400;\">Leur proposition initiale sugg\u00e8re la mise en place d&#039;un plan de remboursement pluriannuel sans int\u00e9r\u00eat commen\u00e7ant en d\u00e9cembre et s&#039;\u00e9talant sur deux \u00e0 trois ans.<\/span><\/p>\n<h3><span style=\"font-weight: 400;\">2. Plan de pardon global\u00a0<\/span><\/h3>\n<p><span style=\"font-weight: 400;\">Leur deuxi\u00e8me suggestion tourne autour du concept de mise en \u0153uvre d&#039;un plan de remise global pour la partie $20,000 du pr\u00eat, sous r\u00e9serve que les entreprises s&#039;engagent dans un plan de remboursement pluriannuel \u00e0 partir de d\u00e9cembre.<\/span><\/p>\n<p><span style=\"font-weight: 400;\">La BIA souligne que ces initiatives offriraient non seulement un soutien essentiel au secteur des petites entreprises, mais repr\u00e9senteraient \u00e9galement un investissement gouvernemental pour aider les entreprises pendant la phase de reprise post-COVID.<\/span><\/p>\n<h2><span style=\"font-weight: 400;\">Conclusion<\/span><\/h2>\n<p><span style=\"font-weight: 400;\">Alors que les petites entreprises de Cornwall traversent la phase de reprise post-COVID, le programme de pr\u00eat CUEC a jou\u00e9 un r\u00f4le d\u00e9terminant en fournissant un soutien financier vital. Cependant, l\u2019approche de la date limite de remboursement pr\u00e9sente des d\u00e9fis et une pression financi\u00e8re consid\u00e9rables pour les propri\u00e9taires d\u2019entreprise. <\/span><span style=\"font-weight: 400;\">Au milieu de ces d\u00e9fis, il y a une lueur d\u2019espoir. Les initiatives et engagements r\u00e9cents du gouvernement pour aider les petites entreprises indiquent une trajectoire positive. Les propri\u00e9taires d\u2019entreprise restent optimistes et s\u2019attendent \u00e0 un soutien suppl\u00e9mentaire alors qu\u2019ils s\u2019efforcent d\u2019atteindre la stabilit\u00e9 financi\u00e8re et de favoriser la croissance au lendemain de cette p\u00e9riode sans pr\u00e9c\u00e9dent.<\/span><\/p>","protected":false},"excerpt":{"rendered":"<p>In the wake of the COVID-19 pandemic, small businesses and non-profit organizations in Cornwall faced significant challenges. In response to this situation, the Canadian government introduced the CEBA program. CEBA aimed to assist struggling businesses by providing interest-free loans, with eligible applicants being able to access loans of up to $60,000. This article will examine [&hellip;]<\/p>\n","protected":false},"author":2,"featured_media":5116,"parent":0,"menu_order":0,"comment_status":"closed","ping_status":"closed","template":"","meta":{"footnotes":""},"class_list":["post-3751","page","type-page","status-publish","has-post-thumbnail","hentry"],"_links":{"self":[{"href":"https:\/\/ceba.ca\/fr\/wp-json\/wp\/v2\/pages\/3751","targetHints":{"allow":["GET"]}}],"collection":[{"href":"https:\/\/ceba.ca\/fr\/wp-json\/wp\/v2\/pages"}],"about":[{"href":"https:\/\/ceba.ca\/fr\/wp-json\/wp\/v2\/types\/page"}],"author":[{"embeddable":true,"href":"https:\/\/ceba.ca\/fr\/wp-json\/wp\/v2\/users\/2"}],"replies":[{"embeddable":true,"href":"https:\/\/ceba.ca\/fr\/wp-json\/wp\/v2\/comments?post=3751"}],"version-history":[{"count":4,"href":"https:\/\/ceba.ca\/fr\/wp-json\/wp\/v2\/pages\/3751\/revisions"}],"predecessor-version":[{"id":5059,"href":"https:\/\/ceba.ca\/fr\/wp-json\/wp\/v2\/pages\/3751\/revisions\/5059"}],"wp:featuredmedia":[{"embeddable":true,"href":"https:\/\/ceba.ca\/fr\/wp-json\/wp\/v2\/media\/5116"}],"wp:attachment":[{"href":"https:\/\/ceba.ca\/fr\/wp-json\/wp\/v2\/media?parent=3751"}],"curies":[{"name":"wp","href":"https:\/\/api.w.org\/{rel}","templated":true}]}}