{"id":3749,"date":"2023-09-18T07:27:56","date_gmt":"2023-09-18T11:27:56","guid":{"rendered":"http:\/\/ceba.ca\/?page_id=3749"},"modified":"2023-09-18T07:27:56","modified_gmt":"2023-09-18T11:27:56","slug":"ceba-loan-for-web-design-and-development-agencies","status":"publish","type":"page","link":"https:\/\/ceba.ca\/fr\/ceba-loan-for-web-design-and-development-agencies\/","title":{"rendered":"Pr\u00eat CUEC pour les agences de conception et de d\u00e9veloppement Web"},"content":{"rendered":"<p><span style=\"font-weight: 400;\">Face aux d\u00e9fis sans pr\u00e9c\u00e9dent pos\u00e9s par le climat \u00e9conomique actuel, de nombreuses agences de conception et de d\u00e9veloppement de sites Web recherchent des bou\u00e9es de sauvetage financi\u00e8res pour assurer leur survie. Le pr\u00eat CUEC destin\u00e9 aux agences de conception et de d\u00e9veloppement de sites Web pourrait \u00eatre la bou\u00e9e de sauvetage dont ces entreprises ont besoin, avec son potentiel \u00e0 la fois de soutien et de croissance. Aujourd\u2019hui plus que jamais, il est essentiel de comprendre et d\u2019exploiter ces instruments financiers, en particulier pour les agences de conception et de d\u00e9veloppement de sites Web.<\/span><\/p>\n<h2><span style=\"font-weight: 400;\">Qu\u2019est-ce que le pr\u00eat CUEC ?<\/span><\/h2>\n<p><span style=\"font-weight: 400;\">Le Compte d\u2019urgence pour les entreprises canadiennes (CUEC) est un <a href=\"http:\/\/ceba.ca\/fr\/\">programme de pr\u00eat<\/a> introduit par <a href=\"https:\/\/ceba-cuec.ca\/\" target=\"_blank\" rel=\"noopener\">le gouvernement canadien<\/a> pour aider les entreprises impact\u00e9es par la <a href=\"https:\/\/www.who.int\/health-topics\/coronavirus#tab=tab_1\" target=\"_blank\" rel=\"noopener\">Pand\u00e9mie de covid-19<\/a>. Le programme propose des pr\u00eats sans int\u00e9r\u00eat allant jusqu&#039;\u00e0 $60,000 pour all\u00e9ger la pression \u00e9conomique et garantir que les agences de conception et de d\u00e9veloppement de sites Web puissent continuer \u00e0 fonctionner en ces temps difficiles. Les agences de conception et de d\u00e9veloppement de sites Web \u00e9ligibles \u00e0 ce programme doivent avoir eu un compte professionnel actif avant le 1er mars 2020.\u00a0<\/span><\/p>\n<p><span style=\"font-weight: 400;\"><a href=\"http:\/\/ceba.ca\/fr\/ceba-loan\/\">Le pr\u00eat CUEC<\/a> est livr\u00e9 avec un <a href=\"http:\/\/ceba.ca\/fr\/information\/ceba-forgiveness\/\">fonction d&#039;annulation de pr\u00eat<\/a> pour les agences de conception et de d\u00e9veloppement de sites Web, o\u00f9 jusqu&#039;\u00e0 $20 000 peuvent \u00eatre annul\u00e9s s&#039;ils sont rembours\u00e9s avant le 31 d\u00e9cembre 2023. Les conditions de remboursement flexibles et l&#039;absence d&#039;int\u00e9r\u00eat font du pr\u00eat CUEC une option de financement int\u00e9ressante pour les petites entreprises comme les agences de conception et de d\u00e9veloppement de sites Web. et les organismes \u00e0 but non lucratif confront\u00e9s \u00e0 des difficult\u00e9s financi\u00e8res pendant la pand\u00e9mie.<\/span><\/p>\n<p><span style=\"font-weight: 400;\">Remarque : Les entreprises int\u00e9ress\u00e9es doivent consulter leurs institutions bancaires pour obtenir des informations d\u00e9taill\u00e9es sur les modalit\u00e9s du programme.\u00a0<\/span><\/p>\n<h2><span style=\"font-weight: 400;\">Pr\u00eat CUEC pour les agences de conception et de d\u00e9veloppement Web\u00a0: crit\u00e8res d&#039;\u00e9ligibilit\u00e9<\/span><\/h2>\n<p><span style=\"font-weight: 400;\"><a href=\"http:\/\/ceba.ca\/fr\/information\/who-is-eligible-for-a-ceba-loan\/\">Crit\u00e8res d&#039;admissibilit\u00e9 au pr\u00eat CUEC<\/a> Les agences de conception et de d\u00e9veloppement de sites Web sont essentielles pour les agences de conception et de d\u00e9veloppement de sites Web qui recherchent une aide financi\u00e8re dans le contexte de la pand\u00e9mie en cours. Les conditions d&#039;\u00e9ligibilit\u00e9 s&#039;articulent autour de deux domaines cl\u00e9s\u00a0: le volet de paie et le volet de d\u00e9penses non reportables.<\/span><\/p>\n<p><span style=\"font-weight: 400;\">Pour \u00eatre admissibles au volet Paie, vos agences de conception et de d\u00e9veloppement de sites Web doivent avoir une masse salariale d&#039;au moins $20 000 et d&#039;au plus $1,5 million en 2019. Cette exigence n\u00e9cessite un relev\u00e9 complet des revenus d&#039;emploi pay\u00e9s tout au long de l&#039;ann\u00e9e civile, signifiant un engagement envers le bien-\u00eatre des employ\u00e9s et l\u2019adh\u00e9sion aux changements \u00e9conomiques.<\/span><\/p>\n<p><span style=\"font-weight: 400;\">Le flux de d\u00e9penses non reportables s&#039;adresse aux agences de conception et de d\u00e9veloppement de sites Web sans masse salariale. Pour \u00eatre \u00e9ligibles, ces entreprises doivent avoir des d\u00e9penses non reportables allant de 40 000 $ \u00e0 1,5 million en 2020. Il s&#039;agit de co\u00fbts in\u00e9vitables et essentiels aux op\u00e9rations commerciales, tels que le loyer, les services publics, les assurances et les obligations li\u00e9es \u00e0 la paie.<\/span><\/p>\n<p><span style=\"font-weight: 400;\">L\u2019obtention du pr\u00eat CUEC selon ces crit\u00e8res peut fournir \u00e0 vos agences de conception et de d\u00e9veloppement de sites Web le soutien financier indispensable pour poursuivre leurs activit\u00e9s commerciales essentielles pendant la pand\u00e9mie, ouvrant ainsi la voie \u00e0 une survie \u00e0 long terme, m\u00eame dans les moments difficiles. Comprendre les exigences relatives \u00e0 la paie et aux d\u00e9penses non reportables donne aux agences de conception et de d\u00e9veloppement de sites Web de meilleures chances d&#039;obtenir avec succ\u00e8s le pr\u00eat CUEC, offrant ainsi une bou\u00e9e de sauvetage financi\u00e8re en ces temps difficiles.<\/span><\/p>\n<h2><span style=\"font-weight: 400;\">Fonctionnalit\u00e9s utiles du pr\u00eat CEBA pour les agences de conception et de d\u00e9veloppement Web<\/span><\/h2>\n<p><span style=\"font-weight: 400;\">Voici les caract\u00e9ristiques du pr\u00eat CUEC pour les agences de conception et de d\u00e9veloppement web :<\/span><\/p>\n<h3><span style=\"font-weight: 400;\">Pr\u00eats sans int\u00e9r\u00eat<\/span><\/h3>\n<p><span style=\"font-weight: 400;\">Un \u00e9l\u00e9ment essentiel du programme de pr\u00eats CUEC est l\u2019octroi de pr\u00eats sans int\u00e9r\u00eat. Ces pr\u00eats donnent aux agences de conception et de d\u00e9veloppement de sites Web les moyens n\u00e9cessaires pour g\u00e9rer leurs d\u00e9penses sans le fardeau de l\u2019accumulation d\u2019int\u00e9r\u00eats pendant la pand\u00e9mie. Cette dur\u00e9e sans int\u00e9r\u00eat dure jusqu&#039;au 1er janvier 2024. Suite \u00e0 cette date, le solde impay\u00e9 du pr\u00eat se transforme en un pr\u00eat de 2 ans avec un taux d&#039;int\u00e9r\u00eat annuel fixe de 5%.\u00a0<\/span><\/p>\n<p><span style=\"font-weight: 400;\">Ces pr\u00eats peuvent \u00eatre utilis\u00e9s par les agences de conception et de d\u00e9veloppement de sites Web pour divers co\u00fbts op\u00e9rationnels, notamment le loyer, les paiements de location, les taxes fonci\u00e8res et d&#039;autres services publics comme la couverture d&#039;assurance. Cela all\u00e8ge la pression financi\u00e8re et permet aux entreprises de se concentrer sur les difficult\u00e9s actuelles pos\u00e9es par la COVID-19.<\/span><\/p>\n<h3><span style=\"font-weight: 400;\">Remise de pr\u00eat<\/span><\/h3>\n<p><span style=\"font-weight: 400;\">Les agences de conception et de d\u00e9veloppement de sites Web admissibles peuvent b\u00e9n\u00e9ficier d&#039;une remise de pr\u00eat, jusqu&#039;\u00e0 $20 000 du montant du pr\u00eat \u00e9tant remis si le pr\u00eat CUEC est rembours\u00e9 d&#039;ici le 31 d\u00e9cembre 2023. Cette possibilit\u00e9 de remise partielle offre un all\u00e9gement financier et encourage les entreprises \u00e0 rembourser leur dette pr\u00e9coce. Cependant, pour \u00eatre admissibles \u00e0 cet avantage, les agences de conception et de d\u00e9veloppement de sites Web doivent rester en r\u00e8gle et r\u00e9pondre \u00e0 tous les crit\u00e8res \u00e9tablis par le gouvernement canadien. Les remboursements en temps opportun et le respect des conditions d\u2019admissibilit\u00e9 peuvent maximiser les avantages de l\u2019exon\u00e9ration du pr\u00eat CUEC.<\/span><\/p>\n<h3><span style=\"font-weight: 400;\">Conditions de remboursement<\/span><\/h3>\n<p><span style=\"font-weight: 400;\">Les pr\u00eats du CUEC offrent des conditions de remboursement prolong\u00e9es aux agences de conception et de d\u00e9veloppement de sites Web jusqu&#039;au 31 d\u00e9cembre 2023. Pendant cette p\u00e9riode, aucun paiement du montant principal n&#039;est requis, offrant aux agences de conception et de d\u00e9veloppement de sites Web un r\u00e9pit face au stress financier en ces temps difficiles. Toutefois, au plus tard le 31 d\u00e9cembre 2025, le montant du pr\u00eat et tous les int\u00e9r\u00eats accumul\u00e9s doivent \u00eatre int\u00e9gralement rembours\u00e9s. Cette fonctionnalit\u00e9 r\u00e9pond aux besoins financiers imm\u00e9diats des agences de conception et de d\u00e9veloppement de sites Web tout en leur permettant de planifier de mani\u00e8re ad\u00e9quate le remboursement \u00e9ventuel.<\/span><\/p>\n<h2><span style=\"font-weight: 400;\">Conclusion<\/span><\/h2>\n<p><span style=\"font-weight: 400;\">Le pr\u00eat CUEC pour les agences de conception et de d\u00e9veloppement de sites Web est une option de financement int\u00e9ressante, offrant des pr\u00eats sans int\u00e9r\u00eat allant jusqu&#039;\u00e0 $60 000 avec une remise de pr\u00eat allant jusqu&#039;\u00e0 $20 000. Cela donne aux agences de conception et de d\u00e9veloppement de sites Web les moyens n\u00e9cessaires pour g\u00e9rer leurs d\u00e9penses et assurer la continuit\u00e9 op\u00e9rationnelle sans le fardeau de l&#039;accumulation ou du remboursement des int\u00e9r\u00eats pendant ces p\u00e9riodes difficiles. Malgr\u00e9 cela, les agences de conception et de d\u00e9veloppement de sites Web doivent comprendre \u00e0 la fois les crit\u00e8res du flux de paie et du flux de d\u00e9penses non reportables pour demander le pr\u00eat efficacement, en maximisant ses avantages potentiels et en fournissant une bou\u00e9e de sauvetage financi\u00e8re.<\/span><\/p>","protected":false},"excerpt":{"rendered":"<p>Facing the unprecedented challenges posed by the current economic climate, many web design and development agencies are seeking financial lifelines to ensure their survival. The CEBA loan for web design and development agencies could be the lifeline these businesses need, with its potential for both support and growth. Now, more than ever, understanding and leveraging [&hellip;]<\/p>\n","protected":false},"author":2,"featured_media":5344,"parent":0,"menu_order":0,"comment_status":"closed","ping_status":"closed","template":"","meta":{"footnotes":""},"class_list":["post-3749","page","type-page","status-publish","has-post-thumbnail","hentry"],"_links":{"self":[{"href":"https:\/\/ceba.ca\/fr\/wp-json\/wp\/v2\/pages\/3749","targetHints":{"allow":["GET"]}}],"collection":[{"href":"https:\/\/ceba.ca\/fr\/wp-json\/wp\/v2\/pages"}],"about":[{"href":"https:\/\/ceba.ca\/fr\/wp-json\/wp\/v2\/types\/page"}],"author":[{"embeddable":true,"href":"https:\/\/ceba.ca\/fr\/wp-json\/wp\/v2\/users\/2"}],"replies":[{"embeddable":true,"href":"https:\/\/ceba.ca\/fr\/wp-json\/wp\/v2\/comments?post=3749"}],"version-history":[{"count":4,"href":"https:\/\/ceba.ca\/fr\/wp-json\/wp\/v2\/pages\/3749\/revisions"}],"predecessor-version":[{"id":5919,"href":"https:\/\/ceba.ca\/fr\/wp-json\/wp\/v2\/pages\/3749\/revisions\/5919"}],"wp:featuredmedia":[{"embeddable":true,"href":"https:\/\/ceba.ca\/fr\/wp-json\/wp\/v2\/media\/5344"}],"wp:attachment":[{"href":"https:\/\/ceba.ca\/fr\/wp-json\/wp\/v2\/media?parent=3749"}],"curies":[{"name":"wp","href":"https:\/\/api.w.org\/{rel}","templated":true}]}}