{"id":3742,"date":"2023-09-18T07:15:14","date_gmt":"2023-09-18T11:15:14","guid":{"rendered":"http:\/\/ceba.ca\/?page_id=3742"},"modified":"2023-09-18T07:15:14","modified_gmt":"2023-09-18T11:15:14","slug":"ceba-loan-for-software-development-companies","status":"publish","type":"page","link":"https:\/\/ceba.ca\/fr\/ceba-loan-for-software-development-companies\/","title":{"rendered":"Pr\u00eat CUEC pour les entreprises de d\u00e9veloppement de logiciels"},"content":{"rendered":"<p><span style=\"font-weight: 400;\">Saisissez l\u2019opportunit\u00e9 de propulser vos entreprises de d\u00e9veloppement de logiciels vers de nouveaux sommets gr\u00e2ce \u00e0 l\u2019aide inestimable d\u2019un pr\u00eat CUEC pour les entreprises de d\u00e9veloppement de logiciels. Ce catalyseur financier peut \u00eatre votre ticket pour des march\u00e9s inexplor\u00e9s, une technologie innovante et une croissance exceptionnelle. Lib\u00e9rez votre potentiel et laissez vos soci\u00e9t\u00e9s de d\u00e9veloppement de logiciels s\u2019envoler.\u00a0<\/span><\/p>\n<p><span style=\"font-weight: 400;\">Dans ce blog, nous expliquerons comment un pr\u00eat CUEC peut aider les entreprises de d\u00e9veloppement de logiciels \u00e0 passer au niveau sup\u00e9rieur et pourquoi vous devriez envisager d&#039;en demander un.<\/span><\/p>\n<h2><span style=\"font-weight: 400;\">Qu\u2019est-ce que le pr\u00eat CUEC ?<\/span><\/h2>\n<p><span style=\"font-weight: 400;\"><a href=\"http:\/\/ceba.ca\/fr\/\">Le Compte d\u2019urgence pour les entreprises canadiennes<\/a>, ou CEBA, est un programme sp\u00e9cialement con\u00e7u par le gouvernement canadien pour aider les entreprises aux prises avec les ramifications \u00e9conomiques de la pand\u00e9mie de COVID-19, y compris les soci\u00e9t\u00e9s de d\u00e9veloppement de logiciels. Le programme offre des pr\u00eats sans int\u00e9r\u00eat pouvant aller jusqu&#039;\u00e0 $60,000 pour att\u00e9nuer les tensions financi\u00e8res et permettre aux soci\u00e9t\u00e9s de d\u00e9veloppement de logiciels de maintenir leurs op\u00e9rations en ces temps sans pr\u00e9c\u00e9dent.\u00a0<\/span><\/p>\n<p><span style=\"font-weight: 400;\">Pour \u00eatre \u00e9ligibles \u00e0 ce programme, les soci\u00e9t\u00e9s de d\u00e9veloppement de logiciels doivent avoir eu un compte professionnel actif avant le 1er mars 2020. Un avantage important du <a href=\"http:\/\/ceba.ca\/fr\/ceba-loan\/\">Programme de pr\u00eat CUEC<\/a> pour les entreprises de d\u00e9veloppement de logiciels, il y a la possibilit\u00e9 d&#039;une remise de pr\u00eat : jusqu&#039;\u00e0 $20 000 du pr\u00eat peut \u00eatre radi\u00e9 s&#039;il est rembours\u00e9 avant le 31 d\u00e9cembre 2023. Cette fusion de conditions de remboursement flexibles et sans int\u00e9r\u00eat fait du CUEC une avenue financi\u00e8re int\u00e9ressante pour les entreprises de d\u00e9veloppement de logiciels. et les organisations \u00e0 but non lucratif confront\u00e9es \u00e0 des difficult\u00e9s financi\u00e8res.<\/span><\/p>\n<h2><span style=\"font-weight: 400;\">Pourquoi demander un pr\u00eat CEBA pour les entreprises de d\u00e9veloppement de logiciels\u00a0?<\/span><\/h2>\n<p><span style=\"font-weight: 400;\">Voici pourquoi vous devriez demander un pr\u00eat CUEC pour les entreprises de d\u00e9veloppement de logiciels.<\/span><\/p>\n<ul>\n<li style=\"font-weight: 400;\" aria-level=\"1\"><b>Avantage sans int\u00e9r\u00eat\u00a0:<\/b><span style=\"font-weight: 400;\"> Le programme de pr\u00eat CUEC offre des pr\u00eats sans int\u00e9r\u00eat, une bou\u00e9e de sauvetage cruciale pour les entreprises de d\u00e9veloppement de logiciels qui doivent g\u00e9rer leurs co\u00fbts op\u00e9rationnels sans avoir \u00e0 accumuler des int\u00e9r\u00eats dans cette p\u00e9riode difficile. <a href=\"https:\/\/www.who.int\/health-topics\/coronavirus#tab=tab_1\" target=\"_blank\" rel=\"noopener\">p\u00e9riode de pand\u00e9mie<\/a>. Le <a href=\"http:\/\/ceba.ca\/fr\/news\/is-ceba-interest-free\/\">phase sans int\u00e9r\u00eat<\/a> <a href=\"http:\/\/ceba.ca\/fr\/information\/is-ceba-extended\/\">s&#039;\u00e9tend<\/a> jusqu&#039;au 1er janvier 2024. Apr\u00e8s cette date, tout montant restant d\u00fb devient un pr\u00eat sur deux ans avec un taux d&#039;int\u00e9r\u00eat fixe annuel de 5%. Ces pr\u00eats peuvent couvrir divers co\u00fbts op\u00e9rationnels, notamment les paiements de location, les imp\u00f4ts fonciers et les services publics essentiels comme la couverture d&#039;assurance. Ce sursis financier permet aux soci\u00e9t\u00e9s de d\u00e9veloppement de logiciels de se concentrer sur les d\u00e9fis actuels pr\u00e9sent\u00e9s par le COVID-19.<\/span><\/li>\n<li style=\"font-weight: 400;\" aria-level=\"1\"><b>Remise de pr\u00eat\u00a0:<\/b><span style=\"font-weight: 400;\"> Une autre caract\u00e9ristique remarquable du pr\u00eat CUEC est la <a href=\"http:\/\/ceba.ca\/fr\/information\/ceba-forgiveness\/\">prestation de pardon<\/a>. Les soci\u00e9t\u00e9s de d\u00e9veloppement de logiciels \u00e9ligibles peuvent b\u00e9n\u00e9ficier de cet avantage, avec une remise allant jusqu&#039;\u00e0 $20,000 du montant du pr\u00eat si elles sont rembours\u00e9es avant le 31 d\u00e9cembre 2023. Cette possibilit\u00e9 de remise partielle du pr\u00eat offre un all\u00e9gement financier consid\u00e9rable et encourage les entreprises \u00e0 rembourser leur dette plus t\u00f4t. Les soci\u00e9t\u00e9s de d\u00e9veloppement de logiciels doivent rester en r\u00e8gle et respecter tous les crit\u00e8res d&#039;\u00e9ligibilit\u00e9 fix\u00e9s par le gouvernement canadien pour b\u00e9n\u00e9ficier de cet avantage.<\/span><\/li>\n<li style=\"font-weight: 400;\" aria-level=\"1\"><b>Conditions de remboursement prolong\u00e9es\u00a0:<\/b><span style=\"font-weight: 400;\"> Le programme de pr\u00eats CUEC offre des <a href=\"http:\/\/ceba.ca\/fr\/ceba-loan-repayment\/\">remboursement<\/a> termes jusqu&#039;au 31 d\u00e9cembre 2023. Pendant cette p\u00e9riode, les soci\u00e9t\u00e9s de d\u00e9veloppement de logiciels ne sont pas tenues d&#039;effectuer des paiements sur le montant principal, offrant ainsi une r\u00e9pit financier en ces temps difficiles. Toutefois, au plus tard le 31 d\u00e9cembre 2025, la totalit\u00e9 du montant du pr\u00eat major\u00e9 des int\u00e9r\u00eats courus devra \u00eatre rembours\u00e9e. Cet arrangement r\u00e9pond aux besoins financiers imm\u00e9diats des soci\u00e9t\u00e9s de d\u00e9veloppement de logiciels tout en leur donnant suffisamment de temps pour planifier les remboursements futurs.<\/span><\/li>\n<\/ul>\n<h2><span style=\"font-weight: 400;\">Admissibilit\u00e9 au pr\u00eat CUEC pour les entreprises de d\u00e9veloppement de logiciels<\/span><\/h2>\n<p><span style=\"font-weight: 400;\">Pour b\u00e9n\u00e9ficier des avantages du pr\u00eat CUEC pour les entreprises de d\u00e9veloppement de logiciels, vous devez r\u00e9ussir \u00e0 remplir les conditions d&#039;\u00e9ligibilit\u00e9, qui se concentrent sur le volet Paie et le volet D\u00e9penses non reportables.<\/span><\/p>\n<p><span style=\"font-weight: 400;\">Dans le cas du volet Paie, les soci\u00e9t\u00e9s de d\u00e9veloppement de logiciels doivent avoir eu une masse salariale d&#039;au moins $20 000 et pas plus de $1,5 million en 2019. Cette exigence n\u00e9cessite un relev\u00e9 complet des revenus d&#039;emploi pay\u00e9s au cours de l&#039;exercice. Cela signifie votre d\u00e9vouement envers vos employ\u00e9s et votre capacit\u00e9 \u00e0 vous adapter aux changements \u00e9conomiques.<\/span><\/p>\n<p><span style=\"font-weight: 400;\">Le flux de d\u00e9penses non reportables est con\u00e7u pour les soci\u00e9t\u00e9s de d\u00e9veloppement de logiciels sans masse salariale. Pour \u00eatre \u00e9ligibles \u00e0 ce volet, ces entreprises doivent avoir engag\u00e9 des d\u00e9penses non reportables allant de $40 000 \u00e0 $1,5 million en 2020. Ces d\u00e9penses sont in\u00e9vitables et vitales pour le fonctionnement de votre entreprise et comprennent des co\u00fbts tels que le loyer, les services publics, l&#039;assurance. et les obligations li\u00e9es \u00e0 la paie.<\/span><\/p>\n<p><span style=\"font-weight: 400;\">L\u2019obtention d\u2019un pr\u00eat du CUEC dans ces conditions peut fournir aux soci\u00e9t\u00e9s de d\u00e9veloppement de logiciels le coussin financier indispensable pour soutenir leurs op\u00e9rations commerciales cruciales dans le contexte de la pand\u00e9mie. Elle jette les bases d\u2019une survie \u00e0 long terme, m\u00eame dans les p\u00e9riodes difficiles. Une compr\u00e9hension claire des exigences du volet Paie et du volet D\u00e9penses non reportables peut augmenter les chances de vos soci\u00e9t\u00e9s de d\u00e9veloppement de logiciels d&#039;obtenir avec succ\u00e8s un pr\u00eat CUEC. Ce soutien financier peut servir de bou\u00e9e de sauvetage en ces temps incertains.<\/span><\/p>\n<h2><span style=\"font-weight: 400;\">Conclusion<\/span><\/h2>\n<p><span style=\"font-weight: 400;\">Face aux d\u00e9fis \u00e9conomiques persistants, un pr\u00eat CUEC constitue un outil puissant, favorisant la r\u00e9silience et la croissance des entreprises de d\u00e9veloppement de logiciels. Les avantages sans int\u00e9r\u00eat du programme, l&#039;annulation du pr\u00eat et les conditions de remboursement prolong\u00e9es offrent une bou\u00e9e de sauvetage vitale qui permet \u00e0 ces entreprises de faire face aux difficult\u00e9s financi\u00e8res. En r\u00e9pondant avec succ\u00e8s aux crit\u00e8res d\u2019\u00e9ligibilit\u00e9 du volet Paie ou du volet D\u00e9penses non reportables, les soci\u00e9t\u00e9s de d\u00e9veloppement de logiciels peuvent obtenir ce coussin financier inestimable, renfor\u00e7ant ainsi leurs op\u00e9rations commerciales au milieu de la pand\u00e9mie en cours.\u00a0<\/span><\/p>\n<p><span style=\"font-weight: 400;\">En fin de compte, un pr\u00eat du CUEC peut \u00eatre la cl\u00e9 pour d\u00e9bloquer une croissance et une innovation sans pr\u00e9c\u00e9dent dans les entreprises de d\u00e9veloppement de logiciels, m\u00eame dans les moments les plus difficiles.<\/span><\/p>","protected":false},"excerpt":{"rendered":"<p>Embrace the opportunity to propel your software development companies to new heights with the invaluable assistance of a CEBA loan for software development companies. This financial catalyst can be your ticket to unexplored markets, innovative technology, and exceptional growth. Unleash your potential and let your software development companies soar.\u00a0 In this blog, we will talk [&hellip;]<\/p>\n","protected":false},"author":2,"featured_media":5340,"parent":0,"menu_order":0,"comment_status":"closed","ping_status":"closed","template":"","meta":{"footnotes":""},"class_list":["post-3742","page","type-page","status-publish","has-post-thumbnail","hentry"],"_links":{"self":[{"href":"https:\/\/ceba.ca\/fr\/wp-json\/wp\/v2\/pages\/3742","targetHints":{"allow":["GET"]}}],"collection":[{"href":"https:\/\/ceba.ca\/fr\/wp-json\/wp\/v2\/pages"}],"about":[{"href":"https:\/\/ceba.ca\/fr\/wp-json\/wp\/v2\/types\/page"}],"author":[{"embeddable":true,"href":"https:\/\/ceba.ca\/fr\/wp-json\/wp\/v2\/users\/2"}],"replies":[{"embeddable":true,"href":"https:\/\/ceba.ca\/fr\/wp-json\/wp\/v2\/comments?post=3742"}],"version-history":[{"count":4,"href":"https:\/\/ceba.ca\/fr\/wp-json\/wp\/v2\/pages\/3742\/revisions"}],"predecessor-version":[{"id":5916,"href":"https:\/\/ceba.ca\/fr\/wp-json\/wp\/v2\/pages\/3742\/revisions\/5916"}],"wp:featuredmedia":[{"embeddable":true,"href":"https:\/\/ceba.ca\/fr\/wp-json\/wp\/v2\/media\/5340"}],"wp:attachment":[{"href":"https:\/\/ceba.ca\/fr\/wp-json\/wp\/v2\/media?parent=3742"}],"curies":[{"name":"wp","href":"https:\/\/api.w.org\/{rel}","templated":true}]}}