{"id":3733,"date":"2023-09-06T03:32:51","date_gmt":"2023-09-06T07:32:51","guid":{"rendered":"http:\/\/ceba.ca\/?page_id=3733"},"modified":"2023-09-06T03:32:51","modified_gmt":"2023-09-06T07:32:51","slug":"ceba-loan-in-saint-hyacinthe","status":"publish","type":"page","link":"https:\/\/ceba.ca\/fr\/ceba-loan-in-saint-hyacinthe\/","title":{"rendered":"Pr\u00eat CUEC \u00e0 Saint-Hyacinthe"},"content":{"rendered":"<p><span style=\"font-weight: 400;\">Dans le cadre anim\u00e9 de <a href=\"https:\/\/en.wikipedia.org\/wiki\/Saint-Hyacinthe\" target=\"_blank\" rel=\"noopener\">Saint-Hyacinthe<\/a>, les entreprises locales ont \u00e9t\u00e9 confront\u00e9es \u00e0 des d\u00e9fis sans pr\u00e9c\u00e9dent en raison de la pand\u00e9mie de COVID-19. Cependant, au milieu de cette tourmente, une aide pr\u00e9cieuse a \u00e9merg\u00e9 sous la forme du programme de pr\u00eat du Compte d\u2019urgence pour les entreprises canadiennes (CUEC). Cette situation est apparue \u00e0 un moment critique, alors que les entreprises \u00e9taient aux prises avec les incertitudes provoqu\u00e9es par la pand\u00e9mie.<\/span><\/p>\n<p><span style=\"font-weight: 400;\">L&#039;importance du pr\u00eat du CUEC \u00e0 Saint-Hyacinthe ne peut \u00eatre surestim\u00e9e. Il a servi de bou\u00e9e de sauvetage financi\u00e8re, suscitant l\u2019espoir et servant de pierre angulaire pour le rajeunissement de l\u2019\u00e9conomie locale.<\/span><\/p>\n<h2><span style=\"font-weight: 400;\">Pr\u00eat CUEC \u00e0 Saint-Hyacinthe<\/span><\/h2>\n<p><span style=\"font-weight: 400;\">Le paysage des affaires de Saint-Hyacinthe s&#039;est retrouv\u00e9 au centre des turbulences \u00e9conomiques d\u00e9clench\u00e9es par la pand\u00e9mie. En r\u00e9ponse \u00e0 ces circonstances extraordinaires, le programme de pr\u00eats du Compte d\u2019urgence pour les entreprises canadiennes (CUEC) est apparu comme un phare, \u00e9clairant la voie vers la reprise.<\/span><\/p>\n<p><span style=\"font-weight: 400;\">Ce programme a donn\u00e9 aux entreprises \u00e9ligibles la possibilit\u00e9 d&#039;acc\u00e9der \u00e0 des programmes financ\u00e9s par le gouvernement. <a href=\"http:\/\/ceba.ca\/fr\/ceba-loan\/\">pr\u00eats allant jusqu&#039;\u00e0 $60 000<\/a>. Ce soutien financier a jou\u00e9 un r\u00f4le essentiel en aidant les entreprises \u00e0 maintenir leurs effectifs, \u00e0 g\u00e9rer leurs d\u00e9penses courantes et \u00e0 s&#039;adapter aux changements impr\u00e9visibles du march\u00e9.<\/span><\/p>\n<h2><span style=\"font-weight: 400;\">L\u2019impact du pr\u00eat CUEC \u00e0 Saint-Hyacinthe<\/span><\/h2>\n<p><span style=\"font-weight: 400;\">Dans le contexte \u00e9conomique diversifi\u00e9 de Saint-Hyacinthe, l&#039;impact des pr\u00eats du CUEC a eu un impact consid\u00e9rable. Avec des secteurs couvrant la fabrication, la sant\u00e9, l&#039;\u00e9ducation et le commerce de d\u00e9tail, l&#039;\u00e9conomie de Saint-Hyacinthe a prosp\u00e9r\u00e9 gr\u00e2ce \u00e0 l&#039;adaptabilit\u00e9 de ses entreprises. Cependant, confront\u00e9es aux dures r\u00e9alit\u00e9s de la pand\u00e9mie, ces diverses entit\u00e9s ont trouv\u00e9 un alli\u00e9 solide dans les pr\u00eats du CUEC. Tout comme un canot de sauvetage fiable dans des eaux turbulentes, ces pr\u00eats ont fourni un soutien essentiel pour maintenir les entreprises \u00e0 flot au milieu de la temp\u00eate.<\/span><\/p>\n<p><span style=\"font-weight: 400;\">Au c\u0153ur de cette reprise \u00e9conomique, les petites entreprises, souvent consid\u00e9r\u00e9es comme l\u2019\u00e9l\u00e9ment vital de la communaut\u00e9, sont devenues les principales b\u00e9n\u00e9ficiaires des pr\u00eats du CUEC. Ces pr\u00eats ont servi de bou\u00e9e de sauvetage, leur permettant de faire face aux circonstances difficiles de cette crise sans pr\u00e9c\u00e9dent.<\/span><\/p>\n<p><span style=\"font-weight: 400;\">\u00a0En tirant parti de ce solide coussin financier, ces entreprises ont r\u00e9ussi \u00e0 maintenir leurs op\u00e9rations sans probl\u00e8me, \u00e0 continuer de servir la communaut\u00e9 et \u00e0 demeurer \u00e0 l&#039;avant-garde du parcours de Saint-Hyacinthe vers la reprise \u00e9conomique. Ce parcours, marqu\u00e9 par le courage et la r\u00e9silience, souligne le r\u00f4le central que les pr\u00eats du CUEC ont jou\u00e9 dans la pr\u00e9servation de l&#039;esprit entrepreneurial et de la t\u00e9nacit\u00e9 de Saint-Hyacinthe.<\/span><\/p>\n<h2><span style=\"font-weight: 400;\">Taux d&#039;int\u00e9r\u00eat<\/span><\/h2>\n<p><span style=\"font-weight: 400;\">La structure des pr\u00eats du CUEC a offert une lueur d\u2019espoir aux entreprises en ces temps difficiles. Une caract\u00e9ristique remarquable de ces pr\u00eats \u00e9tait le taux d\u2019int\u00e9r\u00eat annuel de z\u00e9ro pour cent, remarquablement avantageux, qui est rest\u00e9 en vigueur jusqu\u2019au 31 d\u00e9cembre 2023. Cette d\u00e9cision r\u00e9fl\u00e9chie a \u00e9t\u00e9 prise pour all\u00e9ger la pression financi\u00e8re sur les entreprises, en particulier pendant les premi\u00e8res \u00e9tapes de la reprise \u00e9conomique. Cette disposition cruciale a apport\u00e9 un soulagement, permettant aux entreprises de recentrer leurs efforts sur la reconstruction de leurs op\u00e9rations et la revitalisation de leurs sources de revenus.<\/span><\/p>\n<p><span style=\"font-weight: 400;\">Cependant, \u00e0 partir du 1er janvier 2024, le sc\u00e9nario change puisqu&#039;un taux d&#039;int\u00e9r\u00eat annuel de 5% est introduit sur le solde restant du pr\u00eat. M\u00eame si cela marque la fin du <a href=\"http:\/\/ceba.ca\/fr\/news\/is-ceba-interest-free\/\">p\u00e9riode sans int\u00e9r\u00eat<\/a>, il est important de noter que le taux d&#039;int\u00e9r\u00eat demeure raisonnable, garantissant ainsi aux entreprises de conserver leur flexibilit\u00e9 financi\u00e8re.<\/span><\/p>\n<h2><span style=\"font-weight: 400;\">Cat\u00e9gories de d\u00e9penses non reportables pour l\u2019admissibilit\u00e9 au CUEC<\/span><\/h2>\n<p><span style=\"font-weight: 400;\">Voici les cat\u00e9gories de d\u00e9penses non reportables que les entreprises peuvent utiliser pour r\u00e9pondre aux crit\u00e8res d\u2019admissibilit\u00e9 au pr\u00eat CUEC\u00a0:<\/span><\/p>\n<h3><span style=\"font-weight: 400;\">1. Frais d&#039;assurance<\/span><\/h3>\n<p><span style=\"font-weight: 400;\">Dans le domaine des affaires en constante \u00e9volution, l\u2019assurance constitue un bouclier protecteur vital. Cette cat\u00e9gorie englobe un \u00e9ventail de d\u00e9penses li\u00e9es \u00e0 l&#039;assurance des entreprises, notamment la couverture responsabilit\u00e9 civile, l&#039;assurance des biens, l&#039;indemnisation des accidents du travail, etc. Ces co\u00fbts vont au-del\u00e0 des simples d\u00e9penses financi\u00e8res ; ils repr\u00e9sentent des investissements prudents dans la gestion des risques.<\/span><\/p>\n<p><span style=\"font-family: inherit; font-size: 29px; font-style: inherit;\">2. Salaires et d\u00e9penses d&#039;emploi<\/span><\/p>\n<p><span style=\"font-weight: 400;\">Dans le monde des affaires, la vitalit\u00e9 d\u2019une entreprise est intrins\u00e8quement li\u00e9e \u00e0 ses effectifs. Cette cat\u00e9gorie comprend les d\u00e9penses li\u00e9es aux salaires, traitements et avantages sociaux \u2013 les investissements financiers qui font avancer une entreprise. Ces d\u00e9penses transcendent les simples chiffres ; ils symbolisent l&#039;engagement d&#039;une entreprise envers ses employ\u00e9s, qui constituent le fondement de ses op\u00e9rations.<\/span><\/p>\n<p><span style=\"font-family: inherit; font-size: 29px; font-style: inherit;\">3. Loyer et paiements de location<\/span><\/p>\n<p><span style=\"font-weight: 400;\">La cat\u00e9gorie suivante comprend les <a href=\"http:\/\/ceba.ca\/fr\/news\/when-does-the-ceba-loan-need-to-be-repaid\/\">frais<\/a> associ\u00e9 \u00e0 la s\u00e9curisation d&#039;un espace physique pour une entreprise, que ce soit par la location de biens immobiliers ou la location de biens d&#039;\u00e9quipement. Ces d\u00e9penses constituent la pierre angulaire du soutien au cadre op\u00e9rationnel d&#039;une entreprise.<\/span><\/p>\n<h3><span style=\"font-weight: 400;\">4. Co\u00fbts des t\u00e9l\u00e9communications et des services publics<\/span><\/h3>\n<p><span style=\"font-weight: 400;\">Cette cat\u00e9gorie couvre les d\u00e9penses associ\u00e9es aux services publics essentiels n\u00e9cessaires au bon fonctionnement d\u2019une entreprise. Qu\u2019il s\u2019agisse d\u2019alimenter les op\u00e9rations en \u00e9lectricit\u00e9 ou de permettre la communication via les services t\u00e9l\u00e9phoniques et Internet, ces co\u00fbts sont essentiels pour garantir une fonctionnalit\u00e9 commerciale ininterrompue.<\/span><\/p>\n<p><span style=\"font-family: inherit; font-size: 29px; font-style: inherit;\">5. Paiements de l&#039;imp\u00f4t foncier<\/span><\/p>\n<p><span style=\"font-weight: 400;\">Le paiement des taxes fonci\u00e8res li\u00e9es aux locaux commerciaux est \u00e0 la fois incontournable et crucial. Class\u00e9s comme d\u00e9penses non reportables, ces paiements garantissent que votre entreprise reste conforme \u00e0 ses obligations l\u00e9gales.<\/span><\/p>\n<h3><span style=\"font-weight: 400;\">6. Contrats et frais de licence<\/span><\/h3>\n<p><span style=\"font-weight: 400;\">G\u00e9rer une entreprise implique bien plus que la simple gestion du personnel et le marketing des produits ; cela englobe \u00e9galement le respect des r\u00e9glementations et des normes de l\u2019industrie. Cette cat\u00e9gorie comprend les paiements aux entrepreneurs ind\u00e9pendants et les frais associ\u00e9s au maintien des licences. Ces d\u00e9penses comprennent les co\u00fbts li\u00e9s au respect des accords contractuels et des licences n\u00e9cessaires au bon fonctionnement d&#039;une entreprise.<\/span><\/p>\n<h3><span style=\"font-weight: 400;\">7. D\u00e9penses en mat\u00e9riaux de production<\/span><\/h3>\n<p><span style=\"font-weight: 400;\">La derni\u00e8re cat\u00e9gorie concerne les d\u00e9penses li\u00e9es aux mat\u00e9riaux utilis\u00e9s dans la production de biens. Impr\u00e9gn\u00e9s de l\u2019essence de l\u2019artisanat et de l\u2019innovation, ces co\u00fbts repr\u00e9sentent l\u2019\u00e9l\u00e9ment vital des entreprises engag\u00e9es dans la cr\u00e9ation de produits ou la fourniture de services. Ces d\u00e9penses rev\u00eatent une importance consid\u00e9rable car elles sont directement li\u00e9es \u00e0 la production de biens ou de services par une entreprise.<\/span><\/p>\n<p><span style=\"font-family: inherit; font-size: 29px; font-style: inherit;\">8. Service de la dette<\/span><\/p>\n<p><span style=\"font-weight: 400;\">Dans le cadre de la conduite des affaires, les fluctuations financi\u00e8res sont monnaie courante et il arrive parfois qu\u2019un coup de pouce financier s\u2019av\u00e8re n\u00e9cessaire pour assurer la continuit\u00e9 des op\u00e9rations. La cat\u00e9gorie Service de la dette englobe les paiements r\u00e9guliers effectu\u00e9s pour honorer les obligations de la dette. Ces remboursements constituent un aspect fondamental de la responsabilit\u00e9 financi\u00e8re et ne peuvent \u00eatre report\u00e9s dans une entreprise bien g\u00e9r\u00e9e.<\/span><span style=\"font-weight: 400;\">\u00a0<\/span><\/p>\n<h2><span style=\"font-weight: 400;\">Expansion, remboursement et pardon du CUEC<\/span><\/h2>\n<p><span style=\"font-weight: 400;\">En r\u00e9ponse \u00e0 l&#039;\u00e9volution des besoins des entreprises et aux d\u00e9fis \u00e9conomiques persistants caus\u00e9s par la pand\u00e9mie, le programme de pr\u00eat CUEC a \u00e9t\u00e9 \u00e9largi, offrant $20 000 suppl\u00e9mentaires. Ce <a href=\"http:\/\/ceba.ca\/fr\/information\/is-ceba-extended\/\">extension<\/a> \u00e9tait exclusivement offert aux entreprises admissibles de Saint-Hyacinthe qui avaient besoin d&#039;un soutien financier suppl\u00e9mentaire au-del\u00e0 du pr\u00eat initial de $40 000.<\/span><\/p>\n<p><span style=\"font-weight: 400;\">L&#039;agrandissement de $20 000 illustre l&#039;engagement in\u00e9branlable du CEBA \u00e0 soutenir les entreprises et \u00e0 servir de point d&#039;ancrage financier en ces temps difficiles. Toutefois, les entreprises devaient r\u00e9pondre \u00e0 des exigences pr\u00e9cises et respecter des d\u00e9lais pour pouvoir b\u00e9n\u00e9ficier de cette aide suppl\u00e9mentaire.<\/span><\/p>\n<p><span style=\"font-weight: 400;\">De plus, pour inciter les entreprises \u00e0 rembourser leurs pr\u00eats rapidement, le CUEC a introduit un incitatif financier. Si une entreprise parvient \u00e0 r\u00e9gler son capital impay\u00e9, \u00e0 l&#039;exclusion de la partie admissible \u00e0 l&#039;annulation de la dette, d&#039;ici la fin de 2023, elle est admissible \u00e0 la disposition d&#039;annulation de la dette du CUEC.<\/span><\/p>\n<p><span style=\"font-weight: 400;\">Concr\u00e8tement, cela signifie que le montant restant du capital sera annul\u00e9, ce qui souligne l&#039;engagement du CUEC \u00e0 favoriser un environnement financier stable. Cette disposition offre une opportunit\u00e9 pleine d&#039;espoir aux entreprises capables de respecter leurs engagements financiers dans les d\u00e9lais impartis, favorisant la responsabilit\u00e9 financi\u00e8re tout en r\u00e9duisant le fardeau de la dette.<\/span><\/p>\n<h2><span style=\"font-weight: 400;\">Conclusion<\/span><\/h2>\n<p><span style=\"font-weight: 400;\">En r\u00e9sum\u00e9, les pr\u00eats du CUEC se sont r\u00e9v\u00e9l\u00e9s \u00eatre une bou\u00e9e de sauvetage essentielle pour les entreprises aux prises avec des difficult\u00e9s financi\u00e8res en pleine pand\u00e9mie. Leur conception contribue non seulement \u00e0 la survie imm\u00e9diate, mais ouvre \u00e9galement la voie \u00e0 une croissance future, incarnant l\u2019esprit de r\u00e9silience. \u00c0 l\u2019avenir, ces ressources financi\u00e8res devraient continuer \u00e0 jouer un r\u00f4le central dans la reprise \u00e9conomique en cours.<\/span><\/p>","protected":false},"excerpt":{"rendered":"<p>In the lively setting of Saint-Hyacinthe, local businesses faced unparalleled challenges due to the COVID-19 pandemic. However, amidst this turmoil, a beacon of assistance emerged in the form of the Canada Emergency Business Account (CEBA) loan program. It surfaced at a critical juncture when businesses were grappling with the uncertainties brought about by the pandemic. [&hellip;]<\/p>\n","protected":false},"author":2,"featured_media":5112,"parent":0,"menu_order":0,"comment_status":"closed","ping_status":"closed","template":"","meta":{"footnotes":""},"class_list":["post-3733","page","type-page","status-publish","has-post-thumbnail","hentry"],"_links":{"self":[{"href":"https:\/\/ceba.ca\/fr\/wp-json\/wp\/v2\/pages\/3733","targetHints":{"allow":["GET"]}}],"collection":[{"href":"https:\/\/ceba.ca\/fr\/wp-json\/wp\/v2\/pages"}],"about":[{"href":"https:\/\/ceba.ca\/fr\/wp-json\/wp\/v2\/types\/page"}],"author":[{"embeddable":true,"href":"https:\/\/ceba.ca\/fr\/wp-json\/wp\/v2\/users\/2"}],"replies":[{"embeddable":true,"href":"https:\/\/ceba.ca\/fr\/wp-json\/wp\/v2\/comments?post=3733"}],"version-history":[{"count":4,"href":"https:\/\/ceba.ca\/fr\/wp-json\/wp\/v2\/pages\/3733\/revisions"}],"predecessor-version":[{"id":5055,"href":"https:\/\/ceba.ca\/fr\/wp-json\/wp\/v2\/pages\/3733\/revisions\/5055"}],"wp:featuredmedia":[{"embeddable":true,"href":"https:\/\/ceba.ca\/fr\/wp-json\/wp\/v2\/media\/5112"}],"wp:attachment":[{"href":"https:\/\/ceba.ca\/fr\/wp-json\/wp\/v2\/media?parent=3733"}],"curies":[{"name":"wp","href":"https:\/\/api.w.org\/{rel}","templated":true}]}}