{"id":3728,"date":"2023-09-06T03:26:08","date_gmt":"2023-09-06T07:26:08","guid":{"rendered":"http:\/\/ceba.ca\/?page_id=3728"},"modified":"2023-09-06T03:26:08","modified_gmt":"2023-09-06T07:26:08","slug":"ceba-loan-in-north-bay","status":"publish","type":"page","link":"https:\/\/ceba.ca\/fr\/ceba-loan-in-north-bay\/","title":{"rendered":"Pr\u00eat du CUEC \u00e0 North Bay"},"content":{"rendered":"<p><span style=\"font-weight: 400;\">Au milieu de l&#039;atmosph\u00e8re anim\u00e9e de North Bay, l&#039;arriv\u00e9e de la pand\u00e9mie de COVID-19 a pos\u00e9 des d\u00e9fis extraordinaires aux entreprises locales. Cependant, au milieu de cette tourmente, une lueur de soutien a \u00e9merg\u00e9 sous la forme de <a href=\"http:\/\/ceba.ca\/fr\/ceba-loan\/\">le programme de pr\u00eat du Compte d\u2019urgence pour les entreprises canadiennes (CUEC)<\/a>. Cette question est apparue au premier plan pr\u00e9cis\u00e9ment au moment o\u00f9 les entreprises \u00e9taient aux prises avec les incertitudes impos\u00e9es par la pand\u00e9mie.<\/span><\/p>\n<p><span style=\"font-weight: 400;\">Cet article souligne le r\u00f4le central jou\u00e9 par le pr\u00eat CUEC dans <a href=\"https:\/\/en.wikipedia.org\/wiki\/North_Bay,_Ontario\" target=\"_blank\" rel=\"noopener\">Baie Nord<\/a>. Il a servi de bou\u00e9e de sauvetage financi\u00e8re, de lueur d\u2019espoir et de pierre angulaire de la revitalisation de l\u2019\u00e9conomie locale.<\/span><\/p>\n<h2><span style=\"font-weight: 400;\">Le pr\u00eat CUEC \u00e0 North Bay<\/span><\/h2>\n<p><span style=\"font-weight: 400;\">Le paysage commercial de North Bay s&#039;est retrouv\u00e9 \u00e0 l&#039;\u00e9picentre de la temp\u00eate \u00e9conomique d\u00e9clench\u00e9e par la pand\u00e9mie. En r\u00e9ponse \u00e0 ces circonstances exceptionnelles, le programme de pr\u00eats du Compte d\u2019urgence pour les entreprises canadiennes (CUEC) est apparu comme un phare qui \u00e9claire la voie vers la reprise.<\/span><\/p>\n<p><span style=\"font-weight: 400;\">Ce programme a offert aux entreprises \u00e9ligibles la possibilit\u00e9 d&#039;acc\u00e9der \u00e0 des pr\u00eats garantis par le gouvernement pouvant atteindre $60 000. Cette aide financi\u00e8re a jou\u00e9 un r\u00f4le crucial en aidant les entreprises \u00e0 conserver leur main-d&#039;\u0153uvre, \u00e0 g\u00e9rer leurs d\u00e9penses courantes et \u00e0 s&#039;adapter aux changements impr\u00e9visibles du march\u00e9.<\/span><\/p>\n<h2><span style=\"font-weight: 400;\">L\u2019impact des pr\u00eats CUEC<\/span><\/h2>\n<p><span style=\"font-weight: 400;\">Dans le paysage \u00e9conomique diversifi\u00e9 de North Bay, l&#039;impact des pr\u00eats du CUEC a eu un impact consid\u00e9rable. Avec des secteurs allant de la fabrication et des soins de sant\u00e9 \u00e0 l&#039;\u00e9ducation et au commerce de d\u00e9tail, l&#039;\u00e9conomie de North Bay a prosp\u00e9r\u00e9 gr\u00e2ce \u00e0 la polyvalence de ses entreprises. Cependant, face aux dures r\u00e9alit\u00e9s de la pand\u00e9mie, ces diverses entit\u00e9s ont trouv\u00e9 un alli\u00e9 solide dans les pr\u00eats du CUEC. Tout comme un canot de sauvetage fiable dans des eaux turbulentes, ces pr\u00eats ont fourni un soutien essentiel pour maintenir les entreprises \u00e0 flot au milieu de la temp\u00eate.<\/span><\/p>\n<p><span style=\"font-weight: 400;\">Au c\u0153ur de cette relance \u00e9conomique, les petites entreprises, souvent consid\u00e9r\u00e9es comme l\u2019\u00e9l\u00e9ment vital de la communaut\u00e9, sont devenues les principales b\u00e9n\u00e9ficiaires des pr\u00eats du CUEC. Ces pr\u00eats ont servi de bou\u00e9e de sauvetage, leur permettant de faire face aux circonstances difficiles de cette crise sans pr\u00e9c\u00e9dent.<\/span><\/p>\n<p><span style=\"font-weight: 400;\">\u00a0En tirant parti de ce solide coussin financier, ces entreprises ont r\u00e9ussi \u00e0 maintenir leurs op\u00e9rations sans heurts, \u00e0 continuer de servir la communaut\u00e9 et \u00e0 rester \u00e0 l&#039;avant-garde du parcours de North Bay vers la reprise \u00e9conomique. Ce parcours, caract\u00e9ris\u00e9 par le courage et la pers\u00e9v\u00e9rance, souligne le r\u00f4le d\u00e9terminant que les pr\u00eats du CUEC ont jou\u00e9 dans la pr\u00e9servation de l&#039;esprit entrepreneurial et de la r\u00e9silience de North Bay.<\/span><\/p>\n<h2><span style=\"font-weight: 400;\">Int\u00e9r\u00eat<\/span><\/h2>\n<p><span style=\"font-weight: 400;\">La structure des pr\u00eats du CUEC a offert une lueur d\u2019espoir aux entreprises en ces temps difficiles. L&#039;une des caract\u00e9ristiques marquantes de ces pr\u00eats \u00e9tait le taux d&#039;int\u00e9r\u00eat annuel tr\u00e8s attractif de z\u00e9ro pour cent, qui est rest\u00e9 en vigueur jusqu&#039;au 31 d\u00e9cembre 2023. Cette d\u00e9cision r\u00e9fl\u00e9chie a \u00e9t\u00e9 prise dans le but d&#039;all\u00e9ger la pression financi\u00e8re sur les entreprises, en particulier pendant les premi\u00e8res phases de la reprise \u00e9conomique. Cette disposition cruciale a offert un r\u00e9pit, permettant aux entreprises de r\u00e9orienter leurs efforts vers la reconstruction de leurs op\u00e9rations et la revigoration de leurs sources de revenus.<\/span><\/p>\n<p><span style=\"font-weight: 400;\">Cependant, \u00e0 partir du 1er janvier 2024, l\u2019\u00e9quation change en tant que<a href=\"http:\/\/ceba.ca\/fr\/news\/is-ceba-interest-free\/\"> Taux d&#039;int\u00e9r\u00eat annuel 5%<\/a> est introduit sur le solde restant du pr\u00eat. Bien que cela signifie la fin de la p\u00e9riode sans int\u00e9r\u00eat, il est important de noter que le taux d\u2019int\u00e9r\u00eat reste modeste, garantissant ainsi aux entreprises de conserver leur flexibilit\u00e9 financi\u00e8re.<\/span><\/p>\n<h2><span style=\"font-weight: 400;\">Cat\u00e9gories de d\u00e9penses non reportables pour l\u2019admissibilit\u00e9 au CUEC<\/span><\/h2>\n<p><span style=\"font-weight: 400;\">Vous trouverez ci-dessous les cat\u00e9gories de d\u00e9penses non reportables que les entreprises peuvent utiliser pour r\u00e9pondre aux crit\u00e8res d&#039;admissibilit\u00e9 au pr\u00eat CUEC.<\/span><\/p>\n<h3><span style=\"font-weight: 400;\">1. Salaires et d\u00e9penses d&#039;emploi<\/span><\/h3>\n<p><span style=\"font-weight: 400;\">Dans le monde des affaires, la vitalit\u00e9 d\u2019une entreprise est intrins\u00e8quement li\u00e9e \u00e0 ses effectifs. Cette cat\u00e9gorie englobe les d\u00e9penses li\u00e9es aux salaires, traitements et avantages sociaux \u2013 les investissements financiers qui font avancer une entreprise. Ces d\u00e9penses vont au-del\u00e0 de simples chiffres ; ils symbolisent le d\u00e9vouement d&#039;une entreprise envers ses employ\u00e9s, qui constituent le fondement de ses op\u00e9rations.<\/span><\/p>\n<h3><span style=\"font-weight: 400;\">2. Loyer et paiements de location<\/span><\/h3>\n<p><span style=\"font-weight: 400;\">\u00a0La cat\u00e9gorie suivante englobe les co\u00fbts associ\u00e9s \u00e0 l&#039;obtention d&#039;un espace physique pour une entreprise, que ce soit par la location de biens immobiliers ou la location de biens d&#039;\u00e9quipement. Ces d\u00e9penses constituent le fondement du soutien au cadre op\u00e9rationnel d\u2019une entreprise.<\/span><\/p>\n<h3><span style=\"font-weight: 400;\">3. Frais d&#039;assurance<\/span><\/h3>\n<p><span style=\"font-weight: 400;\">Dans le monde dynamique des affaires, l\u2019assurance constitue un filet de s\u00e9curit\u00e9 crucial. Cette cat\u00e9gorie englobe une vari\u00e9t\u00e9 de d\u00e9penses li\u00e9es \u00e0 l&#039;assurance des entreprises, notamment la couverture responsabilit\u00e9 civile, l&#039;assurance des biens, l&#039;indemnisation des accidents du travail, etc. Ces d\u00e9penses ne sont pas de simples d\u00e9penses ; ils repr\u00e9sentent des investissements prudents dans la gestion des risques.<\/span><\/p>\n<h3><span style=\"font-weight: 400;\">4. Imp\u00f4ts fonciers<\/span><\/h3>\n<p><span style=\"font-weight: 400;\">\u00a0<a href=\"http:\/\/ceba.ca\/fr\/ceba-loan-repayment\/\">Paiements<\/a> car les taxes fonci\u00e8res li\u00e9es aux locaux professionnels sont \u00e0 la fois in\u00e9vitables et indispensables. Class\u00e9s comme d\u00e9penses non reportables, ces paiements garantissent que votre entreprise reste en r\u00e8gle et respecte les exigences l\u00e9gales.<\/span><\/p>\n<h3><span style=\"font-weight: 400;\">5. T\u00e9l\u00e9phone et services publics<\/span><\/h3>\n<p><span style=\"font-weight: 400;\">Cette cat\u00e9gorie comprend les d\u00e9penses associ\u00e9es aux services publics essentiels n\u00e9cessaires au bon fonctionnement d\u2019une entreprise. Qu&#039;il s&#039;agisse d&#039;entretenir les lumi\u00e8res gr\u00e2ce \u00e0 l&#039;\u00e9lectricit\u00e9 ou de faciliter la communication via les services t\u00e9l\u00e9phoniques et Internet, ces co\u00fbts sont essentiels pour garantir le fonctionnement ininterrompu d&#039;une entreprise.<\/span><\/p>\n<h3><span style=\"font-weight: 400;\">6. Service de la dette<\/span><\/h3>\n<p><span style=\"font-weight: 400;\">Dans le cadre de la conduite des affaires, les fluctuations financi\u00e8res sont monnaie courante et un coup de pouce financier devient parfois n\u00e9cessaire pour assurer le bon fonctionnement des op\u00e9rations. La cat\u00e9gorie Service de la dette englobe les paiements r\u00e9guliers effectu\u00e9s pour honorer les obligations li\u00e9es \u00e0 la dette. Ces remboursements constituent un aspect fondamental de la responsabilit\u00e9 financi\u00e8re et ne peuvent \u00eatre diff\u00e9r\u00e9s dans une entreprise bien g\u00e9r\u00e9e.<\/span><\/p>\n<h3><span style=\"font-weight: 400;\">7. Accords et licences<\/span><\/h3>\n<p><span style=\"font-weight: 400;\">G\u00e9rer une entreprise implique bien plus que simplement superviser le personnel ou commercialiser des produits ; cela n\u00e9cessite \u00e9galement le respect des r\u00e9glementations et des normes de l\u2019industrie. Cette cat\u00e9gorie comprend les paiements aux entrepreneurs ind\u00e9pendants et les frais associ\u00e9s au maintien des licences. Ces d\u00e9penses englobent les co\u00fbts associ\u00e9s au respect des accords contractuels et des licences qui sont cruciaux pour le bon fonctionnement d&#039;une entreprise.<\/span><\/p>\n<h3><span style=\"font-weight: 400;\">8. Mat\u00e9riaux pour la production<\/span><\/h3>\n<p><span style=\"font-weight: 400;\">La derni\u00e8re cat\u00e9gorie concerne les d\u00e9penses li\u00e9es aux mat\u00e9riaux utilis\u00e9s dans la production de biens. Impr\u00e9gn\u00e9es de l&#039;essence de l&#039;artisanat et de l&#039;innovation, ces d\u00e9penses repr\u00e9sentent l&#039;\u00e9l\u00e9ment vital des entreprises engag\u00e9es dans la cr\u00e9ation de produits ou la prestation de services. Ces co\u00fbts rev\u00eatent une importance consid\u00e9rable car ils sont directement li\u00e9s \u00e0 la production de biens ou de services par une entreprise.<\/span><\/p>\n<h2><span style=\"font-weight: 400;\">Expansion, remboursement et pardon du CUEC<\/span><\/h2>\n<p><span style=\"font-weight: 400;\">En r\u00e9ponse \u00e0 l&#039;\u00e9volution des besoins des entreprises et aux d\u00e9fis \u00e9conomiques persistants caus\u00e9s par la pand\u00e9mie, le programme de pr\u00eat CUEC a connu une expansion, offrant $20 000 suppl\u00e9mentaires. Cette prolongation \u00e9tait exclusivement disponible pour les entreprises admissibles de North Bay n\u00e9cessitant un soutien financier suppl\u00e9mentaire au-del\u00e0 du pr\u00eat initial de $40,000.<\/span><\/p>\n<p><span style=\"font-weight: 400;\">L&#039;agrandissement de $20 000 illustre l&#039;engagement in\u00e9branlable du CEBA \u00e0 soutenir les entreprises et \u00e0 servir de point d&#039;ancrage financier en ces temps difficiles. Toutefois, les entreprises devaient remplir des conditions pr\u00e9cises et respecter des d\u00e9lais pour pouvoir b\u00e9n\u00e9ficier de cette aide suppl\u00e9mentaire.<\/span><\/p>\n<p><span style=\"font-weight: 400;\">De plus, dans le but de motiver les entreprises \u00e0 rembourser leurs pr\u00eats rapidement, le CUEC a mis en place un incitatif financier. Si une entreprise r\u00e9ussit \u00e0 r\u00e9gler son capital impay\u00e9, \u00e0 l&#039;exclusion de la partie admissible \u00e0 l&#039;annulation de la dette, d&#039;ici la fin de 2023, elle est admissible \u00e0 la disposition d&#039;annulation de la dette du CUEC.<\/span><\/p>\n<p><span style=\"font-weight: 400;\">Concr\u00e8tement, cela signifie que le montant du capital restant sera annul\u00e9, ce qui souligne l&#039;engagement du CUEC \u00e0 favoriser un environnement financier stable. Cette disposition pr\u00e9sente une opportunit\u00e9 pleine d&#039;espoir pour les entreprises capables de remplir leurs engagements financiers dans les d\u00e9lais impartis, favorisant la responsabilit\u00e9 financi\u00e8re tout en all\u00e9geant le fardeau de la dette.<\/span><\/p>\n<h2><span style=\"font-weight: 400;\">Conclusion<\/span><\/h2>\n<p><span style=\"font-weight: 400;\">En r\u00e9sum\u00e9, les pr\u00eats du CUEC ont jou\u00e9 un r\u00f4le central en tant que syst\u00e8me de soutien vital pour les entreprises aux prises avec des difficult\u00e9s financi\u00e8res en pleine pand\u00e9mie. Leur conception contribue non seulement \u00e0 la survie, mais favorise \u00e9galement la croissance, incarnant l\u2019esprit de r\u00e9silience. \u00c0 l\u2019avenir, ces outils financiers continueront d\u2019\u00eatre au c\u0153ur de l\u2019histoire actuelle de la reprise \u00e9conomique.<\/span><\/p>","protected":false},"excerpt":{"rendered":"<p>In the midst of North Bay&#8217;s lively atmosphere, the arrival of the COVID-19 pandemic brought about extraordinary challenges for local businesses. However, amid this turmoil, a beacon of support emerged in the form of the Canada Emergency Business Account (CEBA) loan program. It came to the forefront precisely when businesses were grappling with the uncertainties [&hellip;]<\/p>\n","protected":false},"author":2,"featured_media":5111,"parent":0,"menu_order":0,"comment_status":"closed","ping_status":"closed","template":"","meta":{"footnotes":""},"class_list":["post-3728","page","type-page","status-publish","has-post-thumbnail","hentry"],"_links":{"self":[{"href":"https:\/\/ceba.ca\/fr\/wp-json\/wp\/v2\/pages\/3728","targetHints":{"allow":["GET"]}}],"collection":[{"href":"https:\/\/ceba.ca\/fr\/wp-json\/wp\/v2\/pages"}],"about":[{"href":"https:\/\/ceba.ca\/fr\/wp-json\/wp\/v2\/types\/page"}],"author":[{"embeddable":true,"href":"https:\/\/ceba.ca\/fr\/wp-json\/wp\/v2\/users\/2"}],"replies":[{"embeddable":true,"href":"https:\/\/ceba.ca\/fr\/wp-json\/wp\/v2\/comments?post=3728"}],"version-history":[{"count":4,"href":"https:\/\/ceba.ca\/fr\/wp-json\/wp\/v2\/pages\/3728\/revisions"}],"predecessor-version":[{"id":5054,"href":"https:\/\/ceba.ca\/fr\/wp-json\/wp\/v2\/pages\/3728\/revisions\/5054"}],"wp:featuredmedia":[{"embeddable":true,"href":"https:\/\/ceba.ca\/fr\/wp-json\/wp\/v2\/media\/5111"}],"wp:attachment":[{"href":"https:\/\/ceba.ca\/fr\/wp-json\/wp\/v2\/media?parent=3728"}],"curies":[{"name":"wp","href":"https:\/\/api.w.org\/{rel}","templated":true}]}}