{"id":3724,"date":"2023-09-06T02:57:11","date_gmt":"2023-09-06T06:57:11","guid":{"rendered":"http:\/\/ceba.ca\/?page_id=3724"},"modified":"2023-09-06T02:57:11","modified_gmt":"2023-09-06T06:57:11","slug":"ceba-loan-in-vernon","status":"publish","type":"page","link":"https:\/\/ceba.ca\/fr\/ceba-loan-in-vernon\/","title":{"rendered":"Pr\u00eat CUEC \u00e0 Vernon"},"content":{"rendered":"<p><span style=\"font-weight: 400;\">Au milieu du pouls vibrant de <a href=\"https:\/\/en.wikipedia.org\/wiki\/Vernon\" target=\"_blank\" rel=\"noopener\">Vernon<\/a>, l\u2019arriv\u00e9e de la temp\u00eate COVID-19 a pos\u00e9 des d\u00e9fis sans pr\u00e9c\u00e9dent aux entreprises locales. Cependant, au milieu de cette tourmente, une brillante source de soutien a \u00e9merg\u00e9 : le<a href=\"http:\/\/ceba.ca\/fr\/ceba-loan\/\"> Programme de pr\u00eats du Compte d&#039;urgence pour les entreprises canadiennes (CUEC)<\/a>. Cette question est apparue au premier plan pr\u00e9cis\u00e9ment au moment o\u00f9 les entreprises \u00e9taient aux prises avec les incertitudes impos\u00e9es par la pand\u00e9mie.<\/span><\/p>\n<p><span style=\"font-weight: 400;\">Cet article examine le r\u00f4le crucial jou\u00e9 par le pr\u00eat CUEC \u00e0 Vernon : il a agi comme une bou\u00e9e de sauvetage financi\u00e8re, une lueur d&#039;espoir et une pierre angulaire pour le rajeunissement de l&#039;\u00e9conomie locale.<\/span><\/p>\n<h2><span style=\"font-weight: 400;\">Le pr\u00eat CUEC \u00e0 Vernon<\/span><\/h2>\n<p><span style=\"font-weight: 400;\">Le paysage commercial de Vernon s\u2019est retrouv\u00e9 au c\u0153ur de la temp\u00eate \u00e9conomique d\u00e9clench\u00e9e par la pand\u00e9mie. En r\u00e9ponse \u00e0 ces circonstances exceptionnelles, le <a href=\"https:\/\/ceba-cuec.ca\/\" target=\"_blank\" rel=\"noopener\">Programme CUEC<\/a> est apparu comme un phare, \u00e9clairant le chemin vers le r\u00e9tablissement.<\/span><\/p>\n<p><span style=\"font-weight: 400;\">Ce programme a offert aux entreprises \u00e9ligibles la possibilit\u00e9 d&#039;acc\u00e9der \u00e0 des pr\u00eats garantis par le gouvernement pouvant atteindre $60 000. Cette aide financi\u00e8re a jou\u00e9 un r\u00f4le crucial en aidant les entreprises \u00e0 maintenir leur effectif, \u00e0 g\u00e9rer leurs d\u00e9penses courantes et \u00e0 s&#039;adapter aux changements impr\u00e9visibles du march\u00e9.<\/span><\/p>\n<h2><span style=\"font-weight: 400;\">L\u2019impact des pr\u00eats CUEC<\/span><\/h2>\n<p><span style=\"font-weight: 400;\">Dans le tissu \u00e9conomique diversifi\u00e9 de Vernon, l\u2019impact des pr\u00eats du CUEC s\u2019est fortement r\u00e9percut\u00e9. Avec des secteurs allant de la fabrication et de la sant\u00e9 \u00e0 l&#039;\u00e9ducation et \u00e0 la vente au d\u00e9tail, l&#039;\u00e9conomie de Vernon a prosp\u00e9r\u00e9 gr\u00e2ce \u00e0 la polyvalence de ses entreprises. <\/span><\/p>\n<p><span style=\"font-weight: 400;\">Cependant, confront\u00e9es aux dures r\u00e9alit\u00e9s de la pand\u00e9mie, ces diverses entit\u00e9s ont trouv\u00e9 un alli\u00e9 solide dans les pr\u00eats du CUEC. Tel un canot de sauvetage fiable dans des eaux turbulentes, ces pr\u00eats ont fourni le soutien essentiel pour maintenir les entreprises \u00e0 flot au milieu de la temp\u00eate.<\/span><\/p>\n<p><span style=\"font-weight: 400;\">Au c\u0153ur de cette reprise \u00e9conomique, les petites entreprises, souvent consid\u00e9r\u00e9es comme l\u2019\u00e9l\u00e9ment vital de la communaut\u00e9, sont devenues les principales b\u00e9n\u00e9ficiaires des pr\u00eats du CUEC. Ces pr\u00eats ont servi de bou\u00e9e de sauvetage, leur permettant de faire face aux circonstances difficiles de cette crise sans pr\u00e9c\u00e9dent.<\/span><\/p>\n<p><span style=\"font-weight: 400;\">En tirant parti de ce solide coussin financier, ces entreprises ont r\u00e9ussi \u00e0 maintenir leurs op\u00e9rations sans heurts, \u00e0 continuer de servir la communaut\u00e9 et \u00e0 rester \u00e0 l&#039;avant-garde du parcours de Vernon vers la reprise \u00e9conomique. Ce parcours, caract\u00e9ris\u00e9 par le courage et la pers\u00e9v\u00e9rance, souligne le r\u00f4le d\u00e9terminant que les pr\u00eats du CUEC ont jou\u00e9 dans la pr\u00e9servation de l&#039;esprit entrepreneurial et de la r\u00e9silience de Vernon.<\/span><\/p>\n<h2><span style=\"font-weight: 400;\">Taux d&#039;int\u00e9r\u00eat<\/span><\/h2>\n<p><span style=\"font-weight: 400;\">La structure des pr\u00eats du CUEC a constitu\u00e9 une lueur d\u2019espoir pour les entreprises en ces temps difficiles. Une caract\u00e9ristique remarquable de ces pr\u00eats \u00e9tait le taux annuel attrayant de z\u00e9ro pour cent. <a href=\"http:\/\/ceba.ca\/fr\/news\/is-ceba-loan-forgiveness-taxable-in-2023\/\">taux d\u2019int\u00e9r\u00eat en vigueur jusqu\u2019au 31 d\u00e9cembre 2023<\/a>. Cette d\u00e9cision d\u00e9lib\u00e9r\u00e9e visait \u00e0 all\u00e9ger la pression financi\u00e8re sur les entreprises, en particulier pendant les premi\u00e8res phases de reprise \u00e9conomique. Cette disposition cruciale a apport\u00e9 un soulagement, permettant aux entreprises de r\u00e9orienter leurs efforts vers la reconstruction de leurs op\u00e9rations et la revitalisation de leurs sources de revenus.<\/span><\/p>\n<p><span style=\"font-weight: 400;\">Cependant, \u00e0 compter du 1er janvier 2024, l\u2019\u00e9quation a chang\u00e9 puisqu\u2019un taux d\u2019int\u00e9r\u00eat annuel de 5% est introduit sur le solde restant du pr\u00eat. M\u00eame si cela marque la fin de la p\u00e9riode sans int\u00e9r\u00eat, le taux d\u2019int\u00e9r\u00eat reste minime, garantissant ainsi aux entreprises de conserver leur flexibilit\u00e9 financi\u00e8re.<\/span><\/p>\n<h2><span style=\"font-weight: 400;\">Cat\u00e9gories de d\u00e9penses non reportables pour l\u2019admissibilit\u00e9 au CUEC<\/span><\/h2>\n<p><span style=\"font-weight: 400;\">Voici les cat\u00e9gories de d\u00e9penses non reportables que les entreprises peuvent utiliser pour satisfaire aux crit\u00e8res d\u2019admissibilit\u00e9 au pr\u00eat CUEC\u00a0:<\/span><\/p>\n<h3><span style=\"font-weight: 400;\">1. Loyer et paiements de location<\/span><\/h3>\n<p><span style=\"font-weight: 400;\">\u00a0La cat\u00e9gorie suivante englobe les co\u00fbts associ\u00e9s \u00e0 l\u2019obtention d\u2019un espace physique pour une entreprise, que ce soit par la location de biens immobiliers ou la location de biens d\u2019\u00e9quipement. Ces d\u00e9penses servent de base au cadre op\u00e9rationnel d\u2019une entreprise.<\/span><\/p>\n<h3><span style=\"font-weight: 400;\">2. Frais d&#039;assurance<\/span><\/h3>\n<p><span style=\"font-weight: 400;\">Dans le paysage des affaires en constante \u00e9volution, l\u2019assurance constitue un filet de s\u00e9curit\u00e9 vital. Cette cat\u00e9gorie englobe divers types de d\u00e9penses d&#039;assurance li\u00e9es \u00e0 l&#039;entreprise, notamment la couverture responsabilit\u00e9 civile, l&#039;assurance des biens, l&#039;indemnisation des accidents du travail, etc. Ces d\u00e9penses ne sont pas simplement des co\u00fbts mais des investissements judicieux dans la gestion des risques.<\/span><\/p>\n<h3><span style=\"font-weight: 400;\">3. Salaires et d\u00e9penses d&#039;emploi<\/span><\/h3>\n<p><span style=\"font-weight: 400;\">\u00a0Dans le domaine des affaires, la force d\u2019une entreprise est intrins\u00e8quement li\u00e9e \u00e0 ses effectifs. Cette cat\u00e9gorie englobe les d\u00e9penses li\u00e9es aux salaires, traitements et avantages sociaux \u2013 l\u2019investissement financier qui fait avancer une entreprise. Ces d\u00e9penses vont au-del\u00e0 de simples chiffres ; ils symbolisent l&#039;engagement d&#039;une entreprise envers ses employ\u00e9s, qui sont la pierre angulaire de ses op\u00e9rations.<\/span><\/p>\n<h3><span style=\"font-weight: 400;\">4. T\u00e9l\u00e9phone et services publics<\/span><\/h3>\n<p><span style=\"font-weight: 400;\">Cette cat\u00e9gorie couvre les d\u00e9penses li\u00e9es aux services publics essentiels n\u00e9cessaires au bon fonctionnement d\u2019une entreprise. Qu\u2019il s\u2019agisse d\u2019assurer l\u2019\u00e9clairage gr\u00e2ce \u00e0 l\u2019\u00e9lectricit\u00e9 ou de faciliter la communication via les services t\u00e9l\u00e9phoniques et Internet, ces co\u00fbts sont cruciaux pour assurer le fonctionnement ininterrompu d\u2019une entreprise.<\/span><\/p>\n<h3><span style=\"font-weight: 400;\">5. Service de la dette<\/span><\/h3>\n<p><span style=\"font-weight: 400;\">Dans le cours des affaires, les fluctuations financi\u00e8res sont monnaie courante et parfois, un coup de pouce financier est n\u00e9cessaire pour maintenir le bon fonctionnement. La cat\u00e9gorie Service de la dette comprend les paiements r\u00e9guliers effectu\u00e9s pour assurer le service des dettes. Ces remboursements constituent un aspect fondamental de la responsabilit\u00e9 financi\u00e8re et ne peuvent \u00eatre report\u00e9s dans une entreprise bien g\u00e9r\u00e9e.<\/span><\/p>\n<h3><span style=\"font-weight: 400;\">6. Imp\u00f4ts fonciers<\/span><\/h3>\n<p><span style=\"font-weight: 400;\">Le paiement des taxes fonci\u00e8res li\u00e9es aux locaux commerciaux est \u00e0 la fois in\u00e9vitable et essentiel. Class\u00e9s comme d\u00e9penses non reportables, ces paiements garantissent que votre entreprise reste en r\u00e8gle conform\u00e9ment aux exigences l\u00e9gales.<\/span><\/p>\n<h3><span style=\"font-weight: 400;\">7. Mat\u00e9riaux pour la production<\/span><\/h3>\n<p><span style=\"font-weight: 400;\">La derni\u00e8re cat\u00e9gorie concerne les d\u00e9penses li\u00e9es aux mat\u00e9riaux utilis\u00e9s dans la production de biens. Impr\u00e9gn\u00e9es de l&#039;essence de l&#039;artisanat et de l&#039;innovation, ces d\u00e9penses repr\u00e9sentent l&#039;\u00e9l\u00e9ment vital des entreprises engag\u00e9es dans la cr\u00e9ation de produits ou la prestation de services. Ces co\u00fbts rev\u00eatent une importance consid\u00e9rable car ils sont directement li\u00e9s \u00e0 la production de produits ou de services d\u2019une entreprise.<\/span><\/p>\n<h3><span style=\"font-weight: 400;\">8. Accords et licences<\/span><\/h3>\n<p><span style=\"font-weight: 400;\">G\u00e9rer une entreprise implique bien plus que la simple gestion du personnel ou la commercialisation des produits ; cela implique \u00e9galement le respect des r\u00e9glementations et des normes de l\u2019industrie. Cette cat\u00e9gorie comprend les paiements aux entrepreneurs ind\u00e9pendants et les frais associ\u00e9s au maintien des licences. Ces d\u00e9penses englobent les co\u00fbts li\u00e9s au respect des accords contractuels et des licences qui sont essentiels au bon d\u00e9roulement des op\u00e9rations commerciales.<\/span><\/p>\n<h2><span style=\"font-weight: 400;\">Expansion, remboursement et pardon du CUEC<\/span><\/h2>\n<p><span style=\"font-weight: 400;\">\u00a0<\/span><\/p>\n<h3><span style=\"font-weight: 400;\">L\u2019extension $20 000 CEBA<\/span><\/h3>\n<p><span style=\"font-weight: 400;\">En r\u00e9ponse aux besoins changeants des entreprises et aux d\u00e9fis \u00e9conomiques persistants caus\u00e9s par la pand\u00e9mie, le <a href=\"http:\/\/ceba.ca\/fr\/information\/is-ceba-extended\/\">Le programme de pr\u00eats CUEC a \u00e9t\u00e9 \u00e9largi<\/a> pour fournir $20 000 suppl\u00e9mentaires. Cette extension a \u00e9t\u00e9 mise \u00e0 la disposition exclusivement des entreprises \u00e9ligibles de Vernon qui avaient besoin d&#039;un soutien financier suppl\u00e9mentaire au-del\u00e0 du pr\u00eat initial de $40,000.<\/span><\/p>\n<p><span style=\"font-weight: 400;\">L&#039;agrandissement de $20 000 illustre l&#039;engagement continu du CEBA \u00e0 soutenir les entreprises et \u00e0 servir de point d&#039;ancrage financier en ces temps difficiles. Toutefois, les entreprises devaient r\u00e9pondre \u00e0 des exigences sp\u00e9cifiques et adh\u00e9rer \u00e0 <a href=\"http:\/\/ceba.ca\/fr\/news\/when-does-the-ceba-loan-need-to-be-repaid\/\">d\u00e9lais<\/a> pour b\u00e9n\u00e9ficier de cette aide suppl\u00e9mentaire.<\/span><\/p>\n<h3><span style=\"font-weight: 400;\">Encouragement aux remboursements en temps opportun<\/span><\/h3>\n<p><span style=\"font-weight: 400;\">Afin d&#039;encourager les entreprises \u00e0 rembourser leurs pr\u00eats rapidement, le CUEC a introduit un incitatif financier. Si une entreprise r\u00e9ussit \u00e0 rembourser son capital impay\u00e9, \u00e0 l&#039;exclusion de la partie admissible \u00e0 l&#039;annulation de la dette, d&#039;ici la fin de 2023, elle devient admissible \u00e0 la disposition d&#039;annulation de la dette du CUEC.\u00a0<\/span><\/p>\n<p><span style=\"font-weight: 400;\">Concr\u00e8tement, cela signifie que le montant du principal restant sera annul\u00e9, renfor\u00e7ant ainsi <a href=\"http:\/\/ceba.ca\/fr\/\">Le d\u00e9vouement du CEBA<\/a> \u00e0 favoriser un environnement financier stable. Cette disposition offre une opportunit\u00e9 prometteuse aux entreprises capables de respecter leurs obligations financi\u00e8res dans les d\u00e9lais impartis, favorisant la responsabilit\u00e9 financi\u00e8re tout en all\u00e9geant le fardeau de la dette.<\/span><\/p>\n<h2><span style=\"font-weight: 400;\">Conclusion<\/span><\/h2>\n<p><span style=\"font-weight: 400;\">En r\u00e9sum\u00e9, les pr\u00eats du CUEC ont constitu\u00e9 un syst\u00e8me de soutien crucial pour les entreprises confront\u00e9es \u00e0 des difficult\u00e9s financi\u00e8res pendant la pand\u00e9mie. Leur structure facilite non seulement la survie, mais favorise \u00e9galement la croissance, incarnant l\u2019essence de la r\u00e9silience. \u00c0 l\u2019avenir, ces outils financiers resteront au c\u0153ur du r\u00e9cit actuel de reprise \u00e9conomique.<\/span><\/p>","protected":false},"excerpt":{"rendered":"<p>Amidst the vibrant pulse of Vernon, the arrival of the COVID-19 tempest brought unprecedented challenges to local businesses. However, amidst this turmoil, a shining source of support emerged &#8211; the Canada Emergency Business Account (CEBA) loan program. It came to the forefront precisely when businesses were grappling with the uncertainties imposed by the pandemic. This [&hellip;]<\/p>\n","protected":false},"author":2,"featured_media":5108,"parent":0,"menu_order":0,"comment_status":"closed","ping_status":"closed","template":"","meta":{"footnotes":""},"class_list":["post-3724","page","type-page","status-publish","has-post-thumbnail","hentry"],"_links":{"self":[{"href":"https:\/\/ceba.ca\/fr\/wp-json\/wp\/v2\/pages\/3724","targetHints":{"allow":["GET"]}}],"collection":[{"href":"https:\/\/ceba.ca\/fr\/wp-json\/wp\/v2\/pages"}],"about":[{"href":"https:\/\/ceba.ca\/fr\/wp-json\/wp\/v2\/types\/page"}],"author":[{"embeddable":true,"href":"https:\/\/ceba.ca\/fr\/wp-json\/wp\/v2\/users\/2"}],"replies":[{"embeddable":true,"href":"https:\/\/ceba.ca\/fr\/wp-json\/wp\/v2\/comments?post=3724"}],"version-history":[{"count":6,"href":"https:\/\/ceba.ca\/fr\/wp-json\/wp\/v2\/pages\/3724\/revisions"}],"predecessor-version":[{"id":5110,"href":"https:\/\/ceba.ca\/fr\/wp-json\/wp\/v2\/pages\/3724\/revisions\/5110"}],"wp:featuredmedia":[{"embeddable":true,"href":"https:\/\/ceba.ca\/fr\/wp-json\/wp\/v2\/media\/5108"}],"wp:attachment":[{"href":"https:\/\/ceba.ca\/fr\/wp-json\/wp\/v2\/media?parent=3724"}],"curies":[{"name":"wp","href":"https:\/\/api.w.org\/{rel}","templated":true}]}}