{"id":3720,"date":"2023-09-18T06:43:16","date_gmt":"2023-09-18T10:43:16","guid":{"rendered":"http:\/\/ceba.ca\/?page_id=3720"},"modified":"2023-09-18T06:43:16","modified_gmt":"2023-09-18T10:43:16","slug":"ceba-loan-for-music-and-entertainment-venues","status":"publish","type":"page","link":"https:\/\/ceba.ca\/fr\/ceba-loan-for-music-and-entertainment-venues\/","title":{"rendered":"Pr\u00eat CUEC pour les salles de musique et de divertissement"},"content":{"rendered":"<p><span style=\"font-weight: 400;\">Face aux d\u00e9fis sans pr\u00e9c\u00e9dent pos\u00e9s par le climat \u00e9conomique actuel, de nombreux lieux de musique et de divertissement recherchent des bou\u00e9es de sauvetage financi\u00e8res pour assurer leur survie. Le pr\u00eat CUEC pour les salles de concert et de divertissement pourrait \u00eatre la bou\u00e9e de sauvetage dont ces entreprises ont besoin, avec son potentiel \u00e0 la fois de soutien et de croissance. Aujourd\u2019hui plus que jamais, il est essentiel de comprendre et d\u2019exploiter ces instruments financiers, en particulier pour les lieux de musique et de divertissement.<\/span><\/p>\n<h2><span style=\"font-weight: 400;\">Qu\u2019est-ce que le pr\u00eat CUEC ?<\/span><\/h2>\n<p><span style=\"font-weight: 400;\"><a href=\"https:\/\/ceba-cuec.ca\/\" target=\"_blank\" rel=\"noopener\">Le Compte d\u2019urgence pour les entreprises canadiennes (CUEC)<\/a> est un <a href=\"http:\/\/ceba.ca\/fr\/\">programme de pr\u00eat<\/a> mis en place par le gouvernement canadien pour aider les entreprises touch\u00e9es par la pand\u00e9mie de COVID-19. Le programme propose <a href=\"http:\/\/ceba.ca\/fr\/news\/is-ceba-interest-free\/\">pr\u00eats sans int\u00e9r\u00eat jusqu&#039;\u00e0 $60 000<\/a> pour att\u00e9nuer la pression \u00e9conomique et garantir que les salles de musique et de divertissement puissent continuer \u00e0 fonctionner en ces temps difficiles. les lieux de musique et de divertissement \u00e9ligibles \u00e0 ce programme doivent avoir eu un compte professionnel actif avant le 1er mars 2020.\u00a0<\/span><\/p>\n<p><span style=\"font-weight: 400;\">Le pr\u00eat CUEC s&#039;accompagne d&#039;un <a href=\"http:\/\/ceba.ca\/fr\/information\/ceba-forgiveness\/\">fonction d&#039;annulation de pr\u00eat<\/a> pour les salles de musique et de divertissement, o\u00f9 jusqu&#039;\u00e0 $20 000 peuvent \u00eatre annul\u00e9s s&#039;ils sont rembours\u00e9s avant le 31 d\u00e9cembre 2023. Les conditions de remboursement flexibles et l&#039;absence d&#039;int\u00e9r\u00eat font du pr\u00eat CEBA une option de financement int\u00e9ressante pour les petites entreprises comme les salles de musique et de divertissement et non -les organismes \u00e0 but lucratif confront\u00e9s \u00e0 des difficult\u00e9s financi\u00e8res pendant la pand\u00e9mie.<\/span><\/p>\n<p><span style=\"font-weight: 400;\">Remarque : Les entreprises int\u00e9ress\u00e9es doivent consulter leurs institutions bancaires pour obtenir des informations d\u00e9taill\u00e9es sur les modalit\u00e9s du programme.\u00a0<\/span><\/p>\n<h2><span style=\"font-weight: 400;\">Pr\u00eat du CUEC pour les salles de musique et de divertissement\u00a0: crit\u00e8res d&#039;\u00e9ligibilit\u00e9<\/span><\/h2>\n<p><span style=\"font-weight: 400;\">Les crit\u00e8res d\u2019admissibilit\u00e9 au pr\u00eat du CUEC pour les salles de musique et de divertissement sont essentiels pour les salles de musique et de divertissement qui recherchent une aide financi\u00e8re dans le contexte de la pand\u00e9mie en cours. Les conditions d&#039;\u00e9ligibilit\u00e9 s&#039;articulent autour de deux domaines cl\u00e9s\u00a0: le volet de paie et le volet de d\u00e9penses non reportables.<\/span><\/p>\n<p><span style=\"font-weight: 400;\">Pour \u00eatre admissible au volet Paie, vos salles de musique et de divertissement doivent avoir une masse salariale d&#039;au moins $20 000 et d&#039;au plus $1,5 million en 2019. Cette exigence n\u00e9cessite un relev\u00e9 complet des revenus d&#039;emploi pay\u00e9s tout au long de l&#039;ann\u00e9e civile, ce qui signifie un engagement en faveur du bien-\u00eatre des salari\u00e9s et de l\u2019adh\u00e9sion aux changements \u00e9conomiques.<\/span><\/p>\n<p><span style=\"font-weight: 400;\">Le volet de d\u00e9penses non reportables s&#039;adresse aux salles de musique et de divertissement sans masse salariale. Pour \u00eatre \u00e9ligibles, ces entreprises doivent avoir des d\u00e9penses non reportables allant de 40 000 $ \u00e0 1,5 million en 2020. Il s&#039;agit de co\u00fbts in\u00e9vitables et essentiels aux op\u00e9rations commerciales, tels que le loyer, les services publics, les assurances et les obligations li\u00e9es \u00e0 la paie.<\/span><\/p>\n<p><span style=\"font-weight: 400;\">L\u2019obtention du pr\u00eat CUEC selon ces crit\u00e8res peut fournir \u00e0 vos salles de musique et de divertissement le soutien financier indispensable pour poursuivre les activit\u00e9s commerciales essentielles pendant la pand\u00e9mie, ouvrant ainsi la voie \u00e0 une survie \u00e0 long terme, m\u00eame dans les moments difficiles. Comprendre les exigences en mati\u00e8re de paie et de d\u00e9penses non reportables permet aux salles de concert et de divertissement de meilleures chances d&#039;obtenir avec succ\u00e8s le pr\u00eat CUEC, offrant ainsi une bou\u00e9e de sauvetage financi\u00e8re en ces temps difficiles.<\/span><\/p>\n<h2><span style=\"font-weight: 400;\">Caract\u00e9ristiques utiles du pr\u00eat CEBA pour les salles de musique et de divertissement<\/span><\/h2>\n<p><span style=\"font-weight: 400;\">Voici les caract\u00e9ristiques du pr\u00eat CUEC pour les salles de musique et de spectacle :<\/span><\/p>\n<h3><span style=\"font-weight: 400;\">Pr\u00eats sans int\u00e9r\u00eat<\/span><\/h3>\n<p><span style=\"font-weight: 400;\">Un \u00e9l\u00e9ment essentiel du programme de pr\u00eats du CUEC est l\u2019octroi de pr\u00eats sans int\u00e9r\u00eat. Ces pr\u00eats donnent aux salles de musique et de divertissement les moyens n\u00e9cessaires pour g\u00e9rer leurs d\u00e9penses sans le fardeau de l\u2019accumulation d\u2019int\u00e9r\u00eats pendant la pand\u00e9mie. Cette dur\u00e9e sans int\u00e9r\u00eat dure jusqu&#039;au 1er janvier 2024. Suite \u00e0 cette date, le solde impay\u00e9 du pr\u00eat se transforme en un pr\u00eat de 2 ans avec un taux d&#039;int\u00e9r\u00eat annuel fixe de 5%.\u00a0<\/span><\/p>\n<p><span style=\"font-weight: 400;\">Ces <a href=\"http:\/\/ceba.ca\/fr\/ceba-loan\/\">pr\u00eats<\/a> peut \u00eatre utilis\u00e9 par les salles de musique et de divertissement pour divers co\u00fbts op\u00e9rationnels, notamment le loyer, les paiements de location, les taxes fonci\u00e8res et d&#039;autres services publics comme la couverture d&#039;assurance. Cela all\u00e8ge la pression financi\u00e8re et permet aux entreprises de se concentrer sur les difficult\u00e9s actuelles pos\u00e9es par la COVID-19.<\/span><\/p>\n<h3><span style=\"font-weight: 400;\">Conditions de remboursement<\/span><\/h3>\n<p><span style=\"font-weight: 400;\">Offre de pr\u00eats CUEC <a href=\"http:\/\/ceba.ca\/fr\/information\/is-ceba-extended\/\">d\u00e9lais de remboursement prolong\u00e9s<\/a> pour les salles de musique et de divertissement jusqu&#039;au 31 d\u00e9cembre 2023. Pendant cette p\u00e9riode, aucun paiement du montant principal n&#039;est requis, offrant aux salles de musique et de divertissement un r\u00e9pit du stress financier en ces temps difficiles. Cependant, au 31 d\u00e9cembre 2025, le montant du pr\u00eat et tous les int\u00e9r\u00eats accumul\u00e9s <a href=\"http:\/\/ceba.ca\/fr\/information\/what-happens-if-you-dont-repay-your-ceba-loan\/\">doit \u00eatre rembours\u00e9<\/a> au complet. Cette fonctionnalit\u00e9 r\u00e9pond aux besoins financiers imm\u00e9diats des salles de musique et de divertissement tout en leur permettant de planifier de mani\u00e8re ad\u00e9quate le remboursement \u00e9ventuel.<\/span><\/p>\n<h3><span style=\"font-weight: 400;\">Remise de pr\u00eat<\/span><\/h3>\n<p><span style=\"font-weight: 400;\">Les lieux de musique et de divertissement admissibles peuvent b\u00e9n\u00e9ficier d&#039;une remise de pr\u00eat, jusqu&#039;\u00e0 $20 000 du montant du pr\u00eat \u00e9tant remis si le pr\u00eat CUEC est rembours\u00e9 d&#039;ici le 31 d\u00e9cembre 2023. Cette possibilit\u00e9 de remise partielle offre un all\u00e9gement financier et encourage les entreprises \u00e0 rembourser leur dette. t\u00f4t. Cependant, pour \u00eatre admissibles \u00e0 cet avantage, les salles de musique et de divertissement doivent rester en r\u00e8gle et r\u00e9pondre \u00e0 tous les crit\u00e8res \u00e9tablis par le gouvernement canadien. Les remboursements en temps opportun et le respect des conditions d\u2019admissibilit\u00e9 peuvent maximiser les avantages de l\u2019exon\u00e9ration du pr\u00eat CUEC.<\/span><\/p>\n<h2><span style=\"font-weight: 400;\">Conclusion<\/span><\/h2>\n<p><span style=\"font-weight: 400;\">Le pr\u00eat CEBA pour les salles de musique et de divertissement est une option de financement int\u00e9ressante, offrant des pr\u00eats sans int\u00e9r\u00eat allant jusqu&#039;\u00e0 $60 000 avec une remise de pr\u00eat allant jusqu&#039;\u00e0 $20 000. Cela donne aux lieux de musique et de divertissement les moyens n\u00e9cessaires pour g\u00e9rer leurs d\u00e9penses et assurer la continuit\u00e9 op\u00e9rationnelle sans le fardeau de l\u2019accumulation ou du remboursement des int\u00e9r\u00eats pendant ces p\u00e9riodes difficiles. Malgr\u00e9 cela, les salles de musique et de divertissement doivent comprendre \u00e0 la fois les crit\u00e8res du flux de paie et du flux de d\u00e9penses non reportables pour demander le pr\u00eat efficacement, en maximisant ses avantages potentiels et en fournissant une bou\u00e9e de sauvetage financi\u00e8re.<\/span><\/p>","protected":false},"excerpt":{"rendered":"<p>Facing the unprecedented challenges posed by the current economic climate, many music and entertainment venues are seeking financial lifelines to ensure their survival. The CEBA loan for music and entertainment venues could be the lifeline these businesses need, with its potential for both support and growth. Now, more than ever, understanding and leveraging such financial [&hellip;]<\/p>\n","protected":false},"author":2,"featured_media":5328,"parent":0,"menu_order":0,"comment_status":"closed","ping_status":"closed","template":"","meta":{"footnotes":""},"class_list":["post-3720","page","type-page","status-publish","has-post-thumbnail","hentry"],"_links":{"self":[{"href":"https:\/\/ceba.ca\/fr\/wp-json\/wp\/v2\/pages\/3720","targetHints":{"allow":["GET"]}}],"collection":[{"href":"https:\/\/ceba.ca\/fr\/wp-json\/wp\/v2\/pages"}],"about":[{"href":"https:\/\/ceba.ca\/fr\/wp-json\/wp\/v2\/types\/page"}],"author":[{"embeddable":true,"href":"https:\/\/ceba.ca\/fr\/wp-json\/wp\/v2\/users\/2"}],"replies":[{"embeddable":true,"href":"https:\/\/ceba.ca\/fr\/wp-json\/wp\/v2\/comments?post=3720"}],"version-history":[{"count":4,"href":"https:\/\/ceba.ca\/fr\/wp-json\/wp\/v2\/pages\/3720\/revisions"}],"predecessor-version":[{"id":5910,"href":"https:\/\/ceba.ca\/fr\/wp-json\/wp\/v2\/pages\/3720\/revisions\/5910"}],"wp:featuredmedia":[{"embeddable":true,"href":"https:\/\/ceba.ca\/fr\/wp-json\/wp\/v2\/media\/5328"}],"wp:attachment":[{"href":"https:\/\/ceba.ca\/fr\/wp-json\/wp\/v2\/media?parent=3720"}],"curies":[{"name":"wp","href":"https:\/\/api.w.org\/{rel}","templated":true}]}}