{"id":3706,"date":"2023-09-06T02:40:41","date_gmt":"2023-09-06T06:40:41","guid":{"rendered":"http:\/\/ceba.ca\/?page_id=3706"},"modified":"2023-09-06T02:40:41","modified_gmt":"2023-09-06T06:40:41","slug":"ceba-loan-in-grande-prairie","status":"publish","type":"page","link":"https:\/\/ceba.ca\/fr\/ceba-loan-in-grande-prairie\/","title":{"rendered":"Pr\u00eat CUEC \u00e0 Grande Prairie"},"content":{"rendered":"<p><span style=\"font-weight: 400;\">Grande Prairie, une ville dynamique c\u00e9l\u00e8bre pour sa nature, son paysage agricole et son tourisme, a \u00e9t\u00e9 confront\u00e9e \u00e0 des d\u00e9fis sans pr\u00e9c\u00e9dent pendant la pand\u00e9mie de COVID-19. L\u2019initiative de pr\u00eat du Compte d\u2019urgence pour les entreprises canadiennes (CUEC) s\u2019est r\u00e9v\u00e9l\u00e9e \u00eatre une bou\u00e9e de sauvetage essentielle pour les entreprises locales, leur fournissant un soutien financier crucial pour les aider \u00e0 faire face aux incertitudes provoqu\u00e9es par la pand\u00e9mie.<\/span><\/p>\n<p><span style=\"font-weight: 400;\">Cet article explore l\u2019impact profond du pr\u00eat CUEC dans la communaut\u00e9 de Grande Prairie, en examinant comment les entreprises ont exploit\u00e9 cette bou\u00e9e de sauvetage financi\u00e8re et son r\u00f4le central dans l\u2019acc\u00e9l\u00e9ration de la reprise \u00e9conomique.<\/span><\/p>\n<h2><span style=\"font-weight: 400;\">Le CUEC \u00e0 Grande Prairie : un pilier d&#039;aide<\/span><\/h2>\n<p><span style=\"font-weight: 400;\">Lorsque la pand\u00e9mie a frapp\u00e9 pour la premi\u00e8re fois, le monde des affaires de Grande Prairie s&#039;est retrouv\u00e9 expos\u00e9 \u00e0 de graves cons\u00e9quences \u00e9conomiques. En r\u00e9ponse, le programme de pr\u00eats du CUEC a apport\u00e9 une lueur d&#039;espoir, en permettant aux entreprises admissibles d&#039;acc\u00e9der \u00e0 des pr\u00eats garantis par le gouvernement d&#039;un montant de <a href=\"http:\/\/ceba.ca\/fr\/ceba-loan\/\">jusqu&#039;\u00e0 $60 000<\/a>.<\/span><\/p>\n<p><span style=\"font-weight: 400;\">Cette aide financi\u00e8re a jou\u00e9 un r\u00f4le central en permettant aux entreprises de conserver leur main-d&#039;\u0153uvre, de faire face aux d\u00e9penses fixes et de s&#039;adapter aux conditions du march\u00e9 en constante \u00e9volution.<\/span><\/p>\n<h2><span style=\"font-weight: 400;\">Autonomiser les entreprises locales\u00a0: r\u00e9v\u00e9ler l\u2019influence des pr\u00eats CUEC<\/span><\/h2>\n<p><span style=\"font-weight: 400;\"><a href=\"https:\/\/www.thecanadianencyclopedia.ca\/en\/article\/grande-prairie\" target=\"_blank\" rel=\"noopener\">Grande Prairie<\/a> le paysage \u00e9conomique diversifi\u00e9 englobe un large \u00e9ventail de secteurs, notamment l\u2019industrie manufacturi\u00e8re, la sant\u00e9, l\u2019\u00e9ducation et la vente au d\u00e9tail. Pendant les d\u00e9fis pos\u00e9s par la pand\u00e9mie, ces entreprises se sont tourn\u00e9es vers les pr\u00eats du CUEC comme bou\u00e9e de sauvetage pour soutenir leurs op\u00e9rations.<\/span><\/p>\n<p><span style=\"font-weight: 400;\">Notamment, les petites entreprises ont tir\u00e9 des avantages importants de ce soutien, leur permettant de maintenir leur pr\u00e9sence et de continuer \u00e0 servir la communaut\u00e9 locale.<\/span><\/p>\n<h2><span style=\"font-weight: 400;\">Pr\u00eat sans int\u00e9r\u00eat<\/span><span style=\"font-weight: 400;\"><br \/>\n<\/span><\/h2>\n<p><span style=\"font-weight: 400;\">Les pr\u00eats du CUEC offraient un avantage important : un taux d&#039;int\u00e9r\u00eat annuel de 0% en vigueur jusqu&#039;au 31 d\u00e9cembre 2023. Cette p\u00e9riode sans int\u00e9r\u00eat a \u00e9t\u00e9 strat\u00e9giquement con\u00e7ue pour all\u00e9ger le fardeau financier des entreprises pendant les premi\u00e8res \u00e9tapes de la reprise \u00e9conomique. Cela a offert un r\u00e9pit crucial, permettant aux entreprises de se concentrer sur la reconstruction et le r\u00e9tablissement de leurs sources de revenus.<\/span><\/p>\n<p><span style=\"font-weight: 400;\">\u00c0 compter du 1er janvier 2024, un taux d\u2019int\u00e9r\u00eat annuel modeste de 5% sera appliqu\u00e9 au solde impay\u00e9 du pr\u00eat. Bien que cela marque la fin de la p\u00e9riode sans int\u00e9r\u00eat, le taux reste particuli\u00e8rement bas, garantissant une flexibilit\u00e9 financi\u00e8re continue aux entreprises.<\/span><\/p>\n<h2><span style=\"font-weight: 400;\">Principales cat\u00e9gories de d\u00e9penses pour le pr\u00eat CUEC \u00e0 Grande Prairie<\/span><\/h2>\n<p><span style=\"font-weight: 400;\">Pour les entreprises bas\u00e9es \u00e0 Grande Prairie qui recherchent un financement du CUEC, se concentrer sur ces huit cat\u00e9gories de d\u00e9penses critiques peut consid\u00e9rablement renforcer votre demande de pr\u00eat :<\/span><\/p>\n<ol>\n<li><b> T\u00e9l\u00e9phone et services publics\u00a0:<\/b><span style=\"font-weight: 400;\"> Cela comprend les co\u00fbts des services essentiels tels que le gaz, le p\u00e9trole, l\u2019\u00e9lectricit\u00e9, l\u2019eau et Internet, essentiels aux op\u00e9rations commerciales.<\/span><\/li>\n<li><b> Salaires et d\u00e9penses d\u2019emploi<\/b><span style=\"font-weight: 400;\">: Ce <a href=\"http:\/\/ceba.ca\/fr\/news\/when-does-the-ceba-loan-need-to-be-repaid\/\">englobe les paiements<\/a> faites \u00e0 des tiers \u00e0 des fins li\u00e9es \u00e0 l\u2019emploi.<\/span><\/li>\n<li><b> Accords et licences<\/b><span style=\"font-weight: 400;\">: Cela comprend les paiements aux entrepreneurs ind\u00e9pendants et\u00a0<\/span><\/li>\n<li><b> Frais d&#039;assurance\u00a0:<\/b><span style=\"font-weight: 400;\"> Cela couvre les paiements pour les couvertures d\u2019assurance li\u00e9es aux activit\u00e9s commerciales.<\/span><\/li>\n<\/ol>\n<p><span style=\"font-weight: 400;\">les frais li\u00e9s au maintien des licences requises pour les op\u00e9rations commerciales.<\/span><\/p>\n<ol start=\"5\">\n<li><b> Imp\u00f4ts fonciers:<\/b><span style=\"font-weight: 400;\"> Il s\u2019agit des paiements associ\u00e9s aux taxes fonci\u00e8res li\u00e9es aux locaux commerciaux.<\/span><\/li>\n<li><b> Loyers et paiements de location\u00a0:<\/b><span style=\"font-weight: 400;\"> Cela comprend les d\u00e9penses li\u00e9es \u00e0 la fois \u00e0 l\u2019immobilier et aux biens d\u2019\u00e9quipement utilis\u00e9s dans les op\u00e9rations commerciales.<\/span><\/li>\n<li><b> Mat\u00e9riaux pour la production\u00a0:<\/b><span style=\"font-weight: 400;\"> Il s&#039;agit des d\u00e9penses engag\u00e9es pour l&#039;obtention des mat\u00e9riaux essentiels \u00e0 la fabrication des produits destin\u00e9s \u00e0 la vente.<\/span><\/li>\n<li><b> Service de la dette: <\/b><span style=\"font-weight: 400;\">Il s\u2019agit de paiements r\u00e9guliers effectu\u00e9s pour rembourser les dettes contract\u00e9es par l\u2019entreprise. En documentant m\u00e9ticuleusement et en fournissant des preuves pour ces cat\u00e9gories de d\u00e9penses admissibles, les entreprises bas\u00e9es \u00e0 Grande Prairie peuvent augmenter leurs chances d&#039;obtenir le soutien financier essentiel n\u00e9cessaire pour relever les d\u00e9fis provoqu\u00e9s par la pand\u00e9mie et faciliter leur croissance et leur prosp\u00e9rit\u00e9 futures.<\/span><\/li>\n<\/ol>\n<h2><span style=\"font-weight: 400;\">Augmentation du montant des fonds<\/span><\/h2>\n<p><span style=\"font-weight: 400;\">Pour les entreprises de Grande Prairie ayant besoin d&#039;un soutien financier suppl\u00e9mentaire au-del\u00e0 du pr\u00eat initial de $40 000 CUEC, une opportunit\u00e9 vitale s&#039;est pr\u00e9sent\u00e9e sous la forme d&#039;une expansion de $20 000. Cette extension a \u00e9t\u00e9 con\u00e7ue pour fournir une aide suppl\u00e9mentaire aux entreprises \u00e9ligibles, m\u00eame si elle \u00e9tait soumise \u00e0 des crit\u00e8res et des d\u00e9lais sp\u00e9cifiques.<\/span><\/p>\n<h2><span style=\"font-weight: 400;\">Calendrier des remboursements<\/span><\/h2>\n<p><span style=\"font-weight: 400;\">La structure de remboursement des pr\u00eats du CUEC suit une trajectoire graduelle. Jusqu\u2019au 31 d\u00e9cembre 2023, les entreprises ne sont pas tenues de rembourser le capital. Cette disposition a permis aux entreprises de se concentrer sur la reconstruction et la stabilisation de leurs op\u00e9rations sans le fardeau imm\u00e9diat des remboursements de pr\u00eats.\u00a0<\/span><\/p>\n<p><span style=\"font-weight: 400;\">Pour les entreprises ayant encore des pr\u00eats en cours au-del\u00e0 du 31 d\u00e9cembre 2023, seuls les paiements d&#039;int\u00e9r\u00eats seront n\u00e9cessaires jusqu&#039;\u00e0 ce que la totalit\u00e9 du montant du principal soit exigible le 31 d\u00e9cembre 2025. Cet \u00e9ch\u00e9ancier de remboursement allong\u00e9 donne aux entreprises la flexibilit\u00e9 d&#039;aligner leurs engagements financiers sur leurs projections de revenus, facilitant ainsi une gestion financi\u00e8re efficace.<\/span><\/p>\n<h2><span style=\"font-weight: 400;\">Une incitation $20.000<\/span><\/h2>\n<p><span style=\"font-weight: 400;\">Les pr\u00eats du CUEC incitent fortement les emprunteurs \u00e0 rembourser leurs pr\u00eats rapidement. Si les entreprises r\u00e8glent le montant du principal impay\u00e9, \u00e0 l&#039;exclusion de la partie \u00e9ligible au <a href=\"http:\/\/ceba.ca\/fr\/news\/is-ceba-loan-forgiveness-taxable-in-2023\/\">remise potentielle de la dette, d\u2019ici le 31 d\u00e9cembre 2023<\/a>, le solde du capital restant sera annul\u00e9.<\/span><\/p>\n<p><span style=\"font-weight: 400;\">Cette disposition d\u2019annulation de dette constitue une r\u00e9compense pour les entreprises qui r\u00e9ussissent \u00e0 rembourser leurs pr\u00eats dans les d\u00e9lais impartis, les encourageant ainsi \u00e0 rembourser dans les d\u00e9lais.<\/span><\/p>\n<h2><span style=\"font-weight: 400;\">Comprendre les remboursements<\/span><\/h2>\n<p><span style=\"font-weight: 400;\">Alors que l&#039;\u00e9conomie se redresse progressivement, les entreprises de Grande Prairie sont d\u00e9sormais confront\u00e9es au d\u00e9fi de g\u00e9rer la phase de remboursement de leurs pr\u00eats CUEC. Trouver un \u00e9quilibre entre le remboursement des pr\u00eats et la n\u00e9cessit\u00e9 de reconstituer les sources de revenus peut s\u2019av\u00e9rer une t\u00e2che ardue.<\/span><\/p>\n<p><span style=\"font-weight: 400;\">Cependant, gr\u00e2ce \u00e0 une planification financi\u00e8re minutieuse et \u00e0 une prise de d\u00e9cision strat\u00e9gique, les entreprises peuvent traverser cette phase en toute confiance et maintenir leur trajectoire de croissance.<\/span><\/p>\n<h2><span style=\"font-weight: 400;\">Demande de prolongation du d\u00e9lai \u00e0 Grande Prairie<\/span><\/h2>\n<p><span style=\"font-weight: 400;\">Le milieu des affaires de Grande Prairie, tout comme ses homologues du Canada, a demand\u00e9 avec ferveur une prolongation de la date limite de remboursement du pr\u00eat CUEC. La prolongation de ce d\u00e9lai donnerait aux entreprises plus de temps et de flexibilit\u00e9, leur permettant de se concentrer sur la reprise, le r\u00e9outillage et le r\u00e9investissement dans leurs op\u00e9rations.<\/span><\/p>\n<p><span style=\"font-weight: 400;\">Une telle prolongation pourrait jouer un r\u00f4le central dans la promotion d\u2019une plus grande stabilit\u00e9 \u00e9conomique dans la r\u00e9gion.<\/span><\/p>\n<h2><span style=\"font-weight: 400;\">Cr\u00e9er des opportunit\u00e9s de travail \u00e0 Grande Prairie<\/span><\/h2>\n<p><span style=\"font-weight: 400;\">Les pr\u00eats du CUEC ont jou\u00e9 un r\u00f4le essentiel dans la pr\u00e9servation des emplois et dans la facilitation de la cr\u00e9ation d&#039;emplois \u00e0 Grande Prairie. En offrant un soutien financier aux entreprises en difficult\u00e9, le CUEC a contribu\u00e9 \u00e0 pr\u00e9server les opportunit\u00e9s d&#039;emploi au plus fort des r\u00e9percussions \u00e9conomiques de la pand\u00e9mie.<\/span><\/p>\n<p><span style=\"font-weight: 400;\">Alors que les entreprises se r\u00e9tablissent et reprennent leur trajectoire de croissance, le CUEC continue de favoriser le maintien de l\u2019emploi et de promouvoir la croissance de l\u2019emploi dans la r\u00e9gion.<\/span><\/p>\n<h2><span style=\"font-weight: 400;\">Le chemin \u00e0 parcourir<\/span><\/h2>\n<p><span style=\"font-weight: 400;\">Le paysage commercial de Grande Prairie incarne la r\u00e9silience, caract\u00e9ris\u00e9e par un esprit d&#039;innovation et d&#039;adaptabilit\u00e9. Les d\u00e9fis rencontr\u00e9s pendant la pand\u00e9mie ont soulign\u00e9 l\u2019importance de l\u2019agilit\u00e9 et de la transformation num\u00e9rique.<\/span><\/p>\n<p><span style=\"font-weight: 400;\">Les pr\u00eats du CUEC ont agi comme un catalyseur, encourageant les entreprises \u00e0 r\u00e9\u00e9valuer leurs strat\u00e9gies, \u00e0 adopter les avanc\u00e9es technologiques et \u00e0 explorer de nouvelles sources de revenus, renfor\u00e7ant ainsi le cheminement vers la r\u00e9silience et l\u2019innovation.<\/span><\/p>\n<h2><span style=\"font-weight: 400;\">Conclusion<\/span><\/h2>\n<p><span style=\"font-weight: 400;\">En conclusion, le programme de pr\u00eat CUEC a incontestablement servi de bou\u00e9e de sauvetage vitale pour les entreprises de Grande Prairie, offrant le soutien indispensable n\u00e9cessaire pour surmonter les d\u00e9fis tumultueux pos\u00e9s par la pand\u00e9mie de COVID-19. Alors que l\u2019\u00e9conomie locale s\u2019engage sur la voie de la reprise, les entreprises sont invit\u00e9es \u00e0 tirer parti des pr\u00e9cieuses le\u00e7ons apprises et \u00e0 avancer avec une r\u00e9silience et une d\u00e9termination in\u00e9branlables. <\/span><span style=\"font-weight: 400;\">Gr\u00e2ce aux pr\u00eats du CUEC comme point de d\u00e9part, associ\u00e9s \u00e0 une prospective strat\u00e9gique et \u00e0 des efforts de collaboration au sein de la communaut\u00e9, Grande Prairie est bien plac\u00e9e pour conna\u00eetre un avenir prometteur et prosp\u00e8re dans l\u2019\u00e8re post-pand\u00e9mique.<\/span><\/p>","protected":false},"excerpt":{"rendered":"<p>Grande Prairie, a vibrant city celebrated for its nature, agriculture landscape, and tourism faced unprecedented challenges during the COVID-19 pandemic. The Canada Emergency Business Account (CEBA) loan initiative emerged as a critical lifeline for local enterprises, furnishing crucial financial support to help them navigate the uncertainties unleashed by the pandemic. This article explores the profound [&hellip;]<\/p>\n","protected":false},"author":2,"featured_media":5101,"parent":0,"menu_order":0,"comment_status":"closed","ping_status":"closed","template":"","meta":{"footnotes":""},"class_list":["post-3706","page","type-page","status-publish","has-post-thumbnail","hentry"],"_links":{"self":[{"href":"https:\/\/ceba.ca\/fr\/wp-json\/wp\/v2\/pages\/3706","targetHints":{"allow":["GET"]}}],"collection":[{"href":"https:\/\/ceba.ca\/fr\/wp-json\/wp\/v2\/pages"}],"about":[{"href":"https:\/\/ceba.ca\/fr\/wp-json\/wp\/v2\/types\/page"}],"author":[{"embeddable":true,"href":"https:\/\/ceba.ca\/fr\/wp-json\/wp\/v2\/users\/2"}],"replies":[{"embeddable":true,"href":"https:\/\/ceba.ca\/fr\/wp-json\/wp\/v2\/comments?post=3706"}],"version-history":[{"count":4,"href":"https:\/\/ceba.ca\/fr\/wp-json\/wp\/v2\/pages\/3706\/revisions"}],"predecessor-version":[{"id":5050,"href":"https:\/\/ceba.ca\/fr\/wp-json\/wp\/v2\/pages\/3706\/revisions\/5050"}],"wp:featuredmedia":[{"embeddable":true,"href":"https:\/\/ceba.ca\/fr\/wp-json\/wp\/v2\/media\/5101"}],"wp:attachment":[{"href":"https:\/\/ceba.ca\/fr\/wp-json\/wp\/v2\/media?parent=3706"}],"curies":[{"name":"wp","href":"https:\/\/api.w.org\/{rel}","templated":true}]}}