{"id":3703,"date":"2023-09-05T05:38:37","date_gmt":"2023-09-05T09:38:37","guid":{"rendered":"http:\/\/ceba.ca\/?page_id=3703"},"modified":"2023-09-05T05:38:37","modified_gmt":"2023-09-05T09:38:37","slug":"ceba-loan-in-medicine-hat","status":"publish","type":"page","link":"https:\/\/ceba.ca\/fr\/ceba-loan-in-medicine-hat\/","title":{"rendered":"Pr\u00eat du CUEC \u00e0 Medicine Hat"},"content":{"rendered":"<p><span style=\"font-weight: 400;\"><a href=\"https:\/\/www.thecanadianencyclopedia.ca\/en\/article\/medicine-hat\" target=\"_blank\" rel=\"noopener\">Chapeau de m\u00e9decine<\/a>, une ville anim\u00e9e r\u00e9put\u00e9e pour sa riche histoire, ses gisements de gaz et son paysage \u00e9conomique diversifi\u00e9, a \u00e9t\u00e9 confront\u00e9e \u00e0 des d\u00e9fis sans pr\u00e9c\u00e9dent au milieu de la pand\u00e9mie de COVID-19. <a href=\"http:\/\/ceba.ca\/fr\/ceba-loan\/\">Le pr\u00eat du Compte d\u2019urgence pour les entreprises canadiennes (CUEC)<\/a> Cette initiative est apparue comme une source d\u2019aide vitale pour les entreprises locales, offrant un soutien financier essentiel pour faire face aux incertitudes d\u00e9clench\u00e9es par la pand\u00e9mie.<\/span><\/p>\n<p><span style=\"font-weight: 400;\">Cet article se penche sur l\u2019impact profond du pr\u00eat CUEC sur la communaut\u00e9 de Medicine Hat, en examinant comment les entreprises ont tir\u00e9 parti de cette aide financi\u00e8re et son r\u00f4le central dans le catalyseur de la reprise \u00e9conomique.<\/span><\/p>\n<h2><span style=\"font-weight: 400;\">Le CUEC \u00e0 Medicine Hat : un pilier de soutien<\/span><\/h2>\n<p><span style=\"font-weight: 400;\">Lorsque la pand\u00e9mie a frapp\u00e9 pour la premi\u00e8re fois, le monde des affaires de Medicine Hat s&#039;est retrouv\u00e9 vuln\u00e9rable \u00e0 de graves r\u00e9percussions \u00e9conomiques. En r\u00e9ponse, le programme de pr\u00eats du CUEC a apport\u00e9 une lueur d&#039;espoir, permettant aux entreprises admissibles d&#039;acc\u00e9der \u00e0 des pr\u00eats garantis par le gouvernement pouvant atteindre $60 000.<\/span><\/p>\n<p><span style=\"font-weight: 400;\">Cette aide financi\u00e8re a jou\u00e9 un r\u00f4le essentiel en permettant aux entreprises de conserver leur main-d&#039;\u0153uvre, de faire face \u00e0 leurs d\u00e9penses fixes et de s&#039;adapter aux changements dynamiques des conditions du march\u00e9.<\/span><\/p>\n<h2><span style=\"font-weight: 400;\">Autonomiser les entreprises locales\u00a0: d\u00e9voiler l\u2019impact des pr\u00eats du CUEC<\/span><\/h2>\n<p><span style=\"font-weight: 400;\">Le paysage \u00e9conomique de Medicine Hat compte un large \u00e9ventail d&#039;entreprises, couvrant les secteurs de la fabrication, de la sant\u00e9, de l&#039;\u00e9ducation et de la vente au d\u00e9tail. Au milieu des \u00e9preuves de la pand\u00e9mie, ces entreprises comptaient sur les pr\u00eats du CUEC pour soutenir leurs op\u00e9rations.<\/span><\/p>\n<p><span style=\"font-weight: 400;\">Les petites entreprises ont notamment tir\u00e9 des b\u00e9n\u00e9fices substantiels de ce soutien, leur permettant de maintenir leur pr\u00e9sence et de servir la communaut\u00e9 locale.<\/span><\/p>\n<p><span style=\"font-weight: 400;\">Taux d\u2019int\u00e9r\u00eat sur le CUEC \u00e0 Medicine Hat<\/span><span style=\"font-weight: 400;\"><br \/>\n<\/span><span style=\"font-weight: 400;\">Les pr\u00eats CEBA pr\u00e9sentaient un avantage significatif : un 0% <a href=\"http:\/\/ceba.ca\/fr\/news\/is-ceba-interest-free\/\">taux d&#039;int\u00e9r\u00eat annuel<\/a> en vigueur jusqu&#039;au 31 d\u00e9cembre 2023. Cette p\u00e9riode sans int\u00e9r\u00eat a \u00e9t\u00e9 strat\u00e9giquement con\u00e7ue pour att\u00e9nuer les pressions financi\u00e8res sur les entreprises pendant les phases initiales de la reprise \u00e9conomique. Il a offert un r\u00e9pit vital, permettant aux entreprises de se concentrer sur la reconstruction et le r\u00e9tablissement de leurs sources de revenus.<\/span><\/p>\n<p><span style=\"font-weight: 400;\">\u00c0 compter du 1er janvier 2024, un taux d\u2019int\u00e9r\u00eat annuel modeste de 5% sera appliqu\u00e9 au solde impay\u00e9 du pr\u00eat. M\u00eame si cela marque la fin de la p\u00e9riode sans int\u00e9r\u00eat, le taux reste particuli\u00e8rement bas, pr\u00e9servant ainsi la flexibilit\u00e9 financi\u00e8re des entreprises.<\/span><\/p>\n<h2><span style=\"font-weight: 400;\">Cat\u00e9gories de d\u00e9penses critiques vitales pour le pr\u00eat CUEC \u00e0 Medicine Hat<\/span><\/h2>\n<p><span style=\"font-weight: 400;\">Pour les entreprises bas\u00e9es \u00e0 Medicine Hat qui recherchent un financement du CUEC, attirer l&#039;attention sur ces huit cat\u00e9gories de d\u00e9penses essentielles peut am\u00e9liorer consid\u00e9rablement votre demande de pr\u00eat :<\/span><\/p>\n<ol>\n<li><b> Salaires et d\u00e9penses d\u2019emploi\u00a0: <\/b><span style=\"font-weight: 400;\">Il s\u2019agit des paiements effectu\u00e9s \u00e0 des tiers \u00e0 des fins li\u00e9es \u00e0 l\u2019emploi.<\/span><\/li>\n<li><b> Loyers et paiements de location\u00a0: <\/b><span style=\"font-weight: 400;\">Comprend les d\u00e9penses li\u00e9es \u00e0 la fois aux biens immobiliers et aux biens d&#039;\u00e9quipement utilis\u00e9s pour les op\u00e9rations commerciales.<\/span><\/li>\n<li><b> Frais d&#039;assurance\u00a0: <\/b><span style=\"font-weight: 400;\">Comprend les paiements pour la couverture d\u2019assurance relative aux activit\u00e9s commerciales.<\/span><\/li>\n<li><b> Imp\u00f4ts fonciers: <\/b><span style=\"font-weight: 400;\">Couvre les paiements associ\u00e9s aux taxes fonci\u00e8res li\u00e9es aux locaux commerciaux.<\/span><\/li>\n<li><b> T\u00e9l\u00e9phone et services publics\u00a0: <\/b><span style=\"font-weight: 400;\">Comprend les co\u00fbts de services tels que le gaz, le p\u00e9trole, l\u2019\u00e9lectricit\u00e9, l\u2019eau et Internet, essentiels aux op\u00e9rations commerciales.<\/span><\/li>\n<li><b> Service de la dette:<\/b><span style=\"font-weight: 400;\"> Fait r\u00e9f\u00e9rence \u00e0 <a href=\"http:\/\/ceba.ca\/fr\/news\/when-does-the-ceba-loan-need-to-be-repaid\/\">paiements r\u00e9guliers<\/a> faite pour le service des dettes contract\u00e9es par l\u2019entreprise.<\/span><\/li>\n<li><b> Accords et licences\u00a0: <\/b><span style=\"font-weight: 400;\">Comprend les paiements aux entrepreneurs ind\u00e9pendants et les frais associ\u00e9s au maintien des licences requises pour les op\u00e9rations commerciales.<\/span><\/li>\n<li><b> Mat\u00e9riaux pour la production\u00a0: <\/b><span style=\"font-weight: 400;\">Concerne les frais engag\u00e9s pour l&#039;acquisition de mat\u00e9riaux essentiels \u00e0 la fabrication de produits destin\u00e9s \u00e0 la vente.<\/span><\/li>\n<\/ol>\n<p><span style=\"font-weight: 400;\">En documentant et en justifiant m\u00e9ticuleusement ces cat\u00e9gories de d\u00e9penses admissibles, les entreprises de Medicine Hat peuvent augmenter leurs chances d&#039;obtenir le soutien financier vital n\u00e9cessaire pour relever les d\u00e9fis li\u00e9s \u00e0 la pand\u00e9mie et favoriser leur croissance et leur prosp\u00e9rit\u00e9 futures.<\/span><\/p>\n<h2><span style=\"font-weight: 400;\">Saisir les opportunit\u00e9s : l\u2019extension du CEBA $20 000<\/span><\/h2>\n<p><span style=\"font-weight: 400;\">Pour les entreprises de Medicine Hat \u00e0 la recherche d\u2019un soutien financier suppl\u00e9mentaire au-del\u00e0 du pr\u00eat initial de $40 000 CUEC, une bou\u00e9e de sauvetage a \u00e9merg\u00e9 sous la forme d\u2019une expansion de $20 000. Cette extension visait \u00e0 \u00e9tendre davantage l\u2019aide aux entreprises \u00e9ligibles, mais elle \u00e9tait assortie de crit\u00e8res et de d\u00e9lais pr\u00e9cis.<\/span><\/p>\n<h2><span style=\"font-weight: 400;\">Approche envers les remboursements<\/span><\/h2>\n<p><span style=\"font-weight: 400;\">La structure de remboursement des pr\u00eats CUEC adopte une approche graduelle. Jusqu\u2019au 31 d\u00e9cembre 2023, les entreprises n\u2019ont aucune obligation de rembourser le capital. Cette disposition a permis aux entreprises de se concentrer sur la reconstruction et la stabilisation de leurs op\u00e9rations sans le fardeau imm\u00e9diat des remboursements de pr\u00eats.<\/span><\/p>\n<p><span style=\"font-weight: 400;\">Pour ceux dont l&#039;encours des pr\u00eats est post\u00e9rieur au 31 d\u00e9cembre 2023, seuls les paiements d&#039;int\u00e9r\u00eats seront exig\u00e9s jusqu&#039;\u00e0 ce que la totalit\u00e9 du montant du principal soit exigible le 31 d\u00e9cembre 2025. Ce calendrier de remboursement \u00e9tendu offre aux entreprises la possibilit\u00e9 d&#039;aligner leurs engagements financiers sur leurs pr\u00e9visions de revenus, facilitant ainsi direction financi\u00e8re.<\/span><\/p>\n<h2><span style=\"font-weight: 400;\">Remise de dette jusqu&#039;\u00e0 $20,000<\/span><\/h2>\n<p><span style=\"font-weight: 400;\">Les pr\u00eats du CUEC offrent une incitation int\u00e9ressante au remboursement rapide du pr\u00eat. Si le capital impay\u00e9, \u00e0 l\u2019exclusion de la partie \u00e9ligible \u00e0 une \u00e9ventuelle remise de dette, est r\u00e9gl\u00e9 d\u2019ici le 31 d\u00e9cembre 2023, le montant restant du capital sera remis.<\/span><\/p>\n<p><span style=\"font-weight: 400;\">Cette disposition de remise sert de r\u00e9compense aux entreprises qui r\u00e9ussissent \u00e0 rembourser leurs pr\u00eats dans les d\u00e9lais impartis, les motivant ainsi \u00e0 agir en temps opportun.<\/span><\/p>\n<h2><span style=\"font-weight: 400;\">Piloter la phase de remboursement<\/span><\/h2>\n<p><span style=\"font-weight: 400;\">Alors que l&#039;\u00e9conomie se redresse progressivement, les entreprises de Medicine Hat sont d\u00e9sormais confront\u00e9es au d\u00e9fi de g\u00e9rer la phase de remboursement de leurs pr\u00eats CUEC. \u00c9quilibrer les remboursements des pr\u00eats avec l\u2019imp\u00e9ratif de reconstituer les sources de revenus peut \u00eatre une entreprise formidable. N\u00e9anmoins, gr\u00e2ce \u00e0 une planification financi\u00e8re prudente et \u00e0 une prise de d\u00e9cision strat\u00e9gique, les entreprises peuvent traverser cette phase en toute confiance et maintenir leur trajectoire de croissance.<\/span><\/p>\n<h2><span style=\"font-weight: 400;\">Le plaidoyer en faveur d\u2019une prolongation \u00e0 Medicine Hat<\/span><\/h2>\n<p><span style=\"font-weight: 400;\">Le milieu des affaires de Medicine Hat, tout comme ses homologues du Canada, a plaid\u00e9 avec ferveur en faveur d&#039;une prolongation de la date limite de remboursement du pr\u00eat CUEC. La prolongation de ce d\u00e9lai donnerait aux entreprises plus de temps et de flexibilit\u00e9, leur permettant de se concentrer sur la reprise, le r\u00e9outillage et le r\u00e9investissement dans leurs op\u00e9rations.<\/span><\/p>\n<p><span style=\"font-weight: 400;\">Une telle prolongation pourrait jouer un r\u00f4le central dans la promotion d\u2019une plus grande stabilit\u00e9 \u00e9conomique dans la r\u00e9gion.<\/span><\/p>\n<h2><span style=\"font-weight: 400;\">Pr\u00eat du CUEC et emplois \u00e0 Medicine Hat<\/span><\/h2>\n<p><span style=\"font-weight: 400;\">Les pr\u00eats du CUEC ont jou\u00e9 un r\u00f4le essentiel dans le maintien du maintien de l&#039;emploi et dans la facilitation de la cr\u00e9ation d&#039;emplois \u00e0 Medicine Hat. En fournissant un soutien financier aux entreprises en difficult\u00e9, le CUEC a contribu\u00e9 \u00e0 pr\u00e9server les opportunit\u00e9s d&#039;emploi au plus fort de l&#039;impact \u00e9conomique de la pand\u00e9mie.<\/span><\/p>\n<p><span style=\"font-weight: 400;\">Alors que les entreprises se r\u00e9tablissent et reprennent leur trajectoire de croissance, le CUEC continue de favoriser la pr\u00e9servation des emplois et de favoriser la croissance de l\u2019emploi dans la r\u00e9gion.<\/span><\/p>\n<h2><span style=\"font-weight: 400;\">L\u2019avenir du CEBA \u00e0 Medicine Hat<\/span><\/h2>\n<p><span style=\"font-weight: 400;\">Le paysage commercial de Medicine Hat illustre la r\u00e9silience, caract\u00e9ris\u00e9e par un esprit d&#039;innovation et d&#039;adaptabilit\u00e9. Les exp\u00e9riences v\u00e9cues pendant la pand\u00e9mie ont soulign\u00e9 l\u2019importance de l\u2019agilit\u00e9 et de la transformation num\u00e9rique.<\/span><\/p>\n<p><span style=\"font-weight: 400;\">Les pr\u00eats du CUEC ont agi comme un catalyseur, encourageant les entreprises \u00e0 reconsid\u00e9rer leurs strat\u00e9gies, \u00e0 adopter les avanc\u00e9es technologiques et \u00e0 explorer de nouvelles sources de revenus, ouvrant ainsi la voie \u00e0 la r\u00e9silience et \u00e0 l\u2019innovation.<\/span><\/p>\n<h2><span style=\"font-weight: 400;\">Conclusion<\/span><\/h2>\n<p><span style=\"font-weight: 400;\">En conclusion, le programme de pr\u00eats du CUEC s&#039;est av\u00e9r\u00e9 \u00eatre une bou\u00e9e de sauvetage cruciale pour les entreprises de Medicine Hat, fournissant le soutien essentiel n\u00e9cessaire pour naviguer dans les eaux turbulentes de la pand\u00e9mie de COVID-19. Alors que l\u2019\u00e9conomie locale entre dans une phase de reprise, les entreprises sont appel\u00e9es \u00e0 tirer parti des le\u00e7ons acquises et \u00e0 avancer avec une r\u00e9silience et une d\u00e9termination sans faille. Gr\u00e2ce aux pr\u00eats du CUEC, combin\u00e9s \u00e0 une vision strat\u00e9gique et \u00e0 des efforts de collaboration au sein de la communaut\u00e9, Medicine Hat est pr\u00eate \u00e0 conna\u00eetre un avenir prometteur et prosp\u00e8re dans l\u2019\u00e8re post-pand\u00e9mique.<\/span><\/p>","protected":false},"excerpt":{"rendered":"<p>Medicine Hat, a lively city renowned for its rich history, gas fields,\u00a0 and diverse economic landscape, encountered unprecedented challenges amid the COVID-19 pandemic. The Canada Emergency Business Account (CEBA) loan initiative emerged as a vital source of assistance for local businesses, offering essential financial support to navigate the uncertainties triggered by the pandemic. This article [&hellip;]<\/p>\n","protected":false},"author":2,"featured_media":4940,"parent":0,"menu_order":0,"comment_status":"closed","ping_status":"closed","template":"","meta":{"footnotes":""},"class_list":["post-3703","page","type-page","status-publish","has-post-thumbnail","hentry"],"_links":{"self":[{"href":"https:\/\/ceba.ca\/fr\/wp-json\/wp\/v2\/pages\/3703","targetHints":{"allow":["GET"]}}],"collection":[{"href":"https:\/\/ceba.ca\/fr\/wp-json\/wp\/v2\/pages"}],"about":[{"href":"https:\/\/ceba.ca\/fr\/wp-json\/wp\/v2\/types\/page"}],"author":[{"embeddable":true,"href":"https:\/\/ceba.ca\/fr\/wp-json\/wp\/v2\/users\/2"}],"replies":[{"embeddable":true,"href":"https:\/\/ceba.ca\/fr\/wp-json\/wp\/v2\/comments?post=3703"}],"version-history":[{"count":4,"href":"https:\/\/ceba.ca\/fr\/wp-json\/wp\/v2\/pages\/3703\/revisions"}],"predecessor-version":[{"id":5049,"href":"https:\/\/ceba.ca\/fr\/wp-json\/wp\/v2\/pages\/3703\/revisions\/5049"}],"wp:featuredmedia":[{"embeddable":true,"href":"https:\/\/ceba.ca\/fr\/wp-json\/wp\/v2\/media\/4940"}],"wp:attachment":[{"href":"https:\/\/ceba.ca\/fr\/wp-json\/wp\/v2\/media?parent=3703"}],"curies":[{"name":"wp","href":"https:\/\/api.w.org\/{rel}","templated":true}]}}