{"id":3696,"date":"2023-09-05T05:31:24","date_gmt":"2023-09-05T09:31:24","guid":{"rendered":"http:\/\/ceba.ca\/?page_id=3696"},"modified":"2023-09-05T05:31:24","modified_gmt":"2023-09-05T09:31:24","slug":"ceba-loan-in-fredericton","status":"publish","type":"page","link":"https:\/\/ceba.ca\/fr\/ceba-loan-in-fredericton\/","title":{"rendered":"Pr\u00eat CUEC \u00e0 Fredericton"},"content":{"rendered":"<p><span style=\"font-weight: 400;\">Le Compte d\u2019urgence pour les entreprises canadiennes (CUEC) est devenu une bou\u00e9e de sauvetage vitale pour de nombreuses entreprises de Fredericton et de partout au Canada alors qu\u2019elles \u00e9taient aux prises avec les d\u00e9fis \u00e9conomiques sans pr\u00e9c\u00e9dent provoqu\u00e9s par la pand\u00e9mie de COVID-19.<\/span><\/p>\n<p><span style=\"font-weight: 400;\">Ce programme de pr\u00eats \u00e0 court terme et sans int\u00e9r\u00eat a fourni un soutien financier crucial aux petites entreprises et aux organisations \u00e0 but non lucratif, les aidant \u00e0 surmonter les difficult\u00e9s d\u00e9coulant des fermetures obligatoires et de la baisse des revenus.<\/span><\/p>\n<p><span style=\"font-weight: 400;\">Dans cet article, nous approfondirons les d\u00e9tails du pr\u00eat CUEC en <a href=\"https:\/\/www.thecanadianencyclopedia.ca\/en\/article\/fredericton\" target=\"_blank\" rel=\"noopener\">Fr\u00e9d\u00e9ricton<\/a>. Nous explorerons la proc\u00e9dure de candidature, <a href=\"http:\/\/ceba.ca\/fr\/information\/who-is-eligible-for-a-ceba-loan\/\">les conditions d&#039;\u00e9ligibilit\u00e9<\/a>, et l&#039;impact de ces pr\u00eats sur l&#039;\u00e9conomie locale.<\/span><\/p>\n<h2><span style=\"font-weight: 400;\">Soutenir les entreprises de Fredericton gr\u00e2ce au CUEC<\/span><\/h2>\n<p><span style=\"font-weight: 400;\">Face aux effets n\u00e9fastes de la pand\u00e9mie sur les entreprises, le gouvernement f\u00e9d\u00e9ral a introduit diverses mesures d\u2019aide financi\u00e8re visant \u00e0 stabiliser l\u2019\u00e9conomie. Le CUEC, l&#039;une de ces initiatives, a permis aux entreprises et aux organismes admissibles de Fredericton d&#039;acc\u00e9der \u00e0 un financement allant de $40 000 \u00e0 $60 000. Ce soutien a jou\u00e9 un r\u00f4le central dans le maintien des entreprises, la pr\u00e9servation des opportunit\u00e9s d\u2019emploi et la contribution \u00e0 la reprise \u00e9conomique globale de la ville.<\/span><\/p>\n<h2><span style=\"font-weight: 400;\">Processus de demande du CUEC \u00e0 Fredericton<\/span><\/h2>\n<p><span style=\"font-weight: 400;\">Obtenir un pr\u00eat CUEC \u00e0 Fredericton \u00e9tait relativement simple, ce qui le rendait accessible \u00e0 un large \u00e9ventail d&#039;entreprises locales. Pour postuler, les entreprises ont collabor\u00e9 avec leurs principales institutions financi\u00e8res, s&#039;assurant qu&#039;elles r\u00e9pondaient aux crit\u00e8res d&#039;\u00e9ligibilit\u00e9 du programme et soumettaient les documents requis. Gr\u00e2ce aux efforts de coop\u00e9ration des entreprises et des institutions financi\u00e8res de Fredericton, de nombreux \u00e9tablissements locaux ont re\u00e7u une aide financi\u00e8re indispensable gr\u00e2ce au CUEC.<\/span><\/p>\n<h2><span style=\"font-weight: 400;\">Pr\u00eat CUEC \u00e0 Fredericton\u00a0: crit\u00e8res d&#039;\u00e9ligibilit\u00e9<\/span><\/h2>\n<p><span style=\"font-weight: 400;\">Pour \u00eatre admissibles au pr\u00eat CUEC \u00e0 Fredericton, les entreprises devaient r\u00e9pondre \u00e0 des crit\u00e8res pr\u00e9cis \u00e9tablis par le gouvernement f\u00e9d\u00e9ral. Ces crit\u00e8res comprenaient le maintien d&#039;un compte d&#039;entreprise actif aupr\u00e8s d&#039;une institution financi\u00e8re canadienne, la d\u00e9monstration de l&#039;utilisation pr\u00e9vue des fonds \u00e0 des fins approuv\u00e9es (telles que la couverture des d\u00e9penses op\u00e9rationnelles) et la confirmation de l&#039;impact financier n\u00e9gatif de la pand\u00e9mie de COVID-19 sur leurs op\u00e9rations.<\/span><\/p>\n<h2><span style=\"font-weight: 400;\">Impact des pr\u00eats du CUEC sur le paysage \u00e9conomique de Fredericton<\/span><\/h2>\n<p><span style=\"font-weight: 400;\">L&#039;injection de <a href=\"http:\/\/ceba.ca\/fr\/ceba-loan\/\">Fonds du CUEC<\/a> dans l&#039;\u00e9conomie locale de Fredericton a eu un impact significatif sur les entreprises de la ville et sur la stabilit\u00e9 \u00e9conomique globale. De nombreuses entreprises ont pu conserver leur main-d\u2019\u0153uvre, adapter leurs op\u00e9rations pour se conformer aux restrictions li\u00e9es \u00e0 la pand\u00e9mie et continuer \u00e0 fournir des services essentiels \u00e0 leurs communaut\u00e9s.<\/span><\/p>\n<p><span style=\"font-weight: 400;\">Le CUEC a fonctionn\u00e9 comme un filet de s\u00e9curit\u00e9 crucial pendant les p\u00e9riodes difficiles, permettant aux entreprises de rester op\u00e9rationnelles et assurant la s\u00e9curit\u00e9 d&#039;emploi \u00e0 une partie importante des r\u00e9sidents de Fredericton.<\/span><\/p>\n<h2><span style=\"font-weight: 400;\">Remboursement et perspectives d&#039;avenir<\/span><\/h2>\n<p><span style=\"font-weight: 400;\">\u00c0 mesure que l&#039;\u00e9conomie se redresse progressivement et que les activit\u00e9s commerciales reprennent \u00e0 Fredericton, l&#039;attention se tourne d\u00e9sormais vers le remboursement des pr\u00eats du CUEC. Une compr\u00e9hension approfondie des conditions d\u2019annulation et de remboursement des pr\u00eats est essentielle pour que les entreprises puissent g\u00e9rer leurs affaires financi\u00e8res avec prudence.<\/span><\/p>\n<p><span style=\"font-weight: 400;\">La disposition relative \u00e0 l\u2019annulation des pr\u00eats offre aux entreprises la possibilit\u00e9 d\u2019une annulation partielle ou totale de leurs pr\u00eats, offrant ainsi une possibilit\u00e9 de renforcer davantage leur redressement financier.<\/span><\/p>\n<h2><span style=\"font-weight: 400;\">Int\u00e9r\u00eats courus sur les soldes de pr\u00eats impay\u00e9s<\/span><\/h2>\n<p><span style=\"font-weight: 400;\">Pour les emprunteurs qui satisfont aux crit\u00e8res d\u2019admissibilit\u00e9 du CUEC et qui sont rest\u00e9s en r\u00e8gle, le d\u00e9faut de rembourser le pr\u00eat avant le 31 d\u00e9cembre 2023 entra\u00eenera la perte des prestations de remise de pr\u00eat. L&#039;annulation du pr\u00eat \u00e9tait disponible pour les emprunteurs \u00e9ligibles qui respectaient leur calendrier de remboursement\u00a0; cependant, ne pas respecter ce d\u00e9lai reviendrait \u00e0 renoncer \u00e0 cette opportunit\u00e9 avantageuse.<\/span><\/p>\n<p><span style=\"font-weight: 400;\">Si vous ne parvenez pas \u00e0 respecter la date limite de remboursement, votre statut de pr\u00eat CUEC passera d&#039;un statut sans int\u00e9r\u00eat \u00e0 un statut de pr\u00eat portant int\u00e9r\u00eat \u00e0 compter du 1er janvier 2024 et jusqu&#039;au 31 d\u00e9cembre 2025.<\/span><\/p>\n<p><span style=\"font-weight: 400;\">Pendant cette p\u00e9riode, vous devrez payer des int\u00e9r\u00eats sur le solde impay\u00e9 du pr\u00eat. Pour d\u00e9terminer le taux d&#039;int\u00e9r\u00eat exact applicable \u00e0 votre pr\u00eat pendant cette p\u00e9riode, vous pouvez contacter votre institution financi\u00e8re pour plus d&#039;informations.<\/span><\/p>\n<h2><span style=\"font-weight: 400;\">Le d\u00e9fi du remboursement du pr\u00eat CUEC<\/span><\/h2>\n<p><span style=\"font-weight: 400;\">\u00c0 l\u2019approche de la date limite de remboursement du 31 d\u00e9cembre, les petites entreprises sont confront\u00e9es \u00e0 une pression croissante. Le pr\u00eat CUEC a constitu\u00e9 une bou\u00e9e de sauvetage pour les entreprises pendant les phases les plus difficiles de la pand\u00e9mie, leur offrant un soutien financier crucial pr\u00e9cis\u00e9ment au moment o\u00f9 ils en avaient le plus besoin.<\/span><\/p>\n<p><span style=\"font-weight: 400;\">Dans le but d&#039;encourager le remboursement et d&#039;all\u00e9ger une partie du fardeau financier, le CUEC a \u00e9tendu l&#039;exon\u00e9ration de pr\u00eat aux entreprises capables de rembourser enti\u00e8rement leurs pr\u00eats d&#039;ici la fin de l&#039;ann\u00e9e. Les entit\u00e9s respectant ce d\u00e9lai b\u00e9n\u00e9ficieront d\u2019une remise du gouvernement d\u2019un tiers du montant de leur pr\u00eat.<\/span><\/p>\n<p><span style=\"font-weight: 400;\">Cependant, comme le souligne un rapport publi\u00e9 par la F\u00e9d\u00e9ration canadienne de l&#039;entreprise ind\u00e9pendante, environ 8 000 petites entreprises au Manitoba se trouvent dans une situation similaire. Le rapport souligne \u00e9galement le risque potentiel de fermeture auquel sont confront\u00e9es 19 pour cent des petites entreprises du Manitoba si elles doivent rembourser leurs pr\u00eats CUEC d&#039;ici la fin de l&#039;ann\u00e9e pour garantir l&#039;\u00e9l\u00e9ment d&#039;exon\u00e9ration de pr\u00eat. Avec l\u2019augmentation de diverses d\u00e9penses et la hausse continue des taux d\u2019int\u00e9r\u00eat, les entreprises sont confront\u00e9es \u00e0 des d\u00e9fis financiers importants sur le chemin de la reprise.<\/span><\/p>\n<h2><span style=\"font-weight: 400;\">D\u00e9fis rencontr\u00e9s par les emprunteurs de taille moyenne<\/span><\/h2>\n<p><span style=\"font-weight: 400;\">Les entreprises de taille moyenne qui ont obtenu des pr\u00eats allant de $40.001 \u00e0 $60.000 rencontrent des situations de remboursement particuli\u00e8rement pr\u00e9caires. Selon les conclusions de la FCEI, seulement 10 pour cent de ces emprunteurs ont \u00e9t\u00e9 en mesure de rembourser leurs pr\u00eats, tandis que pr\u00e8s de la moiti\u00e9 risquent d\u00e9sormais de ne pas respecter la date limite de remboursement du 31 d\u00e9cembre. Des secteurs tels que les organismes artistiques et r\u00e9cr\u00e9atifs, ainsi que les entreprises h\u00f4teli\u00e8res, connaissent des pourcentages encore plus \u00e9lev\u00e9s de retards potentiels dans le remboursement des pr\u00eats.<\/span><\/p>\n<p><span style=\"font-weight: 400;\">Les cons\u00e9quences du non-respect du d\u00e9lai de remboursement sont importantes. Les entreprises qui n\u2019atteindront pas l\u2019objectif du 31 d\u00e9cembre perdront la partie de leurs pr\u00eats initialement \u00e9ligibles \u00e0 l\u2019exon\u00e9ration, qui a constitu\u00e9 un soutien financier essentiel pendant leur redressement. De plus, ils seront soumis \u00e0 un taux d\u2019int\u00e9r\u00eat de 5 pour cent appliqu\u00e9 \u00e0 la totalit\u00e9 du solde restant du pr\u00eat.<\/span><\/p>\n<h2><span style=\"font-weight: 400;\">Appel urgent \u00e0 l\u2019aide d\u2019Ottawa<\/span><\/h2>\n<p><span style=\"font-weight: 400;\">Compte tenu des d\u00e9fis auxquels sont confront\u00e9es les petites entreprises, la FCEI lance un appel urgent au gouvernement f\u00e9d\u00e9ral pour qu&#039;il envisage de prolonger la date limite de remboursement jusqu&#039;en d\u00e9cembre 2025 ou, \u00e0 tout le moins, de la repousser \u00e0 l&#039;ann\u00e9e suivante. En outre, ils plaident pour une augmentation de l\u2019annulation des pr\u00eats, en la portant \u00e0 50 pour cent du montant du pr\u00eat afin de fournir un soutien encore plus substantiel aux entreprises dans leurs efforts continus de redressement.<\/span><\/p>\n<h2><span style=\"font-weight: 400;\">Conclusion<\/span><\/h2>\n<p><span style=\"font-weight: 400;\">Le pr\u00eat du Compte d\u2019urgence pour les entreprises canadiennes (CUEC) a ind\u00e9niablement jou\u00e9 un r\u00f4le central en tant que bou\u00e9e de sauvetage pour les entreprises de Fredericton, fournissant un soutien financier essentiel pr\u00e9cis\u00e9ment au moment o\u00f9 il \u00e9tait le plus n\u00e9cessaire. Le processus de demande efficace et le respect rigoureux des crit\u00e8res d\u2019\u00e9ligibilit\u00e9 ont permis \u00e0 ces pr\u00eats d\u2019atteindre une multitude d\u2019entreprises dans la ville. <\/span><\/p>\n<p><span style=\"font-weight: 400;\">Alors que l&#039;\u00e9conomie locale de Fredericton s&#039;engage sur la voie de la reprise, l&#039;impact durable du CUEC est \u00e9vident dans la r\u00e9silience et la d\u00e9termination affich\u00e9es par ses entreprises face \u00e0 des d\u00e9fis sans pr\u00e9c\u00e9dent. <\/span><span style=\"font-weight: 400;\">\u00c0 l\u2019avenir, une compr\u00e9hension globale des complexit\u00e9s des conditions de remboursement des pr\u00eats et du potentiel d\u2019annulation du pr\u00eat sera cruciale pour p\u00e9renniser le succ\u00e8s de ces entreprises. Ces connaissances constituent la base de la stabilit\u00e9 et de la croissance \u00e9conomiques, promettant un avenir brillant pour la communaut\u00e9 des affaires dynamique et r\u00e9siliente de Fredericton.<\/span><\/p>","protected":false},"excerpt":{"rendered":"<p>The Canada Emergency Business Account (CEBA) emerged as a vital lifeline for numerous businesses in Fredericton and throughout Canada as they grappled with the unprecedented economic challenges brought about by the COVID-19 pandemic. This time-sensitive and interest-free loan program provided crucial financial support to small businesses and nonprofit organizations, assisting them in navigating the hardships [&hellip;]<\/p>\n","protected":false},"author":2,"featured_media":4939,"parent":0,"menu_order":0,"comment_status":"closed","ping_status":"closed","template":"","meta":{"footnotes":""},"class_list":["post-3696","page","type-page","status-publish","has-post-thumbnail","hentry"],"_links":{"self":[{"href":"https:\/\/ceba.ca\/fr\/wp-json\/wp\/v2\/pages\/3696","targetHints":{"allow":["GET"]}}],"collection":[{"href":"https:\/\/ceba.ca\/fr\/wp-json\/wp\/v2\/pages"}],"about":[{"href":"https:\/\/ceba.ca\/fr\/wp-json\/wp\/v2\/types\/page"}],"author":[{"embeddable":true,"href":"https:\/\/ceba.ca\/fr\/wp-json\/wp\/v2\/users\/2"}],"replies":[{"embeddable":true,"href":"https:\/\/ceba.ca\/fr\/wp-json\/wp\/v2\/comments?post=3696"}],"version-history":[{"count":4,"href":"https:\/\/ceba.ca\/fr\/wp-json\/wp\/v2\/pages\/3696\/revisions"}],"predecessor-version":[{"id":5048,"href":"https:\/\/ceba.ca\/fr\/wp-json\/wp\/v2\/pages\/3696\/revisions\/5048"}],"wp:featuredmedia":[{"embeddable":true,"href":"https:\/\/ceba.ca\/fr\/wp-json\/wp\/v2\/media\/4939"}],"wp:attachment":[{"href":"https:\/\/ceba.ca\/fr\/wp-json\/wp\/v2\/media?parent=3696"}],"curies":[{"name":"wp","href":"https:\/\/api.w.org\/{rel}","templated":true}]}}