{"id":3681,"date":"2023-09-05T03:51:58","date_gmt":"2023-09-05T07:51:58","guid":{"rendered":"http:\/\/ceba.ca\/?page_id=3681"},"modified":"2023-09-05T03:51:58","modified_gmt":"2023-09-05T07:51:58","slug":"ceba-loan-in-drummondville","status":"publish","type":"page","link":"https:\/\/ceba.ca\/fr\/ceba-loan-in-drummondville\/","title":{"rendered":"Pr\u00eat CUEC \u00e0 Drummondville"},"content":{"rendered":"<p><span style=\"font-weight: 400;\">Le programme Compte d&#039;urgence pour les entreprises canadiennes (CUEC) a \u00e9t\u00e9 une bou\u00e9e de sauvetage cruciale pour les petites entreprises et les organismes sans but lucratif de Drummondville pendant les temps difficiles de la crise.<a href=\"https:\/\/www.who.int\/health-topics\/coronavirus#tab=tab_1\" target=\"_blank\" rel=\"noopener\"> COVID 19<\/a> pand\u00e9mie. Le CEBA propose des pr\u00eats sans int\u00e9r\u00eat avec une limite maximale de $60 000.<\/span><\/p>\n<p><span style=\"font-weight: 400;\">\u00c0 Drummondville, comme dans plusieurs autres grandes villes canadiennes, cette initiative d&#039;aide financi\u00e8re a eu un impact important sur le paysage commercial local. Voici quelques points saillants du pr\u00eat CUEC \u00e0 Drummondville :<\/span><\/p>\n<ul>\n<li style=\"font-weight: 400;\" aria-level=\"1\"><b>Remise de pr\u00eat\u00a0: <\/b><span style=\"font-weight: 400;\">Les entreprises de Drummondville qui r\u00e9pondent aux crit\u00e8res d&#039;admissibilit\u00e9 du CUEC et qui demeurent en r\u00e8gle peuvent potentiellement b\u00e9n\u00e9ficier d&#039;une remise de pr\u00eat allant jusqu&#039;\u00e0 33 pour cent, ce qui se traduit par un maximum de $20 000. Cette remise est accord\u00e9e si le solde restant du pr\u00eat est <a href=\"http:\/\/ceba.ca\/fr\/news\/when-does-the-ceba-loan-need-to-be-repaid\/\">rembours\u00e9<\/a> d&#039;ici le 31 d\u00e9cembre 2023.<\/span><\/li>\n<li style=\"font-weight: 400;\" aria-level=\"1\"><b>Admissibilit\u00e9 \u00e9largie\u00a0:<\/b><span style=\"font-weight: 400;\"> Le 26 octobre 2020, les conditions d&#039;admissibilit\u00e9 au CUEC ont subi un changement important. L\u2019exigence pr\u00e9c\u00e9dente selon laquelle les entreprises devaient avoir un compte-ch\u00e8ques ou un compte d\u2019exploitation actif au 1er mars 2020 a \u00e9t\u00e9 supprim\u00e9e. Cette modification permettait aux entreprises admissibles de pr\u00e9senter une demande, m\u00eame si elles ouvraient un compte-ch\u00e8ques ou un compte d&#039;exploitation aupr\u00e8s de leur institution financi\u00e8re principale apr\u00e8s la date sp\u00e9cifi\u00e9e.\u00a0<\/span><\/li>\n<li style=\"font-weight: 400;\" aria-level=\"1\"><b>Expansion du CUEC\u00a0: <\/b><span style=\"font-weight: 400;\">Depuis le 4 d\u00e9cembre 2020, les entreprises agr\u00e9\u00e9es <a href=\"http:\/\/ceba.ca\/fr\/ceba-loan\/\">Pr\u00eats CUEC<\/a> est devenu \u00e9ligible \u00e0 un pr\u00eat de $60 000. De plus, les entreprises qui avaient pr\u00e9c\u00e9demment re\u00e7u un pr\u00eat CEBA de $40,000 ont eu la possibilit\u00e9 de postuler \u00e0 l&#039;expansion du CEBA, acc\u00e9dant ainsi \u00e0 un financement suppl\u00e9mentaire de $20,000.\u00a0<\/span><\/li>\n<\/ul>\n<p><span style=\"font-weight: 400;\">Ces caract\u00e9ristiques ont transform\u00e9 le programme CUEC en une ressource indispensable pour les entreprises et organismes de Drummondville, leur offrant un soutien essentiel pour faire face aux d\u00e9fis \u00e9conomiques engendr\u00e9s par la pand\u00e9mie.<\/span><\/p>\n<h2><span style=\"font-weight: 400;\">Remise de pr\u00eat et expansion de l\u2019admissibilit\u00e9 \u00e0 Drummondville<\/span><\/h2>\n<p><span style=\"font-weight: 400;\">Le programme CEBA int\u00e8gre deux \u00e9l\u00e9ments essentiels qui ont jou\u00e9 un r\u00f4le d\u00e9terminant pour aider les entreprises en ces temps difficiles :<\/span><\/p>\n<p><span style=\"font-weight: 400;\">Le CUEC offre un incitatif attrayant aux emprunteurs admissibles qui sont en bonne sant\u00e9 financi\u00e8re. S\u2019ils remboursent le solde de leur pr\u00eat avant le 31 d\u00e9cembre 2023, les emprunteurs peuvent b\u00e9n\u00e9ficier d\u2019une remise de pr\u00eat, potentiellement jusqu\u2019\u00e0 33 % ou un maximum de $20\u00a0000. Cette disposition constitue un puissant facteur de motivation pour les entreprises afin qu\u2019elles respectent rapidement leurs obligations de remboursement, offrant ainsi un soulagement financier indispensable \u00e0 mesure que l\u2019\u00e9conomie continue de se redresser.<\/span><\/p>\n<p><span style=\"font-weight: 400;\"> De plus, le programme CUEC a \u00e9largi ses crit\u00e8res d&#039;admissibilit\u00e9 en supprimant l&#039;exigence pr\u00e9c\u00e9dente selon laquelle les entreprises devaient avoir un compte-ch\u00e8ques ou un compte d&#039;exploitation actif \u00e0 compter du 1er mars 2020. Ce changement am\u00e9liore consid\u00e9rablement l&#039;inclusivit\u00e9 et l&#039;accessibilit\u00e9 du programme. D\u00e9sormais, les entreprises peuvent demander le CUEC m\u00eame si elles cr\u00e9ent un compte d&#039;entreprise aupr\u00e8s de leur institution financi\u00e8re principale apr\u00e8s la date sp\u00e9cifi\u00e9e. Cette modification rationalise la participation au programme, offrant une aide pr\u00e9cieuse aux entreprises dans le besoin.<\/span><\/p>\n<h2><span style=\"font-weight: 400;\">Diverses options de financement<\/span><\/h2>\n<p><span style=\"font-weight: 400;\">Depuis le 4 d\u00e9cembre 2020, les b\u00e9n\u00e9ficiaires approuv\u00e9s du CUEC ont eu acc\u00e8s \u00e0 des choix de financement \u00e9largis. Notamment, le <a href=\"http:\/\/ceba.ca\/fr\/information\/is-ceba-extended\/\">Expansion du CUEC<\/a> a \u00e9t\u00e9 introduit, offrant une voie suppl\u00e9mentaire de soutien financier. Les entreprises qui avaient pr\u00e9c\u00e9demment re\u00e7u le pr\u00eat CEBA initial de $40,000 sont devenues \u00e9ligibles pour demander cette prolongation, leur permettant d&#039;obtenir un financement suppl\u00e9mentaire de $20,000.<\/span><\/p>\n<p><span style=\"font-weight: 400;\">L\u2019objectif principal de cette prolongation \u00e9tait de fournir une aide suppl\u00e9mentaire aux entreprises aux prises avec des difficult\u00e9s financi\u00e8res persistantes. Ce financement suppl\u00e9mentaire visait \u00e0 renforcer leur r\u00e9silience face aux difficult\u00e9s \u00e9conomiques prolong\u00e9es provoqu\u00e9es par la pand\u00e9mie.<\/span><\/p>\n<h2><span style=\"font-weight: 400;\">Pr\u00eat CUEC \u00e0 Drummondville : \u00e9ligibilit\u00e9 et exclusions<\/span><\/h2>\n<p><span style=\"font-weight: 400;\">Face aux d\u00e9fis pos\u00e9s par la pand\u00e9mie, le programme CUEC a jou\u00e9 un r\u00f4le central en apportant un soutien financier essentiel \u00e0 de nombreuses entreprises montr\u00e9alaises. Il est essentiel de comprendre que toutes les entit\u00e9s n&#039;\u00e9taient pas admissibles \u00e0 la participation, car des crit\u00e8res sp\u00e9cifiques ont \u00e9t\u00e9 \u00e9tablis par le gouvernement du Canada.<\/span><\/p>\n<h3><span style=\"font-weight: 400;\">1. Organisations gouvernementales exclues\u00a0<\/span><\/h3>\n<p><span style=\"font-weight: 400;\">Le CUEC a \u00e9t\u00e9 sp\u00e9cialement con\u00e7u pour aider les entreprises priv\u00e9es et n&#039;englobait pas les organisations gouvernementales ou les organismes gouvernementaux.<\/span><\/p>\n<h3><span style=\"font-weight: 400;\">2. Organisations \u00e0 but non lucratif et organismes de bienfaisance enregistr\u00e9s<\/span><\/h3>\n<p><span style=\"font-weight: 400;\">En g\u00e9n\u00e9ral, les organismes sans but lucratif, les organismes de bienfaisance enregistr\u00e9s, les syndicats, les soci\u00e9t\u00e9s ou ordres de secours mutuels et les entit\u00e9s enti\u00e8rement d\u00e9tenues par ces organismes n&#039;\u00e9taient pas admissibles aux pr\u00eats du CUEC.<\/span><\/p>\n<h3><span style=\"font-weight: 400;\">3. Entit\u00e9s appartenant \u00e0 des d\u00e9put\u00e9s f\u00e9d\u00e9raux ou \u00e0 des s\u00e9nateurs<\/span><\/h3>\n<p><span style=\"font-weight: 400;\">Le programme CUEC excluait du processus de demande de pr\u00eat les entit\u00e9s appartenant directement \u00e0 des d\u00e9put\u00e9s ou \u00e0 des s\u00e9nateurs f\u00e9d\u00e9raux. Cette mesure a \u00e9t\u00e9 mise en place pour pr\u00e9venir d&#039;\u00e9ventuels conflits d&#039;int\u00e9r\u00eats et maintenir la transparence dans l&#039;ex\u00e9cution du programme.<\/span><\/p>\n<h3><span style=\"font-weight: 400;\">4. Entit\u00e9s encourageant la violence ou la discrimination<\/span><\/h3>\n<p><span style=\"font-weight: 400;\">Les pr\u00eats CUEC n&#039;\u00e9taient pas disponibles pour les entit\u00e9s qui encourageaient la violence, incitaient \u00e0 la haine ou se livraient \u00e0 une discrimination fond\u00e9e sur diverses caract\u00e9ristiques prot\u00e9g\u00e9es. Ces caract\u00e9ristiques englobent le sexe, l\u2019identit\u00e9 ou l\u2019expression de genre, l\u2019orientation sexuelle, la race, la religion, l\u2019\u00e2ge, l\u2019origine ethnique, l\u2019origine nationale ou un handicap mental ou physique. Cette disposition \u00e9tait conforme aux lois applicables promouvant l\u2019inclusion et l\u2019\u00e9galit\u00e9.<\/span><\/p>\n<p><span style=\"font-weight: 400;\">Ces crit\u00e8res d&#039;admissibilit\u00e9 et d&#039;exclusion ont \u00e9t\u00e9 \u00e9tablis pour garantir que le programme CUEC atteint et soutient efficacement les entreprises vis\u00e9es tout en respectant les principes de justice et d&#039;\u00e9quit\u00e9.<\/span><\/p>\n<h2><span style=\"font-weight: 400;\">Assurer une r\u00e9partition \u00e9quitable de l\u2019aide<\/span><\/h2>\n<p><span style=\"font-weight: 400;\">Les exclusions d\u00e9lib\u00e9r\u00e9es du programme CEBA ont \u00e9t\u00e9 mises en \u0153uvre de mani\u00e8re strat\u00e9gique pour garantir que le soutien financier fourni dans le cadre du programme soit dirig\u00e9 vers des entreprises qui respectent les normes \u00e9thiques et juridiques. Ces crit\u00e8res d&#039;\u00e9ligibilit\u00e9 ont \u00e9t\u00e9 soigneusement con\u00e7us dans le but d&#039;aider les entreprises qui non seulement ont contribu\u00e9 \u00e0 l&#039;\u00e9conomie canadienne, mais ont \u00e9galement d\u00e9montr\u00e9 un engagement envers la diversit\u00e9 et l&#039;inclusion.<\/span><\/p>\n<p><span style=\"font-weight: 400;\">Cette s\u00e9lection m\u00e9ticuleuse des r\u00e9cipiendaires \u00e9ligibles r\u00e9pondait \u00e0 un double objectif. Premi\u00e8rement, il a veill\u00e9 \u00e0 ce que les fonds soient achemin\u00e9s vers des entreprises l\u00e9gitimes et m\u00e9ritantes, favorisant ainsi la transparence et renfor\u00e7ant la confiance du public dans les mesures de secours en cas de pand\u00e9mie.<\/span><\/p>\n<h2><span style=\"font-weight: 400;\">Calendrier des candidatures et impact du programme<\/span><\/h2>\n<p><span style=\"font-weight: 400;\">La p\u00e9riode de candidature au programme CUEC s&#039;est officiellement ferm\u00e9e le 30 juin 2021, marquant la fin de la p\u00e9riode de financement. Par cons\u00e9quent, aucune autre demande ne peut \u00eatre accept\u00e9e et le programme CUEC n&#039;accordera pas de financement suppl\u00e9mentaire.<\/span><\/p>\n<p><span style=\"font-weight: 400;\">Durant la dur\u00e9e du programme, les entreprises de Drummondville ont particip\u00e9 activement, mobilisant plus de 220 institutions financi\u00e8res \u00e0 travers le pays.<\/span><\/p>\n<p><span style=\"font-weight: 400;\">\u00a0Les statistiques finales du programme CUEC soulignent son impact significatif, avec 898\u00a0271 entreprises approuv\u00e9es pour les pr\u00eats CUEC et 571\u00a0851 entreprises suppl\u00e9mentaires approuv\u00e9es pour les expansions du CUEC. Ces approbations repr\u00e9sentaient collectivement un montant substantiel de $49,2 milliards, englobant \u00e0 la fois les pr\u00eats CEBA et les extensions. Cette somme substantielle a jou\u00e9 un r\u00f4le central pour soutenir les entreprises et contribuer aux efforts de relance \u00e9conomique.<\/span><\/p>\n<h2><span style=\"font-weight: 400;\">Le r\u00f4le essentiel du CEBA \u00e0 Drummondville<\/span><\/h2>\n<p><span style=\"font-weight: 400;\">Le programme CUEC s&#039;est impos\u00e9 comme la pierre angulaire du soutien aux entreprises locales de Drummondville durant les d\u00e9fis sans pr\u00e9c\u00e9dent pos\u00e9s par la pand\u00e9mie. En offrant des pr\u00eats sans int\u00e9r\u00eat, le CUEC a permis aux entreprises de couvrir leurs co\u00fbts op\u00e9rationnels essentiels, de retenir leur main-d&#039;\u0153uvre et de faire face aux incertitudes \u00e9conomiques complexes de cette p\u00e9riode.<\/span><\/p>\n<p><span style=\"font-weight: 400;\">Les r\u00e9sultats ont \u00e9t\u00e9 \u00e9vidents : de nombreuses entreprises de Drummondville ont non seulement surmont\u00e9 les d\u00e9fis, mais ont \u00e9galement pers\u00e9v\u00e9r\u00e9 dans leur cheminement vers la stabilit\u00e9 financi\u00e8re et la croissance.<\/span><\/p>\n<p><span style=\"font-weight: 400;\">M\u00eame si la p\u00e9riode de d\u00e9p\u00f4t des demandes du CUEC est ferm\u00e9e, son impact profond continue de se r\u00e9percuter sur le paysage des affaires de Drummondville. Alors que Drummondville poursuit avec diligence son redressement et sa reconstruction, la r\u00e9silience d\u00e9montr\u00e9e par ses petites entreprises et ses organismes sans but lucratif constitue un t\u00e9moignage convaincant du r\u00f4le du programme CUEC pour fortifier l&#039;\u00e9conomie et fournir un soutien crucial aux communaut\u00e9s en temps de crise.<\/span><\/p>\n<h2><span style=\"font-weight: 400;\">Conclusion<\/span><\/h2>\n<p><span style=\"font-weight: 400;\"><a href=\"https:\/\/ceba-cuec.ca\/\" target=\"_blank\" rel=\"noopener\">Le programme CUEC<\/a> a \u00e9t\u00e9 une bou\u00e9e de sauvetage pour les petites entreprises de Drummondville, fournissant un soutien financier crucial pendant les temps difficiles de la pand\u00e9mie. <\/span><span style=\"font-weight: 400;\">La p\u00e9riode de financement \u00e9tant d\u00e9sormais termin\u00e9e, les entreprises qui ont b\u00e9n\u00e9fici\u00e9 des pr\u00eats et des expansions doivent donner la priorit\u00e9 \u00e0 un remboursement responsable pour devenir \u00e9ligibles \u00e0 l\u2019exon\u00e9ration de pr\u00eat. <\/span><span style=\"font-weight: 400;\">Le succ\u00e8s retentissant du programme souligne le r\u00f4le essentiel de l\u2019aide gouvernementale pour favoriser la r\u00e9silience \u00e9conomique et contribuer \u00e0 la reprise des entreprises locales. Cela contribue \u00e0 son tour \u00e0 la vitalit\u00e9 et \u00e0 la prosp\u00e9rit\u00e9 durables du milieu des affaires de Drummondville.<\/span><\/p>","protected":false},"excerpt":{"rendered":"<p>The Canada Emergency Business Account (CEBA) program has been a crucial lifeline for small businesses and non-profit organizations in Drummondville during the challenging times of the COVID-19 pandemic. CEBA offers interest-free loans with a maximum limit of $60,000. In Drummondville, like many other major Canadian cities, this financial assistance initiative has had a significant impact [&hellip;]<\/p>\n","protected":false},"author":2,"featured_media":4933,"parent":0,"menu_order":0,"comment_status":"closed","ping_status":"closed","template":"","meta":{"footnotes":""},"class_list":["post-3681","page","type-page","status-publish","has-post-thumbnail","hentry"],"_links":{"self":[{"href":"https:\/\/ceba.ca\/fr\/wp-json\/wp\/v2\/pages\/3681","targetHints":{"allow":["GET"]}}],"collection":[{"href":"https:\/\/ceba.ca\/fr\/wp-json\/wp\/v2\/pages"}],"about":[{"href":"https:\/\/ceba.ca\/fr\/wp-json\/wp\/v2\/types\/page"}],"author":[{"embeddable":true,"href":"https:\/\/ceba.ca\/fr\/wp-json\/wp\/v2\/users\/2"}],"replies":[{"embeddable":true,"href":"https:\/\/ceba.ca\/fr\/wp-json\/wp\/v2\/comments?post=3681"}],"version-history":[{"count":4,"href":"https:\/\/ceba.ca\/fr\/wp-json\/wp\/v2\/pages\/3681\/revisions"}],"predecessor-version":[{"id":5042,"href":"https:\/\/ceba.ca\/fr\/wp-json\/wp\/v2\/pages\/3681\/revisions\/5042"}],"wp:featuredmedia":[{"embeddable":true,"href":"https:\/\/ceba.ca\/fr\/wp-json\/wp\/v2\/media\/4933"}],"wp:attachment":[{"href":"https:\/\/ceba.ca\/fr\/wp-json\/wp\/v2\/media?parent=3681"}],"curies":[{"name":"wp","href":"https:\/\/api.w.org\/{rel}","templated":true}]}}