{"id":3679,"date":"2023-09-05T03:40:55","date_gmt":"2023-09-05T07:40:55","guid":{"rendered":"http:\/\/ceba.ca\/?page_id=3679"},"modified":"2023-09-05T03:40:55","modified_gmt":"2023-09-05T07:40:55","slug":"ceba-loan-in-airdrie","status":"publish","type":"page","link":"https:\/\/ceba.ca\/fr\/ceba-loan-in-airdrie\/","title":{"rendered":"Pr\u00eat CUEC \u00e0 Airdrie"},"content":{"rendered":"<p><span style=\"font-weight: 400;\">Le programme CEBA, abr\u00e9viation de <a href=\"https:\/\/ceba-cuec.ca\/\" target=\"_blank\" rel=\"noopener\">Compte d&#039;urgence pour les entreprises canadiennes<\/a>, a jou\u00e9 un r\u00f4le essentiel en offrant un soutien crucial aux petites entreprises et aux organismes \u00e0 but non lucratif d\u2019Airdrie pendant les temps difficiles provoqu\u00e9s par la pand\u00e9mie de COVID-19. Le CUEC fournit <a href=\"http:\/\/ceba.ca\/fr\/news\/is-ceba-interest-free\/\">pr\u00eats sans int\u00e9r\u00eat<\/a> avec un plafond maximum de $60 000.<\/span><\/p>\n<p><span style=\"font-weight: 400;\">\u00c0 Airdrie, comme dans de nombreuses autres grandes villes canadiennes, ce programme d&#039;aide financi\u00e8re a eu un impact important sur les entreprises locales.<\/span><\/p>\n<p><span style=\"font-weight: 400;\">Voici quelques aspects remarquables du pr\u00eat CUEC \u00e0 Airdrie :<\/span><\/p>\n<ul>\n<li style=\"font-weight: 400;\" aria-level=\"1\"><b>Remise de pr\u00eat\u00a0: <\/b><span style=\"font-weight: 400;\">Les entreprises qui r\u00e9pondent aux crit\u00e8res d&#039;\u00e9ligibilit\u00e9 du CUEC et restent en r\u00e8gle peuvent b\u00e9n\u00e9ficier d&#039;une remise de pr\u00eat allant jusqu&#039;\u00e0 33 %, ce qui \u00e9quivaut \u00e0 un maximum de $20 000. Ce <a href=\"http:\/\/ceba.ca\/fr\/information\/ceba-forgiveness\/\">le pardon<\/a> est accord\u00e9 si le solde restant du pr\u00eat est rembours\u00e9 au plus tard le 31 d\u00e9cembre 2023.<\/span><\/li>\n<li style=\"font-weight: 400;\" aria-level=\"1\"><b>Admissibilit\u00e9 \u00e9largie\u00a0:<\/b><span style=\"font-weight: 400;\"> Le 26 octobre 2020, les conditions d\u2019admissibilit\u00e9 au CUEC ont \u00e9t\u00e9 \u00e9largies. L\u2019exigence pr\u00e9c\u00e9dente selon laquelle les entreprises devaient avoir un compte-ch\u00e8ques ou un compte d\u2019exploitation actif \u00e0 compter du 1er mars 2020 a \u00e9t\u00e9 supprim\u00e9e. Ce changement permettait aux entreprises admissibles de pr\u00e9senter une demande, m\u00eame si elles ouvraient un compte-ch\u00e8ques ou un compte d&#039;exploitation aupr\u00e8s de leur institution financi\u00e8re principale apr\u00e8s la date sp\u00e9cifi\u00e9e.<\/span><\/li>\n<li style=\"font-weight: 400;\" aria-level=\"1\"><b>Expansion du CUEC\u00a0: <\/b><span style=\"font-weight: 400;\">Depuis le 4 d\u00e9cembre 2020, les entreprises agr\u00e9\u00e9es aux pr\u00eats CUEC sont devenues \u00e9ligibles \u00e0 un pr\u00eat de $60 000. Les entreprises qui avaient pr\u00e9c\u00e9demment re\u00e7u un pr\u00eat CEBA de $40,000 ont \u00e9galement \u00e9t\u00e9 autoris\u00e9es \u00e0 demander l&#039;expansion du CEBA, leur fournissant ainsi un financement suppl\u00e9mentaire de $20,000.<\/span><\/li>\n<\/ul>\n<p><span style=\"font-weight: 400;\">Ces caract\u00e9ristiques ont fait du programme CEBA une ressource indispensable pour les entreprises et les organisations d\u2019Airdrie, les aidant \u00e0 relever les d\u00e9fis \u00e9conomiques provoqu\u00e9s par la pand\u00e9mie.<\/span><\/p>\n<h2><span style=\"font-weight: 400;\">Remise de pr\u00eat et admissibilit\u00e9 \u00e9largie \u00e0 Airdrie<\/span><\/h2>\n<p><span style=\"font-weight: 400;\">Le CUEC offre un incitatif int\u00e9ressant aux emprunteurs admissibles en r\u00e8gle. En remboursant le solde de leur pr\u00eat avant le 31 d\u00e9cembre 2023, les emprunteurs ont la possibilit\u00e9 d&#039;une remise de pr\u00eat, qui peut atteindre jusqu&#039;\u00e0 33 % ou un montant remboursable pouvant aller jusqu&#039;\u00e0 $20,000. Cette disposition constitue un puissant facteur de motivation pour les entreprises afin qu\u2019elles respectent rapidement leurs obligations de remboursement, offrant ainsi un soulagement financier essentiel pendant la reprise \u00e9conomique en cours. <\/span><\/p>\n<p><span style=\"font-weight: 400;\">Le programme CUEC a \u00e9largi ses crit\u00e8res d&#039;admissibilit\u00e9 en \u00e9liminant l&#039;exigence pr\u00e9c\u00e9dente selon laquelle les entreprises doivent avoir un compte de ch\u00e8ques ou un compte d&#039;exploitation actif \u00e0 compter du 1er mars 2020. Ce changement am\u00e9liore consid\u00e9rablement l&#039;inclusivit\u00e9 et l&#039;accessibilit\u00e9 du programme. D\u00e9sormais, les entreprises peuvent demander le CUEC m\u00eame si elles ouvrent un compte d&#039;entreprise aupr\u00e8s de leur institution financi\u00e8re principale apr\u00e8s la date sp\u00e9cifi\u00e9e. Cette modification rationalise la participation au programme, offrant une aide pr\u00e9cieuse aux entreprises dans le besoin.<\/span><\/p>\n<h2><span style=\"font-weight: 400;\">Diverses options de financement<\/span><\/h2>\n<p><span style=\"font-weight: 400;\">Depuis le 4 d\u00e9cembre 2020, les b\u00e9n\u00e9ficiaires approuv\u00e9s du CUEC ont eu acc\u00e8s \u00e0 des choix de financement \u00e9largis. Notamment, l\u2019expansion du CUEC a \u00e9t\u00e9 introduite, offrant une voie suppl\u00e9mentaire de soutien financier. Entreprises ayant pr\u00e9c\u00e9demment re\u00e7u le premier $40 000 <a href=\"http:\/\/ceba.ca\/fr\/ceba-loan\/\">Pr\u00eat CUEC<\/a> sont devenus \u00e9ligibles pour postuler \u00e0 cette prolongation, leur permettant d&#039;obtenir un financement suppl\u00e9mentaire de $20,000.<\/span><\/p>\n<p><span style=\"font-weight: 400;\">L\u2019objectif principal de cette prolongation \u00e9tait de fournir une aide suppl\u00e9mentaire aux entreprises aux prises avec des difficult\u00e9s financi\u00e8res persistantes. Ce financement suppl\u00e9mentaire visait \u00e0 renforcer leur r\u00e9silience face aux difficult\u00e9s \u00e9conomiques prolong\u00e9es provoqu\u00e9es par la pand\u00e9mie.<\/span><\/p>\n<h2><span style=\"font-weight: 400;\">Pr\u00eat CUEC \u00e0 Airdrie\u00a0:\u00a0admissibilit\u00e9 et exclusions<\/span><\/h2>\n<p><span style=\"font-weight: 400;\">Pendant la p\u00e9riode difficile de la pand\u00e9mie, le programme CUEC a jou\u00e9 un r\u00f4le central en accordant un soutien financier crucial \u00e0 de nombreuses entreprises de Montr\u00e9al. Il est important de noter que toutes les entit\u00e9s n&#039;\u00e9taient pas admissibles \u00e0 la participation, car des crit\u00e8res sp\u00e9cifiques ont \u00e9t\u00e9 mis en place par le gouvernement du Canada.<\/span><\/p>\n<p><span style=\"font-family: inherit; font-size: 29px; font-style: inherit;\">1. Entit\u00e9s encourageant la violence ou la discrimination<\/span><\/p>\n<p><span style=\"font-weight: 400;\">Les pr\u00eats CUEC n&#039;\u00e9taient pas disponibles pour les entit\u00e9s qui encourageaient la violence, incitaient \u00e0 la haine ou se livraient \u00e0 une discrimination fond\u00e9e sur diverses caract\u00e9ristiques prot\u00e9g\u00e9es. Ces caract\u00e9ristiques comprenaient le sexe, l\u2019identit\u00e9 ou l\u2019expression de genre, l\u2019orientation sexuelle, la race, la religion, l\u2019\u00e2ge, l\u2019origine ethnique, l\u2019origine nationale ou un handicap mental ou physique. Cette disposition \u00e9tait conforme aux lois applicables promouvant l\u2019inclusion et l\u2019\u00e9galit\u00e9.<\/span><\/p>\n<p><span style=\"font-weight: 400;\">Ces crit\u00e8res d&#039;admissibilit\u00e9 et d&#039;exclusion ont \u00e9t\u00e9 \u00e9tablis pour garantir que le programme CUEC atteint et soutient efficacement les entreprises vis\u00e9es tout en respectant les principes de justice et d&#039;\u00e9quit\u00e9.<\/span><\/p>\n<h3><span style=\"font-weight: 400;\">2. Entit\u00e9s appartenant \u00e0 des d\u00e9put\u00e9s f\u00e9d\u00e9raux ou \u00e0 des s\u00e9nateurs\u00a0<\/span><\/h3>\n<p><span style=\"font-weight: 400;\">Le CUEC a exclu du processus de demande de pr\u00eat les entit\u00e9s appartenant directement \u00e0 des d\u00e9put\u00e9s ou \u00e0 des s\u00e9nateurs f\u00e9d\u00e9raux. Cette mesure a \u00e9t\u00e9 mise en \u0153uvre pour pr\u00e9venir d&#039;\u00e9ventuels conflits d&#039;int\u00e9r\u00eats et maintenir la transparence dans l&#039;ex\u00e9cution du programme.<\/span><\/p>\n<h3><span style=\"font-weight: 400;\">3. Organisations gouvernementales exclues\u00a0<\/span><\/h3>\n<p><span style=\"font-weight: 400;\">Le CUEC a \u00e9t\u00e9 explicitement con\u00e7u pour aider les entreprises priv\u00e9es et n&#039;englobait pas les organisations gouvernementales ou les organismes gouvernementaux.<\/span><\/p>\n<h3><span style=\"font-weight: 400;\">4. Organisations \u00e0 but non lucratif et organismes de bienfaisance enregistr\u00e9s\u00a0<\/span><\/h3>\n<p><span style=\"font-weight: 400;\">En g\u00e9n\u00e9ral, les organismes sans but lucratif, les organismes de bienfaisance enregistr\u00e9s, les syndicats, les soci\u00e9t\u00e9s ou ordres de secours mutuels et les entit\u00e9s enti\u00e8rement d\u00e9tenues par ces organismes n&#039;\u00e9taient pas admissibles aux pr\u00eats du CUEC.<\/span><\/p>\n<h2><span style=\"font-weight: 400;\">Assurer une r\u00e9partition \u00e9quitable de l\u2019aide<\/span><\/h2>\n<p><span style=\"font-weight: 400;\">Les exclusions intentionnelles du programme CEBA ont \u00e9t\u00e9 mises en \u0153uvre de mani\u00e8re strat\u00e9gique pour garantir que le soutien financier fourni dans le cadre du programme soit dirig\u00e9 vers des entreprises qui adh\u00e8rent aux normes \u00e9thiques et juridiques. Ces crit\u00e8res d&#039;\u00e9ligibilit\u00e9 ont \u00e9t\u00e9 soigneusement con\u00e7us dans le but d&#039;aider les entreprises qui non seulement ont contribu\u00e9 \u00e0 l&#039;\u00e9conomie canadienne, mais ont \u00e9galement d\u00e9montr\u00e9 un engagement envers la diversit\u00e9 et l&#039;inclusion.<\/span><\/p>\n<p><span style=\"font-weight: 400;\">Cette s\u00e9lection minutieuse des b\u00e9n\u00e9ficiaires \u00e9ligibles r\u00e9pondait \u00e0 un double objectif. Premi\u00e8rement, il a veill\u00e9 \u00e0 ce que les fonds soient dirig\u00e9s vers des entreprises l\u00e9gitimes et m\u00e9ritantes, favorisant ainsi la transparence et renfor\u00e7ant la confiance du public dans les mesures de secours contre la pand\u00e9mie.<\/span><\/p>\n<h2><span style=\"font-weight: 400;\">Calendrier des candidatures et impact du programme<\/span><\/h2>\n<p><span style=\"font-weight: 400;\">La fen\u00eatre de candidature au programme CUEC s&#039;est officiellement ferm\u00e9e le 30 juin 2021, marquant la fin de la p\u00e9riode de financement. Par cons\u00e9quent, aucune autre demande ne peut \u00eatre accept\u00e9e et le programme CUEC n&#039;accordera pas de financement suppl\u00e9mentaire.<\/span><\/p>\n<p><span style=\"font-weight: 400;\">Tout au long de la dur\u00e9e du programme, les entreprises d&#039;Airdrie ont particip\u00e9 activement, en s&#039;engageant aupr\u00e8s de plus de 220 institutions financi\u00e8res \u00e0 travers le pays.<\/span><\/p>\n<p><span style=\"font-weight: 400;\">\u00a0Les statistiques finales du programme CUEC soulignent son impact significatif, avec 898\u00a0271 entreprises approuv\u00e9es pour les pr\u00eats CUEC et 571\u00a0851 entreprises suppl\u00e9mentaires approuv\u00e9es pour les expansions du CUEC. Ensemble, ces approbations repr\u00e9sentaient un montant substantiel de $49,2 milliards de fonds, couvrant \u00e0 la fois les pr\u00eats CEBA et les extensions. Cette somme substantielle a jou\u00e9 un r\u00f4le crucial dans le renforcement des entreprises et a contribu\u00e9 aux efforts de relance \u00e9conomique.<\/span><\/p>\n<h2><span style=\"font-weight: 400;\">L&#039;importance du CUEC \u00e0 Airdrie<\/span><\/h2>\n<p><span style=\"font-weight: 400;\">Le programme CEBA est devenu la pierre angulaire du soutien aux entreprises locales d&#039;Airdrie pendant les d\u00e9fis sans pr\u00e9c\u00e9dent provoqu\u00e9s par la pand\u00e9mie. En accordant des pr\u00eats sans int\u00e9r\u00eat, le CUEC a permis aux entreprises de faire face aux co\u00fbts op\u00e9rationnels essentiels, de retenir leur main-d&#039;\u0153uvre et de faire face aux incertitudes \u00e9conomiques complexes de l&#039;\u00e9poque.<\/span><\/p>\n<p><span style=\"font-weight: 400;\">Les r\u00e9sultats ont \u00e9t\u00e9 clairs : de nombreuses entreprises d\u2019Airdrie ont non seulement surmont\u00e9 les d\u00e9fis, mais ont \u00e9galement pers\u00e9v\u00e9r\u00e9 sur la voie de la stabilit\u00e9 financi\u00e8re et de la croissance.<\/span><\/p>\n<p><span style=\"font-weight: 400;\">M\u00eame si la p\u00e9riode de demande du CUEC est termin\u00e9e, son impact profond continue de r\u00e9sonner dans le paysage commercial d&#039;Airdrie. Alors qu&#039;Airdrie travaille avec diligence \u00e0 la reprise et \u00e0 la reconstruction, la r\u00e9silience d\u00e9montr\u00e9e par ses petites entreprises et ses organismes \u00e0 but non lucratif constitue un t\u00e9moignage convaincant du r\u00f4le du programme CUEC dans le renforcement de l&#039;\u00e9conomie et la fourniture d&#039;un soutien vital aux communaut\u00e9s en temps de crise.<\/span><\/p>\n<h2><span style=\"font-weight: 400;\">Conclusion<\/span><\/h2>\n<p><span style=\"font-weight: 400;\">Le programme CUEC a agi comme une bou\u00e9e de sauvetage pour les petites entreprises d\u2019Airdrie, fournissant un soutien financier vital pendant les temps difficiles de la pand\u00e9mie. <\/span><span style=\"font-weight: 400;\">\u00c0 la fin de la p\u00e9riode de financement, les entreprises qui ont utilis\u00e9 les pr\u00eats et les expansions doivent d\u00e9sormais se concentrer sur un remboursement responsable pour pouvoir b\u00e9n\u00e9ficier d\u2019une remise de pr\u00eat. <\/span><\/p>\n<p><span style=\"font-weight: 400;\">Le succ\u00e8s retentissant du programme souligne le r\u00f4le essentiel de l&#039;aide gouvernementale pour favoriser la r\u00e9silience \u00e9conomique et soutenir la reprise des entreprises locales. Cela contribue \u00e0 son tour \u00e0 la vitalit\u00e9 et \u00e0 la prosp\u00e9rit\u00e9 continues du milieu des affaires d&#039;Airdrie.<\/span><\/p>","protected":false},"excerpt":{"rendered":"<p>The CEBA program, short for Canada Emergency Business Account, has played a vital role in offering crucial support to small businesses and non-profit organizations in Airdrie during the challenging times brought about by the COVID-19 pandemic. CEBA provides interest-free loans with a maximum cap of $60,000. In Airdrie, similar to many other major Canadian cities, [&hellip;]<\/p>\n","protected":false},"author":2,"featured_media":4932,"parent":0,"menu_order":0,"comment_status":"closed","ping_status":"closed","template":"","meta":{"footnotes":""},"class_list":["post-3679","page","type-page","status-publish","has-post-thumbnail","hentry"],"_links":{"self":[{"href":"https:\/\/ceba.ca\/fr\/wp-json\/wp\/v2\/pages\/3679","targetHints":{"allow":["GET"]}}],"collection":[{"href":"https:\/\/ceba.ca\/fr\/wp-json\/wp\/v2\/pages"}],"about":[{"href":"https:\/\/ceba.ca\/fr\/wp-json\/wp\/v2\/types\/page"}],"author":[{"embeddable":true,"href":"https:\/\/ceba.ca\/fr\/wp-json\/wp\/v2\/users\/2"}],"replies":[{"embeddable":true,"href":"https:\/\/ceba.ca\/fr\/wp-json\/wp\/v2\/comments?post=3679"}],"version-history":[{"count":3,"href":"https:\/\/ceba.ca\/fr\/wp-json\/wp\/v2\/pages\/3679\/revisions"}],"predecessor-version":[{"id":5041,"href":"https:\/\/ceba.ca\/fr\/wp-json\/wp\/v2\/pages\/3679\/revisions\/5041"}],"wp:featuredmedia":[{"embeddable":true,"href":"https:\/\/ceba.ca\/fr\/wp-json\/wp\/v2\/media\/4932"}],"wp:attachment":[{"href":"https:\/\/ceba.ca\/fr\/wp-json\/wp\/v2\/media?parent=3679"}],"curies":[{"name":"wp","href":"https:\/\/api.w.org\/{rel}","templated":true}]}}