{"id":3677,"date":"2023-09-05T03:31:06","date_gmt":"2023-09-05T07:31:06","guid":{"rendered":"http:\/\/ceba.ca\/?page_id=3677"},"modified":"2023-09-05T03:31:06","modified_gmt":"2023-09-05T07:31:06","slug":"ceba-loan-in-sarnia","status":"publish","type":"page","link":"https:\/\/ceba.ca\/fr\/ceba-loan-in-sarnia\/","title":{"rendered":"Pr\u00eat CUEC \u00e0 Sarnia"},"content":{"rendered":"<p><span style=\"font-weight: 400;\"><a href=\"http:\/\/ceba.ca\/fr\/ceba-loan\/\">Le programme Compte d\u2019urgence pour les entreprises canadiennes (CUEC)<\/a>, en abr\u00e9g\u00e9 CEBA, a jou\u00e9 un r\u00f4le central en fournissant un soutien essentiel aux petites entreprises et aux entit\u00e9s \u00e0 but non lucratif de Sarnia dans les circonstances difficiles d\u00e9coulant de la pand\u00e9mie de COVID-19. Les offres du CUEC <a href=\"http:\/\/ceba.ca\/fr\/news\/is-ceba-interest-free\/\">pr\u00eats sans int\u00e9r\u00eat<\/a> avec un plafond maximum de $60 000.<\/span><\/p>\n<p><span style=\"font-weight: 400;\">\u00c0 Sarnia, comme dans plusieurs autres grandes villes canadiennes, l&#039;impact de ce programme d&#039;aide financi\u00e8re sur les entreprises locales a \u00e9t\u00e9 important.<\/span><\/p>\n<p><span style=\"font-weight: 400;\">Voici quelques caract\u00e9ristiques notables du pr\u00eat CUEC \u00e0 Sarnia :<\/span><\/p>\n<ul>\n<li style=\"font-weight: 400;\" aria-level=\"1\"><b>Admissibilit\u00e9 \u00e9largie\u00a0: <\/b><span style=\"font-weight: 400;\">Le 26 octobre 2020, les conditions d\u2019admissibilit\u00e9 au CUEC ont \u00e9t\u00e9 \u00e9largies. L\u2019ancienne stipulation selon laquelle les entreprises doivent avoir un compte-ch\u00e8ques ou un compte d\u2019exploitation actif \u00e0 compter du 1er mars 2020 a \u00e9t\u00e9 supprim\u00e9e. Ce changement permettait aux entreprises admissibles de pr\u00e9senter une demande m\u00eame si elles ouvraient un compte-ch\u00e8ques ou un compte d&#039;exploitation aupr\u00e8s de leur institution financi\u00e8re principale apr\u00e8s la date sp\u00e9cifi\u00e9e.<\/span><\/li>\n<\/ul>\n<p><span style=\"font-weight: 400;\">Ces caract\u00e9ristiques ont transform\u00e9 le programme CEBA en une ressource inestimable pour les entreprises et les organisations de Sarnia, les aidant \u00e0 relever les d\u00e9fis \u00e9conomiques pos\u00e9s par la pand\u00e9mie.<\/span><\/p>\n<ul>\n<li style=\"font-weight: 400;\" aria-level=\"1\"><b>Expansion du CUEC\u00a0:<\/b><span style=\"font-weight: 400;\"> \u00c0 compter du 4 d\u00e9cembre 2020, les entreprises approuv\u00e9es pour les pr\u00eats du CUEC sont devenues admissibles \u00e0 un pr\u00eat de $60 000. Les entreprises qui avaient d\u00e9j\u00e0 re\u00e7u un pr\u00eat CEBA de $40,000 ont \u00e9galement \u00e9t\u00e9 autoris\u00e9es \u00e0 postuler pour le <a href=\"http:\/\/ceba.ca\/fr\/information\/is-ceba-extended\/\">Expansion du CUEC<\/a>, qui a fourni un financement suppl\u00e9mentaire de $20,000.<\/span><\/li>\n<li style=\"font-weight: 400;\" aria-level=\"1\"><b>Remise de pr\u00eat\u00a0:<\/b><span style=\"font-weight: 400;\"> Les entreprises qui r\u00e9pondent aux crit\u00e8res d\u2019\u00e9ligibilit\u00e9 du CUEC et restent en r\u00e8gle peuvent b\u00e9n\u00e9ficier d\u2019une remise de pr\u00eat, avec un maximum de 33 %, soit jusqu\u2019\u00e0 $20\u00a0000. Cette remise est accord\u00e9e lorsque le solde restant du pr\u00eat est rembours\u00e9 au plus tard le 31 d\u00e9cembre 2023.<\/span><\/li>\n<\/ul>\n<h2><span style=\"font-weight: 400;\">Remise de pr\u00eat et admissibilit\u00e9 \u00e9largie \u00e0 Sarnia<\/span><\/h2>\n<p><span style=\"font-weight: 400;\">Le CUEC pr\u00e9sente un incitatif attrayant pour les emprunteurs admissibles en r\u00e8gle. En r\u00e9glant le solde de leur pr\u00eat avant le 31 d\u00e9cembre 2023, les emprunteurs peuvent d\u00e9bloquer le potentiel d\u2019exon\u00e9ration de pr\u00eat, qui peut atteindre jusqu\u2019\u00e0 33 % ou une somme remboursable pouvant aller jusqu\u2019\u00e0 $20\u00a0000. Cette disposition constitue une motivation convaincante pour les entreprises \u00e0 remplir leurs <a href=\"http:\/\/ceba.ca\/fr\/news\/when-does-the-ceba-loan-need-to-be-repaid\/\">engagements de remboursement dans les meilleurs d\u00e9lais<\/a>, apportant ainsi une aide financi\u00e8re vitale pendant la reprise \u00e9conomique en cours. De plus, le programme CUEC a \u00e9largi ses crit\u00e8res d&#039;admissibilit\u00e9 en supprimant la condition pr\u00e9alable obligeant les entreprises \u00e0 maintenir un compte-ch\u00e8ques ou un compte d&#039;exploitation actif \u00e0 compter du 1er mars 2020. Cette modification a consid\u00e9rablement accru l&#039;inclusivit\u00e9 et l&#039;accessibilit\u00e9 du programme. D\u00e9sormais, les entreprises peuvent demander le CUEC m\u00eame si elles ouvrent un compte d&#039;entreprise aupr\u00e8s de leur institution financi\u00e8re principale apr\u00e8s la date sp\u00e9cifi\u00e9e. Cette modification a rationalis\u00e9 la participation au programme, offrant une aide pr\u00e9cieuse aux entreprises dans le besoin.<\/span><\/p>\n<h2><span style=\"font-weight: 400;\">Choix de financement diversifi\u00e9s<\/span><\/h2>\n<p><span style=\"font-weight: 400;\">\u00c0 compter du 4 d\u00e9cembre 2020, les b\u00e9n\u00e9ficiaires approuv\u00e9s du CUEC ont eu acc\u00e8s \u00e0 des alternatives de financement \u00e9largies. Un ajout particuli\u00e8rement remarquable a \u00e9t\u00e9 l\u2019introduction de l\u2019expansion du CUEC, qui a pr\u00e9sent\u00e9 une voie suppl\u00e9mentaire de soutien financier. Les entreprises qui avaient pr\u00e9c\u00e9demment re\u00e7u le pr\u00eat CEBA initial de $40,000 sont devenues \u00e9ligibles pour postuler \u00e0 cette prolongation, leur permettant ainsi d&#039;obtenir un financement suppl\u00e9mentaire de $20,000.<\/span><\/p>\n<p><span style=\"font-weight: 400;\">L&#039;objectif principal de cette extension \u00e9tait d&#039;offrir une aide suppl\u00e9mentaire aux entreprises confront\u00e9es \u00e0 des difficult\u00e9s financi\u00e8res persistantes. Ce financement suppl\u00e9mentaire visait \u00e0 renforcer leur r\u00e9silience face aux difficult\u00e9s \u00e9conomiques prolong\u00e9es provoqu\u00e9es par la pand\u00e9mie.<\/span><\/p>\n<h2><span style=\"font-weight: 400;\">Admissibilit\u00e9 et exclusions au programme CUEC<\/span><\/h2>\n<p><span style=\"font-weight: 400;\">Pendant les temps difficiles de la pand\u00e9mie, le programme CUEC a jou\u00e9 un r\u00f4le central dans l\u2019extension <a href=\"https:\/\/ceba-cuec.ca\/\" target=\"_blank\" rel=\"noopener\">un soutien financier essentiel<\/a> \u00e0 de nombreuses entreprises \u00e0 Montr\u00e9al. Il est important de reconna\u00eetre que toutes les entit\u00e9s n&#039;\u00e9taient pas admissibles \u00e0 la participation, car des crit\u00e8res sp\u00e9cifiques ont \u00e9t\u00e9 \u00e9tablis par le gouvernement du Canada.<\/span><\/p>\n<h3><span style=\"font-weight: 400;\">1. Organisations \u00e0 but non lucratif et organismes de bienfaisance enregistr\u00e9s<\/span><\/h3>\n<p><span style=\"font-weight: 400;\">En g\u00e9n\u00e9ral, les organismes sans but lucratif, les organismes de bienfaisance enregistr\u00e9s, les syndicats, les soci\u00e9t\u00e9s ou ordres de secours mutuels et les entit\u00e9s enti\u00e8rement d\u00e9tenues par ces organismes n&#039;\u00e9taient pas admissibles aux pr\u00eats du CUEC.<\/span><\/p>\n<ol start=\"2\">\n<li><span style=\"font-weight: 400;\"> Organisations gouvernementales emp\u00each\u00e9es<\/span><\/li>\n<\/ol>\n<p><span style=\"font-weight: 400;\">Le CUEC a \u00e9t\u00e9 explicitement con\u00e7u pour aider les entreprises priv\u00e9es et ne s&#039;\u00e9tendait pas aux organisations gouvernementales ou aux organismes gouvernementaux.<\/span><\/p>\n<h3><span style=\"font-weight: 400;\">3. Entit\u00e9s encourageant la violence ou la discrimination<\/span><\/h3>\n<p><span style=\"font-weight: 400;\">Les pr\u00eats CUEC n&#039;\u00e9taient pas disponibles pour les entit\u00e9s qui encourageaient la violence, incitaient \u00e0 la haine ou se livraient \u00e0 une discrimination fond\u00e9e sur diverses caract\u00e9ristiques prot\u00e9g\u00e9es. Ces caract\u00e9ristiques englobent le sexe, l\u2019identit\u00e9 ou l\u2019expression de genre, l\u2019orientation sexuelle, la race, la religion, l\u2019\u00e2ge, l\u2019origine ethnique, l\u2019origine nationale ou un handicap mental ou physique. Cette disposition \u00e9tait conforme aux lois applicables promouvant l\u2019inclusion et l\u2019\u00e9galit\u00e9.<\/span><\/p>\n<p><span style=\"font-weight: 400;\">Ces crit\u00e8res d&#039;admissibilit\u00e9 et d&#039;exclusion ont \u00e9t\u00e9 \u00e9tablis pour garantir que le programme CUEC atteint et soutient efficacement les entreprises vis\u00e9es tout en respectant les principes de justice et d&#039;\u00e9quit\u00e9.<\/span><\/p>\n<ol start=\"4\">\n<li><span style=\"font-weight: 400;\"> Entit\u00e9s appartenant \u00e0 des d\u00e9put\u00e9s f\u00e9d\u00e9raux ou \u00e0 des s\u00e9nateurs<\/span><\/li>\n<\/ol>\n<p><span style=\"font-weight: 400;\">Le CUEC a exclu du processus de demande de pr\u00eat les entit\u00e9s appartenant directement \u00e0 des d\u00e9put\u00e9s ou \u00e0 des s\u00e9nateurs f\u00e9d\u00e9raux. Cette mesure visait \u00e0 pr\u00e9venir d&#039;\u00e9ventuels conflits d&#039;int\u00e9r\u00eats et \u00e0 maintenir la transparence dans l&#039;ex\u00e9cution du programme.<\/span><\/p>\n<h2><span style=\"font-weight: 400;\">Assurer une r\u00e9partition \u00e9quitable de l\u2019aide<\/span><\/h2>\n<p><span style=\"font-weight: 400;\">Les exclusions d\u00e9lib\u00e9r\u00e9es du programme CEBA ont \u00e9t\u00e9 mises en \u0153uvre de mani\u00e8re strat\u00e9gique pour garantir que le soutien financier fourni dans le cadre du programme soit dirig\u00e9 vers des entreprises qui adh\u00e8rent aux normes \u00e9thiques et juridiques. Ces crit\u00e8res d&#039;\u00e9ligibilit\u00e9 ont \u00e9t\u00e9 soigneusement con\u00e7us dans le but d&#039;aider les entreprises qui non seulement ont contribu\u00e9 \u00e0 l&#039;\u00e9conomie canadienne, mais ont \u00e9galement d\u00e9montr\u00e9 un engagement envers la diversit\u00e9 et l&#039;inclusion.<\/span><\/p>\n<p><span style=\"font-weight: 400;\">Cette s\u00e9lection m\u00e9ticuleuse des r\u00e9cipiendaires \u00e9ligibles r\u00e9pondait \u00e0 un double objectif. Premi\u00e8rement, il garantissait que les fonds \u00e9taient allou\u00e9s \u00e0 des entreprises l\u00e9gitimes et m\u00e9ritantes, favorisant ainsi la transparence et la confiance du public dans les mesures de secours contre la pand\u00e9mie.<\/span><\/p>\n<h2><span style=\"font-weight: 400;\">Calendrier des candidatures et impact du programme<\/span><\/h2>\n<p><span style=\"font-weight: 400;\">La fen\u00eatre de candidature au programme CUEC s&#039;est officiellement ferm\u00e9e le 30 juin 2021, marquant la fin de la p\u00e9riode de financement. Par cons\u00e9quent, aucune autre demande ne peut \u00eatre accept\u00e9e et le programme CUEC n&#039;accordera pas de financement suppl\u00e9mentaire.<\/span><\/p>\n<p><span style=\"font-weight: 400;\">Pendant la dur\u00e9e du programme, les entreprises de Sarnia ont particip\u00e9 activement, en s&#039;engageant aupr\u00e8s de plus de 220 institutions financi\u00e8res \u00e0 travers le pays.<\/span><\/p>\n<p><span style=\"font-weight: 400;\">\u00a0Les statistiques finales du programme CUEC soulignent son impact significatif, avec 898\u00a0271 entreprises approuv\u00e9es pour les pr\u00eats CUEC et 571\u00a0851 entreprises suppl\u00e9mentaires approuv\u00e9es pour les expansions du CUEC. Collectivement, ces approbations repr\u00e9sentaient un montant substantiel de $49,2 milliards, englobant \u00e0 la fois les pr\u00eats CEBA et les expansions. Cette somme substantielle a jou\u00e9 un r\u00f4le central en renfor\u00e7ant les entreprises et en contribuant aux efforts de relance \u00e9conomique.<\/span><\/p>\n<h2><span style=\"font-weight: 400;\">Pr\u00eat CUEC \u00e0 Sarnia\u00a0: <\/span><span style=\"font-weight: 400;\">Importance<\/span><\/h2>\n<p><span style=\"font-weight: 400;\">Le programme CEBA est devenu la pierre angulaire du soutien aux entreprises locales de Sarnia pendant les d\u00e9fis sans pr\u00e9c\u00e9dent provoqu\u00e9s par la pand\u00e9mie. En offrant des pr\u00eats sans int\u00e9r\u00eat, le CUEC a permis aux entreprises de couvrir leurs co\u00fbts op\u00e9rationnels essentiels, de retenir leur main-d&#039;\u0153uvre et de faire face aux incertitudes \u00e9conomiques complexes de l&#039;\u00e9poque.<\/span><\/p>\n<p><span style=\"font-weight: 400;\">Les r\u00e9sultats ont \u00e9t\u00e9 sans \u00e9quivoque : de nombreuses entreprises de Sarnia ont non seulement endur\u00e9 les d\u00e9fis, mais ont \u00e9galement pers\u00e9v\u00e9r\u00e9 dans leur cheminement vers la stabilit\u00e9 financi\u00e8re et la croissance.<\/span><\/p>\n<p><span style=\"font-weight: 400;\">M\u00eame si la p\u00e9riode de demande du CUEC est termin\u00e9e, son impact profond continue de se r\u00e9percuter sur le paysage commercial de Sarnia. Alors que Sarnia s&#039;efforce avec diligence de se r\u00e9tablir et de se reconstruire, la r\u00e9silience d\u00e9montr\u00e9e par ses petites entreprises et ses organismes sans but lucratif constitue un t\u00e9moignage convaincant du r\u00f4le du programme CUEC dans le renforcement de l&#039;\u00e9conomie et la fourniture d&#039;un soutien vital aux communaut\u00e9s en temps de crise.<\/span><\/p>\n<h2><span style=\"font-weight: 400;\">Conclusion<\/span><\/h2>\n<p><span style=\"font-weight: 400;\">Le programme CUEC a fonctionn\u00e9 comme une bou\u00e9e de sauvetage pour les petites entreprises de Sarnia, fournissant un soutien financier essentiel pendant les p\u00e9riodes difficiles de la pand\u00e9mie. <\/span><span style=\"font-weight: 400;\">Alors que la p\u00e9riode de financement touche \u00e0 sa fin, les entreprises qui ont b\u00e9n\u00e9fici\u00e9 des pr\u00eats et des expansions doivent d\u00e9sormais se tourner vers un remboursement responsable afin d&#039;obtenir l&#039;annulation de leur pr\u00eat. <\/span><span style=\"font-weight: 400;\">Le succ\u00e8s retentissant du programme met en \u00e9vidence le r\u00f4le crucial de l\u2019aide gouvernementale pour favoriser la r\u00e9silience \u00e9conomique et contribuer \u00e0 la reprise des entreprises locales. Cela contribue \u00e0 son tour \u00e0 la vitalit\u00e9 et \u00e0 la prosp\u00e9rit\u00e9 continues du milieu des affaires de Sarnia.<\/span><\/p>","protected":false},"excerpt":{"rendered":"<p>The Canada Emergency Business Account (CEBA) program, abbreviated as CEBA, has played a pivotal role in providing essential support to small businesses and non-profit entities in Sarnia amidst the difficult circumstances arising from the COVID-19 pandemic. CEBA offers interest-free loans with a maximum limit of $60,000. In Sarnia, like many other major Canadian cities, the [&hellip;]<\/p>\n","protected":false},"author":2,"featured_media":4931,"parent":0,"menu_order":0,"comment_status":"closed","ping_status":"closed","template":"","meta":{"footnotes":""},"class_list":["post-3677","page","type-page","status-publish","has-post-thumbnail","hentry"],"_links":{"self":[{"href":"https:\/\/ceba.ca\/fr\/wp-json\/wp\/v2\/pages\/3677","targetHints":{"allow":["GET"]}}],"collection":[{"href":"https:\/\/ceba.ca\/fr\/wp-json\/wp\/v2\/pages"}],"about":[{"href":"https:\/\/ceba.ca\/fr\/wp-json\/wp\/v2\/types\/page"}],"author":[{"embeddable":true,"href":"https:\/\/ceba.ca\/fr\/wp-json\/wp\/v2\/users\/2"}],"replies":[{"embeddable":true,"href":"https:\/\/ceba.ca\/fr\/wp-json\/wp\/v2\/comments?post=3677"}],"version-history":[{"count":3,"href":"https:\/\/ceba.ca\/fr\/wp-json\/wp\/v2\/pages\/3677\/revisions"}],"predecessor-version":[{"id":5040,"href":"https:\/\/ceba.ca\/fr\/wp-json\/wp\/v2\/pages\/3677\/revisions\/5040"}],"wp:featuredmedia":[{"embeddable":true,"href":"https:\/\/ceba.ca\/fr\/wp-json\/wp\/v2\/media\/4931"}],"wp:attachment":[{"href":"https:\/\/ceba.ca\/fr\/wp-json\/wp\/v2\/media?parent=3677"}],"curies":[{"name":"wp","href":"https:\/\/api.w.org\/{rel}","templated":true}]}}