{"id":3675,"date":"2023-09-05T03:21:19","date_gmt":"2023-09-05T07:21:19","guid":{"rendered":"http:\/\/ceba.ca\/?page_id=3675"},"modified":"2023-09-05T03:21:19","modified_gmt":"2023-09-05T07:21:19","slug":"ceba-loan-in-belleville","status":"publish","type":"page","link":"https:\/\/ceba.ca\/fr\/ceba-loan-in-belleville\/","title":{"rendered":"Pr\u00eat CUEC \u00e0 Belleville"},"content":{"rendered":"<p><span style=\"font-weight: 400;\">Le <a href=\"http:\/\/ceba.ca\/fr\/ceba-loan\/\">Programme CUEC<\/a> qui signifie Compte d&#039;urgence pour les entreprises canadiennes, a jou\u00e9 un r\u00f4le essentiel en soutenant les petites entreprises et les organismes sans but lucratif de Belleville pendant les temps difficiles provoqu\u00e9s par la pand\u00e9mie de COVID-19. Il offre <a href=\"http:\/\/ceba.ca\/fr\/news\/is-ceba-interest-free\/\">pr\u00eats sans int\u00e9r\u00eat<\/a> pouvant aller jusqu&#039;\u00e0 $60 000.<\/span><\/p>\n<p><span style=\"font-weight: 400;\">Pr\u00eat CUEC \u00c0 Belleville, comme dans plusieurs grandes villes canadiennes, l&#039;impact de cette aide financi\u00e8re sur les entreprises locales a \u00e9t\u00e9 consid\u00e9rable.<\/span><\/p>\n<h2><span style=\"font-weight: 400;\">Principales caract\u00e9ristiques du CUEC \u00e0 Belleville<\/span><\/h2>\n<p><span style=\"font-weight: 400;\">Voici quelques \u00e9l\u00e9ments cl\u00e9s du programme de pr\u00eats CUEC \u00e0 Belleville :<\/span><\/p>\n<ul>\n<li style=\"font-weight: 400;\" aria-level=\"1\"><b>Admissibilit\u00e9 \u00e9largie\u00a0:<\/b><span style=\"font-weight: 400;\"> Le 26 octobre 2020, les crit\u00e8res d\u2019admissibilit\u00e9 au CUEC ont \u00e9t\u00e9 \u00e9largis. L\u2019exigence pr\u00e9c\u00e9dente selon laquelle il fallait avoir un compte de ch\u00e8ques\/d\u2019exploitation d\u2019entreprise actif \u00e0 compter du 1er mars 2020 a \u00e9t\u00e9 supprim\u00e9e. Ce changement permettait aux entreprises admissibles de pr\u00e9senter une demande m\u00eame si elles ouvraient un compte-ch\u00e8ques\/d&#039;exploitation d&#039;entreprise aupr\u00e8s de leur institution financi\u00e8re principale apr\u00e8s la date sp\u00e9cifi\u00e9e.<\/span><\/li>\n<li style=\"font-weight: 400;\" aria-level=\"1\"><b>Expansion du CUEC\u00a0:<\/b><span style=\"font-weight: 400;\"> Depuis le 4 d\u00e9cembre 2020, les emprunteurs approuv\u00e9s du CUEC sont devenus admissibles \u00e0 un pr\u00eat de $60\u00a0000. Les entreprises qui avaient b\u00e9n\u00e9fici\u00e9 auparavant d&#039;un pr\u00eat CEBA de $40 000 ont \u00e9galement pu <a href=\"http:\/\/ceba.ca\/fr\/information\/is-ceba-extended\/\">faire une demande d&#039;extension du CUEC<\/a>, qui a fourni un financement suppl\u00e9mentaire de $20,000.<\/span><\/li>\n<\/ul>\n<p><span style=\"font-weight: 400;\">Ces caract\u00e9ristiques ont fait du programme CUEC une ressource inestimable pour les entreprises et les organismes de Belleville, les aidant \u00e0 faire face aux d\u00e9fis \u00e9conomiques pos\u00e9s par la pand\u00e9mie.<\/span><\/p>\n<ul>\n<li style=\"font-weight: 400;\" aria-level=\"1\"><b>Remise de pr\u00eat\u00a0: <\/b><span style=\"font-weight: 400;\">Les entreprises \u00e9ligibles au CUEC, en r\u00e8gle, peuvent b\u00e9n\u00e9ficier d&#039;une remise de pr\u00eat allant jusqu&#039;\u00e0 33 pour cent, ce qui \u00e9quivaut \u00e0 un maximum de $20,000. Cette remise est accord\u00e9e lorsque le solde restant du pr\u00eat est rembours\u00e9 au plus tard le 31 d\u00e9cembre 2023.<\/span><\/li>\n<\/ul>\n<h2><span style=\"font-weight: 400;\">L\u2019exon\u00e9ration de pr\u00eat et l\u2019\u00e9ligibilit\u00e9 \u00e9largie \u00e0 Belleville expliqu\u00e9es<\/span><\/h2>\n<p><span style=\"font-weight: 400;\">Le CUEC offre un incitatif int\u00e9ressant aux emprunteurs admissibles en r\u00e8gle. En remboursant le solde du pr\u00eat avant le 31 d\u00e9cembre 2023, les emprunteurs peuvent d\u00e9bloquer une remise de pr\u00eat allant jusqu&#039;\u00e0 33 %, ce qui \u00e9quivaut \u00e0 un montant remboursable pouvant atteindre $20,000. Cette disposition a fortement incit\u00e9 les entreprises \u00e0 remplir rapidement leurs obligations de remboursement, apportant ainsi un soulagement financier crucial pendant la reprise \u00e9conomique en cours.<\/span><\/p>\n<p><span style=\"font-weight: 400;\">De plus, le programme CUEC a \u00e9largi ses crit\u00e8res d&#039;admissibilit\u00e9 en \u00e9liminant l&#039;exigence pr\u00e9c\u00e9dente selon laquelle les entreprises d\u00e9tenaient un compte de ch\u00e8ques\/d&#039;exploitation d&#039;entreprise actif \u00e0 compter du 1er mars 2020. Cette modification a rendu le programme plus inclusif et accessible. D\u00e9sormais, les entreprises peuvent demander le CUEC m\u00eame si elles ouvrent un compte d&#039;entreprise aupr\u00e8s de leur institution financi\u00e8re principale apr\u00e8s la date sp\u00e9cifi\u00e9e. Ce changement a facilit\u00e9 une plus grande participation au programme, aidant ainsi les entreprises dans le besoin.<\/span><\/p>\n<p><span style=\"font-weight: 400;\">De plus, \u00e0 compter du 4 d\u00e9cembre 2020, les emprunteurs approuv\u00e9s du CUEC ont eu acc\u00e8s \u00e0 des possibilit\u00e9s de financement am\u00e9lior\u00e9es. Il convient de noter en particulier l\u2019introduction de l\u2019expansion du CUEC, qui offre une voie de financement suppl\u00e9mentaire. Les entreprises qui avaient pr\u00e9c\u00e9demment re\u00e7u le pr\u00eat initial de $40,000 CEBA \u00e9taient \u00e9ligibles pour postuler \u00e0 cette extension, leur permettant d&#039;obtenir un financement suppl\u00e9mentaire de $20,000.<\/span><\/p>\n<p><span style=\"font-weight: 400;\">L&#039;objectif principal de cette extension \u00e9tait d&#039;apporter un soutien suppl\u00e9mentaire aux entreprises aux prises avec des difficult\u00e9s financi\u00e8res persistantes. Ce financement suppl\u00e9mentaire visait \u00e0 renforcer leur r\u00e9silience face aux d\u00e9fis \u00e9conomiques prolong\u00e9s pos\u00e9s par la pand\u00e9mie.<\/span><\/p>\n<h2><span style=\"font-weight: 400;\">Pr\u00eat CUEC \u00e0 Belleville : \u00e9ligibilit\u00e9 et exclusions\u00a0<\/span><\/h2>\n<p><span style=\"font-weight: 400;\">Le programme CUEC a jou\u00e9 un r\u00f4le central en fournissant un soutien financier crucial \u00e0 de nombreuses entreprises de Montr\u00e9al pendant les temps difficiles de la pand\u00e9mie. Cependant, il est important de noter que toutes les entit\u00e9s n&#039;\u00e9taient pas \u00e9ligibles \u00e0 la participation, car des crit\u00e8res sp\u00e9cifiques ont \u00e9t\u00e9 \u00e9tablis par le <a href=\"https:\/\/www.canada.ca\/en.html\" target=\"_blank\" rel=\"noopener\">Gouvernement du Canada<\/a>.<\/span><\/p>\n<h3><span style=\"font-weight: 400;\">1. Entit\u00e9s appartenant \u00e0 des d\u00e9put\u00e9s f\u00e9d\u00e9raux ou \u00e0 des s\u00e9nateurs<\/span><\/h3>\n<p><span style=\"font-weight: 400;\">Le CUEC a exclu du processus de demande de pr\u00eat les entit\u00e9s appartenant directement \u00e0 des d\u00e9put\u00e9s ou \u00e0 des s\u00e9nateurs f\u00e9d\u00e9raux. Cette mesure a \u00e9t\u00e9 mise en \u0153uvre pour pr\u00e9venir d&#039;\u00e9ventuels conflits d&#039;int\u00e9r\u00eats et maintenir la transparence dans l&#039;ex\u00e9cution du programme.<\/span><\/p>\n<h3><span style=\"font-weight: 400;\">2. Entit\u00e9s encourageant la violence ou la discrimination\u00a0<\/span><\/h3>\n<p><span style=\"font-weight: 400;\">Les pr\u00eats CUEC n&#039;\u00e9taient pas disponibles pour les entit\u00e9s qui encouragent la violence, incitent \u00e0 la haine ou se livrent \u00e0 une discrimination fond\u00e9e sur diverses caract\u00e9ristiques prot\u00e9g\u00e9es. Ces caract\u00e9ristiques comprenaient le sexe, l\u2019identit\u00e9 ou l\u2019expression de genre, l\u2019orientation sexuelle, la race, la religion, l\u2019\u00e2ge, l\u2019origine ethnique, l\u2019origine nationale ou un handicap mental ou physique. Cette disposition \u00e9tait align\u00e9e sur les lois applicables promouvant l\u2019inclusion et l\u2019\u00e9galit\u00e9. Ces crit\u00e8res d&#039;admissibilit\u00e9 et d&#039;exclusion ont \u00e9t\u00e9 mis en place pour garantir que le programme CUEC atteint et soutient efficacement les entreprises vis\u00e9es tout en respectant les principes de justice et d&#039;\u00e9quit\u00e9.<\/span><\/p>\n<h3><span style=\"font-weight: 400;\">3. Organisations \u00e0 but non lucratif et organismes de bienfaisance enregistr\u00e9s<\/span><\/h3>\n<p><span style=\"font-weight: 400;\">En g\u00e9n\u00e9ral, les organismes sans but lucratif, les organismes de bienfaisance enregistr\u00e9s, les syndicats, les soci\u00e9t\u00e9s ou ordres de secours mutuels et les entit\u00e9s enti\u00e8rement d\u00e9tenues par ces organismes n&#039;\u00e9taient pas admissibles aux pr\u00eats du CUEC.<\/span><\/p>\n<h3><span style=\"font-weight: 400;\">4. Organisations gouvernementales exclues<\/span><\/h3>\n<p><span style=\"font-weight: 400;\">Le CUEC a \u00e9t\u00e9 sp\u00e9cialement con\u00e7u pour aider les entreprises priv\u00e9es et n&#039;\u00e9tait pas destin\u00e9 aux organisations gouvernementales ou aux organismes gouvernementaux.<\/span><\/p>\n<h2><span style=\"font-weight: 400;\">Assurer une distribution \u00e9quitable de l\u2019aide<\/span><\/h2>\n<p><span style=\"font-weight: 400;\">Les exclusions du programme CEBA ont \u00e9t\u00e9 mises en \u0153uvre de mani\u00e8re strat\u00e9gique pour garantir que le soutien financier accord\u00e9 dans le cadre du programme soit dirig\u00e9 vers des entreprises qui respectent les normes \u00e9thiques et juridiques. Ces crit\u00e8res d&#039;\u00e9ligibilit\u00e9 ont \u00e9t\u00e9 \u00e9labor\u00e9s dans le but d&#039;aider les entreprises qui non seulement ont contribu\u00e9 \u00e0 l&#039;\u00e9conomie canadienne, mais ont \u00e9galement d\u00e9montr\u00e9 un engagement envers la diversit\u00e9 et l&#039;inclusion.<\/span><\/p>\n<p><span style=\"font-weight: 400;\">Cette s\u00e9lection minutieuse des b\u00e9n\u00e9ficiaires \u00e9ligibles r\u00e9pondait \u00e0 un double objectif. Premi\u00e8rement, il a veill\u00e9 \u00e0 ce que les fonds soient allou\u00e9s \u00e0 des entreprises l\u00e9gitimes et m\u00e9ritantes, favorisant ainsi la transparence et la confiance du public dans les mesures de secours mises en \u0153uvre pendant la pand\u00e9mie.<\/span><\/p>\n<h2><span style=\"font-weight: 400;\">P\u00e9riode de candidature et r\u00e9sultat du programme<\/span><\/h2>\n<p><span style=\"font-weight: 400;\">La p\u00e9riode de candidature au programme CUEC s&#039;est officiellement ferm\u00e9e le 30 juin 2021, marquant la fin de la p\u00e9riode de financement. Par cons\u00e9quent, aucune nouvelle demande ne peut \u00eatre accept\u00e9e et le programme CUEC n&#039;accordera aucun financement suppl\u00e9mentaire.<\/span><\/p>\n<p><span style=\"font-weight: 400;\">Tout au long de la dur\u00e9e du programme, les entreprises de Belleville ont particip\u00e9 activement, utilisant les services de plus de 220 institutions financi\u00e8res \u00e0 l&#039;\u00e9chelle nationale.<\/span><\/p>\n<p><span style=\"font-weight: 400;\">Les statistiques finales du programme CUEC soulignent son impact significatif, avec 898\u00a0271 entreprises approuv\u00e9es pour les pr\u00eats CUEC et 571\u00a0851 entreprises suppl\u00e9mentaires approuv\u00e9es pour les expansions du CUEC. Au total, ces approbations repr\u00e9sentaient un montant substantiel de $49,2 milliards de fonds, combinant les pr\u00eats CEBA et les expansions, qui ont collectivement contribu\u00e9 \u00e0 soutenir les entreprises et \u00e0 favoriser la reprise \u00e9conomique.<\/span><\/p>\n<h2><span style=\"font-weight: 400;\">L&#039;importance du CUEC \u00e0 Belleville<\/span><\/h2>\n<p><span style=\"font-weight: 400;\">Le programme CUEC s&#039;est impos\u00e9 comme un pilier du soutien aux entreprises locales de Belleville pendant les d\u00e9fis sans pr\u00e9c\u00e9dent provoqu\u00e9s par la pand\u00e9mie. Gr\u00e2ce \u00e0 son offre de pr\u00eats sans int\u00e9r\u00eat, le CUEC a permis aux entreprises de couvrir des d\u00e9penses op\u00e9rationnelles cruciales, de retenir leur main-d&#039;\u0153uvre et de faire face aux incertitudes \u00e9conomiques complexes de l&#039;\u00e9poque.<\/span><\/p>\n<p><span style=\"font-weight: 400;\">Le r\u00e9sultat fut \u00e9vident : de nombreuses entreprises de Belleville r\u00e9ussirent non seulement \u00e0 r\u00e9sister \u00e0 la temp\u00eate, mais aussi \u00e0 poursuivre leur cheminement vers la stabilit\u00e9 financi\u00e8re et l&#039;expansion.<\/span><\/p>\n<p><span style=\"font-weight: 400;\">M\u00eame si la p\u00e9riode de demande du CUEC touche \u00e0 sa fin, son impact profond continue de r\u00e9sonner dans le paysage commercial de Belleville. Alors que Belleville s&#039;efforce sinc\u00e8rement de se r\u00e9tablir et de se reconstruire, la t\u00e9nacit\u00e9 affich\u00e9e par ses petites entreprises et ses organismes sans but lucratif constitue un puissant t\u00e9moignage du r\u00f4le du programme CUEC dans le renforcement de l&#039;\u00e9conomie et le soutien crucial aux communaut\u00e9s en temps de crise.<\/span><\/p>\n<h2><span style=\"font-weight: 400;\">Conclusion<\/span><\/h2>\n<p><span style=\"font-weight: 400;\">Le programme CUEC a servi de bou\u00e9e de sauvetage aux petites entreprises de Belleville, offrant une aide financi\u00e8re vitale pendant les p\u00e9riodes turbulentes de la pand\u00e9mie.<\/span><span style=\"font-weight: 400;\"> La p\u00e9riode de financement \u00e9tant d\u00e9sormais derri\u00e8re nous, les entreprises qui ont b\u00e9n\u00e9fici\u00e9 des pr\u00eats et des expansions doivent se concentrer sur un remboursement diligent afin d\u2019obtenir l\u2019annulation de leur pr\u00eat.\u00a0<\/span><span style=\"font-weight: 400;\">Le succ\u00e8s retentissant du programme souligne le r\u00f4le central du soutien gouvernemental pour favoriser la r\u00e9silience \u00e9conomique et faciliter la reprise des entreprises locales. Ceci, \u00e0 son tour, contribue au dynamisme et \u00e0 la prosp\u00e9rit\u00e9 continus du paysage commercial de Belleville.<\/span><\/p>","protected":false},"excerpt":{"rendered":"<p>The CEBA program which stands for Canada Emergency Business Account, has played a vital role in supporting small businesses and not-for-profit organizations in Belleville during the challenging times brought about by the COVID-19 pandemic. It provides interest-free loans of up to $60,000. CEBA loan in Belleville, as in many major Canadian cities, the impact of [&hellip;]<\/p>\n","protected":false},"author":2,"featured_media":4929,"parent":0,"menu_order":0,"comment_status":"closed","ping_status":"closed","template":"","meta":{"footnotes":""},"class_list":["post-3675","page","type-page","status-publish","has-post-thumbnail","hentry"],"_links":{"self":[{"href":"https:\/\/ceba.ca\/fr\/wp-json\/wp\/v2\/pages\/3675","targetHints":{"allow":["GET"]}}],"collection":[{"href":"https:\/\/ceba.ca\/fr\/wp-json\/wp\/v2\/pages"}],"about":[{"href":"https:\/\/ceba.ca\/fr\/wp-json\/wp\/v2\/types\/page"}],"author":[{"embeddable":true,"href":"https:\/\/ceba.ca\/fr\/wp-json\/wp\/v2\/users\/2"}],"replies":[{"embeddable":true,"href":"https:\/\/ceba.ca\/fr\/wp-json\/wp\/v2\/comments?post=3675"}],"version-history":[{"count":3,"href":"https:\/\/ceba.ca\/fr\/wp-json\/wp\/v2\/pages\/3675\/revisions"}],"predecessor-version":[{"id":5039,"href":"https:\/\/ceba.ca\/fr\/wp-json\/wp\/v2\/pages\/3675\/revisions\/5039"}],"wp:featuredmedia":[{"embeddable":true,"href":"https:\/\/ceba.ca\/fr\/wp-json\/wp\/v2\/media\/4929"}],"wp:attachment":[{"href":"https:\/\/ceba.ca\/fr\/wp-json\/wp\/v2\/media?parent=3675"}],"curies":[{"name":"wp","href":"https:\/\/api.w.org\/{rel}","templated":true}]}}