{"id":3671,"date":"2023-09-05T02:56:41","date_gmt":"2023-09-05T06:56:41","guid":{"rendered":"http:\/\/ceba.ca\/?page_id=3671"},"modified":"2023-09-05T02:56:41","modified_gmt":"2023-09-05T06:56:41","slug":"ceba-loan-in-chilliwack","status":"publish","type":"page","link":"https:\/\/ceba.ca\/fr\/ceba-loan-in-chilliwack\/","title":{"rendered":"Pr\u00eat CUEC \u00e0 Chilliwack"},"content":{"rendered":"<p><span style=\"font-weight: 400;\">Face \u00e0 un environnement \u00e9conomique difficile, le gouvernement canadien a introduit le<a href=\"https:\/\/ceba-cuec.ca\/\" target=\"_blank\" rel=\"noopener\"> Compte d&#039;urgence pour les entreprises canadiennes (CUEC)<\/a> comme bou\u00e9e de sauvetage pour les entreprises aux prises avec les retomb\u00e9es \u00e9conomiques de la pand\u00e9mie de COVID-19. Chilliwack est un excellent exemple de ville qui exploite efficacement les avantages de cette initiative.\u00a0<\/span><\/p>\n<p><span style=\"font-weight: 400;\">Au-del\u00e0 du simple soutien financier vital, le<a href=\"http:\/\/ceba.ca\/fr\/ceba-loan\/\"> Programme de pr\u00eat CUEC<\/a> a jou\u00e9 un r\u00f4le central dans le fa\u00e7onnement de l\u2019\u00e9conomie locale en renfor\u00e7ant la r\u00e9silience et en prot\u00e9geant les moyens de subsistance de nombreuses entreprises. Dans cet article, nous examinons l&#039;influence du pr\u00eat CUEC \u00e0 Chilliwack, en explorant ses subventions, ses proc\u00e9dures de remboursement, ses crit\u00e8res d&#039;\u00e9ligibilit\u00e9, son processus de demande et son impact plus large sur le paysage \u00e9conomique local.<\/span><\/p>\n<h2><span style=\"font-weight: 400;\">D\u00e9tails du montant du pr\u00eat et de la subvention<\/span><\/h2>\n<p><span style=\"font-weight: 400;\">\u00c0 Chilliwack, le programme CEBA offre une aide financi\u00e8re aux entreprises et aux organismes \u00e0 but non lucratif, en accordant des pr\u00eats allant de $40 000 \u00e0 $60 000. Le montant sp\u00e9cifique du pr\u00eat est d\u00e9termin\u00e9 en fonction de divers facteurs, notamment les niveaux de revenus, les pertes de revenus, la masse salariale annuelle et les d\u00e9penses essentielles qui ne peuvent \u00eatre report\u00e9es. Il est important de noter que les pr\u00eats du CUEC comportent les <a href=\"http:\/\/ceba.ca\/fr\/news\/is-ceba-interest-free\/\">b\u00e9n\u00e9fice d&#039;un int\u00e9r\u00eat nul<\/a> et des options de remboursement flexibles. Les entreprises sont tenues de rembourser ces pr\u00eats dans un d\u00e9lai fix\u00e9, et le fait de ne pas le faire peut entra\u00eener l&#039;imposition de frais d&#039;int\u00e9r\u00eat par le gouvernement.<\/span><\/p>\n<p><span style=\"font-weight: 400;\">En termes de subventions, les entreprises admissibles de Chilliwack ont eu la possibilit\u00e9 de recevoir des subventions non remboursables allant jusqu&#039;\u00e0 $20 000 dans le cadre du programme CUEC. Ces subventions ont \u00e9t\u00e9 strat\u00e9giquement con\u00e7ues pour couvrir un large \u00e9ventail de co\u00fbts op\u00e9rationnels, notamment le loyer, les services publics et les d\u00e9penses salariales. Initialement, la structure du pr\u00eat comprenait un pr\u00eat de $40 000, dont 25% (jusqu&#039;\u00e0 un maximum de $10 000) \u00e9taient remboursables si le solde restant \u00e9tait pay\u00e9 dans un d\u00e9lai sp\u00e9cifi\u00e9. Les am\u00e9liorations ult\u00e9rieures du gouvernement ont augment\u00e9 la part remboursable \u00e0 50%, ou \u00e0 un tiers dans les cas o\u00f9 le montant du pr\u00eat atteignait $60 000. Cela a finalement abouti \u00e0 une subvention maximale de $20,000 pour les entreprises \u00e9ligibles.<\/span><\/p>\n<h2><span style=\"font-weight: 400;\">Pr\u00eat CUEC \u00e0 Chilliwack\u00a0: crit\u00e8res d&#039;\u00e9ligibilit\u00e9<\/span><\/h2>\n<p><span style=\"font-weight: 400;\">Afin d&#039;acc\u00e9der aux avantages offerts par le programme de pr\u00eat CUEC \u00e0 Chilliwack, les entreprises devaient r\u00e9pondre \u00e0 des crit\u00e8res d&#039;admissibilit\u00e9 sp\u00e9cifiques, qui comprenaient, sans toutefois s&#039;y limiter, les suivants\u00a0:<\/span><\/p>\n<h3><span style=\"font-weight: 400;\">1. Statut op\u00e9rationnel<\/span><\/h3>\n<p><span style=\"font-weight: 400;\">L&#039;entreprise doit avoir men\u00e9 activement ses op\u00e9rations au 1er mars 2020.<\/span><\/p>\n<h3><span style=\"font-weight: 400;\">2. Immatriculation fiscale f\u00e9d\u00e9rale<\/span><\/h3>\n<p><span style=\"font-weight: 400;\">La possession d&#039;un enregistrement fiscal f\u00e9d\u00e9ral \u00e9tait une condition obligatoire pour les entreprises.<\/span><\/p>\n<h3><span style=\"font-weight: 400;\">3. D\u00e9penses non reportables\u00a0<\/span><\/h3>\n<p><span style=\"font-weight: 400;\">Les candidats devaient d\u00e9montrer des d\u00e9penses \u00e9ligibles non reportables, qui comprenaient des co\u00fbts tels que la masse salariale, le loyer, les services publics et l&#039;assurance. Ces d\u00e9penses auraient d\u00fb se situer dans une fourchette de $20 000 \u00e0 $1,5 millions pour l&#039;ann\u00e9e 2020.<\/span><\/p>\n<h3><span style=\"font-weight: 400;\">4. Aucun pr\u00eat CUEC pr\u00e9alable<\/span><\/h3>\n<p><span style=\"font-weight: 400;\">Les entreprises \u00e9taient jug\u00e9es inadmissibles si elles avaient d\u00e9j\u00e0 demand\u00e9 ou re\u00e7u un pr\u00eat du CUEC.<\/span><\/p>\n<h2><span style=\"font-weight: 400;\">Proc\u00e9dure de demande<\/span><\/h2>\n<p><span style=\"font-weight: 400;\">Le processus de demande de pr\u00eat du CUEC \u00e0 Chilliwack a \u00e9t\u00e9 intentionnellement con\u00e7u pour \u00eatre convivial, donnant la priorit\u00e9 \u00e0 un acc\u00e8s rapide \u00e0 une aide financi\u00e8re vitale pour les entreprises. Les entrepreneurs devaient commencer \u00e0 pr\u00e9senter leur demande par l&#039;interm\u00e9diaire de leurs principales institutions financi\u00e8res. Ces institutions financi\u00e8res ont travaill\u00e9 en partenariat avec le gouvernement pour simplifier le processus de demande et valider les informations essentielles. Cette approche collaborative visait \u00e0 acc\u00e9l\u00e9rer le d\u00e9caissement des fonds aux entreprises m\u00e9ritantes tout en minimisant les complexit\u00e9s administratives.<\/span><\/p>\n<p><span style=\"font-weight: 400;\">Il est important de noter que le processus d&#039;approbation des demandes peut prendre un certain temps. De plus, le gouvernement a conserv\u00e9 le pouvoir de refuser certaines demandes qui ne r\u00e9pondaient pas aux crit\u00e8res d&#039;\u00e9ligibilit\u00e9. En cas de rejet, les candidats avaient la possibilit\u00e9 de faire appel ou de demander de l&#039;aide \u00e0 leur banque ou coop\u00e9rative de cr\u00e9dit.<\/span><\/p>\n<h2><span style=\"font-weight: 400;\">Proc\u00e9dure de remboursement<\/span><span style=\"font-weight: 400;\">\u00a0<\/span><\/h2>\n<p><span style=\"font-weight: 400;\">Le <a href=\"http:\/\/ceba.ca\/fr\/news\/when-does-the-ceba-loan-need-to-be-repaid\/\">processus de remboursement du programme de pr\u00eats CUEC<\/a> \u00e0 Chilliwack est simple. Les entreprises qui ne remplissent pas les conditions requises pour b\u00e9n\u00e9ficier d\u2019une remise totale de pr\u00eat doivent commencer \u00e0 rembourser le solde impay\u00e9 dans un d\u00e9lai pr\u00e9d\u00e9fini.<\/span><\/p>\n<p><span style=\"font-weight: 400;\">Le plan de remboursement sp\u00e9cifique d\u00e9pend de l\u2019institution financi\u00e8re utilis\u00e9e, qui peut \u00eatre une banque ou une coop\u00e9rative de cr\u00e9dit. Il est conseill\u00e9 aux entreprises de contacter leurs institutions financi\u00e8res respectives pour obtenir des informations compl\u00e8tes sur les \u00e9ch\u00e9anciers de remboursement.<\/span><\/p>\n<p><span style=\"font-weight: 400;\">Il est essentiel de souligner que quelle que soit l&#039;institution financi\u00e8re choisie, les entreprises qui remboursent le montant du pr\u00eat avant la date limite sp\u00e9cifi\u00e9e sont \u00e9ligibles \u00e0 une remise de pr\u00eat pouvant aller jusqu&#039;\u00e0 $20 000.<\/span><\/p>\n<h2><span style=\"font-weight: 400;\">Remboursements tardifs<\/span><\/h2>\n<p><span style=\"font-weight: 400;\">\u00c0 chaque pr\u00eat est associ\u00e9 un d\u00e9lai de remboursement pr\u00e9cis, et le non-respect de ce d\u00e9lai peut entra\u00eener plusieurs cons\u00e9quences :<\/span><\/p>\n<h3><span style=\"font-weight: 400;\">1. Perte de subvention de pardon\u00a0<\/span><\/h3>\n<p><span style=\"font-weight: 400;\">Les entreprises ou les organisations \u00e0 but non lucratif qui ne respectent pas le d\u00e9lai de remboursement perdront leur \u00e9ligibilit\u00e9 \u00e0 une remise de pr\u00eat pouvant aller jusqu&#039;\u00e0 $20,000.<\/span><\/p>\n<h3><span style=\"font-weight: 400;\">2. Frais d&#039;int\u00e9r\u00eat<\/span><\/h3>\n<p><span style=\"font-weight: 400;\">Bien que le pr\u00eat lui-m\u00eame soit sans int\u00e9r\u00eat, le non-respect de la date limite de remboursement entra\u00eene des frais d&#039;int\u00e9r\u00eat annuels de 5%.<\/span><span style=\"font-weight: 400;\">\u00a0<\/span><\/p>\n<h3><span style=\"font-weight: 400;\">3. Impact sur la cote de cr\u00e9dit<\/span><\/h3>\n<p><span style=\"font-weight: 400;\">Les paiements en retard ou manqu\u00e9s peuvent avoir un impact significatif sur votre cote de cr\u00e9dit globale, entra\u00eenant potentiellement un effet n\u00e9gatif sur votre solvabilit\u00e9. Le non-respect des d\u00e9lais peut entra\u00eener une cote de cr\u00e9dit inf\u00e9rieure.<\/span><\/p>\n<h2><span style=\"font-weight: 400;\">Impact du CUEC sur l&#039;\u00e9conomie locale de Chilliwack<\/span><\/h2>\n<p><span style=\"font-weight: 400;\">Le programme de pr\u00eat du CUEC a eu un impact tangible et multiforme sur l&#039;\u00e9conomie locale de Chilliwack, offrant \u00e0 la fois un soulagement imm\u00e9diat et favorisant la r\u00e9silience \u00e0 long terme. Ces subventions ont inject\u00e9 des liquidit\u00e9s vitales dans des entreprises aux prises avec une baisse de leurs revenus et des difficult\u00e9s op\u00e9rationnelles dues \u00e0 la pand\u00e9mie. En couvrant des d\u00e9penses essentielles telles que la masse salariale et le loyer, les pr\u00eats du CUEC ont jou\u00e9 un r\u00f4le crucial dans la pr\u00e9vention des mises \u00e0 pied et des fermetures d&#039;entreprises. Cela a permis de pr\u00e9server les opportunit\u00e9s d&#039;emploi locales et de maintenir le dynamisme \u00e9conomique de la ville.<\/span><\/p>\n<p><span style=\"font-weight: 400;\">Au-del\u00e0 de l&#039;aide \u00e0 court terme, le programme de pr\u00eats CUEC s&#039;est av\u00e9r\u00e9 inestimable pour assurer la continuit\u00e9 des activit\u00e9s. En acc\u00e9dant \u00e0 ces fonds, les entreprises ont acquis la capacit\u00e9 d\u2019adapter leurs op\u00e9rations \u00e0 l\u2019\u00e9volution du paysage. Cela comprenait des investissements dans la technologie, les capacit\u00e9s de travail \u00e0 distance et des approches innovantes pour servir les clients dans la \u00ab nouvelle normalit\u00e9 \u00bb. Cette adaptabilit\u00e9 a permis aux entreprises de Chilliwack de pivoter et de prosp\u00e9rer dans un environnement incertain.<\/span><\/p>\n<p><span style=\"font-weight: 400;\">De plus, les effets d\u2019entra\u00eenement du programme de pr\u00eats CUEC se sont r\u00e9percut\u00e9s sur l\u2019ensemble de l\u2019\u00e9conomie locale. Alors que les entreprises de Chilliwack conservaient leur main-d&#039;\u0153uvre et poursuivaient leurs activit\u00e9s, la confiance des consommateurs est rest\u00e9e stable. Cela a, \u00e0 son tour, soutenu les d\u00e9penses et la consommation locales, \u00e9vitant ainsi un grave ralentissement \u00e9conomique. La r\u00e9silience des petites et moyennes entreprises (PME) est la pierre angulaire de la croissance \u00e9conomique dans des villes comme Chilliwack, et le programme de pr\u00eats du CUEC a fourni un soutien substantiel \u00e0 ce secteur fondamental.<\/span><\/p>\n<h2><span style=\"font-weight: 400;\">Conclusion<\/span><\/h2>\n<p><span style=\"font-weight: 400;\">Le programme de pr\u00eats CUEC \u00e0 Chilliwack constitue une bou\u00e9e de sauvetage ind\u00e9niable pour les entreprises, offrant une stabilit\u00e9 financi\u00e8re vitale, pr\u00e9servant les possibilit\u00e9s d&#039;emploi et favorisant l&#039;adaptabilit\u00e9 face \u00e0 des d\u00e9fis sans pr\u00e9c\u00e9dent. Alors que la ville poursuit son chemin vers la reprise, l\u2019impact durable du programme de pr\u00eats du CUEC devrait s\u2019\u00e9tendre bien au-del\u00e0 des cons\u00e9quences imm\u00e9diates de la pand\u00e9mie. La r\u00e9silience d\u00e9montr\u00e9e par les entreprises de Chilliwack, renforc\u00e9e par le soutien de l&#039;initiative CUEC, souligne l&#039;importance d&#039;interventions gouvernementales opportunes et pr\u00e9cis\u00e9ment cibl\u00e9es pour favoriser la croissance \u00e9conomique et la prosp\u00e9rit\u00e9 au sein des communaut\u00e9s locales.<\/span><\/p>","protected":false},"excerpt":{"rendered":"<p>In the face of a challenging economic environment, the Canadian government introduced the Canada Emergency Business Account (CEBA) as a lifeline for businesses grappling with the economic fallout of the COVID-19 pandemic. Chilliwack serves as a prime example of a city effectively harnessing the advantages of this initiative.\u00a0 Beyond merely providing vital financial support, the [&hellip;]<\/p>\n","protected":false},"author":2,"featured_media":4927,"parent":0,"menu_order":0,"comment_status":"closed","ping_status":"closed","template":"","meta":{"footnotes":""},"class_list":["post-3671","page","type-page","status-publish","has-post-thumbnail","hentry"],"_links":{"self":[{"href":"https:\/\/ceba.ca\/fr\/wp-json\/wp\/v2\/pages\/3671","targetHints":{"allow":["GET"]}}],"collection":[{"href":"https:\/\/ceba.ca\/fr\/wp-json\/wp\/v2\/pages"}],"about":[{"href":"https:\/\/ceba.ca\/fr\/wp-json\/wp\/v2\/types\/page"}],"author":[{"embeddable":true,"href":"https:\/\/ceba.ca\/fr\/wp-json\/wp\/v2\/users\/2"}],"replies":[{"embeddable":true,"href":"https:\/\/ceba.ca\/fr\/wp-json\/wp\/v2\/comments?post=3671"}],"version-history":[{"count":3,"href":"https:\/\/ceba.ca\/fr\/wp-json\/wp\/v2\/pages\/3671\/revisions"}],"predecessor-version":[{"id":5037,"href":"https:\/\/ceba.ca\/fr\/wp-json\/wp\/v2\/pages\/3671\/revisions\/5037"}],"wp:featuredmedia":[{"embeddable":true,"href":"https:\/\/ceba.ca\/fr\/wp-json\/wp\/v2\/media\/4927"}],"wp:attachment":[{"href":"https:\/\/ceba.ca\/fr\/wp-json\/wp\/v2\/media?parent=3671"}],"curies":[{"name":"wp","href":"https:\/\/api.w.org\/{rel}","templated":true}]}}