{"id":3669,"date":"2023-09-07T04:43:01","date_gmt":"2023-09-07T08:43:01","guid":{"rendered":"http:\/\/ceba.ca\/?page_id=3669"},"modified":"2023-09-07T04:43:01","modified_gmt":"2023-09-07T08:43:01","slug":"ceba-loan-in-peterborough","status":"publish","type":"page","link":"https:\/\/ceba.ca\/fr\/ceba-loan-in-peterborough\/","title":{"rendered":"Pr\u00eat CUEC \u00e0 Peterborough"},"content":{"rendered":"<p><span style=\"font-weight: 400;\">Dans un contexte \u00e9conomique difficile, le <a href=\"https:\/\/ceba-cuec.ca\/\" target=\"_blank\" rel=\"noopener\">Gouvernement canadien<\/a> a introduit le Compte d\u2019urgence pour les entreprises canadiennes (CUEC) comme une bou\u00e9e de sauvetage vitale pour les entreprises aux prises avec les cons\u00e9quences \u00e9conomiques n\u00e9fastes de la pand\u00e9mie de COVID-19. Peterborough est devenu un brillant exemple de ville tirant efficacement parti des avantages de cette initiative.<\/span><\/p>\n<p><span style=\"font-weight: 400;\">Au-del\u00e0 d&#039;\u00eatre une source de soutien financier crucial, le <a href=\"http:\/\/ceba.ca\/fr\/\">Programme de pr\u00eat CUEC<\/a> a jou\u00e9 un r\u00f4le central dans le fa\u00e7onnement de l\u2019\u00e9conomie locale en favorisant la r\u00e9silience et en pr\u00e9servant les moyens de subsistance de nombreuses entreprises. Dans cet article, nous examinons l\u2019influence du pr\u00eat CUEC dans <a href=\"https:\/\/en.wikipedia.org\/wiki\/Peterborough,_Ontario\" target=\"_blank\" rel=\"noopener\">Peterborough<\/a>, examinant ses subventions, ses modalit\u00e9s de remboursement, <a href=\"http:\/\/ceba.ca\/fr\/information\/who-is-eligible-for-a-ceba-loan\/\">crit\u00e8res d&#039;admissibilit\u00e9<\/a>, <a href=\"http:\/\/ceba.ca\/fr\/tools\/navigating-the-ceba-loan-application-process\/\">processus de candidature<\/a>et un impact global sur le paysage \u00e9conomique local.<\/span><\/p>\n<h2><span style=\"font-weight: 400;\">D\u00e9tails du montant du pr\u00eat et de la subvention<\/span><\/h2>\n<p><span style=\"font-weight: 400;\">\u00c0 Peterborough, le programme CEBA \u00e9tend son soutien financier aux entreprises et aux organisations \u00e0 but non lucratif, en offrant des pr\u00eats allant de $40 000 \u00e0 $60 000. Le montant exact du pr\u00eat est d\u00e9termin\u00e9 par plusieurs facteurs, tels que les niveaux de revenus, les pertes de revenus, la masse salariale annuelle et d&#039;autres d\u00e9penses essentielles qui ne peuvent \u00eatre report\u00e9es. Il convient de noter que les pr\u00eats CUEC ont l&#039;avantage d&#039;\u00eatre sans int\u00e9r\u00eat et d&#039;offrir des options de remboursement flexibles. Les entreprises sont tenues de rembourser ces pr\u00eats dans un d\u00e9lai pr\u00e9d\u00e9termin\u00e9, et dans le cas contraire, le gouvernement pourrait imposer des frais d&#039;int\u00e9r\u00eat.<\/span><\/p>\n<p><span style=\"font-weight: 400;\">En ce qui concerne les subventions, les entreprises admissibles de Peterborough avaient le droit de recevoir des subventions non remboursables allant jusqu&#039;\u00e0 $20 000 dans le cadre du programme CEBA. Ces subventions ont \u00e9t\u00e9 strat\u00e9giquement con\u00e7ues pour couvrir un large \u00e9ventail de co\u00fbts op\u00e9rationnels, notamment le loyer, les services publics et les d\u00e9penses salariales. Initialement, la structure du pr\u00eat consistait en un pr\u00eat de $40 000, dont 25% (jusqu&#039;\u00e0 un maximum de $10 000) \u00e9taient remboursables si le solde restant \u00e9tait r\u00e9gl\u00e9 dans un d\u00e9lai sp\u00e9cifi\u00e9. Les am\u00e9liorations ult\u00e9rieures du gouvernement ont augment\u00e9 la part remboursable \u00e0 50%, ou \u00e0 un tiers dans les cas o\u00f9 le montant du pr\u00eat atteignait $60 000. Cela a finalement abouti \u00e0 une subvention maximale de $20,000 pour les entreprises \u00e9ligibles.<\/span><\/p>\n<h2><span style=\"font-weight: 400;\">Pr\u00eat CUEC \u00e0 Peterborough\u00a0: conditions d&#039;\u00e9ligibilit\u00e9<\/span><span style=\"font-weight: 400;\">\u00a0<\/span><\/h2>\n<p><span style=\"font-weight: 400;\">Pour acc\u00e9der aux avantages offerts par le programme de pr\u00eat CUEC \u00e0 Peterborough, les entreprises devaient r\u00e9pondre \u00e0 des crit\u00e8res d&#039;\u00e9ligibilit\u00e9 sp\u00e9cifiques, notamment les suivants\u00a0:<\/span><\/p>\n<h3><span style=\"font-weight: 400;\">1 Aucun pr\u00eat CUEC ant\u00e9rieur\u00a0<\/span><\/h3>\n<p><span style=\"font-weight: 400;\">Les entreprises \u00e9taient consid\u00e9r\u00e9es comme inadmissibles si elles avaient d\u00e9j\u00e0 demand\u00e9 ou re\u00e7u un pr\u00eat du CUEC.<\/span><\/p>\n<h3><span style=\"font-weight: 400;\">2. D\u00e9penses non reportables\u00a0<\/span><\/h3>\n<p><span style=\"font-weight: 400;\">Les candidats devaient d\u00e9montrer des d\u00e9penses \u00e9ligibles non reportables, qui comprenaient des co\u00fbts tels que la masse salariale, le loyer, les services publics et l&#039;assurance. Ces d\u00e9penses auraient d\u00fb se situer dans la fourchette de $20 000 et $1,5 millions pour l&#039;ann\u00e9e 2020.<\/span><\/p>\n<h3><span style=\"font-weight: 400;\">3. Statut op\u00e9rationnel\u00a0<\/span><\/h3>\n<p><span style=\"font-weight: 400;\">L&#039;entreprise doit \u00eatre en activit\u00e9 au 1er mars 2020.<\/span><\/p>\n<h3><span style=\"font-weight: 400;\">4. Immatriculation fiscale f\u00e9d\u00e9rale\u00a0<\/span><\/h3>\n<p><span style=\"font-weight: 400;\">Il \u00e9tait obligatoire pour les entreprises de poss\u00e9der un enregistrement fiscal f\u00e9d\u00e9ral.<\/span><\/p>\n<h2><span style=\"font-weight: 400;\">Proc\u00e9dure de demande<\/span><\/h2>\n<p><span style=\"font-weight: 400;\">Le processus de demande pour le programme de pr\u00eat CUEC \u00e0 Peterborough a \u00e9t\u00e9 intentionnellement con\u00e7u pour \u00eatre simple, donnant la priorit\u00e9 \u00e0 un acc\u00e8s rapide \u00e0 un soutien financier essentiel pour les entreprises. Les entrepreneurs \u00e9taient tenus de pr\u00e9senter leur demande par l&#039;interm\u00e9diaire de leurs principales institutions financi\u00e8res. Ces institutions financi\u00e8res ont collabor\u00e9 avec le gouvernement pour rationaliser le processus de demande et v\u00e9rifier les informations essentielles. Cette approche coop\u00e9rative visait \u00e0 acc\u00e9l\u00e9rer la distribution des fonds aux entreprises m\u00e9ritantes tout en minimisant les complexit\u00e9s administratives.<\/span><\/p>\n<p><span style=\"font-weight: 400;\">Il est important de noter que le processus d&#039;approbation des demandes peut prendre un certain temps. De plus, le gouvernement s&#039;est r\u00e9serv\u00e9 le droit de refuser certaines demandes qui ne r\u00e9pondaient pas aux crit\u00e8res d&#039;\u00e9ligibilit\u00e9. En cas de rejet, les candidats avaient la possibilit\u00e9 de faire appel ou de demander de l&#039;aide \u00e0 leur banque ou coop\u00e9rative de cr\u00e9dit.<\/span><\/p>\n<h2><span style=\"font-weight: 400;\">Proc\u00e9dure de remboursement<\/span><\/h2>\n<p><span style=\"font-weight: 400;\">La proc\u00e9dure de remboursement du programme de pr\u00eat CUEC \u00e0 Peterborough est relativement simple. Les entreprises qui ne sont pas admissibles \u00e0 une remise totale de leur pr\u00eat doivent commencer \u00e0 rembourser le solde restant dans un d\u00e9lai pr\u00e9d\u00e9termin\u00e9.<\/span><\/p>\n<p><span style=\"font-weight: 400;\">Le plan de remboursement pr\u00e9cis d\u00e9pend de l\u2019institution financi\u00e8re utilis\u00e9e, qui peut \u00eatre une banque ou une coop\u00e9rative de cr\u00e9dit. Les entreprises sont encourag\u00e9es \u00e0 contacter leurs institutions financi\u00e8res respectives pour obtenir des d\u00e9tails complets sur les \u00e9ch\u00e9anciers de remboursement.<\/span><\/p>\n<p><span style=\"font-weight: 400;\">Il est important de souligner que quelle que soit l&#039;institution financi\u00e8re choisie, les entreprises qui r\u00e8glent le montant du pr\u00eat avant la date limite sp\u00e9cifi\u00e9e sont \u00e9ligibles \u00e0 une remise de pr\u00eat pouvant aller jusqu&#039;\u00e0 $20 000.<\/span><\/p>\n<h2><span style=\"font-weight: 400;\">Remboursements tardifs<\/span><\/h2>\n<p><span style=\"font-weight: 400;\">Chaque pr\u00eat est assorti d&#039;un d\u00e9lai de remboursement d\u00e9termin\u00e9, et le non-respect de ce d\u00e9lai peut entra\u00eener plusieurs cons\u00e9quences :<\/span><\/p>\n<h3><span style=\"font-weight: 400;\">1. Frais d&#039;int\u00e9r\u00eat<\/span><\/h3>\n<p><span style=\"font-weight: 400;\">\u00a0Bien que le pr\u00eat lui-m\u00eame soit <a href=\"http:\/\/ceba.ca\/fr\/news\/is-ceba-interest-free\/\">sans int\u00e9r\u00eat<\/a>, le non-respect de la date limite de remboursement d\u00e9clenche des frais d&#039;int\u00e9r\u00eat de 5% par an.<\/span><\/p>\n<h3><span style=\"font-weight: 400;\">2. Impact sur la cote de cr\u00e9dit\u00a0<\/span><\/h3>\n<p><span style=\"font-weight: 400;\">Les paiements en retard ou manqu\u00e9s peuvent avoir un impact significatif sur votre cote de cr\u00e9dit globale, entra\u00eenant potentiellement un effet n\u00e9gatif sur votre solvabilit\u00e9. Le non-respect des d\u00e9lais peut entra\u00eener une cote de cr\u00e9dit inf\u00e9rieure.<\/span><\/p>\n<h3><span style=\"font-weight: 400;\">3. Perte de subvention de pardon\u00a0<\/span><\/h3>\n<p><span style=\"font-weight: 400;\">Entreprises ou organisations \u00e0 but non lucratif qui ne r\u00e9pondent pas aux <a href=\"http:\/\/ceba.ca\/fr\/resources\/can-you-defer-your-ceba-repayment-terms\/\">d\u00e9lai de remboursement<\/a> perdent leur \u00e9ligibilit\u00e9 \u00e0 une remise de pr\u00eat pouvant aller jusqu&#039;\u00e0 $20,000.<\/span><\/p>\n<h2><span style=\"font-weight: 400;\">Impact du CUEC sur l&#039;\u00e9conomie locale de Peterborough<\/span><\/h2>\n<p><span style=\"font-weight: 400;\">Le programme de pr\u00eat du CUEC a eu un impact tangible sur l&#039;\u00e9conomie locale de Peterborough, offrant \u00e0 la fois un soulagement imm\u00e9diat et favorisant la r\u00e9silience \u00e0 long terme. Les subventions ont inject\u00e9 des liquidit\u00e9s essentielles dans des entreprises confront\u00e9es \u00e0 une baisse de leurs revenus et \u00e0 des difficult\u00e9s op\u00e9rationnelles caus\u00e9es par la pand\u00e9mie. En couvrant des d\u00e9penses critiques comme la masse salariale et le loyer, les pr\u00eats du CUEC ont jou\u00e9 un r\u00f4le essentiel dans la pr\u00e9vention des mises \u00e0 pied et des fermetures d&#039;entreprises, dans la pr\u00e9servation des opportunit\u00e9s d&#039;emploi locales et dans le maintien de la vitalit\u00e9 \u00e9conomique de la ville.<\/span><\/p>\n<p><span style=\"font-weight: 400;\">Au-del\u00e0 de l&#039;aide \u00e0 court terme, le programme de pr\u00eats CUEC s&#039;est av\u00e9r\u00e9 inestimable pour assurer la continuit\u00e9 des activit\u00e9s. \u00c0 mesure que les entreprises ont acc\u00e9d\u00e9 \u00e0 ces fonds, elles ont acquis la capacit\u00e9 d\u2019adapter leurs op\u00e9rations \u00e0 un paysage changeant, en investissant dans la technologie, les capacit\u00e9s de travail \u00e0 distance et les approches innovantes pour servir les clients dans la \u00ab nouvelle normalit\u00e9 \u00bb. Cette adaptabilit\u00e9 a permis aux entreprises de Peterborough de pivoter et de prosp\u00e9rer dans un environnement incertain.<\/span><\/p>\n<p><span style=\"font-weight: 400;\">De plus, les effets d\u2019entra\u00eenement du programme de pr\u00eats CUEC ont eu un impact sur l\u2019ensemble de l\u2019\u00e9conomie locale. Alors que les entreprises de Peterborough conservaient leur effectif et poursuivaient leurs activit\u00e9s, la confiance des consommateurs est rest\u00e9e stable. Par cons\u00e9quent, cela a soutenu les d\u00e9penses et la consommation locales, \u00e9vitant ainsi un grave ralentissement \u00e9conomique. La r\u00e9silience des petites et moyennes entreprises (PME) est la pierre angulaire de la croissance \u00e9conomique dans des villes comme Peterborough, et le programme de pr\u00eats du CUEC a apport\u00e9 un soutien substantiel \u00e0 ce secteur fondamental.<\/span><\/p>\n<h2><span style=\"font-weight: 400;\">Conclusion<\/span><\/h2>\n<p><span style=\"font-weight: 400;\">Le programme de pr\u00eats du CUEC \u00e0 Peterborough constitue une bou\u00e9e de sauvetage ind\u00e9niable pour les entreprises, offrant une stabilit\u00e9 financi\u00e8re cruciale, pr\u00e9servant les possibilit\u00e9s d&#039;emploi et encourageant l&#039;adaptabilit\u00e9 face \u00e0 des d\u00e9fis sans pr\u00e9c\u00e9dent. \u00c0 mesure que la ville progresse dans son processus de r\u00e9tablissement, l\u2019influence durable du programme de pr\u00eats du CUEC devrait s\u2019\u00e9tendre bien au-del\u00e0 des cons\u00e9quences imm\u00e9diates de la pand\u00e9mie. La r\u00e9silience dont font preuve les entreprises de Peterborough, renforc\u00e9e par le soutien de l&#039;initiative CUEC, souligne l&#039;importance d&#039;interventions gouvernementales opportunes et pr\u00e9cis\u00e9ment cibl\u00e9es pour favoriser la croissance \u00e9conomique et la prosp\u00e9rit\u00e9 des communaut\u00e9s locales.<\/span><\/p>","protected":false},"excerpt":{"rendered":"<p>Amidst a challenging economic climate, the Canadian government introduced the Canada Emergency Business Account (CEBA) as a vital lifeline for enterprises grappling with the adverse economic consequences of the COVID-19 pandemic. Peterborough has emerged as a shining example of a city effectively leveraging the benefits of this initiative. Beyond being a source of crucial financial [&hellip;]<\/p>\n","protected":false},"author":2,"featured_media":4925,"parent":0,"menu_order":0,"comment_status":"closed","ping_status":"closed","template":"","meta":{"footnotes":""},"class_list":["post-3669","page","type-page","status-publish","has-post-thumbnail","hentry"],"_links":{"self":[{"href":"https:\/\/ceba.ca\/fr\/wp-json\/wp\/v2\/pages\/3669","targetHints":{"allow":["GET"]}}],"collection":[{"href":"https:\/\/ceba.ca\/fr\/wp-json\/wp\/v2\/pages"}],"about":[{"href":"https:\/\/ceba.ca\/fr\/wp-json\/wp\/v2\/types\/page"}],"author":[{"embeddable":true,"href":"https:\/\/ceba.ca\/fr\/wp-json\/wp\/v2\/users\/2"}],"replies":[{"embeddable":true,"href":"https:\/\/ceba.ca\/fr\/wp-json\/wp\/v2\/comments?post=3669"}],"version-history":[{"count":3,"href":"https:\/\/ceba.ca\/fr\/wp-json\/wp\/v2\/pages\/3669\/revisions"}],"predecessor-version":[{"id":5181,"href":"https:\/\/ceba.ca\/fr\/wp-json\/wp\/v2\/pages\/3669\/revisions\/5181"}],"wp:featuredmedia":[{"embeddable":true,"href":"https:\/\/ceba.ca\/fr\/wp-json\/wp\/v2\/media\/4925"}],"wp:attachment":[{"href":"https:\/\/ceba.ca\/fr\/wp-json\/wp\/v2\/media?parent=3669"}],"curies":[{"name":"wp","href":"https:\/\/api.w.org\/{rel}","templated":true}]}}