{"id":3667,"date":"2023-09-07T04:24:38","date_gmt":"2023-09-07T08:24:38","guid":{"rendered":"http:\/\/ceba.ca\/?page_id=3667"},"modified":"2023-09-07T04:24:38","modified_gmt":"2023-09-07T08:24:38","slug":"ceba-loan-in-saint-jean-sur-richelieu","status":"publish","type":"page","link":"https:\/\/ceba.ca\/fr\/ceba-loan-in-saint-jean-sur-richelieu\/","title":{"rendered":"Pr\u00eat CEBA \u00e0 Saint-jean-sur-richelieu\u00a0"},"content":{"rendered":"<p><span style=\"font-weight: 400;\">Au milieu d&#039;un paysage \u00e9conomique tumultueux, le <a href=\"https:\/\/ceba-cuec.ca\/\" target=\"_blank\" rel=\"noopener\">Gouvernement canadien<\/a> a d\u00e9voil\u00e9 le Compte d&#039;urgence pour les entreprises canadiennes (CUEC) comme bou\u00e9e de sauvetage pour les entreprises aux prises avec les r\u00e9percussions \u00e9conomiques n\u00e9gatives de la crise. <a href=\"https:\/\/www.who.int\/health-topics\/coronavirus#tab=tab_1\" target=\"_blank\" rel=\"noopener\">Pand\u00e9mie de covid-19<\/a>. Saint-jean-sur-richelieu se d\u00e9marque comme une ville qui a largement su exploiter les avantages de cette initiative.<\/span><\/p>\n<p><span style=\"font-weight: 400;\">Le programme de pr\u00eat CUEC, loin de simplement fournir un soutien financier crucial, est devenu une force centrale dans le fa\u00e7onnement de l&#039;\u00e9conomie locale en favorisant la r\u00e9silience et en pr\u00e9servant les moyens de subsistance d&#039;innombrables entreprises. Dans cet article, nous examinons l\u2019impact du pr\u00eat CUEC en <a href=\"https:\/\/en.wikipedia.org\/wiki\/Saint-Jean-sur-Richelieu\" target=\"_blank\" rel=\"noopener\">Saint-jean-sur-richelieu<\/a>, explorant ses subventions, ses proc\u00e9dures de remboursement, ses crit\u00e8res d\u2019\u00e9ligibilit\u00e9, son processus de candidature et son influence globale sur le paysage \u00e9conomique local.<\/span><\/p>\n<h2><span style=\"font-weight: 400;\">Montants des pr\u00eats et des subventions<\/span><\/h2>\n<p><span style=\"font-weight: 400;\">\u00c0 Saint-jean-sur-richelieu, le programme CUEC accorde des pr\u00eats aux entreprises et aux organismes \u00e0 but non lucratif, avec des montants de pr\u00eat allant de $40 000 \u00e0 $60 000. Le montant pr\u00e9cis du pr\u00eat est d\u00e9termin\u00e9 par divers facteurs, notamment les niveaux de revenus, les pertes de revenus, la masse salariale annuelle et d&#039;autres d\u00e9penses non reportables. Notamment, <a href=\"http:\/\/ceba.ca\/fr\/\">Pr\u00eats CUEC<\/a> pr\u00e9sentent l\u2019avantage d\u2019\u00eatre sans int\u00e9r\u00eat et offrent des options de remboursement flexibles. Les entreprises sont tenues de rembourser ces pr\u00eats \u00e0 une date pr\u00e9d\u00e9termin\u00e9e, et le non-respect de ce d\u00e9lai peut entra\u00eener l&#039;imposition de frais d&#039;int\u00e9r\u00eat par le gouvernement.<\/span><\/p>\n<p><span style=\"font-weight: 400;\">En mati\u00e8re de subventions, les entreprises admissibles de Saint-jean-sur-richelieu avaient droit \u00e0 une subvention non remboursable pouvant aller jusqu&#039;\u00e0 $20 000 dans le cadre du programme CUEC. Cette subvention a \u00e9t\u00e9 strat\u00e9giquement con\u00e7ue pour couvrir un large \u00e9ventail de d\u00e9penses op\u00e9rationnelles, notamment le loyer, les services publics et les charges salariales. Initialement, la structure du pr\u00eat consistait en un pr\u00eat de $40 000, dont 25% (jusqu&#039;\u00e0 un maximum de $10 000) \u00e9taient remboursables si le solde restant \u00e9tait r\u00e9gl\u00e9 dans un d\u00e9lai sp\u00e9cifi\u00e9. Les am\u00e9liorations gouvernementales ult\u00e9rieures ont augment\u00e9 la partie remboursable \u00e0 50%, ou un tiers dans les cas o\u00f9 le montant du pr\u00eat atteignait $60 000, ce qui a finalement abouti \u00e0 une subvention maximale de $20 000 pour les entreprises \u00e9ligibles.<\/span><\/p>\n<h2><span style=\"font-weight: 400;\">Crit\u00e8re d&#039;\u00e9ligibilit\u00e9<\/span><\/h2>\n<p><span style=\"font-weight: 400;\">\u00a0<\/span><span style=\"font-weight: 400;\">Pour acc\u00e9der aux avantages offerts par le programme de pr\u00eat CUEC \u00e0 Saint-jean-sur-richelieu, les entreprises devaient remplir <a href=\"http:\/\/ceba.ca\/fr\/information\/who-is-eligible-for-a-ceba-loan\/\">crit\u00e8res d&#039;\u00e9ligibilit\u00e9 sp\u00e9cifiques<\/a>, y compris, mais sans s&#039;y limiter, les \u00e9l\u00e9ments suivants\u00a0:<\/span><\/p>\n<h3><span style=\"font-weight: 400;\">1. Statut op\u00e9rationnel<\/span><\/h3>\n<p><span style=\"font-weight: 400;\">L&#039;entreprise doit \u00eatre en activit\u00e9 au 1er mars 2020.<\/span><\/p>\n<h3><span style=\"font-weight: 400;\">2. Immatriculation fiscale f\u00e9d\u00e9rale\u00a0<\/span><\/h3>\n<p><span style=\"font-weight: 400;\">Il \u00e9tait imp\u00e9ratif pour les entreprises de d\u00e9tenir un enregistrement fiscal f\u00e9d\u00e9ral.<\/span><\/p>\n<h3><span style=\"font-weight: 400;\">3. D\u00e9penses non reportables<\/span><\/h3>\n<p><span style=\"font-weight: 400;\">Les candidats devaient d\u00e9montrer des d\u00e9penses \u00e9ligibles non reportables, qui comprenaient des co\u00fbts tels que la masse salariale, le loyer, les services publics et l&#039;assurance. Ces d\u00e9penses auraient d\u00fb \u00eatre comprises entre $20.000 et $1,5 millions pour l&#039;ann\u00e9e 2020.<\/span><\/p>\n<h3><span style=\"font-weight: 400;\">4. Aucun pr\u00eat CUEC pr\u00e9alable<\/span><\/h3>\n<p><span style=\"font-weight: 400;\">Les entreprises \u00e9taient consid\u00e9r\u00e9es comme inadmissibles si elles avaient d\u00e9j\u00e0 demand\u00e9 ou re\u00e7u un pr\u00eat du CUEC.<\/span><\/p>\n<h2><span style=\"font-weight: 400;\">Pr\u00eat CEBA \u00e0 Saint-jean-sur-richelieu : Processus de demande\u00a0<\/span><\/h2>\n<p><span style=\"font-weight: 400;\"><a href=\"http:\/\/ceba.ca\/fr\/tools\/navigating-the-ceba-loan-application-process\/\">La proc\u00e9dure de candidature<\/a> Le programme de pr\u00eats du CUEC \u00e0 Saint-jean-sur-richelieu a \u00e9t\u00e9 volontairement con\u00e7u pour \u00eatre simple, priorisant un acc\u00e8s rapide au soutien financier essentiel pour les entreprises. Les entrepreneurs \u00e9taient tenus de pr\u00e9senter leur demande par l&#039;interm\u00e9diaire de leurs principales institutions financi\u00e8res. Ces institutions financi\u00e8res ont collabor\u00e9 avec le gouvernement pour rationaliser le processus de demande et v\u00e9rifier les informations essentielles. Cette approche coop\u00e9rative visait \u00e0 acc\u00e9l\u00e9rer la distribution des fonds aux entreprises m\u00e9ritantes tout en minimisant les complexit\u00e9s administratives.<\/span><\/p>\n<p><span style=\"font-weight: 400;\">Il est important de noter que le processus d&#039;approbation des demandes peut prendre un certain temps. De plus, le gouvernement se r\u00e9serve le droit de rejeter certaines demandes ne r\u00e9pondant pas aux crit\u00e8res d&#039;\u00e9ligibilit\u00e9. En cas de rejet, les candidats avaient la possibilit\u00e9 de faire appel ou de demander de l&#039;aide \u00e0 leur banque ou coop\u00e9rative de cr\u00e9dit.<\/span><\/p>\n<h2><span style=\"font-weight: 400;\">Conditions de remboursement \u00e0 Saint-jean-sur-richelieu<\/span><\/h2>\n<p><span style=\"font-weight: 400;\">\u00a0<\/span><\/p>\n<p><span style=\"font-weight: 400;\">Le processus de remboursement du programme de pr\u00eat CUEC \u00e0 Saint-jean-sur-richelieu est relativement simple. Les entreprises qui ne remplissent pas les conditions requises pour b\u00e9n\u00e9ficier d\u2019une remise totale de pr\u00eat doivent commencer \u00e0 rembourser le solde impay\u00e9 dans un d\u00e9lai sp\u00e9cifi\u00e9.<\/span><\/p>\n<p><span style=\"font-weight: 400;\">Le plan de remboursement exact d\u00e9pend de l\u2019institution financi\u00e8re utilis\u00e9e, comme une banque ou une coop\u00e9rative de cr\u00e9dit. Les entreprises sont encourag\u00e9es \u00e0 contacter leurs institutions financi\u00e8res respectives pour obtenir des informations d\u00e9taill\u00e9es sur les \u00e9ch\u00e9anciers de remboursement.<\/span><\/p>\n<p><span style=\"font-weight: 400;\">Il convient de noter que quelle que soit l\u2019institution financi\u00e8re impliqu\u00e9e, les entreprises qui r\u00e8glent le montant du pr\u00eat avant la date limite sont \u00e9ligibles \u00e0 une remise de pr\u00eat pouvant aller jusqu\u2019\u00e0 $20 000.<\/span><\/p>\n<h2><span style=\"font-weight: 400;\">Remboursements tardifs \u00e0 Saint-jean-sur-richelieu<\/span><\/h2>\n<p><span style=\"font-weight: 400;\">Chaque pr\u00eat est assorti d\u2019un d\u00e9lai de remboursement pr\u00e9cis\u00e9, et le non-respect de ce d\u00e9lai peut entra\u00eener plusieurs cons\u00e9quences :<\/span><\/p>\n<h2><span style=\"font-weight: 400;\">1. Impact sur la cote de cr\u00e9dit<\/span><\/h2>\n<p><span style=\"font-weight: 400;\">Les paiements en retard ou manqu\u00e9s peuvent avoir un impact significatif sur votre cote de cr\u00e9dit globale, entra\u00eenant potentiellement un effet n\u00e9gatif sur votre solvabilit\u00e9. Le non-respect des d\u00e9lais peut entra\u00eener une cote de cr\u00e9dit inf\u00e9rieure.<\/span><\/p>\n<h3><span style=\"font-weight: 400;\">2. Perte de subvention de pardon<\/span><\/h3>\n<p><span style=\"font-weight: 400;\">Les entreprises ou organisations \u00e0 but non lucratif qui ne respectent pas le d\u00e9lai de remboursement perdent leur <a href=\"http:\/\/ceba.ca\/fr\/information\/who-is-eligible-for-a-ceba-loan\/\">admissibilit\u00e9<\/a> jusqu&#039;\u00e0 <a href=\"http:\/\/ceba.ca\/fr\/information\/ceba-forgiveness\/\">$20 000 en remise de pr\u00eat<\/a>.<\/span><\/p>\n<h3><span style=\"font-weight: 400;\">3. Frais d&#039;int\u00e9r\u00eat<\/span><\/h3>\n<p><span style=\"font-weight: 400;\">Bien que le pr\u00eat lui-m\u00eame soit sans int\u00e9r\u00eat, le non-respect de la date limite de remboursement entra\u00eene des frais d&#039;int\u00e9r\u00eat de 5% par an.<\/span><\/p>\n<h2><span style=\"font-weight: 400;\">Impact du CUEC sur l&#039;\u00e9conomie locale de Saint-jean-sur-richelieu<\/span><\/h2>\n<p><span style=\"font-weight: 400;\">Le programme de pr\u00eat CUEC a laiss\u00e9 une empreinte palpable sur l&#039;\u00e9conomie locale de Saint-jean-sur-richelieu, apportant \u00e0 la fois un soulagement imm\u00e9diat et favorisant la r\u00e9silience \u00e0 long terme. Les subventions ont inject\u00e9 des liquidit\u00e9s cruciales dans les entreprises aux prises avec la diminution des flux de revenus et les obstacles op\u00e9rationnels induits par la pand\u00e9mie. En couvrant des d\u00e9penses essentielles comme la masse salariale et le loyer, les pr\u00eats du CUEC ont jou\u00e9 un r\u00f4le central dans la pr\u00e9vention des licenciements de personnel et des fermetures d&#039;entreprises, pr\u00e9servant ainsi les opportunit\u00e9s d&#039;emploi locales et soutenant la vigueur \u00e9conomique de la ville.\u00a0<\/span><\/p>\n<p><span style=\"font-weight: 400;\">Au-del\u00e0 de l&#039;aide \u00e0 court terme, le programme de pr\u00eats CUEC s&#039;est av\u00e9r\u00e9 indispensable au maintien de la continuit\u00e9 des activit\u00e9s. En acc\u00e9dant \u00e0 ces fonds, les entreprises ont acquis la capacit\u00e9 d\u2019adapter leurs op\u00e9rations \u00e0 un paysage en \u00e9volution, en investissant dans la technologie, les capacit\u00e9s de travail \u00e0 distance et les approches innovantes pour servir les clients dans la \u00ab nouvelle normalit\u00e9 \u00bb. Cette adaptabilit\u00e9 a permis aux entreprises de Saint-jean-sur-richelieu de pivoter et de prosp\u00e9rer dans un environnement incertain.<\/span><\/p>\n<p><span style=\"font-weight: 400;\">De plus, les effets d\u2019entra\u00eenement du programme de pr\u00eats CUEC se sont r\u00e9percut\u00e9s sur l\u2019ensemble de l\u2019\u00e9conomie locale. Alors que les entreprises de Saint-jean-sur-richelieu ont conserv\u00e9 leur effectif et poursuivi leurs activit\u00e9s, la confiance des consommateurs est demeur\u00e9e stable. Par cons\u00e9quent, cela a soutenu les d\u00e9penses et la consommation locales, \u00e9vitant ainsi un grave ralentissement \u00e9conomique. La r\u00e9silience des petites et moyennes entreprises (PME) constitue une pierre angulaire de la croissance \u00e9conomique dans des villes comme Saint-jean-sur-richelieu, et le programme de pr\u00eats du CUEC a permis de renforcer consid\u00e9rablement ce secteur fondamental.<\/span><\/p>\n<h2><span style=\"font-weight: 400;\">Conclusion<\/span><\/h2>\n<p><span style=\"font-weight: 400;\">Le programme de pr\u00eat CUEC de Saint-jean-sur-richelieu constitue une bou\u00e9e de sauvetage sans \u00e9quivoque pour les entreprises, offrant une stabilit\u00e9 financi\u00e8re, garantissant les opportunit\u00e9s d&#039;emploi et favorisant l&#039;adaptabilit\u00e9 face \u00e0 des d\u00e9fis sans pr\u00e9c\u00e9dent. Alors que la ville poursuit son chemin vers la reprise, l\u2019impact durable du programme de pr\u00eats du CUEC devrait s\u2019\u00e9tendre au-del\u00e0 des cons\u00e9quences imm\u00e9diates de la pand\u00e9mie. La r\u00e9silience d\u00e9montr\u00e9e par les entreprises de Saint-jean-sur-richelieu, renforc\u00e9e par le soutien de l&#039;initiative CUEC, souligne l&#039;importance d&#039;interventions gouvernementales opportunes et pr\u00e9cis\u00e9ment cibl\u00e9es pour favoriser la croissance \u00e9conomique et la prosp\u00e9rit\u00e9 des communaut\u00e9s locales.<\/span><\/p>","protected":false},"excerpt":{"rendered":"<p>In the midst of a tumultuous economic landscape, the Canadian government unveiled the Canada Emergency Business Account (CEBA) as a lifeline for businesses grappling with the adverse economic repercussions of the COVID-19 pandemic. Saint-jean-sur-richelieu stands out as a city that has significantly harnessed the advantages of this initiative. The CEBA loan program, far from merely [&hellip;]<\/p>\n","protected":false},"author":2,"featured_media":4924,"parent":0,"menu_order":0,"comment_status":"closed","ping_status":"closed","template":"","meta":{"footnotes":""},"class_list":["post-3667","page","type-page","status-publish","has-post-thumbnail","hentry"],"_links":{"self":[{"href":"https:\/\/ceba.ca\/fr\/wp-json\/wp\/v2\/pages\/3667","targetHints":{"allow":["GET"]}}],"collection":[{"href":"https:\/\/ceba.ca\/fr\/wp-json\/wp\/v2\/pages"}],"about":[{"href":"https:\/\/ceba.ca\/fr\/wp-json\/wp\/v2\/types\/page"}],"author":[{"embeddable":true,"href":"https:\/\/ceba.ca\/fr\/wp-json\/wp\/v2\/users\/2"}],"replies":[{"embeddable":true,"href":"https:\/\/ceba.ca\/fr\/wp-json\/wp\/v2\/comments?post=3667"}],"version-history":[{"count":2,"href":"https:\/\/ceba.ca\/fr\/wp-json\/wp\/v2\/pages\/3667\/revisions"}],"predecessor-version":[{"id":5180,"href":"https:\/\/ceba.ca\/fr\/wp-json\/wp\/v2\/pages\/3667\/revisions\/5180"}],"wp:featuredmedia":[{"embeddable":true,"href":"https:\/\/ceba.ca\/fr\/wp-json\/wp\/v2\/media\/4924"}],"wp:attachment":[{"href":"https:\/\/ceba.ca\/fr\/wp-json\/wp\/v2\/media?parent=3667"}],"curies":[{"name":"wp","href":"https:\/\/api.w.org\/{rel}","templated":true}]}}