{"id":3664,"date":"2023-09-07T04:10:53","date_gmt":"2023-09-07T08:10:53","guid":{"rendered":"http:\/\/ceba.ca\/?page_id=3664"},"modified":"2023-09-07T04:10:53","modified_gmt":"2023-09-07T08:10:53","slug":"ceba-loan-in-sudbury","status":"publish","type":"page","link":"https:\/\/ceba.ca\/fr\/ceba-loan-in-sudbury\/","title":{"rendered":"Pr\u00eat CUEC \u00e0 Sudbury"},"content":{"rendered":"<p><span style=\"font-weight: 400;\">Dans un contexte d&#039;incertitude \u00e9conomique, <a href=\"https:\/\/ceba-cuec.ca\/\" target=\"_blank\" rel=\"noopener\">le gouvernement canadien<\/a> a lanc\u00e9 le Compte d\u2019urgence pour les entreprises canadiennes (CUEC), une bou\u00e9e de sauvetage pour les entreprises aux prises avec les retomb\u00e9es \u00e9conomiques de la pand\u00e9mie de COVID-19. Une ville qui a largement b\u00e9n\u00e9fici\u00e9 des b\u00e9n\u00e9fices de cette initiative est <a href=\"https:\/\/en.wikipedia.org\/wiki\/Greater_Sudbury\" target=\"_blank\" rel=\"noopener\">Sudbury<\/a>.<\/span><\/p>\n<p><span style=\"font-weight: 400;\">Le programme de pr\u00eats du CUEC a non seulement fourni une aide financi\u00e8re vitale, mais a \u00e9galement jou\u00e9 un r\u00f4le d\u00e9terminant dans le fa\u00e7onnement de l&#039;\u00e9conomie locale en favorisant la r\u00e9silience et en pr\u00e9servant l&#039;existence de nombreuses entreprises. Dans cet article, nous examinons l&#039;impact du pr\u00eat CUEC \u00e0 Sudbury, en examinant ses subventions, <a href=\"http:\/\/ceba.ca\/fr\/resources\/can-you-defer-your-ceba-repayment-terms\/\">modalit\u00e9s de remboursement<\/a>,<a href=\"http:\/\/ceba.ca\/fr\/information\/who-is-eligible-for-a-ceba-loan\/\"> crit\u00e8res d&#039;admissibilit\u00e9<\/a>, <a href=\"http:\/\/ceba.ca\/fr\/?s=application\">processus de demande<\/a>, et une influence plus large sur le paysage \u00e9conomique local.<\/span><\/p>\n<h2><span style=\"font-weight: 400;\">Montant du pr\u00eat<\/span><\/h2>\n<p><span style=\"font-weight: 400;\">\u00c0 Sudbury, <a href=\"http:\/\/ceba.ca\/fr\/information\/is-ceba-extended\/\">Le CUEC prolonge ses pr\u00eats<\/a> allant de <a href=\"http:\/\/ceba.ca\/fr\/\">$40 000 \u00e0 $60 000<\/a> aux entreprises et aux organismes \u00e0 but non lucratif. Le montant sp\u00e9cifique du pr\u00eat d\u00e9pend de plusieurs facteurs, tels que les niveaux de revenus, les pertes de revenus, la masse salariale annuelle et d&#039;autres d\u00e9penses non reportables. Les pr\u00eats CUEC pr\u00e9sentent l\u2019avantage suppl\u00e9mentaire d\u2019\u00eatre sans int\u00e9r\u00eat et d\u2019offrir des options de remboursement flexibles. Les entreprises sont tenues de rembourser ces pr\u00eats \u00e0 une date pr\u00e9d\u00e9termin\u00e9e. Le non-respect de ce d\u00e9lai entra\u00eenerait l\u2019imposition par le gouvernement de frais d\u2019int\u00e9r\u00eats.<\/span><\/p>\n<h2><span style=\"font-weight: 400;\">Montant de la subvention<\/span><\/h2>\n<p><span style=\"font-weight: 400;\">Dans le cadre du programme CUEC de Sudbury, les entreprises admissibles avaient droit \u00e0 une subvention non remboursable pouvant atteindre $20 000. Cette subvention a \u00e9t\u00e9 strat\u00e9giquement con\u00e7ue pour couvrir un \u00e9ventail de d\u00e9penses op\u00e9rationnelles, comprenant le loyer, les services publics et les charges salariales. Initialement, la structure du pr\u00eat pr\u00e9voyait un pr\u00eat de $40,000, 25% (\u00e9quivalent \u00e0 un maximum de $10,000) \u00e9tant remboursable si le solde restant \u00e9tait r\u00e9gl\u00e9 dans un d\u00e9lai sp\u00e9cifi\u00e9. Les am\u00e9liorations ult\u00e9rieures apport\u00e9es par le gouvernement ont port\u00e9 la part remboursable \u00e0 50%, ou un tiers dans les cas o\u00f9 le montant du pr\u00eat atteignait $60 000, ce qui a finalement abouti \u00e0 une subvention maximale de $20 000 pour les entreprises \u00e9ligibles.<\/span><\/p>\n<h2><span style=\"font-weight: 400;\">Pr\u00eat CUEC \u00e0 Sudbury\u00a0: conditions d&#039;\u00e9ligibilit\u00e9<\/span><\/h2>\n<p><span style=\"font-weight: 400;\">Afin d&#039;\u00eatre admissibles aux avantages offerts par le programme de pr\u00eat CUEC \u00e0 Sudbury, les entreprises devaient satisfaire \u00e0 des crit\u00e8res d&#039;admissibilit\u00e9 pr\u00e9cis. Ces crit\u00e8res englobaient, sans toutefois s&#039;y limiter\u00a0:<\/span><\/p>\n<h3><span style=\"font-weight: 400;\">1. Immatriculation fiscale f\u00e9d\u00e9rale<\/span><\/h3>\n<p><span style=\"font-weight: 400;\">Il \u00e9tait n\u00e9cessaire de poss\u00e9der un enregistrement fiscal f\u00e9d\u00e9ral. <\/span><span style=\"font-weight: 400;\">L\u2019entreprise devait \u00eatre op\u00e9rationnelle \u00e0 compter du 1er mars 2020.<\/span><\/p>\n<h3><span style=\"font-weight: 400;\">\u00a02<\/span><span style=\"font-weight: 400;\">. Aucun pr\u00eat CUEC pr\u00e9alable<\/span><\/h3>\n<p><span style=\"font-weight: 400;\">Les candidats n\u2019\u00e9taient pas admissibles s\u2019ils avaient d\u00e9j\u00e0 demand\u00e9 ou re\u00e7u un pr\u00eat du CUEC.<\/span><\/p>\n<h3>3. D\u00e9penses non reportables<\/h3>\n<p><span style=\"font-weight: 400;\">Les entreprises devaient d\u00e9montrer des d\u00e9penses \u00e9ligibles non reportables, telles que la masse salariale, le loyer, les services publics et l&#039;assurance, s&#039;\u00e9levant entre $20 000 et $1,5 million pour l&#039;ann\u00e9e 2020.<\/span><\/p>\n<h2><span style=\"font-weight: 400;\">Proc\u00e9dure de demande<\/span><\/h2>\n<p><span style=\"font-weight: 400;\">\u00a0<\/span><span style=\"font-weight: 400;\">Le <a href=\"http:\/\/ceba.ca\/fr\/?s=application\">processus de demande de pr\u00eat CUEC<\/a> \u00e0 Sudbury a \u00e9t\u00e9 intentionnellement con\u00e7u dans un souci de simplicit\u00e9, en donnant la priorit\u00e9 \u00e0 un acc\u00e8s rapide au soutien financier vital pour les entreprises. Les entrepreneurs devaient initier leur demande par l&#039;interm\u00e9diaire de leur institution financi\u00e8re principale. Ces institutions financi\u00e8res ont travaill\u00e9 en collaboration avec le gouvernement pour rationaliser le processus de demande et v\u00e9rifier les informations essentielles. Cette approche coop\u00e9rative visait \u00e0 acc\u00e9l\u00e9rer la distribution des fonds aux entreprises m\u00e9ritantes tout en r\u00e9duisant les complexit\u00e9s administratives.<\/span><\/p>\n<p><span style=\"font-weight: 400;\">Il est important de noter que le processus d&#039;approbation des demandes peut prendre un certain temps. De plus, le gouvernement se r\u00e9serve le droit de refuser certaines demandes si elles ne r\u00e9pondent pas aux crit\u00e8res d&#039;\u00e9ligibilit\u00e9. En cas de rejet, les candidats avaient la possibilit\u00e9 de faire appel ou de demander de l&#039;aide \u00e0 leur banque ou coop\u00e9rative de cr\u00e9dit.<\/span><\/p>\n<h2><span style=\"font-weight: 400;\">Proc\u00e9dure de remboursement<\/span><\/h2>\n<p><span style=\"font-weight: 400;\">Le processus de remboursement du pr\u00eat CUEC \u00e0 Sudbury est assez simple. Les entreprises qui ne remplissent pas les conditions requises pour b\u00e9n\u00e9ficier d\u2019une remise totale de pr\u00eat doivent commencer \u00e0 rembourser le solde impay\u00e9 dans un d\u00e9lai sp\u00e9cifi\u00e9.<\/span><\/p>\n<p><span style=\"font-weight: 400;\">Le plan de remboursement sp\u00e9cifique d\u00e9pend de l&#039;institution financi\u00e8re utilis\u00e9e, comme une banque ou une coop\u00e9rative de cr\u00e9dit. Les entreprises sont encourag\u00e9es \u00e0 contacter leurs institutions financi\u00e8res respectives pour obtenir des informations d\u00e9taill\u00e9es sur les \u00e9ch\u00e9anciers de remboursement.<\/span><\/p>\n<p><span style=\"font-weight: 400;\">Il est \u00e0 noter que quelle que soit l&#039;institution financi\u00e8re concern\u00e9e, les entreprises qui r\u00e8glent le montant du pr\u00eat avant la date limite ont droit \u00e0 une remise de $20 000.<\/span><\/p>\n<h2><span style=\"font-weight: 400;\">Remboursements tardifs<\/span><\/h2>\n<p><span style=\"font-weight: 400;\">Tout pr\u00eat est associ\u00e9 \u00e0 un d\u00e9lai de remboursement pr\u00e9cis, et le non-respect de ce d\u00e9lai peut avoir plusieurs cons\u00e9quences :<\/span><\/p>\n<h3><span style=\"font-weight: 400;\">Frais d&#039;int\u00e9r\u00eat<\/span><\/h3>\n<p><span style=\"font-weight: 400;\">Bien que le pr\u00eat lui-m\u00eame ne porte aucun int\u00e9r\u00eat, en cas de non-respect des d\u00e9lais, les entreprises sont tenues de payer des int\u00e9r\u00eats de 5% par an.<\/span><\/p>\n<h3><span style=\"font-weight: 400;\">Impact sur la cote de cr\u00e9dit<\/span><\/h3>\n<p><span style=\"font-weight: 400;\">\u00a0Les paiements en retard ou manqu\u00e9s peuvent affecter consid\u00e9rablement votre cote de cr\u00e9dit globale, entra\u00eenant potentiellement un impact n\u00e9gatif sur votre solvabilit\u00e9. Le non-respect des d\u00e9lais peut entra\u00eener une cote de cr\u00e9dit inf\u00e9rieure.<\/span><\/p>\n<h3><span style=\"font-weight: 400;\">1. Perte de subvention de pardon<\/span><\/h3>\n<p><span style=\"font-weight: 400;\">Les entreprises ou les organisations \u00e0 but non lucratif qui ne respectent pas la date limite de remboursement perdent leur \u00e9ligibilit\u00e9 jusqu&#039;\u00e0 <a href=\"http:\/\/ceba.ca\/fr\/information\/ceba-forgiveness\/\">$20 000 en remise de pr\u00eat<\/a>.<\/span><\/p>\n<h2><span style=\"font-weight: 400;\">Impact du CUEC sur l&#039;\u00e9conomie locale de Sudbury<\/span><\/h2>\n<p><span style=\"font-weight: 400;\">\u00a0<\/span><span style=\"font-weight: 400;\">Le programme de pr\u00eat du CUEC a eu un impact perceptible sur l&#039;\u00e9conomie locale de Sudbury, apportant \u00e0 la fois une aide imm\u00e9diate et favorisant la r\u00e9silience \u00e0 long terme. Les subventions ont inject\u00e9 des liquidit\u00e9s vitales dans les entreprises confront\u00e9es \u00e0 la diminution des flux de revenus et aux obstacles op\u00e9rationnels d\u00e9clench\u00e9s par la pand\u00e9mie. En couvrant des d\u00e9penses essentielles telles que la masse salariale et le loyer, les pr\u00eats du CUEC ont jou\u00e9 un r\u00f4le central en \u00e9vitant les licenciements de personnel et les fermetures d&#039;entreprises, pr\u00e9servant ainsi les opportunit\u00e9s d&#039;emploi locales et maintenant la vitalit\u00e9 \u00e9conomique de la ville.<\/span><\/p>\n<p><span style=\"font-weight: 400;\">\u00a0<\/span><span style=\"font-weight: 400;\">Au-del\u00e0 de l&#039;aide \u00e0 court terme, le programme de pr\u00eats CUEC s&#039;est av\u00e9r\u00e9 indispensable pour maintenir la continuit\u00e9 des activit\u00e9s. En acc\u00e9dant \u00e0 ces fonds, les entreprises ont pu adapter leurs op\u00e9rations \u00e0 un paysage en \u00e9volution, en investissant dans la technologie, les capacit\u00e9s de travail \u00e0 distance et les approches innovantes pour r\u00e9pondre aux besoins des clients dans la \u00ab nouvelle normalit\u00e9 \u00bb. Cette adaptabilit\u00e9 a permis aux entreprises de Sudbury de pivoter et de prosp\u00e9rer dans un environnement incertain.<\/span><\/p>\n<p><span style=\"font-weight: 400;\">De plus, les effets d\u2019entra\u00eenement du programme de pr\u00eats CUEC se sont r\u00e9percut\u00e9s sur l\u2019\u00e9conomie locale. Alors que les entreprises de Sudbury conservaient leur effectif et poursuivaient leurs activit\u00e9s, la confiance des consommateurs est rest\u00e9e stable. Par cons\u00e9quent, cela a soutenu les d\u00e9penses et la consommation locales, \u00e9vitant ainsi un grave ralentissement \u00e9conomique. La r\u00e9silience des petites et moyennes entreprises (PME) est la pierre angulaire de la croissance \u00e9conomique dans des villes comme Sudbury, et le programme de pr\u00eats du CUEC a permis de renforcer consid\u00e9rablement ce secteur fondamental.<\/span><\/p>\n<h2><span style=\"font-weight: 400;\">Conclusion<\/span><\/h2>\n<p><span style=\"font-weight: 400;\">Le programme de pr\u00eats du CUEC \u00e0 Sudbury constitue sans \u00e9quivoque une bou\u00e9e de sauvetage pour les entreprises, assurant la stabilit\u00e9 financi\u00e8re, prot\u00e9geant les possibilit\u00e9s d&#039;emploi et cultivant l&#039;adaptabilit\u00e9 face \u00e0 des adversit\u00e9s sans pr\u00e9c\u00e9dent. Alors que la ville progresse sur son chemin vers la reprise, l\u2019influence durable du programme de pr\u00eats du CUEC devrait transcender les cons\u00e9quences imm\u00e9diates de la pand\u00e9mie. La r\u00e9silience dont font preuve les entreprises de Sudbury, renforc\u00e9e par le soutien de l&#039;initiative CUEC, souligne l&#039;importance d&#039;interventions gouvernementales opportunes et cibl\u00e9es avec pr\u00e9cision pour favoriser la croissance \u00e9conomique et la prosp\u00e9rit\u00e9 au sein des communaut\u00e9s locales.<\/span><\/p>","protected":false},"excerpt":{"rendered":"<p>In the backdrop of economic uncertainty, the Canadian government introduced the Canada Emergency Business Account (CEBA), a lifeline for businesses grappling with the economic fallout of the COVID-19 pandemic. One city that has significantly reaped the benefits of this initiative is Sudbury. The CEBA loan program has not only furnished vital financial aid but has [&hellip;]<\/p>\n","protected":false},"author":2,"featured_media":4923,"parent":0,"menu_order":0,"comment_status":"closed","ping_status":"closed","template":"","meta":{"footnotes":""},"class_list":["post-3664","page","type-page","status-publish","has-post-thumbnail","hentry"],"_links":{"self":[{"href":"https:\/\/ceba.ca\/fr\/wp-json\/wp\/v2\/pages\/3664","targetHints":{"allow":["GET"]}}],"collection":[{"href":"https:\/\/ceba.ca\/fr\/wp-json\/wp\/v2\/pages"}],"about":[{"href":"https:\/\/ceba.ca\/fr\/wp-json\/wp\/v2\/types\/page"}],"author":[{"embeddable":true,"href":"https:\/\/ceba.ca\/fr\/wp-json\/wp\/v2\/users\/2"}],"replies":[{"embeddable":true,"href":"https:\/\/ceba.ca\/fr\/wp-json\/wp\/v2\/comments?post=3664"}],"version-history":[{"count":3,"href":"https:\/\/ceba.ca\/fr\/wp-json\/wp\/v2\/pages\/3664\/revisions"}],"predecessor-version":[{"id":5179,"href":"https:\/\/ceba.ca\/fr\/wp-json\/wp\/v2\/pages\/3664\/revisions\/5179"}],"wp:featuredmedia":[{"embeddable":true,"href":"https:\/\/ceba.ca\/fr\/wp-json\/wp\/v2\/media\/4923"}],"wp:attachment":[{"href":"https:\/\/ceba.ca\/fr\/wp-json\/wp\/v2\/media?parent=3664"}],"curies":[{"name":"wp","href":"https:\/\/api.w.org\/{rel}","templated":true}]}}