{"id":3661,"date":"2023-09-07T03:55:51","date_gmt":"2023-09-07T07:55:51","guid":{"rendered":"http:\/\/ceba.ca\/?page_id=3661"},"modified":"2023-09-07T03:56:26","modified_gmt":"2023-09-07T07:56:26","slug":"ceba-loan-in-kamloops","status":"publish","type":"page","link":"https:\/\/ceba.ca\/fr\/ceba-loan-in-kamloops\/","title":{"rendered":"Pr\u00eat CUEC \u00e0 Kamloops"},"content":{"rendered":"<p><span style=\"font-weight: 400;\">Dans le paysage par ailleurs riche de <a href=\"https:\/\/en.wikipedia.org\/wiki\/Kamloops\" target=\"_blank\" rel=\"noopener\">Kamloops<\/a>, la pand\u00e9mie de COVID-19 a provoqu\u00e9 des \u00e9preuves sans pr\u00e9c\u00e9dent pour les petites entreprises et les organisations \u00e0 but non lucratif. En r\u00e9ponse \u00e0 cela, le gouvernement canadien a lanc\u00e9 le programme de pr\u00eat du Compte d\u2019urgence pour les entreprises canadiennes (CUEC). Cette initiative offrait une aide financi\u00e8re vitale aux entreprises \u00e9ligibles sous la forme de pr\u00eats sans int\u00e9r\u00eat, avec un plafond maximum de $60 000.<\/span><\/p>\n<p><span style=\"font-weight: 400;\">Dans cet article, nous examinerons l\u2019impact du pr\u00eat CUEC sur la communaut\u00e9 des affaires de Kamloops. Nous clarifierons \u00e9galement les crit\u00e8res d\u2019\u00e9ligibilit\u00e9 et explorerons les mesures prises pour assurer la r\u00e9partition \u00e9quitable de cette aide indispensable.<\/span><\/p>\n<p><span style=\"font-weight: 400;\">Pour de nombreuses entreprises de Kamloops, <a href=\"http:\/\/ceba.ca\/fr\/\">le programme de pr\u00eat CUEC<\/a> est apparue comme une bou\u00e9e de sauvetage, leur permettant de naviguer avec dext\u00e9rit\u00e9 dans les eaux turbulentes de la pand\u00e9mie. En donnant acc\u00e8s \u00e0 des pr\u00eats allant jusqu&#039;\u00e0 $60 000, ce programme a permis aux entreprises de faire face \u00e0 des d\u00e9penses cruciales, de retenir leur main d&#039;\u0153uvre et de faire face efficacement aux d\u00e9fis \u00e9conomiques d\u00e9coulant de la crise.<\/span><\/p>\n<h2><span style=\"font-weight: 400;\">Pr\u00eat CUEC \u00e0 Kamloops<\/span><\/h2>\n<p><span style=\"font-weight: 400;\">Les entreprises bas\u00e9es \u00e0 Kamloops qui souhaitent acc\u00e9der au programme de pr\u00eat CUEC doivent respecter les conditions d&#039;\u00e9ligibilit\u00e9 sp\u00e9cifiques d\u00e9crites par le <a href=\"https:\/\/ceba-cuec.ca\/\" target=\"_blank\" rel=\"noopener\">Gouvernement du Canada<\/a>. Ces conditions pr\u00e9alables essentielles comprennent le maintien d&#039;un compte courant ou op\u00e9rationnel d&#039;entreprise actif et la d\u00e9monstration de d\u00e9penses \u00e9ligibles non reportables comprises entre $20 000 et $1,5 million pour l&#039;ann\u00e9e 2020.<\/span><\/p>\n<p><span style=\"font-weight: 400;\">Une r\u00e9vision importante est entr\u00e9e en vigueur le 26 octobre 2020, lorsque l&#039;exigence pr\u00e9c\u00e9dente d&#039;avoir un compte d&#039;entreprise actif \u00e0 compter du 1er mars 2020 a \u00e9t\u00e9 \u00e9limin\u00e9e. Ce changement a consid\u00e9rablement \u00e9largi les crit\u00e8res d&#039;admissibilit\u00e9 des entreprises de Kamloops. D\u00e9sormais, m\u00eame ceux qui avaient ouvert leur compte dans une institution financi\u00e8re principale apr\u00e8s le 1er mars 2020 pouvaient postuler au programme CUEC.<\/span><\/p>\n<p><span style=\"font-weight: 400;\">Pour les emprunteurs admissibles au CUEC de Kamloops qui sont rest\u00e9s en r\u00e8gle, une opportunit\u00e9 all\u00e9chante de remise de pr\u00eat s&#039;est pr\u00e9sent\u00e9e. En remboursant int\u00e9gralement le solde du pr\u00eat avant le 31 d\u00e9cembre 2023, ils pourraient b\u00e9n\u00e9ficier d\u2019une remise allant jusqu\u2019\u00e0 33 %, ce qui \u00e9quivaut \u00e0 un maximum de $20 000. Cette incitation a jou\u00e9 un r\u00f4le crucial en encourageant les entreprises \u00e0 rembourser rapidement leurs pr\u00eats, all\u00e9geant ainsi d\u2019importantes charges financi\u00e8res.<\/span><\/p>\n<p><span style=\"font-weight: 400;\">Pour ajouter \u00e0 son attrait, le programme CEBA a connu une expansion substantielle le 4 d\u00e9cembre 2020. Les emprunteurs approuv\u00e9s sont devenus \u00e9ligibles \u00e0 un pr\u00eat de $60 000, une augmentation substantielle par rapport au pr\u00eat initial de $40 000 CEBA. Cette expansion a \u00e9galement permis aux entreprises qui avaient d\u00e9j\u00e0 re\u00e7u le pr\u00eat initial de demander le <a href=\"http:\/\/ceba.ca\/fr\/information\/is-ceba-extended\/\">Expansion du CUEC<\/a>, leur accordant une aide financi\u00e8re suppl\u00e9mentaire de $20.000.<\/span><\/p>\n<p><span style=\"font-weight: 400;\">L\u2019expansion du programme CUEC a constitu\u00e9 un syst\u00e8me de soutien essentiel, offrant une aide financi\u00e8re suppl\u00e9mentaire aux entreprises aux prises avec les effets prolong\u00e9s de la pand\u00e9mie.<\/span><\/p>\n<p><span style=\"font-weight: 400;\">Il est essentiel de souligner que la fen\u00eatre de candidature au programme CUEC s&#039;est officiellement ferm\u00e9e le 30 juin 2021 et que la p\u00e9riode de financement est termin\u00e9e. Par cons\u00e9quent, aucune nouvelle demande ne peut \u00eatre accept\u00e9e et le programme CUEC ne fournira pas d&#039;aide financi\u00e8re suppl\u00e9mentaire.<\/span><\/p>\n<p><span style=\"font-weight: 400;\">Toutes les proc\u00e9dures de validation pour r\u00e9pondre aux crit\u00e8res d\u2019\u00e9ligibilit\u00e9 ont \u00e9t\u00e9 minutieusement men\u00e9es et les r\u00e9sultats sont d\u00e9sormais d\u00e9finitifs. Le d\u00e9lai pour tout r\u00e9examen ou r\u00e9solution suppl\u00e9mentaire est \u00e9coul\u00e9, et le <a href=\"http:\/\/ceba.ca\/fr\/information\/what-happens-to-ceba-loan-if-business-closes\/\">Le programme CEBA n&#039;est plus ouvert<\/a> \u00e0 de nouvelles applications.<\/span><\/p>\n<h2><span style=\"font-weight: 400;\">Acc\u00e8s \u00e9tendu \u00e0 l\u2019\u00e9chelle nationale\u00a0<\/span><\/h2>\n<p><span style=\"font-weight: 400;\">Le CEBA a \u00e9t\u00e9 con\u00e7u pour une accessibilit\u00e9 \u00e9tendue, avec un r\u00e9seau de plus de 220 institutions financi\u00e8res r\u00e9parties \u00e0 travers le Canada. Cette couverture \u00e9tendue a permis aux entreprises, non seulement \u00e0 Kamloops mais dans tout le pays, de disposer de plusieurs canaux par lesquels postuler au programme. Cette approche a consid\u00e9rablement rationalis\u00e9 <a href=\"http:\/\/ceba.ca\/fr\/tools\/navigating-the-ceba-loan-application-process\/\">le processus de candidature<\/a>, ce qui permet aux entreprises d&#039;acc\u00e9der plus facilement \u00e0 un soutien financier crucial.<\/span><\/p>\n<h2><span style=\"font-weight: 400;\">Conditions de remboursement et remise du pr\u00eat<\/span><\/h2>\n<p><span style=\"font-weight: 400;\">Pour tous les candidats au CUEC r\u00e9pondant aux crit\u00e8res d&#039;\u00e9ligibilit\u00e9 du programme, les conditions de remboursement suivantes s&#039;appliquent \u00e0 la fois aux pr\u00eats $40 000 et $60 000, ainsi qu&#039;\u00e0 l&#039;extension $20 000 :<\/span><\/p>\n<h3><span style=\"font-weight: 400;\">Int\u00e9r\u00eat<\/span><\/h3>\n<ul>\n<li><span style=\"font-weight: 400;\">Aucun int\u00e9r\u00eat ne courra jusqu&#039;au 31 d\u00e9cembre 2023, ce qui donnera lieu \u00e0 un taux d&#039;int\u00e9r\u00eat annuel de 0% pendant cette p\u00e9riode.<\/span><\/li>\n<li><span style=\"font-weight: 400;\">\u00c0 compter du 1er janvier 2024, un taux d\u2019int\u00e9r\u00eat annuel de 5% sera en vigueur.<\/span><\/li>\n<\/ul>\n<h3><span style=\"font-weight: 400;\">Calendrier et date limite de remboursement<\/span><\/h3>\n<p><span style=\"font-weight: 400;\"><a href=\"http:\/\/ceba.ca\/fr\/resources\/can-you-defer-your-ceba-repayment-terms\/\">Remboursement principal<\/a> n\u2019est pas obligatoire jusqu\u2019au 31 d\u00e9cembre 2023.<\/span><\/p>\n<p><span style=\"font-weight: 400;\">Apr\u00e8s le 31 d\u00e9cembre 2023, seuls les paiements d\u2019int\u00e9r\u00eats sont dus jusqu\u2019\u00e0 ce que la totalit\u00e9 du capital soit exigible au plus tard le 31 d\u00e9cembre 2025.<\/span><\/p>\n<h3><span style=\"font-weight: 400;\">Remise de dette<\/span><\/h3>\n<p><span style=\"font-weight: 400;\">Si le capital impay\u00e9, \u00e0 l\u2019exclusion de tout montant potentiel d\u2019annulation de dette, est enti\u00e8rement rembours\u00e9 d\u2019ici le 31 d\u00e9cembre 2023, le solde du capital restant sera annul\u00e9. Cette remise est soumise au respect des termes du contrat de pr\u00eat et \u00e0 l&#039;absence de tout d\u00e9faut.<\/span><\/p>\n<p><span style=\"font-weight: 400;\">Ces conditions de remboursement flexibles et la possibilit\u00e9 d&#039;annulation de la dette ont \u00e9t\u00e9 d\u00e9lib\u00e9r\u00e9ment structur\u00e9es pour offrir un soutien vital et un all\u00e9gement financier aux entreprises de Kamloops. Ils permettent \u00e0 ces entreprises de g\u00e9rer efficacement leurs responsabilit\u00e9s en mati\u00e8re de pr\u00eats face \u00e0 des conditions \u00e9conomiques difficiles.<\/span><\/p>\n<p><span style=\"font-weight: 400;\">En offrant des p\u00e9riodes sans int\u00e9r\u00eat et en renon\u00e7ant \u00e0 une partie du capital pour les remboursements en temps opportun, le programme CUEC vise \u00e0 promouvoir la r\u00e9silience et la stabilit\u00e9 \u00e9conomiques au sein de la communaut\u00e9 des affaires locale de Kamloops.<\/span><\/p>\n<h3><span style=\"font-weight: 400;\">Impact sur la r\u00e9silience \u00e9conomique de Kamloops<\/span><\/h3>\n<p><span style=\"font-weight: 400;\">Malgr\u00e9 des circonstances difficiles, le programme CUEC a jou\u00e9 un r\u00f4le crucial en renfor\u00e7ant la r\u00e9silience \u00e9conomique de Kamloops. En accordant un soutien aux entreprises locales au moyen de pr\u00eats, le CUEC a efficacement att\u00e9nu\u00e9 les effets n\u00e9gatifs de la pand\u00e9mie sur les op\u00e9rations commerciales, la r\u00e9tention du personnel et la stabilit\u00e9 globale de l&#039;\u00e9conomie locale.<\/span><\/p>\n<h2><span style=\"font-weight: 400;\">Pr\u00eat CUEC \u00e0 Kamloops\u00a0: <\/span><span style=\"font-weight: 400;\">Extension de <\/span><span style=\"font-weight: 400;\">Date limite de remboursement<\/span><\/h2>\n<p><span style=\"font-weight: 400;\">Alors que le chemin vers la reprise \u00e9conomique apr\u00e8s l&#039;impact persistant de la pand\u00e9mie de COVID-19 se poursuit, un nombre important de petites entreprises de Kamloops, ainsi que de nombreuses autres partout au Canada, demandent de toute urgence une prolongation de la date limite de remboursement de leur Compte d&#039;urgence pour les entreprises canadiennes. (CUEC). Tout en exprimant leur gratitude pour l&#039;aide du gouvernement pendant la pand\u00e9mie, ces entreprises restent tr\u00e8s vuln\u00e9rables aux d\u00e9fis \u00e9conomiques actuels. Beaucoup d\u2019entre eux se trouvent encore dans une situation financi\u00e8re pr\u00e9caire et d\u00e9pendent fortement de la partie remboursable du pr\u00eat comme bou\u00e9e de sauvetage cruciale.<\/span><\/p>\n<p><span style=\"font-weight: 400;\">Selon une analyse r\u00e9cente men\u00e9e par l&#039;Institut de la Chambre de commerce canadienne des PME, les entreprises sont actuellement aux prises avec trois d\u00e9fis urgents\u00a0: la mont\u00e9e en fl\u00e8che des taux d&#039;inflation, l&#039;augmentation des d\u00e9penses en intrants et le fardeau des int\u00e9r\u00eats et des dettes. Les petites entreprises, en particulier, ressentent de mani\u00e8re aigu\u00eb le poids de lourdes responsabilit\u00e9s li\u00e9es \u00e0 la dette.<\/span><\/p>\n<p><span style=\"font-weight: 400;\">L\u2019urgence associ\u00e9e \u00e0 l\u2019\u00e9ch\u00e9ance imminente de remboursement a incit\u00e9 les chambres de commerce de l\u2019Atlantique et du Canada \u00e0 agir. Ils ont collabor\u00e9 pour r\u00e9diger une lettre adress\u00e9e \u00e0 la ministre des Finances Freeland, recueillant le soutien des chambres de tout le pays. N\u00e9anmoins, les entreprises individuelles et les b\u00e9n\u00e9ficiaires de pr\u00eats \u00e0 but non lucratif jouent \u00e9galement un r\u00f4le central en amplifiant leur voix. S&#039;engager aupr\u00e8s des d\u00e9put\u00e9s locaux et plaider en faveur de d\u00e9lais prolong\u00e9s et de mesures d&#039;all\u00e8gement suppl\u00e9mentaires rev\u00eat une importance primordiale.<\/span><\/p>\n<p><span style=\"font-weight: 400;\">Les petites entreprises constituent l&#039;\u00e9pine dorsale de l&#039;\u00e9conomie, et leur accorder des prolongations de d\u00e9lais et des mesures d&#039;all\u00e9gement de la dette contribuera \u00e0 forger un avenir \u00e9conomique plus r\u00e9silient et plus robuste, non seulement pour Kamloops mais pour l&#039;ensemble du Canada.<\/span><\/p>\n<h2><span style=\"font-weight: 400;\">Conclusion<\/span><\/h2>\n<p><span style=\"font-weight: 400;\">En conclusion, alors que Kamloops trace la voie vers le r\u00e9tablissement et la reconstruction dans l&#039;\u00e8re post-pand\u00e9mique, l&#039;impact durable du programme de pr\u00eat CUEC est \u00e9vident dans le paysage commercial de la ville. Le pr\u00e9cieux soutien financier du CUEC a non seulement aid\u00e9 les entreprises \u00e0 traverser cette p\u00e9riode difficile, mais leur a \u00e9galement donn\u00e9 la capacit\u00e9 de s&#039;adapter, d&#039;innover et de prosp\u00e9rer face aux d\u00e9fis sans pr\u00e9c\u00e9dent pos\u00e9s par la pand\u00e9mie.<\/span><\/p>\n<p><span style=\"font-weight: 400;\">M\u00eame si la p\u00e9riode de demande du CUEC est termin\u00e9e, sa profonde influence continue de se faire sentir. Les entreprises de Kamloops font preuve de r\u00e9silience et de d\u00e9termination \u00e0 mesure qu\u2019elles progressent, fa\u00e7onnant activement un avenir \u00e9conomique plus brillant et plus prosp\u00e8re.<\/span><\/p>","protected":false},"excerpt":{"rendered":"<p>In the otherwise rich landscape of Kamloops, the COVID-19 pandemic brought forth unparalleled trials for small enterprises and nonprofit organizations. Responding to this, the Canadian government initiated the Canada Emergency Business Account (CEBA) loan program. This initiative offered vital financial assistance to eligible businesses in the form of interest-free loans, with a maximum cap of [&hellip;]<\/p>\n","protected":false},"author":2,"featured_media":4922,"parent":0,"menu_order":0,"comment_status":"closed","ping_status":"closed","template":"","meta":{"footnotes":""},"class_list":["post-3661","page","type-page","status-publish","has-post-thumbnail","hentry"],"_links":{"self":[{"href":"https:\/\/ceba.ca\/fr\/wp-json\/wp\/v2\/pages\/3661","targetHints":{"allow":["GET"]}}],"collection":[{"href":"https:\/\/ceba.ca\/fr\/wp-json\/wp\/v2\/pages"}],"about":[{"href":"https:\/\/ceba.ca\/fr\/wp-json\/wp\/v2\/types\/page"}],"author":[{"embeddable":true,"href":"https:\/\/ceba.ca\/fr\/wp-json\/wp\/v2\/users\/2"}],"replies":[{"embeddable":true,"href":"https:\/\/ceba.ca\/fr\/wp-json\/wp\/v2\/comments?post=3661"}],"version-history":[{"count":3,"href":"https:\/\/ceba.ca\/fr\/wp-json\/wp\/v2\/pages\/3661\/revisions"}],"predecessor-version":[{"id":5178,"href":"https:\/\/ceba.ca\/fr\/wp-json\/wp\/v2\/pages\/3661\/revisions\/5178"}],"wp:featuredmedia":[{"embeddable":true,"href":"https:\/\/ceba.ca\/fr\/wp-json\/wp\/v2\/media\/4922"}],"wp:attachment":[{"href":"https:\/\/ceba.ca\/fr\/wp-json\/wp\/v2\/media?parent=3661"}],"curies":[{"name":"wp","href":"https:\/\/api.w.org\/{rel}","templated":true}]}}